{"id":20799,"date":"2025-09-02T11:08:34","date_gmt":"2025-09-02T11:08:34","guid":{"rendered":"https:\/\/www.electroluxprofessional.com\/dk\/?page_id=20799"},"modified":"2025-09-03T13:24:48","modified_gmt":"2025-09-03T13:24:48","slug":"garantiservice","status":"publish","type":"page","link":"https:\/\/www.electroluxprofessional.com\/dk\/garantiservice\/","title":{"rendered":"Garantiservice aftale"},"content":{"rendered":"<p>[vc_row full_width=&#8221;electroluxpro-full-width&#8221; css=&#8221;.vc_custom_1696859756436{background-color: #ec570e !important;background-position: center !important;background-repeat: no-repeat !important;background-size: cover !important;}&#8221;][vc_column reveal_effect=&#8221;&#8221; offset=&#8221;vc_hidden-xs&#8221;][elx_hero_slider text_color=&#8221;white&#8221; label_text_color=&#8221;inherit&#8221; images=&#8221;20836&#8243;][elx_heading font_container=&#8221;h5&#8243; text_color=&#8221;white&#8221;]Garantiservice aftale<br \/>\nKUN 995 kr.\/\u00e5r<br \/>\n(en lille tudse)[\/elx_heading][\/elx_hero_slider][\/vc_column][\/vc_row][vc_row full_width=&#8221;electroluxpro-full-width-no-padding&#8221; css=&#8221;.vc_custom_1696859785259{background-color: #ec570e !important;background-position: center !important;background-repeat: no-repeat !important;background-size: cover !important;}&#8221;][vc_column reveal_effect=&#8221;&#8221; offset=&#8221;vc_hidden-lg vc_hidden-md vc_hidden-sm&#8221;][elx_hero_slider text_color=&#8221;orange&#8221; label_text_color=&#8221;inherit&#8221; images=&#8221;20844&#8243; extra_class=&#8221;hero-slider-mobil&#8221;][elx_heading font_container=&#8221;h5&#8243; text_color=&#8221;white&#8221; css=&#8221;.vc_custom_1630316680653{margin-bottom: 32px !important;}&#8221;]Garantiservice aftale<br \/>\nKUN 995 kr.\/\u00e5r<br \/>\n(en lille tudse)[\/elx_heading][\/elx_hero_slider][\/vc_column][\/vc_row][vc_row full_width=&#8221;electroluxpro-full-width&#8221; css=&#8221;.vc_custom_1625221768740{margin-top: 60px !important;}&#8221;][vc_column reveal_effect=&#8221;&#8221;][vc_column_text]<\/p>\n<h6 style=\"text-align: center;\">NY SERVICEAFTALE:<\/h6>\n<p>[\/vc_column_text][vc_row_inner][vc_column_inner][elx_heading font_container=&#8221;h1&#8243; font_size=&#8221;h1&#8243; text_color=&#8221;electrolux-blue&#8221; text_align=&#8221;text-center&#8221;]F\u00e5 d\u00e6kket reparation og reservedele for en lille tudse om \u00e5ret[\/elx_heading][\/vc_column_inner][\/vc_row_inner][\/vc_column][\/vc_row][vc_row css=&#8221;.vc_custom_1705394319758{margin-top: 40px !important;}&#8221;][vc_column reveal_effect=&#8221;&#8221;][vc_row_inner css=&#8221;.vc_custom_1625225615660{border-bottom-width: 1px !important;border-bottom-color: #041e41 !important;border-bottom-style: solid !important;}&#8221;][vc_column_inner width=&#8221;1\/4&#8243;][vc_empty_space][\/vc_column_inner][vc_column_inner width=&#8221;1\/2&#8243; css=&#8221;.vc_custom_1705394274493{padding-top: 20px !important;}&#8221;][elx_image_block background_image=&#8221;18927&#8243; vert_back_position=&#8221;top&#8221; minimum_height=&#8221;350px&#8221;][\/vc_column_inner][vc_column_inner width=&#8221;1\/4&#8243;][vc_empty_space][\/vc_column_inner][\/vc_row_inner][vc_row_inner css=&#8221;.vc_custom_1625225661827{margin-top: 20px !important;}&#8221;][vc_column_inner width=&#8221;1\/12&#8243;][vc_empty_space][\/vc_column_inner][vc_column_inner width=&#8221;5\/6&#8243;][elx_heading font_size=&#8221;h2&#8243; text_color=&#8221;electrolux-blue&#8221; text_align=&#8221;text-center&#8221;]Garantiservice aftale[\/elx_heading][vc_column_text el_class=&#8221;p-16&#8243; css=&#8221;.vc_custom_1630488919775{margin-top: 40px !important;}&#8221;]Nu kan du tegne en Garantiservice aftale p\u00e5 din nye Line 6000 vaskemaskine eller t\u00f8rretumbler. Det koster kun 995 kr. om \u00e5ret. Men da du har fabriksgaranti p\u00e5 maskinen det f\u00f8rste \u00e5r efter k\u00f8bet, skal du f\u00f8rst betale for Garantiservice \u00e5ret efter. Garantiservice svarer faktisk til, at du udvider fabriksgarantien p\u00e5 maskinen, til den er 10 \u00e5r gammel.<\/p>\n<p>Det betyder, at du for en lille tudse om \u00e5ret har frit servicetilkald inden for normal arbejdstid (mandag-fredag). Og din Garantiservice aftale inkluderer b\u00e5de reservedele og arbejdsl\u00f8n til reparation, fejlretning og montering af eventuelle reservedele.[\/vc_column_text][\/vc_column_inner][vc_column_inner width=&#8221;1\/12&#8243;][vc_empty_space][\/vc_column_inner][\/vc_row_inner][vc_row_inner][vc_column_inner][vc_empty_space height=&#8221;20px&#8221;][elx_button button_text=&#8221;F\u00e5 et tilbud p\u00e5 nye maskiner inkl. Garantiservice&#8221; button_display_block=&#8221;display_block_on&#8221; button_alignment=&#8221;align_center&#8221; button_link=&#8221;url:https%3A%2F%2Fwww.electroluxprofessional.com%2Fdk%2Fgarantiservice%2F%23garantiservicekontakt|title:Garantiservice%20aftale||&#8221;][vc_empty_space height=&#8221;50px&#8221;][\/vc_column_inner][\/vc_row_inner][vc_row_inner][vc_column_inner width=&#8221;1\/12&#8243; offset=&#8221;vc_hidden-xs&#8221;][vc_empty_space][\/vc_column_inner][vc_column_inner width=&#8221;6\/12&#8243;][elx_heading font_container=&#8221;h4&#8243; font_size=&#8221;h4&#8243; text_color=&#8221;electrolux-blue&#8221; text_align=&#8221;text-left&#8221; css=&#8221;.vc_custom_1630499607887{margin-top: 10px !important;}&#8221;]Undg\u00e5 uforudsete udgifter til reparationer[\/elx_heading][vc_column_text el_class=&#8221;p-16&#8243;]Med en Garantiservice aftale har du bedre kontrol over vaskeriets udgifter til drift og vedligeholdelse. Hverdagen bliver derfor lettere for b\u00e5de dit personale og vaskeriets brugere. Og du slipper for uforudsete udgifter til reparationer p\u00e5 maskinen.<\/p>\n<p>Du kan ogs\u00e5 v\u00e6lge at opgradere din gamle Line 5000 maskine og f\u00e5 en Garantiservice aftale til en tudse om \u00e5ret p\u00e5 den. Ogs\u00e5 her er f\u00f8rste \u00e5r gratis. <a href=\"https:\/\/www.electroluxprofessional.com\/dk\/certified\/\">L\u00e6s mere om opgradering af Line 5000 maskiner<\/a>[\/vc_column_text][\/vc_column_inner][vc_column_inner width=&#8221;5\/12&#8243;][vc_empty_space height=&#8221;10px&#8221;][vc_single_image image=&#8221;20720&#8243; img_size=&#8221;full&#8221;][\/vc_column_inner][\/vc_row_inner][\/vc_column][\/vc_row][vc_row css=&#8221;.vc_custom_1625229557236{margin-top: 60px !important;padding-top: 32px !important;padding-bottom: 50px !important;background-color: #041e41 !important;}&#8221;][vc_column reveal_effect=&#8221;&#8221;][vc_row_inner][vc_column_inner width=&#8221;1\/12&#8243; offset=&#8221;vc_hidden-xs&#8221;][vc_empty_space][\/vc_column_inner][vc_column_inner width=&#8221;7\/12&#8243;][elx_heading font_size=&#8221;h2&#8243; text_color=&#8221;white&#8221; text_align=&#8221;text-left&#8221;]Hvad inkluderer en Garantiservice aftale?[\/elx_heading][vc_column_text el_class=&#8221;p-16-white&#8221; css=&#8221;.vc_custom_1625229470589{margin-top: 40px !important;}&#8221;]\u25ba Arbejdsl\u00f8n til reparationer, fejlretning og montering af reservedele<\/p>\n<p>\u25ba Forbrug af reservedele ved tilkald<\/p>\n<p>\u25ba K\u00f8rselsomkostninger<\/p>\n<p>\u25ba Frit tilkald inden for normal arbejdstid (mandag-fredag)<\/p>\n<p>\u25ba Servicetilkald udf\u00f8res under normale arbejdsforhold indenfor 12 arbejdstimer[\/vc_column_text][\/vc_column_inner][vc_column_inner width=&#8221;4\/12&#8243;][vc_empty_space][\/vc_column_inner][\/vc_row_inner][\/vc_column][\/vc_row][vc_row][vc_column reveal_effect=&#8221;&#8221; width=&#8221;1\/5&#8243;][vc_empty_space height=&#8221;10px&#8221;][\/vc_column][vc_column width=&#8221;3\/5&#8243;][vc_empty_space][elx_heading font_size=&#8221;h2&#8243; text_color=&#8221;inherit&#8221; text_align=&#8221;text-center&#8221;]Guide til k\u00f8b af maskiner i f\u00e6llesvaskeri[\/elx_heading][vc_column_text el_class=&#8221;p-16&#8243; css=&#8221;.vc_custom_1753788416987{padding-right: 20px !important;}&#8221;]<strong>Se her hvad du skal t\u00e6nke p\u00e5, n\u00e5r maskinerne i vaskeriet skal udskiftes \u2013 uanset om det er en enkel professionel vaskemaskine eller et komplet vaskeri. Du finder ogs\u00e5 en guide med forskellige forslag til finansiering af jeres vaskeri.<\/strong>[\/vc_column_text][elx_button button_text=&#8221;Guide i 10 punkter&#8221; button_display_block=&#8221;display_block_on&#8221; button_alignment=&#8221;align_center&#8221; button_link=&#8221;url:https%3A%2F%2Fwww.electroluxprofessional.com%2Fdk%2Fguide-til-koeb-2025%2F|title:Guide%20til%20k%C3%B8b%20%E2%80%93%2010%20punkter&#8221; css=&#8221;.vc_custom_1753788492120{margin-top: 40px !important;}&#8221;][\/vc_column][vc_column width=&#8221;1\/5&#8243;][\/vc_column][\/vc_row][vc_row css=&#8221;.vc_custom_1630393331261{margin-top: 80px !important;}&#8221; el_id=&#8221;garantiservicekontakt&#8221;][vc_column reveal_effect=&#8221;&#8221; offset=&#8221;vc_hidden-xs&#8221;][vc_empty_space height=&#8221;10px&#8221;][vc_row_inner][vc_column_inner width=&#8221;1\/12&#8243;][vc_empty_space][\/vc_column_inner][vc_column_inner width=&#8221;5\/6&#8243; matched_labels=&#8221;&#8221; css=&#8221;.vc_custom_1756905679648{border-top-width: 1px !important;border-right-width: 1px !important;border-bottom-width: 1px !important;border-left-width: 1px !important;padding-top: 40px !important;padding-right: 0px !important;padding-bottom: 15px !important;padding-left: 0px !important;border-left-color: #dadfe1 !important;border-left-style: solid !important;border-right-color: #dadfe1 !important;border-right-style: solid !important;border-top-color: #dadfe1 !important;border-top-style: solid !important;border-bottom-color: #dadfe1 !important;border-bottom-style: solid !important;}&#8221;][vc_empty_space height=&#8221;22px&#8221;][vc_column_text]<\/p>\n<h2 style=\"text-align: center; letter-spacing: -0.02em;\">H\u00f8r mere om Garantiserviceaftale<br \/>\n\u2013 og f\u00e5 et tilbud p\u00e5 nye maskiner inkl. serviceaftalen til 995 kr.\/\u00e5r.<\/h2>\n<p>[\/vc_column_text][vc_empty_space][elx_o2000_contact_us s=&#8221;Ny Basis Serviceaftale&#8221; campaign=&#8221;7015p00000169xpAAA&#8221; request_type=&#8221;Quotation&#8221; flag_hide_request_type=&#8221;true&#8221; country=&#8221;Denmark&#8221; b=&#8221;laundry&#8221; button_mode=&#8221;true&#8221; button_style=&#8221;default&#8221; postion_button=&#8221;text-center&#8221; postion_button_mobile=&#8221;text-center-mobile&#8221; r=&#8221;Jeg vil gerne h\u00f8re mere om den nye serviceaftale&#8221; l=&#8221;dk&#8221; text_btn_contact=&#8221;Mere om Garantiservice aftale og tilbud&#8221;][vc_empty_space height=&#8221;22px&#8221;][\/vc_column_inner][vc_column_inner width=&#8221;1\/12&#8243;][vc_empty_space][\/vc_column_inner][\/vc_row_inner][\/vc_column][\/vc_row][vc_row][vc_column reveal_effect=&#8221;&#8221; offset=&#8221;vc_hidden-xs&#8221;][vc_empty_space height=&#8221;60px&#8221;][\/vc_column][\/vc_row][vc_row css=&#8221;.vc_custom_1625556888739{margin-top: -20px !important;margin-bottom: 80px !important;}&#8221;][vc_column reveal_effect=&#8221;&#8221; width=&#8221;1\/6&#8243; offset=&#8221;vc_hidden-xs&#8221;][vc_empty_space height=&#8221;20px&#8221;][\/vc_column][vc_column width=&#8221;2\/3&#8243;][vc_column_text el_class=&#8221;p-16&#8243;]Har du sp\u00f8rgsm\u00e5l om den nye Garantiservice aftale eller om vores vaskeril\u00f8sninger? S\u00e5 ring til os p\u00e5 tlf. <strong>6376 2220 \u2013 <\/strong>eller\u00a0<strong><a href=\"https:\/\/www.electroluxprofessional.com\/dk\/garantiservice\/#garantiservicekontakt\">brug formularen<\/a>, <\/strong>og vi kontakter dig snarest muligt.[\/vc_column_text][elx_button button_text=&#8221;Se de andre serviceaftaler, du kan f\u00e5 hos Electrolux Professional&#8221; button_style=&#8221;icon&#8221; button_display_block=&#8221;display_block_on&#8221; button_link=&#8221;url:https%3A%2F%2Fwww.electroluxprofessional.com%2Fdk%2Fserviceaftaler%2F|title:Serviceaftaler|target:%20_blank|&#8221; css=&#8221;.vc_custom_1630479008231{margin-top: 40px !important;}&#8221;][\/vc_column][vc_column width=&#8221;1\/6&#8243;][vc_empty_space height=&#8221;20px&#8221;][\/vc_column][\/vc_row]<\/p>\n","protected":false},"excerpt":{"rendered":"<p>[vc_row full_width=&#8221;electroluxpro-full-width&#8221; css=&#8221;.vc_custom_1696859756436{background-color: #ec570e !important;background-position: center !important;background-repeat: no-repeat !important;background-size: cover !important;}&#8221;][vc_column reveal_effect=&#8221;&#8221; offset=&#8221;vc_hidden-xs&#8221;][elx_hero_slider text_color=&#8221;white&#8221; label_text_color=&#8221;inherit&#8221; images=&#8221;20836&#8243;][elx_heading font_container=&#8221;h5&#8243; text_color=&#8221;white&#8221;]Garantiservice aftale KUN 995 kr.\/\u00e5r (en lille tudse)[\/elx_heading][\/elx_hero_slider][\/vc_column][\/vc_row][vc_row full_width=&#8221;electroluxpro-full-width-no-padding&#8221; css=&#8221;.vc_custom_1696859785259{background-color: #ec570e !important;background-position: center !important;background-repeat: no-repeat !important;background-size: cover !important;}&#8221;][vc_column reveal_effect=&#8221;&#8221; offset=&#8221;vc_hidden-lg vc_hidden-md vc_hidden-sm&#8221;][elx_hero_slider text_color=&#8221;orange&#8221; label_text_color=&#8221;inherit&#8221; images=&#8221;20844&#8243; extra_class=&#8221;hero-slider-mobil&#8221;][elx_heading font_container=&#8221;h5&#8243; text_color=&#8221;white&#8221; css=&#8221;.vc_custom_1630316680653{margin-bottom: 32px !important;}&#8221;]Garantiservice aftale KUN 995 kr.\/\u00e5r (en lille tudse)[\/elx_heading][\/elx_hero_slider][\/vc_column][\/vc_row][vc_row [&hellip;]<\/p>\n","protected":false},"author":64,"featured_media":0,"parent":0,"menu_order":0,"comment_status":"closed","ping_status":"closed","template":"","meta":{"footnotes":""},"class_list":["post-20799","page","type-page","status-publish","hentry"],"acf":[],"yoast_head":"<!-- This site is optimized with the Yoast SEO plugin v23.3 - https:\/\/yoast.com\/wordpress\/plugins\/seo\/ -->\n<title>Garantiservice - ligesom fabriksgaranti til maskinen er 10 \u00e5r<\/title>\n<meta name=\"description\" content=\"F\u00e5 Garantiservice p\u00e5 din nye Line 6000 vaskemaskine eller t\u00f8rretumbler. Det svarer til fabriksgaranti p\u00e5 maskinen, til den er 10 \u00e5r gammel.\" \/>\n<meta name=\"robots\" content=\"index, follow, max-snippet:-1, max-image-preview:large, max-video-preview:-1\" \/>\n<link rel=\"canonical\" href=\"https:\/\/www.electroluxprofessional.com\/dk\/garantiservice\/\" \/>\n<meta property=\"og:locale\" content=\"da_DK\" \/>\n<meta property=\"og:type\" content=\"article\" \/>\n<meta property=\"og:title\" content=\"Garantiservice - ligesom fabriksgaranti til maskinen er 10 \u00e5r\" \/>\n<meta property=\"og:description\" content=\"F\u00e5 Garantiservice p\u00e5 din nye Line 6000 vaskemaskine eller t\u00f8rretumbler. Det svarer til fabriksgaranti p\u00e5 maskinen, til den er 10 \u00e5r gammel.\" \/>\n<meta property=\"og:url\" content=\"https:\/\/www.electroluxprofessional.com\/dk\/garantiservice\/\" \/>\n<meta property=\"og:site_name\" content=\"Electrolux Professional Danmark\" \/>\n<meta property=\"article:modified_time\" content=\"2025-09-03T13:24:48+00:00\" \/>\n<meta name=\"twitter:card\" content=\"summary_large_image\" \/>\n<meta name=\"twitter:label1\" content=\"Estimeret l\u00e6setid\" \/>\n\t<meta name=\"twitter:data1\" content=\"4 minutter\" \/>\n<script type=\"application\/ld+json\" class=\"yoast-schema-graph\">{\"@context\":\"https:\/\/schema.org\",\"@graph\":[{\"@type\":\"WebPage\",\"@id\":\"https:\/\/www.electroluxprofessional.com\/dk\/garantiservice\/\",\"url\":\"https:\/\/www.electroluxprofessional.com\/dk\/garantiservice\/\",\"name\":\"Garantiservice - ligesom fabriksgaranti til maskinen er 10 \u00e5r\",\"isPartOf\":{\"@id\":\"https:\/\/www.electroluxprofessional.com\/dk\/#website\"},\"datePublished\":\"2025-09-02T11:08:34+00:00\",\"dateModified\":\"2025-09-03T13:24:48+00:00\",\"description\":\"F\u00e5 Garantiservice p\u00e5 din nye Line 6000 vaskemaskine eller t\u00f8rretumbler. Det svarer til fabriksgaranti p\u00e5 maskinen, til den er 10 \u00e5r gammel.\",\"breadcrumb\":{\"@id\":\"https:\/\/www.electroluxprofessional.com\/dk\/garantiservice\/#breadcrumb\"},\"inLanguage\":\"da-DK\",\"potentialAction\":[{\"@type\":\"ReadAction\",\"target\":[\"https:\/\/www.electroluxprofessional.com\/dk\/garantiservice\/\"]}]},{\"@type\":\"BreadcrumbList\",\"@id\":\"https:\/\/www.electroluxprofessional.com\/dk\/garantiservice\/#breadcrumb\",\"itemListElement\":[{\"@type\":\"ListItem\",\"position\":1,\"name\":\"Home\",\"item\":\"https:\/\/www.electroluxprofessional.com\/dk\/\"},{\"@type\":\"ListItem\",\"position\":2,\"name\":\"Garantiservice aftale\"}]},{\"@type\":\"WebSite\",\"@id\":\"https:\/\/www.electroluxprofessional.com\/dk\/#website\",\"url\":\"https:\/\/www.electroluxprofessional.com\/dk\/\",\"name\":\"Electrolux Professional Danmark\",\"description\":\"\",\"potentialAction\":[{\"@type\":\"SearchAction\",\"target\":{\"@type\":\"EntryPoint\",\"urlTemplate\":\"https:\/\/www.electroluxprofessional.com\/dk\/?src={search_term_string}\"},\"query-input\":\"required name=search_term_string\"}],\"inLanguage\":\"da-DK\"}]}<\/script>\n<!-- \/ Yoast SEO plugin. -->","yoast_head_json":{"title":"Garantiservice - ligesom fabriksgaranti til maskinen er 10 \u00e5r","description":"F\u00e5 Garantiservice p\u00e5 din nye Line 6000 vaskemaskine eller t\u00f8rretumbler. Det svarer til fabriksgaranti p\u00e5 maskinen, til den er 10 \u00e5r gammel.","robots":{"index":"index","follow":"follow","max-snippet":"max-snippet:-1","max-image-preview":"max-image-preview:large","max-video-preview":"max-video-preview:-1"},"canonical":"https:\/\/www.electroluxprofessional.com\/dk\/garantiservice\/","og_locale":"da_DK","og_type":"article","og_title":"Garantiservice - ligesom fabriksgaranti til maskinen er 10 \u00e5r","og_description":"F\u00e5 Garantiservice p\u00e5 din nye Line 6000 vaskemaskine eller t\u00f8rretumbler. Det svarer til fabriksgaranti p\u00e5 maskinen, til den er 10 \u00e5r gammel.","og_url":"https:\/\/www.electroluxprofessional.com\/dk\/garantiservice\/","og_site_name":"Electrolux Professional Danmark","article_modified_time":"2025-09-03T13:24:48+00:00","twitter_card":"summary_large_image","twitter_misc":{"Estimeret l\u00e6setid":"4 minutter"},"schema":{"@context":"https:\/\/schema.org","@graph":[{"@type":"WebPage","@id":"https:\/\/www.electroluxprofessional.com\/dk\/garantiservice\/","url":"https:\/\/www.electroluxprofessional.com\/dk\/garantiservice\/","name":"Garantiservice - ligesom fabriksgaranti til maskinen er 10 \u00e5r","isPartOf":{"@id":"https:\/\/www.electroluxprofessional.com\/dk\/#website"},"datePublished":"2025-09-02T11:08:34+00:00","dateModified":"2025-09-03T13:24:48+00:00","description":"F\u00e5 Garantiservice p\u00e5 din nye Line 6000 vaskemaskine eller t\u00f8rretumbler. Det svarer til fabriksgaranti p\u00e5 maskinen, til den er 10 \u00e5r gammel.","breadcrumb":{"@id":"https:\/\/www.electroluxprofessional.com\/dk\/garantiservice\/#breadcrumb"},"inLanguage":"da-DK","potentialAction":[{"@type":"ReadAction","target":["https:\/\/www.electroluxprofessional.com\/dk\/garantiservice\/"]}]},{"@type":"BreadcrumbList","@id":"https:\/\/www.electroluxprofessional.com\/dk\/garantiservice\/#breadcrumb","itemListElement":[{"@type":"ListItem","position":1,"name":"Home","item":"https:\/\/www.electroluxprofessional.com\/dk\/"},{"@type":"ListItem","position":2,"name":"Garantiservice aftale"}]},{"@type":"WebSite","@id":"https:\/\/www.electroluxprofessional.com\/dk\/#website","url":"https:\/\/www.electroluxprofessional.com\/dk\/","name":"Electrolux Professional Danmark","description":"","potentialAction":[{"@type":"SearchAction","target":{"@type":"EntryPoint","urlTemplate":"https:\/\/www.electroluxprofessional.com\/dk\/?src={search_term_string}"},"query-input":"required name=search_term_string"}],"inLanguage":"da-DK"}]}},"_links":{"self":[{"href":"https:\/\/www.electroluxprofessional.com\/dk\/wp-json\/wp\/v2\/pages\/20799"}],"collection":[{"href":"https:\/\/www.electroluxprofessional.com\/dk\/wp-json\/wp\/v2\/pages"}],"about":[{"href":"https:\/\/www.electroluxprofessional.com\/dk\/wp-json\/wp\/v2\/types\/page"}],"author":[{"embeddable":true,"href":"https:\/\/www.electroluxprofessional.com\/dk\/wp-json\/wp\/v2\/users\/64"}],"replies":[{"embeddable":true,"href":"https:\/\/www.electroluxprofessional.com\/dk\/wp-json\/wp\/v2\/comments?post=20799"}],"version-history":[{"count":52,"href":"https:\/\/www.electroluxprofessional.com\/dk\/wp-json\/wp\/v2\/pages\/20799\/revisions"}],"predecessor-version":[{"id":30352,"href":"https:\/\/www.electroluxprofessional.com\/dk\/wp-json\/wp\/v2\/pages\/20799\/revisions\/30352"}],"wp:attachment":[{"href":"https:\/\/www.electroluxprofessional.com\/dk\/wp-json\/wp\/v2\/media?parent=20799"}],"curies":[{"name":"wp","href":"https:\/\/api.w.org\/{rel}","templated":true}]}}