{"id":20321,"date":"2025-09-11T08:22:49","date_gmt":"2025-09-11T08:22:49","guid":{"rendered":"https:\/\/www.electroluxprofessional.com\/dk\/?page_id=20321"},"modified":"2025-09-12T09:08:02","modified_gmt":"2025-09-12T09:08:02","slug":"underbordsopvaskemaskine","status":"publish","type":"page","link":"https:\/\/www.electroluxprofessional.com\/dk\/underbordsopvaskemaskine\/","title":{"rendered":"Underbordsopvaskemaskine"},"content":{"rendered":"<p>[vc_row full_width=&#8221;electroluxpro-full-width-no-padding&#8221;][vc_column][elx_image_block background_image=&#8221;8551&#8243; minimum_height=&#8221;250px&#8221;][\/vc_column][\/vc_row][vc_row content_placement=&#8221;top&#8221; css=&#8221;.vc_custom_1623760373881{margin-top: 80px !important;}&#8221;][vc_column reveal_effect=&#8221;&#8221;][vc_row_inner][vc_column_inner width=&#8221;1\/12&#8243; offset=&#8221;vc_hidden-xs&#8221;][vc_empty_space height=&#8221;20px&#8221;][\/vc_column_inner][vc_column_inner width=&#8221;5\/6&#8243; offset=&#8221;vc_hidden-xs&#8221;][elx_heading font_container=&#8221;h1&#8243; font_size=&#8221;h1&#8243; text_color=&#8221;electrolux-blue&#8221; text_align=&#8221;text-left&#8221;]Vask tallerkner, bestik og glas p\u00e5 2 minutter![\/elx_heading][vc_empty_space height=&#8221;20px&#8221;][vc_column_text el_class=&#8221;p-16&#8243;]Med en professionel underbordsopvaskemaskine fra Electrolux Professional har du skinnende rene tallerkner, bestik og glas p\u00e5 kun 2 minutter. Fyld maskinen igen og igen. Den er lavet til at k\u00f8re dagen lang. I \u00e5revis. Og du kan f\u00e5 en model, der passer pr\u00e6cist til behovet i dit k\u00f8kken.<\/p>\n<p>Ring <strong>8740 3500<\/strong> og h\u00f8r om dine muligheder, eller <a href=\"https:\/\/www.electroluxprofessional.com\/dk\/underbordsopvaskemaskine\/#brugformularen\">brug formularen<\/a>. S\u00e5 bliver du kontaktet snarest.[\/vc_column_text][\/vc_column_inner][vc_column_inner width=&#8221;1\/12&#8243;][\/vc_column_inner][\/vc_row_inner][vc_row_inner][vc_column_inner offset=&#8221;vc_hidden-lg vc_hidden-md vc_hidden-sm&#8221;][elx_heading font_size=&#8221;h1&#8243; text_color=&#8221;electrolux-blue&#8221; text_align=&#8221;text-left&#8221;]Vask tallerkner, bestik og glas p\u00e5 2 minutter![\/elx_heading][vc_empty_space height=&#8221;20px&#8221;][vc_column_text el_class=&#8221;p-16&#8243;]Med en professionel underbordsopvaskemaskine fra Electrolux Professional har du skinnende rene tallerkner, bestik og glas p\u00e5 kun 2 minutter. Fyld maskinen igen og igen. Den er lavet til at k\u00f8re dagen lang. I \u00e5revis. Og du kan f\u00e5 en model, der passer pr\u00e6cist til behovet i dit k\u00f8kken.<\/p>\n<p>Ring <strong>8740 3500<\/strong> og h\u00f8r om dine muligheder, eller <a href=\"https:\/\/www.electroluxprofessional.com\/dk\/underbordsopvaskemaskine\/#brugmobilformularen\">brug formularen<\/a>. S\u00e5 bliver du kontaktet snarest.[\/vc_column_text][\/vc_column_inner][\/vc_row_inner][\/vc_column][\/vc_row][vc_row content_placement=&#8221;top&#8221;][vc_column reveal_effect=&#8221;&#8221;][vc_row_inner css=&#8221;.vc_custom_1623851658158{margin-top: 60px !important;border-top-width: 1px !important;padding-top: 40px !important;border-top-color: #dadfe1 !important;border-top-style: solid !important;}&#8221;][vc_column_inner][vc_column_text el_class=&#8221;p-16&#8243;]<\/p>\n<h2 style=\"letter-spacing: -0.01em;\">Dine fordele med en underbords-opvaskemaskine fra Electrolux Professional:<\/h2>\n<p>[\/vc_column_text][\/vc_column_inner][\/vc_row_inner][vc_row_inner css=&#8221;.vc_custom_1685012464505{margin-top: 50px !important;}&#8221;][vc_column_inner width=&#8221;7\/12&#8243; offset=&#8221;vc_hidden-xs&#8221;][vc_column_text el_class=&#8221;p-16-line&#8221;]<\/p>\n<h6>Fantastisk vaskeresultat:<\/h6>\n<p>Ingen s\u00e6berester. Ingen pletter. Konstant vandtemperatur p\u00e5 84\u00b0C.<\/p>\n<h6>Lynhurtig:<\/h6>\n<p>Kan vaske mindst 30 kurve i timen.<\/p>\n<h6>Tophygiejnisk:<\/h6>\n<p>Selvrensende system med varmt vand fjerner bakterier.<\/p>\n<h6>Lavt forbrug af vand og s\u00e6be:<\/h6>\n<p>F\u00e5s med automatisk s\u00e6bedosering.<\/p>\n<h6>Lavt str\u00f8mforbrug:<\/h6>\n<p>pga. h\u00f8jeffektive varmelegemer og dobbeltisolerede v\u00e6gge.[\/vc_column_text][elx_button button_text=&#8221;Milj\u00f8venlig og \u00f8konomisk \u2013 se sammenligning af forbrug&#8221; button_style=&#8221;icon&#8221; button_display_block=&#8221;display_block_on&#8221; button_link=&#8221;url:https%3A%2F%2Fwww.electroluxprofessional.com%2Fdk%2Funderbordsopvaskemaskine%2F%23graf|title:sammenlign%20forbrug||&#8221; css=&#8221;.vc_custom_1624443490200{margin-top: 80px !important;}&#8221;][\/vc_column_inner][vc_column_inner width=&#8221;5\/12&#8243; offset=&#8221;vc_hidden-xs&#8221;][vc_single_image image=&#8221;25942&#8243; img_size=&#8221;full&#8221;][\/vc_column_inner][\/vc_row_inner][vc_row_inner css=&#8221;.vc_custom_1623852109132{margin-top: 30px !important;}&#8221;][vc_column_inner offset=&#8221;vc_hidden-lg vc_hidden-md vc_hidden-sm&#8221;][vc_single_image image=&#8221;25942&#8243; img_size=&#8221;full&#8221;][vc_empty_space height=&#8221;40px&#8221;][vc_column_text el_class=&#8221;p-16&#8243;]<\/p>\n<h6>Fantastisk vaskeresultat:<\/h6>\n<p>Ingen s\u00e6berester. Ingen pletter. Konstant vandtemperatur p\u00e5 84\u00b0C.<\/p>\n<h6>Lynhurtig:<\/h6>\n<p>Kan vaske mindst 30 kurve i timen.<\/p>\n<h6>Tophygiejnisk:<\/h6>\n<p>Selvrensende system med varmt vand fjerner bakterier.<\/p>\n<h6>Lavt forbrug af vand og s\u00e6be:<\/h6>\n<p>F\u00e5s med automatisk s\u00e6bedosering.<\/p>\n<h6>Lavt str\u00f8mforbrug:<\/h6>\n<p>pga. h\u00f8jeffektive varmelegemer og dobbeltisolerede v\u00e6gge.[\/vc_column_text][elx_button button_text=&#8221;Milj\u00f8venlig og \u00f8konomisk \u2013 se sammenligning af forbrug&#8221; button_style=&#8221;icon&#8221; button_display_block=&#8221;display_block_on&#8221; button_link=&#8221;url:https%3A%2F%2Fwww.electroluxprofessional.com%2Fdk%2Funderbordsopvaskemaskine%2F%23graf|title:Se%20sammenligning%20af%20forbrug||&#8221; css=&#8221;.vc_custom_1624443520508{margin-top: 80px !important;}&#8221;][\/vc_column_inner][\/vc_row_inner][\/vc_column][\/vc_row][vc_row full_width=&#8221;electroluxpro-container-no-padding&#8221; el_id=&#8221;brugformularen&#8221; css=&#8221;.vc_custom_1623852719909{margin-top: 40px !important;}&#8221;][vc_column][vc_row_inner full_width=&#8221;electroluxpro-container-no-padding&#8221; css=&#8221;.vc_custom_1623849910807{border-top-width: 1px !important;padding-top: 40px !important;border-top-color: #dadfe1 !important;border-top-style: solid !important;}&#8221;][vc_column_inner][elx_heading font_size=&#8221;h1&#8243; text_color=&#8221;electrolux-blue&#8221; text_align=&#8221;text-center&#8221;]Andre typer af professionelle opvaskemaskiner[\/elx_heading][\/vc_column_inner][\/vc_row_inner][\/vc_column][\/vc_row][vc_row css=&#8221;.vc_custom_1623849604557{margin-top: 32px !important;}&#8221;][vc_column width=&#8221;1\/3&#8243;][vc_single_image image=&#8221;8733&#8243; img_size=&#8221;full&#8221; onclick=&#8221;img_link_large&#8221;][vc_column_text el_class=&#8221;p-16&#8243; css=&#8221;.vc_custom_1685003191649{padding-top: 10px !important;}&#8221;]<\/p>\n<h4>H\u00e6tte-opvaskemaskiner<\/h4>\n<p>\u2013 effektiv og ergonomisk l\u00f8sning (40-100 kurve pr. dag). Spar penge p\u00e5 str\u00f8m, vand og s\u00e6be. Effektiv skylning med en konstant temperatur p\u00e5 over 84\u00b0C sikrer, at alt s\u00e6be fjernes. <a href=\"https:\/\/www.electroluxprofessional.com\/dk\/haetteopvaskemaskine\/\">Se h\u00e6tte-maskiner<\/a>[\/vc_column_text][vc_row_inner][vc_column_inner offset=&#8221;vc_hidden-lg vc_hidden-md vc_hidden-sm&#8221;][vc_empty_space][\/vc_column_inner][\/vc_row_inner][\/vc_column][vc_column width=&#8221;1\/3&#8243;][vc_single_image image=&#8221;8837&#8243; img_size=&#8221;full&#8221; onclick=&#8221;img_link_large&#8221;][vc_column_text el_class=&#8221;p-16&#8243; css=&#8221;.vc_custom_1685003132464{padding-top: 10px !important;}&#8221;]<\/p>\n<h4>Grov-opvaskemaskiner<\/h4>\n<p>\u2013 til gryder, bradepander, fade, store sk\u00e5le m.m. Slip for at vaske de store tunge ting op i h\u00e5nden.<br \/>\n<a href=\"https:\/\/www.electroluxprofessional.com\/dk\/grovopvaskemaskine\/\">Se grov-opvaskere<\/a>[\/vc_column_text][vc_row_inner][vc_column_inner offset=&#8221;vc_hidden-lg vc_hidden-md vc_hidden-sm&#8221;][vc_empty_space][\/vc_column_inner][\/vc_row_inner][\/vc_column][vc_column width=&#8221;1\/3&#8243;][elx_image_block background_image=&#8221;20370&#8243; minimum_height=&#8221;205px&#8221;][vc_column_text el_class=&#8221;p-16&#8243; css=&#8221;.vc_custom_1685003148548{padding-top: 10px !important;}&#8221;]<\/p>\n<h4>Glas-opvaskemaskiner<\/h4>\n<p>\u2013 vasker glas rene p\u00e5 f\u00e5 minutter. Hurtig servering i skinnende rene glas og kopper. Ideel til caf\u00e9er og barer.<br \/>\n<a href=\"https:\/\/www.electroluxprofessional.com\/dk\/glasopvasker\/\">Se glasopvaskere<\/a>[\/vc_column_text][\/vc_column][\/vc_row][vc_row css=&#8221;.vc_custom_1685019407886{margin-top: 60px !important;}&#8221; el_id=&#8221;brugmobilformularen&#8221;][vc_column width=&#8221;1\/3&#8243;][elx_image_block background_image=&#8221;17503&#8243; minimum_height=&#8221;300px&#8221;][vc_column_text el_class=&#8221;p-16&#8243; css=&#8221;.vc_custom_1685003140586{padding-top: 10px !important;}&#8221;]<\/p>\n<h4>Tunnel-opvaskemaskiner<\/h4>\n<p>\u2013 til det store behov (mere end 100 kurve pr. dag). \u00c9t glas vand! Det er alt, hvad der kr\u00e6ves for at vaske en hel kurv med beskidt service i den nye green&amp;clean tunnelopvaskemaskine.<br \/>\n<a href=\"https:\/\/www.electroluxprofessional.com\/dk\/tunnelopvaskemaskine\/\">Se tunnelopvaskere<\/a>[\/vc_column_text][vc_row_inner][vc_column_inner offset=&#8221;vc_hidden-lg vc_hidden-md vc_hidden-sm&#8221;][vc_empty_space][\/vc_column_inner][\/vc_row_inner][\/vc_column][vc_column width=&#8221;2\/3&#8243;][vc_row_inner][vc_column_inner offset=&#8221;vc_hidden-lg vc_hidden-md vc_hidden-sm&#8221;][vc_empty_space][\/vc_column_inner][\/vc_row_inner][vc_column_text el_class=&#8221;p-16&#8243;]<\/p>\n<h4 class=\" inherit inherit inherit\" style=\"text-align: center;\">Send formularen og bliv kontaktet<\/h4>\n<p>[\/vc_column_text][vc_empty_space][elx_o2000_contact_us s=&#8221;Opvaskemaskiner&#8221; country=&#8221;Denmark&#8221; b=&#8221;food&#8221; text_color=&#8221;#14133B&#8221; r=&#8221;Jeg vil gerne vide mere om&#8230;&#8221; l=&#8221;dk&#8221;][\/vc_column][\/vc_row][vc_row][vc_column][vc_row_inner css=&#8221;.vc_custom_1623852442194{margin-top: 60px !important;border-top-width: 1px !important;padding-top: 40px !important;border-top-color: #dadfe1 !important;border-top-style: solid !important;}&#8221; el_id=&#8221;graf&#8221;][vc_column_inner][elx_heading font_size=&#8221;h1&#8243; text_color=&#8221;electrolux-blue&#8221; text_align=&#8221;text-center&#8221;]Milj\u00f8venlig og \u00f8konomisk i brug[\/elx_heading][\/vc_column_inner][\/vc_row_inner][\/vc_column][\/vc_row][vc_row content_placement=&#8221;top&#8221; css=&#8221;.vc_custom_1623852462670{margin-top: 40px !important;}&#8221;][vc_column reveal_effect=&#8221;&#8221; width=&#8221;1\/2&#8243; css=&#8221;.vc_custom_1602746439243{padding-right: 40px !important;}&#8221;][vc_column_text el_class=&#8221;p-16&#8243;]Maskinen fylder det samme under k\u00f8kkenbordet som en husholdningsmaskine, men klarer opvasken p\u00e5 en br\u00f8kdel af tiden. Og s\u00e5 er den en gevinst for b\u00e5de milj\u00f8et og din k\u00f8kken\u00f8konomi. Den bruger nemlig v\u00e6sentligt mindre str\u00f8m og vand end b\u00e5de husholdningsmaskiner og gamle industrimaskiner.<\/p>\n<p>Du kan f\u00e5 en n\u00f8jagtig beregning p\u00e5, hvor meget tid, vand, str\u00f8m og kroner, du sparer med en ny professionel underbords-opvaskemaskine fra Electrolux.[\/vc_column_text][vc_empty_space height=&#8221;40px&#8221;][elx_o2000_contact_us flag_hide_request_type=&#8221;true&#8221; country=&#8221;Denmark&#8221; b=&#8221;food&#8221; thanks=&#8221;Tak for din interesse! Vi kontakter dig snarest.&#8221; button_mode=&#8221;true&#8221; postion_button=&#8221;text-left&#8221; postion_button_mobile=&#8221;text-left-mobile&#8221; text_btn_contact=&#8221;F\u00e5 beregnet dine besparelser&#8221;][\/vc_column][vc_column width=&#8221;1\/2&#8243; offset=&#8221;vc_hidden-xs&#8221;][vc_column_text el_class=&#8221;p-16&#8243; css=&#8221;.vc_custom_1602701428821{padding-bottom: 40px !important;}&#8221;]<strong>Her kan du se, hvor LIDT tid, str\u00f8m og vand en ny underbordsopvaskemaskine fra Electrolux Professional bruger i forhold til andre opvaskemaskiner.<\/strong>[\/vc_column_text][vc_row_inner full_width=&#8221;electroluxpro-container-no-padding&#8221;][vc_column_inner width=&#8221;5\/6&#8243;][vc_single_image image=&#8221;20444&#8243; img_size=&#8221;full&#8221; alignment=&#8221;center&#8221; css=&#8221;.vc_custom_1697613153065{padding-right: 100px !important;}&#8221;][\/vc_column_inner][vc_column_inner width=&#8221;1\/6&#8243;][\/vc_column_inner][\/vc_row_inner][vc_column_text el_class=&#8221;small&#8221; css=&#8221;.vc_custom_1602701602552{padding-top: 15px !important;}&#8221;]<\/p>\n<p style=\"font-size: 13px;\"><em><span style=\"text-decoration: underline;\">Foruds\u00e6tninger:<\/span> Tallene viser forbruget v\/ \u00e9n standard opvask af tallerkner, glas og bestik. Forbrugstal for husholdningsmaskiner og industriopvaskemaskiner er beregnet som gennemsnit af forskellige fabrikater fra 2012.<\/em><\/p>\n<p>[\/vc_column_text][\/vc_column][\/vc_row][vc_row content_placement=&#8221;top&#8221; css=&#8221;.vc_custom_1623852462670{margin-top: 40px !important;}&#8221;][vc_column reveal_effect=&#8221;&#8221; css=&#8221;.vc_custom_1624282147147{padding-right: 40px !important;}&#8221; offset=&#8221;vc_hidden-lg vc_hidden-md vc_hidden-sm&#8221;][vc_column_text el_class=&#8221;p-16&#8243; css=&#8221;.vc_custom_1602701428821{padding-bottom: 40px !important;}&#8221;]<strong>Her kan du se, hvor LIDT tid, str\u00f8m og vand en ny underbordsopvaskemaskine fra Electrolux Professional bruger i forhold til andre opvaskemaskiner.<\/strong>[\/vc_column_text][vc_single_image image=&#8221;20444&#8243; img_size=&#8221;full&#8221; alignment=&#8221;center&#8221;][vc_column_text el_class=&#8221;small&#8221; css=&#8221;.vc_custom_1602701602552{padding-top: 15px !important;}&#8221;]<\/p>\n<p style=\"font-size: 13px;\"><em><span style=\"text-decoration: underline;\">Foruds\u00e6tninger:<\/span> Tallene viser forbruget v\/ \u00e9n standard opvask af tallerkner, glas og bestik. Forbrugstal for husholdningsmaskiner og industriopvaskemaskiner er beregnet som gennemsnit af forskellige fabrikater fra 2012.<\/em><\/p>\n<p>[\/vc_column_text][\/vc_column][\/vc_row][vc_row css=&#8221;.vc_custom_1623852984165{margin-top: 40px !important;}&#8221;][vc_column][vc_empty_space][\/vc_column][\/vc_row]<\/p>\n","protected":false},"excerpt":{"rendered":"<p>[vc_row full_width=&#8221;electroluxpro-full-width-no-padding&#8221;][vc_column][elx_image_block background_image=&#8221;8551&#8243; minimum_height=&#8221;250px&#8221;][\/vc_column][\/vc_row][vc_row content_placement=&#8221;top&#8221; css=&#8221;.vc_custom_1623760373881{margin-top: 80px !important;}&#8221;][vc_column reveal_effect=&#8221;&#8221;][vc_row_inner][vc_column_inner width=&#8221;1\/12&#8243; offset=&#8221;vc_hidden-xs&#8221;][vc_empty_space height=&#8221;20px&#8221;][\/vc_column_inner][vc_column_inner width=&#8221;5\/6&#8243; offset=&#8221;vc_hidden-xs&#8221;][elx_heading font_container=&#8221;h1&#8243; font_size=&#8221;h1&#8243; text_color=&#8221;electrolux-blue&#8221; text_align=&#8221;text-left&#8221;]Vask tallerkner, bestik og glas p\u00e5 2 minutter![\/elx_heading][vc_empty_space height=&#8221;20px&#8221;][vc_column_text el_class=&#8221;p-16&#8243;]Med en professionel underbordsopvaskemaskine fra Electrolux Professional har du skinnende rene tallerkner, bestik og glas p\u00e5 kun 2 minutter. Fyld maskinen igen og igen. Den er lavet til at [&hellip;]<\/p>\n","protected":false},"author":64,"featured_media":0,"parent":0,"menu_order":0,"comment_status":"closed","ping_status":"closed","template":"","meta":{"footnotes":""},"class_list":["post-20321","page","type-page","status-publish","hentry"],"acf":[],"yoast_head":"<!-- This site is optimized with the Yoast SEO plugin v23.3 - https:\/\/yoast.com\/wordpress\/plugins\/seo\/ -->\n<title>Professionel underbordsopvaskemaskine til dit behov<\/title>\n<meta name=\"description\" content=\"Med en professionel underbordsopvaskemaskine kan du vaske store m\u00e6ngder glas, kopper og service hurtigt og effektivt \u2013 og skinnende rent!\" \/>\n<meta name=\"robots\" content=\"index, follow, max-snippet:-1, max-image-preview:large, max-video-preview:-1\" \/>\n<link rel=\"canonical\" href=\"https:\/\/www.electroluxprofessional.com\/dk\/underbordsopvaskemaskine\/\" \/>\n<meta property=\"og:locale\" content=\"da_DK\" \/>\n<meta property=\"og:type\" content=\"article\" \/>\n<meta property=\"og:title\" content=\"Professionel underbordsopvaskemaskine til dit behov\" \/>\n<meta property=\"og:description\" content=\"Med en professionel underbordsopvaskemaskine kan du vaske store m\u00e6ngder glas, kopper og service hurtigt og effektivt \u2013 og skinnende rent!\" \/>\n<meta property=\"og:url\" content=\"https:\/\/www.electroluxprofessional.com\/dk\/underbordsopvaskemaskine\/\" \/>\n<meta property=\"og:site_name\" content=\"Electrolux Professional Danmark\" \/>\n<meta property=\"article:modified_time\" content=\"2025-09-12T09:08:02+00:00\" \/>\n<meta name=\"twitter:card\" content=\"summary_large_image\" \/>\n<meta name=\"twitter:label1\" content=\"Estimeret l\u00e6setid\" \/>\n\t<meta name=\"twitter:data1\" content=\"5 minutter\" \/>\n<script type=\"application\/ld+json\" class=\"yoast-schema-graph\">{\"@context\":\"https:\/\/schema.org\",\"@graph\":[{\"@type\":\"WebPage\",\"@id\":\"https:\/\/www.electroluxprofessional.com\/dk\/underbordsopvaskemaskine\/\",\"url\":\"https:\/\/www.electroluxprofessional.com\/dk\/underbordsopvaskemaskine\/\",\"name\":\"Professionel underbordsopvaskemaskine til dit behov\",\"isPartOf\":{\"@id\":\"https:\/\/www.electroluxprofessional.com\/dk\/#website\"},\"datePublished\":\"2025-09-11T08:22:49+00:00\",\"dateModified\":\"2025-09-12T09:08:02+00:00\",\"description\":\"Med en professionel underbordsopvaskemaskine kan du vaske store m\u00e6ngder glas, kopper og service hurtigt og effektivt \u2013 og skinnende rent!\",\"breadcrumb\":{\"@id\":\"https:\/\/www.electroluxprofessional.com\/dk\/underbordsopvaskemaskine\/#breadcrumb\"},\"inLanguage\":\"da-DK\",\"potentialAction\":[{\"@type\":\"ReadAction\",\"target\":[\"https:\/\/www.electroluxprofessional.com\/dk\/underbordsopvaskemaskine\/\"]}]},{\"@type\":\"BreadcrumbList\",\"@id\":\"https:\/\/www.electroluxprofessional.com\/dk\/underbordsopvaskemaskine\/#breadcrumb\",\"itemListElement\":[{\"@type\":\"ListItem\",\"position\":1,\"name\":\"Home\",\"item\":\"https:\/\/www.electroluxprofessional.com\/dk\/\"},{\"@type\":\"ListItem\",\"position\":2,\"name\":\"Underbordsopvaskemaskine\"}]},{\"@type\":\"WebSite\",\"@id\":\"https:\/\/www.electroluxprofessional.com\/dk\/#website\",\"url\":\"https:\/\/www.electroluxprofessional.com\/dk\/\",\"name\":\"Electrolux Professional Danmark\",\"description\":\"\",\"potentialAction\":[{\"@type\":\"SearchAction\",\"target\":{\"@type\":\"EntryPoint\",\"urlTemplate\":\"https:\/\/www.electroluxprofessional.com\/dk\/?src={search_term_string}\"},\"query-input\":\"required name=search_term_string\"}],\"inLanguage\":\"da-DK\"}]}<\/script>\n<!-- \/ Yoast SEO plugin. -->","yoast_head_json":{"title":"Professionel underbordsopvaskemaskine til dit behov","description":"Med en professionel underbordsopvaskemaskine kan du vaske store m\u00e6ngder glas, kopper og service hurtigt og effektivt \u2013 og skinnende rent!","robots":{"index":"index","follow":"follow","max-snippet":"max-snippet:-1","max-image-preview":"max-image-preview:large","max-video-preview":"max-video-preview:-1"},"canonical":"https:\/\/www.electroluxprofessional.com\/dk\/underbordsopvaskemaskine\/","og_locale":"da_DK","og_type":"article","og_title":"Professionel underbordsopvaskemaskine til dit behov","og_description":"Med en professionel underbordsopvaskemaskine kan du vaske store m\u00e6ngder glas, kopper og service hurtigt og effektivt \u2013 og skinnende rent!","og_url":"https:\/\/www.electroluxprofessional.com\/dk\/underbordsopvaskemaskine\/","og_site_name":"Electrolux Professional Danmark","article_modified_time":"2025-09-12T09:08:02+00:00","twitter_card":"summary_large_image","twitter_misc":{"Estimeret l\u00e6setid":"5 minutter"},"schema":{"@context":"https:\/\/schema.org","@graph":[{"@type":"WebPage","@id":"https:\/\/www.electroluxprofessional.com\/dk\/underbordsopvaskemaskine\/","url":"https:\/\/www.electroluxprofessional.com\/dk\/underbordsopvaskemaskine\/","name":"Professionel underbordsopvaskemaskine til dit behov","isPartOf":{"@id":"https:\/\/www.electroluxprofessional.com\/dk\/#website"},"datePublished":"2025-09-11T08:22:49+00:00","dateModified":"2025-09-12T09:08:02+00:00","description":"Med en professionel underbordsopvaskemaskine kan du vaske store m\u00e6ngder glas, kopper og service hurtigt og effektivt \u2013 og skinnende rent!","breadcrumb":{"@id":"https:\/\/www.electroluxprofessional.com\/dk\/underbordsopvaskemaskine\/#breadcrumb"},"inLanguage":"da-DK","potentialAction":[{"@type":"ReadAction","target":["https:\/\/www.electroluxprofessional.com\/dk\/underbordsopvaskemaskine\/"]}]},{"@type":"BreadcrumbList","@id":"https:\/\/www.electroluxprofessional.com\/dk\/underbordsopvaskemaskine\/#breadcrumb","itemListElement":[{"@type":"ListItem","position":1,"name":"Home","item":"https:\/\/www.electroluxprofessional.com\/dk\/"},{"@type":"ListItem","position":2,"name":"Underbordsopvaskemaskine"}]},{"@type":"WebSite","@id":"https:\/\/www.electroluxprofessional.com\/dk\/#website","url":"https:\/\/www.electroluxprofessional.com\/dk\/","name":"Electrolux Professional Danmark","description":"","potentialAction":[{"@type":"SearchAction","target":{"@type":"EntryPoint","urlTemplate":"https:\/\/www.electroluxprofessional.com\/dk\/?src={search_term_string}"},"query-input":"required name=search_term_string"}],"inLanguage":"da-DK"}]}},"_links":{"self":[{"href":"https:\/\/www.electroluxprofessional.com\/dk\/wp-json\/wp\/v2\/pages\/20321"}],"collection":[{"href":"https:\/\/www.electroluxprofessional.com\/dk\/wp-json\/wp\/v2\/pages"}],"about":[{"href":"https:\/\/www.electroluxprofessional.com\/dk\/wp-json\/wp\/v2\/types\/page"}],"author":[{"embeddable":true,"href":"https:\/\/www.electroluxprofessional.com\/dk\/wp-json\/wp\/v2\/users\/64"}],"replies":[{"embeddable":true,"href":"https:\/\/www.electroluxprofessional.com\/dk\/wp-json\/wp\/v2\/comments?post=20321"}],"version-history":[{"count":70,"href":"https:\/\/www.electroluxprofessional.com\/dk\/wp-json\/wp\/v2\/pages\/20321\/revisions"}],"predecessor-version":[{"id":30483,"href":"https:\/\/www.electroluxprofessional.com\/dk\/wp-json\/wp\/v2\/pages\/20321\/revisions\/30483"}],"wp:attachment":[{"href":"https:\/\/www.electroluxprofessional.com\/dk\/wp-json\/wp\/v2\/media?parent=20321"}],"curies":[{"name":"wp","href":"https:\/\/api.w.org\/{rel}","templated":true}]}}