{"id":20005,"date":"2023-07-06T09:22:46","date_gmt":"2023-07-06T09:22:46","guid":{"rendered":"https:\/\/www.electroluxprofessional.com\/dk\/?page_id=20005"},"modified":"2023-07-07T13:34:30","modified_gmt":"2023-07-07T13:34:30","slug":"agf","status":"publish","type":"page","link":"https:\/\/www.electroluxprofessional.com\/dk\/agf\/","title":{"rendered":"CASE: AGF"},"content":{"rendered":"<p>[vc_row css=&#8221;.vc_custom_1619518301858{padding-top: 40px !important;background-color: #dadfe1 !important;}&#8221;][vc_column][elx_heading font_container=&#8221;h1&#8243; text_color=&#8221;electrolux-blue&#8221; text_align=&#8221;text-left&#8221; css=&#8221;.vc_custom_1620744717141{margin-top: 50px !important;margin-bottom: 50px !important;}&#8221;]Nu vasker AGF fodboldt\u00f8jet i klimavenlige maskiner[\/elx_heading][vc_row_inner][vc_column_inner offset=&#8221;vc_hidden-xs&#8221;][vc_empty_space height=&#8221;50px&#8221;][\/vc_column_inner][\/vc_row_inner][vc_row_inner][vc_column_inner offset=&#8221;vc_hidden-lg vc_hidden-md vc_hidden-sm&#8221;][vc_empty_space height=&#8221;30px&#8221;][\/vc_column_inner][\/vc_row_inner][\/vc_column][\/vc_row][vc_row][vc_column offset=&#8221;vc_hidden-xs&#8221;][vc_empty_space][\/vc_column][\/vc_row][vc_row][vc_column width=&#8221;2\/3&#8243;][vc_row_inner][vc_column_inner css=&#8221;.vc_custom_1528724889787{padding-right: 30px !important;padding-left: 0px !important;}&#8221;][vc_empty_space][vc_column_text css=&#8221;.vc_custom_1620826194459{margin-bottom: 30px !important;}&#8221; el_class=&#8221;p-16&#8243;]<\/p>\n<h4>Electrolux Professional og AGF sikrer en mindre milj\u00f8belastning, n\u00e5r AGF vasker fodboldt\u00f8j.<\/h4>\n<p>[\/vc_column_text][vc_column_text css=&#8221;.vc_custom_1620826183840{margin-bottom: 30px !important;}&#8221; el_class=&#8221;p-16&#8243;]Se videoreportage fra fodboldklubben AGF&#8217;s nye vaskerum:[\/vc_column_text][elx_video_block background_image=&#8221;20027&#8243; video_link=&#8221;https:\/\/www.youtube.com\/watch?v=W2ERNTrSqLg&#8221; minimum_height=&#8221;400px&#8221;][vc_empty_space height=&#8221;40px&#8221;][vc_column_text el_class=&#8221;p-16&#8243;]Der vaskes enorme m\u00e6ngder fodboldt\u00f8j i AGF, hvor tr\u00e6nings- og kampt\u00f8j fra mange ungdomshold og 3F Superligaen skal g\u00f8res klar til tr\u00e6ning og kamp. Derfor har AGF et stort vaskeri p\u00e5 tr\u00e6ningsanl\u00e6gget p\u00e5 Fredensvang. Her er vaskemaskiner og t\u00f8rretumblere n\u00e6sten konstant i gang med at vaske og t\u00f8rre fodboldt\u00f8j. Dette var tidligere en betydelig \u00f8konomisk og milj\u00f8m\u00e6ssig belastning.<\/p>\n<p>Men ikke mere. For nu har AGF f\u00e5et installeret milj\u00f8- og klimavenlige vaskemaskiner og t\u00f8rretumblere, der sparer store m\u00e6ngder vand og str\u00f8m.<\/p>\n<p>&#8211; AGF vil ogs\u00e5 v\u00e6re mere b\u00e6redygtige p\u00e5 vaskeomr\u00e5det. Derfor har klubhuset f\u00e5et klimavenlige vaskemaskiner med et vejesystem, der pr\u00e6cist ved, hvor meget vand, s\u00e6be og str\u00f8m, der skal bruges til en vask. Maskinerne bruger alts\u00e5 ikke mere vand og energi end h\u00f8jst n\u00f8dvendigt, forklarer Thomas Kraul, der er distriktschef i Electrolux Professional.[\/vc_column_text][vc_empty_space height=&#8221;40px&#8221;][elx_button button_text=&#8221;L\u00e6s mere om vaskemaskinerne fra Electrolux Professional&#8221; button_style=&#8221;default&#8221; button_display_block=&#8221;display_block_on&#8221; button_alignment=&#8221;align_center&#8221; button_link=&#8221;url:https%3A%2F%2Fwww.electroluxprofessional.com%2Fdk%2Fprofessionelle-frontbetjente-vaskemaskiner%2F|title:Vaskemaskiner|target:%20_blank|&#8221; css=&#8221;.vc_custom_1632216689279{margin-top: 20px !important;}&#8221;][vc_empty_space height=&#8221;40px&#8221;][vc_column_text el_class=&#8221;p-16&#8243;]<\/p>\n<h6>Varmepumpe t\u00f8rretumblere, som bruger 70 procent mindre energi<\/h6>\n<p>Ogs\u00e5 t\u00f8rretumblerne er langt mere effektive end konventionelle tumblere. De bruger 70 procent mindre energi end almindelige tumblere, fordi de k\u00f8rer med et lukket varmepumpesystem, hvor de genbruger deres egen varme i stedet for at lukke det ud til fuglene. Dermed spares klimaet for mange tons CO2, og AGF sparer penge p\u00e5 forbruget af str\u00f8m.<\/p>\n<p>&#8211; De nye varmepumpetumblere erstattede nogle mere end 10 \u00e5r gamle aftr\u00e6ks- t\u00f8rretumblere, som gav et ret st\u00f8jende arbejdsklima i vaskeriet. Med de nye energibesparende varmepumpetumblere, har vi ikke kun f\u00e5et et nyt og helt anderledes lavt og behageligt lydniveau, men ogs\u00e5 nogle tumblere, som er lige s\u00e5 hurtige til at t\u00f8rre t\u00f8jet, som de gamle energislugende aftr\u00e6kstumblere, siger chefholdleder og vaskeriansvarlig i AGF, S\u00f8ren Teglgaard J\u00f8rgensen[\/vc_column_text][vc_empty_space height=&#8221;60px&#8221;][elx_button button_text=&#8221;Se de klimavenlige varmepumpe tumblere&#8221; button_style=&#8221;default&#8221; button_display_block=&#8221;display_block_on&#8221; button_alignment=&#8221;align_center&#8221; button_link=&#8221;url:https%3A%2F%2Fwww.electroluxprofessional.com%2Fdk%2Fvarmepumpe-toerretumbler|title:Klimavenlige%20varmepumpe%20tumblere|target:_blank&#8221; css=&#8221;.vc_custom_1688736846048{padding-right: 40px !important;padding-left: 40px !important;}&#8221;][\/vc_column_inner][\/vc_row_inner][\/vc_column][vc_column reveal_effect=&#8221;&#8221; width=&#8221;1\/3&#8243; offset=&#8221;vc_hidden-sm vc_hidden-xs&#8221; css=&#8221;.vc_custom_1620829838600{padding-right: 10px !important;padding-left: 10px !important;}&#8221;][vc_empty_space][vc_single_image image=&#8221;20032&#8243; img_size=&#8221;full&#8221;][vc_column_text el_class=&#8221;p-16-white&#8221; css=&#8221;.vc_custom_1621501302285{padding-top: 20px !important;padding-right: 30px !important;padding-bottom: 30px !important;padding-left: 30px !important;background-color: #041e41 !important;}&#8221;]<\/p>\n<h6>AGF &#8211; Aarhus Gymnastikforening af 1880<\/h6>\n<p>&#8211; er en idr\u00e6tsforening i Aarhus, der blev stiftet i 1880. Det startede &#8211; som navnet antyder &#8211; med gymnastik. Senere kom andre idr\u00e6tsgrene til, og i 1902 begyndte man at spille fodbold.<\/p>\n<p>AGF holder til p\u00e5 Fredensvang i Viby, hvor AGF\u2019s 3F Superligatrup har moderne faciliteter, bl.a. et l\u00e6kkert vaskerum med nye klimavenlige maskiner fra Electrolux Professional.[\/vc_column_text][vc_empty_space height=&#8221;70px&#8221;][vc_single_image image=&#8221;20031&#8243; img_size=&#8221;full&#8221;][vc_empty_space height=&#8221;70px&#8221;][vc_single_image image=&#8221;20037&#8243; img_size=&#8221;full&#8221;][vc_column_text el_class=&#8221;p-14&#8243; css=&#8221;.vc_custom_1620830792928{padding-top: 10px !important;padding-right: 30px !important;padding-bottom: 30px !important;padding-left: 30px !important;background-color: #dadfe1 !important;}&#8221;]<\/p>\n<h6><em>Vi vasker rigtig meget t\u00f8j i AGF, s\u00e5 derfor giver det mening for os, at vores vaskemaskiner ikke bruger ret meget str\u00f8m,<\/em><\/h6>\n<p>siger branding- og b\u00e6redygtighedschef i AGF, Anne Jensen.[\/vc_column_text][\/vc_column][\/vc_row][vc_row content_placement=&#8221;top&#8221; css=&#8221;.vc_custom_1621593512909{margin-top: 50px !important;}&#8221;][vc_column width=&#8221;2\/3&#8243;][vc_row_inner][vc_column_inner css=&#8221;.vc_custom_1528725102547{padding-right: 30px !important;padding-left: 0px !important;}&#8221;][vc_column_text el_class=&#8221;p-16&#8243;]<\/p>\n<h6>Nyt og t\u00e6ttere sponsorsamarbejde<\/h6>\n<p>&#8211; Vi vasker rigtig meget t\u00f8j i AGF, s\u00e5 derfor giver det mening for os, at vi har nogle vaskemaskiner, der ikke bruger ret meget str\u00f8m og som bruger minimale vandm\u00e6ngder. Et klimavenligt vaskerum g\u00f8r selvf\u00f8lgelig ikke den store forskel i forhold til milj\u00f8et i sig selv. Men n\u00e5r vi l\u00e6gger det sammen med vores andre indsatser, er det med til at nedbringe vores CO2 -aftryk v\u00e6sentligt, siger branding- og b\u00e6redygtighedschef i AGF, Anne Jensen.<\/p>\n<p>I forbindelse med installeringen af det nye vaskeudstyr har AGF og Electrolux Professional benyttet lejligheden til at opgradere et mange\u00e5rigt samarbejde, hvor Electrolux Professional tidligere var Erhvervspartner i AGF. Nu rykker vi nogle trin op og bliver S\u00f8lvpartner i AGF. H\u00e5bet er, at en endnu st\u00f8rre platform kan skabe mere opm\u00e6rksomhed om Electrolux Professionals klimavenlige produkter og l\u00f8sninger.<\/p>\n<p>&#8211; Vi er mange i Electrolux Professional her i Jylland, der har et stort hjerte for AGF. Og vi har haft et godt samarbejde gennem flere \u00e5r, hvor vi har nydt godt af AGF\u2019s seri\u00f8se sponsorarbejde og gode netv\u00e6rk. Vi gl\u00e6der os til det fremtidige samarbejde, siger Thomas Kraul fra Electrolux Professional.[\/vc_column_text][vc_column_text el_class=&#8221;p-16&#8243; css=&#8221;.vc_custom_1620830878928{margin-top: 40px !important;}&#8221;]<\/p>\n<h6>Boligforening sparer flere hundredetusinde kroner p\u00e5 str\u00f8mforbruget.<br \/>\n<a href=\"https:\/\/www.electroluxprofessional.com\/dk\/vaskeri\/\">Se hvorfor <\/a><\/h6>\n<p>[\/vc_column_text][vc_column_text css_animation=&#8221;fadeInDown&#8221; el_class=&#8221;p-16&#8243; css=&#8221;.vc_custom_1620830951770{margin-top: 40px !important;border-top-width: 1px !important;padding-top: 20px !important;border-top-color: #dadfe1 !important;border-top-style: solid !important;}&#8221;]<\/p>\n<p><center>Har du sp\u00f8rgsm\u00e5l \u2013 eller \u00f8nsker du et tilbud?<br \/>\n<strong><a href=\"https:\/\/www.electroluxprofessional.com\/dk\/kontakt\">Kontakt Electrolux Professional her,<\/a><\/strong> eller ring til os p\u00e5 63 76 22 20.<\/center>[\/vc_column_text][\/vc_column_inner][\/vc_row_inner][\/vc_column][vc_column reveal_effect=&#8221;&#8221; width=&#8221;1\/3&#8243; css=&#8221;.vc_custom_1620829850634{padding-right: 10px !important;padding-left: 10px !important;}&#8221;][vc_row_inner css=&#8221;.vc_custom_1621593571218{margin-top: 50px !important;}&#8221;][vc_column_inner css=&#8221;.vc_custom_1528725602098{margin-right: 0px !important;padding-right: 0px !important;}&#8221;][vc_single_image image=&#8221;20056&#8243; img_size=&#8221;full&#8221; alignment=&#8221;center&#8221;][vc_column_text el_class=&#8221;p-14&#8243; css=&#8221;.vc_custom_1620832798843{margin-top: 10px !important;padding-right: 20px !important;padding-left: 20px !important;}&#8221;]Line 6000 varmepumpe tumbler TD6-20 og vaskemaskine WH6-20[\/vc_column_text][vc_empty_space height=&#8221;40px&#8221;][elx_button button_text=&#8221;L\u00e6s mere om Electrolux Professionals vaskerimaskiner&#8221; button_style=&#8221;icon&#8221; button_display_block=&#8221;display_block_on&#8221; button_link=&#8221;url:https%3A%2F%2Fwww.electroluxprofessional.com%2Fdk%2Fdriftsbesparelser%2Fbilligere-og-groennere%2F|title:Billigere%20og%20gr%C3%B8nnere%20med%20Line%206000||&#8221;][\/vc_column_inner][\/vc_row_inner][\/vc_column][\/vc_row][vc_row][vc_column][vc_empty_space height=&#8221;60px&#8221;][\/vc_column][\/vc_row]<\/p>\n","protected":false},"excerpt":{"rendered":"<p>[vc_row css=&#8221;.vc_custom_1619518301858{padding-top: 40px !important;background-color: #dadfe1 !important;}&#8221;][vc_column][elx_heading font_container=&#8221;h1&#8243; text_color=&#8221;electrolux-blue&#8221; text_align=&#8221;text-left&#8221; css=&#8221;.vc_custom_1620744717141{margin-top: 50px !important;margin-bottom: 50px !important;}&#8221;]Nu vasker AGF fodboldt\u00f8jet i klimavenlige maskiner[\/elx_heading][vc_row_inner][vc_column_inner offset=&#8221;vc_hidden-xs&#8221;][vc_empty_space height=&#8221;50px&#8221;][\/vc_column_inner][\/vc_row_inner][vc_row_inner][vc_column_inner offset=&#8221;vc_hidden-lg vc_hidden-md vc_hidden-sm&#8221;][vc_empty_space height=&#8221;30px&#8221;][\/vc_column_inner][\/vc_row_inner][\/vc_column][\/vc_row][vc_row][vc_column offset=&#8221;vc_hidden-xs&#8221;][vc_empty_space][\/vc_column][\/vc_row][vc_row][vc_column width=&#8221;2\/3&#8243;][vc_row_inner][vc_column_inner css=&#8221;.vc_custom_1528724889787{padding-right: 30px !important;padding-left: 0px !important;}&#8221;][vc_empty_space][vc_column_text css=&#8221;.vc_custom_1620826194459{margin-bottom: 30px !important;}&#8221; el_class=&#8221;p-16&#8243;] Electrolux Professional og AGF sikrer en mindre milj\u00f8belastning, n\u00e5r AGF vasker fodboldt\u00f8j. [\/vc_column_text][vc_column_text css=&#8221;.vc_custom_1620826183840{margin-bottom: 30px !important;}&#8221; el_class=&#8221;p-16&#8243;]Se videoreportage [&hellip;]<\/p>\n","protected":false},"author":64,"featured_media":0,"parent":0,"menu_order":0,"comment_status":"closed","ping_status":"closed","template":"","meta":{"footnotes":""},"class_list":["post-20005","page","type-page","status-publish","hentry"],"acf":[],"yoast_head":"<!-- This site is optimized with the Yoast SEO plugin v23.3 - https:\/\/yoast.com\/wordpress\/plugins\/seo\/ -->\n<title>Electrolux Professional og AGF sikrer en mindre milj\u00f8belastning<\/title>\n<meta name=\"description\" content=\"Der vaskes enorme m\u00e6ngder fodboldt\u00f8j i AGF, hvor tr\u00e6nings- og kampt\u00f8j fra mange ungdomshold og 3F Superligaen skal g\u00f8res klar til tr\u00e6ning og kamp. Electrolux Professional og AGF sikrer en mindre milj\u00f8belastning, n\u00e5r AGF vasker fodboldt\u00f8j.\" \/>\n<meta name=\"robots\" content=\"index, follow, max-snippet:-1, max-image-preview:large, max-video-preview:-1\" \/>\n<link rel=\"canonical\" href=\"https:\/\/www.electroluxprofessional.com\/dk\/agf\/\" \/>\n<meta property=\"og:locale\" content=\"da_DK\" \/>\n<meta property=\"og:type\" content=\"article\" \/>\n<meta property=\"og:title\" content=\"Electrolux Professional og AGF sikrer en mindre milj\u00f8belastning\" \/>\n<meta property=\"og:description\" content=\"Der vaskes enorme m\u00e6ngder fodboldt\u00f8j i AGF, hvor tr\u00e6nings- og kampt\u00f8j fra mange ungdomshold og 3F Superligaen skal g\u00f8res klar til tr\u00e6ning og kamp. Electrolux Professional og AGF sikrer en mindre milj\u00f8belastning, n\u00e5r AGF vasker fodboldt\u00f8j.\" \/>\n<meta property=\"og:url\" content=\"https:\/\/www.electroluxprofessional.com\/dk\/agf\/\" \/>\n<meta property=\"og:site_name\" content=\"Electrolux Professional Danmark\" \/>\n<meta property=\"article:modified_time\" content=\"2023-07-07T13:34:30+00:00\" \/>\n<meta name=\"twitter:card\" content=\"summary_large_image\" \/>\n<meta name=\"twitter:label1\" content=\"Estimeret l\u00e6setid\" \/>\n\t<meta name=\"twitter:data1\" content=\"5 minutter\" \/>\n<script type=\"application\/ld+json\" class=\"yoast-schema-graph\">{\"@context\":\"https:\/\/schema.org\",\"@graph\":[{\"@type\":\"WebPage\",\"@id\":\"https:\/\/www.electroluxprofessional.com\/dk\/agf\/\",\"url\":\"https:\/\/www.electroluxprofessional.com\/dk\/agf\/\",\"name\":\"Electrolux Professional og AGF sikrer en mindre milj\u00f8belastning\",\"isPartOf\":{\"@id\":\"https:\/\/www.electroluxprofessional.com\/dk\/#website\"},\"datePublished\":\"2023-07-06T09:22:46+00:00\",\"dateModified\":\"2023-07-07T13:34:30+00:00\",\"description\":\"Der vaskes enorme m\u00e6ngder fodboldt\u00f8j i AGF, hvor tr\u00e6nings- og kampt\u00f8j fra mange ungdomshold og 3F Superligaen skal g\u00f8res klar til tr\u00e6ning og kamp. Electrolux Professional og AGF sikrer en mindre milj\u00f8belastning, n\u00e5r AGF vasker fodboldt\u00f8j.\",\"breadcrumb\":{\"@id\":\"https:\/\/www.electroluxprofessional.com\/dk\/agf\/#breadcrumb\"},\"inLanguage\":\"da-DK\",\"potentialAction\":[{\"@type\":\"ReadAction\",\"target\":[\"https:\/\/www.electroluxprofessional.com\/dk\/agf\/\"]}]},{\"@type\":\"BreadcrumbList\",\"@id\":\"https:\/\/www.electroluxprofessional.com\/dk\/agf\/#breadcrumb\",\"itemListElement\":[{\"@type\":\"ListItem\",\"position\":1,\"name\":\"Home\",\"item\":\"https:\/\/www.electroluxprofessional.com\/dk\/\"},{\"@type\":\"ListItem\",\"position\":2,\"name\":\"CASE: AGF\"}]},{\"@type\":\"WebSite\",\"@id\":\"https:\/\/www.electroluxprofessional.com\/dk\/#website\",\"url\":\"https:\/\/www.electroluxprofessional.com\/dk\/\",\"name\":\"Electrolux Professional Danmark\",\"description\":\"\",\"potentialAction\":[{\"@type\":\"SearchAction\",\"target\":{\"@type\":\"EntryPoint\",\"urlTemplate\":\"https:\/\/www.electroluxprofessional.com\/dk\/?src={search_term_string}\"},\"query-input\":\"required name=search_term_string\"}],\"inLanguage\":\"da-DK\"}]}<\/script>\n<!-- \/ Yoast SEO plugin. -->","yoast_head_json":{"title":"Electrolux Professional og AGF sikrer en mindre milj\u00f8belastning","description":"Der vaskes enorme m\u00e6ngder fodboldt\u00f8j i AGF, hvor tr\u00e6nings- og kampt\u00f8j fra mange ungdomshold og 3F Superligaen skal g\u00f8res klar til tr\u00e6ning og kamp. Electrolux Professional og AGF sikrer en mindre milj\u00f8belastning, n\u00e5r AGF vasker fodboldt\u00f8j.","robots":{"index":"index","follow":"follow","max-snippet":"max-snippet:-1","max-image-preview":"max-image-preview:large","max-video-preview":"max-video-preview:-1"},"canonical":"https:\/\/www.electroluxprofessional.com\/dk\/agf\/","og_locale":"da_DK","og_type":"article","og_title":"Electrolux Professional og AGF sikrer en mindre milj\u00f8belastning","og_description":"Der vaskes enorme m\u00e6ngder fodboldt\u00f8j i AGF, hvor tr\u00e6nings- og kampt\u00f8j fra mange ungdomshold og 3F Superligaen skal g\u00f8res klar til tr\u00e6ning og kamp. Electrolux Professional og AGF sikrer en mindre milj\u00f8belastning, n\u00e5r AGF vasker fodboldt\u00f8j.","og_url":"https:\/\/www.electroluxprofessional.com\/dk\/agf\/","og_site_name":"Electrolux Professional Danmark","article_modified_time":"2023-07-07T13:34:30+00:00","twitter_card":"summary_large_image","twitter_misc":{"Estimeret l\u00e6setid":"5 minutter"},"schema":{"@context":"https:\/\/schema.org","@graph":[{"@type":"WebPage","@id":"https:\/\/www.electroluxprofessional.com\/dk\/agf\/","url":"https:\/\/www.electroluxprofessional.com\/dk\/agf\/","name":"Electrolux Professional og AGF sikrer en mindre milj\u00f8belastning","isPartOf":{"@id":"https:\/\/www.electroluxprofessional.com\/dk\/#website"},"datePublished":"2023-07-06T09:22:46+00:00","dateModified":"2023-07-07T13:34:30+00:00","description":"Der vaskes enorme m\u00e6ngder fodboldt\u00f8j i AGF, hvor tr\u00e6nings- og kampt\u00f8j fra mange ungdomshold og 3F Superligaen skal g\u00f8res klar til tr\u00e6ning og kamp. Electrolux Professional og AGF sikrer en mindre milj\u00f8belastning, n\u00e5r AGF vasker fodboldt\u00f8j.","breadcrumb":{"@id":"https:\/\/www.electroluxprofessional.com\/dk\/agf\/#breadcrumb"},"inLanguage":"da-DK","potentialAction":[{"@type":"ReadAction","target":["https:\/\/www.electroluxprofessional.com\/dk\/agf\/"]}]},{"@type":"BreadcrumbList","@id":"https:\/\/www.electroluxprofessional.com\/dk\/agf\/#breadcrumb","itemListElement":[{"@type":"ListItem","position":1,"name":"Home","item":"https:\/\/www.electroluxprofessional.com\/dk\/"},{"@type":"ListItem","position":2,"name":"CASE: AGF"}]},{"@type":"WebSite","@id":"https:\/\/www.electroluxprofessional.com\/dk\/#website","url":"https:\/\/www.electroluxprofessional.com\/dk\/","name":"Electrolux Professional Danmark","description":"","potentialAction":[{"@type":"SearchAction","target":{"@type":"EntryPoint","urlTemplate":"https:\/\/www.electroluxprofessional.com\/dk\/?src={search_term_string}"},"query-input":"required name=search_term_string"}],"inLanguage":"da-DK"}]}},"_links":{"self":[{"href":"https:\/\/www.electroluxprofessional.com\/dk\/wp-json\/wp\/v2\/pages\/20005"}],"collection":[{"href":"https:\/\/www.electroluxprofessional.com\/dk\/wp-json\/wp\/v2\/pages"}],"about":[{"href":"https:\/\/www.electroluxprofessional.com\/dk\/wp-json\/wp\/v2\/types\/page"}],"author":[{"embeddable":true,"href":"https:\/\/www.electroluxprofessional.com\/dk\/wp-json\/wp\/v2\/users\/64"}],"replies":[{"embeddable":true,"href":"https:\/\/www.electroluxprofessional.com\/dk\/wp-json\/wp\/v2\/comments?post=20005"}],"version-history":[{"count":49,"href":"https:\/\/www.electroluxprofessional.com\/dk\/wp-json\/wp\/v2\/pages\/20005\/revisions"}],"predecessor-version":[{"id":26238,"href":"https:\/\/www.electroluxprofessional.com\/dk\/wp-json\/wp\/v2\/pages\/20005\/revisions\/26238"}],"wp:attachment":[{"href":"https:\/\/www.electroluxprofessional.com\/dk\/wp-json\/wp\/v2\/media?parent=20005"}],"curies":[{"name":"wp","href":"https:\/\/api.w.org\/{rel}","templated":true}]}}