{"id":19271,"date":"2025-08-06T10:08:50","date_gmt":"2025-08-06T10:08:50","guid":{"rendered":"https:\/\/www.electroluxprofessional.com\/?page_id=33927"},"modified":"2025-09-10T11:07:26","modified_gmt":"2025-09-10T11:07:26","slug":"rise-sikkert-vaskeri","status":"publish","type":"page","link":"https:\/\/www.electroluxprofessional.com\/dk\/rise-sikkert-vaskeri\/","title":{"rendered":"RISE &#8211; sikkert vaskeri"},"content":{"rendered":"<p>[vc_row full_width=&#8221;electroluxpro-full-width-no-padding&#8221;][vc_column][elx_hero_slider label_text_color=&#8221;white&#8221; images=&#8221;19269&#8243; extra_class=&#8221;hero-slider-guld&#8221;][elx_heading font_size=&#8221;h1&#8243; text_color=&#8221;white&#8221;]Det sikre vaskeri \u203a[\/elx_heading][\/elx_hero_slider][\/vc_column][\/vc_row][vc_row full_width=&#8221;electroluxpro-full-width-no-padding&#8221; disable_element=&#8221;yes&#8221;][vc_column][elx_full_banner title=&#8221;Det sikre vaskeri&#8221; background_image_media_library=&#8221;19269&#8243; background_image_media_library_mobile=&#8221;19270&#8243; link=&#8221;|||&#8221;][\/vc_column][\/vc_row][vc_row][vc_column][vc_empty_space][elx_heading font_container=&#8221;h1&#8243; font_size=&#8221;h1&#8243; text_color=&#8221;electrolux-blue&#8221; text_align=&#8221;text-left&#8221;]Kampen mod de usynlige fjender[\/elx_heading][vc_empty_space height=&#8221;44px&#8221;][vc_column_text el_class=&#8221;p-16&#8243;]<\/p>\n<p style=\"text-align: left;\">Med den <strong>globale <\/strong><strong>sundhedssituation <\/strong>st\u00e5r vi nu over for hidtil usete udfordringer. Derfor prioriterer Electrolux Professionals hygiejnisk t\u00f8jvask, som kan give dig, dine kunder og dit personale tillid til, at jeres helbred er sikret. S\u00e5 kan du drive din forretning p\u00e5 den bedst mulige m\u00e5de.<\/p>\n<p>[\/vc_column_text][vc_empty_space][\/vc_column][\/vc_row][vc_row css=&#8221;.vc_custom_1613987542179{margin-top: 40px !important;}&#8221;][vc_column offset=&#8221;vc_hidden-xs&#8221;][elx_hero_slider text_position=&#8221;hero_slider_text_align_right&#8221; label_text_color=&#8221;inherit&#8221; images=&#8221;19267&#8243;][elx_heading text_color=&#8221;inherit&#8221;]Electrolux Professional Global Hygiene Advanced program[\/elx_heading][vc_column_text el_class=&#8221;p-16&#8243;]Takket v\u00e6re Electrolux Professional Global Hygiene Advanced programmer f\u00e5r du rent og desinficeret vasket\u00f8j. Programmet sikrer log 6* inaktivering af SARS-CoV-2 virus gennem kombinationen af vask og t\u00f8rring eller vask og strygning.[\/vc_column_text][\/elx_hero_slider][\/vc_column][\/vc_row][vc_row][vc_column offset=&#8221;vc_hidden-lg vc_hidden-md vc_hidden-sm&#8221;][elx_hero_slider label_text_color=&#8221;inherit&#8221; images=&#8221;19267&#8243; extra_class=&#8221;hero-slider-mobile&#8221;][elx_heading text_color=&#8221;inherit&#8221;]Electrolux Professional Global Hygiene Advanced program[\/elx_heading][vc_column_text el_class=&#8221;p-16&#8243;]Takket v\u00e6re Electrolux Professional Global Hygiene Advanced programmer f\u00e5r du rent og desinficeret vasket\u00f8j. Programmet sikrer log 6* inaktivering af SARS-CoV-2 virus gennem kombinationen af vask og t\u00f8rring eller vask og strygning.[\/vc_column_text][\/elx_hero_slider][\/vc_column][\/vc_row][vc_row css=&#8221;.vc_custom_1613987364507{margin-top: 60px !important;padding-top: 32px !important;background-color: #dee3e6 !important;}&#8221;][vc_column width=&#8221;1\/5&#8243;][vc_single_image image=&#8221;19266&#8243; img_size=&#8221;medium&#8221;][vc_empty_space][\/vc_column][vc_column width=&#8221;2\/5&#8243;][vc_column_text]<\/p>\n<h2>Electrolux Professional samarbejder med Rise AB<\/h2>\n<p>[\/vc_column_text][vc_empty_space height=&#8221;16px&#8221;][vc_column_text el_class=&#8221;p-16&#8243;]Vores samarbejde med RISE handler om at identificere og validere de mest velegnede processer, der inaktiverer patogene mikroorganismer i tekstiler i vaskeprocessen.[\/vc_column_text][vc_empty_space][\/vc_column][vc_column width=&#8221;2\/5&#8243;][vc_column_text el_class=&#8221;p-16&#8243;]<\/p>\n<h2>Vask med desinfektionsprogram<\/h2>\n<p>[\/vc_column_text][vc_empty_space height=&#8221;16px&#8221;][vc_column_text el_class=&#8221;p-16&#8243;]Garanterer at dit vasket\u00f8j er effektivt desinficeret i alle cyklusser for et sikkert resultat.[\/vc_column_text][vc_empty_space][\/vc_column][\/vc_row][vc_row css=&#8221;.vc_custom_1613987026681{margin-top: 70px !important;}&#8221;][vc_column width=&#8221;1\/2&#8243;][vc_column_text el_class=&#8221;p-16&#8243;]<\/p>\n<p style=\"text-align: left;\"><strong>RISE<\/strong> er Sveriges forskningsinstitut og innovationspartner. RISE samarbejder med industrien, den akademiske verden og den offentlige sektor.<\/p>\n<p style=\"text-align: left;\">M\u00e5let er at sikre konkurrencedygtighed for det svenske erhvervsliv p\u00e5 internationalt niveau og bidrage til et b\u00e6redygtigt samfund. 2.800 ansatte arbejder for at underst\u00f8tte alle typer af innovationsprocesser.<\/p>\n<p>[\/vc_column_text][vc_empty_space][\/vc_column][vc_column width=&#8221;1\/2&#8243;][vc_column_text el_class=&#8221;p-16&#8243;]<\/p>\n<p style=\"text-align: left;\"><strong>RISE<\/strong> er et uafh\u00e6ngigt, statsejet forskningsinstitut, der har en unik ekspertise og mere end 100 pr\u00f8veanl\u00e6g og demonstrationsmilj\u00f8er til fremtidssikrede teknologier, produkter og tjenester.<\/p>\n<p style=\"text-align: left;\">RISE er en fast partner for Electrolux Professional i udviklingen og valideringen af l\u00f8sninger til vaskerimarkedet.<\/p>\n<p>[\/vc_column_text][vc_empty_space][\/vc_column][\/vc_row][vc_row css=&#8221;.vc_custom_1613987238321{margin-top: 60px !important;padding-top: 32px !important;padding-bottom: 32px !important;background-color: #dee3e6 !important;}&#8221;][vc_column width=&#8221;2\/3&#8243;][vc_row_inner][vc_column_inner offset=&#8221;vc_hidden-xs&#8221;][vc_empty_space][\/vc_column_inner][\/vc_row_inner][elx_heading font_size=&#8221;h1&#8243; text_color=&#8221;electrolux-blue&#8221; text_align=&#8221;text-left&#8221;]Ro i sindet i dit vaskeri[\/elx_heading][vc_empty_space][vc_column_text el_class=&#8221;p-16&#8243;]<\/p>\n<p style=\"text-align: left;\">I dag g\u00e5r kravet om desinficeret vasket\u00f8j forud for alt andet i ethvert vaskeri. Uanset om det er et kommercielt vaskeri, et f\u00e6llesvaskeri, p\u00e5 et hotel eller et hospital. Ved at v\u00e6lge <a href=\"https:\/\/www.electroluxprofessional.com\/dk\/industrivaskemaskine\/\">Line 6000 fra Electrolux Professional<\/a> kan du regne med en komplet proces, der omfatter maskiner, programmer, vaskemidler og sporingssystemer. Dermed sikres de bedst mulige desinfektionsresultater for alle tekstiler.<\/p>\n<p>[\/vc_column_text][vc_empty_space][vc_row_inner][vc_column_inner width=&#8221;7\/12&#8243;][elx_button button_text=&#8221;Mere om Line 6000 vaskeril\u00f8sning&#8221; button_style=&#8221;default&#8221; button_display_block=&#8221;display_block_on&#8221; button_link=&#8221;url:https%3A%2F%2Fwww.electroluxprofessional.com%2Fdk%2Fline-6000-vaskeri-der-virker%2F|title:Professionel%20vaskemaskine%20%E2%80%93%20Line%206000|target:_blank&#8221;][vc_empty_space height=&#8221;20px&#8221;][\/vc_column_inner][vc_column_inner width=&#8221;5\/12&#8243;][vc_column_text el_class=&#8221;p-14&#8243;]<\/p>\n<p style=\"text-align: right;\">Line 6000 varmepumpe tumbler TD6-14 og Line 6000 industrivaskemaskine TD6-7 med Compass Pro<\/p>\n<p>[\/vc_column_text][\/vc_column_inner][\/vc_row_inner][\/vc_column][vc_column width=&#8221;1\/3&#8243;][vc_single_image image=&#8221;19040&#8243; img_size=&#8221;full&#8221;][\/vc_column][\/vc_row][vc_row css=&#8221;.vc_custom_1613989461685{margin-top: 60px !important;}&#8221;][vc_column width=&#8221;2\/6&#8243;][elx_image_block background_image=&#8221;18430&#8243; minimum_height=&#8221;400px&#8221;][\/vc_column][vc_column width=&#8221;4\/6&#8243;][vc_row_inner][vc_column_inner offset=&#8221;vc_hidden-lg vc_hidden-md vc_hidden-sm&#8221;][vc_empty_space][\/vc_column_inner][\/vc_row_inner][vc_row_inner][vc_column_inner][vc_column_text el_class=&#8221;p-16&#8243;]<strong><a href=\"https:\/\/www.electroluxprofessional.com\/dk\/industrivaskemaskine\/\">Line 6000 vaskemaskiner<\/a>, t\u00f8rretumblere og strygeruller med Electrolux Professional Global Hygiene Advanced programmer<\/strong>\u00a0giver dig alt, hvad du beh\u00f8ver for at drive dit vaskeri uden bekymringer.<\/p>\n<p>Med udgangspunkt i udvidede tests p\u00e5 vores forsknings- &amp; udviklingslaboratorier og grundige videnskabelige<br \/>\nbeviser i analyserne fra RISE har gjort, har vi finjusteret hver eneste parameter. Ikke kun temperatur og tid, men ogs\u00e5 vandniveau og fyldning.<\/p>\n<p>P\u00e5 den m\u00e5de kan vi tilbyde dig <strong>dokumenterede hygiejneresultater i form af afpr\u00f8vede, skr\u00e6ddersyede og validerede l\u00f8sninger leveret fra fabrikken som Plug&amp;Play<\/strong> fra dag 1. Specifikke tekstiler, der ikke kan t\u00e5le de konkrete specifikationer i de aktuelle programmer, vil blive vurderet separat.[\/vc_column_text][\/vc_column_inner][\/vc_row_inner][vc_row_inner][vc_column_inner offset=&#8221;vc_hidden-xs&#8221;][vc_empty_space height=&#8221;40px&#8221;][vc_column_text el_class=&#8221;p-14&#8243;]Line 6000 strygerulle \u2013 ergonomi og produktivitet[\/vc_column_text][\/vc_column_inner][\/vc_row_inner][\/vc_column][\/vc_row][vc_row full_width=&#8221;electroluxpro-container-no-padding&#8221; css=&#8221;.vc_custom_1613989533503{margin-top: 60px !important;}&#8221;][vc_column reveal_effect=&#8221;&#8221; offset=&#8221;vc_hidden-xs&#8221;][elx_hero_slider text_position=&#8221;hero_slider_text_align_right&#8221; label_text_color=&#8221;inherit&#8221; images=&#8221;19318&#8243;][elx_heading text_color=&#8221;inherit&#8221;]* Log 6 reduktion svarer til 99,9999% reduktion af viral smitsomhed.[\/elx_heading][vc_column_text el_class=&#8221;p-16&#8243;]Effektiviteten af reduktionen af <strong>SARS-CoV-2<\/strong> virus p\u00e5 tekstiler behandlet med Line 6000 udstyr er bekr\u00e6ftet af RISE (Research Institutes of Sweden AB) p\u00e5 basis af laboratoriedata fra Electrolux Professional.[\/vc_column_text][\/elx_hero_slider][\/vc_column][\/vc_row][vc_row full_width=&#8221;electroluxpro-container-no-padding&#8221; css=&#8221;.vc_custom_1613989533503{margin-top: 60px !important;}&#8221;][vc_column reveal_effect=&#8221;&#8221; offset=&#8221;vc_hidden-lg vc_hidden-md vc_hidden-sm&#8221;][elx_hero_slider text_position=&#8221;hero_slider_text_align_right&#8221; label_text_color=&#8221;inherit&#8221; images=&#8221;19318&#8243; extra_class=&#8221;hero-slider-mobile&#8221;][elx_heading text_color=&#8221;inherit&#8221;]* Log 6 reduktion svarer til 99,9999% reduktion af viral smitsomhed.[\/elx_heading][vc_column_text el_class=&#8221;p-16&#8243;]Effektiviteten af reduktionen af <strong>SARS-CoV-2<\/strong> virus p\u00e5 tekstiler behandlet med Line 6000 udstyr er bekr\u00e6ftet af RISE (Research Institutes of Sweden AB) p\u00e5 basis af laboratoriedata fra Electrolux Professional.[\/vc_column_text][\/elx_hero_slider][\/vc_column][\/vc_row][vc_row el_id=&#8221;contact&#8221;][vc_column][elx_heading text_color=&#8221;inherit&#8221; text_align=&#8221;text-center&#8221;]Find ud af mere. Kontakt vores eksperter[\/elx_heading][vc_empty_space][elx_o2000_contact_us s=&#8221;Jeg vil gerne vide mere om det sikre vaskeri&#8221; country=&#8221;Denmark&#8221; b=&#8221;laundry&#8221; container=&#8221;elxcontactus1482242857&#8243; r=&#8221;Jeg vil gerne vide mere om det sikre vaskeri&#8221; l=&#8221;dk&#8221;][\/vc_column][\/vc_row]<\/p>\n","protected":false},"excerpt":{"rendered":"<p>[vc_row full_width=&#8221;electroluxpro-full-width-no-padding&#8221;][vc_column][elx_hero_slider label_text_color=&#8221;white&#8221; images=&#8221;19269&#8243; extra_class=&#8221;hero-slider-guld&#8221;][elx_heading font_size=&#8221;h1&#8243; text_color=&#8221;white&#8221;]Det sikre vaskeri \u203a[\/elx_heading][\/elx_hero_slider][\/vc_column][\/vc_row][vc_row full_width=&#8221;electroluxpro-full-width-no-padding&#8221; disable_element=&#8221;yes&#8221;][vc_column][elx_full_banner title=&#8221;Det sikre vaskeri&#8221; background_image_media_library=&#8221;19269&#8243; background_image_media_library_mobile=&#8221;19270&#8243; link=&#8221;|||&#8221;][\/vc_column][\/vc_row][vc_row][vc_column][vc_empty_space][elx_heading font_container=&#8221;h1&#8243; font_size=&#8221;h1&#8243; text_color=&#8221;electrolux-blue&#8221; text_align=&#8221;text-left&#8221;]Kampen mod de usynlige fjender[\/elx_heading][vc_empty_space height=&#8221;44px&#8221;][vc_column_text el_class=&#8221;p-16&#8243;] Med den globale sundhedssituation st\u00e5r vi nu over for hidtil usete udfordringer. Derfor prioriterer Electrolux Professionals hygiejnisk t\u00f8jvask, som kan give dig, dine kunder og dit personale [&hellip;]<\/p>\n","protected":false},"author":4,"featured_media":19265,"parent":0,"menu_order":0,"comment_status":"closed","ping_status":"closed","template":"","meta":{"footnotes":""},"class_list":["post-19271","page","type-page","status-publish","has-post-thumbnail","hentry"],"acf":[],"yoast_head":"<!-- This site is optimized with the Yoast SEO plugin v23.3 - https:\/\/yoast.com\/wordpress\/plugins\/seo\/ -->\n<title>RISE - sikkert vaskeri - Electrolux Professional Danmark<\/title>\n<meta name=\"description\" content=\"Vi st\u00e5r nu over for hidtil usete udfordringer som resultat af den globale sundhedssituation. I dag er vores prioritet at give dig, dine kunder og dit personale tillid til, at jeres helbred er sikret, s\u00e5 det giver dig mulighed for at drive din forretning med et hygiejne sikkert vaskeri.\" \/>\n<meta name=\"robots\" content=\"index, follow, max-snippet:-1, max-image-preview:large, max-video-preview:-1\" \/>\n<link rel=\"canonical\" href=\"https:\/\/www.electroluxprofessional.com\/dk\/rise-sikkert-vaskeri\/\" \/>\n<meta property=\"og:locale\" content=\"da_DK\" \/>\n<meta property=\"og:type\" content=\"article\" \/>\n<meta property=\"og:title\" content=\"RISE - sikkert vaskeri - Electrolux Professional Danmark\" \/>\n<meta property=\"og:description\" content=\"Vi st\u00e5r nu over for hidtil usete udfordringer som resultat af den globale sundhedssituation. I dag er vores prioritet at give dig, dine kunder og dit personale tillid til, at jeres helbred er sikret, s\u00e5 det giver dig mulighed for at drive din forretning med et hygiejne sikkert vaskeri.\" \/>\n<meta property=\"og:url\" content=\"https:\/\/www.electroluxprofessional.com\/dk\/rise-sikkert-vaskeri\/\" \/>\n<meta property=\"og:site_name\" content=\"Electrolux Professional Danmark\" \/>\n<meta property=\"article:modified_time\" content=\"2025-09-10T11:07:26+00:00\" \/>\n<meta property=\"og:image\" content=\"https:\/\/www.electroluxprofessional.com\/dk\/wp-content\/uploads\/2021\/02\/rise.jpg\" \/>\n\t<meta property=\"og:image:width\" content=\"200\" \/>\n\t<meta property=\"og:image:height\" content=\"200\" \/>\n\t<meta property=\"og:image:type\" content=\"image\/jpeg\" \/>\n<meta name=\"twitter:card\" content=\"summary_large_image\" \/>\n<meta name=\"twitter:label1\" content=\"Estimeret l\u00e6setid\" \/>\n\t<meta name=\"twitter:data1\" content=\"4 minutter\" \/>\n<script type=\"application\/ld+json\" class=\"yoast-schema-graph\">{\"@context\":\"https:\/\/schema.org\",\"@graph\":[{\"@type\":\"WebPage\",\"@id\":\"https:\/\/www.electroluxprofessional.com\/dk\/rise-sikkert-vaskeri\/\",\"url\":\"https:\/\/www.electroluxprofessional.com\/dk\/rise-sikkert-vaskeri\/\",\"name\":\"RISE - sikkert vaskeri - Electrolux Professional Danmark\",\"isPartOf\":{\"@id\":\"https:\/\/www.electroluxprofessional.com\/dk\/#website\"},\"primaryImageOfPage\":{\"@id\":\"https:\/\/www.electroluxprofessional.com\/dk\/rise-sikkert-vaskeri\/#primaryimage\"},\"image\":{\"@id\":\"https:\/\/www.electroluxprofessional.com\/dk\/rise-sikkert-vaskeri\/#primaryimage\"},\"thumbnailUrl\":\"https:\/\/www.electroluxprofessional.com\/dk\/wp-content\/uploads\/2021\/02\/rise.jpg\",\"datePublished\":\"2025-08-06T10:08:50+00:00\",\"dateModified\":\"2025-09-10T11:07:26+00:00\",\"description\":\"Vi st\u00e5r nu over for hidtil usete udfordringer som resultat af den globale sundhedssituation. I dag er vores prioritet at give dig, dine kunder og dit personale tillid til, at jeres helbred er sikret, s\u00e5 det giver dig mulighed for at drive din forretning med et hygiejne sikkert vaskeri.\",\"breadcrumb\":{\"@id\":\"https:\/\/www.electroluxprofessional.com\/dk\/rise-sikkert-vaskeri\/#breadcrumb\"},\"inLanguage\":\"da-DK\",\"potentialAction\":[{\"@type\":\"ReadAction\",\"target\":[\"https:\/\/www.electroluxprofessional.com\/dk\/rise-sikkert-vaskeri\/\"]}]},{\"@type\":\"ImageObject\",\"inLanguage\":\"da-DK\",\"@id\":\"https:\/\/www.electroluxprofessional.com\/dk\/rise-sikkert-vaskeri\/#primaryimage\",\"url\":\"https:\/\/www.electroluxprofessional.com\/dk\/wp-content\/uploads\/2021\/02\/rise.jpg\",\"contentUrl\":\"https:\/\/www.electroluxprofessional.com\/dk\/wp-content\/uploads\/2021\/02\/rise.jpg\",\"width\":200,\"height\":200,\"caption\":\"rise\"},{\"@type\":\"BreadcrumbList\",\"@id\":\"https:\/\/www.electroluxprofessional.com\/dk\/rise-sikkert-vaskeri\/#breadcrumb\",\"itemListElement\":[{\"@type\":\"ListItem\",\"position\":1,\"name\":\"Home\",\"item\":\"https:\/\/www.electroluxprofessional.com\/dk\/\"},{\"@type\":\"ListItem\",\"position\":2,\"name\":\"RISE &#8211; sikkert vaskeri\"}]},{\"@type\":\"WebSite\",\"@id\":\"https:\/\/www.electroluxprofessional.com\/dk\/#website\",\"url\":\"https:\/\/www.electroluxprofessional.com\/dk\/\",\"name\":\"Electrolux Professional Danmark\",\"description\":\"\",\"potentialAction\":[{\"@type\":\"SearchAction\",\"target\":{\"@type\":\"EntryPoint\",\"urlTemplate\":\"https:\/\/www.electroluxprofessional.com\/dk\/?src={search_term_string}\"},\"query-input\":\"required name=search_term_string\"}],\"inLanguage\":\"da-DK\"}]}<\/script>\n<!-- \/ Yoast SEO plugin. -->","yoast_head_json":{"title":"RISE - sikkert vaskeri - Electrolux Professional Danmark","description":"Vi st\u00e5r nu over for hidtil usete udfordringer som resultat af den globale sundhedssituation. I dag er vores prioritet at give dig, dine kunder og dit personale tillid til, at jeres helbred er sikret, s\u00e5 det giver dig mulighed for at drive din forretning med et hygiejne sikkert vaskeri.","robots":{"index":"index","follow":"follow","max-snippet":"max-snippet:-1","max-image-preview":"max-image-preview:large","max-video-preview":"max-video-preview:-1"},"canonical":"https:\/\/www.electroluxprofessional.com\/dk\/rise-sikkert-vaskeri\/","og_locale":"da_DK","og_type":"article","og_title":"RISE - sikkert vaskeri - Electrolux Professional Danmark","og_description":"Vi st\u00e5r nu over for hidtil usete udfordringer som resultat af den globale sundhedssituation. I dag er vores prioritet at give dig, dine kunder og dit personale tillid til, at jeres helbred er sikret, s\u00e5 det giver dig mulighed for at drive din forretning med et hygiejne sikkert vaskeri.","og_url":"https:\/\/www.electroluxprofessional.com\/dk\/rise-sikkert-vaskeri\/","og_site_name":"Electrolux Professional Danmark","article_modified_time":"2025-09-10T11:07:26+00:00","og_image":[{"width":200,"height":200,"url":"https:\/\/www.electroluxprofessional.com\/dk\/wp-content\/uploads\/2021\/02\/rise.jpg","type":"image\/jpeg"}],"twitter_card":"summary_large_image","twitter_misc":{"Estimeret l\u00e6setid":"4 minutter"},"schema":{"@context":"https:\/\/schema.org","@graph":[{"@type":"WebPage","@id":"https:\/\/www.electroluxprofessional.com\/dk\/rise-sikkert-vaskeri\/","url":"https:\/\/www.electroluxprofessional.com\/dk\/rise-sikkert-vaskeri\/","name":"RISE - sikkert vaskeri - Electrolux Professional Danmark","isPartOf":{"@id":"https:\/\/www.electroluxprofessional.com\/dk\/#website"},"primaryImageOfPage":{"@id":"https:\/\/www.electroluxprofessional.com\/dk\/rise-sikkert-vaskeri\/#primaryimage"},"image":{"@id":"https:\/\/www.electroluxprofessional.com\/dk\/rise-sikkert-vaskeri\/#primaryimage"},"thumbnailUrl":"https:\/\/www.electroluxprofessional.com\/dk\/wp-content\/uploads\/2021\/02\/rise.jpg","datePublished":"2025-08-06T10:08:50+00:00","dateModified":"2025-09-10T11:07:26+00:00","description":"Vi st\u00e5r nu over for hidtil usete udfordringer som resultat af den globale sundhedssituation. I dag er vores prioritet at give dig, dine kunder og dit personale tillid til, at jeres helbred er sikret, s\u00e5 det giver dig mulighed for at drive din forretning med et hygiejne sikkert vaskeri.","breadcrumb":{"@id":"https:\/\/www.electroluxprofessional.com\/dk\/rise-sikkert-vaskeri\/#breadcrumb"},"inLanguage":"da-DK","potentialAction":[{"@type":"ReadAction","target":["https:\/\/www.electroluxprofessional.com\/dk\/rise-sikkert-vaskeri\/"]}]},{"@type":"ImageObject","inLanguage":"da-DK","@id":"https:\/\/www.electroluxprofessional.com\/dk\/rise-sikkert-vaskeri\/#primaryimage","url":"https:\/\/www.electroluxprofessional.com\/dk\/wp-content\/uploads\/2021\/02\/rise.jpg","contentUrl":"https:\/\/www.electroluxprofessional.com\/dk\/wp-content\/uploads\/2021\/02\/rise.jpg","width":200,"height":200,"caption":"rise"},{"@type":"BreadcrumbList","@id":"https:\/\/www.electroluxprofessional.com\/dk\/rise-sikkert-vaskeri\/#breadcrumb","itemListElement":[{"@type":"ListItem","position":1,"name":"Home","item":"https:\/\/www.electroluxprofessional.com\/dk\/"},{"@type":"ListItem","position":2,"name":"RISE &#8211; sikkert vaskeri"}]},{"@type":"WebSite","@id":"https:\/\/www.electroluxprofessional.com\/dk\/#website","url":"https:\/\/www.electroluxprofessional.com\/dk\/","name":"Electrolux Professional Danmark","description":"","potentialAction":[{"@type":"SearchAction","target":{"@type":"EntryPoint","urlTemplate":"https:\/\/www.electroluxprofessional.com\/dk\/?src={search_term_string}"},"query-input":"required name=search_term_string"}],"inLanguage":"da-DK"}]}},"_links":{"self":[{"href":"https:\/\/www.electroluxprofessional.com\/dk\/wp-json\/wp\/v2\/pages\/19271"}],"collection":[{"href":"https:\/\/www.electroluxprofessional.com\/dk\/wp-json\/wp\/v2\/pages"}],"about":[{"href":"https:\/\/www.electroluxprofessional.com\/dk\/wp-json\/wp\/v2\/types\/page"}],"author":[{"embeddable":true,"href":"https:\/\/www.electroluxprofessional.com\/dk\/wp-json\/wp\/v2\/users\/4"}],"replies":[{"embeddable":true,"href":"https:\/\/www.electroluxprofessional.com\/dk\/wp-json\/wp\/v2\/comments?post=19271"}],"version-history":[{"count":31,"href":"https:\/\/www.electroluxprofessional.com\/dk\/wp-json\/wp\/v2\/pages\/19271\/revisions"}],"predecessor-version":[{"id":30433,"href":"https:\/\/www.electroluxprofessional.com\/dk\/wp-json\/wp\/v2\/pages\/19271\/revisions\/30433"}],"wp:featuredmedia":[{"embeddable":true,"href":"https:\/\/www.electroluxprofessional.com\/dk\/wp-json\/wp\/v2\/media\/19265"}],"wp:attachment":[{"href":"https:\/\/www.electroluxprofessional.com\/dk\/wp-json\/wp\/v2\/media?parent=19271"}],"curies":[{"name":"wp","href":"https:\/\/api.w.org\/{rel}","templated":true}]}}