{"id":19187,"date":"2025-09-09T08:15:33","date_gmt":"2025-09-09T08:15:33","guid":{"rendered":"https:\/\/www.electroluxprofessional.com\/se\/?page_id=9922"},"modified":"2025-09-10T10:28:12","modified_gmt":"2025-09-10T10:28:12","slug":"camping-marina","status":"publish","type":"page","link":"https:\/\/www.electroluxprofessional.com\/dk\/camping-marina\/","title":{"rendered":"Camping og marina"},"content":{"rendered":"<p>[vc_row full_width=&#8221;electroluxpro-full-width-no-padding&#8221; css=&#8221;.vc_custom_1614868821120{background-color: #ffffff !important;}&#8221;][vc_column reveal_effect=&#8221;&#8221;][elx_image_block background_image=&#8221;5488&#8243; minimum_height=&#8221;400px&#8221;][\/vc_column][\/vc_row][vc_row css=&#8221;.vc_custom_1614869084068{margin-top: 60px !important;}&#8221;][vc_column width=&#8221;1\/12&#8243;][vc_row_inner][vc_column_inner offset=&#8221;vc_hidden-xs&#8221;][vc_empty_space][\/vc_column_inner][\/vc_row_inner][\/vc_column][vc_column width=&#8221;10\/12&#8243;][elx_heading font_container=&#8221;h1&#8243; text_color=&#8221;electrolux-blue&#8221; text_align=&#8221;text-left&#8221;]Vaskeril\u00f8sninger til camping, B&amp;B og marina<br \/>\n[\/elx_heading][vc_empty_space][vc_column_text el_class=&#8221;p-16&#8243;]T\u00f8jvask er et af de omr\u00e5der, hvor du relativt nemt kan forbedre servicen overfor dine g\u00e6ster. Samtidig er det en god mulighed for ekstra indtjening til dig. <a style=\"color: #cea941;\" href=\"https:\/\/www.electroluxprofessional.com\/dk\/camping-marina\/#leasing\">Se et regneeksempel<\/a><\/p>\n<p>Med vaskemaskiner og t\u00f8rretumblere fra Electrolux Professional kan dine g\u00e6ster b\u00e5de vaske og t\u00f8rre deres t\u00f8j p\u00e5 kun en time. Alle maskinerne\u00a0 har desinfektionsprogram, s\u00e5 dine g\u00e6ster er sikret mod virus og bakterier i vasket\u00f8jet. Du kan alts\u00e5 undg\u00e5 k\u00f8 i vaskeriet, give dine g\u00e6ster tryghed og mere tid til oplevelser.[\/vc_column_text][\/vc_column][vc_column width=&#8221;1\/12&#8243;][\/vc_column][\/vc_row][vc_row css=&#8221;.vc_custom_1614870586053{margin-top: 32px !important;}&#8221;][vc_column width=&#8221;1\/12&#8243;][vc_empty_space][\/vc_column][vc_column width=&#8221;7\/12&#8243;][vc_column_text el_class=&#8221;p-16&#8243;]Professionelle maskiner er robuste og effektive \u2013 og holder op til 10 gange l\u00e6ngere end husholdningsmaskiner.<\/p>\n<p>Har du sp\u00f8rgsm\u00e5l, er du velkommen til at ringe til os p\u00e5 tlf. 63 76 22 20.[\/vc_column_text][vc_empty_space][elx_o2000_contact_us s=&#8221;Jeg vil gerne h\u00f8re mere om vaskeril\u00f8sninger til campingpladser og marina.&#8221; campaign=&#8221;7015p000001NznHAAS&#8221; text_send_button=&#8221;KONTAKT MIG MED TILBUD&#8221; flag_hide_request_type=&#8221;true&#8221; country=&#8221;Denmark&#8221; b=&#8221;laundry&#8221; text_color=&#8221;#14133B&#8221; button_mode=&#8221;true&#8221; container=&#8221;elxcontactus1473161992&#8243; r=&#8221;Jeg vil gerne h\u00f8re mere om vaskeril\u00f8sninger til campingpladser og marina.&#8221; l=&#8221;dk&#8221; e=&#8221;jennie.walther@electroluxprofessional.com&#8221; text_btn_contact=&#8221;H\u00f8r mere eller f\u00e5 et tilbud&#8221;][\/vc_column][vc_column width=&#8221;4\/12&#8243;][\/vc_column][\/vc_row][vc_row css=&#8221;.vc_custom_1614870622781{margin-top: 60px !important;padding-bottom: 20px !important;background-color: #dadfe1 !important;}&#8221;][vc_column width=&#8221;1\/12&#8243;][vc_empty_space][\/vc_column][vc_column width=&#8221;6\/12&#8243;][vc_empty_space height=&#8221;22px&#8221;][vc_column_text el_class=&#8221;p-16&#8243;]<\/p>\n<h6>Gode grunde til at f\u00e5 en ny vaskeril\u00f8sning i dit g\u00e6stevaskeri:<\/h6>\n<p><span style=\"font-size: 14px;\">\u25ba<\/span>\u00a0 Ultrakorte vaske- og t\u00f8rretider<br \/>\n<span style=\"font-size: 14px;\">\u25ba<\/span>\u00a0 Nem betjening med valg af mange forskellige sprog<br \/>\n<span style=\"font-size: 14px;\">\u25ba<\/span>\u00a0 Mere tilfredse g\u00e6ster<br \/>\n<span style=\"font-size: 14px;\">\u25ba<\/span>\u00a0 F\u00e6rre problemer og mere stabil drift<br \/>\n<span style=\"font-size: 14px;\">\u25ba<\/span>\u00a0 Ingen virus eller bakterier i vasket\u00f8jet<br \/>\n<span style=\"font-size: 14px;\">\u25ba<\/span>\u00a0 Administrationsfri betaling og h\u00f8jere indtjening fra vaskeriet[\/vc_column_text][\/vc_column][vc_column width=&#8221;5\/12&#8243;][vc_row_inner][vc_column_inner offset=&#8221;vc_hidden-lg vc_hidden-md vc_hidden-sm&#8221;][vc_empty_space height=&#8221;80px&#8221;][\/vc_column_inner][\/vc_row_inner][vc_single_image image=&#8221;19456&#8243; img_size=&#8221;full&#8221; css=&#8221;.vc_custom_1757500078204{margin-top: -60px !important;}&#8221;][\/vc_column][\/vc_row][vc_row css=&#8221;.vc_custom_1614872182410{padding-top: 50px !important;padding-bottom: 50px !important;}&#8221;][vc_column width=&#8221;1\/2&#8243;][vc_empty_space][vc_single_image image=&#8221;19406&#8243; img_size=&#8221;full&#8221;][\/vc_column][vc_column width=&#8221;1\/2&#8243;][vc_empty_space height=&#8221;60px&#8221;][elx_heading font_size=&#8221;h2&#8243; text_color=&#8221;inherit&#8221; text_align=&#8221;text-left&#8221;]Win win: Nemt for dig. Og nemt for dine g\u00e6ster.[\/elx_heading][vc_column_text el_class=&#8221;p-16&#8243;]Driften af \u200b\u200bet g\u00e6stevaskeri skal tage et minimum af din tid og k\u00f8re uden afbrydelse og nedbrud. Ved at installere vores maskiner til g\u00e6stet\u00f8jet sammen med et af vores smarte betalings- og reservationssystemer,\u00a0 f\u00e5r du en sikker, holdbar og p\u00e5lidelig l\u00f8sning, som vil h\u00f8jne dine g\u00e6sters tilfredshed.[\/vc_column_text][vc_empty_space][elx_o2000_contact_us s=&#8221;Jeg vil gerne h\u00f8re mere om vaskeril\u00f8sninger til campingpladser og marina.&#8221; campaign=&#8221;7015p000001NznHAAS&#8221; text_send_button=&#8221;KONTAKT MIG MED TILBUD&#8221; flag_hide_request_type=&#8221;true&#8221; country=&#8221;Denmark&#8221; b=&#8221;laundry&#8221; text_color=&#8221;#14133B&#8221; button_mode=&#8221;true&#8221; container=&#8221;elxcontactus1473161992&#8243; r=&#8221;Jeg vil gerne h\u00f8re mere om vaskeril\u00f8sninger til campingpladser og marina.&#8221; l=&#8221;dk&#8221; e=&#8221;jennie.walther@electroluxprofessional.com&#8221; text_btn_contact=&#8221;Sp\u00f8rgsm\u00e5l? Bliv kontaktet og f\u00e5 svar&#8221;][\/vc_column][\/vc_row][vc_row][vc_column css=&#8221;.vc_custom_1614933601467{margin-top: 20px !important;border-top-width: 1px !important;padding-top: 10px !important;border-top-color: #dadfe1 !important;border-top-style: solid !important;}&#8221;][vc_empty_space][\/vc_column][\/vc_row][vc_row][vc_column width=&#8221;1\/3&#8243;][elx_heading text_color=&#8221;inherit&#8221;]Hurtigt og nemt![\/elx_heading][vc_column_text el_class=&#8221;p-16&#8243;]Vaskemaskinen WH6-6 med ekstra hurtige specielle programmer til fritidsfaciliteter og t\u00f8rretumbleren TD6-7 er en l\u00f8sning, der er hurtig, \u00f8konomisk og nem at bruge.<\/p>\n<p><span style=\"font-size: 13px;\">\u25ba<\/span>\u00a0 Max vasketid p\u00e5 <strong>37 min.<\/strong><br \/>\n<span style=\"font-size: 13px;\">\u25ba<\/span>\u00a0 Vasker og t\u00f8rrer en maskinfuld p\u00e5 <strong> 60 min.<\/strong><br \/>\n<span style=\"font-size: 13px;\">\u25ba<\/span>\u00a0 Let at anvende<br \/>\n<span style=\"font-size: 13px;\">\u25ba<\/span>\u00a0 Lave driftsomkostninger[\/vc_column_text][\/vc_column][vc_column width=&#8221;1\/3&#8243;][elx_heading text_color=&#8221;inherit&#8221;]Betalingssystemer[\/elx_heading][vc_column_text el_class=&#8221;p-16&#8243;]Vi tilbyder en r\u00e6kke forskellige<strong> betalings- og reservationsl\u00f8sninger<\/strong>, som kan anvendes af dine g\u00e6ster. Alle vores systemer er nemme at anvende og giver dig et minimum af administration. Vores vaskemaskine og t\u00f8rretumbler kan f.eks. udstyres med:<\/p>\n<p><span style=\"font-size: 13px;\">\u25ba<\/span>\u00a0 Almindelig m\u00f8ntboks<br \/>\n<span style=\"font-size: 13px;\">\u25ba<\/span>\u00a0 Betaling via app-l\u00f8sning<br \/>\n<span style=\"font-size: 13px;\">\u25ba<\/span>\u00a0 Kortbetaling[\/vc_column_text][\/vc_column][vc_column width=&#8221;1\/3&#8243;][elx_heading text_color=&#8221;inherit&#8221;]Finansiering[\/elx_heading][vc_column_text el_class=&#8221;p-16&#8243;]Vi tilbyder flere forskellige finansieringsl\u00f8sninger, som kan tilpasses dine \u00f8nsker og behov &#8211; herunder <strong>kontantk\u00f8b<\/strong>, <strong>leasing<\/strong> eller <strong>OnE Demand<\/strong>, hvor vi leverer maskinerne <strong>gratis<\/strong> og st\u00e5r for <strong>driften<\/strong> af vaskeriet.[\/vc_column_text][elx_button button_text=&#8221;L\u00e6s mere om OnE Demand&#8221; button_style=&#8221;icon&#8221; button_link=&#8221;url:https%3A%2F%2Fwww.electroluxprofessional.com%2Fdk%2Fone-demand-pay-per-use%2F|title:OnE%20Demand|target:%20_blank|&#8221;][\/vc_column][\/vc_row][vc_row][vc_column css=&#8221;.vc_custom_1615293888617{margin-top: 60px !important;border-top-width: 1px !important;padding-top: 10px !important;border-top-color: #dadfe1 !important;border-top-style: solid !important;}&#8221;][vc_empty_space][\/vc_column][\/vc_row][vc_row css=&#8221;.vc_custom_1615293897962{margin-top: 40px !important;}&#8221;][vc_column width=&#8221;1\/2&#8243;][vc_row_inner][vc_column_inner offset=&#8221;vc_hidden-xs&#8221;][vc_empty_space][\/vc_column_inner][\/vc_row_inner][vc_column_text el_class=&#8221;p-16&#8243;]K\u00f8rer jeres maskiner max 3 gange om dagen?<br \/>\nS\u00e5 er myPRO Vask &amp; T\u00f8r lige noget for jer.[\/vc_column_text][elx_button button_text=&#8221;myPRO fra Electrolux Professional&#8221; button_style=&#8221;icon&#8221; button_display_block=&#8221;display_block_on&#8221; button_link=&#8221;url:https%3A%2F%2Fwww.electroluxprofessional.com%2Fdk%2Fmyprozip-gaestebetjente-vaskerier%2F|title:myPRO&#8221;][\/vc_column][vc_column width=&#8221;1\/2&#8243;][elx_image_block background_image=&#8221;19424&#8243; minimum_height=&#8221;200px&#8221;][\/vc_column][\/vc_row][vc_row css=&#8221;.vc_custom_1615219073767{margin-top: 80px !important;padding-top: 32px !important;padding-bottom: 32px !important;background-color: #041e41 !important;}&#8221; el_id=&#8221;leasing&#8221;][vc_column width=&#8221;2\/3&#8243;][vc_empty_space][vc_column_text el_class=&#8221;p-16&#8243;]<\/p>\n<h6><span style=\"color: #d90009;\">EKSEMPEL P\u00c5 LEASINGL\u00d8SNING AF VASKEMASKINE OG T\u00d8RRETUMBLER<\/span><\/h6>\n<p>[\/vc_column_text][vc_empty_space][elx_heading text_color=&#8221;white&#8221;]G\u00e6stevaskeriet &#8211; god service og god indtjening![\/elx_heading][vc_empty_space height=&#8221;16px&#8221;][vc_column_text el_class=&#8221;p-16-white&#8221;]Med et g\u00e6stevaskeri tilbyder du ikke kun dine g\u00e6ster en v\u00e6rdsat service, det er ogs\u00e5 en fantastisk indt\u00e6gtskilde for din campingplads, marina eller B&amp;B.[\/vc_column_text][vc_row_inner full_width=&#8221;electroluxpro-container-no-padding&#8221; css=&#8221;.vc_custom_1614936233018{margin-top: 60px !important;}&#8221;][vc_column_inner width=&#8221;2\/3&#8243; css=&#8221;.vc_custom_1614935803208{border-bottom-width: 1px !important;padding-bottom: 14px !important;border-bottom-color: #ffffff !important;border-bottom-style: solid !important;}&#8221;][vc_column_text el_class=&#8221;p-16-white&#8221;]<\/p>\n<h6>Regneksempel for g\u00e6stevaskeri som indt\u00e6gtskilde:<\/h6>\n<p>Indt\u00e6gt: 9.000 kr \/m\u00e5ned *<br \/>\nOmkostning: fra 750 kr\/m\u00e5ned **[\/vc_column_text][\/vc_column_inner][vc_column_inner width=&#8221;1\/3&#8243;][\/vc_column_inner][\/vc_row_inner][vc_row_inner full_width=&#8221;electroluxpro-container-no-padding&#8221; css=&#8221;.vc_custom_1614935277216{margin-top: 14px !important;}&#8221;][vc_column_inner][vc_column_text el_class=&#8221;p-16-white&#8221;]Resultat: (9.000 kr. &#8211; 750 kr.) =<strong> Indt\u00e6gt p\u00e5 8.250 kr.\/m\u00e5ned<\/strong><\/p>\n<p class=\"p-14\">* (M\u00e5nedsindt\u00e6gten er beregnet i h\u00f8js\u00e6sonen med 10 betalende vaske pr. dag \u00e1 30 kr.\/vask<br \/>\n** (M\u00e5nedsomkostningen er beregnet ved leasing af vaskemaskine WH6-6 og t\u00f8rretumbler TD6-6)<\/p>\n<p>[\/vc_column_text][\/vc_column_inner][\/vc_row_inner][\/vc_column][vc_column width=&#8221;1\/3&#8243;][vc_single_image image=&#8221;19408&#8243; img_size=&#8221;250&#215;654&#8243; alignment=&#8221;center&#8221;][\/vc_column][\/vc_row][vc_row][vc_column][vc_empty_space height=&#8221;50px&#8221;][\/vc_column][\/vc_row][vc_row][vc_column][vc_column_text][\/vc_column_text][\/vc_column][\/vc_row][vc_row disable_element=&#8221;yes&#8221;][vc_column width=&#8221;1\/3&#8243;][vc_empty_space][\/vc_column][vc_column width=&#8221;1\/3&#8243;][vc_empty_space][vc_single_image image=&#8221;19185&#8243; img_size=&#8221;300*300&#8243; alignment=&#8221;center&#8221;][vc_column_text]<\/p>\n<p style=\"text-align: center;\">Teamed to serve you. Anytime, anywhere<\/p>\n<p>[\/vc_column_text][vc_empty_space][\/vc_column][vc_column width=&#8221;1\/3&#8243;][\/vc_column][\/vc_row][vc_row][vc_column][vc_column_text][\/vc_column_text][\/vc_column][\/vc_row][vc_row][vc_column][vc_column_text][\/vc_column_text][\/vc_column][\/vc_row][vc_row][vc_column][vc_column_text][\/vc_column_text][\/vc_column][\/vc_row][vc_row disable_element=&#8221;yes&#8221; css=&#8221;.vc_custom_1613120629995{background-color: #041e41 !important;}&#8221;][vc_column width=&#8221;1\/3&#8243;][vc_empty_space][elx_heading text_color=&#8221;white&#8221;]<span style=\"color: #ffffff;\">Uppt\u00e4ck Essentia<\/span>[\/elx_heading][vc_column_text]<span style=\"color: #ffffff;\">Vi ger dig det st\u00f6d du beh\u00f6ver och tar hand om din verksamhet med ett p\u00e5litligt servicen\u00e4tverk, en rad skr\u00e4ddarsydda exklusiva tj\u00e4nster och innovativ teknik.<\/span>[\/vc_column_text][\/vc_column][vc_column width=&#8221;1\/3&#8243;][vc_empty_space][elx_heading text_color=&#8221;white&#8221;]Serviceavtal[\/elx_heading][vc_column_text]<span style=\"color: #ffffff;\">V\u00e4lj mellan flera olika serviceavtal. \u00d6ka drifttiden f\u00f6r ditt f\u00f6retag och uppr\u00e4tth\u00e5ll b\u00e4sta prestanda f\u00f6r din utrustning.<\/span>[\/vc_column_text][\/vc_column][vc_column width=&#8221;1\/3&#8243;][vc_empty_space][elx_heading text_color=&#8221;white&#8221;]<span style=\"color: #ffffff;\">Hj\u00e4rtat i OnE<\/span>[\/elx_heading][vc_column_text]<span style=\"color: #ffffff;\">En unik partner med helhetsl\u00f6sningar fr\u00e5n planering och installation, till skr\u00e4ddarsydd utbildning och dedikerad service. Med OnE optimerar vi arbetsfl\u00f6det och undviker driftstopp, vilket \u00f6kar din produktivitet och prestanda.<br \/>\n<\/span>[\/vc_column_text][\/vc_column][\/vc_row][vc_row][vc_column][vc_column_text][\/vc_column_text][\/vc_column][\/vc_row][vc_row disable_element=&#8221;yes&#8221; css=&#8221;.vc_custom_1613123863251{background-color: #041e41 !important;}&#8221;][vc_column width=&#8221;1\/3&#8243;][vc_empty_space][elx_button button_text=&#8221;Tillbeh\u00f6r och f\u00f6rbrukningsartiklar&#8221; button_link=&#8221;url:https%3A%2F%2Fwww.electroluxprofessional.com%2Fdk%2Ftillbehor%2F|title:Service%20agreements||&#8221;][\/vc_column][vc_column width=&#8221;1\/3&#8243;][vc_empty_space][elx_button button_text=&#8221;H\u00d6J DIN STANDARD&#8221; button_link=&#8221;url:https%3A%2F%2Fwww.electroluxprofessional.com%2Fdk%2Fservice-och-support%2F|title:Service%20agreements||&#8221;][\/vc_column][vc_column width=&#8221;1\/3&#8243;][vc_empty_space][elx_button button_text=&#8221;Uppt\u00e4ck OnE&#8221; button_link=&#8221;url:https%3A%2F%2Fwww.electroluxprofessional.com%2Fdk%2Fom-oss%2F|title:Service%20agreements||&#8221;][\/vc_column][\/vc_row]<\/p>\n","protected":false},"excerpt":{"rendered":"<p>[vc_row full_width=&#8221;electroluxpro-full-width-no-padding&#8221; css=&#8221;.vc_custom_1614868821120{background-color: #ffffff !important;}&#8221;][vc_column reveal_effect=&#8221;&#8221;][elx_image_block background_image=&#8221;5488&#8243; minimum_height=&#8221;400px&#8221;][\/vc_column][\/vc_row][vc_row css=&#8221;.vc_custom_1614869084068{margin-top: 60px !important;}&#8221;][vc_column width=&#8221;1\/12&#8243;][vc_row_inner][vc_column_inner offset=&#8221;vc_hidden-xs&#8221;][vc_empty_space][\/vc_column_inner][\/vc_row_inner][\/vc_column][vc_column width=&#8221;10\/12&#8243;][elx_heading font_container=&#8221;h1&#8243; text_color=&#8221;electrolux-blue&#8221; text_align=&#8221;text-left&#8221;]Vaskeril\u00f8sninger til camping, B&amp;B og marina [\/elx_heading][vc_empty_space][vc_column_text el_class=&#8221;p-16&#8243;]T\u00f8jvask er et af de omr\u00e5der, hvor du relativt nemt kan forbedre servicen overfor dine g\u00e6ster. Samtidig er det en god mulighed for ekstra indtjening til dig. Se et regneeksempel Med vaskemaskiner [&hellip;]<\/p>\n","protected":false},"author":4,"featured_media":5488,"parent":0,"menu_order":0,"comment_status":"closed","ping_status":"closed","template":"","meta":{"footnotes":""},"class_list":["post-19187","page","type-page","status-publish","has-post-thumbnail","hentry"],"acf":[],"yoast_head":"<!-- This site is optimized with the Yoast SEO plugin v23.3 - https:\/\/yoast.com\/wordpress\/plugins\/seo\/ -->\n<title>Camping og marina: Her er en effektiv vaskeril\u00f8sning<\/title>\n<meta name=\"description\" content=\"Glade g\u00e6ster kommer igen. Med Electrolux Professional f\u00e5r dine g\u00e6ster driftssikre maskiner, der vasker hurtigt og effektivt de n\u00e6ste mange \u00e5r. Camping plads eller marina bliver attraktiv.\" \/>\n<meta name=\"robots\" content=\"index, follow, max-snippet:-1, max-image-preview:large, max-video-preview:-1\" \/>\n<link rel=\"canonical\" href=\"https:\/\/www.electroluxprofessional.com\/dk\/camping-marina\/\" \/>\n<meta property=\"og:locale\" content=\"da_DK\" \/>\n<meta property=\"og:type\" content=\"article\" \/>\n<meta property=\"og:title\" content=\"Camping og marina: Her er en effektiv vaskeril\u00f8sning\" \/>\n<meta property=\"og:description\" content=\"Glade g\u00e6ster kommer igen. Med Electrolux Professional f\u00e5r dine g\u00e6ster driftssikre maskiner, der vasker hurtigt og effektivt de n\u00e6ste mange \u00e5r. Camping plads eller marina bliver attraktiv.\" \/>\n<meta property=\"og:url\" content=\"https:\/\/www.electroluxprofessional.com\/dk\/camping-marina\/\" \/>\n<meta property=\"og:site_name\" content=\"Electrolux Professional Danmark\" \/>\n<meta property=\"article:modified_time\" content=\"2025-09-10T10:28:12+00:00\" \/>\n<meta property=\"og:image\" content=\"https:\/\/www.electroluxprofessional.com\/dk\/wp-content\/uploads\/2020\/06\/camping2000pxSE.jpg\" \/>\n<meta name=\"twitter:card\" content=\"summary_large_image\" \/>\n<meta name=\"twitter:label1\" content=\"Estimeret l\u00e6setid\" \/>\n\t<meta name=\"twitter:data1\" content=\"5 minutter\" \/>\n<script type=\"application\/ld+json\" class=\"yoast-schema-graph\">{\"@context\":\"https:\/\/schema.org\",\"@graph\":[{\"@type\":\"WebPage\",\"@id\":\"https:\/\/www.electroluxprofessional.com\/dk\/camping-marina\/\",\"url\":\"https:\/\/www.electroluxprofessional.com\/dk\/camping-marina\/\",\"name\":\"Camping og marina: Her er en effektiv vaskeril\u00f8sning\",\"isPartOf\":{\"@id\":\"https:\/\/www.electroluxprofessional.com\/dk\/#website\"},\"primaryImageOfPage\":{\"@id\":\"https:\/\/www.electroluxprofessional.com\/dk\/camping-marina\/#primaryimage\"},\"image\":{\"@id\":\"https:\/\/www.electroluxprofessional.com\/dk\/camping-marina\/#primaryimage\"},\"thumbnailUrl\":\"https:\/\/www.electroluxprofessional.com\/dk\/wp-content\/uploads\/2018\/05\/camping-marina_top.jpg\",\"datePublished\":\"2025-09-09T08:15:33+00:00\",\"dateModified\":\"2025-09-10T10:28:12+00:00\",\"description\":\"Glade g\u00e6ster kommer igen. Med Electrolux Professional f\u00e5r dine g\u00e6ster driftssikre maskiner, der vasker hurtigt og effektivt de n\u00e6ste mange \u00e5r. Camping plads eller marina bliver attraktiv.\",\"breadcrumb\":{\"@id\":\"https:\/\/www.electroluxprofessional.com\/dk\/camping-marina\/#breadcrumb\"},\"inLanguage\":\"da-DK\",\"potentialAction\":[{\"@type\":\"ReadAction\",\"target\":[\"https:\/\/www.electroluxprofessional.com\/dk\/camping-marina\/\"]}]},{\"@type\":\"ImageObject\",\"inLanguage\":\"da-DK\",\"@id\":\"https:\/\/www.electroluxprofessional.com\/dk\/camping-marina\/#primaryimage\",\"url\":\"https:\/\/www.electroluxprofessional.com\/dk\/wp-content\/uploads\/2018\/05\/camping-marina_top.jpg\",\"contentUrl\":\"https:\/\/www.electroluxprofessional.com\/dk\/wp-content\/uploads\/2018\/05\/camping-marina_top.jpg\",\"width\":4517,\"height\":971,\"caption\":\"camping-marina_top\"},{\"@type\":\"BreadcrumbList\",\"@id\":\"https:\/\/www.electroluxprofessional.com\/dk\/camping-marina\/#breadcrumb\",\"itemListElement\":[{\"@type\":\"ListItem\",\"position\":1,\"name\":\"Home\",\"item\":\"https:\/\/www.electroluxprofessional.com\/dk\/\"},{\"@type\":\"ListItem\",\"position\":2,\"name\":\"Camping og marina\"}]},{\"@type\":\"WebSite\",\"@id\":\"https:\/\/www.electroluxprofessional.com\/dk\/#website\",\"url\":\"https:\/\/www.electroluxprofessional.com\/dk\/\",\"name\":\"Electrolux Professional Danmark\",\"description\":\"\",\"potentialAction\":[{\"@type\":\"SearchAction\",\"target\":{\"@type\":\"EntryPoint\",\"urlTemplate\":\"https:\/\/www.electroluxprofessional.com\/dk\/?src={search_term_string}\"},\"query-input\":\"required name=search_term_string\"}],\"inLanguage\":\"da-DK\"}]}<\/script>\n<!-- \/ Yoast SEO plugin. -->","yoast_head_json":{"title":"Camping og marina: Her er en effektiv vaskeril\u00f8sning","description":"Glade g\u00e6ster kommer igen. Med Electrolux Professional f\u00e5r dine g\u00e6ster driftssikre maskiner, der vasker hurtigt og effektivt de n\u00e6ste mange \u00e5r. Camping plads eller marina bliver attraktiv.","robots":{"index":"index","follow":"follow","max-snippet":"max-snippet:-1","max-image-preview":"max-image-preview:large","max-video-preview":"max-video-preview:-1"},"canonical":"https:\/\/www.electroluxprofessional.com\/dk\/camping-marina\/","og_locale":"da_DK","og_type":"article","og_title":"Camping og marina: Her er en effektiv vaskeril\u00f8sning","og_description":"Glade g\u00e6ster kommer igen. Med Electrolux Professional f\u00e5r dine g\u00e6ster driftssikre maskiner, der vasker hurtigt og effektivt de n\u00e6ste mange \u00e5r. Camping plads eller marina bliver attraktiv.","og_url":"https:\/\/www.electroluxprofessional.com\/dk\/camping-marina\/","og_site_name":"Electrolux Professional Danmark","article_modified_time":"2025-09-10T10:28:12+00:00","og_image":[{"url":"https:\/\/www.electroluxprofessional.com\/dk\/wp-content\/uploads\/2020\/06\/camping2000pxSE.jpg"}],"twitter_card":"summary_large_image","twitter_misc":{"Estimeret l\u00e6setid":"5 minutter"},"schema":{"@context":"https:\/\/schema.org","@graph":[{"@type":"WebPage","@id":"https:\/\/www.electroluxprofessional.com\/dk\/camping-marina\/","url":"https:\/\/www.electroluxprofessional.com\/dk\/camping-marina\/","name":"Camping og marina: Her er en effektiv vaskeril\u00f8sning","isPartOf":{"@id":"https:\/\/www.electroluxprofessional.com\/dk\/#website"},"primaryImageOfPage":{"@id":"https:\/\/www.electroluxprofessional.com\/dk\/camping-marina\/#primaryimage"},"image":{"@id":"https:\/\/www.electroluxprofessional.com\/dk\/camping-marina\/#primaryimage"},"thumbnailUrl":"https:\/\/www.electroluxprofessional.com\/dk\/wp-content\/uploads\/2018\/05\/camping-marina_top.jpg","datePublished":"2025-09-09T08:15:33+00:00","dateModified":"2025-09-10T10:28:12+00:00","description":"Glade g\u00e6ster kommer igen. Med Electrolux Professional f\u00e5r dine g\u00e6ster driftssikre maskiner, der vasker hurtigt og effektivt de n\u00e6ste mange \u00e5r. Camping plads eller marina bliver attraktiv.","breadcrumb":{"@id":"https:\/\/www.electroluxprofessional.com\/dk\/camping-marina\/#breadcrumb"},"inLanguage":"da-DK","potentialAction":[{"@type":"ReadAction","target":["https:\/\/www.electroluxprofessional.com\/dk\/camping-marina\/"]}]},{"@type":"ImageObject","inLanguage":"da-DK","@id":"https:\/\/www.electroluxprofessional.com\/dk\/camping-marina\/#primaryimage","url":"https:\/\/www.electroluxprofessional.com\/dk\/wp-content\/uploads\/2018\/05\/camping-marina_top.jpg","contentUrl":"https:\/\/www.electroluxprofessional.com\/dk\/wp-content\/uploads\/2018\/05\/camping-marina_top.jpg","width":4517,"height":971,"caption":"camping-marina_top"},{"@type":"BreadcrumbList","@id":"https:\/\/www.electroluxprofessional.com\/dk\/camping-marina\/#breadcrumb","itemListElement":[{"@type":"ListItem","position":1,"name":"Home","item":"https:\/\/www.electroluxprofessional.com\/dk\/"},{"@type":"ListItem","position":2,"name":"Camping og marina"}]},{"@type":"WebSite","@id":"https:\/\/www.electroluxprofessional.com\/dk\/#website","url":"https:\/\/www.electroluxprofessional.com\/dk\/","name":"Electrolux Professional Danmark","description":"","potentialAction":[{"@type":"SearchAction","target":{"@type":"EntryPoint","urlTemplate":"https:\/\/www.electroluxprofessional.com\/dk\/?src={search_term_string}"},"query-input":"required name=search_term_string"}],"inLanguage":"da-DK"}]}},"_links":{"self":[{"href":"https:\/\/www.electroluxprofessional.com\/dk\/wp-json\/wp\/v2\/pages\/19187"}],"collection":[{"href":"https:\/\/www.electroluxprofessional.com\/dk\/wp-json\/wp\/v2\/pages"}],"about":[{"href":"https:\/\/www.electroluxprofessional.com\/dk\/wp-json\/wp\/v2\/types\/page"}],"author":[{"embeddable":true,"href":"https:\/\/www.electroluxprofessional.com\/dk\/wp-json\/wp\/v2\/users\/4"}],"replies":[{"embeddable":true,"href":"https:\/\/www.electroluxprofessional.com\/dk\/wp-json\/wp\/v2\/comments?post=19187"}],"version-history":[{"count":58,"href":"https:\/\/www.electroluxprofessional.com\/dk\/wp-json\/wp\/v2\/pages\/19187\/revisions"}],"predecessor-version":[{"id":30871,"href":"https:\/\/www.electroluxprofessional.com\/dk\/wp-json\/wp\/v2\/pages\/19187\/revisions\/30871"}],"wp:featuredmedia":[{"embeddable":true,"href":"https:\/\/www.electroluxprofessional.com\/dk\/wp-json\/wp\/v2\/media\/5488"}],"wp:attachment":[{"href":"https:\/\/www.electroluxprofessional.com\/dk\/wp-json\/wp\/v2\/media?parent=19187"}],"curies":[{"name":"wp","href":"https:\/\/api.w.org\/{rel}","templated":true}]}}