{"id":18879,"date":"2021-12-27T08:57:36","date_gmt":"2021-12-27T08:57:36","guid":{"rendered":"https:\/\/www.electroluxprofessional.com\/dk\/?page_id=18879"},"modified":"2021-12-28T09:16:17","modified_gmt":"2021-12-28T09:16:17","slug":"finansiering-af-vaskeriloesning","status":"publish","type":"page","link":"https:\/\/www.electroluxprofessional.com\/dk\/finansiering-af-vaskeriloesning\/","title":{"rendered":"Finansiering af vaskeril\u00f8sning \u2013 kontakt"},"content":{"rendered":"<p>[vc_row css=&#8221;.vc_custom_1611651559672{background-color: #dadfe1 !important;}&#8221;][vc_column][vc_empty_space][elx_heading font_container=&#8221;h1&#8243; text_color=&#8221;electrolux-blue&#8221; text_align=&#8221;text-left&#8221; css=&#8221;.vc_custom_1611651009776{margin-top: 50px !important;margin-bottom: 50px !important;}&#8221;]Dine muligheder for finansiering af vaskeril\u00f8sning[\/elx_heading][vc_row_inner][vc_column_inner offset=&#8221;vc_hidden-xs&#8221;][vc_empty_space height=&#8221;50px&#8221;][\/vc_column_inner][\/vc_row_inner][vc_row_inner][vc_column_inner offset=&#8221;vc_hidden-lg vc_hidden-md vc_hidden-sm&#8221;][vc_empty_space height=&#8221;30px&#8221;][\/vc_column_inner][\/vc_row_inner][\/vc_column][\/vc_row][vc_row][vc_column][vc_empty_space][vc_column_text css=&#8221;.vc_custom_1611651079781{margin-bottom: 30px !important;}&#8221; el_class=&#8221;p-16&#8243;]Jeg vil gerne vide mere om vores muligheder for at f\u00e5 finansieret en vaskeril\u00f8sning til vores ejer- og andelsboligforening.[\/vc_column_text][\/vc_column][\/vc_row][vc_row][vc_column width=&#8221;1\/2&#8243;][vc_row_inner css=&#8221;.vc_custom_1611651442327{border-top-width: 1px !important;border-right-width: 1px !important;border-bottom-width: 1px !important;border-left-width: 1px !important;padding-top: 20px !important;padding-right: 20px !important;padding-bottom: 20px !important;padding-left: 20px !important;border-left-color: #dadfe1 !important;border-left-style: solid !important;border-right-color: #dadfe1 !important;border-right-style: solid !important;border-top-color: #dadfe1 !important;border-top-style: solid !important;border-bottom-color: #dadfe1 !important;border-bottom-style: solid !important;}&#8221;][vc_column_inner][elx_heading font_container=&#8221;h4&#8243; text_color=&#8221;electrolux-blue&#8221; text_align=&#8221;text-left&#8221; css=&#8221;.vc_custom_1611651103945{padding-left: 0px !important;}&#8221;]Kontakt mig om finansiering![\/elx_heading][vc_empty_space height=&#8221;20px&#8221;][elx_o2000_contact_us r=&#8221;Kontakt mig om mine muligheder for finansiering &#8230;&#8221; s=&#8221;Kontakt om muligheder for finansiering&#8221; campaign=&#8221;7015p000001Nyu7AAC&#8221; text_send_button=&#8221;Kontakt mig om finansiering&#8221; country=&#8221;Denmark&#8221; b=&#8221;laundry&#8221; l=&#8221;dk&#8221; e=&#8221;lasse@relevans.dk;stine@relevans.dk&#8221;][\/vc_column_inner][\/vc_row_inner][vc_empty_space][\/vc_column][vc_column width=&#8221;1\/2&#8243;][vc_row_inner][vc_column_inner][vc_single_image image=&#8221;14241&#8243; img_size=&#8221;400&#215;300&#8243;][vc_empty_space][\/vc_column_inner][\/vc_row_inner][vc_row_inner][vc_column_inner width=&#8221;7\/12&#8243;][vc_column_text el_class=&#8221;p-14&#8243;]<\/p>\n<h6>F\u00e5 mere at vide?<\/h6>\n<p>Du kan ogs\u00e5 kontakte Electrolux Professional p\u00e5 tlf. 63 76 22 20[\/vc_column_text][\/vc_column_inner][vc_column_inner width=&#8221;5\/12&#8243;][\/vc_column_inner][\/vc_row_inner][\/vc_column][\/vc_row][vc_row][vc_column][vc_empty_space height=&#8221;60px&#8221;][\/vc_column][\/vc_row]<\/p>\n","protected":false},"excerpt":{"rendered":"<p>[vc_row css=&#8221;.vc_custom_1611651559672{background-color: #dadfe1 !important;}&#8221;][vc_column][vc_empty_space][elx_heading font_container=&#8221;h1&#8243; text_color=&#8221;electrolux-blue&#8221; text_align=&#8221;text-left&#8221; css=&#8221;.vc_custom_1611651009776{margin-top: 50px !important;margin-bottom: 50px !important;}&#8221;]Dine muligheder for finansiering af vaskeril\u00f8sning[\/elx_heading][vc_row_inner][vc_column_inner offset=&#8221;vc_hidden-xs&#8221;][vc_empty_space height=&#8221;50px&#8221;][\/vc_column_inner][\/vc_row_inner][vc_row_inner][vc_column_inner offset=&#8221;vc_hidden-lg vc_hidden-md vc_hidden-sm&#8221;][vc_empty_space height=&#8221;30px&#8221;][\/vc_column_inner][\/vc_row_inner][\/vc_column][\/vc_row][vc_row][vc_column][vc_empty_space][vc_column_text css=&#8221;.vc_custom_1611651079781{margin-bottom: 30px !important;}&#8221; el_class=&#8221;p-16&#8243;]Jeg vil gerne vide mere om vores muligheder for at f\u00e5 finansieret en vaskeril\u00f8sning til vores ejer- og andelsboligforening.[\/vc_column_text][\/vc_column][\/vc_row][vc_row][vc_column width=&#8221;1\/2&#8243;][vc_row_inner css=&#8221;.vc_custom_1611651442327{border-top-width: 1px !important;border-right-width: 1px !important;border-bottom-width: 1px !important;border-left-width: 1px !important;padding-top: [&hellip;]<\/p>\n","protected":false},"author":64,"featured_media":0,"parent":0,"menu_order":0,"comment_status":"closed","ping_status":"closed","template":"","meta":{"footnotes":""},"class_list":["post-18879","page","type-page","status-publish","hentry"],"acf":[],"yoast_head":"<!-- This site is optimized with the Yoast SEO plugin v23.3 - https:\/\/yoast.com\/wordpress\/plugins\/seo\/ -->\n<title>Finansiering af vaskeril\u00f8sning til det lille f\u00e6llesvaskeri<\/title>\n<meta name=\"description\" content=\"\u00d8nsker du at f\u00e5 mere at vide om finansiering af et lille f\u00e6llesvaskeri til ejer- eller andelsboligforening \u2013 eller har du sp\u00f8rgsm\u00e5l til vores vaskeril\u00f8sninger \u2013 s\u00e5 Electrolux Professional lige her.\" \/>\n<meta name=\"robots\" content=\"index, follow, max-snippet:-1, max-image-preview:large, max-video-preview:-1\" \/>\n<link rel=\"canonical\" href=\"https:\/\/www.electroluxprofessional.com\/dk\/finansiering-af-vaskeriloesning\/\" \/>\n<meta property=\"og:locale\" content=\"da_DK\" \/>\n<meta property=\"og:type\" content=\"article\" \/>\n<meta property=\"og:title\" content=\"Finansiering af vaskeril\u00f8sning til det lille f\u00e6llesvaskeri\" \/>\n<meta property=\"og:description\" content=\"\u00d8nsker du at f\u00e5 mere at vide om finansiering af et lille f\u00e6llesvaskeri til ejer- eller andelsboligforening \u2013 eller har du sp\u00f8rgsm\u00e5l til vores vaskeril\u00f8sninger \u2013 s\u00e5 Electrolux Professional lige her.\" \/>\n<meta property=\"og:url\" content=\"https:\/\/www.electroluxprofessional.com\/dk\/finansiering-af-vaskeriloesning\/\" \/>\n<meta property=\"og:site_name\" content=\"Electrolux Professional Danmark\" \/>\n<meta property=\"article:modified_time\" content=\"2021-12-28T09:16:17+00:00\" \/>\n<meta name=\"twitter:card\" content=\"summary_large_image\" \/>\n<meta name=\"twitter:label1\" content=\"Estimeret l\u00e6setid\" \/>\n\t<meta name=\"twitter:data1\" content=\"2 minutter\" \/>\n<script type=\"application\/ld+json\" class=\"yoast-schema-graph\">{\"@context\":\"https:\/\/schema.org\",\"@graph\":[{\"@type\":\"WebPage\",\"@id\":\"https:\/\/www.electroluxprofessional.com\/dk\/finansiering-af-vaskeriloesning\/\",\"url\":\"https:\/\/www.electroluxprofessional.com\/dk\/finansiering-af-vaskeriloesning\/\",\"name\":\"Finansiering af vaskeril\u00f8sning til det lille f\u00e6llesvaskeri\",\"isPartOf\":{\"@id\":\"https:\/\/www.electroluxprofessional.com\/dk\/#website\"},\"datePublished\":\"2021-12-27T08:57:36+00:00\",\"dateModified\":\"2021-12-28T09:16:17+00:00\",\"description\":\"\u00d8nsker du at f\u00e5 mere at vide om finansiering af et lille f\u00e6llesvaskeri til ejer- eller andelsboligforening \u2013 eller har du sp\u00f8rgsm\u00e5l til vores vaskeril\u00f8sninger \u2013 s\u00e5 Electrolux Professional lige her.\",\"breadcrumb\":{\"@id\":\"https:\/\/www.electroluxprofessional.com\/dk\/finansiering-af-vaskeriloesning\/#breadcrumb\"},\"inLanguage\":\"da-DK\",\"potentialAction\":[{\"@type\":\"ReadAction\",\"target\":[\"https:\/\/www.electroluxprofessional.com\/dk\/finansiering-af-vaskeriloesning\/\"]}]},{\"@type\":\"BreadcrumbList\",\"@id\":\"https:\/\/www.electroluxprofessional.com\/dk\/finansiering-af-vaskeriloesning\/#breadcrumb\",\"itemListElement\":[{\"@type\":\"ListItem\",\"position\":1,\"name\":\"Home\",\"item\":\"https:\/\/www.electroluxprofessional.com\/dk\/\"},{\"@type\":\"ListItem\",\"position\":2,\"name\":\"Finansiering af vaskeril\u00f8sning \u2013 kontakt\"}]},{\"@type\":\"WebSite\",\"@id\":\"https:\/\/www.electroluxprofessional.com\/dk\/#website\",\"url\":\"https:\/\/www.electroluxprofessional.com\/dk\/\",\"name\":\"Electrolux Professional Danmark\",\"description\":\"\",\"potentialAction\":[{\"@type\":\"SearchAction\",\"target\":{\"@type\":\"EntryPoint\",\"urlTemplate\":\"https:\/\/www.electroluxprofessional.com\/dk\/?src={search_term_string}\"},\"query-input\":\"required name=search_term_string\"}],\"inLanguage\":\"da-DK\"}]}<\/script>\n<!-- \/ Yoast SEO plugin. -->","yoast_head_json":{"title":"Finansiering af vaskeril\u00f8sning til det lille f\u00e6llesvaskeri","description":"\u00d8nsker du at f\u00e5 mere at vide om finansiering af et lille f\u00e6llesvaskeri til ejer- eller andelsboligforening \u2013 eller har du sp\u00f8rgsm\u00e5l til vores vaskeril\u00f8sninger \u2013 s\u00e5 Electrolux Professional lige her.","robots":{"index":"index","follow":"follow","max-snippet":"max-snippet:-1","max-image-preview":"max-image-preview:large","max-video-preview":"max-video-preview:-1"},"canonical":"https:\/\/www.electroluxprofessional.com\/dk\/finansiering-af-vaskeriloesning\/","og_locale":"da_DK","og_type":"article","og_title":"Finansiering af vaskeril\u00f8sning til det lille f\u00e6llesvaskeri","og_description":"\u00d8nsker du at f\u00e5 mere at vide om finansiering af et lille f\u00e6llesvaskeri til ejer- eller andelsboligforening \u2013 eller har du sp\u00f8rgsm\u00e5l til vores vaskeril\u00f8sninger \u2013 s\u00e5 Electrolux Professional lige her.","og_url":"https:\/\/www.electroluxprofessional.com\/dk\/finansiering-af-vaskeriloesning\/","og_site_name":"Electrolux Professional Danmark","article_modified_time":"2021-12-28T09:16:17+00:00","twitter_card":"summary_large_image","twitter_misc":{"Estimeret l\u00e6setid":"2 minutter"},"schema":{"@context":"https:\/\/schema.org","@graph":[{"@type":"WebPage","@id":"https:\/\/www.electroluxprofessional.com\/dk\/finansiering-af-vaskeriloesning\/","url":"https:\/\/www.electroluxprofessional.com\/dk\/finansiering-af-vaskeriloesning\/","name":"Finansiering af vaskeril\u00f8sning til det lille f\u00e6llesvaskeri","isPartOf":{"@id":"https:\/\/www.electroluxprofessional.com\/dk\/#website"},"datePublished":"2021-12-27T08:57:36+00:00","dateModified":"2021-12-28T09:16:17+00:00","description":"\u00d8nsker du at f\u00e5 mere at vide om finansiering af et lille f\u00e6llesvaskeri til ejer- eller andelsboligforening \u2013 eller har du sp\u00f8rgsm\u00e5l til vores vaskeril\u00f8sninger \u2013 s\u00e5 Electrolux Professional lige her.","breadcrumb":{"@id":"https:\/\/www.electroluxprofessional.com\/dk\/finansiering-af-vaskeriloesning\/#breadcrumb"},"inLanguage":"da-DK","potentialAction":[{"@type":"ReadAction","target":["https:\/\/www.electroluxprofessional.com\/dk\/finansiering-af-vaskeriloesning\/"]}]},{"@type":"BreadcrumbList","@id":"https:\/\/www.electroluxprofessional.com\/dk\/finansiering-af-vaskeriloesning\/#breadcrumb","itemListElement":[{"@type":"ListItem","position":1,"name":"Home","item":"https:\/\/www.electroluxprofessional.com\/dk\/"},{"@type":"ListItem","position":2,"name":"Finansiering af vaskeril\u00f8sning \u2013 kontakt"}]},{"@type":"WebSite","@id":"https:\/\/www.electroluxprofessional.com\/dk\/#website","url":"https:\/\/www.electroluxprofessional.com\/dk\/","name":"Electrolux Professional Danmark","description":"","potentialAction":[{"@type":"SearchAction","target":{"@type":"EntryPoint","urlTemplate":"https:\/\/www.electroluxprofessional.com\/dk\/?src={search_term_string}"},"query-input":"required name=search_term_string"}],"inLanguage":"da-DK"}]}},"_links":{"self":[{"href":"https:\/\/www.electroluxprofessional.com\/dk\/wp-json\/wp\/v2\/pages\/18879"}],"collection":[{"href":"https:\/\/www.electroluxprofessional.com\/dk\/wp-json\/wp\/v2\/pages"}],"about":[{"href":"https:\/\/www.electroluxprofessional.com\/dk\/wp-json\/wp\/v2\/types\/page"}],"author":[{"embeddable":true,"href":"https:\/\/www.electroluxprofessional.com\/dk\/wp-json\/wp\/v2\/users\/64"}],"replies":[{"embeddable":true,"href":"https:\/\/www.electroluxprofessional.com\/dk\/wp-json\/wp\/v2\/comments?post=18879"}],"version-history":[{"count":5,"href":"https:\/\/www.electroluxprofessional.com\/dk\/wp-json\/wp\/v2\/pages\/18879\/revisions"}],"predecessor-version":[{"id":22247,"href":"https:\/\/www.electroluxprofessional.com\/dk\/wp-json\/wp\/v2\/pages\/18879\/revisions\/22247"}],"wp:attachment":[{"href":"https:\/\/www.electroluxprofessional.com\/dk\/wp-json\/wp\/v2\/media?parent=18879"}],"curies":[{"name":"wp","href":"https:\/\/api.w.org\/{rel}","templated":true}]}}