{"id":17834,"date":"2020-11-05T14:53:28","date_gmt":"2020-11-05T14:53:28","guid":{"rendered":"https:\/\/www.electroluxprofessional.com\/dk\/?page_id=17834"},"modified":"2022-04-07T13:24:16","modified_gmt":"2022-04-07T13:24:16","slug":"kontakt-varmepumpe-tumbler-line6000-tilbud-klima","status":"publish","type":"page","link":"https:\/\/www.electroluxprofessional.com\/dk\/kontakt-varmepumpe-tumbler-line6000-tilbud-klima\/","title":{"rendered":"Line 6000 varmepumpe tumbler-klima-kontakt"},"content":{"rendered":"<p>[vc_row css=&#8221;.vc_custom_1604588070721{padding-top: 32px !important;background-color: #70c93c !important;}&#8221;][vc_column reveal_effect=&#8221;&#8221; offset=&#8221;vc_hidden-xs&#8221;][vc_row_inner][vc_column_inner width=&#8221;1\/4&#8243;][vc_single_image image=&#8221;17880&#8243; img_size=&#8221;full&#8221;][\/vc_column_inner][vc_column_inner width=&#8221;3\/4&#8243;][elx_heading font_container=&#8221;h1&#8243; text_color=&#8221;white&#8221; text_align=&#8221;text-left&#8221; css=&#8221;.vc_custom_1604665753960{margin-top: 50px !important;margin-bottom: 50px !important;}&#8221;]Jeg vil gerne have et tilbud p\u00e5 en klimavenlig Line 6000 varmepumpe tumbler[\/elx_heading][vc_empty_space height=&#8221;10px&#8221;][\/vc_column_inner][\/vc_row_inner][\/vc_column][\/vc_row][vc_row css=&#8221;.vc_custom_1604588217182{background-color: #70c93c !important;}&#8221;][vc_column reveal_effect=&#8221;&#8221; offset=&#8221;vc_hidden-lg vc_hidden-md vc_hidden-sm&#8221;][elx_heading font_container=&#8221;h1&#8243; text_color=&#8221;white&#8221; text_align=&#8221;text-left&#8221; css=&#8221;.vc_custom_1604665786581{margin-top: 50px !important;margin-bottom: 50px !important;}&#8221;]Jeg vil gerne have et tilbud p\u00e5 en klimavenlig Line 6000 varmepumpe tumbler[\/elx_heading][vc_single_image image=&#8221;17880&#8243; img_size=&#8221;240&#215;165&#8243; alignment=&#8221;center&#8221; css=&#8221;.vc_custom_1604929822304{margin-top: 20px !important;}&#8221;][\/vc_column][\/vc_row][vc_row][vc_column width=&#8221;1\/2&#8243;][vc_empty_space height=&#8221;50px&#8221;][vc_column_text css=&#8221;.vc_custom_1604665852647{margin-bottom: 30px !important;}&#8221; el_class=&#8221;p-16&#8243;]\u00d8nsker du et tilbud p\u00e5 en Line 6000 varmepumpe tumbler \u2013 eller har du sp\u00f8rgsm\u00e5l til vores vaskeril\u00f8sninger \u2013 s\u00e5 kontakt os:[\/vc_column_text][\/vc_column][vc_column width=&#8221;1\/2&#8243;][\/vc_column][\/vc_row][vc_row][vc_column width=&#8221;1\/2&#8243; offset=&#8221;vc_hidden-xs&#8221;][vc_row_inner css=&#8221;.vc_custom_1602251030292{border-top-width: 1px !important;border-right-width: 1px !important;border-bottom-width: 1px !important;border-left-width: 1px !important;padding-top: 20px !important;padding-right: 20px !important;padding-bottom: 20px !important;padding-left: 20px !important;border-left-color: #70c93c !important;border-left-style: solid !important;border-right-color: #70c93c !important;border-right-style: solid !important;border-top-color: #70c93c !important;border-top-style: solid !important;border-bottom-color: #70c93c !important;border-bottom-style: solid !important;}&#8221;][vc_column_inner][elx_heading font_container=&#8221;h4&#8243; text_color=&#8221;electrolux-blue&#8221; text_align=&#8221;text-left&#8221;]Ja tak. Jeg vil gerne have et tilbud![\/elx_heading][vc_empty_space height=&#8221;20px&#8221;][elx_o2000_contact_us r=&#8221;Jeg vil gerne have et tilbud p\u00e5 Line 6000 varmepumpe tumbler. Kontakt mig venligst.&#8221; s=&#8221;Kontakt mig&#8221; campaign=&#8221;7010N000001NrcwQAC&#8221; country=&#8221;Denmark&#8221; l=&#8221;dk&#8221; b=&#8221;laundry&#8221; e=&#8221;lasse@relevans.dk;stine@relevans.dk&#8221;][\/vc_column_inner][\/vc_row_inner][\/vc_column][vc_column reveal_effect=&#8221;&#8221; width=&#8221;1\/2&#8243; offset=&#8221;vc_hidden-xs&#8221;][vc_row_inner][vc_column_inner width=&#8221;2\/3&#8243;][vc_empty_space height=&#8221;80px&#8221;][vc_column_text el_class=&#8221;p-14&#8243;]<\/p>\n<h6>Salg:<\/h6>\n<p>Tlf. 63 76 22 20<br \/>\nman-tors kl. 8-16<br \/>\nfre kl. 9-15.30<br \/>\n<a href=\"mailto:salg.dk@electroluxprofessional.com\">salg.dk@electroluxprofessional.com<\/a><\/p>\n<h6>Service:<\/h6>\n<p>Tlf. 63 76 22 21<br \/>\nman-tors kl. 8-16<br \/>\nfre kl. 9-14<br \/>\n<a href=\"mailto:service.dk@electroluxprofessional.com\">service.dk@electroluxprofessional.com<\/a><\/p>\n<h6>Reservedele:<\/h6>\n<p>Tlf. 63 76 22 22<br \/>\nman-tors kl. 8-16<br \/>\nfre kl. 9-14<br \/>\n<a href=\"mailto:reservedele.dk@electroluxprofessional.com\">reservedele.dk@electroluxprofessional.com<\/a>[\/vc_column_text][\/vc_column_inner][vc_column_inner width=&#8221;1\/3&#8243;][\/vc_column_inner][\/vc_row_inner][\/vc_column][\/vc_row][vc_row][vc_column reveal_effect=&#8221;&#8221; offset=&#8221;vc_hidden-lg vc_hidden-md vc_hidden-sm&#8221;][vc_row_inner css=&#8221;.vc_custom_1602251458692{margin-top: 32px !important;border-top-width: 1px !important;border-bottom-width: 1px !important;padding-top: 20px !important;padding-bottom: 20px !important;border-top-color: #70c93c !important;border-top-style: solid !important;border-bottom-color: #70c93c !important;border-bottom-style: solid !important;}&#8221;][vc_column_inner][elx_heading font_container=&#8221;h4&#8243; text_color=&#8221;electrolux-blue&#8221; text_align=&#8221;text-left&#8221;]Ja tak. Jeg vil gerne have et tilbud![\/elx_heading][vc_empty_space height=&#8221;20px&#8221;][elx_o2000_contact_us r=&#8221;Jeg vil gerne have et tilbud p\u00e5 Line 6000 varmepumpe tumbler. Kontakt mig venligst.&#8221; s=&#8221;Kontakt mig&#8221; country=&#8221;Denmark&#8221; l=&#8221;dk&#8221; b=&#8221;laundry&#8221; e=&#8221;lasse@relevans.dk;stine@relevans.dk&#8221;][\/vc_column_inner][\/vc_row_inner][vc_row_inner css=&#8221;.vc_custom_1602251505213{margin-top: 32px !important;}&#8221;][vc_column_inner][vc_column_text el_class=&#8221;p-14&#8243;]<\/p>\n<h6>Salg:<\/h6>\n<p>Tlf. 63 76 22 20<br \/>\nman-tors kl. 8-16<br \/>\nfre kl. 9-15.30<br \/>\n<a href=\"mailto:els.salg@electrolux.dk\">els.salg@electrolux.dk<\/a><\/p>\n<h6>Service:<\/h6>\n<p>Tlf. 63 76 22 21<br \/>\nman-tors kl. 8-16<br \/>\nfre kl. 9-14<br \/>\n<a href=\"mailto:els.service@electrolux.dk\">els.service@electrolux.dk<\/a><\/p>\n<h6>Reservedele:<\/h6>\n<p>Tlf. 63 76 22 22<br \/>\nman-tors kl. 8-16<br \/>\nfre kl. 9-14<br \/>\n<a href=\"mailto:els.spareparts@electrolux.dk\">els.spareparts@electrolux.dk<\/a>[\/vc_column_text][\/vc_column_inner][\/vc_row_inner][\/vc_column][\/vc_row][vc_row][vc_column][vc_empty_space height=&#8221;60px&#8221;][\/vc_column][\/vc_row]<\/p>\n","protected":false},"excerpt":{"rendered":"<p>[vc_row css=&#8221;.vc_custom_1604588070721{padding-top: 32px !important;background-color: #70c93c !important;}&#8221;][vc_column reveal_effect=&#8221;&#8221; offset=&#8221;vc_hidden-xs&#8221;][vc_row_inner][vc_column_inner width=&#8221;1\/4&#8243;][vc_single_image image=&#8221;17880&#8243; img_size=&#8221;full&#8221;][\/vc_column_inner][vc_column_inner width=&#8221;3\/4&#8243;][elx_heading font_container=&#8221;h1&#8243; text_color=&#8221;white&#8221; text_align=&#8221;text-left&#8221; css=&#8221;.vc_custom_1604665753960{margin-top: 50px !important;margin-bottom: 50px !important;}&#8221;]Jeg vil gerne have et tilbud p\u00e5 en klimavenlig Line 6000 varmepumpe tumbler[\/elx_heading][vc_empty_space height=&#8221;10px&#8221;][\/vc_column_inner][\/vc_row_inner][\/vc_column][\/vc_row][vc_row css=&#8221;.vc_custom_1604588217182{background-color: #70c93c !important;}&#8221;][vc_column reveal_effect=&#8221;&#8221; offset=&#8221;vc_hidden-lg vc_hidden-md vc_hidden-sm&#8221;][elx_heading font_container=&#8221;h1&#8243; text_color=&#8221;white&#8221; text_align=&#8221;text-left&#8221; css=&#8221;.vc_custom_1604665786581{margin-top: 50px !important;margin-bottom: 50px !important;}&#8221;]Jeg vil gerne have et tilbud p\u00e5 en [&hellip;]<\/p>\n","protected":false},"author":64,"featured_media":0,"parent":0,"menu_order":0,"comment_status":"closed","ping_status":"closed","template":"","meta":{"footnotes":""},"class_list":["post-17834","page","type-page","status-publish","hentry"],"acf":[],"yoast_head":"<!-- This site is optimized with the Yoast SEO plugin v23.3 - https:\/\/yoast.com\/wordpress\/plugins\/seo\/ -->\n<title>Line 6000 varmepumpe tumbler-klima-kontakt - Electrolux Professional Danmark<\/title>\n<meta name=\"description\" content=\"Kontakt os her, hvis du gerne vil have et tilbud p\u00e5 en Line 6000 varmepumpe tumbler eller har sp\u00f8rgsm\u00e5l til vores vaskeril\u00f8sninger.\" \/>\n<meta name=\"robots\" content=\"index, follow, max-snippet:-1, max-image-preview:large, max-video-preview:-1\" \/>\n<link rel=\"canonical\" href=\"https:\/\/www.electroluxprofessional.com\/dk\/kontakt-varmepumpe-tumbler-line6000-tilbud-klima\/\" \/>\n<meta property=\"og:locale\" content=\"da_DK\" \/>\n<meta property=\"og:type\" content=\"article\" \/>\n<meta property=\"og:title\" content=\"Line 6000 varmepumpe tumbler-klima-kontakt - Electrolux Professional Danmark\" \/>\n<meta property=\"og:description\" content=\"Kontakt os her, hvis du gerne vil have et tilbud p\u00e5 en Line 6000 varmepumpe tumbler eller har sp\u00f8rgsm\u00e5l til vores vaskeril\u00f8sninger.\" \/>\n<meta property=\"og:url\" content=\"https:\/\/www.electroluxprofessional.com\/dk\/kontakt-varmepumpe-tumbler-line6000-tilbud-klima\/\" \/>\n<meta property=\"og:site_name\" content=\"Electrolux Professional Danmark\" \/>\n<meta property=\"article:modified_time\" content=\"2022-04-07T13:24:16+00:00\" \/>\n<meta name=\"twitter:card\" content=\"summary_large_image\" \/>\n<meta name=\"twitter:label1\" content=\"Estimeret l\u00e6setid\" \/>\n\t<meta name=\"twitter:data1\" content=\"3 minutter\" \/>\n<script type=\"application\/ld+json\" class=\"yoast-schema-graph\">{\"@context\":\"https:\/\/schema.org\",\"@graph\":[{\"@type\":\"WebPage\",\"@id\":\"https:\/\/www.electroluxprofessional.com\/dk\/kontakt-varmepumpe-tumbler-line6000-tilbud-klima\/\",\"url\":\"https:\/\/www.electroluxprofessional.com\/dk\/kontakt-varmepumpe-tumbler-line6000-tilbud-klima\/\",\"name\":\"Line 6000 varmepumpe tumbler-klima-kontakt - Electrolux Professional Danmark\",\"isPartOf\":{\"@id\":\"https:\/\/www.electroluxprofessional.com\/dk\/#website\"},\"datePublished\":\"2020-11-05T14:53:28+00:00\",\"dateModified\":\"2022-04-07T13:24:16+00:00\",\"description\":\"Kontakt os her, hvis du gerne vil have et tilbud p\u00e5 en Line 6000 varmepumpe tumbler eller har sp\u00f8rgsm\u00e5l til vores vaskeril\u00f8sninger.\",\"breadcrumb\":{\"@id\":\"https:\/\/www.electroluxprofessional.com\/dk\/kontakt-varmepumpe-tumbler-line6000-tilbud-klima\/#breadcrumb\"},\"inLanguage\":\"da-DK\",\"potentialAction\":[{\"@type\":\"ReadAction\",\"target\":[\"https:\/\/www.electroluxprofessional.com\/dk\/kontakt-varmepumpe-tumbler-line6000-tilbud-klima\/\"]}]},{\"@type\":\"BreadcrumbList\",\"@id\":\"https:\/\/www.electroluxprofessional.com\/dk\/kontakt-varmepumpe-tumbler-line6000-tilbud-klima\/#breadcrumb\",\"itemListElement\":[{\"@type\":\"ListItem\",\"position\":1,\"name\":\"Home\",\"item\":\"https:\/\/www.electroluxprofessional.com\/dk\/\"},{\"@type\":\"ListItem\",\"position\":2,\"name\":\"Line 6000 varmepumpe tumbler-klima-kontakt\"}]},{\"@type\":\"WebSite\",\"@id\":\"https:\/\/www.electroluxprofessional.com\/dk\/#website\",\"url\":\"https:\/\/www.electroluxprofessional.com\/dk\/\",\"name\":\"Electrolux Professional Danmark\",\"description\":\"\",\"potentialAction\":[{\"@type\":\"SearchAction\",\"target\":{\"@type\":\"EntryPoint\",\"urlTemplate\":\"https:\/\/www.electroluxprofessional.com\/dk\/?src={search_term_string}\"},\"query-input\":\"required name=search_term_string\"}],\"inLanguage\":\"da-DK\"}]}<\/script>\n<!-- \/ Yoast SEO plugin. -->","yoast_head_json":{"title":"Line 6000 varmepumpe tumbler-klima-kontakt - Electrolux Professional Danmark","description":"Kontakt os her, hvis du gerne vil have et tilbud p\u00e5 en Line 6000 varmepumpe tumbler eller har sp\u00f8rgsm\u00e5l til vores vaskeril\u00f8sninger.","robots":{"index":"index","follow":"follow","max-snippet":"max-snippet:-1","max-image-preview":"max-image-preview:large","max-video-preview":"max-video-preview:-1"},"canonical":"https:\/\/www.electroluxprofessional.com\/dk\/kontakt-varmepumpe-tumbler-line6000-tilbud-klima\/","og_locale":"da_DK","og_type":"article","og_title":"Line 6000 varmepumpe tumbler-klima-kontakt - Electrolux Professional Danmark","og_description":"Kontakt os her, hvis du gerne vil have et tilbud p\u00e5 en Line 6000 varmepumpe tumbler eller har sp\u00f8rgsm\u00e5l til vores vaskeril\u00f8sninger.","og_url":"https:\/\/www.electroluxprofessional.com\/dk\/kontakt-varmepumpe-tumbler-line6000-tilbud-klima\/","og_site_name":"Electrolux Professional Danmark","article_modified_time":"2022-04-07T13:24:16+00:00","twitter_card":"summary_large_image","twitter_misc":{"Estimeret l\u00e6setid":"3 minutter"},"schema":{"@context":"https:\/\/schema.org","@graph":[{"@type":"WebPage","@id":"https:\/\/www.electroluxprofessional.com\/dk\/kontakt-varmepumpe-tumbler-line6000-tilbud-klima\/","url":"https:\/\/www.electroluxprofessional.com\/dk\/kontakt-varmepumpe-tumbler-line6000-tilbud-klima\/","name":"Line 6000 varmepumpe tumbler-klima-kontakt - Electrolux Professional Danmark","isPartOf":{"@id":"https:\/\/www.electroluxprofessional.com\/dk\/#website"},"datePublished":"2020-11-05T14:53:28+00:00","dateModified":"2022-04-07T13:24:16+00:00","description":"Kontakt os her, hvis du gerne vil have et tilbud p\u00e5 en Line 6000 varmepumpe tumbler eller har sp\u00f8rgsm\u00e5l til vores vaskeril\u00f8sninger.","breadcrumb":{"@id":"https:\/\/www.electroluxprofessional.com\/dk\/kontakt-varmepumpe-tumbler-line6000-tilbud-klima\/#breadcrumb"},"inLanguage":"da-DK","potentialAction":[{"@type":"ReadAction","target":["https:\/\/www.electroluxprofessional.com\/dk\/kontakt-varmepumpe-tumbler-line6000-tilbud-klima\/"]}]},{"@type":"BreadcrumbList","@id":"https:\/\/www.electroluxprofessional.com\/dk\/kontakt-varmepumpe-tumbler-line6000-tilbud-klima\/#breadcrumb","itemListElement":[{"@type":"ListItem","position":1,"name":"Home","item":"https:\/\/www.electroluxprofessional.com\/dk\/"},{"@type":"ListItem","position":2,"name":"Line 6000 varmepumpe tumbler-klima-kontakt"}]},{"@type":"WebSite","@id":"https:\/\/www.electroluxprofessional.com\/dk\/#website","url":"https:\/\/www.electroluxprofessional.com\/dk\/","name":"Electrolux Professional Danmark","description":"","potentialAction":[{"@type":"SearchAction","target":{"@type":"EntryPoint","urlTemplate":"https:\/\/www.electroluxprofessional.com\/dk\/?src={search_term_string}"},"query-input":"required name=search_term_string"}],"inLanguage":"da-DK"}]}},"_links":{"self":[{"href":"https:\/\/www.electroluxprofessional.com\/dk\/wp-json\/wp\/v2\/pages\/17834"}],"collection":[{"href":"https:\/\/www.electroluxprofessional.com\/dk\/wp-json\/wp\/v2\/pages"}],"about":[{"href":"https:\/\/www.electroluxprofessional.com\/dk\/wp-json\/wp\/v2\/types\/page"}],"author":[{"embeddable":true,"href":"https:\/\/www.electroluxprofessional.com\/dk\/wp-json\/wp\/v2\/users\/64"}],"replies":[{"embeddable":true,"href":"https:\/\/www.electroluxprofessional.com\/dk\/wp-json\/wp\/v2\/comments?post=17834"}],"version-history":[{"count":9,"href":"https:\/\/www.electroluxprofessional.com\/dk\/wp-json\/wp\/v2\/pages\/17834\/revisions"}],"predecessor-version":[{"id":17845,"href":"https:\/\/www.electroluxprofessional.com\/dk\/wp-json\/wp\/v2\/pages\/17834\/revisions\/17845"}],"wp:attachment":[{"href":"https:\/\/www.electroluxprofessional.com\/dk\/wp-json\/wp\/v2\/media?parent=17834"}],"curies":[{"name":"wp","href":"https:\/\/api.w.org\/{rel}","templated":true}]}}