{"id":17106,"date":"2021-08-15T16:58:57","date_gmt":"2021-08-15T16:58:57","guid":{"rendered":"https:\/\/www.electroluxprofessional.com\/?page_id=22134"},"modified":"2021-08-16T13:23:05","modified_gmt":"2021-08-16T13:23:05","slug":"kolbe-kaffemaskine","status":"publish","type":"page","link":"https:\/\/www.electroluxprofessional.com\/dk\/kolbe-kaffemaskine\/","title":{"rendered":"Kolbekaffemaskine"},"content":{"rendered":"<p>[vc_row full_width=&#8221;electroluxpro-full-width-no-padding&#8221; content_placement=&#8221;middle&#8221; css=&#8221;.vc_custom_1601301012806{background-image: url(https:\/\/www.electroluxprofessional.com\/dk\/wp-content\/uploads\/2020\/09\/Ladingp_kaffe_smal.jpg?id=17109) !important;}&#8221;][vc_column][vc_column_text css=&#8221;.vc_custom_1601301047734{padding-top: 120px !important;padding-bottom: 120px !important;}&#8221;]<\/p>\n<h2><\/h2>\n<p>[\/vc_column_text][\/vc_column][\/vc_row][vc_row][vc_column width=&#8221;1\/2&#8243;][vc_empty_space height=&#8221;50px&#8221;][vc_column_text el_class=&#8221;p-16&#8243;]<\/p>\n<h1 style=\"font-size: 52px;\">Om lidt er kaffen klar<\/h1>\n<p>[\/vc_column_text][vc_empty_space][vc_column_text el_class=&#8221;p-16&#8243;]<\/p>\n<h6>Udover k\u00f8kkenudstyr og vaskerimaskiner til stork\u00f8kkener, firmaer og foreninger kan du nu ogs\u00e5 f\u00e5 kvalitetsprodukter til drikkevarer hos Electrolux Professional.<\/h6>\n<p>[\/vc_column_text][vc_empty_space][vc_column_text el_class=&#8221;p-16&#8243;]I f\u00f8rste omgang kan du for eksempel v\u00e6lge denne smarte 2-i-1-kaffemaskine, som b\u00e5de kv\u00e6rner og brygger l\u00e6kker kolbekaffe i topkvalitet. S\u00e5 kan du altid servere friskkv\u00e6rnet, velduftende kaffe til dine kunder, g\u00e6ster eller medarbejdere.[\/vc_column_text][\/vc_column][vc_column reveal_effect=&#8221;&#8221; width=&#8221;1\/2&#8243; css=&#8221;.vc_custom_1601301742441{padding-left: 40px !important;}&#8221;][vc_single_image image=&#8221;17110&#8243; img_size=&#8221;full&#8221; css=&#8221;.vc_custom_1601301753017{margin-top: -80px !important;margin-bottom: 10px !important;}&#8221;][vc_column_text el_class=&#8221;p-14&#8243;]<em>Electrolux Coffee System Grinder brewer 2,5 kg<\/em>[\/vc_column_text][\/vc_column][\/vc_row][vc_row][vc_column][vc_empty_space][\/vc_column][\/vc_row][vc_row css=&#8221;.vc_custom_1629119217235{margin-top: 40px !important;padding-top: 32px !important;padding-bottom: 32px !important;background-color: #041e41 !important;}&#8221;][vc_column width=&#8221;1\/4&#8243;][vc_row_inner][vc_column_inner][vc_single_image image=&#8221;17144&#8243; img_size=&#8221;75&#215;75&#8243; css=&#8221;.vc_custom_1601307946018{margin-left: -15px !important;}&#8221;][\/vc_column_inner][\/vc_row_inner][elx_heading font_container=&#8221;h4&#8243; font_size=&#8221;h4&#8243; text_color=&#8221;white&#8221; text_align=&#8221;text-left&#8221;]Du sparer tid [\/elx_heading][vc_column_text el_class=&#8221;p-16-white&#8221;]Det tager ingen tid at l\u00e6re at bruge din 2-i-1 kaffemaskine. Og du slipper for at t\u00f8rre kv\u00e6rnet kaffe op, som er spildt p\u00e5 bordet.[\/vc_column_text][\/vc_column][vc_column width=&#8221;1\/4&#8243;][vc_row_inner][vc_column_inner][vc_single_image image=&#8221;17143&#8243; img_size=&#8221;75&#215;75&#8243; css=&#8221;.vc_custom_1601307972234{margin-left: -15px !important;}&#8221;][\/vc_column_inner][\/vc_row_inner][elx_heading font_container=&#8221;h4&#8243; font_size=&#8221;h4&#8243; text_color=&#8221;white&#8221;]Du sparer plads[\/elx_heading][vc_column_text el_class=&#8221;p-16-white&#8221;]P\u00e5 denne 2-i-1-kaffemaskine er kv\u00e6rnen indbygget \u00f8verst i maskinen.[\/vc_column_text][\/vc_column][vc_column width=&#8221;1\/4&#8243;][vc_row_inner][vc_column_inner][vc_single_image image=&#8221;17142&#8243; img_size=&#8221;75&#215;75&#8243; css=&#8221;.vc_custom_1601307982686{margin-left: -15px !important;}&#8221;][\/vc_column_inner][\/vc_row_inner][elx_heading font_container=&#8221;h4&#8243; font_size=&#8221;h4&#8243; text_color=&#8221;white&#8221; text_align=&#8221;text-left&#8221;]Du udnytter kaffeb\u00f8nnerne bedre[\/elx_heading][vc_column_text el_class=&#8221;p-16-white&#8221;]Den s\u00e5kaldte \u201cPre-infusion\u201d funktion sikrer op til 20% mere udnyttelse af kaffeb\u00f8nnerne.[\/vc_column_text][\/vc_column][vc_column width=&#8221;1\/4&#8243;][vc_row_inner][vc_column_inner][vc_single_image image=&#8221;17141&#8243; img_size=&#8221;75&#215;75&#8243; css=&#8221;.vc_custom_1601308000255{margin-left: -15px !important;}&#8221;][\/vc_column_inner][\/vc_row_inner][elx_heading font_container=&#8221;h4&#8243; font_size=&#8221;h4&#8243; text_color=&#8221;white&#8221; text_align=&#8221;text-left&#8221;]Du har altid varm kvalitetskaffe[\/elx_heading][vc_column_text el_class=&#8221;p-16-white&#8221;]Maskinen holder temperaturen (+\/- 0,5 \u00b0C), mens den brygger kaffen. Det giver den l\u00e6kreste smagsoplevelse.[\/vc_column_text][\/vc_column][\/vc_row][vc_row css=&#8221;.vc_custom_1601302411693{margin-top: 50px !important;background-color: #ffffff !important;}&#8221;][vc_column reveal_effect=&#8221;&#8221; width=&#8221;5\/12&#8243; css=&#8221;.vc_custom_1601302239686{padding: 20px !important;border: 1px solid #cea941 !important;}&#8221;][vc_empty_space height=&#8221;10px&#8221;][elx_heading font_container=&#8221;h3&#8243; font_size=&#8221;h3&#8243; text_color=&#8221;inherit&#8221; text_align=&#8221;text-left&#8221;]Vil du vide mere?<br \/>\n[\/elx_heading][vc_column_text el_class=&#8221;p-16&#8243;]F\u00e5 svar p\u00e5 dine sp\u00f8rgsm\u00e5l om den nye 2-i-1 kaffemaskine.[\/vc_column_text][vc_empty_space height=&#8221;10px&#8221;][elx_o2000_contact_us r=&#8221;&#8221; s=&#8221;Kolbekaffemaskine&#8221; l=&#8221;dk&#8221; b=&#8221;beverage&#8221;][\/vc_column][vc_column width=&#8221;1\/12&#8243;][vc_empty_space][\/vc_column][vc_column reveal_effect=&#8221;&#8221; width=&#8221;1\/2&#8243; css=&#8221;.vc_custom_1601304377797{padding-top: 12px !important;padding-left: 5px !important;}&#8221;][vc_row_inner css=&#8221;.vc_custom_1601304136011{padding-bottom: 20px !important;}&#8221;][vc_column_inner][elx_heading font_container=&#8221;h3&#8243; font_size=&#8221;h3&#8243; text_color=&#8221;inherit&#8221;]Inspiration til dig! [\/elx_heading][\/vc_column_inner][\/vc_row_inner][vc_row_inner css=&#8221;.vc_custom_1601304150557{margin-bottom: 20px !important;}&#8221;][vc_column_inner width=&#8221;1\/2&#8243;][vc_single_image image=&#8221;17117&#8243; img_size=&#8221;large&#8221;][\/vc_column_inner][vc_column_inner width=&#8221;1\/2&#8243;][vc_column_text el_class=&#8221;p-16&#8243; css=&#8221;.vc_custom_1601303686230{margin-bottom: 20px !important;}&#8221;]Se Electrolux Professionals produkter til <strong>varme og kolde drikkevarer <\/strong>samt <strong>ismaskiner.<\/strong>[\/vc_column_text][vc_empty_space][elx_download_block text=&#8221;Download katalog<br \/>\n(engelsk)&#8221; document_type=&#8221;brochures&#8221; link=&#8221;http:\/\/files.professional.electrolux.com\/docs\/?n=BR-9JE00131&amp;b=5&amp;l=1&#8243; background_color=&#8221;electrolux-blue&#8221; background_image=&#8221;16807&#8243; br_document_number=&#8221;BR-9JE00131&#8243;][\/vc_column_inner][\/vc_row_inner][vc_row_inner css=&#8221;.vc_custom_1601305918425{margin-top: 80px !important;margin-bottom: 20px !important;}&#8221;][vc_column_inner][elx_button button_text=&#8221;FIND PRODUKTER TIL DIT PROFESSIONELLE K\u00d8KKEN&#8221; button_style=&#8221;default&#8221; button_link=&#8221;url:https%3A%2F%2Fwww.electroluxprofessional.com%2Fdk%2Fstorkoekken%2F||target:%20_blank|&#8221;][elx_button button_text=&#8221;FIND PRODUKTER TIL DIT VASKERI&#8221; button_style=&#8221;default&#8221; button_link=&#8221;url:https%3A%2F%2Fwww.electroluxprofessional.com%2Fdk%2Findustrivaskemaskine%2F||target:%20_blank|&#8221; css=&#8221;.vc_custom_1629120091387{margin-top: 30px !important;}&#8221;][\/vc_column_inner][\/vc_row_inner][vc_row_inner matched_labels=&#8221;&#8221; css=&#8221;.vc_custom_1629120150499{margin-top: 60px !important;}&#8221;][vc_column_inner][vc_column_text el_class=&#8221;p-16&#8243;]Har du sp\u00f8rgsm\u00e5l om Electrolux Professionals nye sortiment af produkter til varme og kolde drikkevarer samt ismaskiner, s\u00e5 ring til os p\u00e5 <strong>tlf. 8740 3500.<\/strong>[\/vc_column_text][\/vc_column_inner][\/vc_row_inner][\/vc_column][\/vc_row][vc_row][vc_column][vc_empty_space height=&#8221;80px&#8221;][\/vc_column][\/vc_row]<\/p>\n","protected":false},"excerpt":{"rendered":"<p>[vc_row full_width=&#8221;electroluxpro-full-width-no-padding&#8221; content_placement=&#8221;middle&#8221; css=&#8221;.vc_custom_1601301012806{background-image: url(https:\/\/www.electroluxprofessional.com\/dk\/wp-content\/uploads\/2020\/09\/Ladingp_kaffe_smal.jpg?id=17109) !important;}&#8221;][vc_column][vc_column_text css=&#8221;.vc_custom_1601301047734{padding-top: 120px !important;padding-bottom: 120px !important;}&#8221;] [\/vc_column_text][\/vc_column][\/vc_row][vc_row][vc_column width=&#8221;1\/2&#8243;][vc_empty_space height=&#8221;50px&#8221;][vc_column_text el_class=&#8221;p-16&#8243;] Om lidt er kaffen klar [\/vc_column_text][vc_empty_space][vc_column_text el_class=&#8221;p-16&#8243;] Udover k\u00f8kkenudstyr og vaskerimaskiner til stork\u00f8kkener, firmaer og foreninger kan du nu ogs\u00e5 f\u00e5 kvalitetsprodukter til drikkevarer hos Electrolux Professional. [\/vc_column_text][vc_empty_space][vc_column_text el_class=&#8221;p-16&#8243;]I f\u00f8rste omgang kan du for eksempel v\u00e6lge denne smarte 2-i-1-kaffemaskine, som [&hellip;]<\/p>\n","protected":false},"author":64,"featured_media":0,"parent":0,"menu_order":0,"comment_status":"closed","ping_status":"closed","template":"","meta":{"footnotes":""},"class_list":["post-17106","page","type-page","status-publish","hentry"],"acf":[],"yoast_head":"<!-- This site is optimized with the Yoast SEO plugin v23.3 - https:\/\/yoast.com\/wordpress\/plugins\/seo\/ -->\n<title>Effektiv og intuitiv 2-i-1 kaffemaskine fra Electrolux Professional<\/title>\n<meta name=\"description\" content=\"Den smarte 2-i-1-kaffemaskine, som b\u00e5de kv\u00e6rner og brygger l\u00e6kker kolbekaffe i topkvalitet. Serv\u00e9r friskkv\u00e6rnet og velduftende kaffe til dine kunder, g\u00e6ster eller medarbejdere.\" \/>\n<meta name=\"robots\" content=\"index, follow, max-snippet:-1, max-image-preview:large, max-video-preview:-1\" \/>\n<link rel=\"canonical\" href=\"https:\/\/www.electroluxprofessional.com\/dk\/kolbe-kaffemaskine\/\" \/>\n<meta property=\"og:locale\" content=\"da_DK\" \/>\n<meta property=\"og:type\" content=\"article\" \/>\n<meta property=\"og:title\" content=\"Effektiv og intuitiv 2-i-1 kaffemaskine fra Electrolux Professional\" \/>\n<meta property=\"og:description\" content=\"Den smarte 2-i-1-kaffemaskine, som b\u00e5de kv\u00e6rner og brygger l\u00e6kker kolbekaffe i topkvalitet. Serv\u00e9r friskkv\u00e6rnet og velduftende kaffe til dine kunder, g\u00e6ster eller medarbejdere.\" \/>\n<meta property=\"og:url\" content=\"https:\/\/www.electroluxprofessional.com\/dk\/kolbe-kaffemaskine\/\" \/>\n<meta property=\"og:site_name\" content=\"Electrolux Professional Danmark\" \/>\n<meta property=\"article:modified_time\" content=\"2021-08-16T13:23:05+00:00\" \/>\n<meta name=\"twitter:card\" content=\"summary_large_image\" \/>\n<meta name=\"twitter:label1\" content=\"Estimeret l\u00e6setid\" \/>\n\t<meta name=\"twitter:data1\" content=\"5 minutter\" \/>\n<script type=\"application\/ld+json\" class=\"yoast-schema-graph\">{\"@context\":\"https:\/\/schema.org\",\"@graph\":[{\"@type\":\"WebPage\",\"@id\":\"https:\/\/www.electroluxprofessional.com\/dk\/kolbe-kaffemaskine\/\",\"url\":\"https:\/\/www.electroluxprofessional.com\/dk\/kolbe-kaffemaskine\/\",\"name\":\"Effektiv og intuitiv 2-i-1 kaffemaskine fra Electrolux Professional\",\"isPartOf\":{\"@id\":\"https:\/\/www.electroluxprofessional.com\/dk\/#website\"},\"datePublished\":\"2021-08-15T16:58:57+00:00\",\"dateModified\":\"2021-08-16T13:23:05+00:00\",\"description\":\"Den smarte 2-i-1-kaffemaskine, som b\u00e5de kv\u00e6rner og brygger l\u00e6kker kolbekaffe i topkvalitet. Serv\u00e9r friskkv\u00e6rnet og velduftende kaffe til dine kunder, g\u00e6ster eller medarbejdere.\",\"breadcrumb\":{\"@id\":\"https:\/\/www.electroluxprofessional.com\/dk\/kolbe-kaffemaskine\/#breadcrumb\"},\"inLanguage\":\"da-DK\",\"potentialAction\":[{\"@type\":\"ReadAction\",\"target\":[\"https:\/\/www.electroluxprofessional.com\/dk\/kolbe-kaffemaskine\/\"]}]},{\"@type\":\"BreadcrumbList\",\"@id\":\"https:\/\/www.electroluxprofessional.com\/dk\/kolbe-kaffemaskine\/#breadcrumb\",\"itemListElement\":[{\"@type\":\"ListItem\",\"position\":1,\"name\":\"Home\",\"item\":\"https:\/\/www.electroluxprofessional.com\/dk\/\"},{\"@type\":\"ListItem\",\"position\":2,\"name\":\"Kolbekaffemaskine\"}]},{\"@type\":\"WebSite\",\"@id\":\"https:\/\/www.electroluxprofessional.com\/dk\/#website\",\"url\":\"https:\/\/www.electroluxprofessional.com\/dk\/\",\"name\":\"Electrolux Professional Danmark\",\"description\":\"\",\"potentialAction\":[{\"@type\":\"SearchAction\",\"target\":{\"@type\":\"EntryPoint\",\"urlTemplate\":\"https:\/\/www.electroluxprofessional.com\/dk\/?src={search_term_string}\"},\"query-input\":\"required name=search_term_string\"}],\"inLanguage\":\"da-DK\"}]}<\/script>\n<!-- \/ Yoast SEO plugin. -->","yoast_head_json":{"title":"Effektiv og intuitiv 2-i-1 kaffemaskine fra Electrolux Professional","description":"Den smarte 2-i-1-kaffemaskine, som b\u00e5de kv\u00e6rner og brygger l\u00e6kker kolbekaffe i topkvalitet. Serv\u00e9r friskkv\u00e6rnet og velduftende kaffe til dine kunder, g\u00e6ster eller medarbejdere.","robots":{"index":"index","follow":"follow","max-snippet":"max-snippet:-1","max-image-preview":"max-image-preview:large","max-video-preview":"max-video-preview:-1"},"canonical":"https:\/\/www.electroluxprofessional.com\/dk\/kolbe-kaffemaskine\/","og_locale":"da_DK","og_type":"article","og_title":"Effektiv og intuitiv 2-i-1 kaffemaskine fra Electrolux Professional","og_description":"Den smarte 2-i-1-kaffemaskine, som b\u00e5de kv\u00e6rner og brygger l\u00e6kker kolbekaffe i topkvalitet. Serv\u00e9r friskkv\u00e6rnet og velduftende kaffe til dine kunder, g\u00e6ster eller medarbejdere.","og_url":"https:\/\/www.electroluxprofessional.com\/dk\/kolbe-kaffemaskine\/","og_site_name":"Electrolux Professional Danmark","article_modified_time":"2021-08-16T13:23:05+00:00","twitter_card":"summary_large_image","twitter_misc":{"Estimeret l\u00e6setid":"5 minutter"},"schema":{"@context":"https:\/\/schema.org","@graph":[{"@type":"WebPage","@id":"https:\/\/www.electroluxprofessional.com\/dk\/kolbe-kaffemaskine\/","url":"https:\/\/www.electroluxprofessional.com\/dk\/kolbe-kaffemaskine\/","name":"Effektiv og intuitiv 2-i-1 kaffemaskine fra Electrolux Professional","isPartOf":{"@id":"https:\/\/www.electroluxprofessional.com\/dk\/#website"},"datePublished":"2021-08-15T16:58:57+00:00","dateModified":"2021-08-16T13:23:05+00:00","description":"Den smarte 2-i-1-kaffemaskine, som b\u00e5de kv\u00e6rner og brygger l\u00e6kker kolbekaffe i topkvalitet. Serv\u00e9r friskkv\u00e6rnet og velduftende kaffe til dine kunder, g\u00e6ster eller medarbejdere.","breadcrumb":{"@id":"https:\/\/www.electroluxprofessional.com\/dk\/kolbe-kaffemaskine\/#breadcrumb"},"inLanguage":"da-DK","potentialAction":[{"@type":"ReadAction","target":["https:\/\/www.electroluxprofessional.com\/dk\/kolbe-kaffemaskine\/"]}]},{"@type":"BreadcrumbList","@id":"https:\/\/www.electroluxprofessional.com\/dk\/kolbe-kaffemaskine\/#breadcrumb","itemListElement":[{"@type":"ListItem","position":1,"name":"Home","item":"https:\/\/www.electroluxprofessional.com\/dk\/"},{"@type":"ListItem","position":2,"name":"Kolbekaffemaskine"}]},{"@type":"WebSite","@id":"https:\/\/www.electroluxprofessional.com\/dk\/#website","url":"https:\/\/www.electroluxprofessional.com\/dk\/","name":"Electrolux Professional Danmark","description":"","potentialAction":[{"@type":"SearchAction","target":{"@type":"EntryPoint","urlTemplate":"https:\/\/www.electroluxprofessional.com\/dk\/?src={search_term_string}"},"query-input":"required name=search_term_string"}],"inLanguage":"da-DK"}]}},"_links":{"self":[{"href":"https:\/\/www.electroluxprofessional.com\/dk\/wp-json\/wp\/v2\/pages\/17106"}],"collection":[{"href":"https:\/\/www.electroluxprofessional.com\/dk\/wp-json\/wp\/v2\/pages"}],"about":[{"href":"https:\/\/www.electroluxprofessional.com\/dk\/wp-json\/wp\/v2\/types\/page"}],"author":[{"embeddable":true,"href":"https:\/\/www.electroluxprofessional.com\/dk\/wp-json\/wp\/v2\/users\/64"}],"replies":[{"embeddable":true,"href":"https:\/\/www.electroluxprofessional.com\/dk\/wp-json\/wp\/v2\/comments?post=17106"}],"version-history":[{"count":40,"href":"https:\/\/www.electroluxprofessional.com\/dk\/wp-json\/wp\/v2\/pages\/17106\/revisions"}],"predecessor-version":[{"id":21213,"href":"https:\/\/www.electroluxprofessional.com\/dk\/wp-json\/wp\/v2\/pages\/17106\/revisions\/21213"}],"wp:attachment":[{"href":"https:\/\/www.electroluxprofessional.com\/dk\/wp-json\/wp\/v2\/media?parent=17106"}],"curies":[{"name":"wp","href":"https:\/\/api.w.org\/{rel}","templated":true}]}}