{"id":16836,"date":"2025-08-14T04:47:14","date_gmt":"2025-08-14T04:47:14","guid":{"rendered":"https:\/\/www.electroluxprofessional.com\/?page_id=2876"},"modified":"2025-11-05T18:16:29","modified_gmt":"2025-11-05T18:16:29","slug":"vaskemidler","status":"publish","type":"page","link":"https:\/\/www.electroluxprofessional.com\/dk\/vaskemidler\/","title":{"rendered":"Vaskemidler"},"content":{"rendered":"<p>[vc_row full_width=&#8221;electroluxpro-full-width-no-padding&#8221;][vc_column offset=&#8221;vc_hidden-xs&#8221;][elx_image_block background_image=&#8221;30082&#8243; vert_back_position=&#8221;bottom&#8221; minimum_height=&#8221;400px&#8221;][\/vc_column][\/vc_row][vc_row full_width=&#8221;electroluxpro-full-width-no-padding&#8221;][vc_column reveal_effect=&#8221;&#8221; offset=&#8221;vc_hidden-lg vc_hidden-md vc_hidden-sm&#8221;][vc_single_image image=&#8221;30081&#8243; img_size=&#8221;full&#8221;][\/vc_column][\/vc_row][vc_row disable_element=&#8221;yes&#8221;][vc_column][elx_menu][\/vc_column][\/vc_row][vc_row css=&#8221;.vc_custom_1611233798475{margin-top: 60px !important;}&#8221;][vc_column width=&#8221;5\/6&#8243;][elx_heading font_container=&#8221;h1&#8243; font_size=&#8221;h1&#8243; text_color=&#8221;inherit&#8221;]Du f\u00e5r det bedste vaskeresultat med originalt tilbeh\u00f8r og svanem\u00e6rkede vaskemidler[\/elx_heading][\/vc_column][vc_column width=&#8221;1\/6&#8243;][vc_row_inner][vc_column_inner offset=&#8221;vc_hidden-lg vc_hidden-md vc_hidden-sm&#8221;][vc_empty_space][\/vc_column_inner][\/vc_row_inner][vc_single_image image=&#8221;20280&#8243; img_size=&#8221;full&#8221; css=&#8221;.vc_custom_1755242935688{margin-top: -20px !important;}&#8221; el_class=&#8221;front&#8221;][\/vc_column][\/vc_row][vc_row content_placement=&#8221;bottom&#8221; css=&#8221;.vc_custom_1612446728383{margin-top: 40px !important;}&#8221;][vc_column width=&#8221;2\/3&#8243;][elx_heading text_color=&#8221;electrolux-blue&#8221;]En optimal helhedsl\u00f8sning[\/elx_heading][vc_empty_space height=&#8221;10px&#8221;][vc_column_text el_class=&#8221;p-16&#8243;]Hos Electrolux Professional f\u00e5r du en <strong>komplet vaskeril\u00f8sning <\/strong>med maskiner, svanem\u00e6rkede vaskemidler, tilbeh\u00f8r, service og finansiering. Det betyder, at alle komponenterne i din vaskeril\u00f8sning giver dig en bekymringsfri hverdag, hvor du kun har \u00e9n leverand\u00f8r, uanset hvad du har brug for hj\u00e6lp til.<\/p>\n<p><strong>Vores vaskemidler er testet<\/strong> p\u00e5 maskinerne af vores eksperter for at sikre, at de giver et f\u00f8rsteklasses vaskeresultat. De er ogs\u00e5 Svanem\u00e6rket og derfor sk\u00e5nsomme mod milj\u00f8et.<\/p>\n<p>Med en effektiv installation og omhyggelig programmering af doseringspumperne sikrer vi dig et <strong>minimalt forbrug af vaskemiddel<\/strong>. Sammen med funktionen <strong>Automatic Dosing<\/strong> f\u00e5r du en fleksibel og rentabel l\u00f8sning, der kr\u00e6ver et minimum af vedligeholdelse og forhindrer problemet med overdosering. Dette bidrager ogs\u00e5 til et mindre behov for service og l\u00e6ngere levetid for b\u00e5de maskiner og t\u00f8j.[\/vc_column_text][\/vc_column][vc_column width=&#8221;1\/3&#8243;][vc_empty_space height=&#8221;20px&#8221;][elx_image_block background_image=&#8221;14241&#8243; vert_back_position=&#8221;bottom&#8221; minimum_height=&#8221;400px&#8221;][vc_empty_space][\/vc_column][\/vc_row][vc_row content_placement=&#8221;bottom&#8221; css=&#8221;.vc_custom_1612446718971{margin-top: 20px !important;}&#8221;][vc_column][elx_button button_text=&#8221;Derfor skal du v\u00e6lge automatisk s\u00e6bedosering&#8221; button_style=&#8221;default&#8221; button_display_block=&#8221;display_block_on&#8221; button_alignment=&#8221;align_center&#8221; button_link=&#8221;url:https%3A%2F%2Fwww.electroluxprofessional.com%2Fdk%2Fautomatisk-saebedosering%2F|title:Automatisk%20s%C3%A6bedosering|target:_blank&#8221;][\/vc_column][\/vc_row][vc_row css=&#8221;.vc_custom_1755240301783{margin-top: 70px !important;padding-bottom: 20px !important;background-color: #dadfe1 !important;}&#8221;][vc_column width=&#8221;1\/2&#8243;][vc_row_inner full_width=&#8221;electroluxpro-container-no-padding&#8221; css=&#8221;.vc_custom_1755239660171{padding-top: 40px !important;padding-bottom: 40px !important;background-color: #041e41 !important;}&#8221;][vc_column_inner width=&#8221;1\/6&#8243; offset=&#8221;vc_hidden-xs&#8221;][vc_empty_space][\/vc_column_inner][vc_column_inner width=&#8221;2\/3&#8243;][vc_column_text el_class=&#8221;p-16-white&#8221;]<\/p>\n<h4 style=\"text-align: center;\">L06<br \/>\nLaundry Swan Wash<\/h4>\n<p style=\"text-align: center;\">St\u00e6rkt og effektivt vaskemiddel<br \/>\ntil genstridige pletter<\/p>\n<p>[\/vc_column_text][\/vc_column_inner][vc_column_inner width=&#8221;1\/6&#8243; offset=&#8221;vc_hidden-xs&#8221;][vc_single_image image=&#8221;20280&#8243; img_size=&#8221;medium&#8221; css=&#8221;.vc_custom_1755239712760{padding-top: 40px !important;padding-right: 40px !important;}&#8221;][\/vc_column_inner][\/vc_row_inner][elx_image_block background_image=&#8221;28221&#8243; vert_back_position=&#8221;bottom&#8221; minimum_height=&#8221;260px&#8221;][elx_heading font_size=&#8221;h5&#8243; text_color=&#8221;inherit&#8221;]Vaskemiddel[\/elx_heading][vc_column_text el_class=&#8221;p-16&#8243;]Koncentreret vaskemiddel. S\u00e6rligt velegnet til meget tilsmudset t\u00f8j &#8211; f.eks arbejdst\u00f8j. Velegnet til b\u00e5de bomuld og polyester-bomuld. Vasker mest effektivt ved 40 &#8211; 60\u00b0 C.[\/vc_column_text][vc_column_text el_class=&#8221;p-16&#8243;]<\/p>\n<hr \/>\n<p>PNC: 432731144<br \/>\nEmballage: 20 liter[\/vc_column_text][vc_empty_space][\/vc_column][vc_column width=&#8221;1\/2&#8243;][vc_row_inner full_width=&#8221;electroluxpro-container-no-padding&#8221; css=&#8221;.vc_custom_1755239660171{padding-top: 40px !important;padding-bottom: 40px !important;background-color: #041e41 !important;}&#8221;][vc_column_inner width=&#8221;1\/6&#8243; offset=&#8221;vc_hidden-xs&#8221;][vc_empty_space][\/vc_column_inner][vc_column_inner width=&#8221;2\/3&#8243;][vc_column_text el_class=&#8221;p-16-white&#8221;]<\/p>\n<h4 style=\"text-align: center;\">L07<br \/>\nLaundry Swan Gentle Wash<\/h4>\n<p style=\"text-align: center;\">Effektivt vaskemiddel<br \/>\ntil al snavset t\u00f8j<\/p>\n<p>[\/vc_column_text][\/vc_column_inner][vc_column_inner width=&#8221;1\/6&#8243; offset=&#8221;vc_hidden-xs&#8221;][vc_single_image image=&#8221;20280&#8243; img_size=&#8221;medium&#8221; css=&#8221;.vc_custom_1755239712760{padding-top: 40px !important;padding-right: 40px !important;}&#8221;][\/vc_column_inner][\/vc_row_inner][elx_image_block background_image=&#8221;19268&#8243; vert_back_position=&#8221;bottom&#8221; minimum_height=&#8221;260px&#8221;][elx_heading font_size=&#8221;h5&#8243; text_color=&#8221;inherit&#8221; css=&#8221;.vc_custom_1611235488073{margin-top: 20px !important;}&#8221;]Vaskemiddel Gentle[\/elx_heading][vc_column_text el_class=&#8221;p-16&#8243;]Koncentreret, komplet vaskemiddel. Anvendes til kul\u00f8rt og finvask. Giver gode vaskeresultater uanset typer af pletter og snavs. Sk\u00e5nsom mod t\u00f8jets farver. Vasker fra 20 \u00b0 C.[\/vc_column_text][vc_column_text el_class=&#8221;p-16&#8243;]<\/p>\n<hr \/>\n<p>PNC: 432731145<br \/>\nEmballage: 20 liter[\/vc_column_text][vc_empty_space][\/vc_column][\/vc_row][vc_row css=&#8221;.vc_custom_1755240310883{background-color: #dadfe1 !important;}&#8221;][vc_column width=&#8221;1\/2&#8243;][vc_row_inner full_width=&#8221;electroluxpro-container-no-padding&#8221; css=&#8221;.vc_custom_1755239660171{padding-top: 40px !important;padding-bottom: 40px !important;background-color: #041e41 !important;}&#8221;][vc_column_inner width=&#8221;1\/6&#8243; offset=&#8221;vc_hidden-xs&#8221;][vc_empty_space][\/vc_column_inner][vc_column_inner width=&#8221;2\/3&#8243;][vc_column_text el_class=&#8221;p-16-white&#8221;]<\/p>\n<h4 style=\"text-align: center;\">L08<br \/>\nLaundry Swan Bleach<\/h4>\n<p style=\"text-align: center;\">Persyrebase blegemiddel<\/p>\n<p>[\/vc_column_text][\/vc_column_inner][vc_column_inner width=&#8221;1\/6&#8243; offset=&#8221;vc_hidden-xs&#8221;][vc_single_image image=&#8221;20280&#8243; img_size=&#8221;medium&#8221; css=&#8221;.vc_custom_1755239712760{padding-top: 40px !important;padding-right: 40px !important;}&#8221;][\/vc_column_inner][\/vc_row_inner][elx_image_block background_image=&#8221;30080&#8243; vert_back_position=&#8221;bottom&#8221; minimum_height=&#8221;260px&#8221;][elx_heading font_size=&#8221;h5&#8243; text_color=&#8221;inherit&#8221;]Blegemiddel[\/elx_heading][vc_column_text el_class=&#8221;p-16&#8243;]Blegemiddel til b\u00e5de bomuld og polyester. Giver gode resultater ved alle vasketemperaturer.<br \/>\n<span style=\"color: #dadfe1;\">\u00a0Blegemiddel<\/span>[\/vc_column_text][vc_column_text el_class=&#8221;p-16&#8243;]<\/p>\n<hr \/>\n<p>PNC: 432731146<br \/>\nEmballage: 20 liter[\/vc_column_text][vc_empty_space][\/vc_column][vc_column width=&#8221;1\/2&#8243;][vc_row_inner full_width=&#8221;electroluxpro-container-no-padding&#8221; css=&#8221;.vc_custom_1755239660171{padding-top: 40px !important;padding-bottom: 40px !important;background-color: #041e41 !important;}&#8221;][vc_column_inner width=&#8221;1\/6&#8243; offset=&#8221;vc_hidden-xs&#8221;][vc_empty_space][\/vc_column_inner][vc_column_inner width=&#8221;2\/3&#8243;][vc_column_text el_class=&#8221;p-16-white&#8221;]<\/p>\n<h4 style=\"text-align: center;\">L09<br \/>\nLaundry Swan Softener<\/h4>\n<p style=\"text-align: center;\">Skyllemiddel til alle tekstiler<\/p>\n<p>[\/vc_column_text][\/vc_column_inner][vc_column_inner width=&#8221;1\/6&#8243; offset=&#8221;vc_hidden-xs&#8221;][vc_single_image image=&#8221;20280&#8243; img_size=&#8221;medium&#8221; css=&#8221;.vc_custom_1755239712760{padding-top: 40px !important;padding-right: 40px !important;}&#8221;][\/vc_column_inner][\/vc_row_inner][elx_image_block background_image=&#8221;30081&#8243; vert_back_position=&#8221;top&#8221; minimum_height=&#8221;260px&#8221;][elx_heading font_size=&#8221;h5&#8243; text_color=&#8221;inherit&#8221;]Skyllemiddel[\/elx_heading][vc_column_text el_class=&#8221;p-16&#8243;]Skyllemiddel, som giver optimale resultater, selv ved korte vaskeprogrammer. Reducerer statisk elektricitet og efterlader ingen pletter p\u00e5 farvede bekl\u00e6dningsgenstande.[\/vc_column_text][vc_column_text el_class=&#8221;p-16&#8243;]<\/p>\n<hr \/>\n<p>PNC: 432731147<br \/>\nEmballage: 20 liter[\/vc_column_text][vc_empty_space][\/vc_column][\/vc_row][vc_row css=&#8221;.vc_custom_1705570977014{margin-top: 60px !important;}&#8221;][vc_column][elx_o2000_contact_us s=&#8221;F\u00e5 et tilbud p\u00e5 svanem\u00e6rkede vaskemidler til dit vaskeri&#8221; flag_hide_request_type=&#8221;true&#8221; country=&#8221;Denmark&#8221; b=&#8221;laundry&#8221; thanks=&#8221;Tak for din interesse! Vi kontakter dig snarest.&#8221; button_mode=&#8221;true&#8221; postion_button=&#8221;text-center&#8221; postion_button_mobile=&#8221;text-center-mobile&#8221; r=&#8221;F\u00e5 et tilbud p\u00e5 svanem\u00e6rkede vaskemidler til dit vaskeri&#8221; l=&#8221;dk&#8221; text_btn_contact=&#8221;F\u00e5 et tilbud p\u00e5 svanem\u00e6rkede vaskemidler til dit vaskeri&#8221;][\/vc_column][\/vc_row][vc_row css=&#8221;.vc_custom_1705570987890{margin-top: 80px !important;}&#8221; el_id=&#8221;usper&#8221;][vc_column width=&#8221;5\/12&#8243;][vc_row_inner][vc_column_inner offset=&#8221;vc_hidden-xs&#8221;][vc_empty_space height=&#8221;50px&#8221;][vc_column_text]<\/p>\n<hr \/>\n<p>[\/vc_column_text][\/vc_column_inner][\/vc_row_inner][\/vc_column][vc_column width=&#8221;2\/12&#8243;][vc_single_image image=&#8221;16852&#8243; alignment=&#8221;center&#8221;][\/vc_column][vc_column width=&#8221;5\/12&#8243;][vc_row_inner][vc_column_inner offset=&#8221;vc_hidden-xs&#8221;][vc_empty_space height=&#8221;50px&#8221;][vc_column_text]<\/p>\n<hr \/>\n<p>[\/vc_column_text][\/vc_column_inner][\/vc_row_inner][\/vc_column][\/vc_row][vc_row][vc_column width=&#8221;1\/3&#8243;][elx_heading text_color=&#8221;inherit&#8221;]Milj\u00f8venlig med fremragende resultater[\/elx_heading][vc_column_text]<\/p>\n<ul>\n<li>Vores vaskemidler er udviklet til at sikre dig h\u00f8j kvalitet, sikkerhed og effektivitet samt en lille p\u00e5virkning af milj\u00f8et.<\/li>\n<li>Valget af svanem\u00e6rkede vaskemidler vidner om Electrolux Professionals fokus p\u00e5 kvalitet og milj\u00f8.<\/li>\n<\/ul>\n<p>[\/vc_column_text][\/vc_column][vc_column width=&#8221;1\/3&#8243;][elx_heading text_color=&#8221;inherit&#8221;]Vaskemidler du kan<br \/>\nstole p\u00e5[\/elx_heading][vc_column_text]<\/p>\n<ul>\n<li>Testet af vores eksperter<\/li>\n<li>Svanem\u00e6rket<\/li>\n<li>Fremragende vaskeresultater<\/li>\n<li>Effektiv logistik<\/li>\n<li>Til professionelle maskiner<\/li>\n<\/ul>\n<p>[\/vc_column_text][\/vc_column][vc_column width=&#8221;1\/3&#8243;][elx_heading text_color=&#8221;inherit&#8221;]Automatisk dosering maksimerer udbyttet[\/elx_heading][vc_column_text]<\/p>\n<ul>\n<li>Mindre forbrug &#8211; lavere omkostninger<\/li>\n<li>Mindre servicebehov &#8211; l\u00e6ngere levetid p\u00e5 maskinen og lavere omkostninger<\/li>\n<li>Mindre forbrug af emballage &#8211; reduceret reng\u00f8ringsbehov &#8211; lavere omkostninger<\/li>\n<li>Abonnement &#8211; reduceret ordre- og leveringsstyring<\/li>\n<\/ul>\n<p>[\/vc_column_text][\/vc_column][\/vc_row][vc_row matched_labels=&#8221;&#8221; css=&#8221;.vc_custom_1756898724650{margin-top: 60px !important;margin-bottom: 60px !important;}&#8221; el_id=&#8221;kontakt&#8221;][vc_column][vc_column_text]<\/p>\n<h2 style=\"text-align: center;\">Kontakt os hvis du vil h\u00f8re mere om professionelle svanem\u00e6rkede vaskemidler<\/h2>\n<p>[\/vc_column_text][vc_row_inner][vc_column_inner width=&#8221;1\/4&#8243; offset=&#8221;vc_hidden-xs&#8221;][vc_empty_space][\/vc_column_inner][vc_column_inner width=&#8221;1\/2&#8243;][vc_empty_space height=&#8221;50px&#8221;][elx_o2000_contact_us s=&#8221;Jeg vil gerne vide mere om jeres vaskemidler&#8221; flag_hide_request_type=&#8221;true&#8221; country=&#8221;Denmark&#8221; b=&#8221;laundry&#8221; thanks=&#8221;Tak for din interesse! Vi kontakter dig snarest.&#8221; button_mode=&#8221;true&#8221; postion_button=&#8221;text-center&#8221; postion_button_mobile=&#8221;text-center-mobile&#8221; r=&#8221;Jeg vil gerne vide mere om jeres vaskemidler&#8221; l=&#8221;dk&#8221; text_btn_contact=&#8221;Mere om svanem\u00e6rkede vaskemidler&#8221;][vc_single_image image=&#8221;27963&#8243; img_size=&#8221;full&#8221; alignment=&#8221;center&#8221; css=&#8221;.vc_custom_1756898712783{padding-right: 20px !important;padding-left: 20px !important;}&#8221;][\/vc_column_inner][vc_column_inner width=&#8221;1\/4&#8243;][\/vc_column_inner][\/vc_row_inner][\/vc_column][\/vc_row]<\/p>\n","protected":false},"excerpt":{"rendered":"<p>[vc_row full_width=&#8221;electroluxpro-full-width-no-padding&#8221;][vc_column offset=&#8221;vc_hidden-xs&#8221;][elx_image_block background_image=&#8221;30082&#8243; vert_back_position=&#8221;bottom&#8221; minimum_height=&#8221;400px&#8221;][\/vc_column][\/vc_row][vc_row full_width=&#8221;electroluxpro-full-width-no-padding&#8221;][vc_column reveal_effect=&#8221;&#8221; offset=&#8221;vc_hidden-lg vc_hidden-md vc_hidden-sm&#8221;][vc_single_image image=&#8221;30081&#8243; img_size=&#8221;full&#8221;][\/vc_column][\/vc_row][vc_row disable_element=&#8221;yes&#8221;][vc_column][elx_menu][\/vc_column][\/vc_row][vc_row css=&#8221;.vc_custom_1611233798475{margin-top: 60px !important;}&#8221;][vc_column width=&#8221;5\/6&#8243;][elx_heading font_container=&#8221;h1&#8243; font_size=&#8221;h1&#8243; text_color=&#8221;inherit&#8221;]Du f\u00e5r det bedste vaskeresultat med originalt tilbeh\u00f8r og svanem\u00e6rkede vaskemidler[\/elx_heading][\/vc_column][vc_column width=&#8221;1\/6&#8243;][vc_row_inner][vc_column_inner offset=&#8221;vc_hidden-lg vc_hidden-md vc_hidden-sm&#8221;][vc_empty_space][\/vc_column_inner][\/vc_row_inner][vc_single_image image=&#8221;20280&#8243; img_size=&#8221;full&#8221; css=&#8221;.vc_custom_1755242935688{margin-top: -20px !important;}&#8221; el_class=&#8221;front&#8221;][\/vc_column][\/vc_row][vc_row content_placement=&#8221;bottom&#8221; css=&#8221;.vc_custom_1612446728383{margin-top: 40px !important;}&#8221;][vc_column width=&#8221;2\/3&#8243;][elx_heading text_color=&#8221;electrolux-blue&#8221;]En optimal helhedsl\u00f8sning[\/elx_heading][vc_empty_space height=&#8221;10px&#8221;][vc_column_text el_class=&#8221;p-16&#8243;]Hos Electrolux Professional f\u00e5r du [&hellip;]<\/p>\n","protected":false},"author":4,"featured_media":17919,"parent":0,"menu_order":0,"comment_status":"closed","ping_status":"closed","template":"","meta":{"footnotes":""},"class_list":["post-16836","page","type-page","status-publish","has-post-thumbnail","hentry"],"acf":[],"yoast_head":"<!-- This site is optimized with the Yoast SEO plugin v23.3 - https:\/\/yoast.com\/wordpress\/plugins\/seo\/ -->\n<title>Originale vaskemidler af h\u00f8j kvalitet fra Electrolux Professional<\/title>\n<meta name=\"description\" content=\"Originalt tilbeh\u00f8r og vaskemidler garanterer det bedste vaskeresultat og minimerer slitage og reparationer p\u00e5 vaskeriets maskiner. Minimeret nede-tid og forbrug \u2013 og optimeret ydelse og \u00f8konomi.\" \/>\n<meta name=\"robots\" content=\"index, follow, max-snippet:-1, max-image-preview:large, max-video-preview:-1\" \/>\n<link rel=\"canonical\" href=\"https:\/\/www.electroluxprofessional.com\/dk\/vaskemidler\/\" \/>\n<meta property=\"og:locale\" content=\"da_DK\" \/>\n<meta property=\"og:type\" content=\"article\" \/>\n<meta property=\"og:title\" content=\"Originale vaskemidler af h\u00f8j kvalitet fra Electrolux Professional\" \/>\n<meta property=\"og:description\" content=\"Originalt tilbeh\u00f8r og vaskemidler garanterer det bedste vaskeresultat og minimerer slitage og reparationer p\u00e5 vaskeriets maskiner. Minimeret nede-tid og forbrug \u2013 og optimeret ydelse og \u00f8konomi.\" \/>\n<meta property=\"og:url\" content=\"https:\/\/www.electroluxprofessional.com\/dk\/vaskemidler\/\" \/>\n<meta property=\"og:site_name\" content=\"Electrolux Professional Danmark\" \/>\n<meta property=\"article:modified_time\" content=\"2025-11-05T18:16:29+00:00\" \/>\n<meta property=\"og:image\" content=\"https:\/\/www.electroluxprofessional.com\/dk\/wp-content\/uploads\/2020\/11\/close-up_line6000_vaskemaskine4.jpg\" \/>\n\t<meta property=\"og:image:width\" content=\"800\" \/>\n\t<meta property=\"og:image:height\" content=\"548\" \/>\n\t<meta property=\"og:image:type\" content=\"image\/jpeg\" \/>\n<meta name=\"twitter:card\" content=\"summary_large_image\" \/>\n<meta name=\"twitter:label1\" content=\"Estimeret l\u00e6setid\" \/>\n\t<meta name=\"twitter:data1\" content=\"4 minutter\" \/>\n<script type=\"application\/ld+json\" class=\"yoast-schema-graph\">{\"@context\":\"https:\/\/schema.org\",\"@graph\":[{\"@type\":\"WebPage\",\"@id\":\"https:\/\/www.electroluxprofessional.com\/dk\/vaskemidler\/\",\"url\":\"https:\/\/www.electroluxprofessional.com\/dk\/vaskemidler\/\",\"name\":\"Originale vaskemidler af h\u00f8j kvalitet fra Electrolux Professional\",\"isPartOf\":{\"@id\":\"https:\/\/www.electroluxprofessional.com\/dk\/#website\"},\"primaryImageOfPage\":{\"@id\":\"https:\/\/www.electroluxprofessional.com\/dk\/vaskemidler\/#primaryimage\"},\"image\":{\"@id\":\"https:\/\/www.electroluxprofessional.com\/dk\/vaskemidler\/#primaryimage\"},\"thumbnailUrl\":\"https:\/\/www.electroluxprofessional.com\/dk\/wp-content\/uploads\/2020\/11\/close-up_line6000_vaskemaskine4.jpg\",\"datePublished\":\"2025-08-14T04:47:14+00:00\",\"dateModified\":\"2025-11-05T18:16:29+00:00\",\"description\":\"Originalt tilbeh\u00f8r og vaskemidler garanterer det bedste vaskeresultat og minimerer slitage og reparationer p\u00e5 vaskeriets maskiner. Minimeret nede-tid og forbrug \u2013 og optimeret ydelse og \u00f8konomi.\",\"breadcrumb\":{\"@id\":\"https:\/\/www.electroluxprofessional.com\/dk\/vaskemidler\/#breadcrumb\"},\"inLanguage\":\"da-DK\",\"potentialAction\":[{\"@type\":\"ReadAction\",\"target\":[\"https:\/\/www.electroluxprofessional.com\/dk\/vaskemidler\/\"]}]},{\"@type\":\"ImageObject\",\"inLanguage\":\"da-DK\",\"@id\":\"https:\/\/www.electroluxprofessional.com\/dk\/vaskemidler\/#primaryimage\",\"url\":\"https:\/\/www.electroluxprofessional.com\/dk\/wp-content\/uploads\/2020\/11\/close-up_line6000_vaskemaskine4.jpg\",\"contentUrl\":\"https:\/\/www.electroluxprofessional.com\/dk\/wp-content\/uploads\/2020\/11\/close-up_line6000_vaskemaskine4.jpg\",\"width\":800,\"height\":548,\"caption\":\"Line 6000 industrivaskemaskiner\"},{\"@type\":\"BreadcrumbList\",\"@id\":\"https:\/\/www.electroluxprofessional.com\/dk\/vaskemidler\/#breadcrumb\",\"itemListElement\":[{\"@type\":\"ListItem\",\"position\":1,\"name\":\"Home\",\"item\":\"https:\/\/www.electroluxprofessional.com\/dk\/\"},{\"@type\":\"ListItem\",\"position\":2,\"name\":\"Vaskemidler\"}]},{\"@type\":\"WebSite\",\"@id\":\"https:\/\/www.electroluxprofessional.com\/dk\/#website\",\"url\":\"https:\/\/www.electroluxprofessional.com\/dk\/\",\"name\":\"Electrolux Professional Danmark\",\"description\":\"\",\"potentialAction\":[{\"@type\":\"SearchAction\",\"target\":{\"@type\":\"EntryPoint\",\"urlTemplate\":\"https:\/\/www.electroluxprofessional.com\/dk\/?src={search_term_string}\"},\"query-input\":\"required name=search_term_string\"}],\"inLanguage\":\"da-DK\"}]}<\/script>\n<!-- \/ Yoast SEO plugin. -->","yoast_head_json":{"title":"Originale vaskemidler af h\u00f8j kvalitet fra Electrolux Professional","description":"Originalt tilbeh\u00f8r og vaskemidler garanterer det bedste vaskeresultat og minimerer slitage og reparationer p\u00e5 vaskeriets maskiner. Minimeret nede-tid og forbrug \u2013 og optimeret ydelse og \u00f8konomi.","robots":{"index":"index","follow":"follow","max-snippet":"max-snippet:-1","max-image-preview":"max-image-preview:large","max-video-preview":"max-video-preview:-1"},"canonical":"https:\/\/www.electroluxprofessional.com\/dk\/vaskemidler\/","og_locale":"da_DK","og_type":"article","og_title":"Originale vaskemidler af h\u00f8j kvalitet fra Electrolux Professional","og_description":"Originalt tilbeh\u00f8r og vaskemidler garanterer det bedste vaskeresultat og minimerer slitage og reparationer p\u00e5 vaskeriets maskiner. Minimeret nede-tid og forbrug \u2013 og optimeret ydelse og \u00f8konomi.","og_url":"https:\/\/www.electroluxprofessional.com\/dk\/vaskemidler\/","og_site_name":"Electrolux Professional Danmark","article_modified_time":"2025-11-05T18:16:29+00:00","og_image":[{"width":800,"height":548,"url":"https:\/\/www.electroluxprofessional.com\/dk\/wp-content\/uploads\/2020\/11\/close-up_line6000_vaskemaskine4.jpg","type":"image\/jpeg"}],"twitter_card":"summary_large_image","twitter_misc":{"Estimeret l\u00e6setid":"4 minutter"},"schema":{"@context":"https:\/\/schema.org","@graph":[{"@type":"WebPage","@id":"https:\/\/www.electroluxprofessional.com\/dk\/vaskemidler\/","url":"https:\/\/www.electroluxprofessional.com\/dk\/vaskemidler\/","name":"Originale vaskemidler af h\u00f8j kvalitet fra Electrolux Professional","isPartOf":{"@id":"https:\/\/www.electroluxprofessional.com\/dk\/#website"},"primaryImageOfPage":{"@id":"https:\/\/www.electroluxprofessional.com\/dk\/vaskemidler\/#primaryimage"},"image":{"@id":"https:\/\/www.electroluxprofessional.com\/dk\/vaskemidler\/#primaryimage"},"thumbnailUrl":"https:\/\/www.electroluxprofessional.com\/dk\/wp-content\/uploads\/2020\/11\/close-up_line6000_vaskemaskine4.jpg","datePublished":"2025-08-14T04:47:14+00:00","dateModified":"2025-11-05T18:16:29+00:00","description":"Originalt tilbeh\u00f8r og vaskemidler garanterer det bedste vaskeresultat og minimerer slitage og reparationer p\u00e5 vaskeriets maskiner. Minimeret nede-tid og forbrug \u2013 og optimeret ydelse og \u00f8konomi.","breadcrumb":{"@id":"https:\/\/www.electroluxprofessional.com\/dk\/vaskemidler\/#breadcrumb"},"inLanguage":"da-DK","potentialAction":[{"@type":"ReadAction","target":["https:\/\/www.electroluxprofessional.com\/dk\/vaskemidler\/"]}]},{"@type":"ImageObject","inLanguage":"da-DK","@id":"https:\/\/www.electroluxprofessional.com\/dk\/vaskemidler\/#primaryimage","url":"https:\/\/www.electroluxprofessional.com\/dk\/wp-content\/uploads\/2020\/11\/close-up_line6000_vaskemaskine4.jpg","contentUrl":"https:\/\/www.electroluxprofessional.com\/dk\/wp-content\/uploads\/2020\/11\/close-up_line6000_vaskemaskine4.jpg","width":800,"height":548,"caption":"Line 6000 industrivaskemaskiner"},{"@type":"BreadcrumbList","@id":"https:\/\/www.electroluxprofessional.com\/dk\/vaskemidler\/#breadcrumb","itemListElement":[{"@type":"ListItem","position":1,"name":"Home","item":"https:\/\/www.electroluxprofessional.com\/dk\/"},{"@type":"ListItem","position":2,"name":"Vaskemidler"}]},{"@type":"WebSite","@id":"https:\/\/www.electroluxprofessional.com\/dk\/#website","url":"https:\/\/www.electroluxprofessional.com\/dk\/","name":"Electrolux Professional Danmark","description":"","potentialAction":[{"@type":"SearchAction","target":{"@type":"EntryPoint","urlTemplate":"https:\/\/www.electroluxprofessional.com\/dk\/?src={search_term_string}"},"query-input":"required name=search_term_string"}],"inLanguage":"da-DK"}]}},"_links":{"self":[{"href":"https:\/\/www.electroluxprofessional.com\/dk\/wp-json\/wp\/v2\/pages\/16836"}],"collection":[{"href":"https:\/\/www.electroluxprofessional.com\/dk\/wp-json\/wp\/v2\/pages"}],"about":[{"href":"https:\/\/www.electroluxprofessional.com\/dk\/wp-json\/wp\/v2\/types\/page"}],"author":[{"embeddable":true,"href":"https:\/\/www.electroluxprofessional.com\/dk\/wp-json\/wp\/v2\/users\/4"}],"replies":[{"embeddable":true,"href":"https:\/\/www.electroluxprofessional.com\/dk\/wp-json\/wp\/v2\/comments?post=16836"}],"version-history":[{"count":45,"href":"https:\/\/www.electroluxprofessional.com\/dk\/wp-json\/wp\/v2\/pages\/16836\/revisions"}],"predecessor-version":[{"id":30796,"href":"https:\/\/www.electroluxprofessional.com\/dk\/wp-json\/wp\/v2\/pages\/16836\/revisions\/30796"}],"wp:featuredmedia":[{"embeddable":true,"href":"https:\/\/www.electroluxprofessional.com\/dk\/wp-json\/wp\/v2\/media\/17919"}],"wp:attachment":[{"href":"https:\/\/www.electroluxprofessional.com\/dk\/wp-json\/wp\/v2\/media?parent=16836"}],"curies":[{"name":"wp","href":"https:\/\/api.w.org\/{rel}","templated":true}]}}