{"id":16611,"date":"2023-10-17T12:19:04","date_gmt":"2023-10-17T12:19:04","guid":{"rendered":"https:\/\/www.electroluxprofessional.com\/?page_id=22125"},"modified":"2023-10-18T07:49:56","modified_gmt":"2023-10-18T07:49:56","slug":"drikkevareloesninger","status":"publish","type":"page","link":"https:\/\/www.electroluxprofessional.com\/dk\/drikkevareloesninger\/","title":{"rendered":"Drikkevarel\u00f8sninger"},"content":{"rendered":"<p>[vc_row full_width=&#8221;electroluxpro-full-width-no-padding&#8221;][vc_column][elx_image_block background_image=&#8221;16604&#8243; minimum_height=&#8221;350px&#8221;][\/vc_column][\/vc_row][vc_row][vc_column width=&#8221;3\/4&#8243;][vc_empty_space height=&#8221;50px&#8221;][elx_heading font_container=&#8221;h1&#8243; font_size=&#8221;h3&#8243; text_color=&#8221;inherit&#8221; text_align=&#8221;text-left&#8221;]Drikkel\u00f8sninger til din virksomhed[\/elx_heading][vc_empty_space][vc_column_text el_class=&#8221;p-16&#8243;]Udvid dit udbud af l\u00e6kre drikkevarer i h\u00f8j kvalitet \u2013 kolde og varme. Med nye kaffemaskiner og drikkevarel\u00f8sninger, der er udviklet og produceret af Electrolux Professional til brug i virksomheder, er du sikret maskiner af h\u00f8j kvalitet, n\u00e5r du skal betjene dine kunder eller din virksomheds ansatte.<\/p>\n<div class=\"wpb_text_column wpb_content_element p-16\">\n<div class=\"\">\n<p><strong><a href=\"https:\/\/www.electroluxprofessional.com\/dk\/kolbe-kaffemaskine\/\">Se for eksempel den smarte 2-i-1-kaffemaskine, som b\u00e5de kv\u00e6rner og brygger l\u00e6kker kolbekaffe i topkvalitet.<\/a><\/strong><\/p>\n<\/div>\n<\/div>\n<p>[\/vc_column_text][vc_empty_space height=&#8221;60px&#8221;][\/vc_column][vc_column width=&#8221;1\/4&#8243;][\/vc_column][\/vc_row][vc_row][vc_column width=&#8221;1\/4&#8243;][elx_image_block background_image=&#8221;16600&#8243; minimum_height=&#8221;313px&#8221;][elx_heading font_size=&#8221;h3&#8243; text_color=&#8221;inherit&#8221; text_align=&#8221;text-left&#8221;]Varmt[\/elx_heading][elx_button button_text=&#8221;Kaffekv\u00e6rne&#8221; button_style=&#8221;icon&#8221; button_link=&#8221;url:https%3A%2F%2Fwww.electroluxprofessional.com%2Fbeverage-solutions%2Fcoffee-grinders%2F|title:Coffee%20grinders||&#8221;][elx_button button_text=&#8221;Kaffebryggere&#8221; button_style=&#8221;icon&#8221; button_link=&#8221;url:https%3A%2F%2Fwww.electroluxprofessional.com%2Fdk%2Fkolbe-kaffemaskine%2F|title:Coffee%20brewers&#8221;][elx_button button_text=&#8221;Dispensere, varmt&#8221; button_style=&#8221;icon&#8221; button_link=&#8221;url:https%3A%2F%2Fwww.electroluxprofessional.com%2Fbeverage-solutions%2Fhot-beverage-dispensers%2F|title:Hot%20beverage%20dispensers||&#8221;][elx_button button_text=&#8221;Espresso-maskiner&#8221; button_style=&#8221;icon&#8221; button_link=&#8221;url:https%3A%2F%2Fwww.electroluxprofessional.com%2Fbeverage-solutions%2Fespresso-coffee-machines%2F|title:Espresso%20Coffee%20Machines||&#8221;][\/vc_column][vc_column width=&#8221;1\/4&#8243;][elx_image_block background_image=&#8221;16601&#8243; minimum_height=&#8221;313px&#8221;][elx_heading font_size=&#8221;h3&#8243; text_color=&#8221;inherit&#8221; text_align=&#8221;text-left&#8221;]Koldt[\/elx_heading][elx_button button_text=&#8221;Dispensere, koldt&#8221; button_style=&#8221;icon&#8221; button_link=&#8221;url:https%3A%2F%2Fwww.electroluxprofessional.com%2Fbeverage-solutions%2Fcold-beverage-dispensers%2F|title:Cold%20beverage%20dispensers||&#8221;][elx_button button_text=&#8221;Juicedispensere&#8221; button_style=&#8221;icon&#8221; button_link=&#8221;url:https%3A%2F%2Fwww.electroluxprofessional.com%2Fbeverage-solutions-old-page%2Fcold-juice-dispensers%2F|title:Cold%20Juice%20Dispensers||&#8221;][\/vc_column][vc_column width=&#8221;1\/4&#8243;][elx_image_block background_image=&#8221;16602&#8243; minimum_height=&#8221;313px&#8221;][elx_heading font_size=&#8221;h3&#8243; text_color=&#8221;inherit&#8221; text_align=&#8221;text-left&#8221;]Frosset[\/elx_heading][elx_button button_text=&#8221;Dispensere, frosset&#8221; button_style=&#8221;icon&#8221; button_link=&#8221;url:https%3A%2F%2Fwww.electroluxprofessional.com%2Fbeverage-solutions%2Ffrozen-beverage-dispensers%2F|title:Frozen%20drinks%20and%20creams%20dispensers||&#8221;][\/vc_column][vc_column width=&#8221;1\/4&#8243;][elx_image_block background_image=&#8221;16603&#8243; minimum_height=&#8221;313px&#8221;][elx_heading font_size=&#8221;h3&#8243; text_color=&#8221;inherit&#8221;]Soft[\/elx_heading][elx_button button_text=&#8221;Soft Serve&#8221; button_style=&#8221;icon&#8221; button_link=&#8221;url:https%3A%2F%2Fwww.electroluxprofessional.com%2Fbeverage-solutions-old-page%2Fsoft-serve%2F|title:Soft%20Serve||&#8221;][\/vc_column][\/vc_row][vc_row css=&#8221;.vc_custom_1608302368237{margin-top: 40px !important;border-top-width: 1px !important;background-color: #ffffff !important;border-top-color: #eeeeee !important;border-top-style: solid !important;}&#8221;][vc_column reveal_effect=&#8221;&#8221;][vc_empty_space height=&#8221;70px&#8221;][elx_heading font_size=&#8221;h3&#8243; text_color=&#8221;inherit&#8221; text_align=&#8221;text-left&#8221;]H\u00f8r mere om vores drikke-l\u00f8sninger[\/elx_heading][elx_o2000_contact_us s=&#8221;Mere information om drikkevarel\u00f8sninger&#8221; country=&#8221;Denmark&#8221; r=&#8221;Jeg vil gerne finde ud af mere om jeres drikkevarel\u00f8sninger. Kontakt mig venligst. Tak.&#8221; l=&#8221;dk&#8221;][\/vc_column][\/vc_row][vc_row][vc_column][vc_empty_space height=&#8221;100px&#8221;][elx_heading font_size=&#8221;h3&#8243; text_color=&#8221;inherit&#8221; text_align=&#8221;text-left&#8221;]Find flere komplette l\u00f8sninger[\/elx_heading][\/vc_column][\/vc_row][vc_row][vc_column width=&#8221;1\/3&#8243;][elx_maylike_box id_box=&#8221;14910&#8243; extra_class=&#8221;p-16&#8243;][\/vc_column][vc_column width=&#8221;1\/3&#8243;][elx_maylike_box id_box=&#8221;14914&#8243; extra_class=&#8221;p-16&#8243;][\/vc_column][\/vc_row]<\/p>\n","protected":false},"excerpt":{"rendered":"<p>[vc_row full_width=&#8221;electroluxpro-full-width-no-padding&#8221;][vc_column][elx_image_block background_image=&#8221;16604&#8243; minimum_height=&#8221;350px&#8221;][\/vc_column][\/vc_row][vc_row][vc_column width=&#8221;3\/4&#8243;][vc_empty_space height=&#8221;50px&#8221;][elx_heading font_container=&#8221;h1&#8243; font_size=&#8221;h3&#8243; text_color=&#8221;inherit&#8221; text_align=&#8221;text-left&#8221;]Drikkel\u00f8sninger til din virksomhed[\/elx_heading][vc_empty_space][vc_column_text el_class=&#8221;p-16&#8243;]Udvid dit udbud af l\u00e6kre drikkevarer i h\u00f8j kvalitet \u2013 kolde og varme. Med nye kaffemaskiner og drikkevarel\u00f8sninger, der er udviklet og produceret af Electrolux Professional til brug i virksomheder, er du sikret maskiner af h\u00f8j kvalitet, n\u00e5r du skal betjene dine [&hellip;]<\/p>\n","protected":false},"author":4,"featured_media":0,"parent":0,"menu_order":0,"comment_status":"closed","ping_status":"closed","template":"","meta":{"footnotes":""},"class_list":["post-16611","page","type-page","status-publish","hentry"],"acf":[],"yoast_head":"<!-- This site is optimized with the Yoast SEO plugin v23.3 - https:\/\/yoast.com\/wordpress\/plugins\/seo\/ -->\n<title>Kaffemaskiner og andre drikkevarel\u00f8sninger fra Electrolux Professional<\/title>\n<meta name=\"description\" content=\"Helt nyudviklede kaffemaskiner og drikkevarel\u00f8sninger til varme og kolde drikke, som sikrer et minimum af spild og drikkevarer i h\u00f8j kvalitet til dine kunder eller din virksomheds ansatte.\" \/>\n<meta name=\"robots\" content=\"index, follow, max-snippet:-1, max-image-preview:large, max-video-preview:-1\" \/>\n<link rel=\"canonical\" href=\"https:\/\/www.electroluxprofessional.com\/dk\/drikkevareloesninger\/\" \/>\n<meta property=\"og:locale\" content=\"da_DK\" \/>\n<meta property=\"og:type\" content=\"article\" \/>\n<meta property=\"og:title\" content=\"Kaffemaskiner og andre drikkevarel\u00f8sninger fra Electrolux Professional\" \/>\n<meta property=\"og:description\" content=\"Helt nyudviklede kaffemaskiner og drikkevarel\u00f8sninger til varme og kolde drikke, som sikrer et minimum af spild og drikkevarer i h\u00f8j kvalitet til dine kunder eller din virksomheds ansatte.\" \/>\n<meta property=\"og:url\" content=\"https:\/\/www.electroluxprofessional.com\/dk\/drikkevareloesninger\/\" \/>\n<meta property=\"og:site_name\" content=\"Electrolux Professional Danmark\" \/>\n<meta property=\"article:modified_time\" content=\"2023-10-18T07:49:56+00:00\" \/>\n<meta name=\"twitter:card\" content=\"summary_large_image\" \/>\n<meta name=\"twitter:label1\" content=\"Estimeret l\u00e6setid\" \/>\n\t<meta name=\"twitter:data1\" content=\"3 minutter\" \/>\n<script type=\"application\/ld+json\" class=\"yoast-schema-graph\">{\"@context\":\"https:\/\/schema.org\",\"@graph\":[{\"@type\":\"WebPage\",\"@id\":\"https:\/\/www.electroluxprofessional.com\/dk\/drikkevareloesninger\/\",\"url\":\"https:\/\/www.electroluxprofessional.com\/dk\/drikkevareloesninger\/\",\"name\":\"Kaffemaskiner og andre drikkevarel\u00f8sninger fra Electrolux Professional\",\"isPartOf\":{\"@id\":\"https:\/\/www.electroluxprofessional.com\/dk\/#website\"},\"datePublished\":\"2023-10-17T12:19:04+00:00\",\"dateModified\":\"2023-10-18T07:49:56+00:00\",\"description\":\"Helt nyudviklede kaffemaskiner og drikkevarel\u00f8sninger til varme og kolde drikke, som sikrer et minimum af spild og drikkevarer i h\u00f8j kvalitet til dine kunder eller din virksomheds ansatte.\",\"breadcrumb\":{\"@id\":\"https:\/\/www.electroluxprofessional.com\/dk\/drikkevareloesninger\/#breadcrumb\"},\"inLanguage\":\"da-DK\",\"potentialAction\":[{\"@type\":\"ReadAction\",\"target\":[\"https:\/\/www.electroluxprofessional.com\/dk\/drikkevareloesninger\/\"]}]},{\"@type\":\"BreadcrumbList\",\"@id\":\"https:\/\/www.electroluxprofessional.com\/dk\/drikkevareloesninger\/#breadcrumb\",\"itemListElement\":[{\"@type\":\"ListItem\",\"position\":1,\"name\":\"Home\",\"item\":\"https:\/\/www.electroluxprofessional.com\/dk\/\"},{\"@type\":\"ListItem\",\"position\":2,\"name\":\"Drikkevarel\u00f8sninger\"}]},{\"@type\":\"WebSite\",\"@id\":\"https:\/\/www.electroluxprofessional.com\/dk\/#website\",\"url\":\"https:\/\/www.electroluxprofessional.com\/dk\/\",\"name\":\"Electrolux Professional Danmark\",\"description\":\"\",\"potentialAction\":[{\"@type\":\"SearchAction\",\"target\":{\"@type\":\"EntryPoint\",\"urlTemplate\":\"https:\/\/www.electroluxprofessional.com\/dk\/?src={search_term_string}\"},\"query-input\":\"required name=search_term_string\"}],\"inLanguage\":\"da-DK\"}]}<\/script>\n<!-- \/ Yoast SEO plugin. -->","yoast_head_json":{"title":"Kaffemaskiner og andre drikkevarel\u00f8sninger fra Electrolux Professional","description":"Helt nyudviklede kaffemaskiner og drikkevarel\u00f8sninger til varme og kolde drikke, som sikrer et minimum af spild og drikkevarer i h\u00f8j kvalitet til dine kunder eller din virksomheds ansatte.","robots":{"index":"index","follow":"follow","max-snippet":"max-snippet:-1","max-image-preview":"max-image-preview:large","max-video-preview":"max-video-preview:-1"},"canonical":"https:\/\/www.electroluxprofessional.com\/dk\/drikkevareloesninger\/","og_locale":"da_DK","og_type":"article","og_title":"Kaffemaskiner og andre drikkevarel\u00f8sninger fra Electrolux Professional","og_description":"Helt nyudviklede kaffemaskiner og drikkevarel\u00f8sninger til varme og kolde drikke, som sikrer et minimum af spild og drikkevarer i h\u00f8j kvalitet til dine kunder eller din virksomheds ansatte.","og_url":"https:\/\/www.electroluxprofessional.com\/dk\/drikkevareloesninger\/","og_site_name":"Electrolux Professional Danmark","article_modified_time":"2023-10-18T07:49:56+00:00","twitter_card":"summary_large_image","twitter_misc":{"Estimeret l\u00e6setid":"3 minutter"},"schema":{"@context":"https:\/\/schema.org","@graph":[{"@type":"WebPage","@id":"https:\/\/www.electroluxprofessional.com\/dk\/drikkevareloesninger\/","url":"https:\/\/www.electroluxprofessional.com\/dk\/drikkevareloesninger\/","name":"Kaffemaskiner og andre drikkevarel\u00f8sninger fra Electrolux Professional","isPartOf":{"@id":"https:\/\/www.electroluxprofessional.com\/dk\/#website"},"datePublished":"2023-10-17T12:19:04+00:00","dateModified":"2023-10-18T07:49:56+00:00","description":"Helt nyudviklede kaffemaskiner og drikkevarel\u00f8sninger til varme og kolde drikke, som sikrer et minimum af spild og drikkevarer i h\u00f8j kvalitet til dine kunder eller din virksomheds ansatte.","breadcrumb":{"@id":"https:\/\/www.electroluxprofessional.com\/dk\/drikkevareloesninger\/#breadcrumb"},"inLanguage":"da-DK","potentialAction":[{"@type":"ReadAction","target":["https:\/\/www.electroluxprofessional.com\/dk\/drikkevareloesninger\/"]}]},{"@type":"BreadcrumbList","@id":"https:\/\/www.electroluxprofessional.com\/dk\/drikkevareloesninger\/#breadcrumb","itemListElement":[{"@type":"ListItem","position":1,"name":"Home","item":"https:\/\/www.electroluxprofessional.com\/dk\/"},{"@type":"ListItem","position":2,"name":"Drikkevarel\u00f8sninger"}]},{"@type":"WebSite","@id":"https:\/\/www.electroluxprofessional.com\/dk\/#website","url":"https:\/\/www.electroluxprofessional.com\/dk\/","name":"Electrolux Professional Danmark","description":"","potentialAction":[{"@type":"SearchAction","target":{"@type":"EntryPoint","urlTemplate":"https:\/\/www.electroluxprofessional.com\/dk\/?src={search_term_string}"},"query-input":"required name=search_term_string"}],"inLanguage":"da-DK"}]}},"_links":{"self":[{"href":"https:\/\/www.electroluxprofessional.com\/dk\/wp-json\/wp\/v2\/pages\/16611"}],"collection":[{"href":"https:\/\/www.electroluxprofessional.com\/dk\/wp-json\/wp\/v2\/pages"}],"about":[{"href":"https:\/\/www.electroluxprofessional.com\/dk\/wp-json\/wp\/v2\/types\/page"}],"author":[{"embeddable":true,"href":"https:\/\/www.electroluxprofessional.com\/dk\/wp-json\/wp\/v2\/users\/4"}],"replies":[{"embeddable":true,"href":"https:\/\/www.electroluxprofessional.com\/dk\/wp-json\/wp\/v2\/comments?post=16611"}],"version-history":[{"count":21,"href":"https:\/\/www.electroluxprofessional.com\/dk\/wp-json\/wp\/v2\/pages\/16611\/revisions"}],"predecessor-version":[{"id":26769,"href":"https:\/\/www.electroluxprofessional.com\/dk\/wp-json\/wp\/v2\/pages\/16611\/revisions\/26769"}],"wp:attachment":[{"href":"https:\/\/www.electroluxprofessional.com\/dk\/wp-json\/wp\/v2\/media?parent=16611"}],"curies":[{"name":"wp","href":"https:\/\/api.w.org\/{rel}","templated":true}]}}