{"id":16042,"date":"2022-03-08T09:04:34","date_gmt":"2022-03-08T09:04:34","guid":{"rendered":"https:\/\/www.electroluxprofessional.com\/dk\/?page_id=16042"},"modified":"2025-07-14T13:14:23","modified_gmt":"2025-07-14T13:14:23","slug":"vision-app","status":"publish","type":"page","link":"https:\/\/www.electroluxprofessional.com\/dk\/vision-app\/","title":{"rendered":"Vision app p\u00e5 iPhone og Android"},"content":{"rendered":"<p>[vc_row][vc_column width=&#8221;2\/3&#8243;][vc_empty_space][elx_heading font_container=&#8221;h1&#8243; text_color=&#8221;electrolux-blue&#8221; text_align=&#8221;text-left&#8221; css=&#8221;.vc_custom_1583421594364{margin-top: 50px !important;margin-bottom: 50px !important;}&#8221;]Electrolux Professional Vision app p\u00e5 iPhone og Android[\/elx_heading][vc_empty_space][vc_column_text el_class=&#8221;p-16&#8243;]<strong>Instruktion i download af ELS Vision app p\u00e5 iPhone og Android<\/strong>[\/vc_column_text][\/vc_column][vc_column width=&#8221;1\/3&#8243; offset=&#8221;vc_hidden-sm vc_hidden-xs&#8221;][vc_empty_space][vc_single_image image=&#8221;5131&#8243; img_size=&#8221;80&#215;96&#8243; css_animation=&#8221;fadeInLeft&#8221; css=&#8221;.vc_custom_1527758357954{margin-top: 20px !important;}&#8221;][\/vc_column][vc_column css=&#8221;.vc_custom_1646742832484{margin-top: 40px !important;border-top-width: 1px !important;border-top-color: #dadfe1 !important;border-top-style: solid !important;}&#8221;][vc_empty_space height=&#8221;12px&#8221;][\/vc_column][\/vc_row][vc_row][vc_column width=&#8221;7\/12&#8243;][vc_column_text css=&#8221;.vc_custom_1583421677590{margin-bottom: 30px !important;}&#8221; el_class=&#8221;p-16&#8243;]<\/p>\n<h4>Allerf\u00f8rst:<\/h4>\n<p>For at kunne bruge ELS Vision app\u2019en, skal din boligforening (og du selv) have adgang til ELS Visions webbooking modul.<br \/>\n<strong>Har du ikke det, s\u00e5 kontakt os p\u00e5 tlf. 63 76 22 20.<\/strong>[\/vc_column_text][\/vc_column][vc_column reveal_effect=&#8221;&#8221; width=&#8221;1\/12&#8243; offset=&#8221;vc_hidden-xs&#8221;][vc_empty_space height=&#8221;40px&#8221;][\/vc_column][vc_column width=&#8221;4\/12&#8243;][vc_row_inner][vc_column_inner offset=&#8221;vc_hidden-lg vc_hidden-md vc_hidden-sm&#8221;][vc_empty_space height=&#8221;20px&#8221;][\/vc_column_inner][\/vc_row_inner][\/vc_column][\/vc_row][vc_row][vc_column reveal_effect=&#8221;&#8221; width=&#8221;7\/12&#8243;][vc_row_inner][vc_column_inner css=&#8221;.vc_custom_1583486436478{background-color: #dadfe1 !important;}&#8221;][vc_empty_space][vc_column_text el_class=&#8221;p-16&#8243; css=&#8221;.vc_custom_1583484957475{padding-left: 23px !important;}&#8221;]<\/p>\n<h4 style=\"margin-bottom: 30px;\">S\u00e5dan installerer du ELS Vision app:<\/h4>\n<p><strong>1.<\/strong>\u00a0G\u00e5 ind p\u00e5 hjemmesiden\u00a0<a href=\"http:\/\/vasketur.dk\/\">www.vasketur.dk\u00a0<\/a>(p\u00e5 en computer eller tablet)<br \/>\n<strong>2.<\/strong>\u00a0Klik p\u00e5\u00a0<em>\u201cwebbooking\u201d<\/em>\u00a0og din egen boligforening.[\/vc_column_text][vc_single_image image=&#8221;16055&#8243; img_size=&#8221;full&#8221; css=&#8221;.vc_custom_1583484949268{margin-top: 22px !important;padding-left: 5px !important;}&#8221;][\/vc_column_inner][\/vc_row_inner][vc_row_inner][vc_column_inner css=&#8221;.vc_custom_1583484475229{padding-right: 20px !important;padding-left: 20px !important;background-color: #dadfe1 !important;}&#8221;][vc_column_text el_class=&#8221;p-16&#8243; css=&#8221;.vc_custom_1583480707700{padding-top: 45px !important;padding-right: 20px !important;padding-bottom: 20px !important;padding-left: 20px !important;}&#8221;]<strong>3.<\/strong>\u00a0Log ind med dit brugernavn og adgangskode.[\/vc_column_text][vc_single_image image=&#8221;16056&#8243; img_size=&#8221;full&#8221;][\/vc_column_inner][\/vc_row_inner][vc_row_inner][vc_column_inner css=&#8221;.vc_custom_1583484465715{padding-right: 20px !important;padding-left: 20px !important;background-color: #dadfe1 !important;}&#8221;][vc_column_text el_class=&#8221;p-16&#8243; css=&#8221;.vc_custom_1583480676552{padding-top: 45px !important;padding-right: 20px !important;padding-bottom: 20px !important;padding-left: 20px !important;}&#8221;]<strong>4.<\/strong>\u00a0Klik p\u00e5\u00a0<em>\u201dKlik her for at anvende app\u201d<\/em>[\/vc_column_text][vc_single_image image=&#8221;16057&#8243; img_size=&#8221;full&#8221;][\/vc_column_inner][\/vc_row_inner][\/vc_column][vc_column reveal_effect=&#8221;&#8221; width=&#8221;1\/12&#8243; offset=&#8221;vc_hidden-xs&#8221;][vc_empty_space height=&#8221;40px&#8221;][\/vc_column][vc_column reveal_effect=&#8221;&#8221; width=&#8221;4\/12&#8243; offset=&#8221;vc_hidden-xs&#8221;][vc_single_image image=&#8221;16067&#8243; img_size=&#8221;555&#215;800&#8243;][vc_empty_space height=&#8221;40px&#8221;][\/vc_column][\/vc_row][vc_row][vc_column width=&#8221;7\/12&#8243;][vc_row_inner][vc_column_inner css=&#8221;.vc_custom_1583484489294{padding-right: 20px !important;padding-left: 20px !important;background-color: #dadfe1 !important;}&#8221;][vc_column_text el_class=&#8221;p-16-indent&#8221; css=&#8221;.vc_custom_1583480848966{padding-top: 45px !important;padding-right: 20px !important;padding-bottom: 20px !important;padding-left: 32px !important;}&#8221;]<strong>5.<\/strong>\u00a0Tag nu din smartphone eller tablet og s\u00f8g efter\u00a0<em>\u201dElectrolux Vision Mobile\u201d<\/em>\u00a0i App Store eller Google Play.<\/p>\n<p><strong>6.<\/strong>\u00a0Hent app\u2019en og \u00e5bn den. Tryk p\u00e5\u00a0<em>\u201dScan QR kode\u201d<\/em>. Der \u00e5bnes nu en skanner. Skan QR-koden p\u00e5 din computersk\u00e6rm.[\/vc_column_text][vc_single_image image=&#8221;16058&#8243; img_size=&#8221;full&#8221;][\/vc_column_inner][\/vc_row_inner][vc_row_inner][vc_column_inner css=&#8221;.vc_custom_1583486022671{padding-right: 20px !important;padding-bottom: 32px !important;padding-left: 20px !important;background-color: #dadfe1 !important;}&#8221;][vc_column_text el_class=&#8221;p-16-indent&#8221; css=&#8221;.vc_custom_1583480856340{padding-top: 45px !important;padding-right: 20px !important;padding-bottom: 20px !important;padding-left: 32px !important;}&#8221;]<strong>7.<\/strong>\u00a0Ved at skanne QR-koden bliver app\u2019en automatisk installeret med dine brugeroplysninger. Du kan nu g\u00e5 i gang med at booke vasketider osv. via app\u2019en.[\/vc_column_text][vc_single_image image=&#8221;16059&#8243; img_size=&#8221;full&#8221;][\/vc_column_inner][\/vc_row_inner][\/vc_column][vc_column reveal_effect=&#8221;&#8221; width=&#8221;1\/12&#8243; offset=&#8221;vc_hidden-xs&#8221;][vc_empty_space][\/vc_column][vc_column reveal_effect=&#8221;&#8221; width=&#8221;4\/12&#8243; offset=&#8221;vc_hidden-xs&#8221;][vc_single_image image=&#8221;15179&#8243; img_size=&#8221;full&#8221; onclick=&#8221;custom_link&#8221; link=&#8221;http:\/\/e-vaskebjoernen.dk\/els-vision-app\/&#8221;][\/vc_column][\/vc_row][vc_row][vc_column reveal_effect=&#8221;&#8221; width=&#8221;2\/3&#8243;][vc_empty_space height=&#8221;64px&#8221;][vc_column_text css_animation=&#8221;slideInDown&#8221; el_class=&#8221;p-16&#8243; css=&#8221;.vc_custom_1752498827422{margin-top: 30px !important;margin-bottom: 20px !important;}&#8221;]<\/p>\n<p style=\"text-align: center;\">Har du sp\u00f8rgsm\u00e5l, <strong><a href=\"https:\/\/www.electroluxprofessional.com\/dk\/kontakt\/\">s\u00e5 klik her<\/a><\/strong> eller ring til os p\u00e5 tlf. <strong>63 76 22 20<\/strong>.<\/p>\n<p>[\/vc_column_text][vc_empty_space][\/vc_column][vc_column width=&#8221;1\/3&#8243; offset=&#8221;vc_hidden-xs&#8221;][\/vc_column][\/vc_row][vc_row gap=&#8221;20&#8243; css=&#8221;.vc_custom_1583486118456{margin-right: 0px !important;margin-bottom: 64px !important;margin-left: 0px !important;padding-top: 0px !important;padding-right: 0px !important;padding-left: 0px !important;}&#8221;][vc_column reveal_effect=&#8221;&#8221; width=&#8221;2\/3&#8243; css=&#8221;.vc_custom_1525176649356{margin-right: 0px !important;border-right-width: 0px !important;padding-right: 0px !important;padding-bottom: 0px !important;padding-left: 20px !important;border-right-color: #ffffff !important;}&#8221;][elx_heading font_container=&#8221;h4&#8243; font_size=&#8221;h4&#8243; text_color=&#8221;electrolux-blue&#8221; text_align=&#8221;text-left&#8221; css=&#8221;.vc_custom_1752498851907{margin-top: 0px !important;padding-top: 0px !important;padding-right: 0px !important;}&#8221;]Se hvad andre siger om Electrolux Professionals bookingsystem[\/elx_heading][vc_row_inner gap=&#8221;20&#8243; css=&#8221;.vc_custom_1527837805939{margin-top: -25px !important;margin-right: 0px !important;border-right-width: 0px !important;padding-right: 0px !important;padding-left: 0px !important;border-right-color: #ffffff !important;}&#8221;][vc_column_inner width=&#8221;1\/2&#8243; css=&#8221;.vc_custom_1525174051954{margin-right: 0px !important;margin-left: 0px !important;padding-right: 0px !important;padding-left: 10px !important;}&#8221;][elx_video_block background_image=&#8221;5791&#8243; video_link=&#8221;https:\/\/www.youtube.com\/watch?v=yHOqy19TZTc&#8221; minimum_height=&#8221;180px&#8221;][vc_column_text el_class=&#8221;p-16&#8243; css=&#8221;.vc_custom_1528794714290{margin-top: 10px !important;}&#8221;]\u201dVi kan informere en enkelt beboer, om at der kommer en h\u00e5ndv\u00e6rker i hans lejlighed.\u201d<br \/>\n<a href=\"https:\/\/www.electroluxprofessional.com\/dk\/vision-gronningen\/\">Se videointerview med bestyrelsesformand<\/a>[\/vc_column_text][\/vc_column_inner][vc_column_inner width=&#8221;1\/2&#8243; css=&#8221;.vc_custom_1525174037166{margin-right: 0px !important;margin-left: 0px !important;border-right-width: 0px !important;padding-right: 0px !important;padding-left: 10px !important;}&#8221;][vc_single_image image=&#8221;5807&#8243; img_size=&#8221;359&#215;182&#8243; alignment=&#8221;center&#8221; onclick=&#8221;custom_link&#8221; css=&#8221;.vc_custom_1583485950093{margin-top: 0px !important;margin-right: 0px !important;margin-bottom: 0px !important;margin-left: 0px !important;padding-right: 0px !important;padding-left: 0px !important;}&#8221; link=&#8221;https:\/\/www.electroluxprofessional.com\/dk\/vivabolig-aalborg\/&#8221;][vc_column_text el_class=&#8221;p-16&#8243; css=&#8221;.vc_custom_1528901421114{margin-top: 13px !important;}&#8221;]\u201dSystemet er simpelt hen s\u00e5 brugervenligt.\u201d<\/p>\n<p><a href=\"https:\/\/www.electroluxprofessional.com\/dk\/vivabolig-aalborg\/\">Se interview med teamleder i boligforening<\/a>[\/vc_column_text][\/vc_column_inner][\/vc_row_inner][\/vc_column][vc_column width=&#8221;1\/3&#8243; css=&#8221;.vc_custom_1524667530556{margin-left: 0px !important;}&#8221;][vc_empty_space height=&#8221;40px&#8221;][vc_column_text css=&#8221;.vc_custom_1525173150554{margin-top: 20px !important;margin-right: 10px !important;margin-bottom: 10px !important;margin-left: 10px !important;}&#8221;]<\/p>\n<h4 class=\"widget-title\">Hold dig ajour p\u00e5 vaskerifronten<\/h4>\n<p>[\/vc_column_text][vc_column_text css_animation=&#8221;none&#8221; el_class=&#8221;p-16&#8243; css=&#8221;.vc_custom_1525171600178{margin-right: 10px !important;margin-bottom: 20px !important;margin-left: 10px !important;}&#8221;]F\u00e5 e-mails med nyheder, tilbud, konkurrencer, tips og gode r\u00e5d om professionelle vaskeril\u00f8sninger fra Electrolux Professional.[\/vc_column_text][vc_row_inner el_id=&#8221;tilmeldingsformular&#8221;][vc_column_inner css=&#8221;.vc_custom_1583409443365{margin-right: -20px !important;margin-left: -15px !important;}&#8221;][vc_empty_space height=&#8221;15px&#8221;][elx_o2000_mailchimp_form language=&#8221;dk&#8221; listid=&#8221;eed2270662&#8243;][\/vc_column_inner][\/vc_row_inner][\/vc_column][\/vc_row]<\/p>\n","protected":false},"excerpt":{"rendered":"<p>[vc_row][vc_column width=&#8221;2\/3&#8243;][vc_empty_space][elx_heading font_container=&#8221;h1&#8243; text_color=&#8221;electrolux-blue&#8221; text_align=&#8221;text-left&#8221; css=&#8221;.vc_custom_1583421594364{margin-top: 50px !important;margin-bottom: 50px !important;}&#8221;]Electrolux Professional Vision app p\u00e5 iPhone og Android[\/elx_heading][vc_empty_space][vc_column_text el_class=&#8221;p-16&#8243;]Instruktion i download af ELS Vision app p\u00e5 iPhone og Android[\/vc_column_text][\/vc_column][vc_column width=&#8221;1\/3&#8243; offset=&#8221;vc_hidden-sm vc_hidden-xs&#8221;][vc_empty_space][vc_single_image image=&#8221;5131&#8243; img_size=&#8221;80&#215;96&#8243; css_animation=&#8221;fadeInLeft&#8221; css=&#8221;.vc_custom_1527758357954{margin-top: 20px !important;}&#8221;][\/vc_column][vc_column css=&#8221;.vc_custom_1646742832484{margin-top: 40px !important;border-top-width: 1px !important;border-top-color: #dadfe1 !important;border-top-style: solid !important;}&#8221;][vc_empty_space height=&#8221;12px&#8221;][\/vc_column][\/vc_row][vc_row][vc_column width=&#8221;7\/12&#8243;][vc_column_text css=&#8221;.vc_custom_1583421677590{margin-bottom: 30px !important;}&#8221; el_class=&#8221;p-16&#8243;] Allerf\u00f8rst: For at [&hellip;]<\/p>\n","protected":false},"author":64,"featured_media":0,"parent":0,"menu_order":0,"comment_status":"closed","ping_status":"closed","template":"","meta":{"footnotes":""},"class_list":["post-16042","page","type-page","status-publish","hentry"],"acf":[],"yoast_head":"<!-- This site is optimized with the Yoast SEO plugin v23.3 - https:\/\/yoast.com\/wordpress\/plugins\/seo\/ -->\n<title>Vision app fra Electrolux Professional \u2013 hurtig bestilling af vasketur<\/title>\n<meta name=\"description\" content=\"Med webbooking modulet eller en Vision app kan beboerne bestille nye vasketider hjemmefra, f\u00e5 besked, n\u00e5r vasken er f\u00e6rdig \u2013 og se, hvor meget de har vasket for. De kan ogs\u00e5 modtage information (individuelle eller f\u00e6lles beskeder) fra varmemester, bestyrelse og administrator.\" \/>\n<meta name=\"robots\" content=\"index, follow, max-snippet:-1, max-image-preview:large, max-video-preview:-1\" \/>\n<link rel=\"canonical\" href=\"https:\/\/www.electroluxprofessional.com\/dk\/vision-app\/\" \/>\n<meta property=\"og:locale\" content=\"da_DK\" \/>\n<meta property=\"og:type\" content=\"article\" \/>\n<meta property=\"og:title\" content=\"Vision app fra Electrolux Professional \u2013 hurtig bestilling af vasketur\" \/>\n<meta property=\"og:description\" content=\"Med webbooking modulet eller en Vision app kan beboerne bestille nye vasketider hjemmefra, f\u00e5 besked, n\u00e5r vasken er f\u00e6rdig \u2013 og se, hvor meget de har vasket for. De kan ogs\u00e5 modtage information (individuelle eller f\u00e6lles beskeder) fra varmemester, bestyrelse og administrator.\" \/>\n<meta property=\"og:url\" content=\"https:\/\/www.electroluxprofessional.com\/dk\/vision-app\/\" \/>\n<meta property=\"og:site_name\" content=\"Electrolux Professional Danmark\" \/>\n<meta property=\"article:modified_time\" content=\"2025-07-14T13:14:23+00:00\" \/>\n<meta name=\"twitter:card\" content=\"summary_large_image\" \/>\n<meta name=\"twitter:label1\" content=\"Estimeret l\u00e6setid\" \/>\n\t<meta name=\"twitter:data1\" content=\"6 minutter\" \/>\n<script type=\"application\/ld+json\" class=\"yoast-schema-graph\">{\"@context\":\"https:\/\/schema.org\",\"@graph\":[{\"@type\":\"WebPage\",\"@id\":\"https:\/\/www.electroluxprofessional.com\/dk\/vision-app\/\",\"url\":\"https:\/\/www.electroluxprofessional.com\/dk\/vision-app\/\",\"name\":\"Vision app fra Electrolux Professional \u2013 hurtig bestilling af vasketur\",\"isPartOf\":{\"@id\":\"https:\/\/www.electroluxprofessional.com\/dk\/#website\"},\"datePublished\":\"2022-03-08T09:04:34+00:00\",\"dateModified\":\"2025-07-14T13:14:23+00:00\",\"description\":\"Med webbooking modulet eller en Vision app kan beboerne bestille nye vasketider hjemmefra, f\u00e5 besked, n\u00e5r vasken er f\u00e6rdig \u2013 og se, hvor meget de har vasket for. De kan ogs\u00e5 modtage information (individuelle eller f\u00e6lles beskeder) fra varmemester, bestyrelse og administrator.\",\"breadcrumb\":{\"@id\":\"https:\/\/www.electroluxprofessional.com\/dk\/vision-app\/#breadcrumb\"},\"inLanguage\":\"da-DK\",\"potentialAction\":[{\"@type\":\"ReadAction\",\"target\":[\"https:\/\/www.electroluxprofessional.com\/dk\/vision-app\/\"]}]},{\"@type\":\"BreadcrumbList\",\"@id\":\"https:\/\/www.electroluxprofessional.com\/dk\/vision-app\/#breadcrumb\",\"itemListElement\":[{\"@type\":\"ListItem\",\"position\":1,\"name\":\"Home\",\"item\":\"https:\/\/www.electroluxprofessional.com\/dk\/\"},{\"@type\":\"ListItem\",\"position\":2,\"name\":\"Vision app p\u00e5 iPhone og Android\"}]},{\"@type\":\"WebSite\",\"@id\":\"https:\/\/www.electroluxprofessional.com\/dk\/#website\",\"url\":\"https:\/\/www.electroluxprofessional.com\/dk\/\",\"name\":\"Electrolux Professional Danmark\",\"description\":\"\",\"potentialAction\":[{\"@type\":\"SearchAction\",\"target\":{\"@type\":\"EntryPoint\",\"urlTemplate\":\"https:\/\/www.electroluxprofessional.com\/dk\/?src={search_term_string}\"},\"query-input\":\"required name=search_term_string\"}],\"inLanguage\":\"da-DK\"}]}<\/script>\n<!-- \/ Yoast SEO plugin. -->","yoast_head_json":{"title":"Vision app fra Electrolux Professional \u2013 hurtig bestilling af vasketur","description":"Med webbooking modulet eller en Vision app kan beboerne bestille nye vasketider hjemmefra, f\u00e5 besked, n\u00e5r vasken er f\u00e6rdig \u2013 og se, hvor meget de har vasket for. De kan ogs\u00e5 modtage information (individuelle eller f\u00e6lles beskeder) fra varmemester, bestyrelse og administrator.","robots":{"index":"index","follow":"follow","max-snippet":"max-snippet:-1","max-image-preview":"max-image-preview:large","max-video-preview":"max-video-preview:-1"},"canonical":"https:\/\/www.electroluxprofessional.com\/dk\/vision-app\/","og_locale":"da_DK","og_type":"article","og_title":"Vision app fra Electrolux Professional \u2013 hurtig bestilling af vasketur","og_description":"Med webbooking modulet eller en Vision app kan beboerne bestille nye vasketider hjemmefra, f\u00e5 besked, n\u00e5r vasken er f\u00e6rdig \u2013 og se, hvor meget de har vasket for. De kan ogs\u00e5 modtage information (individuelle eller f\u00e6lles beskeder) fra varmemester, bestyrelse og administrator.","og_url":"https:\/\/www.electroluxprofessional.com\/dk\/vision-app\/","og_site_name":"Electrolux Professional Danmark","article_modified_time":"2025-07-14T13:14:23+00:00","twitter_card":"summary_large_image","twitter_misc":{"Estimeret l\u00e6setid":"6 minutter"},"schema":{"@context":"https:\/\/schema.org","@graph":[{"@type":"WebPage","@id":"https:\/\/www.electroluxprofessional.com\/dk\/vision-app\/","url":"https:\/\/www.electroluxprofessional.com\/dk\/vision-app\/","name":"Vision app fra Electrolux Professional \u2013 hurtig bestilling af vasketur","isPartOf":{"@id":"https:\/\/www.electroluxprofessional.com\/dk\/#website"},"datePublished":"2022-03-08T09:04:34+00:00","dateModified":"2025-07-14T13:14:23+00:00","description":"Med webbooking modulet eller en Vision app kan beboerne bestille nye vasketider hjemmefra, f\u00e5 besked, n\u00e5r vasken er f\u00e6rdig \u2013 og se, hvor meget de har vasket for. De kan ogs\u00e5 modtage information (individuelle eller f\u00e6lles beskeder) fra varmemester, bestyrelse og administrator.","breadcrumb":{"@id":"https:\/\/www.electroluxprofessional.com\/dk\/vision-app\/#breadcrumb"},"inLanguage":"da-DK","potentialAction":[{"@type":"ReadAction","target":["https:\/\/www.electroluxprofessional.com\/dk\/vision-app\/"]}]},{"@type":"BreadcrumbList","@id":"https:\/\/www.electroluxprofessional.com\/dk\/vision-app\/#breadcrumb","itemListElement":[{"@type":"ListItem","position":1,"name":"Home","item":"https:\/\/www.electroluxprofessional.com\/dk\/"},{"@type":"ListItem","position":2,"name":"Vision app p\u00e5 iPhone og Android"}]},{"@type":"WebSite","@id":"https:\/\/www.electroluxprofessional.com\/dk\/#website","url":"https:\/\/www.electroluxprofessional.com\/dk\/","name":"Electrolux Professional Danmark","description":"","potentialAction":[{"@type":"SearchAction","target":{"@type":"EntryPoint","urlTemplate":"https:\/\/www.electroluxprofessional.com\/dk\/?src={search_term_string}"},"query-input":"required name=search_term_string"}],"inLanguage":"da-DK"}]}},"_links":{"self":[{"href":"https:\/\/www.electroluxprofessional.com\/dk\/wp-json\/wp\/v2\/pages\/16042"}],"collection":[{"href":"https:\/\/www.electroluxprofessional.com\/dk\/wp-json\/wp\/v2\/pages"}],"about":[{"href":"https:\/\/www.electroluxprofessional.com\/dk\/wp-json\/wp\/v2\/types\/page"}],"author":[{"embeddable":true,"href":"https:\/\/www.electroluxprofessional.com\/dk\/wp-json\/wp\/v2\/users\/64"}],"replies":[{"embeddable":true,"href":"https:\/\/www.electroluxprofessional.com\/dk\/wp-json\/wp\/v2\/comments?post=16042"}],"version-history":[{"count":43,"href":"https:\/\/www.electroluxprofessional.com\/dk\/wp-json\/wp\/v2\/pages\/16042\/revisions"}],"predecessor-version":[{"id":29879,"href":"https:\/\/www.electroluxprofessional.com\/dk\/wp-json\/wp\/v2\/pages\/16042\/revisions\/29879"}],"wp:attachment":[{"href":"https:\/\/www.electroluxprofessional.com\/dk\/wp-json\/wp\/v2\/media?parent=16042"}],"curies":[{"name":"wp","href":"https:\/\/api.w.org\/{rel}","templated":true}]}}