{"id":14678,"date":"2020-12-15T13:14:50","date_gmt":"2020-12-15T13:14:50","guid":{"rendered":"https:\/\/www.electroluxprofessional.com\/dk\/?page_id=14678"},"modified":"2022-06-15T13:05:23","modified_gmt":"2022-06-15T13:05:23","slug":"grovopvaskemaskine","status":"publish","type":"page","link":"https:\/\/www.electroluxprofessional.com\/dk\/grovopvaskemaskine\/","title":{"rendered":"Grovopvaskemaskiner"},"content":{"rendered":"<p>[vc_row full_width=&#8221;electroluxpro-full-width-no-padding&#8221;][vc_column reveal_effect=&#8221;&#8221;][elx_image_block background_image=&#8221;9763&#8243; vert_back_position=&#8221;bottom&#8221; minimum_height=&#8221;250px&#8221;][\/vc_column][\/vc_row][vc_row][vc_column offset=&#8221;vc_hidden-xs&#8221;][vc_empty_space height=&#8221;42px&#8221;][elx_heading font_container=&#8221;h1&#8243; font_size=&#8221;h1&#8243; text_color=&#8221;inherit&#8221; text_align=&#8221;text-left&#8221;]Lad en professionel grovopvaskemaskine klare de store, tunge ting[\/elx_heading][vc_empty_space height=&#8221;60px&#8221;][\/vc_column][\/vc_row][vc_row css=&#8221;.vc_custom_1543395947711{margin-bottom: -40px !important;}&#8221;][vc_column reveal_effect=&#8221;&#8221; offset=&#8221;vc_hidden-lg vc_hidden-md vc_hidden-sm&#8221;][vc_empty_space height=&#8221;20px&#8221;][elx_heading font_container=&#8221;h3&#8243; font_size=&#8221;h3&#8243; text_color=&#8221;inherit&#8221; text_align=&#8221;text-left&#8221;]Lad en professionel grovopvaskemaskine klare de store, tunge ting[\/elx_heading][vc_empty_space height=&#8221;40px&#8221;][\/vc_column][\/vc_row][vc_row][vc_column reveal_effect=&#8221;&#8221; width=&#8221;1\/2&#8243;][vc_column_text el_class=&#8221;p-16&#8243; css=&#8221;.vc_custom_1655298292644{padding-top: 20px !important;}&#8221;]Vil du spare vand og knofedt i dit stork\u00f8kken, s\u00e5 er en professionel grovopvaskemaskine svaret. Den vasker dine gryder, sk\u00e5le, fade og andre store ting hurtigt og effektivt.<\/p>\n<h6>Spar p\u00e5 str\u00f8m, vand og s\u00e6be med en professionel grovopvasker<\/h6>\n<p>Electrolux Professionals grovopvasker har et lavt forbrug af vand, men skyller alligevel effektivt. Du minimerer samtidig str\u00f8mforbruget og f\u00e5r derfor lavere driftsomkostninger i dit k\u00f8kken.<\/p>\n<h6>V\u00e6lg en professionel grovopvasker der passer til dit k\u00f8kken<\/h6>\n<p>Hos Electrolux Professional kan du v\u00e6lge en grovopvaskemaskine, der er frontbetjent eller sidebetjent. Vil du have automatisk h\u00e6ttel\u00f8ft? Eller en mini grovopvasker, som kun fylder 65 cm i bredden, har vi ogs\u00e5 den maskine til dig. Og du kan selvf\u00f8lgelig f\u00e5 de tr\u00e5dkurve og indstik i rustfrit st\u00e5l, som du har brug for.<\/p>\n<p>Vil du montere et indgangsbord med vask eller et t\u00f8rrebord ved din grovopvasker, kan vi ogs\u00e5 levere det til dig.<\/p>\n<p>F\u00e5 et tilbud i dag \u2013 ring til os p\u00e5 <strong>8740 3500<\/strong><strong>.<a href=\"https:\/\/www.electroluxprofessional.com\/dk\/grovopvaskemaskine#grovkontakt\"> Eller udfyld formularen.<\/a><\/strong>[\/vc_column_text][vc_empty_space][\/vc_column][vc_column reveal_effect=&#8221;&#8221; width=&#8221;1\/2&#8243;][vc_single_image image=&#8221;14684&#8243; img_size=&#8221;full&#8221;][\/vc_column][\/vc_row][vc_row css=&#8221;.vc_custom_1577700337628{margin-top: 60px !important;margin-bottom: 64px !important;}&#8221;][vc_column width=&#8221;1\/2&#8243;][vc_column_text]<a class=\"button-form-blue\" style=\"text-decoration: none;\" href=\"https:\/\/www.electroluxprofessional.com\/dk\/kontakt-koekken\/\">H\u00d8R HVAD VI KAN G\u00d8RE FOR DIG<\/a>[\/vc_column_text][\/vc_column][vc_column reveal_effect=&#8221;&#8221; width=&#8221;1\/2&#8243;][vc_row_inner][vc_column_inner offset=&#8221;vc_hidden-lg vc_hidden-md vc_hidden-sm&#8221;][vc_empty_space][\/vc_column_inner][\/vc_row_inner][vc_column_text]<a class=\"button-form-blue\" style=\"text-decoration: none;\" href=\"https:\/\/www.electroluxprofessional.com\/dk\/forhandlere-service\/\">TEKNISK SERVICE OG SUPPORT<\/a>[\/vc_column_text][\/vc_column][\/vc_row][vc_row][vc_column width=&#8221;1\/2&#8243;][vc_column_text el_class=&#8221;p-16&#8243;]<\/p>\n<h4>Brug for vejledning?<\/h4>\n<p>Har du brug for r\u00e5d og vejledning til at v\u00e6lge den rigtige opvaskemaskine, s\u00e5 kontakt vores k\u00f8kkenspecialister. Vi har mange \u00e5rs erfaring med at indrette k\u00f8kkener for restauranter, caf\u00e9er, kantiner, central- og industrik\u00f8kkener. Kontakt os p\u00e5 tlf.\u00a0<strong>8740 3500<\/strong>.[\/vc_column_text][\/vc_column][vc_column reveal_effect=&#8221;&#8221; width=&#8221;1\/2&#8243; css=&#8221;.vc_custom_1579096202236{padding-top: 32px !important;}&#8221;][vc_column_text]<a class=\"button-backlink\" style=\"text-decoration: none;\" href=\"https:\/\/www.electroluxprofessional.com\/dk\/industriopvaskemaskine\/\">FIND DEN PROFESSIONELLE OPVASKEMASKINE, DER PASSER TIL DIT BEHOV<\/a>[\/vc_column_text][\/vc_column][\/vc_row][vc_row][vc_column][vc_empty_space height=&#8221;50px&#8221;][vc_column_text]<\/p>\n<hr \/>\n<p>[\/vc_column_text][\/vc_column][\/vc_row][vc_row el_id=&#8221;grovkontakt&#8221; css=&#8221;.vc_custom_1608623907975{margin-top: 60px !important;}&#8221;][vc_column width=&#8221;1\/2&#8243;][elx_heading font_container=&#8221;h4&#8243; font_size=&#8221;h4&#8243; text_color=&#8221;electrolux-blue&#8221; text_align=&#8221;text-left&#8221;]H\u00f8r mere om Electrolux Professional opvaskemaskiner og f\u00e5 hj\u00e6lp til at v\u00e6lge den rigtige model:[\/elx_heading][vc_empty_space][\/vc_column][vc_column width=&#8221;1\/2&#8243;][\/vc_column][\/vc_row][vc_row][vc_column width=&#8221;1\/2&#8243;][elx_o2000_contact_us r=&#8221;Jeg vil gerne h\u00f8re mere om Electrolux opvaskemaskiner. Kontakt mig.&#8221; s=&#8221;Kontakt ang\u00e5ende opvaskemaskine&#8221; country=&#8221;Denmark&#8221; l=&#8221;dk&#8221; e=&#8221;lasse@relevans.dk;steen.rasmussen@electrolux.com&#8221;][vc_empty_space height=&#8221;50px&#8221;][\/vc_column][vc_column reveal_effect=&#8221;&#8221; width=&#8221;1\/2&#8243;][vc_single_image image=&#8221;14694&#8243; img_size=&#8221;450&#215;708&#8243; alignment=&#8221;right&#8221;][vc_row_inner css=&#8221;.vc_custom_1608635023107{margin-top: 20px !important;}&#8221;][vc_column_inner width=&#8221;1\/6&#8243;][vc_empty_space height=&#8221;10px&#8221;][\/vc_column_inner][vc_column_inner width=&#8221;5\/6&#8243;][vc_column_text el_class=&#8221;p-14&#8243;]Grovopvaskemaskine hygiene&amp;clean til gryder, potter og pander. Maskinen har DIN 10512 og A0 60 certifikat[\/vc_column_text][\/vc_column_inner][\/vc_row_inner][\/vc_column][\/vc_row][vc_row][vc_column width=&#8221;1\/3&#8243;][elx_maylike_box id_box=&#8221;1758&#8243;][\/vc_column][vc_column width=&#8221;1\/3&#8243;][elx_maylike_box id_box=&#8221;337&#8243;][\/vc_column][vc_column width=&#8221;1\/3&#8243;][elx_maylike_box id_box=&#8221;2311&#8243;][\/vc_column][\/vc_row][vc_row][vc_column][vc_empty_space height=&#8221;50px&#8221;][\/vc_column][\/vc_row]<\/p>\n","protected":false},"excerpt":{"rendered":"<p>[vc_row full_width=&#8221;electroluxpro-full-width-no-padding&#8221;][vc_column reveal_effect=&#8221;&#8221;][elx_image_block background_image=&#8221;9763&#8243; vert_back_position=&#8221;bottom&#8221; minimum_height=&#8221;250px&#8221;][\/vc_column][\/vc_row][vc_row][vc_column offset=&#8221;vc_hidden-xs&#8221;][vc_empty_space height=&#8221;42px&#8221;][elx_heading font_container=&#8221;h1&#8243; font_size=&#8221;h1&#8243; text_color=&#8221;inherit&#8221; text_align=&#8221;text-left&#8221;]Lad en professionel grovopvaskemaskine klare de store, tunge ting[\/elx_heading][vc_empty_space height=&#8221;60px&#8221;][\/vc_column][\/vc_row][vc_row css=&#8221;.vc_custom_1543395947711{margin-bottom: -40px !important;}&#8221;][vc_column reveal_effect=&#8221;&#8221; offset=&#8221;vc_hidden-lg vc_hidden-md vc_hidden-sm&#8221;][vc_empty_space height=&#8221;20px&#8221;][elx_heading font_container=&#8221;h3&#8243; font_size=&#8221;h3&#8243; text_color=&#8221;inherit&#8221; text_align=&#8221;text-left&#8221;]Lad en professionel grovopvaskemaskine klare de store, tunge ting[\/elx_heading][vc_empty_space height=&#8221;40px&#8221;][\/vc_column][\/vc_row][vc_row][vc_column reveal_effect=&#8221;&#8221; width=&#8221;1\/2&#8243;][vc_column_text el_class=&#8221;p-16&#8243; css=&#8221;.vc_custom_1655298292644{padding-top: 20px !important;}&#8221;]Vil du spare vand og knofedt i dit [&hellip;]<\/p>\n","protected":false},"author":64,"featured_media":0,"parent":0,"menu_order":0,"comment_status":"closed","ping_status":"closed","template":"","meta":{"footnotes":""},"class_list":["post-14678","page","type-page","status-publish","hentry"],"acf":[],"yoast_head":"<!-- This site is optimized with the Yoast SEO plugin v23.3 - https:\/\/yoast.com\/wordpress\/plugins\/seo\/ -->\n<title>Grovopvaskemaskine \u2013 spar vand og knofedt i dit stork\u00f8kken<\/title>\n<meta name=\"description\" content=\"Grovopvaskemaskine \u2013 vil du spare vand og knofedt i dit stork\u00f8kken, s\u00e5 er en professionel grovopvasker svaret. Den vasker dine gryder, sk\u00e5le, fade og andre store ting hurtigt og effektivt. Se det store udvalg her\" \/>\n<meta name=\"robots\" content=\"index, follow, max-snippet:-1, max-image-preview:large, max-video-preview:-1\" \/>\n<link rel=\"canonical\" href=\"https:\/\/www.electroluxprofessional.com\/dk\/grovopvaskemaskine\/\" \/>\n<meta property=\"og:locale\" content=\"da_DK\" \/>\n<meta property=\"og:type\" content=\"article\" \/>\n<meta property=\"og:title\" content=\"Grovopvaskemaskine \u2013 spar vand og knofedt i dit stork\u00f8kken\" \/>\n<meta property=\"og:description\" content=\"Grovopvaskemaskine \u2013 vil du spare vand og knofedt i dit stork\u00f8kken, s\u00e5 er en professionel grovopvasker svaret. Den vasker dine gryder, sk\u00e5le, fade og andre store ting hurtigt og effektivt. Se det store udvalg her\" \/>\n<meta property=\"og:url\" content=\"https:\/\/www.electroluxprofessional.com\/dk\/grovopvaskemaskine\/\" \/>\n<meta property=\"og:site_name\" content=\"Electrolux Professional Danmark\" \/>\n<meta property=\"article:modified_time\" content=\"2022-06-15T13:05:23+00:00\" \/>\n<meta name=\"twitter:card\" content=\"summary_large_image\" \/>\n<meta name=\"twitter:label1\" content=\"Estimeret l\u00e6setid\" \/>\n\t<meta name=\"twitter:data1\" content=\"3 minutter\" \/>\n<script type=\"application\/ld+json\" class=\"yoast-schema-graph\">{\"@context\":\"https:\/\/schema.org\",\"@graph\":[{\"@type\":\"WebPage\",\"@id\":\"https:\/\/www.electroluxprofessional.com\/dk\/grovopvaskemaskine\/\",\"url\":\"https:\/\/www.electroluxprofessional.com\/dk\/grovopvaskemaskine\/\",\"name\":\"Grovopvaskemaskine \u2013 spar vand og knofedt i dit stork\u00f8kken\",\"isPartOf\":{\"@id\":\"https:\/\/www.electroluxprofessional.com\/dk\/#website\"},\"datePublished\":\"2020-12-15T13:14:50+00:00\",\"dateModified\":\"2022-06-15T13:05:23+00:00\",\"description\":\"Grovopvaskemaskine \u2013 vil du spare vand og knofedt i dit stork\u00f8kken, s\u00e5 er en professionel grovopvasker svaret. Den vasker dine gryder, sk\u00e5le, fade og andre store ting hurtigt og effektivt. Se det store udvalg her\",\"breadcrumb\":{\"@id\":\"https:\/\/www.electroluxprofessional.com\/dk\/grovopvaskemaskine\/#breadcrumb\"},\"inLanguage\":\"da-DK\",\"potentialAction\":[{\"@type\":\"ReadAction\",\"target\":[\"https:\/\/www.electroluxprofessional.com\/dk\/grovopvaskemaskine\/\"]}]},{\"@type\":\"BreadcrumbList\",\"@id\":\"https:\/\/www.electroluxprofessional.com\/dk\/grovopvaskemaskine\/#breadcrumb\",\"itemListElement\":[{\"@type\":\"ListItem\",\"position\":1,\"name\":\"Home\",\"item\":\"https:\/\/www.electroluxprofessional.com\/dk\/\"},{\"@type\":\"ListItem\",\"position\":2,\"name\":\"Grovopvaskemaskiner\"}]},{\"@type\":\"WebSite\",\"@id\":\"https:\/\/www.electroluxprofessional.com\/dk\/#website\",\"url\":\"https:\/\/www.electroluxprofessional.com\/dk\/\",\"name\":\"Electrolux Professional Danmark\",\"description\":\"\",\"potentialAction\":[{\"@type\":\"SearchAction\",\"target\":{\"@type\":\"EntryPoint\",\"urlTemplate\":\"https:\/\/www.electroluxprofessional.com\/dk\/?src={search_term_string}\"},\"query-input\":\"required name=search_term_string\"}],\"inLanguage\":\"da-DK\"}]}<\/script>\n<!-- \/ Yoast SEO plugin. -->","yoast_head_json":{"title":"Grovopvaskemaskine \u2013 spar vand og knofedt i dit stork\u00f8kken","description":"Grovopvaskemaskine \u2013 vil du spare vand og knofedt i dit stork\u00f8kken, s\u00e5 er en professionel grovopvasker svaret. Den vasker dine gryder, sk\u00e5le, fade og andre store ting hurtigt og effektivt. Se det store udvalg her","robots":{"index":"index","follow":"follow","max-snippet":"max-snippet:-1","max-image-preview":"max-image-preview:large","max-video-preview":"max-video-preview:-1"},"canonical":"https:\/\/www.electroluxprofessional.com\/dk\/grovopvaskemaskine\/","og_locale":"da_DK","og_type":"article","og_title":"Grovopvaskemaskine \u2013 spar vand og knofedt i dit stork\u00f8kken","og_description":"Grovopvaskemaskine \u2013 vil du spare vand og knofedt i dit stork\u00f8kken, s\u00e5 er en professionel grovopvasker svaret. Den vasker dine gryder, sk\u00e5le, fade og andre store ting hurtigt og effektivt. Se det store udvalg her","og_url":"https:\/\/www.electroluxprofessional.com\/dk\/grovopvaskemaskine\/","og_site_name":"Electrolux Professional Danmark","article_modified_time":"2022-06-15T13:05:23+00:00","twitter_card":"summary_large_image","twitter_misc":{"Estimeret l\u00e6setid":"3 minutter"},"schema":{"@context":"https:\/\/schema.org","@graph":[{"@type":"WebPage","@id":"https:\/\/www.electroluxprofessional.com\/dk\/grovopvaskemaskine\/","url":"https:\/\/www.electroluxprofessional.com\/dk\/grovopvaskemaskine\/","name":"Grovopvaskemaskine \u2013 spar vand og knofedt i dit stork\u00f8kken","isPartOf":{"@id":"https:\/\/www.electroluxprofessional.com\/dk\/#website"},"datePublished":"2020-12-15T13:14:50+00:00","dateModified":"2022-06-15T13:05:23+00:00","description":"Grovopvaskemaskine \u2013 vil du spare vand og knofedt i dit stork\u00f8kken, s\u00e5 er en professionel grovopvasker svaret. Den vasker dine gryder, sk\u00e5le, fade og andre store ting hurtigt og effektivt. Se det store udvalg her","breadcrumb":{"@id":"https:\/\/www.electroluxprofessional.com\/dk\/grovopvaskemaskine\/#breadcrumb"},"inLanguage":"da-DK","potentialAction":[{"@type":"ReadAction","target":["https:\/\/www.electroluxprofessional.com\/dk\/grovopvaskemaskine\/"]}]},{"@type":"BreadcrumbList","@id":"https:\/\/www.electroluxprofessional.com\/dk\/grovopvaskemaskine\/#breadcrumb","itemListElement":[{"@type":"ListItem","position":1,"name":"Home","item":"https:\/\/www.electroluxprofessional.com\/dk\/"},{"@type":"ListItem","position":2,"name":"Grovopvaskemaskiner"}]},{"@type":"WebSite","@id":"https:\/\/www.electroluxprofessional.com\/dk\/#website","url":"https:\/\/www.electroluxprofessional.com\/dk\/","name":"Electrolux Professional Danmark","description":"","potentialAction":[{"@type":"SearchAction","target":{"@type":"EntryPoint","urlTemplate":"https:\/\/www.electroluxprofessional.com\/dk\/?src={search_term_string}"},"query-input":"required name=search_term_string"}],"inLanguage":"da-DK"}]}},"_links":{"self":[{"href":"https:\/\/www.electroluxprofessional.com\/dk\/wp-json\/wp\/v2\/pages\/14678"}],"collection":[{"href":"https:\/\/www.electroluxprofessional.com\/dk\/wp-json\/wp\/v2\/pages"}],"about":[{"href":"https:\/\/www.electroluxprofessional.com\/dk\/wp-json\/wp\/v2\/types\/page"}],"author":[{"embeddable":true,"href":"https:\/\/www.electroluxprofessional.com\/dk\/wp-json\/wp\/v2\/users\/64"}],"replies":[{"embeddable":true,"href":"https:\/\/www.electroluxprofessional.com\/dk\/wp-json\/wp\/v2\/comments?post=14678"}],"version-history":[{"count":23,"href":"https:\/\/www.electroluxprofessional.com\/dk\/wp-json\/wp\/v2\/pages\/14678\/revisions"}],"predecessor-version":[{"id":30759,"href":"https:\/\/www.electroluxprofessional.com\/dk\/wp-json\/wp\/v2\/pages\/14678\/revisions\/30759"}],"wp:attachment":[{"href":"https:\/\/www.electroluxprofessional.com\/dk\/wp-json\/wp\/v2\/media?parent=14678"}],"curies":[{"name":"wp","href":"https:\/\/api.w.org\/{rel}","templated":true}]}}