{"id":14628,"date":"2025-09-08T10:22:27","date_gmt":"2025-09-08T10:22:27","guid":{"rendered":"https:\/\/www.electroluxprofessional.com\/dk\/?page_id=14628"},"modified":"2026-04-15T12:06:54","modified_gmt":"2026-04-15T12:06:54","slug":"homepage","status":"publish","type":"page","link":"https:\/\/www.electroluxprofessional.com\/dk\/","title":{"rendered":"Homepage"},"content":{"rendered":"<p>[vc_row full_width=&#8221;electroluxpro-full-width-no-padding&#8221; css=&#8221;.vc_custom_1581601446712{margin-bottom: 0px !important;}&#8221;][vc_column css=&#8221;.vc_custom_1575015067714{margin-bottom: 0px !important;}&#8221;][elx_master_slider slide_order_1=&#8221;4&#8243; title_1=&#8221;Ta&#8217; det mest b\u00e6redygtige valg &#8211; v\u00e6lg varmepumpe-tumblere!&#8221; text_1=&#8221;Reducer energiforbruget med 65 %, uden at g\u00e5 p\u00e5 kompromis med t\u00f8rretiderne.&#8221; slide_order_2=&#8221;2&#8243; title_2=&#8221;NCircl-U &#8211; Vaskeri p\u00e5 abonnement&#8221; text_2=&#8221;Vaskeri uden bekymringer &#8211; Fast pris uanset hvor meget du vasker eller t\u00f8rrer&#8221; slide_order_3=&#8221;1&#8243; title_3=&#8221;Daglig ekspertise&#8221; text_3=&#8221;e-XP 700 &amp; 900<br \/>\nModul\u00e6r madlavning&#8221; slide_order_4=&#8221;3&#8243; title_4=&#8221;NYHED!<br \/>\nNeoBlue Touch<br \/>\nopvaskemaskine&#8221; text_4=&#8221;Pletfri resultater og<br \/>\nbesparelser med<br \/>\nbare \u00e9t tryk&#8221; link_1=&#8221;url:https%3A%2F%2Fwww.electroluxprofessional.com%2Fdk%2Fvarmepumpe-tumblere%2F|title:Se%20mere&#8221; background_image_media_library_1=&#8221;28585&#8243; background_image_media_library_mobile_1=&#8221;30412&#8243; background_image_media_library_2=&#8221;27414&#8243; background_image_media_library_3=&#8221;31340&#8243; link_2=&#8221;url:https%3A%2F%2Fwww.electroluxprofessional.com%2Fdk%2Fvaskeri_paa_abonnement%2F|title:L%C3%A6s%20mere&#8221; link_3=&#8221;url:https%3A%2F%2Fwww.electroluxprofessional.com%2Fdk%2Fe-xp-700-900-modulaer-madlavning%2F|title:Se%20mere&#8221; link_4=&#8221;url:https%3A%2F%2Fwww.electroluxprofessional.com%2Fdk%2Fneoblue-touch-underbords-opvasker%2F|title:L%C3%A6s%20mere&#8221; background_image_media_library_mobile_2=&#8221;30410&#8243; background_image_media_library_mobile_3=&#8221;31340&#8243; background_image_media_library_4=&#8221;31090&#8243; background_image_media_library_mobile_4=&#8221;30411&#8243;][\/vc_column][\/vc_row][vc_row full_width=&#8221;electroluxpro-full-width-no-padding&#8221;][vc_column][elx_full_banner title=&#8221;Vi er dedikeret til at skabe en mere b\u00e6redygtig verden.&#8221; text=&#8221;Swiss design since 1871: over 100 years of production,<br \/>\nprecision and tradition&#8221; background_source=&#8221;image-media-library&#8221; link=&#8221;url:https%3A%2F%2Fwww.electroluxprofessional.com%2Fdk%2Fbaeredygtighed%2F|title:S%C3%A5dan%20arbejder%20vi%20med%20b%C3%A6redygtighed|target:_blank&#8221; background_image_media_library=&#8221;28745&#8243; background_image_media_library_mobile=&#8221;30413&#8243;][\/vc_column][\/vc_row][vc_row css=&#8221;.vc_custom_1639750021122{margin-top: 60px !important;}&#8221;][vc_column][elx_double_banner title_1=&#8221;Kreativitet h\u00e5nd-i-h\u00e5nd med HighSpeed&#8221; text_1=&#8221;Oplev GourmeXpress &#8211; High Speed ovnen&#8221; title_2=&#8221;Line 6000 \u2013 vaskemaskiner&#8221; text_2=&#8221;F\u00e5 en professionel vaskeril\u00f8sning,<br \/>\nder passer til dit behov.&#8221; background_source_1=&#8221;image-media-library&#8221; background_source_2=&#8221;image-media-library&#8221; link_1=&#8221;url:https%3A%2F%2Fwww.electroluxprofessional.com%2Fdk%2Fgourmexpress-high-speed-ovn%2F|title:L%C3%A6s%20mere%20om%20GourmeXpress&#8221; background_image_media_library_1=&#8221;27572&#8243; link_2=&#8221;url:https%3A%2F%2Fwww.electroluxprofessional.com%2Fdk%2Fline-6000-vaskeri-der-virker%2F|title:SE%20L%C3%98SNINGER%20TIL%20DIN%20BRANCHE&#8221; background_image_media_library_2=&#8221;15898&#8243; background_image_media_library_mobile_1=&#8221;27572&#8243; background_image_media_library_mobile_2=&#8221;15899&#8243;][\/vc_column][\/vc_row][vc_row][vc_column][elx_double_banner title_1=&#8221;F\u00e5 den rigtige vaskeril\u00f8sning&#8221; text_1=&#8221;F\u00e5 en professionel vaskeril\u00f8sning,<br \/>\nder passer til dit behov.&#8221; title_2=&#8221;Essentia &#8211; Serviceaftaler&#8221; text_2=&#8221;F\u00e5 bedre kontrol over vaskeriets udgifter til drift og vedligeholdelse. Du kan v\u00e6lge mellem fire serviceaftaler.&#8221; background_source_1=&#8221;image-media-library&#8221; background_source_2=&#8221;image-media-library&#8221; link_1=&#8221;url:https%3A%2F%2Fwww.electroluxprofessional.com%2Fdk%2Fvaskeriloesninger%2F|title:SE%20L%C3%98SNINGER%20TIL%20DIN%20BRANCHE&#8221; background_image_media_library_1=&#8221;15903&#8243; link_2=&#8221;url:https%3A%2F%2Fwww.electroluxprofessional.com%2Fdk%2Fserviceaftaler%2F|title:SE%20DINE%20MULIGHEDER||&#8221; background_image_media_library_2=&#8221;15906&#8243; background_image_media_library_mobile_1=&#8221;15904&#8243; background_image_media_library_mobile_2=&#8221;15907&#8243;][\/vc_column][\/vc_row][vc_row full_width=&#8221;electroluxpro-full-width-no-padding&#8221; css=&#8221;.vc_custom_1639750045853{margin-top: 60px !important;}&#8221;][vc_column][elx_full_banner title=&#8221;Electrolux Professional Centers of Excellence&#8221; text=&#8221;Swiss design since 1871: over 100 years of production,<br \/>\nprecision and tradition&#8221; background_source=&#8221;image-media-library&#8221; link=&#8221;url:https%3A%2F%2Fwww.electroluxprofessional.com%2Fdk%2Fcenters-of-excellence-electrolux-professional%2F|title:Bes%C3%B8g%20vores%20virtuelle%20showroom|target:_blank&#8221; background_image_media_library=&#8221;15909&#8243; background_image_media_library_mobile=&#8221;15910&#8243;][\/vc_column][\/vc_row][vc_row full_width=&#8221;electroluxpro-full-width-no-padding&#8221; matched_labels=&#8221;&#8221;][vc_column reveal_effect=&#8221;&#8221; matched_labels=&#8221;&#8221;][elx_last_references title=&#8221;Vores kunder&#8221;][\/vc_column][\/vc_row][vc_row full_width=&#8221;electroluxpro-full-width-no-padding&#8221;][vc_column][elx_last_news title=&#8221;Electrolux Professional Nyheder&#8221;][\/vc_column][\/vc_row][vc_row full_width=&#8221;electroluxpro-full-width-no-padding&#8221;][vc_column][elx_full_banner title=&#8221;Trin-for-trin guide &#8211; s\u00e5dan starter du dit udstyr op efter l\u00e6ngere tids stilstand.&#8221; set_as_h1=&#8221;true&#8221; text=&#8221;Electrolux Professional is the OnE trusted partner making your<br \/>\nwork-life easier, more profitable \u2013 and truly sustainable every day.&#8221; background_source=&#8221;image-media-library&#8221; link=&#8221;url:https%3A%2F%2Fwww.electroluxprofessional.com%2Fdk%2Fsupporting-customer-through-the-coronavirus-crisis-2%2F|title:Se%20mere%20om%20The%20OnE||&#8221; background_image_media_library=&#8221;16773&#8243; background_image_media_library_mobile=&#8221;16773&#8243;][\/vc_column][\/vc_row][vc_row][vc_column][elx_single_banner title=&#8221;Karriere hos os&#8221; text=&#8221;Electrolux Professional byder passionerede, kundesorienterede holdspillere velkommen til vores familie. Tjek vores karriereside for at l\u00e6se om muligheder for dig.&#8221; text_mobile=&#8221;Tjek vores karriereside for at se muligheder for dig.&#8221; background_source=&#8221;image-media-library&#8221; background_image_media_library=&#8221;15915&#8243; link=&#8221;url:https%3A%2F%2Fwww.electroluxprofessional.com%2Fcareer-opportunities%2F|title:Apply%20now||&#8221; background_image_media_library_mobile=&#8221;15914&#8243;][\/vc_column][\/vc_row][vc_row][vc_column offset=&#8221;vc_hidden-lg vc_hidden-md vc_hidden-sm vc_hidden-xs&#8221;][elx_active_banner title=&#8221;Sales and service locator&#8221; link=&#8221;url:https%3A%2F%2Fwww.electroluxprofessional.com%2Fsales-and-service-locator%2F|title:Search||&#8221; background_image_media_library=&#8221;15926&#8243; background_image_media_library_mobile=&#8221;15927&#8243;][\/vc_column][\/vc_row][vc_row][vc_column][vc_empty_space height=&#8221;30px&#8221;][\/vc_column][\/vc_row]<\/p>\n","protected":false},"excerpt":{"rendered":"<p>[vc_row full_width=&#8221;electroluxpro-full-width-no-padding&#8221; css=&#8221;.vc_custom_1581601446712{margin-bottom: 0px !important;}&#8221;][vc_column css=&#8221;.vc_custom_1575015067714{margin-bottom: 0px !important;}&#8221;][elx_master_slider slide_order_1=&#8221;4&#8243; title_1=&#8221;Ta&#8217; det mest b\u00e6redygtige valg &#8211; v\u00e6lg varmepumpe-tumblere!&#8221; text_1=&#8221;Reducer energiforbruget med 65 %, uden at g\u00e5 p\u00e5 kompromis med t\u00f8rretiderne.&#8221; slide_order_2=&#8221;2&#8243; title_2=&#8221;NCircl-U &#8211; Vaskeri p\u00e5 abonnement&#8221; text_2=&#8221;Vaskeri uden bekymringer &#8211; Fast pris uanset hvor meget du vasker eller t\u00f8rrer&#8221; slide_order_3=&#8221;1&#8243; title_3=&#8221;Daglig ekspertise&#8221; text_3=&#8221;e-XP 700 &amp; 900 [&hellip;]<\/p>\n","protected":false},"author":64,"featured_media":0,"parent":0,"menu_order":0,"comment_status":"closed","ping_status":"closed","template":"","meta":{"footnotes":""},"class_list":["post-14628","page","type-page","status-publish","hentry"],"acf":[],"yoast_head":"<!-- This site is optimized with the Yoast SEO plugin v23.3 - https:\/\/yoast.com\/wordpress\/plugins\/seo\/ -->\n<title>Electrolux Professional - l\u00f8sninger til stork\u00f8kken og vaskeri<\/title>\n<meta name=\"description\" content=\"Hos Electrolux Professional f\u00e5r du optimale totall\u00f8sninger indenfor 3 omr\u00e5der: Mad, drikke og vask. Se dine professionelle muligheder\" \/>\n<meta name=\"robots\" content=\"index, follow, max-snippet:-1, max-image-preview:large, max-video-preview:-1\" \/>\n<link rel=\"canonical\" href=\"https:\/\/www.electroluxprofessional.com\/dk\/\" \/>\n<meta property=\"og:locale\" content=\"da_DK\" \/>\n<meta property=\"og:type\" content=\"article\" \/>\n<meta property=\"og:title\" content=\"Electrolux Professional - l\u00f8sninger til stork\u00f8kken og vaskeri\" \/>\n<meta property=\"og:description\" content=\"Hos Electrolux Professional f\u00e5r du optimale totall\u00f8sninger indenfor 3 omr\u00e5der: Mad, drikke og vask. Se dine professionelle muligheder\" \/>\n<meta property=\"og:url\" content=\"https:\/\/www.electroluxprofessional.com\/dk\/\" \/>\n<meta property=\"og:site_name\" content=\"Electrolux Professional Danmark\" \/>\n<meta property=\"article:modified_time\" content=\"2026-04-15T12:06:54+00:00\" \/>\n<meta name=\"twitter:card\" content=\"summary_large_image\" \/>\n<meta name=\"twitter:label1\" content=\"Estimeret l\u00e6setid\" \/>\n\t<meta name=\"twitter:data1\" content=\"7 minutter\" \/>\n<script type=\"application\/ld+json\" class=\"yoast-schema-graph\">{\"@context\":\"https:\/\/schema.org\",\"@graph\":[{\"@type\":\"WebPage\",\"@id\":\"https:\/\/www.electroluxprofessional.com\/dk\/\",\"url\":\"https:\/\/www.electroluxprofessional.com\/dk\/\",\"name\":\"Electrolux Professional - l\u00f8sninger til stork\u00f8kken og vaskeri\",\"isPartOf\":{\"@id\":\"https:\/\/www.electroluxprofessional.com\/dk\/#website\"},\"datePublished\":\"2025-09-08T10:22:27+00:00\",\"dateModified\":\"2026-04-15T12:06:54+00:00\",\"description\":\"Hos Electrolux Professional f\u00e5r du optimale totall\u00f8sninger indenfor 3 omr\u00e5der: Mad, drikke og vask. Se dine professionelle muligheder\",\"breadcrumb\":{\"@id\":\"https:\/\/www.electroluxprofessional.com\/dk\/#breadcrumb\"},\"inLanguage\":\"da-DK\",\"potentialAction\":[{\"@type\":\"ReadAction\",\"target\":[\"https:\/\/www.electroluxprofessional.com\/dk\/\"]}]},{\"@type\":\"BreadcrumbList\",\"@id\":\"https:\/\/www.electroluxprofessional.com\/dk\/#breadcrumb\",\"itemListElement\":[{\"@type\":\"ListItem\",\"position\":1,\"name\":\"Home\",\"item\":\"https:\/\/www.electroluxprofessional.com\/dk\/\"},{\"@type\":\"ListItem\",\"position\":2,\"name\":\"Homepage\"}]},{\"@type\":\"WebSite\",\"@id\":\"https:\/\/www.electroluxprofessional.com\/dk\/#website\",\"url\":\"https:\/\/www.electroluxprofessional.com\/dk\/\",\"name\":\"Electrolux Professional Danmark\",\"description\":\"\",\"potentialAction\":[{\"@type\":\"SearchAction\",\"target\":{\"@type\":\"EntryPoint\",\"urlTemplate\":\"https:\/\/www.electroluxprofessional.com\/dk\/?src={search_term_string}\"},\"query-input\":\"required name=search_term_string\"}],\"inLanguage\":\"da-DK\"}]}<\/script>\n<!-- \/ Yoast SEO plugin. -->","yoast_head_json":{"title":"Electrolux Professional - l\u00f8sninger til stork\u00f8kken og vaskeri","description":"Hos Electrolux Professional f\u00e5r du optimale totall\u00f8sninger indenfor 3 omr\u00e5der: Mad, drikke og vask. Se dine professionelle muligheder","robots":{"index":"index","follow":"follow","max-snippet":"max-snippet:-1","max-image-preview":"max-image-preview:large","max-video-preview":"max-video-preview:-1"},"canonical":"https:\/\/www.electroluxprofessional.com\/dk\/","og_locale":"da_DK","og_type":"article","og_title":"Electrolux Professional - l\u00f8sninger til stork\u00f8kken og vaskeri","og_description":"Hos Electrolux Professional f\u00e5r du optimale totall\u00f8sninger indenfor 3 omr\u00e5der: Mad, drikke og vask. Se dine professionelle muligheder","og_url":"https:\/\/www.electroluxprofessional.com\/dk\/","og_site_name":"Electrolux Professional Danmark","article_modified_time":"2026-04-15T12:06:54+00:00","twitter_card":"summary_large_image","twitter_misc":{"Estimeret l\u00e6setid":"7 minutter"},"schema":{"@context":"https:\/\/schema.org","@graph":[{"@type":"WebPage","@id":"https:\/\/www.electroluxprofessional.com\/dk\/","url":"https:\/\/www.electroluxprofessional.com\/dk\/","name":"Electrolux Professional - l\u00f8sninger til stork\u00f8kken og vaskeri","isPartOf":{"@id":"https:\/\/www.electroluxprofessional.com\/dk\/#website"},"datePublished":"2025-09-08T10:22:27+00:00","dateModified":"2026-04-15T12:06:54+00:00","description":"Hos Electrolux Professional f\u00e5r du optimale totall\u00f8sninger indenfor 3 omr\u00e5der: Mad, drikke og vask. Se dine professionelle muligheder","breadcrumb":{"@id":"https:\/\/www.electroluxprofessional.com\/dk\/#breadcrumb"},"inLanguage":"da-DK","potentialAction":[{"@type":"ReadAction","target":["https:\/\/www.electroluxprofessional.com\/dk\/"]}]},{"@type":"BreadcrumbList","@id":"https:\/\/www.electroluxprofessional.com\/dk\/#breadcrumb","itemListElement":[{"@type":"ListItem","position":1,"name":"Home","item":"https:\/\/www.electroluxprofessional.com\/dk\/"},{"@type":"ListItem","position":2,"name":"Homepage"}]},{"@type":"WebSite","@id":"https:\/\/www.electroluxprofessional.com\/dk\/#website","url":"https:\/\/www.electroluxprofessional.com\/dk\/","name":"Electrolux Professional Danmark","description":"","potentialAction":[{"@type":"SearchAction","target":{"@type":"EntryPoint","urlTemplate":"https:\/\/www.electroluxprofessional.com\/dk\/?src={search_term_string}"},"query-input":"required name=search_term_string"}],"inLanguage":"da-DK"}]}},"_links":{"self":[{"href":"https:\/\/www.electroluxprofessional.com\/dk\/wp-json\/wp\/v2\/pages\/14628"}],"collection":[{"href":"https:\/\/www.electroluxprofessional.com\/dk\/wp-json\/wp\/v2\/pages"}],"about":[{"href":"https:\/\/www.electroluxprofessional.com\/dk\/wp-json\/wp\/v2\/types\/page"}],"author":[{"embeddable":true,"href":"https:\/\/www.electroluxprofessional.com\/dk\/wp-json\/wp\/v2\/users\/64"}],"replies":[{"embeddable":true,"href":"https:\/\/www.electroluxprofessional.com\/dk\/wp-json\/wp\/v2\/comments?post=14628"}],"version-history":[{"count":84,"href":"https:\/\/www.electroluxprofessional.com\/dk\/wp-json\/wp\/v2\/pages\/14628\/revisions"}],"predecessor-version":[{"id":32433,"href":"https:\/\/www.electroluxprofessional.com\/dk\/wp-json\/wp\/v2\/pages\/14628\/revisions\/32433"}],"wp:attachment":[{"href":"https:\/\/www.electroluxprofessional.com\/dk\/wp-json\/wp\/v2\/media?parent=14628"}],"curies":[{"name":"wp","href":"https:\/\/api.w.org\/{rel}","templated":true}]}}