{"id":14471,"date":"2025-06-30T09:37:24","date_gmt":"2025-06-30T09:37:24","guid":{"rendered":"https:\/\/www.electroluxprofessional.com\/dk\/?page_id=14471"},"modified":"2025-11-05T17:54:53","modified_gmt":"2025-11-05T17:54:53","slug":"industriovn-skyline-cook-chill","status":"publish","type":"page","link":"https:\/\/www.electroluxprofessional.com\/dk\/industriovn-skyline-cook-chill\/","title":{"rendered":"SkyLine \u2013 Cook &#038; Chill \u2013 industriovn og bl\u00e6stk\u00f8ler"},"content":{"rendered":"<p>[vc_row css=&#8221;.vc_custom_1609851961727{padding-top: 40px !important;padding-bottom: 40px !important;background-color: #dadfe1 !important;}&#8221;][vc_column][elx_heading font_container=&#8221;h1&#8243; font_size=&#8221;h1&#8243; text_color=&#8221;electrolux-blue&#8221; text_align=&#8221;text-left&#8221;]NYHED: SkyLine industriovn og bl\u00e6stk\u00f8ler \u2013 intelligent Cook &amp; Chill madlavning [\/elx_heading][\/vc_column][\/vc_row][vc_row css=&#8221;.vc_custom_1583417823440{margin-top: 60px !important;}&#8221;][vc_column width=&#8221;7\/12&#8243; css=&#8221;.vc_custom_1676367083182{padding-top: 30px !important;padding-right: 70px !important;}&#8221;][vc_column_text]<\/p>\n<h4>Cook &amp; Chill er et intelligent<br \/>\nmadlavningskoncept i 3 steps:<\/h4>\n<p>[\/vc_column_text][vc_column_text el_class=&#8221;p-16&#8243; css=&#8221;.vc_custom_1579006548025{margin-top: 32px !important;}&#8221;]1. Tilbered maden<br \/>\n2. K\u00f8l den hurtigt ned<br \/>\n3. F\u00e6rdigtilbered og serv\u00e9r[\/vc_column_text][vc_empty_space height=&#8221;50px&#8221;][vc_column_text el_class=&#8221;p-16&#8243;]Med industriovn og bl\u00e6stk\u00f8ler\u00a0\u2013\u00a0<strong>SkyLine Cook &amp; Chill<\/strong> \u2013 tilbereder du maden enkelt og intuitivt. Og du kommer til at forbedre b\u00e5de arbejdsgangen og madens kvalitet i dit professionelle k\u00f8kken.[\/vc_column_text][vc_empty_space height=&#8221;50px&#8221;][elx_o2000_contact_us s=&#8221;Jeg \u00f8nsker mere information om Cook and Chill&#8221; campaign=&#8221;701SX00000DxwbtYAB&#8221; country=&#8221;Denmark&#8221; b=&#8221;food&#8221; compact_view=&#8221;1&#8243; thanks=&#8221;Tak for din interesse! Vi kontakter dig snarest.&#8221; button_mode=&#8221;true&#8221; postion_button=&#8221;text-left&#8221; postion_button_mobile=&#8221;text-left-mobile&#8221; container=&#8221;elxcontactus1466429401&#8243; r=&#8221;Jeg \u00f8nsker mere information om SkyLine Cook and Chill. Venligst kontakt mig&#8221; l=&#8221;dk&#8221; e=&#8221;steen.rasmussen@electroluxprofessional.com&#8221; side_banner_title=&#8221;F\u00e5 svar p\u00e5 dine sp\u00f8rgsm\u00e5l eller f\u00e5 et tilbud&#8221; text_btn_contact=&#8221;f\u00e5 svar p\u00e5 dine sp\u00f8rgsm\u00e5l eller f\u00e5 et tilbud&#8221;][\/vc_column][vc_column width=&#8221;5\/12&#8243;][vc_single_image image=&#8221;17322&#8243; img_size=&#8221;full&#8221; alignment=&#8221;center&#8221; css=&#8221;.vc_custom_1602600468539{margin-top: 15px !important;}&#8221;][\/vc_column][\/vc_row][vc_row css=&#8221;.vc_custom_1676366628453{margin-top: 50px !important;padding-top: 30px !important;padding-bottom: 30px !important;background-color: #041e41 !important;}&#8221;][vc_column reveal_effect=&#8221;&#8221; width=&#8221;1\/2&#8243;][vc_single_image image=&#8221;19537&#8243; img_size=&#8221;full&#8221; alignment=&#8221;center&#8221; css=&#8221;.vc_custom_1676366531217{padding: 20px !important;background-color: #ffffff !important;}&#8221;][\/vc_column][vc_column reveal_effect=&#8221;&#8221; width=&#8221;1\/2&#8243; css=&#8221;.vc_custom_1608549441556{padding-top: 32px !important;}&#8221;][vc_column_text el_class=&#8221;p-16-white&#8221; css=&#8221;.vc_custom_1613553514753{margin-top: 30px !important;}&#8221;]<\/p>\n<h4>Industriovn og bl\u00e6stk\u00f8ler taler sammen via SkyDuo<\/h4>\n<p>Via SkyDuo systemet beder din industriovn automatisk din bl\u00e6stk\u00f8ler forberede sig p\u00e5 at nedk\u00f8le maden i det \u00f8jeblik, den er klar. Systemet er gennemtestet og godkendt af Electrolux Chef Academy.\u00a0<a href=\"https:\/\/www.electroluxprofessional.com\/dk\/industriovn-skyline-cook-chill\/#duo\">Se dine fordele med SkyDuo<\/a>[\/vc_column_text][vc_empty_space][elx_button button_text=&#8221;Se SkyLine ovne og bl\u00e6stk\u00f8lere&#8221; button_link=&#8221;url:https%3A%2F%2Fwww.electroluxprofessional.com%2Fdk%2Findustriovn-skyline-cook-chill%2F%23produkter|||&#8221;][vc_empty_space][vc_column_text el_class=&#8221;p-14-white&#8221;]SkyLine Chill \u2013 Blast Chiller 50 kg<br \/>\nSkyLine Premium \u2013 Oven 10GN[\/vc_column_text][vc_row_inner][vc_column_inner offset=&#8221;vc_hidden-lg vc_hidden-md vc_hidden-sm&#8221;][vc_empty_space][\/vc_column_inner][\/vc_row_inner][\/vc_column][\/vc_row][vc_row css=&#8221;.vc_custom_1608551095102{margin-top: 60px !important;}&#8221;][vc_column width=&#8221;1\/2&#8243;][elx_video_block background_image=&#8221;12371&#8243; minimum_height=&#8221;300px&#8221; video_link=&#8221;https:\/\/www.youtube.com\/watch?v=RRN6Tvqfkl8&#8243;][vc_empty_space height=&#8221;15px&#8221;][vc_column_text el_class=&#8221;p-16&#8243;]<strong>Denne video viser, hvordan SkyLine virker i dit k\u00f8kken<\/strong>[\/vc_column_text][\/vc_column][vc_column width=&#8221;1\/2&#8243;][vc_empty_space][vc_column_text el_class=&#8221;p-16&#8243;]F\u00e5 inspiration til din Cook &amp; Chill madlavning i denne brochure:[\/vc_column_text][vc_empty_space][elx_download_block text=&#8221;SkyLine Cook &amp; Chill brochure `{`PDF`}`&#8221; text_color=&#8221;customer-care&#8221; document_type=&#8221;brochures&#8221; background_color=&#8221;white&#8221; br_document_number=&#8221;BR-9JE00120&#8243;][\/vc_column][\/vc_row][vc_row content_placement=&#8221;middle&#8221; css=&#8221;.vc_custom_1613553538041{margin-top: 60px !important;}&#8221; el_id=&#8221;duo&#8221;][vc_column reveal_effect=&#8221;&#8221; width=&#8221;1\/2&#8243;][vc_single_image image=&#8221;19539&#8243; img_size=&#8221;full&#8221; alignment=&#8221;center&#8221;][\/vc_column][vc_column reveal_effect=&#8221;&#8221; width=&#8221;1\/2&#8243;][vc_empty_space][vc_column_text el_class=&#8221;p-16&#8243;]<\/p>\n<h4><strong>Dine fordele med SkyLine Cook &amp; Chill:<\/strong><\/h4>\n<p>[\/vc_column_text][vc_empty_space][vc_column_text el_class=&#8221;p-16&#8243;]<strong>\u25aa<\/strong>\u00a0 Hurtig tilberedning. Hurtig nedk\u00f8ling. Lavt energiforbrug.<\/p>\n<p><strong>\u25aa<\/strong>\u00a0 Uanede muligheder for at lave sp\u00e6ndende mad.<\/p>\n<p><strong>\u25aa<\/strong>\u00a0 Mindre madspild og l\u00e6ngere holdbarhed \u2013 god k\u00f8kken\u00f8konomi.[\/vc_column_text][\/vc_column][\/vc_row][vc_row css=&#8221;.vc_custom_1583419495343{margin-top: 80px !important;}&#8221; el_id=&#8221;duomobil&#8221;][vc_column width=&#8221;1\/3&#8243;][vc_single_image image=&#8221;14602&#8243; img_size=&#8221;100&#215;100&#8243; alignment=&#8221;center&#8221; css=&#8221;.vc_custom_1582190483488{margin-bottom: 32px !important;border-bottom-width: 2px !important;padding-bottom: 30px !important;border-bottom-color: #041e41 !important;border-bottom-style: solid !important;}&#8221;][vc_column_text el_class=&#8221;p-16&#8243;]<\/p>\n<h4>SkyDuo:<br \/>\nTo produkter \u2013 \u00e9t DNA<\/h4>\n<p><strong>SkyDuo er <\/strong>en unik, intelligent <strong>Cook &amp; Chill<\/strong> l\u00f8sning. To apparater med et DNA.<br \/>\nSkyLine industriovn og bl\u00e6stk\u00f8ler kommunikerer direkte med hinanden og har samme mind-set \u2013 og samme enkle, intuitive touch-betjening.<\/p>\n<h6>F\u00e5 et bedre workflow<\/h6>\n<p>Med SkyLine Cook &amp; Chill udnytter du b\u00e5de dine medarbejdere og dit k\u00f8kkenudstyr optimalt \u2013 is\u00e6r n\u00e5r I tilbereder store m\u00e6ngder mad.[\/vc_column_text][\/vc_column][vc_column width=&#8221;1\/3&#8243;][vc_row_inner][vc_column_inner offset=&#8221;vc_hidden-lg vc_hidden-md vc_hidden-sm&#8221;][vc_empty_space][\/vc_column_inner][\/vc_row_inner][vc_single_image image=&#8221;14600&#8243; img_size=&#8221;100&#215;100&#8243; alignment=&#8221;center&#8221; css=&#8221;.vc_custom_1582190490415{margin-bottom: 32px !important;border-bottom-width: 2px !important;padding-bottom: 30px !important;border-bottom-color: #041e41 !important;border-bottom-style: solid !important;}&#8221;][vc_column_text el_class=&#8221;p-16&#8243;]<\/p>\n<h4>Mere effektiv k\u00f8kkendrift<\/h4>\n<p>Spar penge. F\u00e5 mere plads. Og optim\u00e9r produktionen med vores komplette udvalg af tilbeh\u00f8r, der er designet til SkyLine industriovne og bl\u00e6stk\u00f8lere.<\/p>\n<h6>Begr\u00e6nser madspild i dit k\u00f8kken<\/h6>\n<p>Hvert gram t\u00e6ller. SkyLine \u00f8ger madens holdbarhed og sikrer minimalt madspild b\u00e5de ved madlavning og k\u00f8ling.[\/vc_column_text][\/vc_column][vc_column width=&#8221;1\/3&#8243;][vc_row_inner][vc_column_inner offset=&#8221;vc_hidden-lg vc_hidden-md vc_hidden-sm&#8221;][vc_empty_space][\/vc_column_inner][\/vc_row_inner][vc_single_image image=&#8221;14601&#8243; img_size=&#8221;100&#215;100&#8243; alignment=&#8221;center&#8221; css=&#8221;.vc_custom_1614344181592{margin-bottom: 32px !important;border-bottom-width: 2px !important;padding-bottom: 30px !important;border-bottom-color: #041e41 !important;border-bottom-style: solid !important;}&#8221;][vc_column_text el_class=&#8221;p-16&#8243;]<\/p>\n<h4>Banebrydende brugervenlighed og ergonomi<\/h4>\n<p>En ergonomisk ovn og bl\u00e6stk\u00f8ler \u00f8ger produktiviteten i dit k\u00f8kken. Du opn\u00e5r maksimal effektivitet med den eneste professionelle industriovn og bl\u00e6stk\u00f8ler i verden, der har modtaget en uvildig 4-stjernet certificering for nem brug og ergonomisk design.<\/p>\n<h6>Kompromisl\u00f8s madkvalitet<\/h6>\n<p>Retterne bevarer alle deres v\u00e6sentlige egenskaber. Smag, tekstur, udseende og ern\u00e6ringsv\u00e6rdi er ligesom i frisklavet mad. Derfor g\u00f8r SkyLine det nemt for dig at overholde\u00a0<strong>HACCP<\/strong>-principperne.[\/vc_column_text][\/vc_column][\/vc_row][vc_row css=&#8221;.vc_custom_1608549816985{margin-top: 60px !important;}&#8221;][vc_column][vc_column_text css=&#8221;.vc_custom_1608549689992{margin-top: 20px !important;margin-bottom: 40px !important;}&#8221;]<\/p>\n<hr \/>\n<p>[\/vc_column_text][vc_column_text el_class=&#8221;p-16&#8243;]<\/p>\n<h4 style=\"text-align: center;\">Vil du h\u00f8re, hvordan SkyLine Cook &amp; Chill kan effektivisere madlavningen i dit k\u00f8kken?<\/h4>\n<p style=\"text-align: center;\">S\u00e5 ring og f\u00e5 en snak med vores k\u00f8kkenspecialister p\u00e5 tlf. <a href=\"tel:8740 3500\">8740 3500<\/a><\/p>\n<p>[\/vc_column_text][vc_empty_space height=&#8221;40px&#8221;][\/vc_column][\/vc_row][vc_row css=&#8221;.vc_custom_1608549805309{margin-top: 40px !important;background-color: #dadfe1 !important;}&#8221;][vc_column width=&#8221;1\/2&#8243;][vc_empty_space][vc_column_text el_class=&#8221;p-16&#8243;]<\/p>\n<h3>Skr\u00e6ddersy dit display<\/h3>\n<p>SkyLine industriovn og bl\u00e6stk\u00f8ler har et enkelt og intuitivt touch screen display. Du kan nemt tilpasse displayet til de retter, I laver oftest.<\/p>\n<p>Du kan uploade billeder af menuer og retter, s\u00e5 I med \u00e9t tryk har den rigtige indstilling af ovn og bl\u00e6stk\u00f8ler.[\/vc_column_text][vc_empty_space][elx_button button_text=&#8221;UPLOAD FOTOS AF JERES MENUER HER&#8221; button_display_block=&#8221;display_block_on&#8221; button_link=&#8221;url:https%3A%2F%2Fwww.electroluxprofessional.com%2Fdk%2Fskyline-menu-images-generator%2F|||&#8221;][vc_row_inner][vc_column_inner offset=&#8221;vc_hidden-lg vc_hidden-md vc_hidden-sm&#8221;][vc_empty_space height=&#8221;50px&#8221;][\/vc_column_inner][\/vc_row_inner][\/vc_column][vc_column reveal_effect=&#8221;&#8221; width=&#8221;1\/2&#8243;][vc_single_image image=&#8221;15212&#8243; img_size=&#8221;full&#8221;][vc_row_inner][vc_column_inner offset=&#8221;vc_hidden-lg vc_hidden-md vc_hidden-sm&#8221;][vc_empty_space][\/vc_column_inner][\/vc_row_inner][\/vc_column][\/vc_row][vc_row content_placement=&#8221;bottom&#8221; css=&#8221;.vc_custom_1583419192779{margin-top: 40px !important;}&#8221; el_id=&#8221;produkter&#8221;][vc_column width=&#8221;1\/2&#8243;][vc_single_image image=&#8221;12377&#8243; img_size=&#8221;medium&#8221; alignment=&#8221;center&#8221; onclick=&#8221;custom_link&#8221;][elx_heading font_container=&#8221;h3&#8243; font_size=&#8221;h6&#8243; text_color=&#8221;orange&#8221; text_align=&#8221;text-center&#8221;]SkyLine kombiovne[\/elx_heading][\/vc_column][vc_column width=&#8221;1\/2&#8243;][vc_single_image image=&#8221;12378&#8243; img_size=&#8221;medium&#8221; alignment=&#8221;center&#8221; onclick=&#8221;custom_link&#8221;][elx_heading font_container=&#8221;h3&#8243; font_size=&#8221;h6&#8243; text_color=&#8221;inherit&#8221; text_align=&#8221;text-center&#8221;]SkyLine bl\u00e6sk\u00f8lere og frysere[\/elx_heading][\/vc_column][\/vc_row][vc_row css=&#8221;.vc_custom_1579076773069{margin-top: 40px !important;margin-bottom: 40px !important;}&#8221;][vc_column][vc_column_text]<\/p>\n<h6 style=\"color: #415464; text-align: center;\">Herunder kan du se produktfakta p\u00e5 de forskellige SkyLine ovne og bl\u00e6stk\u00f8ler\/frysere (engelsk tekst). Kontakt os, hvis du vil have hj\u00e6lp til at v\u00e6lge det produkt, der passer bedst til dit behov. Ring\u00a0<strong>8740 3500<\/strong>\u00a0eller\u00a0<a href=\"https:\/\/www.electroluxprofessional.com\/dk\/cook-chill-kontakt\/\">udfyld formularen.<\/a><\/h6>\n<p>[\/vc_column_text][\/vc_column][\/vc_row]<\/p>\n","protected":false},"excerpt":{"rendered":"<p>[vc_row css=&#8221;.vc_custom_1609851961727{padding-top: 40px !important;padding-bottom: 40px !important;background-color: #dadfe1 !important;}&#8221;][vc_column][elx_heading font_container=&#8221;h1&#8243; font_size=&#8221;h1&#8243; text_color=&#8221;electrolux-blue&#8221; text_align=&#8221;text-left&#8221;]NYHED: SkyLine industriovn og bl\u00e6stk\u00f8ler \u2013 intelligent Cook &amp; Chill madlavning [\/elx_heading][\/vc_column][\/vc_row][vc_row css=&#8221;.vc_custom_1583417823440{margin-top: 60px !important;}&#8221;][vc_column width=&#8221;7\/12&#8243; css=&#8221;.vc_custom_1676367083182{padding-top: 30px !important;padding-right: 70px !important;}&#8221;][vc_column_text] Cook &amp; Chill er et intelligent madlavningskoncept i 3 steps: [\/vc_column_text][vc_column_text el_class=&#8221;p-16&#8243; css=&#8221;.vc_custom_1579006548025{margin-top: 32px !important;}&#8221;]1. Tilbered maden 2. K\u00f8l den hurtigt ned 3. [&hellip;]<\/p>\n","protected":false},"author":64,"featured_media":0,"parent":0,"menu_order":0,"comment_status":"closed","ping_status":"closed","template":"","meta":{"footnotes":""},"class_list":["post-14471","page","type-page","status-publish","hentry"],"acf":[],"yoast_head":"<!-- This site is optimized with the Yoast SEO plugin v23.3 - https:\/\/yoast.com\/wordpress\/plugins\/seo\/ -->\n<title>Industriovn og bl\u00e6stk\u00f8ler - SkyLine Cook &amp; Chill<\/title>\n<meta name=\"description\" content=\"Med industriovn og bl\u00e6stk\u00f8ler \u2013 SkyLine Cook &amp; Chill \u2013 tilbereder du maden enkelt og intuitivt samt forbedrer madens kvalitet.\" \/>\n<meta name=\"robots\" content=\"index, follow, max-snippet:-1, max-image-preview:large, max-video-preview:-1\" \/>\n<link rel=\"canonical\" href=\"https:\/\/www.electroluxprofessional.com\/dk\/industriovn-skyline-cook-chill\/\" \/>\n<meta property=\"og:locale\" content=\"da_DK\" \/>\n<meta property=\"og:type\" content=\"article\" \/>\n<meta property=\"og:title\" content=\"Industriovn og bl\u00e6stk\u00f8ler - SkyLine Cook &amp; Chill\" \/>\n<meta property=\"og:description\" content=\"Med industriovn og bl\u00e6stk\u00f8ler \u2013 SkyLine Cook &amp; Chill \u2013 tilbereder du maden enkelt og intuitivt samt forbedrer madens kvalitet.\" \/>\n<meta property=\"og:url\" content=\"https:\/\/www.electroluxprofessional.com\/dk\/industriovn-skyline-cook-chill\/\" \/>\n<meta property=\"og:site_name\" content=\"Electrolux Professional Danmark\" \/>\n<meta property=\"article:modified_time\" content=\"2025-11-05T17:54:53+00:00\" \/>\n<meta name=\"twitter:card\" content=\"summary_large_image\" \/>\n<meta name=\"twitter:label1\" content=\"Estimeret l\u00e6setid\" \/>\n\t<meta name=\"twitter:data1\" content=\"5 minutter\" \/>\n<script type=\"application\/ld+json\" class=\"yoast-schema-graph\">{\"@context\":\"https:\/\/schema.org\",\"@graph\":[{\"@type\":\"WebPage\",\"@id\":\"https:\/\/www.electroluxprofessional.com\/dk\/industriovn-skyline-cook-chill\/\",\"url\":\"https:\/\/www.electroluxprofessional.com\/dk\/industriovn-skyline-cook-chill\/\",\"name\":\"Industriovn og bl\u00e6stk\u00f8ler - SkyLine Cook & Chill\",\"isPartOf\":{\"@id\":\"https:\/\/www.electroluxprofessional.com\/dk\/#website\"},\"datePublished\":\"2025-06-30T09:37:24+00:00\",\"dateModified\":\"2025-11-05T17:54:53+00:00\",\"description\":\"Med industriovn og bl\u00e6stk\u00f8ler \u2013 SkyLine Cook & Chill \u2013 tilbereder du maden enkelt og intuitivt samt forbedrer madens kvalitet.\",\"breadcrumb\":{\"@id\":\"https:\/\/www.electroluxprofessional.com\/dk\/industriovn-skyline-cook-chill\/#breadcrumb\"},\"inLanguage\":\"da-DK\",\"potentialAction\":[{\"@type\":\"ReadAction\",\"target\":[\"https:\/\/www.electroluxprofessional.com\/dk\/industriovn-skyline-cook-chill\/\"]}]},{\"@type\":\"BreadcrumbList\",\"@id\":\"https:\/\/www.electroluxprofessional.com\/dk\/industriovn-skyline-cook-chill\/#breadcrumb\",\"itemListElement\":[{\"@type\":\"ListItem\",\"position\":1,\"name\":\"Home\",\"item\":\"https:\/\/www.electroluxprofessional.com\/dk\/\"},{\"@type\":\"ListItem\",\"position\":2,\"name\":\"SkyLine \u2013 Cook &#038; Chill \u2013 industriovn og bl\u00e6stk\u00f8ler\"}]},{\"@type\":\"WebSite\",\"@id\":\"https:\/\/www.electroluxprofessional.com\/dk\/#website\",\"url\":\"https:\/\/www.electroluxprofessional.com\/dk\/\",\"name\":\"Electrolux Professional Danmark\",\"description\":\"\",\"potentialAction\":[{\"@type\":\"SearchAction\",\"target\":{\"@type\":\"EntryPoint\",\"urlTemplate\":\"https:\/\/www.electroluxprofessional.com\/dk\/?src={search_term_string}\"},\"query-input\":\"required name=search_term_string\"}],\"inLanguage\":\"da-DK\"}]}<\/script>\n<!-- \/ Yoast SEO plugin. -->","yoast_head_json":{"title":"Industriovn og bl\u00e6stk\u00f8ler - SkyLine Cook & Chill","description":"Med industriovn og bl\u00e6stk\u00f8ler \u2013 SkyLine Cook & Chill \u2013 tilbereder du maden enkelt og intuitivt samt forbedrer madens kvalitet.","robots":{"index":"index","follow":"follow","max-snippet":"max-snippet:-1","max-image-preview":"max-image-preview:large","max-video-preview":"max-video-preview:-1"},"canonical":"https:\/\/www.electroluxprofessional.com\/dk\/industriovn-skyline-cook-chill\/","og_locale":"da_DK","og_type":"article","og_title":"Industriovn og bl\u00e6stk\u00f8ler - SkyLine Cook & Chill","og_description":"Med industriovn og bl\u00e6stk\u00f8ler \u2013 SkyLine Cook & Chill \u2013 tilbereder du maden enkelt og intuitivt samt forbedrer madens kvalitet.","og_url":"https:\/\/www.electroluxprofessional.com\/dk\/industriovn-skyline-cook-chill\/","og_site_name":"Electrolux Professional Danmark","article_modified_time":"2025-11-05T17:54:53+00:00","twitter_card":"summary_large_image","twitter_misc":{"Estimeret l\u00e6setid":"5 minutter"},"schema":{"@context":"https:\/\/schema.org","@graph":[{"@type":"WebPage","@id":"https:\/\/www.electroluxprofessional.com\/dk\/industriovn-skyline-cook-chill\/","url":"https:\/\/www.electroluxprofessional.com\/dk\/industriovn-skyline-cook-chill\/","name":"Industriovn og bl\u00e6stk\u00f8ler - SkyLine Cook & Chill","isPartOf":{"@id":"https:\/\/www.electroluxprofessional.com\/dk\/#website"},"datePublished":"2025-06-30T09:37:24+00:00","dateModified":"2025-11-05T17:54:53+00:00","description":"Med industriovn og bl\u00e6stk\u00f8ler \u2013 SkyLine Cook & Chill \u2013 tilbereder du maden enkelt og intuitivt samt forbedrer madens kvalitet.","breadcrumb":{"@id":"https:\/\/www.electroluxprofessional.com\/dk\/industriovn-skyline-cook-chill\/#breadcrumb"},"inLanguage":"da-DK","potentialAction":[{"@type":"ReadAction","target":["https:\/\/www.electroluxprofessional.com\/dk\/industriovn-skyline-cook-chill\/"]}]},{"@type":"BreadcrumbList","@id":"https:\/\/www.electroluxprofessional.com\/dk\/industriovn-skyline-cook-chill\/#breadcrumb","itemListElement":[{"@type":"ListItem","position":1,"name":"Home","item":"https:\/\/www.electroluxprofessional.com\/dk\/"},{"@type":"ListItem","position":2,"name":"SkyLine \u2013 Cook &#038; Chill \u2013 industriovn og bl\u00e6stk\u00f8ler"}]},{"@type":"WebSite","@id":"https:\/\/www.electroluxprofessional.com\/dk\/#website","url":"https:\/\/www.electroluxprofessional.com\/dk\/","name":"Electrolux Professional Danmark","description":"","potentialAction":[{"@type":"SearchAction","target":{"@type":"EntryPoint","urlTemplate":"https:\/\/www.electroluxprofessional.com\/dk\/?src={search_term_string}"},"query-input":"required name=search_term_string"}],"inLanguage":"da-DK"}]}},"_links":{"self":[{"href":"https:\/\/www.electroluxprofessional.com\/dk\/wp-json\/wp\/v2\/pages\/14471"}],"collection":[{"href":"https:\/\/www.electroluxprofessional.com\/dk\/wp-json\/wp\/v2\/pages"}],"about":[{"href":"https:\/\/www.electroluxprofessional.com\/dk\/wp-json\/wp\/v2\/types\/page"}],"author":[{"embeddable":true,"href":"https:\/\/www.electroluxprofessional.com\/dk\/wp-json\/wp\/v2\/users\/64"}],"replies":[{"embeddable":true,"href":"https:\/\/www.electroluxprofessional.com\/dk\/wp-json\/wp\/v2\/comments?post=14471"}],"version-history":[{"count":203,"href":"https:\/\/www.electroluxprofessional.com\/dk\/wp-json\/wp\/v2\/pages\/14471\/revisions"}],"predecessor-version":[{"id":30770,"href":"https:\/\/www.electroluxprofessional.com\/dk\/wp-json\/wp\/v2\/pages\/14471\/revisions\/30770"}],"wp:attachment":[{"href":"https:\/\/www.electroluxprofessional.com\/dk\/wp-json\/wp\/v2\/media?parent=14471"}],"curies":[{"name":"wp","href":"https:\/\/api.w.org\/{rel}","templated":true}]}}