{"id":13563,"date":"2019-11-05T08:36:30","date_gmt":"2019-11-05T08:36:30","guid":{"rendered":"https:\/\/www.electroluxprofessional.com\/dk\/?page_id=13563"},"modified":"2020-02-28T13:05:26","modified_gmt":"2020-02-28T13:05:26","slug":"ajour","status":"publish","type":"page","link":"https:\/\/www.electroluxprofessional.com\/dk\/ajour\/","title":{"rendered":"Hold dig ajour"},"content":{"rendered":"<p>[vc_section css=&#8221;.vc_custom_1577700726612{padding-top: 30px !important;padding-right: 0px !important;padding-bottom: 40px !important;padding-left: 0px !important;background-color: #dadfe1 !important;}&#8221;][vc_row css=&#8221;.vc_custom_1573548107988{padding-right: 20px !important;padding-left: 20px !important;background-color: #dadfe1 !important;}&#8221;][vc_column reveal_effect=&#8221;&#8221;][elx_heading font_container=&#8221;h1&#8243; font_size=&#8221;h1&#8243; text_color=&#8221;electrolux-blue&#8221;]Hold dig ajour og find den l\u00f8sning, der passer til din branche og dit behov<br \/>\n[\/elx_heading][\/vc_column][\/vc_row][\/vc_section][vc_row][vc_column reveal_effect=&#8221;&#8221; width=&#8221;1\/12&#8243; offset=&#8221;vc_hidden-xs&#8221;][vc_empty_space height=&#8221;2px&#8221;][\/vc_column][vc_column width=&#8221;10\/12&#8243;][vc_empty_space height=&#8221;42px&#8221;][vc_column_text css_animation=&#8221;none&#8221; el_class=&#8221;p-16&#8243; css=&#8221;.vc_custom_1572941893411{margin-bottom: 0px !important;padding-right: 10px !important;padding-left: 20px !important;}&#8221;]<\/p>\n<h6>F\u00e5 e-mails med nyheder, tilbud, konkurrencer, tips og gode r\u00e5d om professionelle l\u00f8sninger fra Electrolux Professional.<\/h6>\n<p>[\/vc_column_text][vc_empty_space height=&#8221;50px&#8221;][\/vc_column][vc_column width=&#8221;1\/12&#8243; offset=&#8221;vc_hidden-xs&#8221;][\/vc_column][\/vc_row][vc_row][vc_column reveal_effect=&#8221;&#8221; offset=&#8221;vc_hidden-lg vc_hidden-md vc_hidden-sm&#8221;][vc_column_text]<\/p>\n<p style=\"text-align: center;\"><strong><a style=\"color: #009abf;\" href=\"#vaskeri\">AJOUR P\u00c5 VASKERIFRONTEN<\/a><\/strong><\/p>\n<p style=\"text-align: center;\"><strong><a style=\"color: #eb6852;\" href=\"#koekken\">AJOUR P\u00c5 K\u00d8KKENFRONTEN<\/a><\/strong><\/p>\n<p>[\/vc_column_text][vc_empty_space][\/vc_column][\/vc_row][vc_row el_id=&#8221;vaskeri&#8221;][vc_column reveal_effect=&#8221;&#8221; offset=&#8221;vc_hidden-lg vc_hidden-md vc_hidden-sm&#8221;][vc_raw_html css=&#8221;.vc_custom_1572942773092{padding-right: 30px !important;}&#8221;]JTNDaHIlM0U=[\/vc_raw_html][elx_heading font_container=&#8221;h4&#8243; text_color=&#8221;inherit&#8221; text_align=&#8221;text-center&#8221;] Ajour p\u00e5 vaskerifronten[\/elx_heading][elx_o2000_mailchimp_form language=&#8221;dk&#8221; listid=&#8221;eed2270662&#8243;][\/vc_column][\/vc_row][vc_row el_id=&#8221;koekken&#8221;][vc_column reveal_effect=&#8221;&#8221; offset=&#8221;vc_hidden-lg vc_hidden-md vc_hidden-sm&#8221;][vc_raw_html css=&#8221;.vc_custom_1572942773092{padding-right: 30px !important;}&#8221;]JTNDaHIlM0U=[\/vc_raw_html][elx_heading font_container=&#8221;h4&#8243; text_color=&#8221;inherit&#8221; text_align=&#8221;text-center&#8221; css=&#8221;.vc_custom_1573546876709{padding-left: 30px !important;}&#8221;]Ajour p\u00e5 k\u00f8kkenfronten[\/elx_heading][elx_o2000_mailchimp_form language=&#8221;dk&#8221; listid=&#8221;b89db8ceb5&#8243;][\/vc_column][\/vc_row][vc_row][vc_column reveal_effect=&#8221;&#8221; width=&#8221;1\/12&#8243; offset=&#8221;vc_hidden-xs&#8221;][vc_empty_space][\/vc_column][vc_column reveal_effect=&#8221;&#8221; width=&#8221;5\/12&#8243; offset=&#8221;vc_hidden-xs&#8221;][elx_heading font_container=&#8221;h4&#8243; text_color=&#8221;inherit&#8221; text_align=&#8221;text-center&#8221;] Ajour p\u00e5 vaskerifronten[\/elx_heading][vc_raw_html css=&#8221;.vc_custom_1572942773092{padding-right: 30px !important;}&#8221;]JTNDaHIlM0U=[\/vc_raw_html][vc_row_inner][vc_column_inner css=&#8221;.vc_custom_1582888197808{margin-left: -15px !important;}&#8221;][elx_o2000_mailchimp_form language=&#8221;dk&#8221; listid=&#8221;eed2270662&#8243;][\/vc_column_inner][\/vc_row_inner][\/vc_column][vc_column reveal_effect=&#8221;&#8221; width=&#8221;5\/12&#8243; offset=&#8221;vc_hidden-xs&#8221;][elx_heading font_container=&#8221;h4&#8243; text_color=&#8221;inherit&#8221; text_align=&#8221;text-center&#8221; css=&#8221;.vc_custom_1572942833086{padding-left: 30px !important;}&#8221;]Ajour p\u00e5 k\u00f8kkenfronten[\/elx_heading][vc_raw_html css=&#8221;.vc_custom_1572942781924{padding-right: 30px !important;}&#8221;]JTNDaHIlM0U=[\/vc_raw_html][vc_row_inner][vc_column_inner css=&#8221;.vc_custom_1582888197808{margin-left: -15px !important;}&#8221;][elx_o2000_mailchimp_form language=&#8221;dk&#8221; listid=&#8221;b89db8ceb5&#8243;][\/vc_column_inner][\/vc_row_inner][\/vc_column][vc_column width=&#8221;1\/12&#8243; offset=&#8221;vc_hidden-xs&#8221;][vc_empty_space][\/vc_column][\/vc_row][vc_row css=&#8221;.vc_custom_1553600838584{margin-bottom: 0px !important;}&#8221;][vc_column reveal_effect=&#8221;&#8221;][vc_empty_space height=&#8221;64px&#8221;][vc_column_text el_class=&#8221;p-16&#8243;]<\/p>\n<p style=\"text-align: center;\">Har du sp\u00f8rgsm\u00e5l \u2013 eller vil du have et tilbud \u2013 s\u00e5 ring til os p\u00e5 tlf. <strong>63 76 22 20<\/strong><\/p>\n<p>[\/vc_column_text][\/vc_column][\/vc_row]<\/p>\n","protected":false},"excerpt":{"rendered":"<p>[vc_section css=&#8221;.vc_custom_1577700726612{padding-top: 30px !important;padding-right: 0px !important;padding-bottom: 40px !important;padding-left: 0px !important;background-color: #dadfe1 !important;}&#8221;][vc_row css=&#8221;.vc_custom_1573548107988{padding-right: 20px !important;padding-left: 20px !important;background-color: #dadfe1 !important;}&#8221;][vc_column reveal_effect=&#8221;&#8221;][elx_heading font_container=&#8221;h1&#8243; font_size=&#8221;h1&#8243; text_color=&#8221;electrolux-blue&#8221;]Hold dig ajour og find den l\u00f8sning, der passer til din branche og dit behov [\/elx_heading][\/vc_column][\/vc_row][\/vc_section][vc_row][vc_column reveal_effect=&#8221;&#8221; width=&#8221;1\/12&#8243; offset=&#8221;vc_hidden-xs&#8221;][vc_empty_space height=&#8221;2px&#8221;][\/vc_column][vc_column width=&#8221;10\/12&#8243;][vc_empty_space height=&#8221;42px&#8221;][vc_column_text css_animation=&#8221;none&#8221; el_class=&#8221;p-16&#8243; css=&#8221;.vc_custom_1572941893411{margin-bottom: 0px !important;padding-right: 10px !important;padding-left: 20px !important;}&#8221;] F\u00e5 e-mails [&hellip;]<\/p>\n","protected":false},"author":64,"featured_media":0,"parent":0,"menu_order":0,"comment_status":"closed","ping_status":"closed","template":"","meta":{"footnotes":""},"class_list":["post-13563","page","type-page","status-publish","hentry"],"acf":[],"yoast_head":"<!-- This site is optimized with the Yoast SEO plugin v23.3 - https:\/\/yoast.com\/wordpress\/plugins\/seo\/ -->\n<title>Hold dig ajour p\u00e5 vaskerifronten \u2013 med Electrolux Professional<\/title>\n<meta name=\"description\" content=\"F\u00e5 e-mails med nyheder, tilbud, konkurrencer, tips og gode r\u00e5d om professionelle vaskeril\u00f8sninger fra Electrolux Professional. S\u00e5 er du ajour p\u00e5 vaskerifronten!\" \/>\n<meta name=\"robots\" content=\"index, follow, max-snippet:-1, max-image-preview:large, max-video-preview:-1\" \/>\n<link rel=\"canonical\" href=\"https:\/\/www.electroluxprofessional.com\/dk\/ajour\/\" \/>\n<meta property=\"og:locale\" content=\"da_DK\" \/>\n<meta property=\"og:type\" content=\"article\" \/>\n<meta property=\"og:title\" content=\"Hold dig ajour p\u00e5 vaskerifronten \u2013 med Electrolux Professional\" \/>\n<meta property=\"og:description\" content=\"F\u00e5 e-mails med nyheder, tilbud, konkurrencer, tips og gode r\u00e5d om professionelle vaskeril\u00f8sninger fra Electrolux Professional. S\u00e5 er du ajour p\u00e5 vaskerifronten!\" \/>\n<meta property=\"og:url\" content=\"https:\/\/www.electroluxprofessional.com\/dk\/ajour\/\" \/>\n<meta property=\"og:site_name\" content=\"Electrolux Professional Danmark\" \/>\n<meta property=\"article:modified_time\" content=\"2020-02-28T13:05:26+00:00\" \/>\n<meta name=\"twitter:card\" content=\"summary_large_image\" \/>\n<meta name=\"twitter:label1\" content=\"Estimeret l\u00e6setid\" \/>\n\t<meta name=\"twitter:data1\" content=\"3 minutter\" \/>\n<script type=\"application\/ld+json\" class=\"yoast-schema-graph\">{\"@context\":\"https:\/\/schema.org\",\"@graph\":[{\"@type\":\"WebPage\",\"@id\":\"https:\/\/www.electroluxprofessional.com\/dk\/ajour\/\",\"url\":\"https:\/\/www.electroluxprofessional.com\/dk\/ajour\/\",\"name\":\"Hold dig ajour p\u00e5 vaskerifronten \u2013 med Electrolux Professional\",\"isPartOf\":{\"@id\":\"https:\/\/www.electroluxprofessional.com\/dk\/#website\"},\"datePublished\":\"2019-11-05T08:36:30+00:00\",\"dateModified\":\"2020-02-28T13:05:26+00:00\",\"description\":\"F\u00e5 e-mails med nyheder, tilbud, konkurrencer, tips og gode r\u00e5d om professionelle vaskeril\u00f8sninger fra Electrolux Professional. S\u00e5 er du ajour p\u00e5 vaskerifronten!\",\"breadcrumb\":{\"@id\":\"https:\/\/www.electroluxprofessional.com\/dk\/ajour\/#breadcrumb\"},\"inLanguage\":\"da-DK\",\"potentialAction\":[{\"@type\":\"ReadAction\",\"target\":[\"https:\/\/www.electroluxprofessional.com\/dk\/ajour\/\"]}]},{\"@type\":\"BreadcrumbList\",\"@id\":\"https:\/\/www.electroluxprofessional.com\/dk\/ajour\/#breadcrumb\",\"itemListElement\":[{\"@type\":\"ListItem\",\"position\":1,\"name\":\"Home\",\"item\":\"https:\/\/www.electroluxprofessional.com\/dk\/\"},{\"@type\":\"ListItem\",\"position\":2,\"name\":\"Hold dig ajour\"}]},{\"@type\":\"WebSite\",\"@id\":\"https:\/\/www.electroluxprofessional.com\/dk\/#website\",\"url\":\"https:\/\/www.electroluxprofessional.com\/dk\/\",\"name\":\"Electrolux Professional Danmark\",\"description\":\"\",\"potentialAction\":[{\"@type\":\"SearchAction\",\"target\":{\"@type\":\"EntryPoint\",\"urlTemplate\":\"https:\/\/www.electroluxprofessional.com\/dk\/?src={search_term_string}\"},\"query-input\":\"required name=search_term_string\"}],\"inLanguage\":\"da-DK\"}]}<\/script>\n<!-- \/ Yoast SEO plugin. -->","yoast_head_json":{"title":"Hold dig ajour p\u00e5 vaskerifronten \u2013 med Electrolux Professional","description":"F\u00e5 e-mails med nyheder, tilbud, konkurrencer, tips og gode r\u00e5d om professionelle vaskeril\u00f8sninger fra Electrolux Professional. S\u00e5 er du ajour p\u00e5 vaskerifronten!","robots":{"index":"index","follow":"follow","max-snippet":"max-snippet:-1","max-image-preview":"max-image-preview:large","max-video-preview":"max-video-preview:-1"},"canonical":"https:\/\/www.electroluxprofessional.com\/dk\/ajour\/","og_locale":"da_DK","og_type":"article","og_title":"Hold dig ajour p\u00e5 vaskerifronten \u2013 med Electrolux Professional","og_description":"F\u00e5 e-mails med nyheder, tilbud, konkurrencer, tips og gode r\u00e5d om professionelle vaskeril\u00f8sninger fra Electrolux Professional. S\u00e5 er du ajour p\u00e5 vaskerifronten!","og_url":"https:\/\/www.electroluxprofessional.com\/dk\/ajour\/","og_site_name":"Electrolux Professional Danmark","article_modified_time":"2020-02-28T13:05:26+00:00","twitter_card":"summary_large_image","twitter_misc":{"Estimeret l\u00e6setid":"3 minutter"},"schema":{"@context":"https:\/\/schema.org","@graph":[{"@type":"WebPage","@id":"https:\/\/www.electroluxprofessional.com\/dk\/ajour\/","url":"https:\/\/www.electroluxprofessional.com\/dk\/ajour\/","name":"Hold dig ajour p\u00e5 vaskerifronten \u2013 med Electrolux Professional","isPartOf":{"@id":"https:\/\/www.electroluxprofessional.com\/dk\/#website"},"datePublished":"2019-11-05T08:36:30+00:00","dateModified":"2020-02-28T13:05:26+00:00","description":"F\u00e5 e-mails med nyheder, tilbud, konkurrencer, tips og gode r\u00e5d om professionelle vaskeril\u00f8sninger fra Electrolux Professional. S\u00e5 er du ajour p\u00e5 vaskerifronten!","breadcrumb":{"@id":"https:\/\/www.electroluxprofessional.com\/dk\/ajour\/#breadcrumb"},"inLanguage":"da-DK","potentialAction":[{"@type":"ReadAction","target":["https:\/\/www.electroluxprofessional.com\/dk\/ajour\/"]}]},{"@type":"BreadcrumbList","@id":"https:\/\/www.electroluxprofessional.com\/dk\/ajour\/#breadcrumb","itemListElement":[{"@type":"ListItem","position":1,"name":"Home","item":"https:\/\/www.electroluxprofessional.com\/dk\/"},{"@type":"ListItem","position":2,"name":"Hold dig ajour"}]},{"@type":"WebSite","@id":"https:\/\/www.electroluxprofessional.com\/dk\/#website","url":"https:\/\/www.electroluxprofessional.com\/dk\/","name":"Electrolux Professional Danmark","description":"","potentialAction":[{"@type":"SearchAction","target":{"@type":"EntryPoint","urlTemplate":"https:\/\/www.electroluxprofessional.com\/dk\/?src={search_term_string}"},"query-input":"required name=search_term_string"}],"inLanguage":"da-DK"}]}},"_links":{"self":[{"href":"https:\/\/www.electroluxprofessional.com\/dk\/wp-json\/wp\/v2\/pages\/13563"}],"collection":[{"href":"https:\/\/www.electroluxprofessional.com\/dk\/wp-json\/wp\/v2\/pages"}],"about":[{"href":"https:\/\/www.electroluxprofessional.com\/dk\/wp-json\/wp\/v2\/types\/page"}],"author":[{"embeddable":true,"href":"https:\/\/www.electroluxprofessional.com\/dk\/wp-json\/wp\/v2\/users\/64"}],"replies":[{"embeddable":true,"href":"https:\/\/www.electroluxprofessional.com\/dk\/wp-json\/wp\/v2\/comments?post=13563"}],"version-history":[{"count":45,"href":"https:\/\/www.electroluxprofessional.com\/dk\/wp-json\/wp\/v2\/pages\/13563\/revisions"}],"predecessor-version":[{"id":21952,"href":"https:\/\/www.electroluxprofessional.com\/dk\/wp-json\/wp\/v2\/pages\/13563\/revisions\/21952"}],"wp:attachment":[{"href":"https:\/\/www.electroluxprofessional.com\/dk\/wp-json\/wp\/v2\/media?parent=13563"}],"curies":[{"name":"wp","href":"https:\/\/api.w.org\/{rel}","templated":true}]}}