{"id":13273,"date":"2025-08-13T14:11:08","date_gmt":"2025-08-13T14:11:08","guid":{"rendered":"https:\/\/www.electroluxprofessional.com\/dk\/?page_id=13273"},"modified":"2025-08-14T11:11:10","modified_gmt":"2025-08-14T11:11:10","slug":"mypro-kondenstoerretumbler","status":"publish","type":"page","link":"https:\/\/www.electroluxprofessional.com\/dk\/mypro-kondenstoerretumbler\/","title":{"rendered":"myPRO kondenst\u00f8rretumbler"},"content":{"rendered":"<p>[vc_row][vc_column][vc_row_inner][vc_column_inner][vc_empty_space height=&#8221;20px&#8221;][vc_empty_space height=&#8221;20px&#8221;][\/vc_column_inner][\/vc_row_inner][vc_row_inner][vc_column_inner][elx_heading font_container=&#8221;h1&#8243; text_color=&#8221;electrolux-blue&#8221; text_align=&#8221;text-left&#8221;]<strong>myPRO &#8211; Smart professionel kondenst\u00f8rretumbler til virksomheder med lille vaske\/t\u00f8rrebehov<\/strong>[\/elx_heading][\/vc_column_inner][\/vc_row_inner][vc_row_inner][vc_column_inner][vc_empty_space height=&#8221;20px&#8221;][vc_empty_space height=&#8221;20px&#8221;][\/vc_column_inner][\/vc_row_inner][\/vc_column][\/vc_row][vc_row full_width=&#8221;electroluxpro-full-width-no-padding&#8221;][vc_column][vc_row_inner][vc_column_inner offset=&#8221;vc_hidden-xs&#8221;][vc_empty_space height=&#8221;1px&#8221; css=&#8221;.vc_custom_1572528702128{border-top-width: 3px !important;border-top-color: #dadfe1 !important;border-top-style: solid !important;}&#8221;][vc_empty_space height=&#8221;20px&#8221;][vc_empty_space height=&#8221;20px&#8221;][\/vc_column_inner][\/vc_row_inner][\/vc_column][\/vc_row][vc_row][vc_column width=&#8221;1\/2&#8243;][vc_row_inner][vc_column_inner width=&#8221;11\/12&#8243; offset=&#8221;vc_hidden-xs&#8221;][vc_single_image image=&#8221;15045&#8243; img_size=&#8221;full&#8221; alignment=&#8221;center&#8221; onclick=&#8221;custom_link&#8221; img_link_target=&#8221;_blank&#8221; css=&#8221;.vc_custom_1640002217500{margin-bottom: 0px !important;padding-top: 70px !important;padding-bottom: 0px !important;padding-left: 20px !important;}&#8221; link=&#8221;https:\/\/mypro.electroluxprofessional.dk\/mypro-kontaktformular\/&#8221;][\/vc_column_inner][vc_column_inner width=&#8221;1\/12&#8243;][\/vc_column_inner][\/vc_row_inner][vc_row_inner][vc_column_inner offset=&#8221;vc_hidden-lg vc_hidden-md vc_hidden-sm&#8221;][vc_single_image image=&#8221;15045&#8243; img_size=&#8221;full&#8221; css=&#8221;.vc_custom_1580482859569{margin-bottom: 0px !important;padding-bottom: 0px !important;}&#8221;][vc_empty_space height=&#8221;20px&#8221;][\/vc_column_inner][\/vc_row_inner][\/vc_column][vc_column width=&#8221;1\/2&#8243; css=&#8221;.vc_custom_1528887852508{margin-top: -20px !important;}&#8221;][vc_row_inner][vc_column_inner][elx_heading text_color=&#8221;electrolux-blue&#8221; text_align=&#8221;text-left&#8221;]<span style=\"line-height: 1em;\"><strong>myPRO<\/strong><span style=\"font-size: 60%;\"> TE1120<\/span><\/span><br \/>\n<strong>Kondenst\u00f8rretumbler<\/strong>[\/elx_heading][vc_empty_space height=&#8221;20px&#8221;][vc_column_text el_class=&#8221;panel1&#8243;]<strong>8 kg maskine med professionelle komponenter:<\/strong> Perfekt til virksomheder der vasker og t\u00f8rrer i gennemsnit 1-3 gange dagligt[\/vc_column_text][vc_column_text el_class=&#8221;panel2&#8243;]<strong>16 professionelle programmer: <\/strong>T\u00f8rrer effektivt og sk\u00e5nsomt alt fra grove arbejdsbukser til fine, hvide duge\u00a0 <strong><br \/>\n<\/strong>[\/vc_column_text][vc_column_text el_class=&#8221;panel1&#8243;]<strong>Restfugtighedsstyring:<\/strong> Neds\u00e6tter energiforbruget og sikrer et pr\u00e6cist t\u00f8rreresultat[\/vc_column_text][vc_column_text el_class=&#8221;panel2&#8243;]<strong>T\u00f8r p\u00e5 den halve tid:<\/strong> Op til 50% hurtigere end husholdningsmaskiner[\/vc_column_text][vc_column_text el_class=&#8221;panel1&#8243;]<strong>Slidst\u00e6rk konstruktion:<\/strong> Holder tre gange l\u00e6ngere end husholdningsmaskiner[\/vc_column_text][vc_column_text el_class=&#8221;panel2&#8243;]<strong>Specielt konstrueret transmissionssystem:<\/strong> For mindre vibrationer og lavere st\u00f8jniveau (under 70 dB)[\/vc_column_text][vc_column_text el_class=&#8221;panel1&#8243;]<strong>Nem installation:<\/strong> Tilsluttes almindelig stikkontakt[\/vc_column_text][vc_column_text el_class=&#8221;panel2 lastpanel&#8221;]<strong>2 \u00e5rs garanti<\/strong>[\/vc_column_text][vc_empty_space][elx_o2000_contact_us s=&#8221;F\u00e5 et tilbud p\u00e5 myPRO from the website&#8221; request_type=&#8221;Quotation&#8221; flag_hide_request_type=&#8221;true&#8221; country=&#8221;Denmark&#8221; b=&#8221;laundry-semi-professional&#8221; text_color=&#8221;#14133B&#8221; thanks=&#8221;Tak for din interesse! Vi kontakter dig snarest.&#8221; button_mode=&#8221;true&#8221; postion_button=&#8221;text-left&#8221; postion_button_mobile=&#8221;text-left-mobile&#8221; r=&#8221;F\u00e5 et tilbud p\u00e5 myPRO&#8221; text_btn_contact=&#8221;F\u00e5 et tilbud p\u00e5 mypro&#8221;][vc_empty_space height=&#8221;8px&#8221;][\/vc_column_inner][\/vc_row_inner][\/vc_column][\/vc_row][vc_row css=&#8221;.vc_custom_1697625622279{margin-top: 20px !important;}&#8221;][vc_column offset=&#8221;vc_hidden-xs&#8221;][vc_empty_space][vc_empty_space height=&#8221;1px&#8221; css=&#8221;.vc_custom_1572528702128{border-top-width: 3px !important;border-top-color: #dadfe1 !important;border-top-style: solid !important;}&#8221;][vc_empty_space][vc_empty_space][\/vc_column][\/vc_row][vc_row][vc_column width=&#8221;1\/2&#8243;][vc_row_inner][vc_column_inner offset=&#8221;vc_hidden-xs&#8221;][vc_single_image image=&#8221;13275&#8243; img_size=&#8221;460&#215;460&#8243; alignment=&#8221;center&#8221;][\/vc_column_inner][\/vc_row_inner][vc_row_inner][vc_column_inner offset=&#8221;vc_hidden-lg vc_hidden-md vc_hidden-sm&#8221;][vc_single_image image=&#8221;13275&#8243; img_size=&#8221;300&#215;300&#8243; css=&#8221;.vc_custom_1572531615477{margin-top: 32px !important;margin-bottom: 32px !important;}&#8221;][\/vc_column_inner][\/vc_row_inner][\/vc_column][vc_column width=&#8221;1\/2&#8243; css=&#8221;.vc_custom_1528887852508{margin-top: -20px !important;}&#8221;][vc_column_text el_class=&#8221;h2-copy&#8221;]<\/p>\n<h2>Med myPRO kondenst\u00f8rretumbler f\u00e5r du t\u00f8rt t\u00f8j p\u00e5 den halve tid.<\/h2>\n<p>[\/vc_column_text][vc_column_text el_class=&#8221;p-16&#8243;]Med 8 kilos tromle og en ekstra stor luge \u2013 som g\u00f8r det nemt og hurtigt b\u00e5de at fylde og t\u00f8mme maskinen igen \u2013 er det let at t\u00f8rre vasket\u00f8jet. Og det sker b\u00e5de effektivt og sk\u00e5nsomt.<\/p>\n<p>myPRO\u00a0 professionel kondenst\u00f8rretumbler er op til 50% hurtigere end en almindelig husholdningsmaskine. Uden at den tager mere plads \u2013 eller sl\u00e5r bunden ud af dit budget. Og s\u00e5 kan du placere den lige hvor du vil, uden f\u00f8rst at skulle bore hul i muren til en aftr\u00e6kskanal. Tumbleren skal blot have adgang til str\u00f8m \u2013 og her kan du s\u00e6tte den direkte i en almindelig stikkontakt. Nemmere bliver det ikke!<\/p>\n<p>myPRO kondenst\u00f8rretumbler et godt supplement til myPRO vaskemaskinen.[\/vc_column_text][vc_empty_space][elx_button button_text=&#8221;Mere om myPRO vaskemaskine&#8221; button_display_block=&#8221;display_block_on&#8221; button_link=&#8221;url:https%3A%2F%2Fwww.electroluxprofessional.com%2Fdk%2Fmypro-vaskemaskine%2F|title:myPRO%20vaskemaskine&#8221;][\/vc_column][\/vc_row][vc_row css=&#8221;.vc_custom_1736928527309{margin-top: 80px !important;padding-top: 30px !important;padding-bottom: 30px !important;background-color: #dadfe1 !important;}&#8221;][vc_column width=&#8221;1\/2&#8243;][vc_column_text css=&#8221;.vc_custom_1736928575067{margin-bottom: 20px !important;}&#8221; el_class=&#8221;p-16&#8243;]<\/p>\n<h3>Vaskemaskiner, t\u00f8rretumblere og strygeruller til virksomheder med mindre behov<\/h3>\n<p>myPRO er Electrolux Professionals l\u00f8sning til mindre virksomheder, der har brug for vaskemaskiner, t\u00f8rretumblere og strygeruller, som er mere robuste og hurtigere end standard husholdningsmaskiner.<\/p>\n<p>[\/vc_column_text][elx_button button_text=&#8221;Mere om fordelene ved myPRO&#8221; button_style=&#8221;icon&#8221; button_link=&#8221;url:https%3A%2F%2Fwww.electroluxprofessional.com%2Fdk%2Fmypro-vask-toer-strygeruller%2F&#8221;][\/vc_column][vc_column width=&#8221;1\/2&#8243;][vc_column_text css=&#8221;.vc_custom_1736928615949{margin-bottom: 20px !important;}&#8221; el_class=&#8221;p-16&#8243;]<\/p>\n<h3>myPROzip vaskemaskine og t\u00f8rretumbler<br \/>\n\u2013 n\u00e5r vaskeriet skal kunne betjenes af dine g\u00e6ster<\/h3>\n<p>Designet til at blive betjent af dine g\u00e6ster og klar til integration med forskellige betalingssystemer[\/vc_column_text][elx_button button_text=&#8221;Mere om fordelene ved myPROzip&#8221; button_style=&#8221;icon&#8221; button_link=&#8221;url:https%3A%2F%2Fwww.electroluxprofessional.com%2Fdk%2Fmyprozip-gaestebetjente-vaskerier%2F&#8221; css=&#8221;.vc_custom_1736928695121{margin-top: 20px !important;}&#8221;][\/vc_column][\/vc_row][vc_row matched_labels=&#8221;&#8221; css=&#8221;.vc_custom_1755169831189{margin-top: 60px !important;margin-bottom: 60px !important;}&#8221;][vc_column][vc_column_text css=&#8221;.vc_custom_1697623659580{margin-bottom: 20px !important;}&#8221;]<\/p>\n<p style=\"text-align: center;\">Har du sp\u00f8rgsm\u00e5l om myPRO? S\u00e5 kontakt os p\u00e5 6376 2220 eller<\/p>\n<p>[\/vc_column_text][elx_o2000_contact_us s=&#8221;F\u00e5 et tilbud p\u00e5 myPRO from the website&#8221; request_type=&#8221;Quotation&#8221; flag_hide_request_type=&#8221;true&#8221; country=&#8221;Denmark&#8221; b=&#8221;laundry-semi-professional&#8221; text_color=&#8221;#14133B&#8221; thanks=&#8221;Tak for din interesse! Vi kontakter dig snarest.&#8221; button_mode=&#8221;true&#8221; postion_button=&#8221;text-center&#8221; postion_button_mobile=&#8221;text-center-mobile&#8221; r=&#8221;F\u00e5 et tilbud p\u00e5 myPRO&#8221; text_btn_contact=&#8221;Udfyld en formular&#8221;][\/vc_column][\/vc_row]<\/p>\n","protected":false},"excerpt":{"rendered":"<p>[vc_row][vc_column][vc_row_inner][vc_column_inner][vc_empty_space height=&#8221;20px&#8221;][vc_empty_space height=&#8221;20px&#8221;][\/vc_column_inner][\/vc_row_inner][vc_row_inner][vc_column_inner][elx_heading font_container=&#8221;h1&#8243; text_color=&#8221;electrolux-blue&#8221; text_align=&#8221;text-left&#8221;]myPRO &#8211; Smart professionel kondenst\u00f8rretumbler til virksomheder med lille vaske\/t\u00f8rrebehov[\/elx_heading][\/vc_column_inner][\/vc_row_inner][vc_row_inner][vc_column_inner][vc_empty_space height=&#8221;20px&#8221;][vc_empty_space height=&#8221;20px&#8221;][\/vc_column_inner][\/vc_row_inner][\/vc_column][\/vc_row][vc_row full_width=&#8221;electroluxpro-full-width-no-padding&#8221;][vc_column][vc_row_inner][vc_column_inner offset=&#8221;vc_hidden-xs&#8221;][vc_empty_space height=&#8221;1px&#8221; css=&#8221;.vc_custom_1572528702128{border-top-width: 3px !important;border-top-color: #dadfe1 !important;border-top-style: solid !important;}&#8221;][vc_empty_space height=&#8221;20px&#8221;][vc_empty_space height=&#8221;20px&#8221;][\/vc_column_inner][\/vc_row_inner][\/vc_column][\/vc_row][vc_row][vc_column width=&#8221;1\/2&#8243;][vc_row_inner][vc_column_inner width=&#8221;11\/12&#8243; offset=&#8221;vc_hidden-xs&#8221;][vc_single_image image=&#8221;15045&#8243; img_size=&#8221;full&#8221; alignment=&#8221;center&#8221; onclick=&#8221;custom_link&#8221; img_link_target=&#8221;_blank&#8221; css=&#8221;.vc_custom_1640002217500{margin-bottom: 0px !important;padding-top: 70px !important;padding-bottom: 0px !important;padding-left: 20px !important;}&#8221; link=&#8221;https:\/\/mypro.electroluxprofessional.dk\/mypro-kontaktformular\/&#8221;][\/vc_column_inner][vc_column_inner width=&#8221;1\/12&#8243;][\/vc_column_inner][\/vc_row_inner][vc_row_inner][vc_column_inner offset=&#8221;vc_hidden-lg vc_hidden-md vc_hidden-sm&#8221;][vc_single_image image=&#8221;15045&#8243; img_size=&#8221;full&#8221; css=&#8221;.vc_custom_1580482859569{margin-bottom: 0px [&hellip;]<\/p>\n","protected":false},"author":64,"featured_media":0,"parent":0,"menu_order":0,"comment_status":"closed","ping_status":"closed","template":"","meta":{"footnotes":""},"class_list":["post-13273","page","type-page","status-publish","hentry"],"acf":[],"yoast_head":"<!-- This site is optimized with the Yoast SEO plugin v23.3 - https:\/\/yoast.com\/wordpress\/plugins\/seo\/ -->\n<title>Brug for en effektiv kondenst\u00f8rretumbler til din virksomhed? Se her<\/title>\n<meta name=\"description\" content=\"Med myPRO kondenst\u00f8rretumbler i din virksomhed har du t\u00f8rt vasket\u00f8j p\u00e5 den halve tid. S\u00e6t tumbleren i en almindelig stikkontakt \u2013 s\u00e5 er den klar! Se myPRO her\" \/>\n<meta name=\"robots\" content=\"index, follow, max-snippet:-1, max-image-preview:large, max-video-preview:-1\" \/>\n<link rel=\"canonical\" href=\"https:\/\/www.electroluxprofessional.com\/dk\/mypro-kondenstoerretumbler\/\" \/>\n<meta property=\"og:locale\" content=\"da_DK\" \/>\n<meta property=\"og:type\" content=\"article\" \/>\n<meta property=\"og:title\" content=\"Brug for en effektiv kondenst\u00f8rretumbler til din virksomhed? Se her\" \/>\n<meta property=\"og:description\" content=\"Med myPRO kondenst\u00f8rretumbler i din virksomhed har du t\u00f8rt vasket\u00f8j p\u00e5 den halve tid. S\u00e6t tumbleren i en almindelig stikkontakt \u2013 s\u00e5 er den klar! Se myPRO her\" \/>\n<meta property=\"og:url\" content=\"https:\/\/www.electroluxprofessional.com\/dk\/mypro-kondenstoerretumbler\/\" \/>\n<meta property=\"og:site_name\" content=\"Electrolux Professional Danmark\" \/>\n<meta property=\"article:modified_time\" content=\"2025-08-14T11:11:10+00:00\" \/>\n<meta name=\"twitter:card\" content=\"summary_large_image\" \/>\n<meta name=\"twitter:label1\" content=\"Estimeret l\u00e6setid\" \/>\n\t<meta name=\"twitter:data1\" content=\"3 minutter\" \/>\n<script type=\"application\/ld+json\" class=\"yoast-schema-graph\">{\"@context\":\"https:\/\/schema.org\",\"@graph\":[{\"@type\":\"WebPage\",\"@id\":\"https:\/\/www.electroluxprofessional.com\/dk\/mypro-kondenstoerretumbler\/\",\"url\":\"https:\/\/www.electroluxprofessional.com\/dk\/mypro-kondenstoerretumbler\/\",\"name\":\"Brug for en effektiv kondenst\u00f8rretumbler til din virksomhed? Se her\",\"isPartOf\":{\"@id\":\"https:\/\/www.electroluxprofessional.com\/dk\/#website\"},\"datePublished\":\"2025-08-13T14:11:08+00:00\",\"dateModified\":\"2025-08-14T11:11:10+00:00\",\"description\":\"Med myPRO kondenst\u00f8rretumbler i din virksomhed har du t\u00f8rt vasket\u00f8j p\u00e5 den halve tid. S\u00e6t tumbleren i en almindelig stikkontakt \u2013 s\u00e5 er den klar! Se myPRO her\",\"breadcrumb\":{\"@id\":\"https:\/\/www.electroluxprofessional.com\/dk\/mypro-kondenstoerretumbler\/#breadcrumb\"},\"inLanguage\":\"da-DK\",\"potentialAction\":[{\"@type\":\"ReadAction\",\"target\":[\"https:\/\/www.electroluxprofessional.com\/dk\/mypro-kondenstoerretumbler\/\"]}]},{\"@type\":\"BreadcrumbList\",\"@id\":\"https:\/\/www.electroluxprofessional.com\/dk\/mypro-kondenstoerretumbler\/#breadcrumb\",\"itemListElement\":[{\"@type\":\"ListItem\",\"position\":1,\"name\":\"Home\",\"item\":\"https:\/\/www.electroluxprofessional.com\/dk\/\"},{\"@type\":\"ListItem\",\"position\":2,\"name\":\"myPRO kondenst\u00f8rretumbler\"}]},{\"@type\":\"WebSite\",\"@id\":\"https:\/\/www.electroluxprofessional.com\/dk\/#website\",\"url\":\"https:\/\/www.electroluxprofessional.com\/dk\/\",\"name\":\"Electrolux Professional Danmark\",\"description\":\"\",\"potentialAction\":[{\"@type\":\"SearchAction\",\"target\":{\"@type\":\"EntryPoint\",\"urlTemplate\":\"https:\/\/www.electroluxprofessional.com\/dk\/?src={search_term_string}\"},\"query-input\":\"required name=search_term_string\"}],\"inLanguage\":\"da-DK\"}]}<\/script>\n<!-- \/ Yoast SEO plugin. -->","yoast_head_json":{"title":"Brug for en effektiv kondenst\u00f8rretumbler til din virksomhed? Se her","description":"Med myPRO kondenst\u00f8rretumbler i din virksomhed har du t\u00f8rt vasket\u00f8j p\u00e5 den halve tid. S\u00e6t tumbleren i en almindelig stikkontakt \u2013 s\u00e5 er den klar! Se myPRO her","robots":{"index":"index","follow":"follow","max-snippet":"max-snippet:-1","max-image-preview":"max-image-preview:large","max-video-preview":"max-video-preview:-1"},"canonical":"https:\/\/www.electroluxprofessional.com\/dk\/mypro-kondenstoerretumbler\/","og_locale":"da_DK","og_type":"article","og_title":"Brug for en effektiv kondenst\u00f8rretumbler til din virksomhed? Se her","og_description":"Med myPRO kondenst\u00f8rretumbler i din virksomhed har du t\u00f8rt vasket\u00f8j p\u00e5 den halve tid. S\u00e6t tumbleren i en almindelig stikkontakt \u2013 s\u00e5 er den klar! Se myPRO her","og_url":"https:\/\/www.electroluxprofessional.com\/dk\/mypro-kondenstoerretumbler\/","og_site_name":"Electrolux Professional Danmark","article_modified_time":"2025-08-14T11:11:10+00:00","twitter_card":"summary_large_image","twitter_misc":{"Estimeret l\u00e6setid":"3 minutter"},"schema":{"@context":"https:\/\/schema.org","@graph":[{"@type":"WebPage","@id":"https:\/\/www.electroluxprofessional.com\/dk\/mypro-kondenstoerretumbler\/","url":"https:\/\/www.electroluxprofessional.com\/dk\/mypro-kondenstoerretumbler\/","name":"Brug for en effektiv kondenst\u00f8rretumbler til din virksomhed? Se her","isPartOf":{"@id":"https:\/\/www.electroluxprofessional.com\/dk\/#website"},"datePublished":"2025-08-13T14:11:08+00:00","dateModified":"2025-08-14T11:11:10+00:00","description":"Med myPRO kondenst\u00f8rretumbler i din virksomhed har du t\u00f8rt vasket\u00f8j p\u00e5 den halve tid. S\u00e6t tumbleren i en almindelig stikkontakt \u2013 s\u00e5 er den klar! Se myPRO her","breadcrumb":{"@id":"https:\/\/www.electroluxprofessional.com\/dk\/mypro-kondenstoerretumbler\/#breadcrumb"},"inLanguage":"da-DK","potentialAction":[{"@type":"ReadAction","target":["https:\/\/www.electroluxprofessional.com\/dk\/mypro-kondenstoerretumbler\/"]}]},{"@type":"BreadcrumbList","@id":"https:\/\/www.electroluxprofessional.com\/dk\/mypro-kondenstoerretumbler\/#breadcrumb","itemListElement":[{"@type":"ListItem","position":1,"name":"Home","item":"https:\/\/www.electroluxprofessional.com\/dk\/"},{"@type":"ListItem","position":2,"name":"myPRO kondenst\u00f8rretumbler"}]},{"@type":"WebSite","@id":"https:\/\/www.electroluxprofessional.com\/dk\/#website","url":"https:\/\/www.electroluxprofessional.com\/dk\/","name":"Electrolux Professional Danmark","description":"","potentialAction":[{"@type":"SearchAction","target":{"@type":"EntryPoint","urlTemplate":"https:\/\/www.electroluxprofessional.com\/dk\/?src={search_term_string}"},"query-input":"required name=search_term_string"}],"inLanguage":"da-DK"}]}},"_links":{"self":[{"href":"https:\/\/www.electroluxprofessional.com\/dk\/wp-json\/wp\/v2\/pages\/13273"}],"collection":[{"href":"https:\/\/www.electroluxprofessional.com\/dk\/wp-json\/wp\/v2\/pages"}],"about":[{"href":"https:\/\/www.electroluxprofessional.com\/dk\/wp-json\/wp\/v2\/types\/page"}],"author":[{"embeddable":true,"href":"https:\/\/www.electroluxprofessional.com\/dk\/wp-json\/wp\/v2\/users\/64"}],"replies":[{"embeddable":true,"href":"https:\/\/www.electroluxprofessional.com\/dk\/wp-json\/wp\/v2\/comments?post=13273"}],"version-history":[{"count":35,"href":"https:\/\/www.electroluxprofessional.com\/dk\/wp-json\/wp\/v2\/pages\/13273\/revisions"}],"predecessor-version":[{"id":30057,"href":"https:\/\/www.electroluxprofessional.com\/dk\/wp-json\/wp\/v2\/pages\/13273\/revisions\/30057"}],"wp:attachment":[{"href":"https:\/\/www.electroluxprofessional.com\/dk\/wp-json\/wp\/v2\/media?parent=13273"}],"curies":[{"name":"wp","href":"https:\/\/api.w.org\/{rel}","templated":true}]}}