{"id":13222,"date":"2025-08-13T12:50:21","date_gmt":"2025-08-13T12:50:21","guid":{"rendered":"https:\/\/www.electroluxprofessional.com\/dk\/?page_id=13222"},"modified":"2025-08-14T11:19:01","modified_gmt":"2025-08-14T11:19:01","slug":"mypro-vaskemaskine","status":"publish","type":"page","link":"https:\/\/www.electroluxprofessional.com\/dk\/mypro-vaskemaskine\/","title":{"rendered":"myPRO vaskemaskine"},"content":{"rendered":"<p>[vc_row matched_labels=&#8221;&#8221; el_class=&#8221;bgposition-y&#8221; css=&#8221;.vc_custom_1755169953996{background-color: #041e41 !important;}&#8221;][vc_column][vc_row_inner content_placement=&#8221;middle&#8221; el_class=&#8221;container middle&#8221;][vc_column_inner width=&#8221;2\/3&#8243; offset=&#8221;vc_hidden-md vc_hidden-sm vc_hidden-xs&#8221; css=&#8221;.vc_custom_1568645985489{padding-right: 40px !important;padding-left: 0px !important;}&#8221;][elx_heading font_container=&#8221;h1&#8243; text_color=&#8221;white&#8221; text_align=&#8221;text-left&#8221;]<strong>S\u00f8ger du en industrivaskemaskine til en go&#8217; pris?<\/strong>[\/elx_heading][vc_empty_space height=&#8221;20px&#8221;][vc_column_text el_class=&#8221;redback&#8221;]<\/p>\n<h6>myPRO er en kompakt industrimaskine til virksomheder, der ikke har plads eller brug for en dyr professionel vaskeril\u00f8sning.<\/h6>\n<p>[\/vc_column_text][\/vc_column_inner][vc_column_inner width=&#8221;1\/3&#8243; offset=&#8221;vc_hidden-md vc_hidden-sm vc_hidden-xs&#8221;][vc_single_image image=&#8221;15036&#8243; img_size=&#8221;full&#8221; alignment=&#8221;center&#8221; css=&#8221;.vc_custom_1598441735689{margin-bottom: 30px !important;padding-top: 50px !important;}&#8221;][\/vc_column_inner][\/vc_row_inner][vc_row_inner content_placement=&#8221;middle&#8221; el_class=&#8221;container middle&#8221;][vc_column_inner width=&#8221;2\/3&#8243; offset=&#8221;vc_hidden-lg vc_hidden-xs&#8221; css=&#8221;.vc_custom_1568646156195{padding-right: 20px !important;padding-left: 0px !important;}&#8221;][elx_heading font_container=&#8221;h4&#8243; text_color=&#8221;white&#8221; text_align=&#8221;text-left&#8221;]<strong>S\u00f8ger du en industrivaskemaskine til en go&#8217; pris?<\/strong>[\/elx_heading][vc_empty_space height=&#8221;20px&#8221;][vc_column_text el_class=&#8221;white&#8221;]myPRO er en kompakt industrimaskine til\u00a0virksomheder, der ikke har plads eller brug for en dyr professionel vaskeril\u00f8sning.[\/vc_column_text][vc_empty_space height=&#8221;20px&#8221;][\/vc_column_inner][vc_column_inner width=&#8221;1\/3&#8243; offset=&#8221;vc_hidden-lg vc_hidden-xs&#8221;][vc_single_image image=&#8221;15036&#8243; img_size=&#8221;full&#8221; alignment=&#8221;center&#8221; css=&#8221;.vc_custom_1580479687272{padding-top: 50px !important;padding-bottom: 30px !important;}&#8221;][\/vc_column_inner][\/vc_row_inner][vc_row_inner content_placement=&#8221;middle&#8221; el_class=&#8221;container middle&#8221;][vc_column_inner offset=&#8221;vc_hidden-lg vc_hidden-md vc_hidden-sm&#8221; css=&#8221;.vc_custom_1568646523285{padding-right: 0px !important;padding-left: 0px !important;}&#8221;][vc_empty_space][elx_heading font_size=&#8221;h1&#8243; text_color=&#8221;white&#8221; text_align=&#8221;text-left&#8221;]<strong>S\u00f8ger du en industrivaskemaskine til en go&#8217; pris?<\/strong>[\/elx_heading][vc_empty_space][vc_column_text el_class=&#8221;white redback&#8221;]<\/p>\n<h5>myPRO er en kompakt industrimaskine til\u00a0virksomheder, der ikke har plads eller brug for en dyr professionel vaskeril\u00f8sning.<\/h5>\n<p>[\/vc_column_text][vc_empty_space][vc_empty_space][vc_single_image image=&#8221;13241&#8243; img_size=&#8221;320&#215;456&#8243; alignment=&#8221;center&#8221; css=&#8221;.vc_custom_1582106012077{padding-bottom: 0px !important;}&#8221;][vc_empty_space][\/vc_column_inner][\/vc_row_inner][\/vc_column][\/vc_row][vc_row el_class=&#8221;blue-menu-buttons&#8221;][vc_column][vc_empty_space height=&#8221;20px&#8221;][vc_empty_space height=&#8221;20px&#8221;][vc_row_inner][vc_column_inner offset=&#8221;vc_hidden-xs&#8221;][vc_empty_space height=&#8221;20px&#8221;][vc_empty_space height=&#8221;20px&#8221;][\/vc_column_inner][\/vc_row_inner][vc_row_inner][vc_column_inner][vc_column_text]<\/p>\n<h2>Vil du vaske p\u00e5 den halve tid uden at betale en h\u00f8j pris for din\u00a0industrivaskemaskine?\u00a0S\u00e5 v\u00e6lg myPRO.<\/h2>\n<p>[\/vc_column_text][vc_empty_space][vc_column_text el_class=&#8221;p-16&#8243;]Mere end <strong>1200 virksomheder og erhvervsdrivende<\/strong> sparer penge og tid ved at skifte til en smart industri vaskemaskine fra Electrolux: myPRO er en kompakt og praktisk l\u00f8sning for dig, der ikke har plads eller brug for store dyre industrivaskemaskiner \u2013 men stadig \u00f8nsker et professionelt vaskeresultat og en maskine uden kostbare driftsstop.\u00a0 <a style=\"text-decoration: none;\" href=\"https:\/\/www.electroluxprofessional.com\/dk\/mypro-kondenstoerretumbler\/\"><strong>SE OGS\u00c5 myPRO KONDENST\u00d8RRETUMBLER<\/strong><\/a>[\/vc_column_text][\/vc_column_inner][\/vc_row_inner][vc_empty_space height=&#8221;40px&#8221;][\/vc_column][\/vc_row][vc_row][vc_column width=&#8221;1\/2&#8243;][vc_row_inner][vc_column_inner offset=&#8221;vc_hidden-xs&#8221;][vc_single_image image=&#8221;15042&#8243; img_size=&#8221;435&#215;500&#8243; css=&#8221;.vc_custom_1598441826672{padding-top: 40px !important;padding-bottom: 40px !important;}&#8221;][\/vc_column_inner][\/vc_row_inner][vc_row_inner][vc_column_inner offset=&#8221;vc_hidden-lg vc_hidden-md vc_hidden-sm&#8221;][vc_single_image image=&#8221;15042&#8243; img_size=&#8221;large&#8221; alignment=&#8221;center&#8221; css=&#8221;.vc_custom_1582109081866{padding-top: 40px !important;padding-right: 4% !important;padding-bottom: 40px !important;padding-left: 20% !important;}&#8221;][\/vc_column_inner][\/vc_row_inner][\/vc_column][vc_column width=&#8221;1\/2&#8243; el_class=&#8221;middle&#8221;][vc_row_inner][vc_column_inner offset=&#8221;vc_hidden-xs&#8221;][vc_empty_space height=&#8221;20px&#8221;][\/vc_column_inner][\/vc_row_inner][vc_column_text el_class=&#8221;max-width-kasse&#8221;]<\/p>\n<h2 style=\"text-align: center;\">myPRO WE170 vaskemaskine<\/h2>\n<p>[\/vc_column_text][vc_empty_space][vc_row_inner][vc_column_inner][vc_column_text el_class=&#8221;panel1&#8243;]<strong>8 kg maskine:<\/strong> Perfekt til virksomheder der i gennemsnit vasker 1-3 vaske dagligt[\/vc_column_text][vc_column_text el_class=&#8221;panel2&#8243;]<strong>16 professionelle programmer:<\/strong> Specialprogrammer med bl.a. desinfektion og moppevask[\/vc_column_text][vc_column_text el_class=&#8221;panel1&#8243;]<strong>Vask p\u00e5 den halve tid:<\/strong> Op til 50% hurtigere end husholdningsmaskiner[\/vc_column_text][vc_column_text el_class=&#8221;panel2&#8243;]<strong>Slidst\u00e6rk konstruktion:<\/strong> Holder tre gange l\u00e6ngere end husholdningsmaskiner[\/vc_column_text][vc_column_text el_class=&#8221;panel1&#8243;]<strong>H\u00f8j driftssikkerhed<\/strong>[\/vc_column_text][vc_column_text el_class=&#8221;panel2&#8243;]<strong>Lavt energi- og vandforbrug<\/strong>[\/vc_column_text][vc_column_text el_class=&#8221;panel1&#8243;]<strong>Nem installation:<\/strong> Tilsluttes almindelig stikkontakt[\/vc_column_text][vc_column_text el_class=&#8221;panel2 lastpanel&#8221;]<strong>2 \u00e5rs garanti<\/strong>[\/vc_column_text][\/vc_column_inner][\/vc_row_inner][vc_row_inner el_class=&#8221;red-button-buy&#8221; css=&#8221;.vc_custom_1697621592441{padding-right: 15px !important;padding-left: 15px !important;}&#8221;][vc_column_inner][vc_empty_space][elx_o2000_contact_us s=&#8221;Tilbud p\u00e5 myPRO fra website&#8221; request_type=&#8221;Quotation&#8221; flag_hide_request_type=&#8221;true&#8221; country=&#8221;Denmark&#8221; b=&#8221;laundry-semi-professional&#8221; text_color=&#8221;#14133B&#8221; thanks=&#8221;Tak for din interesse! Vi kontakter dig snarest.&#8221; button_mode=&#8221;true&#8221; postion_button=&#8221;text-left&#8221; postion_button_mobile=&#8221;text-left-mobile&#8221; r=&#8221;Tilbud p\u00e5 myPRO&#8221; text_btn_contact=&#8221;F\u00e5 et tilbud p\u00e5 myPRO&#8221;][\/vc_column_inner][\/vc_row_inner][\/vc_column][\/vc_row][vc_row disable_element=&#8221;yes&#8221; el_class=&#8221;blue-menu-buttons&#8221;][vc_column][vc_empty_space][vc_empty_space height=&#8221;40px&#8221;][vc_row_inner][vc_column_inner][vc_column_text]<\/p>\n<p style=\"text-align: center;\">Find maskiner, der passer til dit vaskebehov. Klik p\u00e5 din branche:<\/p>\n<p>[\/vc_column_text][\/vc_column_inner][\/vc_row_inner][vc_empty_space height=&#8221;40px&#8221;][vc_empty_space][vc_row_inner equal_height=&#8221;yes&#8221; content_placement=&#8221;middle&#8221;][vc_column_inner el_class=&#8221;max-width-kasse-menu&#8221; width=&#8221;1\/3&#8243; css=&#8221;.vc_custom_1582110702707{margin-bottom: 20px !important;}&#8221;][elx_button button_text=&#8221;Byggeri \/ Landbrug \/ Gartneri&#8221; link=&#8221;url:%23byggerilandbruggartneri|||rel:nofollow&#8221; button_link=&#8221;url:https%3A%2F%2Fmypro.electroluxprofessional.dk%2Fvaskemaskine-byggeri-gartneri-landbrug-vask-af-arbejdstoej%2F||target:%20_blank|&#8221;][\/vc_column_inner][vc_column_inner el_class=&#8221;max-width-kasse-menu&#8221; width=&#8221;1\/3&#8243; css=&#8221;.vc_custom_1582110708915{margin-bottom: 20px !important;}&#8221;][elx_button button_text=&#8221;Fris\u00f8r \/ Salon&#8221; link=&#8221;url:%23frisoersalon|||rel:nofollow&#8221; button_link=&#8221;url:https%3A%2F%2Fmypro.electroluxprofessional.dk%2Fbillig-industrivaskemaskine-til-virksomhed-effektiv-og-hurtig-vask%2F||target:%20_blank|&#8221;][\/vc_column_inner][vc_column_inner el_class=&#8221;max-width-kasse-menu&#8221; width=&#8221;1\/3&#8243; css=&#8221;.vc_custom_1582110714068{margin-bottom: 20px !important;}&#8221;][elx_button button_text=&#8221;F\u00e6llesvaskeri \/ Boligforening&#8221; link=&#8221;url:%23faellesvaskeri|||rel:nofollow&#8221; button_link=&#8221;url:https%3A%2F%2Fmypro.electroluxprofessional.dk%2Fvaskemaskine-faellesvaskeri-boligforening-og-camping%2F||target:%20_blank|&#8221;][\/vc_column_inner][\/vc_row_inner][vc_row_inner equal_height=&#8221;yes&#8221; content_placement=&#8221;middle&#8221;][vc_column_inner el_class=&#8221;max-width-kasse-menu&#8221; width=&#8221;1\/3&#8243; css=&#8221;.vc_custom_1582110718721{margin-bottom: 20px !important;}&#8221;][elx_button button_text=&#8221;Hotel \/ Restaurant&#8221; link=&#8221;url:%23hotelrestaurant|||rel:nofollow&#8221; button_link=&#8221;url:https%3A%2F%2Fmypro.electroluxprofessional.dk%2Fbillig-industrivaskemaskine-til-virksomhed-effektiv-og-hurtig-vask%2F||target:%20_blank|&#8221;][\/vc_column_inner][vc_column_inner el_class=&#8221;max-width-kasse-menu&#8221; width=&#8221;1\/3&#8243; css=&#8221;.vc_custom_1582110723492{margin-bottom: 20px !important;}&#8221;][elx_button button_text=&#8221;Industri \/ Transport&#8221; link=&#8221;url:%23industritransport|||rel:nofollow&#8221; button_link=&#8221;url:https%3A%2F%2Fmypro.electroluxprofessional.dk%2Fbillig-industrivaskemaskine-til-virksomhed-effektiv-og-hurtig-vask%2F||target:%20_blank|&#8221;][\/vc_column_inner][vc_column_inner el_class=&#8221;max-width-kasse-menu&#8221; width=&#8221;1\/3&#8243; css=&#8221;.vc_custom_1582110728818{margin-bottom: 20px !important;}&#8221;][elx_button button_text=&#8221;Institution \/ Pleje&#8221; link=&#8221;url:%23institutionpleje|||rel:nofollow&#8221; button_link=&#8221;url:https%3A%2F%2Fmypro.electroluxprofessional.dk%2Fvaskemaskine-institution-og-pleje-effektiv-og-hygiejnisk-vask%2F||target:%20_blank|&#8221;][\/vc_column_inner][\/vc_row_inner][vc_row_inner equal_height=&#8221;yes&#8221; content_placement=&#8221;middle&#8221;][vc_column_inner el_class=&#8221;max-width-kasse-menu&#8221; width=&#8221;1\/3&#8243; css=&#8221;.vc_custom_1582110733417{margin-bottom: 20px !important;}&#8221;][elx_button button_text=&#8221;Klinik \/ Behandler&#8221; link=&#8221;url:%23klinikbehandler|||rel:nofollow&#8221; button_link=&#8221;url:https%3A%2F%2Fmypro.electroluxprofessional.dk%2Fvaskemaskine-klinik-og-behandler-nir%2F||target:%20_blank|&#8221;][\/vc_column_inner][vc_column_inner el_class=&#8221;max-width-kasse-menu&#8221; width=&#8221;1\/3&#8243; css=&#8221;.vc_custom_1582110738055{margin-bottom: 20px !important;}&#8221;][elx_button button_text=&#8221;Reng\u00f8ring&#8221; link=&#8221;url:%23rengoering|||rel:nofollow&#8221; button_link=&#8221;url:https%3A%2F%2Fmypro.electroluxprofessional.dk%2Fvaskemaskine-rengoeringsfirma-vask-af-moppe-og-klude%2F||target:%20_blank|&#8221;][\/vc_column_inner][vc_column_inner el_class=&#8221;max-width-kasse-menu&#8221; width=&#8221;1\/3&#8243; css=&#8221;.vc_custom_1582110742677{margin-bottom: 20px !important;}&#8221;][elx_button button_text=&#8221;Sportsklub \/ Fitness&#8221; link=&#8221;url:%23sportsklubfitness|||rel:nofollow&#8221; button_link=&#8221;url:https%3A%2F%2Fmypro.electroluxprofessional.dk%2Fvaskemaskine-institution-og-pleje-effektiv-og-hygiejnisk-vask%2F||target:%20_blank|&#8221;][\/vc_column_inner][\/vc_row_inner][vc_empty_space height=&#8221;40px&#8221;][\/vc_column][\/vc_row][vc_row equal_height=&#8221;yes&#8221; css=&#8221;.vc_custom_1736927990635{margin-top: 60px !important;padding-top: 30px !important;padding-bottom: 30px !important;background-color: #dadfe1 !important;}&#8221;][vc_column width=&#8221;1\/2&#8243;][vc_column_text el_class=&#8221;p-16&#8243;]<\/p>\n<h3>Vaskemaskiner, t\u00f8rretumblere og strygeruller til virksomheder med mindre behov<\/h3>\n<p>myPRO er Electrolux Professionals l\u00f8sning til\u00a0\u00a0<strong>mindre virksomheder<\/strong>, der har brug for\u00a0<strong>vaskemaskiner, t\u00f8rretumblere og strygeruller<\/strong>, som er mere\u00a0<strong>robuste og hurtigere<\/strong>\u00a0end standard husholdningsmaskiner.<br \/>\n[\/vc_column_text][elx_button button_text=&#8221;mere om fordelene ved myPRO&#8221; button_style=&#8221;icon&#8221; button_link=&#8221;url:https%3A%2F%2Fwww.electroluxprofessional.com%2Fdk%2Fmypro-vask-toer-strygeruller%2F&#8221;][\/vc_column][vc_column width=&#8221;1\/2&#8243;][vc_column_text el_class=&#8221;p-16&#8243;]<\/p>\n<h3>myPROzip vaskemaskine og t\u00f8rretumbler<br \/>\n\u2013 n\u00e5r vaskeriet skal kunne betjenes af dine g\u00e6ster<\/h3>\n<p>Designet til at blive betjent af dine g\u00e6ster og klar til integration med forskellige betalingssystemer<\/p>\n<p>[\/vc_column_text][elx_button button_text=&#8221;mere om fordelene ved myPROzip&#8221; button_style=&#8221;icon&#8221; button_link=&#8221;url:https%3A%2F%2Fwww.electroluxprofessional.com%2Fdk%2Fmyprozip-gaestebetjente-vaskerier%2F&#8221; css=&#8221;.vc_custom_1736928142801{margin-top: 20px !important;}&#8221;][\/vc_column][\/vc_row][vc_row css=&#8221;.vc_custom_1697622217994{margin-top: 60px !important;}&#8221;][vc_column offset=&#8221;vc_hidden-xs&#8221;][elx_heading font_size=&#8221;h1&#8243; text_color=&#8221;inherit&#8221; text_align=&#8221;text-center&#8221;]Der er en ogs\u00e5 en myPRO til vaskebehovet i din branche![\/elx_heading][\/vc_column][\/vc_row][vc_row css=&#8221;.vc_custom_1697622223488{margin-top: 60px !important;}&#8221;][vc_column width=&#8221;1\/3&#8243; offset=&#8221;vc_hidden-xs&#8221;][vc_single_image image=&#8221;13245&#8243; img_size=&#8221;medium&#8221; alignment=&#8221;center&#8221; onclick=&#8221;custom_link&#8221; img_link_target=&#8221;_blank&#8221;][vc_empty_space][vc_single_image image=&#8221;13230&#8243; img_size=&#8221;medium&#8221; alignment=&#8221;center&#8221; onclick=&#8221;custom_link&#8221; img_link_target=&#8221;_blank&#8221;][vc_empty_space][vc_single_image image=&#8221;13236&#8243; img_size=&#8221;medium&#8221; alignment=&#8221;center&#8221; onclick=&#8221;custom_link&#8221; img_link_target=&#8221;_blank&#8221;][vc_empty_space][\/vc_column][vc_column width=&#8221;1\/3&#8243; offset=&#8221;vc_hidden-xs&#8221;][vc_single_image image=&#8221;13234&#8243; img_size=&#8221;medium&#8221; alignment=&#8221;center&#8221; onclick=&#8221;custom_link&#8221; img_link_target=&#8221;_blank&#8221;][vc_empty_space][vc_single_image image=&#8221;13232&#8243; img_size=&#8221;medium&#8221; alignment=&#8221;center&#8221; onclick=&#8221;custom_link&#8221; img_link_target=&#8221;_blank&#8221;][vc_empty_space][vc_single_image image=&#8221;13242&#8243; img_size=&#8221;medium&#8221; alignment=&#8221;center&#8221; onclick=&#8221;custom_link&#8221; img_link_target=&#8221;_blank&#8221;][vc_empty_space][\/vc_column][vc_column width=&#8221;1\/3&#8243; offset=&#8221;vc_hidden-xs&#8221;][vc_single_image image=&#8221;13235&#8243; img_size=&#8221;medium&#8221; alignment=&#8221;center&#8221; onclick=&#8221;custom_link&#8221; img_link_target=&#8221;_blank&#8221;][vc_empty_space][vc_single_image image=&#8221;13231&#8243; img_size=&#8221;medium&#8221; alignment=&#8221;center&#8221; onclick=&#8221;custom_link&#8221; img_link_target=&#8221;_blank&#8221;][vc_empty_space][vc_single_image image=&#8221;13233&#8243; img_size=&#8221;medium&#8221; alignment=&#8221;center&#8221; onclick=&#8221;custom_link&#8221; img_link_target=&#8221;_blank&#8221;][vc_empty_space][\/vc_column][\/vc_row][vc_row][vc_column offset=&#8221;vc_hidden-xs&#8221;][vc_empty_space height=&#8221;40px&#8221;][vc_empty_space height=&#8221;1px&#8221; css=&#8221;.vc_custom_1572524037341{border-top-width: 3px !important;border-top-color: #dadfe1 !important;border-top-style: solid !important;}&#8221;][vc_empty_space height=&#8221;40px&#8221;][vc_empty_space][\/vc_column][\/vc_row][vc_row matched_labels=&#8221;&#8221; css=&#8221;.vc_custom_1755170324971{margin-top: 40px !important;margin-bottom: 60px !important;}&#8221;][vc_column width=&#8221;5\/12&#8243;][vc_column_text el_class=&#8221;p-16&#8243;]Har du sp\u00f8rgsm\u00e5l om myPRO? S\u00e5 kontakt os p\u00e5 6376 2220[\/vc_column_text][\/vc_column][vc_column width=&#8221;1\/12&#8243;][vc_column_text el_class=&#8221;p-16&#8243;]&#8230;eller[\/vc_column_text][\/vc_column][vc_column width=&#8221;6\/12&#8243;][elx_o2000_contact_us s=&#8221;Tilbud p\u00e5 myPRO fra website&#8221; request_type=&#8221;Quotation&#8221; flag_hide_request_type=&#8221;true&#8221; country=&#8221;Denmark&#8221; b=&#8221;laundry-semi-professional&#8221; text_color=&#8221;#14133B&#8221; thanks=&#8221;Tak for din interesse! Vi kontakter dig snarest.&#8221; button_mode=&#8221;true&#8221; postion_button=&#8221;text-left&#8221; postion_button_mobile=&#8221;text-left-mobile&#8221; r=&#8221;Tilbud p\u00e5 myPRO&#8221; text_btn_contact=&#8221;Udfyld formular&#8221;][\/vc_column][\/vc_row]<\/p>\n","protected":false},"excerpt":{"rendered":"<p>[vc_row matched_labels=&#8221;&#8221; el_class=&#8221;bgposition-y&#8221; css=&#8221;.vc_custom_1755169953996{background-color: #041e41 !important;}&#8221;][vc_column][vc_row_inner content_placement=&#8221;middle&#8221; el_class=&#8221;container middle&#8221;][vc_column_inner width=&#8221;2\/3&#8243; offset=&#8221;vc_hidden-md vc_hidden-sm vc_hidden-xs&#8221; css=&#8221;.vc_custom_1568645985489{padding-right: 40px !important;padding-left: 0px !important;}&#8221;][elx_heading font_container=&#8221;h1&#8243; text_color=&#8221;white&#8221; text_align=&#8221;text-left&#8221;]S\u00f8ger du en industrivaskemaskine til en go&#8217; pris?[\/elx_heading][vc_empty_space height=&#8221;20px&#8221;][vc_column_text el_class=&#8221;redback&#8221;] myPRO er en kompakt industrimaskine til virksomheder, der ikke har plads eller brug for en dyr professionel vaskeril\u00f8sning. [\/vc_column_text][\/vc_column_inner][vc_column_inner width=&#8221;1\/3&#8243; offset=&#8221;vc_hidden-md vc_hidden-sm vc_hidden-xs&#8221;][vc_single_image image=&#8221;15036&#8243; img_size=&#8221;full&#8221; [&hellip;]<\/p>\n","protected":false},"author":64,"featured_media":0,"parent":0,"menu_order":0,"comment_status":"closed","ping_status":"closed","template":"","meta":{"footnotes":""},"class_list":["post-13222","page","type-page","status-publish","hentry"],"acf":[],"yoast_head":"<!-- This site is optimized with the Yoast SEO plugin v23.3 - https:\/\/yoast.com\/wordpress\/plugins\/seo\/ -->\n<title>Electrolux myPRO \u2013 industrivaskemaskine til en go&#039; pris. Se mere<\/title>\n<meta name=\"description\" content=\"Brug for en kompakt industrivaskemaskine til en go&#039; pris? myPRO er en praktisk 8 kg maskine, der vasker hurtigt og effektivt. Den perfekte l\u00f8sning til dig, der ikke har plads eller brug for en stor, dyr professionel vaskeril\u00f8sning.Se myPRO\" \/>\n<meta name=\"robots\" content=\"index, follow, max-snippet:-1, max-image-preview:large, max-video-preview:-1\" \/>\n<link rel=\"canonical\" href=\"https:\/\/www.electroluxprofessional.com\/dk\/mypro-vaskemaskine\/\" \/>\n<meta property=\"og:locale\" content=\"da_DK\" \/>\n<meta property=\"og:type\" content=\"article\" \/>\n<meta property=\"og:title\" content=\"Electrolux myPRO \u2013 industrivaskemaskine til en go&#039; pris. Se mere\" \/>\n<meta property=\"og:description\" content=\"Brug for en kompakt industrivaskemaskine til en go&#039; pris? myPRO er en praktisk 8 kg maskine, der vasker hurtigt og effektivt. Den perfekte l\u00f8sning til dig, der ikke har plads eller brug for en stor, dyr professionel vaskeril\u00f8sning.Se myPRO\" \/>\n<meta property=\"og:url\" content=\"https:\/\/www.electroluxprofessional.com\/dk\/mypro-vaskemaskine\/\" \/>\n<meta property=\"og:site_name\" content=\"Electrolux Professional Danmark\" \/>\n<meta property=\"article:modified_time\" content=\"2025-08-14T11:19:01+00:00\" \/>\n<meta name=\"twitter:card\" content=\"summary_large_image\" \/>\n<meta name=\"twitter:label1\" content=\"Estimeret l\u00e6setid\" \/>\n\t<meta name=\"twitter:data1\" content=\"7 minutter\" \/>\n<script type=\"application\/ld+json\" class=\"yoast-schema-graph\">{\"@context\":\"https:\/\/schema.org\",\"@graph\":[{\"@type\":\"WebPage\",\"@id\":\"https:\/\/www.electroluxprofessional.com\/dk\/mypro-vaskemaskine\/\",\"url\":\"https:\/\/www.electroluxprofessional.com\/dk\/mypro-vaskemaskine\/\",\"name\":\"Electrolux myPRO \u2013 industrivaskemaskine til en go' pris. Se mere\",\"isPartOf\":{\"@id\":\"https:\/\/www.electroluxprofessional.com\/dk\/#website\"},\"datePublished\":\"2025-08-13T12:50:21+00:00\",\"dateModified\":\"2025-08-14T11:19:01+00:00\",\"description\":\"Brug for en kompakt industrivaskemaskine til en go' pris? myPRO er en praktisk 8 kg maskine, der vasker hurtigt og effektivt. Den perfekte l\u00f8sning til dig, der ikke har plads eller brug for en stor, dyr professionel vaskeril\u00f8sning.Se myPRO\",\"breadcrumb\":{\"@id\":\"https:\/\/www.electroluxprofessional.com\/dk\/mypro-vaskemaskine\/#breadcrumb\"},\"inLanguage\":\"da-DK\",\"potentialAction\":[{\"@type\":\"ReadAction\",\"target\":[\"https:\/\/www.electroluxprofessional.com\/dk\/mypro-vaskemaskine\/\"]}]},{\"@type\":\"BreadcrumbList\",\"@id\":\"https:\/\/www.electroluxprofessional.com\/dk\/mypro-vaskemaskine\/#breadcrumb\",\"itemListElement\":[{\"@type\":\"ListItem\",\"position\":1,\"name\":\"Home\",\"item\":\"https:\/\/www.electroluxprofessional.com\/dk\/\"},{\"@type\":\"ListItem\",\"position\":2,\"name\":\"myPRO vaskemaskine\"}]},{\"@type\":\"WebSite\",\"@id\":\"https:\/\/www.electroluxprofessional.com\/dk\/#website\",\"url\":\"https:\/\/www.electroluxprofessional.com\/dk\/\",\"name\":\"Electrolux Professional Danmark\",\"description\":\"\",\"potentialAction\":[{\"@type\":\"SearchAction\",\"target\":{\"@type\":\"EntryPoint\",\"urlTemplate\":\"https:\/\/www.electroluxprofessional.com\/dk\/?src={search_term_string}\"},\"query-input\":\"required name=search_term_string\"}],\"inLanguage\":\"da-DK\"}]}<\/script>\n<!-- \/ Yoast SEO plugin. -->","yoast_head_json":{"title":"Electrolux myPRO \u2013 industrivaskemaskine til en go' pris. Se mere","description":"Brug for en kompakt industrivaskemaskine til en go' pris? myPRO er en praktisk 8 kg maskine, der vasker hurtigt og effektivt. Den perfekte l\u00f8sning til dig, der ikke har plads eller brug for en stor, dyr professionel vaskeril\u00f8sning.Se myPRO","robots":{"index":"index","follow":"follow","max-snippet":"max-snippet:-1","max-image-preview":"max-image-preview:large","max-video-preview":"max-video-preview:-1"},"canonical":"https:\/\/www.electroluxprofessional.com\/dk\/mypro-vaskemaskine\/","og_locale":"da_DK","og_type":"article","og_title":"Electrolux myPRO \u2013 industrivaskemaskine til en go' pris. Se mere","og_description":"Brug for en kompakt industrivaskemaskine til en go' pris? myPRO er en praktisk 8 kg maskine, der vasker hurtigt og effektivt. Den perfekte l\u00f8sning til dig, der ikke har plads eller brug for en stor, dyr professionel vaskeril\u00f8sning.Se myPRO","og_url":"https:\/\/www.electroluxprofessional.com\/dk\/mypro-vaskemaskine\/","og_site_name":"Electrolux Professional Danmark","article_modified_time":"2025-08-14T11:19:01+00:00","twitter_card":"summary_large_image","twitter_misc":{"Estimeret l\u00e6setid":"7 minutter"},"schema":{"@context":"https:\/\/schema.org","@graph":[{"@type":"WebPage","@id":"https:\/\/www.electroluxprofessional.com\/dk\/mypro-vaskemaskine\/","url":"https:\/\/www.electroluxprofessional.com\/dk\/mypro-vaskemaskine\/","name":"Electrolux myPRO \u2013 industrivaskemaskine til en go' pris. Se mere","isPartOf":{"@id":"https:\/\/www.electroluxprofessional.com\/dk\/#website"},"datePublished":"2025-08-13T12:50:21+00:00","dateModified":"2025-08-14T11:19:01+00:00","description":"Brug for en kompakt industrivaskemaskine til en go' pris? myPRO er en praktisk 8 kg maskine, der vasker hurtigt og effektivt. Den perfekte l\u00f8sning til dig, der ikke har plads eller brug for en stor, dyr professionel vaskeril\u00f8sning.Se myPRO","breadcrumb":{"@id":"https:\/\/www.electroluxprofessional.com\/dk\/mypro-vaskemaskine\/#breadcrumb"},"inLanguage":"da-DK","potentialAction":[{"@type":"ReadAction","target":["https:\/\/www.electroluxprofessional.com\/dk\/mypro-vaskemaskine\/"]}]},{"@type":"BreadcrumbList","@id":"https:\/\/www.electroluxprofessional.com\/dk\/mypro-vaskemaskine\/#breadcrumb","itemListElement":[{"@type":"ListItem","position":1,"name":"Home","item":"https:\/\/www.electroluxprofessional.com\/dk\/"},{"@type":"ListItem","position":2,"name":"myPRO vaskemaskine"}]},{"@type":"WebSite","@id":"https:\/\/www.electroluxprofessional.com\/dk\/#website","url":"https:\/\/www.electroluxprofessional.com\/dk\/","name":"Electrolux Professional Danmark","description":"","potentialAction":[{"@type":"SearchAction","target":{"@type":"EntryPoint","urlTemplate":"https:\/\/www.electroluxprofessional.com\/dk\/?src={search_term_string}"},"query-input":"required name=search_term_string"}],"inLanguage":"da-DK"}]}},"_links":{"self":[{"href":"https:\/\/www.electroluxprofessional.com\/dk\/wp-json\/wp\/v2\/pages\/13222"}],"collection":[{"href":"https:\/\/www.electroluxprofessional.com\/dk\/wp-json\/wp\/v2\/pages"}],"about":[{"href":"https:\/\/www.electroluxprofessional.com\/dk\/wp-json\/wp\/v2\/types\/page"}],"author":[{"embeddable":true,"href":"https:\/\/www.electroluxprofessional.com\/dk\/wp-json\/wp\/v2\/users\/64"}],"replies":[{"embeddable":true,"href":"https:\/\/www.electroluxprofessional.com\/dk\/wp-json\/wp\/v2\/comments?post=13222"}],"version-history":[{"count":68,"href":"https:\/\/www.electroluxprofessional.com\/dk\/wp-json\/wp\/v2\/pages\/13222\/revisions"}],"predecessor-version":[{"id":30058,"href":"https:\/\/www.electroluxprofessional.com\/dk\/wp-json\/wp\/v2\/pages\/13222\/revisions\/30058"}],"wp:attachment":[{"href":"https:\/\/www.electroluxprofessional.com\/dk\/wp-json\/wp\/v2\/media?parent=13222"}],"curies":[{"name":"wp","href":"https:\/\/api.w.org\/{rel}","templated":true}]}}