{"id":1305,"date":"2017-06-12T19:27:30","date_gmt":"2017-06-12T19:27:30","guid":{"rendered":"https:\/\/www.electroluxprofessional.com\/dk\/?page_id=1305"},"modified":"2017-06-12T19:27:30","modified_gmt":"2017-06-12T19:27:30","slug":"restaurant-chains","status":"publish","type":"page","link":"https:\/\/www.electroluxprofessional.com\/dk\/restaurant-chains\/","title":{"rendered":"Restaurantk\u00e6der"},"content":{"rendered":"<p>[vc_row full_width=&#8221;electroluxpro-full-width-no-padding&#8221;][vc_column][elx_hero_slider label_text_color=&#8221;inherit&#8221; images=&#8221;786&#8243;][elx_heading text_color=&#8221;orange&#8221; text_align=&#8221;text-left&#8221;]Sammen skaber vi din v\u00e6rdik\u00e6de[\/elx_heading][\/elx_hero_slider][\/vc_column][\/vc_row][vc_row full_width=&#8221;electroluxpro-container-no-padding&#8221; full_height=&#8221;yes&#8221; parallax=&#8221;content-moving&#8221;][vc_column css=&#8221;.vc_custom_1472030236138{padding-top: 20px !important;}&#8221;][elx_heading font_container=&#8221;h1&#8243; font_size=&#8221;h3&#8243; text_color=&#8221;inherit&#8221; text_align=&#8221;text-center&#8221;]Electrolux\u2019s dedikerede team kender alt til dit behov for konsistens.[\/elx_heading][\/vc_column][\/vc_row][vc_row][vc_column width=&#8221;1\/2&#8243;][elx_simple_block background_color=&#8221;inherit&#8221;][vc_column_text drop_caps=&#8221;big-first-letter&#8221;]<\/p>\n<p>Uanset, om du driver en hotelk\u00e6de eller en restaurantk\u00e6de, et plejehjem eller noget helt fjerde, s\u00e5 st\u00e5r Electrolux p\u00e5 hovedet for at sikre, at ethvert k\u00f8kken eller vaskeri med vores produkter, kan levere det samme h\u00f8je niveau, hvad ang\u00e5r <strong>innovation, b\u00e6redygtighed, sikkerhed<\/strong> og <strong>brugervenlighed<\/strong>.<\/p>\n<p>Ved hj\u00e6lp af vores globale ekspertise og engagement for perfektion og din ambition, kan vi sammen bygge din succesfulde k\u00e6de. [\/vc_column_text][\/elx_simple_block][\/vc_column][vc_column width=&#8221;1\/2&#8243;][elx_simple_block background_color=&#8221;inherit&#8221;][vc_single_image image=&#8221;776&#8243; img_size=&#8221;full&#8221; style=&#8221;vc_box_circle_2&#8243;][\/elx_simple_block][\/vc_column][\/vc_row][vc_row][vc_column][elx_heading text_color=&#8221;inherit&#8221; text_align=&#8221;text-center&#8221;]Hvordan skiller vi os ud fra andre?[\/elx_heading][vc_empty_space height=&#8221;50px&#8221;][\/vc_column][\/vc_row][vc_row full_width=&#8221;electroluxpro-container-no-padding&#8221; equal_height=&#8221;yes&#8221;][vc_column width=&#8221;1\/2&#8243;][elx_simple_block background_color=&#8221;inherit&#8221;][vc_single_image image=&#8221;777&#8243; img_size=&#8221;185&#215;185&#8243; alignment=&#8221;center&#8221;][elx_heading font_container=&#8221;h3&#8243; text_color=&#8221;inherit&#8221;]Innovative l\u00f8sninger, der matcher dine behov[\/elx_heading][vc_column_text]Vores team har forvandlet vores kunders ambiti\u00f8se visioner til virkelighed utallige gange. <!--Electrolux innovations respond quickly to the specific challenges your business faces, which is possible thanks to a team of experts who actively listen to your requests and transform them into tailored solutions.-->[\/vc_column_text][\/elx_simple_block][\/vc_column][vc_column width=&#8221;1\/2&#8243;][elx_simple_block background_color=&#8221;inherit&#8221;][vc_single_image image=&#8221;778&#8243; img_size=&#8221;185&#215;185&#8243; alignment=&#8221;center&#8221;][elx_heading font_container=&#8221;h3&#8243; text_color=&#8221;inherit&#8221;]Vi g\u00f8r vores konkurrenter gr\u00f8nne af misundelse[\/elx_heading][vc_column_text]Ved at g\u00f8re din virksomhed mere b\u00e6redygtig, g\u00f8r vi den samtidig mere indbringende. <!--By pioneering and developing efficient solutions, we can help your business to save time, minimise waste, and make your staff\u2019s working lives easier. Our goal is to help you introduce a green thread which runs through your business.-->[\/vc_column_text][\/elx_simple_block][\/vc_column][\/vc_row][vc_row full_width=&#8221;electroluxpro-container-no-padding&#8221; equal_height=&#8221;yes&#8221;][vc_column width=&#8221;1\/2&#8243;][elx_simple_block][vc_single_image image=&#8221;779&#8243; img_size=&#8221;185&#215;185&#8243; alignment=&#8221;center&#8221;][elx_heading font_container=&#8221;h3&#8243; text_color=&#8221;inherit&#8221;]Din virksomhed er i sikre h\u00e6nder[\/elx_heading][vc_column_text]Dine kunder skal kunne spise mad, der er 100% sikkert og dine ansatte har brug for k\u00f8kken- og vaskeriudstyr, som de kan stole p\u00e5. <!--Our investments in extensive product testing and third party accreditations ensure Electrolux solutions overcome the day-to-day challenges of your business without compromising the health and safety of staff or customers.-->[\/vc_column_text][\/elx_simple_block][\/vc_column][vc_column width=&#8221;1\/2&#8243;][elx_simple_block background_color=&#8221;inherit&#8221;][vc_single_image image=&#8221;780&#8243; img_size=&#8221;185&#215;185&#8243; alignment=&#8221;center&#8221;][elx_heading font_container=&#8221;h3&#8243; text_color=&#8221;inherit&#8221;]Vi holder det simpelt[\/elx_heading][vc_column_text]Din virksomhed er unik. Derfor har du brug for den seneste teknologi, der g\u00f8r komplekse processer mere simple<!--The best ideas are often the most simple.-->. <!--Your business is unique and with that comes a need for ergonomic, breakthrough technology which makes complex processes much simpler. Allow multi-functional appliances to increase efficiency and deliver consistent quality your customers can enjoy time after time.-->[\/vc_column_text][\/elx_simple_block][\/vc_column][\/vc_row][vc_row][vc_column][vc_empty_space][\/vc_column][\/vc_row][vc_row full_width=&#8221;electroluxpro-container-no-padding&#8221;][vc_column][elx_heading font_container=&#8221;h3&#8243; text_color=&#8221;inherit&#8221; text_align=&#8221;text-center&#8221;]Lad os sammen skabe en vindende udveksling af energi[\/elx_heading][vc_empty_space height=&#8221;50px&#8221;][\/vc_column][\/vc_row][vc_row][vc_column width=&#8221;1\/2&#8243;][elx_simple_block background_color=&#8221;inherit&#8221;][vc_column_text]N\u00e5r du fort\u00e6ller os, hvad du har brug for, kan vi fokusere p\u00e5 supplerende v\u00e6rdi og revolutionere din virksomhed ved at reducere spild og ineffektivitet ved hvert trin i arbejdsprocessen. Dette er <strong>Electrolux\u2019s Lean Methodology<\/strong>, en strategisk procescirkel, der er specielt designet til at vinde matchen.[\/vc_column_text][\/elx_simple_block][\/vc_column][vc_column width=&#8221;1\/2&#8243;][elx_simple_block background_color=&#8221;inherit&#8221;][vc_single_image image=&#8221;781&#8243; img_size=&#8221;full&#8221; alignment=&#8221;center&#8221;][\/elx_simple_block][\/vc_column][\/vc_row][vc_row][vc_column][vc_empty_space height=&#8221;50px&#8221;][elx_heading font_container=&#8221;h3&#8243; text_color=&#8221;inherit&#8221; text_align=&#8221;text-center&#8221; css=&#8221;.vc_custom_1476716999962{padding-top: 50px !important;padding-bottom: 50px !important;}&#8221;]\u2026. og ydermere, vi f\u00f8lger dig rundt i verden.[\/elx_heading][\/vc_column][\/vc_row][vc_row][vc_column width=&#8221;1\/2&#8243;][elx_simple_block background_color=&#8221;inherit&#8221;][elx_heading font_container=&#8221;h3&#8243; font_size=&#8221;h4&#8243; text_color=&#8221;inherit&#8221; text_align=&#8221;text-left&#8221;]Global R&amp;D team: Fra kunders indsigt til perfektion indeni[\/elx_heading][vc_column_text drop_caps=&#8221;big-first-letter&#8221;]Global R&amp;D team udnytter synergier p\u00e5 tv\u00e6rs af interne designsektorer for at reducere tiden f\u00f8r produktet kan v\u00e6re klar p\u00e5 markedet, samtidig med at\u00a0teamet laver markedsresearch og unders\u00f8ger nye muligheder.[\/vc_column_text][\/elx_simple_block][\/vc_column][vc_column width=&#8221;1\/2&#8243;][elx_simple_block background_color=&#8221;inherit&#8221;][elx_heading font_container=&#8221;h3&#8243; font_size=&#8221;h4&#8243; text_color=&#8221;inherit&#8221; text_align=&#8221;text-left&#8221;]\u00c9t af verdens mest omfattende kundeservicenetv\u00e6rk[\/elx_heading][vc_column_text drop_caps=&#8221;big-first-letter&#8221;]Electrolux har \u00e9t af verdens mest omfattende kundeservicenetv\u00e6rk, der kan servicere dine behov lokalt f\u00f8r, under og efter et k\u00f8b.[\/vc_column_text][\/elx_simple_block][\/vc_column][\/vc_row][vc_row][vc_column][vc_empty_space][\/vc_column][\/vc_row][vc_row][vc_column width=&#8221;1\/2&#8243;][elx_simple_block background_color=&#8221;inherit&#8221;][elx_heading font_container=&#8221;h3&#8243; text_color=&#8221;inherit&#8221; text_align=&#8221;text-center&#8221; css=&#8221;.vc_custom_1476701140988{padding-top: 50px !important;padding-bottom: 50px !important;}&#8221;]En skr\u00e6ddersyet match\u00e6ndrende l\u00f8sning[\/elx_heading][vc_column_text drop_caps=&#8221;big-first-letter&#8221;]Ved at v\u00e6lge Electrolux som sin partner, lykkedes det for en global fast food restaurantk\u00e6de at forbedre arbejdsgangen i k\u00f8kkenet betydeligt, ved at introducere et tilberedningskoncept, der endnu ikke var set f\u00f8r. Bes\u00f8g hos nogle af k\u00e6dens restauranter gjorde Electrolux i stand til at lave en dybdeg\u00e5ende analyse af de udfordringer og potentielle forhindringer, der stod i vejen for en hurtigere service. Resultatet var en fungerende prototype, der kombinerede flere tilberedningstrin i \u00e9t apparat; hvilket <strong>forbedrede effektivteten, reducerede spild og \u00f8gede rentabiliteten<\/strong>.[\/vc_column_text][vc_single_image image=&#8221;782&#8243; alignment=&#8221;center&#8221;][\/elx_simple_block][\/vc_column][vc_column width=&#8221;1\/2&#8243;][elx_heading font_container=&#8221;h4&#8243; text_color=&#8221;inherit&#8221; text_align=&#8221;text-left&#8221; css=&#8221;.vc_custom_1476701076660{padding-top: 50px !important;padding-bottom: 50px !important;}&#8221;]Find ud af mere, kontakt vores eksperter.[\/elx_heading][elx_o2000_contact_us r=&#8221;Jeg vil gerne vide mere, om jeres l\u00f8sninger til restaurantk\u00e6der. Kontakt mig venligst.&#8221; s=&#8221;Request of information about solutions for restaurant chains&#8221; l=&#8221;dk&#8221; container=&#8221;elxcontactus1476697611&#8243;][\/vc_column][\/vc_row][vc_row][vc_column][vc_empty_space height=&#8221;50px&#8221;][elx_heading font_container=&#8221;h3&#8243; text_color=&#8221;inherit&#8221; text_align=&#8221;text-center&#8221; css=&#8221;.vc_custom_1472461948988{padding-top: 50px !important;padding-bottom: 50px !important;}&#8221;]Flere innovative l\u00f8sninger til din k\u00e6devirksomhed[\/elx_heading][vc_empty_space height=&#8221;50px&#8221;][\/vc_column][\/vc_row][vc_row content_placement=&#8221;top&#8221;][vc_column width=&#8221;1\/3&#8243;][vc_single_image image=&#8221;783&#8243; img_size=&#8221;500&#215;354&#8243; alignment=&#8221;center&#8221;][elx_simple_block background_color=&#8221;inherit&#8221;][elx_heading font_container=&#8221;h4&#8243; text_color=&#8221;inherit&#8221; text_align=&#8221;text-center&#8221;]High Speed Panini Grill[\/elx_heading][\/elx_simple_block][vc_column_text]<\/p>\n<ul>\n<li>Fremskynder workflowet i rejsesegmentet<\/li>\n<li>Klar p\u00e5\u00a0<strong>30 sekunder<\/strong>.<\/li>\n<li><strong>F\u00f8rsteklasses smag<\/strong> og appellerende pr\u00e6sentation<\/li>\n<\/ul>\n<p>[\/vc_column_text][\/vc_column][vc_column width=&#8221;1\/3&#8243;][vc_single_image image=&#8221;784&#8243; img_size=&#8221;500&#215;354&#8243;][elx_simple_block background_color=&#8221;inherit&#8221;][elx_heading font_container=&#8221;h4&#8243; text_color=&#8221;inherit&#8221; text_align=&#8221;text-center&#8221;]Opt\u00f8ningsskab[\/elx_heading][\/elx_simple_block][vc_column_text]<\/p>\n<ul>\n<li>Dette skr\u00e6ddersyede opt\u00f8ningsskab er blevet designet til at opt\u00f8 kylling hurtigere.<\/li>\n<li>Den perfekte l\u00f8sning til den udfordring at kunne <strong>servere en stort m\u00e6ngde m\u00e5ltider hurtigere<\/strong>.<\/li>\n<\/ul>\n<p>[\/vc_column_text][\/vc_column][vc_column width=&#8221;1\/3&#8243;][vc_single_image image=&#8221;785&#8243; img_size=&#8221;500&#215;354&#8243;][elx_simple_block background_color=&#8221;inherit&#8221;][elx_heading font_container=&#8221;h4&#8243; text_color=&#8221;inherit&#8221; text_align=&#8221;text-center&#8221;]Carlsberg DraughtMaster[\/elx_heading][\/elx_simple_block][vc_column_text css=&#8221;.vc_custom_1476707885129{padding-bottom: 20px !important;}&#8221;]<\/p>\n<ul>\n<li>Det innovative\u00a0DraughtMaster\u2122 b\u00e6redygtige system udviklet til Carlsberg, <strong>bevarer den gode smag og holdbarheden<\/strong>, og reducerer samtidig spild og opbevaringsplads til t\u00f8nder.<\/li>\n<li>Systemet bruger eksternt tryk for at undg\u00e5, at der tilf\u00f8jes det smags\u00e6ndrende CO2.<\/li>\n<\/ul>\n<p>[\/vc_column_text][\/vc_column][\/vc_row][vc_row][vc_column][vc_empty_space height=&#8221;50px&#8221;][\/vc_column][\/vc_row][vc_row][vc_column][elx_heading font_container=&#8221;h4&#8243; text_color=&#8221;inherit&#8221;]Find ud af mere, kontakt vores eksperter[\/elx_heading][elx_o2000_contact_us r=&#8221;Jeg vil gerne vide mere, om jeres l\u00f8sninger til restaurantk\u00e6der. Kontakt mig venligst.&#8221; s=&#8221;Request of information about solutions for restaurant chains&#8221; l=&#8221;dk&#8221; container=&#8221;elxcontactus1472110569&#8243;][vc_empty_space height=&#8221;50px&#8221;][\/vc_column][\/vc_row]<\/p>\n","protected":false},"excerpt":{"rendered":"<p>[vc_row full_width=&#8221;electroluxpro-full-width-no-padding&#8221;][vc_column][elx_hero_slider label_text_color=&#8221;inherit&#8221; images=&#8221;786&#8243;][elx_heading text_color=&#8221;orange&#8221; text_align=&#8221;text-left&#8221;]Sammen skaber vi din v\u00e6rdik\u00e6de[\/elx_heading][\/elx_hero_slider][\/vc_column][\/vc_row][vc_row full_width=&#8221;electroluxpro-container-no-padding&#8221; full_height=&#8221;yes&#8221; parallax=&#8221;content-moving&#8221;][vc_column css=&#8221;.vc_custom_1472030236138{padding-top: 20px !important;}&#8221;][elx_heading font_container=&#8221;h1&#8243; font_size=&#8221;h3&#8243; text_color=&#8221;inherit&#8221; text_align=&#8221;text-center&#8221;]Electrolux\u2019s dedikerede team kender alt til dit behov for konsistens.[\/elx_heading][\/vc_column][\/vc_row][vc_row][vc_column width=&#8221;1\/2&#8243;][elx_simple_block background_color=&#8221;inherit&#8221;][vc_column_text drop_caps=&#8221;big-first-letter&#8221;] Uanset, om du driver en hotelk\u00e6de eller en restaurantk\u00e6de, et plejehjem eller noget helt fjerde, s\u00e5 st\u00e5r Electrolux p\u00e5 hovedet for at sikre, [&hellip;]<\/p>\n","protected":false},"author":5,"featured_media":0,"parent":0,"menu_order":0,"comment_status":"closed","ping_status":"closed","template":"","meta":{"footnotes":""},"class_list":["post-1305","page","type-page","status-publish","hentry"],"acf":[],"yoast_head":"<!-- This site is optimized with the Yoast SEO plugin v23.3 - https:\/\/yoast.com\/wordpress\/plugins\/seo\/ -->\n<title>Restaurantk\u00e6der - Electrolux Professional Danmark<\/title>\n<meta name=\"robots\" content=\"index, follow, max-snippet:-1, max-image-preview:large, max-video-preview:-1\" \/>\n<link rel=\"canonical\" href=\"https:\/\/www.electroluxprofessional.com\/dk\/restaurant-chains\/\" \/>\n<meta property=\"og:locale\" content=\"da_DK\" \/>\n<meta property=\"og:type\" content=\"article\" \/>\n<meta property=\"og:title\" content=\"Restaurantk\u00e6der - Electrolux Professional Danmark\" \/>\n<meta property=\"og:description\" content=\"[vc_row full_width=&#8221;electroluxpro-full-width-no-padding&#8221;][vc_column][elx_hero_slider label_text_color=&#8221;inherit&#8221; images=&#8221;786&#8243;][elx_heading text_color=&#8221;orange&#8221; text_align=&#8221;text-left&#8221;]Sammen skaber vi din v\u00e6rdik\u00e6de[\/elx_heading][\/elx_hero_slider][\/vc_column][\/vc_row][vc_row full_width=&#8221;electroluxpro-container-no-padding&#8221; full_height=&#8221;yes&#8221; parallax=&#8221;content-moving&#8221;][vc_column css=&#8221;.vc_custom_1472030236138{padding-top: 20px !important;}&#8221;][elx_heading font_container=&#8221;h1&#8243; font_size=&#8221;h3&#8243; text_color=&#8221;inherit&#8221; text_align=&#8221;text-center&#8221;]Electrolux\u2019s dedikerede team kender alt til dit behov for konsistens.[\/elx_heading][\/vc_column][\/vc_row][vc_row][vc_column width=&#8221;1\/2&#8243;][elx_simple_block background_color=&#8221;inherit&#8221;][vc_column_text drop_caps=&#8221;big-first-letter&#8221;] Uanset, om du driver en hotelk\u00e6de eller en restaurantk\u00e6de, et plejehjem eller noget helt fjerde, s\u00e5 st\u00e5r Electrolux p\u00e5 hovedet for at sikre, [&hellip;]\" \/>\n<meta property=\"og:url\" content=\"https:\/\/www.electroluxprofessional.com\/dk\/restaurant-chains\/\" \/>\n<meta property=\"og:site_name\" content=\"Electrolux Professional Danmark\" \/>\n<meta name=\"twitter:card\" content=\"summary_large_image\" \/>\n<meta name=\"twitter:label1\" content=\"Estimeret l\u00e6setid\" \/>\n\t<meta name=\"twitter:data1\" content=\"7 minutter\" \/>\n<script type=\"application\/ld+json\" class=\"yoast-schema-graph\">{\"@context\":\"https:\/\/schema.org\",\"@graph\":[{\"@type\":\"WebPage\",\"@id\":\"https:\/\/www.electroluxprofessional.com\/dk\/restaurant-chains\/\",\"url\":\"https:\/\/www.electroluxprofessional.com\/dk\/restaurant-chains\/\",\"name\":\"Restaurantk\u00e6der - Electrolux Professional Danmark\",\"isPartOf\":{\"@id\":\"https:\/\/www.electroluxprofessional.com\/dk\/#website\"},\"datePublished\":\"2017-06-12T19:27:30+00:00\",\"dateModified\":\"2017-06-12T19:27:30+00:00\",\"breadcrumb\":{\"@id\":\"https:\/\/www.electroluxprofessional.com\/dk\/restaurant-chains\/#breadcrumb\"},\"inLanguage\":\"da-DK\",\"potentialAction\":[{\"@type\":\"ReadAction\",\"target\":[\"https:\/\/www.electroluxprofessional.com\/dk\/restaurant-chains\/\"]}]},{\"@type\":\"BreadcrumbList\",\"@id\":\"https:\/\/www.electroluxprofessional.com\/dk\/restaurant-chains\/#breadcrumb\",\"itemListElement\":[{\"@type\":\"ListItem\",\"position\":1,\"name\":\"Home\",\"item\":\"https:\/\/www.electroluxprofessional.com\/dk\/\"},{\"@type\":\"ListItem\",\"position\":2,\"name\":\"Restaurantk\u00e6der\"}]},{\"@type\":\"WebSite\",\"@id\":\"https:\/\/www.electroluxprofessional.com\/dk\/#website\",\"url\":\"https:\/\/www.electroluxprofessional.com\/dk\/\",\"name\":\"Electrolux Professional Danmark\",\"description\":\"\",\"potentialAction\":[{\"@type\":\"SearchAction\",\"target\":{\"@type\":\"EntryPoint\",\"urlTemplate\":\"https:\/\/www.electroluxprofessional.com\/dk\/?src={search_term_string}\"},\"query-input\":\"required name=search_term_string\"}],\"inLanguage\":\"da-DK\"}]}<\/script>\n<!-- \/ Yoast SEO plugin. -->","yoast_head_json":{"title":"Restaurantk\u00e6der - Electrolux Professional Danmark","robots":{"index":"index","follow":"follow","max-snippet":"max-snippet:-1","max-image-preview":"max-image-preview:large","max-video-preview":"max-video-preview:-1"},"canonical":"https:\/\/www.electroluxprofessional.com\/dk\/restaurant-chains\/","og_locale":"da_DK","og_type":"article","og_title":"Restaurantk\u00e6der - Electrolux Professional Danmark","og_description":"[vc_row full_width=&#8221;electroluxpro-full-width-no-padding&#8221;][vc_column][elx_hero_slider label_text_color=&#8221;inherit&#8221; images=&#8221;786&#8243;][elx_heading text_color=&#8221;orange&#8221; text_align=&#8221;text-left&#8221;]Sammen skaber vi din v\u00e6rdik\u00e6de[\/elx_heading][\/elx_hero_slider][\/vc_column][\/vc_row][vc_row full_width=&#8221;electroluxpro-container-no-padding&#8221; full_height=&#8221;yes&#8221; parallax=&#8221;content-moving&#8221;][vc_column css=&#8221;.vc_custom_1472030236138{padding-top: 20px !important;}&#8221;][elx_heading font_container=&#8221;h1&#8243; font_size=&#8221;h3&#8243; text_color=&#8221;inherit&#8221; text_align=&#8221;text-center&#8221;]Electrolux\u2019s dedikerede team kender alt til dit behov for konsistens.[\/elx_heading][\/vc_column][\/vc_row][vc_row][vc_column width=&#8221;1\/2&#8243;][elx_simple_block background_color=&#8221;inherit&#8221;][vc_column_text drop_caps=&#8221;big-first-letter&#8221;] Uanset, om du driver en hotelk\u00e6de eller en restaurantk\u00e6de, et plejehjem eller noget helt fjerde, s\u00e5 st\u00e5r Electrolux p\u00e5 hovedet for at sikre, [&hellip;]","og_url":"https:\/\/www.electroluxprofessional.com\/dk\/restaurant-chains\/","og_site_name":"Electrolux Professional Danmark","twitter_card":"summary_large_image","twitter_misc":{"Estimeret l\u00e6setid":"7 minutter"},"schema":{"@context":"https:\/\/schema.org","@graph":[{"@type":"WebPage","@id":"https:\/\/www.electroluxprofessional.com\/dk\/restaurant-chains\/","url":"https:\/\/www.electroluxprofessional.com\/dk\/restaurant-chains\/","name":"Restaurantk\u00e6der - Electrolux Professional Danmark","isPartOf":{"@id":"https:\/\/www.electroluxprofessional.com\/dk\/#website"},"datePublished":"2017-06-12T19:27:30+00:00","dateModified":"2017-06-12T19:27:30+00:00","breadcrumb":{"@id":"https:\/\/www.electroluxprofessional.com\/dk\/restaurant-chains\/#breadcrumb"},"inLanguage":"da-DK","potentialAction":[{"@type":"ReadAction","target":["https:\/\/www.electroluxprofessional.com\/dk\/restaurant-chains\/"]}]},{"@type":"BreadcrumbList","@id":"https:\/\/www.electroluxprofessional.com\/dk\/restaurant-chains\/#breadcrumb","itemListElement":[{"@type":"ListItem","position":1,"name":"Home","item":"https:\/\/www.electroluxprofessional.com\/dk\/"},{"@type":"ListItem","position":2,"name":"Restaurantk\u00e6der"}]},{"@type":"WebSite","@id":"https:\/\/www.electroluxprofessional.com\/dk\/#website","url":"https:\/\/www.electroluxprofessional.com\/dk\/","name":"Electrolux Professional Danmark","description":"","potentialAction":[{"@type":"SearchAction","target":{"@type":"EntryPoint","urlTemplate":"https:\/\/www.electroluxprofessional.com\/dk\/?src={search_term_string}"},"query-input":"required name=search_term_string"}],"inLanguage":"da-DK"}]}},"_links":{"self":[{"href":"https:\/\/www.electroluxprofessional.com\/dk\/wp-json\/wp\/v2\/pages\/1305"}],"collection":[{"href":"https:\/\/www.electroluxprofessional.com\/dk\/wp-json\/wp\/v2\/pages"}],"about":[{"href":"https:\/\/www.electroluxprofessional.com\/dk\/wp-json\/wp\/v2\/types\/page"}],"author":[{"embeddable":true,"href":"https:\/\/www.electroluxprofessional.com\/dk\/wp-json\/wp\/v2\/users\/5"}],"replies":[{"embeddable":true,"href":"https:\/\/www.electroluxprofessional.com\/dk\/wp-json\/wp\/v2\/comments?post=1305"}],"version-history":[{"count":7,"href":"https:\/\/www.electroluxprofessional.com\/dk\/wp-json\/wp\/v2\/pages\/1305\/revisions"}],"predecessor-version":[{"id":2824,"href":"https:\/\/www.electroluxprofessional.com\/dk\/wp-json\/wp\/v2\/pages\/1305\/revisions\/2824"}],"wp:attachment":[{"href":"https:\/\/www.electroluxprofessional.com\/dk\/wp-json\/wp\/v2\/media?parent=1305"}],"curies":[{"name":"wp","href":"https:\/\/api.w.org\/{rel}","templated":true}]}}