{"id":1272,"date":"2017-06-12T16:26:44","date_gmt":"2017-06-12T16:26:44","guid":{"rendered":"https:\/\/www.electroluxprofessional.com\/dk\/?page_id=1272"},"modified":"2022-06-14T09:33:37","modified_gmt":"2022-06-14T09:33:37","slug":"industrielt-koekkenudstyr","status":"publish","type":"page","link":"https:\/\/www.electroluxprofessional.com\/dk\/industrielt-koekkenudstyr\/","title":{"rendered":"Industrielt k\u00f8kkenudstyr"},"content":{"rendered":"<p>[vc_row full_width=&#8221;electroluxpro-full-width-no-padding&#8221;][vc_column][elx_hero_slider label_text_color=&#8221;inherit&#8221; images=&#8221;19070&#8243;][elx_heading font_container=&#8221;h1&#8243; font_size=&#8221;h1&#8243; text_color=&#8221;orange&#8221;]Industrielt k\u00f8kkenudstyr<\/p>\n<p>[\/elx_heading][vc_column_text css=&#8221;.vc_custom_1612519184658{margin-top: -40px !important;}&#8221;]<\/p>\n<h5>Produktion, pr\u00e6cision og tradition\u00a0i\u00a0n\u00e6sten\u00a0100 \u00e5r.<\/h5>\n<p>[\/vc_column_text][\/elx_hero_slider][\/vc_column][\/vc_row][vc_row css=&#8221;.vc_custom_1612522008219{margin-top: 80px !important;}&#8221;][vc_column width=&#8221;1\/2&#8243;][vc_single_image image=&#8221;866&#8243; img_size=&#8221;full&#8221; style=&#8221;vc_box_circle_2&#8243;][\/vc_column][vc_column width=&#8221;1\/2&#8243;][elx_heading font_size=&#8221;h3&#8243; text_color=&#8221;inherit&#8221;]Et godt workflow og \u00f8get produktivitet[\/elx_heading][vc_empty_space height=&#8221;15px&#8221;][vc_column_text el_class=&#8221;p-16&#8243;]Lad Electrolux Professional hj\u00e6lpe dig med at indrette dit stork\u00f8kken med professionelt industrielt k\u00f8kkenudstyr, som g\u00f8r din madlavning mere effektiv. Uanset om du arbejder i en gourmetrestaurant eller i et centralk\u00f8kken, s\u00e5 f\u00e5r du en l\u00f8sning, som sikrer dig de bedste arbejdsprocesser, god \u00f8konomi og optimal madkvalitet.<\/p>\n<p>Et godt workflow er et must i restauranter, cafeer og kantiner, hvor der tilberedes tusindvis af m\u00e5ltider hver dag.<\/p>\n<p>Hygiejne og sikkerhed er en integreret del af det udstyr og den indretning af dit k\u00f8kken du f\u00e5r fra Electrolux Professional.<\/p>\n<p>Vi kender til de udfordringer, som du kan l\u00f8be ind i, og ved at samarbejde med os, f\u00e5r du de mest optimale l\u00f8sninger til dit k\u00f8kken.[\/vc_column_text][\/vc_column][\/vc_row][vc_row css=&#8221;.vc_custom_1612523288138{margin-top: 40px !important;}&#8221;][vc_column][vc_column_text]<\/p>\n<hr \/>\n<p>[\/vc_column_text][\/vc_column][\/vc_row][vc_row css=&#8221;.vc_custom_1612523307675{margin-top: 20px !important;}&#8221;][vc_column width=&#8221;1\/12&#8243;][vc_empty_space height=&#8221;15px&#8221;][\/vc_column][vc_column width=&#8221;1\/6&#8243;][elx_heading font_container=&#8221;h6&#8243; text_color=&#8221;inherit&#8221; text_align=&#8221;text-center&#8221;]<a style=\"font-size: 18px; letter-spacing: -0.02em;\" href=\"https:\/\/www.electroluxprofessional.com\/dk\/industrikoekken\/\">Det varme k\u00f8kken<\/a><span style=\"font-size: 18px;\"> \u203a<\/span>[\/elx_heading][\/vc_column][vc_column width=&#8221;1\/6&#8243;][elx_heading font_container=&#8221;h5&#8243; text_color=&#8221;inherit&#8221; text_align=&#8221;text-center&#8221;]<a style=\"font-size: 18px;\" href=\"https:\/\/www.electroluxprofessional.com\/dk\/forberedelse\/\">Forberedelse<\/a><span style=\"font-size: 18px;\"> \u203a<\/span>[\/elx_heading][\/vc_column][vc_column width=&#8221;1\/6&#8243;][elx_heading font_container=&#8221;h4&#8243; text_color=&#8221;inherit&#8221; text_align=&#8221;text-center&#8221;]<a style=\"font-size: 18px;\" href=\"https:\/\/www.electroluxprofessional.com\/dk\/koel-frys\/\">K\u00f8l og frys<\/a><span style=\"font-size: 18px;\"> \u203a<\/span>[\/elx_heading][\/vc_column][vc_column width=&#8221;1\/6&#8243;][elx_heading font_container=&#8221;h4&#8243; text_color=&#8221;inherit&#8221; text_align=&#8221;text-center&#8221;]<a style=\"font-size: 18px; letter-spacing: -0.02em;\" href=\"https:\/\/www.electroluxprofessional.com\/dk\/industriopvaskemaskine\/\">Opvaskemaskiner<\/a><span style=\"font-size: 18px;\"> \u203a<\/span>[\/elx_heading][\/vc_column][vc_column width=&#8221;1\/6&#8243;][elx_heading font_container=&#8221;h4&#8243; text_color=&#8221;inherit&#8221; text_align=&#8221;text-center&#8221;]<a style=\"font-size: 18px;\" href=\"https:\/\/www.electroluxprofessional.com\/dk\/servering-transportering\/\">Serveringsudstyr<\/a><span style=\"font-size: 18px;\"> \u203a<\/span>[\/elx_heading][\/vc_column][vc_column width=&#8221;1\/12&#8243;][vc_empty_space height=&#8221;15px&#8221;][\/vc_column][\/vc_row][vc_row][vc_column][vc_column_text]<\/p>\n<hr \/>\n<p>[\/vc_column_text][\/vc_column][\/vc_row][vc_row rtl_reverse=&#8221;yes&#8221; css=&#8221;.vc_custom_1612523719378{margin-top: 60px !important;}&#8221;][vc_column width=&#8221;5\/12&#8243;][elx_heading font_size=&#8221;h3&#8243; text_color=&#8221;inherit&#8221;]Har du brug for hj\u00e6lp?[\/elx_heading][vc_column_text]<\/p>\n<h5>Kontakt vores eksperter!<\/h5>\n<p>[\/vc_column_text][vc_empty_space height=&#8221;15px&#8221;][elx_o2000_contact_us r=&#8221;Jeg vil gerne h\u00f8re mere om Electrolux&#8217; professionelle k\u00f8kkenudstyr. Venligst kontakt mig.&#8221; s=&#8221;Request of information about Industrial cooking appliances.&#8221; l=&#8221;dk&#8221; container=&#8221;elxcontactus1478533364&#8243;][\/vc_column][vc_column width=&#8221;1\/12&#8243;][vc_empty_space height=&#8221;15px&#8221;][\/vc_column][vc_column width=&#8221;1\/2&#8243;][elx_heading font_size=&#8221;h3&#8243; text_color=&#8221;inherit&#8221;]Industrielt k\u00f8kkenudstyr[\/elx_heading][vc_column_text el_class=&#8221;p-16&#8243;]Electrolux Professionals sortiment inden for industrielt k\u00f8kkenudstyr er designet til at kunne leve op til heavy-duty krav fra hoteller, institutioner, restauranter, hospitaler og stork\u00f8kkener.[\/vc_column_text][vc_single_image image=&#8221;723&#8243; img_size=&#8221;555&#215;420&#8243; alignment=&#8221;center&#8221; onclick=&#8221;custom_link&#8221; img_link_target=&#8221;_blank&#8221; link=&#8221;https:\/\/www.electroluxprofessional.com\/dk\/900xp-700xp-koge-stege\/&#8221;][\/vc_column][\/vc_row]<\/p>\n","protected":false},"excerpt":{"rendered":"<p>[vc_row full_width=&#8221;electroluxpro-full-width-no-padding&#8221;][vc_column][elx_hero_slider label_text_color=&#8221;inherit&#8221; images=&#8221;19070&#8243;][elx_heading font_container=&#8221;h1&#8243; font_size=&#8221;h1&#8243; text_color=&#8221;orange&#8221;]Industrielt k\u00f8kkenudstyr [\/elx_heading][vc_column_text css=&#8221;.vc_custom_1612519184658{margin-top: -40px !important;}&#8221;] Produktion, pr\u00e6cision og tradition\u00a0i\u00a0n\u00e6sten\u00a0100 \u00e5r. [\/vc_column_text][\/elx_hero_slider][\/vc_column][\/vc_row][vc_row css=&#8221;.vc_custom_1612522008219{margin-top: 80px !important;}&#8221;][vc_column width=&#8221;1\/2&#8243;][vc_single_image image=&#8221;866&#8243; img_size=&#8221;full&#8221; style=&#8221;vc_box_circle_2&#8243;][\/vc_column][vc_column width=&#8221;1\/2&#8243;][elx_heading font_size=&#8221;h3&#8243; text_color=&#8221;inherit&#8221;]Et godt workflow og \u00f8get produktivitet[\/elx_heading][vc_empty_space height=&#8221;15px&#8221;][vc_column_text el_class=&#8221;p-16&#8243;]Lad Electrolux Professional hj\u00e6lpe dig med at indrette dit stork\u00f8kken med professionelt industrielt k\u00f8kkenudstyr, som g\u00f8r din madlavning mere effektiv. Uanset [&hellip;]<\/p>\n","protected":false},"author":5,"featured_media":0,"parent":0,"menu_order":0,"comment_status":"closed","ping_status":"closed","template":"","meta":{"footnotes":""},"class_list":["post-1272","page","type-page","status-publish","hentry"],"acf":[],"yoast_head":"<!-- This site is optimized with the Yoast SEO plugin v23.3 - https:\/\/yoast.com\/wordpress\/plugins\/seo\/ -->\n<title>Industrielt k\u00f8kkenudstyr fra Electrolux Professional til professionelt k\u00f8kken<\/title>\n<meta name=\"description\" content=\"Et effektivt workflow er et must i restauranter, cafeer og kantiner, hvor der tilberedes tusindvis af m\u00e5ltider hver dag. Hygiejne, sikkerhed og arbejdsmilj\u00f8 er en integreret del af det k\u00f8kkenudstyr du f\u00e5r fra Electrolux Professional.\" \/>\n<meta name=\"robots\" content=\"index, follow, max-snippet:-1, max-image-preview:large, max-video-preview:-1\" \/>\n<link rel=\"canonical\" href=\"https:\/\/www.electroluxprofessional.com\/dk\/industrielt-koekkenudstyr\/\" \/>\n<meta property=\"og:locale\" content=\"da_DK\" \/>\n<meta property=\"og:type\" content=\"article\" \/>\n<meta property=\"og:title\" content=\"Industrielt k\u00f8kkenudstyr fra Electrolux Professional til professionelt k\u00f8kken\" \/>\n<meta property=\"og:description\" content=\"Et effektivt workflow er et must i restauranter, cafeer og kantiner, hvor der tilberedes tusindvis af m\u00e5ltider hver dag. Hygiejne, sikkerhed og arbejdsmilj\u00f8 er en integreret del af det k\u00f8kkenudstyr du f\u00e5r fra Electrolux Professional.\" \/>\n<meta property=\"og:url\" content=\"https:\/\/www.electroluxprofessional.com\/dk\/industrielt-koekkenudstyr\/\" \/>\n<meta property=\"og:site_name\" content=\"Electrolux Professional Danmark\" \/>\n<meta property=\"article:modified_time\" content=\"2022-06-14T09:33:37+00:00\" \/>\n<meta name=\"twitter:card\" content=\"summary_large_image\" \/>\n<meta name=\"twitter:label1\" content=\"Estimeret l\u00e6setid\" \/>\n\t<meta name=\"twitter:data1\" content=\"2 minutter\" \/>\n<script type=\"application\/ld+json\" class=\"yoast-schema-graph\">{\"@context\":\"https:\/\/schema.org\",\"@graph\":[{\"@type\":\"WebPage\",\"@id\":\"https:\/\/www.electroluxprofessional.com\/dk\/industrielt-koekkenudstyr\/\",\"url\":\"https:\/\/www.electroluxprofessional.com\/dk\/industrielt-koekkenudstyr\/\",\"name\":\"Industrielt k\u00f8kkenudstyr fra Electrolux Professional til professionelt k\u00f8kken\",\"isPartOf\":{\"@id\":\"https:\/\/www.electroluxprofessional.com\/dk\/#website\"},\"datePublished\":\"2017-06-12T16:26:44+00:00\",\"dateModified\":\"2022-06-14T09:33:37+00:00\",\"description\":\"Et effektivt workflow er et must i restauranter, cafeer og kantiner, hvor der tilberedes tusindvis af m\u00e5ltider hver dag. Hygiejne, sikkerhed og arbejdsmilj\u00f8 er en integreret del af det k\u00f8kkenudstyr du f\u00e5r fra Electrolux Professional.\",\"breadcrumb\":{\"@id\":\"https:\/\/www.electroluxprofessional.com\/dk\/industrielt-koekkenudstyr\/#breadcrumb\"},\"inLanguage\":\"da-DK\",\"potentialAction\":[{\"@type\":\"ReadAction\",\"target\":[\"https:\/\/www.electroluxprofessional.com\/dk\/industrielt-koekkenudstyr\/\"]}]},{\"@type\":\"BreadcrumbList\",\"@id\":\"https:\/\/www.electroluxprofessional.com\/dk\/industrielt-koekkenudstyr\/#breadcrumb\",\"itemListElement\":[{\"@type\":\"ListItem\",\"position\":1,\"name\":\"Home\",\"item\":\"https:\/\/www.electroluxprofessional.com\/dk\/\"},{\"@type\":\"ListItem\",\"position\":2,\"name\":\"Industrielt k\u00f8kkenudstyr\"}]},{\"@type\":\"WebSite\",\"@id\":\"https:\/\/www.electroluxprofessional.com\/dk\/#website\",\"url\":\"https:\/\/www.electroluxprofessional.com\/dk\/\",\"name\":\"Electrolux Professional Danmark\",\"description\":\"\",\"potentialAction\":[{\"@type\":\"SearchAction\",\"target\":{\"@type\":\"EntryPoint\",\"urlTemplate\":\"https:\/\/www.electroluxprofessional.com\/dk\/?src={search_term_string}\"},\"query-input\":\"required name=search_term_string\"}],\"inLanguage\":\"da-DK\"}]}<\/script>\n<!-- \/ Yoast SEO plugin. -->","yoast_head_json":{"title":"Industrielt k\u00f8kkenudstyr fra Electrolux Professional til professionelt k\u00f8kken","description":"Et effektivt workflow er et must i restauranter, cafeer og kantiner, hvor der tilberedes tusindvis af m\u00e5ltider hver dag. Hygiejne, sikkerhed og arbejdsmilj\u00f8 er en integreret del af det k\u00f8kkenudstyr du f\u00e5r fra Electrolux Professional.","robots":{"index":"index","follow":"follow","max-snippet":"max-snippet:-1","max-image-preview":"max-image-preview:large","max-video-preview":"max-video-preview:-1"},"canonical":"https:\/\/www.electroluxprofessional.com\/dk\/industrielt-koekkenudstyr\/","og_locale":"da_DK","og_type":"article","og_title":"Industrielt k\u00f8kkenudstyr fra Electrolux Professional til professionelt k\u00f8kken","og_description":"Et effektivt workflow er et must i restauranter, cafeer og kantiner, hvor der tilberedes tusindvis af m\u00e5ltider hver dag. Hygiejne, sikkerhed og arbejdsmilj\u00f8 er en integreret del af det k\u00f8kkenudstyr du f\u00e5r fra Electrolux Professional.","og_url":"https:\/\/www.electroluxprofessional.com\/dk\/industrielt-koekkenudstyr\/","og_site_name":"Electrolux Professional Danmark","article_modified_time":"2022-06-14T09:33:37+00:00","twitter_card":"summary_large_image","twitter_misc":{"Estimeret l\u00e6setid":"2 minutter"},"schema":{"@context":"https:\/\/schema.org","@graph":[{"@type":"WebPage","@id":"https:\/\/www.electroluxprofessional.com\/dk\/industrielt-koekkenudstyr\/","url":"https:\/\/www.electroluxprofessional.com\/dk\/industrielt-koekkenudstyr\/","name":"Industrielt k\u00f8kkenudstyr fra Electrolux Professional til professionelt k\u00f8kken","isPartOf":{"@id":"https:\/\/www.electroluxprofessional.com\/dk\/#website"},"datePublished":"2017-06-12T16:26:44+00:00","dateModified":"2022-06-14T09:33:37+00:00","description":"Et effektivt workflow er et must i restauranter, cafeer og kantiner, hvor der tilberedes tusindvis af m\u00e5ltider hver dag. Hygiejne, sikkerhed og arbejdsmilj\u00f8 er en integreret del af det k\u00f8kkenudstyr du f\u00e5r fra Electrolux Professional.","breadcrumb":{"@id":"https:\/\/www.electroluxprofessional.com\/dk\/industrielt-koekkenudstyr\/#breadcrumb"},"inLanguage":"da-DK","potentialAction":[{"@type":"ReadAction","target":["https:\/\/www.electroluxprofessional.com\/dk\/industrielt-koekkenudstyr\/"]}]},{"@type":"BreadcrumbList","@id":"https:\/\/www.electroluxprofessional.com\/dk\/industrielt-koekkenudstyr\/#breadcrumb","itemListElement":[{"@type":"ListItem","position":1,"name":"Home","item":"https:\/\/www.electroluxprofessional.com\/dk\/"},{"@type":"ListItem","position":2,"name":"Industrielt k\u00f8kkenudstyr"}]},{"@type":"WebSite","@id":"https:\/\/www.electroluxprofessional.com\/dk\/#website","url":"https:\/\/www.electroluxprofessional.com\/dk\/","name":"Electrolux Professional Danmark","description":"","potentialAction":[{"@type":"SearchAction","target":{"@type":"EntryPoint","urlTemplate":"https:\/\/www.electroluxprofessional.com\/dk\/?src={search_term_string}"},"query-input":"required name=search_term_string"}],"inLanguage":"da-DK"}]}},"_links":{"self":[{"href":"https:\/\/www.electroluxprofessional.com\/dk\/wp-json\/wp\/v2\/pages\/1272"}],"collection":[{"href":"https:\/\/www.electroluxprofessional.com\/dk\/wp-json\/wp\/v2\/pages"}],"about":[{"href":"https:\/\/www.electroluxprofessional.com\/dk\/wp-json\/wp\/v2\/types\/page"}],"author":[{"embeddable":true,"href":"https:\/\/www.electroluxprofessional.com\/dk\/wp-json\/wp\/v2\/users\/5"}],"replies":[{"embeddable":true,"href":"https:\/\/www.electroluxprofessional.com\/dk\/wp-json\/wp\/v2\/comments?post=1272"}],"version-history":[{"count":8,"href":"https:\/\/www.electroluxprofessional.com\/dk\/wp-json\/wp\/v2\/pages\/1272\/revisions"}],"predecessor-version":[{"id":24141,"href":"https:\/\/www.electroluxprofessional.com\/dk\/wp-json\/wp\/v2\/pages\/1272\/revisions\/24141"}],"wp:attachment":[{"href":"https:\/\/www.electroluxprofessional.com\/dk\/wp-json\/wp\/v2\/media?parent=1272"}],"curies":[{"name":"wp","href":"https:\/\/api.w.org\/{rel}","templated":true}]}}