{"id":12203,"date":"2021-04-25T11:52:01","date_gmt":"2021-04-25T11:52:01","guid":{"rendered":"https:\/\/www.electroluxprofessional.com\/dk\/?page_id=12203"},"modified":"2021-04-26T09:14:22","modified_gmt":"2021-04-26T09:14:22","slug":"ajour-paa-vaskerifronten","status":"publish","type":"page","link":"https:\/\/www.electroluxprofessional.com\/dk\/ajour-paa-vaskerifronten\/","title":{"rendered":"Ajour p\u00e5 vaskerifronten"},"content":{"rendered":"<p>[vc_row matched_labels=&#8221;&#8221; css=&#8221;.vc_custom_1619428335510{padding-top: 20px !important;padding-right: 10px !important;padding-bottom: 40px !important;padding-left: 10px !important;background-color: #dadfe1 !important;}&#8221;][vc_column reveal_effect=&#8221;&#8221;][elx_heading font_container=&#8221;h1&#8243; font_size=&#8221;h1&#8243; text_color=&#8221;electrolux-blue&#8221;]Hold dig ajour og find den vaskeril\u00f8sning, der passer til din branche<br \/>\n[\/elx_heading][\/vc_column][\/vc_row][vc_row][vc_column reveal_effect=&#8221;&#8221; offset=&#8221;vc_hidden-xs&#8221;][vc_empty_space height=&#8221;42px&#8221;][\/vc_column][\/vc_row][vc_row css=&#8221;.vc_custom_1586853394788{margin-top: 64px !important;}&#8221;][vc_column reveal_effect=&#8221;&#8221; width=&#8221;5\/12&#8243; css=&#8221;.vc_custom_1586853468720{border-top-width: 1px !important;border-right-width: 1px !important;border-bottom-width: 1px !important;border-left-width: 1px !important;padding-top: 50px !important;padding-right: 20px !important;padding-bottom: 30px !important;padding-left: 20px !important;border-left-color: #cea941 !important;border-left-style: solid !important;border-right-color: #cea941 !important;border-right-style: solid !important;border-top-color: #cea941 !important;border-top-style: solid !important;border-bottom-color: #cea941 !important;border-bottom-style: solid !important;}&#8221;][vc_empty_space height=&#8221;20px&#8221;][vc_column_text css_animation=&#8221;none&#8221; el_class=&#8221;p-16&#8243; css=&#8221;.vc_custom_1553599345508{margin-bottom: 0px !important;padding-right: 10px !important;padding-left: 20px !important;}&#8221;]<\/p>\n<h6>F\u00e5 e-mails med nyheder, tilbud, konkurrencer, tips og gode r\u00e5d om professionelle vaskeril\u00f8sninger fra Electrolux Professional.<\/h6>\n<p>[\/vc_column_text][vc_empty_space height=&#8221;30px&#8221;][elx_o2000_mailchimp_form language=&#8221;dk&#8221; listid=&#8221;eed2270662&#8243;][\/vc_column][vc_column width=&#8221;1\/12&#8243;][vc_empty_space height=&#8221;55px&#8221;][\/vc_column][vc_column width=&#8221;4\/12&#8243;][vc_column_text]<a class=\"button-mini\" style=\"text-decoration: none;\" href=\"https:\/\/www.electroluxprofessional.com\/dk\/faellesvaskeri\/\">Boligforening<\/a>[\/vc_column_text][vc_column_text]<a class=\"button-mini\" style=\"text-decoration: none;\" href=\"https:\/\/www.electroluxprofessional.com\/dk\/hotel-restaurant\/\">Horeca<\/a>[\/vc_column_text][vc_column_text]<a class=\"button-mini\" style=\"text-decoration: none;\" href=\"https:\/\/www.electroluxprofessional.com\/dk\/moppevask\/\">Reng\u00f8ringsfirma<\/a>[\/vc_column_text][vc_column_text]<a class=\"button-mini\" style=\"text-decoration: none;\" href=\"https:\/\/www.electroluxprofessional.com\/dk\/brand-redning\/\">Brand\/redning<\/a>[\/vc_column_text][vc_column_text]<a class=\"button-mini\" style=\"text-decoration: none;\" href=\"https:\/\/www.electroluxprofessional.com\/dk\/klinik\/\">Klinik<\/a>[\/vc_column_text][vc_column_text]<a class=\"button-mini\" style=\"text-decoration: none;\" href=\"https:\/\/www.electroluxprofessional.com\/dk\/vask-af-arbejdstoej\/\">Virksomhed<\/a>[\/vc_column_text][vc_column_text]<a class=\"button-mini\" style=\"text-decoration: none;\" href=\"https:\/\/www.electroluxprofessional.com\/dk\/camping-marina\/\">Campingplads\/marina<\/a>[\/vc_column_text][vc_column_text]<a class=\"button-mini\" style=\"text-decoration: none;\" href=\"https:\/\/www.electroluxprofessional.com\/dk\/plejesektor\/\">Plejesektor<\/a>[\/vc_column_text][vc_column_text el_class=&#8221;p-16&#8243;]Har du sp\u00f8rgsm\u00e5l \u2013 eller vil du have et tilbud \u2013 s\u00e5 ring til os p\u00e5 tlf. <strong>63 76 22 20<\/strong> eller <a href=\"https:\/\/www.electroluxprofessional.com\/dk\/kontakt\/\">klik her.<\/a>[\/vc_column_text][\/vc_column][vc_column width=&#8221;2\/12&#8243;][vc_empty_space][\/vc_column][\/vc_row][vc_row][vc_column reveal_effect=&#8221;&#8221; width=&#8221;1\/4&#8243;][\/vc_column][vc_column reveal_effect=&#8221;&#8221; width=&#8221;1\/4&#8243;][\/vc_column][vc_column reveal_effect=&#8221;&#8221; width=&#8221;1\/4&#8243;][\/vc_column][vc_column reveal_effect=&#8221;&#8221; width=&#8221;1\/4&#8243;][\/vc_column][\/vc_row]<\/p>\n","protected":false},"excerpt":{"rendered":"<p>[vc_row matched_labels=&#8221;&#8221; css=&#8221;.vc_custom_1619428335510{padding-top: 20px !important;padding-right: 10px !important;padding-bottom: 40px !important;padding-left: 10px !important;background-color: #dadfe1 !important;}&#8221;][vc_column reveal_effect=&#8221;&#8221;][elx_heading font_container=&#8221;h1&#8243; font_size=&#8221;h1&#8243; text_color=&#8221;electrolux-blue&#8221;]Hold dig ajour og find den vaskeril\u00f8sning, der passer til din branche [\/elx_heading][\/vc_column][\/vc_row][vc_row][vc_column reveal_effect=&#8221;&#8221; offset=&#8221;vc_hidden-xs&#8221;][vc_empty_space height=&#8221;42px&#8221;][\/vc_column][\/vc_row][vc_row css=&#8221;.vc_custom_1586853394788{margin-top: 64px !important;}&#8221;][vc_column reveal_effect=&#8221;&#8221; width=&#8221;5\/12&#8243; css=&#8221;.vc_custom_1586853468720{border-top-width: 1px !important;border-right-width: 1px !important;border-bottom-width: 1px !important;border-left-width: 1px !important;padding-top: 50px !important;padding-right: 20px !important;padding-bottom: 30px !important;padding-left: 20px !important;border-left-color: #cea941 [&hellip;]<\/p>\n","protected":false},"author":64,"featured_media":0,"parent":0,"menu_order":0,"comment_status":"closed","ping_status":"closed","template":"","meta":{"footnotes":""},"class_list":["post-12203","page","type-page","status-publish","hentry"],"acf":[],"yoast_head":"<!-- This site is optimized with the Yoast SEO plugin v23.3 - https:\/\/yoast.com\/wordpress\/plugins\/seo\/ -->\n<title>Hold dig ajour p\u00e5 vaskerifronten \u2013 med Electrolux Professional<\/title>\n<meta name=\"description\" content=\"F\u00e5 e-mails med nyheder, tilbud, konkurrencer, tips og gode r\u00e5d om professionelle vaskeril\u00f8sninger fra Electrolux Professional. S\u00e5 er du ajour p\u00e5 vaskerifronten!\" \/>\n<meta name=\"robots\" content=\"index, follow, max-snippet:-1, max-image-preview:large, max-video-preview:-1\" \/>\n<link rel=\"canonical\" href=\"https:\/\/www.electroluxprofessional.com\/dk\/ajour-paa-vaskerifronten\/\" \/>\n<meta property=\"og:locale\" content=\"da_DK\" \/>\n<meta property=\"og:type\" content=\"article\" \/>\n<meta property=\"og:title\" content=\"Hold dig ajour p\u00e5 vaskerifronten \u2013 med Electrolux Professional\" \/>\n<meta property=\"og:description\" content=\"F\u00e5 e-mails med nyheder, tilbud, konkurrencer, tips og gode r\u00e5d om professionelle vaskeril\u00f8sninger fra Electrolux Professional. S\u00e5 er du ajour p\u00e5 vaskerifronten!\" \/>\n<meta property=\"og:url\" content=\"https:\/\/www.electroluxprofessional.com\/dk\/ajour-paa-vaskerifronten\/\" \/>\n<meta property=\"og:site_name\" content=\"Electrolux Professional Danmark\" \/>\n<meta property=\"article:modified_time\" content=\"2021-04-26T09:14:22+00:00\" \/>\n<meta name=\"twitter:card\" content=\"summary_large_image\" \/>\n<meta name=\"twitter:label1\" content=\"Estimeret l\u00e6setid\" \/>\n\t<meta name=\"twitter:data1\" content=\"2 minutter\" \/>\n<script type=\"application\/ld+json\" class=\"yoast-schema-graph\">{\"@context\":\"https:\/\/schema.org\",\"@graph\":[{\"@type\":\"WebPage\",\"@id\":\"https:\/\/www.electroluxprofessional.com\/dk\/ajour-paa-vaskerifronten\/\",\"url\":\"https:\/\/www.electroluxprofessional.com\/dk\/ajour-paa-vaskerifronten\/\",\"name\":\"Hold dig ajour p\u00e5 vaskerifronten \u2013 med Electrolux Professional\",\"isPartOf\":{\"@id\":\"https:\/\/www.electroluxprofessional.com\/dk\/#website\"},\"datePublished\":\"2021-04-25T11:52:01+00:00\",\"dateModified\":\"2021-04-26T09:14:22+00:00\",\"description\":\"F\u00e5 e-mails med nyheder, tilbud, konkurrencer, tips og gode r\u00e5d om professionelle vaskeril\u00f8sninger fra Electrolux Professional. S\u00e5 er du ajour p\u00e5 vaskerifronten!\",\"breadcrumb\":{\"@id\":\"https:\/\/www.electroluxprofessional.com\/dk\/ajour-paa-vaskerifronten\/#breadcrumb\"},\"inLanguage\":\"da-DK\",\"potentialAction\":[{\"@type\":\"ReadAction\",\"target\":[\"https:\/\/www.electroluxprofessional.com\/dk\/ajour-paa-vaskerifronten\/\"]}]},{\"@type\":\"BreadcrumbList\",\"@id\":\"https:\/\/www.electroluxprofessional.com\/dk\/ajour-paa-vaskerifronten\/#breadcrumb\",\"itemListElement\":[{\"@type\":\"ListItem\",\"position\":1,\"name\":\"Home\",\"item\":\"https:\/\/www.electroluxprofessional.com\/dk\/\"},{\"@type\":\"ListItem\",\"position\":2,\"name\":\"Ajour p\u00e5 vaskerifronten\"}]},{\"@type\":\"WebSite\",\"@id\":\"https:\/\/www.electroluxprofessional.com\/dk\/#website\",\"url\":\"https:\/\/www.electroluxprofessional.com\/dk\/\",\"name\":\"Electrolux Professional Danmark\",\"description\":\"\",\"potentialAction\":[{\"@type\":\"SearchAction\",\"target\":{\"@type\":\"EntryPoint\",\"urlTemplate\":\"https:\/\/www.electroluxprofessional.com\/dk\/?src={search_term_string}\"},\"query-input\":\"required name=search_term_string\"}],\"inLanguage\":\"da-DK\"}]}<\/script>\n<!-- \/ Yoast SEO plugin. -->","yoast_head_json":{"title":"Hold dig ajour p\u00e5 vaskerifronten \u2013 med Electrolux Professional","description":"F\u00e5 e-mails med nyheder, tilbud, konkurrencer, tips og gode r\u00e5d om professionelle vaskeril\u00f8sninger fra Electrolux Professional. S\u00e5 er du ajour p\u00e5 vaskerifronten!","robots":{"index":"index","follow":"follow","max-snippet":"max-snippet:-1","max-image-preview":"max-image-preview:large","max-video-preview":"max-video-preview:-1"},"canonical":"https:\/\/www.electroluxprofessional.com\/dk\/ajour-paa-vaskerifronten\/","og_locale":"da_DK","og_type":"article","og_title":"Hold dig ajour p\u00e5 vaskerifronten \u2013 med Electrolux Professional","og_description":"F\u00e5 e-mails med nyheder, tilbud, konkurrencer, tips og gode r\u00e5d om professionelle vaskeril\u00f8sninger fra Electrolux Professional. S\u00e5 er du ajour p\u00e5 vaskerifronten!","og_url":"https:\/\/www.electroluxprofessional.com\/dk\/ajour-paa-vaskerifronten\/","og_site_name":"Electrolux Professional Danmark","article_modified_time":"2021-04-26T09:14:22+00:00","twitter_card":"summary_large_image","twitter_misc":{"Estimeret l\u00e6setid":"2 minutter"},"schema":{"@context":"https:\/\/schema.org","@graph":[{"@type":"WebPage","@id":"https:\/\/www.electroluxprofessional.com\/dk\/ajour-paa-vaskerifronten\/","url":"https:\/\/www.electroluxprofessional.com\/dk\/ajour-paa-vaskerifronten\/","name":"Hold dig ajour p\u00e5 vaskerifronten \u2013 med Electrolux Professional","isPartOf":{"@id":"https:\/\/www.electroluxprofessional.com\/dk\/#website"},"datePublished":"2021-04-25T11:52:01+00:00","dateModified":"2021-04-26T09:14:22+00:00","description":"F\u00e5 e-mails med nyheder, tilbud, konkurrencer, tips og gode r\u00e5d om professionelle vaskeril\u00f8sninger fra Electrolux Professional. S\u00e5 er du ajour p\u00e5 vaskerifronten!","breadcrumb":{"@id":"https:\/\/www.electroluxprofessional.com\/dk\/ajour-paa-vaskerifronten\/#breadcrumb"},"inLanguage":"da-DK","potentialAction":[{"@type":"ReadAction","target":["https:\/\/www.electroluxprofessional.com\/dk\/ajour-paa-vaskerifronten\/"]}]},{"@type":"BreadcrumbList","@id":"https:\/\/www.electroluxprofessional.com\/dk\/ajour-paa-vaskerifronten\/#breadcrumb","itemListElement":[{"@type":"ListItem","position":1,"name":"Home","item":"https:\/\/www.electroluxprofessional.com\/dk\/"},{"@type":"ListItem","position":2,"name":"Ajour p\u00e5 vaskerifronten"}]},{"@type":"WebSite","@id":"https:\/\/www.electroluxprofessional.com\/dk\/#website","url":"https:\/\/www.electroluxprofessional.com\/dk\/","name":"Electrolux Professional Danmark","description":"","potentialAction":[{"@type":"SearchAction","target":{"@type":"EntryPoint","urlTemplate":"https:\/\/www.electroluxprofessional.com\/dk\/?src={search_term_string}"},"query-input":"required name=search_term_string"}],"inLanguage":"da-DK"}]}},"_links":{"self":[{"href":"https:\/\/www.electroluxprofessional.com\/dk\/wp-json\/wp\/v2\/pages\/12203"}],"collection":[{"href":"https:\/\/www.electroluxprofessional.com\/dk\/wp-json\/wp\/v2\/pages"}],"about":[{"href":"https:\/\/www.electroluxprofessional.com\/dk\/wp-json\/wp\/v2\/types\/page"}],"author":[{"embeddable":true,"href":"https:\/\/www.electroluxprofessional.com\/dk\/wp-json\/wp\/v2\/users\/64"}],"replies":[{"embeddable":true,"href":"https:\/\/www.electroluxprofessional.com\/dk\/wp-json\/wp\/v2\/comments?post=12203"}],"version-history":[{"count":55,"href":"https:\/\/www.electroluxprofessional.com\/dk\/wp-json\/wp\/v2\/pages\/12203\/revisions"}],"predecessor-version":[{"id":19945,"href":"https:\/\/www.electroluxprofessional.com\/dk\/wp-json\/wp\/v2\/pages\/12203\/revisions\/19945"}],"wp:attachment":[{"href":"https:\/\/www.electroluxprofessional.com\/dk\/wp-json\/wp\/v2\/media?parent=12203"}],"curies":[{"name":"wp","href":"https:\/\/api.w.org\/{rel}","templated":true}]}}