{"id":12028,"date":"2025-09-09T08:09:12","date_gmt":"2025-09-09T08:09:12","guid":{"rendered":"https:\/\/www.electroluxprofessional.com\/dk\/?page_id=12028"},"modified":"2025-09-10T10:55:54","modified_gmt":"2025-09-10T10:55:54","slug":"brugt-industrivaskemaskine","status":"publish","type":"page","link":"https:\/\/www.electroluxprofessional.com\/dk\/brugt-industrivaskemaskine\/","title":{"rendered":"Brugt industrivaskemaskine"},"content":{"rendered":"<p>[vc_row css=&#8221;.vc_custom_1619531210777{padding-top: 40px !important;padding-bottom: 40px !important;background-color: #dadfe1 !important;}&#8221;][vc_column reveal_effect=&#8221;&#8221;][elx_heading font_container=&#8221;h1&#8243; font_size=&#8221;h1&#8243; text_color=&#8221;electrolux-blue&#8221;]Hvorfor k\u00f8be en brugt industrivaskemaskine,<br \/>\nn\u00e5r du kan f\u00e5 en ny med 2 \u00e5rs garanti![\/elx_heading][\/vc_column][\/vc_row][vc_row css=&#8221;.vc_custom_1619531170535{margin-top: 60px !important;}&#8221;][vc_column reveal_effect=&#8221;&#8221; offset=&#8221;vc_hidden-xs&#8221;][vc_column_text el_class=&#8221;p-16&#8243; css=&#8221;.vc_custom_1643707070638{padding-right: 22px !important;}&#8221;]<\/p>\n<h6>En ny Electrolux Professional myPRO er et godt alternativ til en brugt industrivaskemaskine.<\/h6>\n<p>myPRO er Electrolux Professionals serie af smarte professionelle vaskemaskiner og t\u00f8rretumblere til virksomheder og foreninger, der ikke beh\u00f8ver de store, dyre vaskeril\u00f8sninger. myPRO egner sig perfekt til dig, der har brug for at vaske 1-3 gange dagligt.[\/vc_column_text][\/vc_column][\/vc_row][vc_row css=&#8221;.vc_custom_1643724974197{margin-top: 40px !important;}&#8221;][vc_column reveal_effect=&#8221;&#8221; width=&#8221;6\/12&#8243; offset=&#8221;vc_hidden-xs&#8221;][vc_empty_space height=&#8221;30px&#8221;][elx_button button_text=&#8221;FIND EN MYPRO MED VASKEPROGRAMMER TIL DIN BRANCHE&#8221; button_style=&#8221;default&#8221; button_display_block=&#8221;display_block_on&#8221; button_link=&#8221;url:https%3A%2F%2Fwww.electroluxprofessional.com%2Fdk%2Fmypro-vaskemaskine%2F|title:myPRO%20vaskemaskine|target:%20_blank|&#8221; css=&#8221;.vc_custom_1643723087361{padding-right: 10px !important;padding-left: 10px !important;}&#8221;][vc_empty_space height=&#8221;30px&#8221;][vc_column_text el_class=&#8221;p-16&#8243;]<\/p>\n<h6 style=\"letter-spacing: 0.001em;\">Dine fordele ved at v\u00e6lge NY myPRO industrivaskemaskine:<\/h6>\n<p>\u25aa 8 kilos maskine med professionelle komponenter<br \/>\n\u25aa 2 \u00e5rs garanti<br \/>\n\u25aa Hurtig vask: Op til 50% hurtigere end husholdningsmaskiner<br \/>\n\u25aa Energivenlig: A+++<br \/>\n\u25aa Nem installation: Tilsluttes almindelig stikkontakt[\/vc_column_text][vc_empty_space height=&#8221;40px&#8221;][vc_row_inner full_width=&#8221;electroluxpro-container-no-padding&#8221; css=&#8221;.vc_custom_1643722027722{padding-right: 60px !important;}&#8221;][vc_column_inner][elx_button button_text=&#8221;SE ENDNU FLERE FORDELE FOR DIG&#8221; button_display_block=&#8221;display_block_on&#8221; button_link=&#8221;url:https%3A%2F%2Fwww.electroluxprofessional.com%2Fdk%2Fmypro-vaskemaskine%2F|title:myPRO%20vaskemaskine|target:%20_blank|&#8221;][\/vc_column_inner][\/vc_row_inner][vc_empty_space height=&#8221;40px&#8221;][vc_column_text el_class=&#8221;p-16&#8243;]K\u00f8rer jeres vaskemaskiner mere 3 gange dagligt, betaler det sig at v\u00e6lge Electrolux Professionals topprofessionelle vaskemaskiner i Line 6000 serien. Du kan f\u00e5 dem i en lille smart 6 kilos model og op til en stor maskine, der vasker 33 kg t\u00f8j ad gangen.[\/vc_column_text][vc_empty_space height=&#8221;22px&#8221;][elx_button button_text=&#8221;Se Line 6000 maskiner&#8221; button_style=&#8221;icon&#8221; button_link=&#8221;url:https%3A%2F%2Fwww.electroluxprofessional.com%2Fdk%2Fline-6000-vaskeri-der-virker%2F|title:Line%206000&#8243;][\/vc_column][vc_column reveal_effect=&#8221;&#8221; width=&#8221;1\/12&#8243; offset=&#8221;vc_hidden-xs&#8221;][vc_empty_space][\/vc_column][vc_column width=&#8221;5\/12&#8243; offset=&#8221;vc_hidden-xs&#8221;][vc_single_image image=&#8221;6574&#8243; img_size=&#8221;410&#215;598&#8243; alignment=&#8221;center&#8221;][\/vc_column][\/vc_row][vc_row][vc_column reveal_effect=&#8221;&#8221; offset=&#8221;vc_hidden-lg vc_hidden-md vc_hidden-sm&#8221; css=&#8221;.vc_custom_1552690760425{margin-top: -32px !important;}&#8221;][vc_column_text el_class=&#8221;p-16&#8243; css=&#8221;.vc_custom_1561462895438{padding-right: 22px !important;}&#8221;]<\/p>\n<h6>En ny Electrolux myPRO er et godt alternativ til en brugt industrivaskemaskine.<\/h6>\n<p>myPRO er Electrolux Professionals serie af smarte professionelle vaskemaskiner og t\u00f8rretumblere til virksomheder og foreninger, der ikke beh\u00f8ver de store, dyre vaskeril\u00f8sninger. myPRO egner sig perfekt til dig, der har brug for at vaske 1-3 gange dagligt.[\/vc_column_text][vc_empty_space height=&#8221;30px&#8221;][elx_button button_text=&#8221;FIND EN MYPRO MED VASKEPROGRAMMER TIL DIN BRANCHE&#8221; button_style=&#8221;default&#8221; button_display_block=&#8221;display_block_on&#8221; button_link=&#8221;url:https%3A%2F%2Fwww.electroluxprofessional.com%2Fdk%2Fmypro-vaskemaskine%2F|title:myPRO%20vaskemaskine|target:%20_blank|&#8221;][vc_empty_space height=&#8221;30px&#8221;][vc_single_image image=&#8221;6574&#8243; img_size=&#8221;250&#215;365&#8243; alignment=&#8221;center&#8221;][vc_empty_space][vc_column_text el_class=&#8221;p-16&#8243;]<\/p>\n<h6 style=\"letter-spacing: 0.001em;\">Dine fordele ved at v\u00e6lge NY myPRO industrivaskemaskine:<\/h6>\n<p>\u25aa 8 kilos maskine med professionelle komponenter<br \/>\n\u25aa 2 \u00e5rs garanti<br \/>\n\u25aa Hurtig vask: Op til 50% hurtigere end husholdningsmaskiner<br \/>\n\u25aa Energivenlig: A+++<br \/>\n\u25aa Nem installation: Tilsluttes almindelig stikkontakt[\/vc_column_text][vc_empty_space height=&#8221;30px&#8221;][elx_button button_text=&#8221;SE ENDNU FLERE FORDELE FOR DIG&#8221; button_display_block=&#8221;display_block_on&#8221; button_link=&#8221;url:https%3A%2F%2Fwww.electroluxprofessional.com%2Fdk%2Fmypro-vaskemaskine%2F|title:myPRO%20vaskemaskine|target:%20_blank|&#8221;][vc_empty_space height=&#8221;60px&#8221;][\/vc_column][\/vc_row][vc_row][vc_column reveal_effect=&#8221;&#8221; css=&#8221;.vc_custom_1643724782978{margin-top: 50px !important;border-top-width: 1px !important;border-top-color: #dadfe1 !important;border-top-style: solid !important;}&#8221;][vc_empty_space][\/vc_column][\/vc_row][vc_row css=&#8221;.vc_custom_1577695844752{margin-top: 30px !important;}&#8221;][vc_column reveal_effect=&#8221;&#8221; width=&#8221;1\/3&#8243; css=&#8221;.vc_custom_1594216600694{padding-bottom: 60px !important;}&#8221;][vc_empty_space height=&#8221;12px&#8221;][elx_button button_text=&#8221;hvorn\u00e5r betaler det sig at reparere en gammel maskine?&#8221; button_style=&#8221;default&#8221; button_display_block=&#8221;display_block_on&#8221; button_alignment=&#8221;align_center&#8221; button_link=&#8221;url:https%3A%2F%2Fwww.electroluxprofessional.com%2Fdk%2Fdriftsbesparelser%2Freparere-gamle-maskiner%2F|title:Hvorfor%20betaler%20det%20sig%20IKKE%20at%20reparere%20gamle%20vaskerimaskiner%3F|target:%20_blank|&#8221;][vc_single_image image=&#8221;23228&#8243; img_size=&#8221;full&#8221; css=&#8221;.vc_custom_1643717721122{margin-top: 30px !important;}&#8221;][vc_column_text el_class=&#8221;p-16&#8243; css=&#8221;.vc_custom_1643718145460{margin-top: 20px !important;}&#8221;]H\u00f8r servicetekniker Jens Andreasen forklare, hvorn\u00e5r han anbefaler kunderne at sige farvel til vaskeriets gamle maskiner.[\/vc_column_text][\/vc_column][vc_column reveal_effect=&#8221;&#8221; width=&#8221;1\/3&#8243; css=&#8221;.vc_custom_1594216607986{padding-bottom: 60px !important;}&#8221;][vc_column_text css=&#8221;.vc_custom_1584444001456{margin-right: 10px !important;margin-bottom: 10px !important;margin-left: 10px !important;}&#8221;]<\/p>\n<h4 class=\"widget-title\">Hold dig ajour p\u00e5 vaskerifronten<\/h4>\n<p>[\/vc_column_text][vc_column_text css_animation=&#8221;none&#8221; el_class=&#8221;p-16&#8243; css=&#8221;.vc_custom_1584444170174{margin-right: 10px !important;margin-bottom: 10px !important;margin-left: 10px !important;}&#8221;]F\u00e5 e-mails med nyheder, tilbud, konkurrencer, tips og gode r\u00e5d om professionelle vaskeril\u00f8sninger fra Electrolux Professional.[\/vc_column_text][elx_o2000_mailchimp_form language=&#8221;dk&#8221; listid=&#8221;eed2270662&#8243;][\/vc_column][vc_column reveal_effect=&#8221;&#8221; width=&#8221;1\/3&#8243; css=&#8221;.vc_custom_1594216614441{padding-bottom: 60px !important;}&#8221;][vc_empty_space height=&#8221;12px&#8221;][elx_button button_text=&#8221;Bookingsystem til ejer- og andelsforeninger&#8221; button_style=&#8221;default&#8221; button_display_block=&#8221;display_block_on&#8221; button_alignment=&#8221;align_center&#8221; button_link=&#8221;url:https%3A%2F%2Fwww.electroluxprofessional.com%2Fdk%2Fdet-lille-faellesvaskeri%2F|title:betaling%20og%20reservationssystemer|target:%20_blank|&#8221;][vc_single_image image=&#8221;23229&#8243; img_size=&#8221;full&#8221; css=&#8221;.vc_custom_1643718089293{margin-top: 30px !important;}&#8221;][\/vc_column][\/vc_row]<\/p>\n","protected":false},"excerpt":{"rendered":"<p>[vc_row css=&#8221;.vc_custom_1619531210777{padding-top: 40px !important;padding-bottom: 40px !important;background-color: #dadfe1 !important;}&#8221;][vc_column reveal_effect=&#8221;&#8221;][elx_heading font_container=&#8221;h1&#8243; font_size=&#8221;h1&#8243; text_color=&#8221;electrolux-blue&#8221;]Hvorfor k\u00f8be en brugt industrivaskemaskine, n\u00e5r du kan f\u00e5 en ny med 2 \u00e5rs garanti![\/elx_heading][\/vc_column][\/vc_row][vc_row css=&#8221;.vc_custom_1619531170535{margin-top: 60px !important;}&#8221;][vc_column reveal_effect=&#8221;&#8221; offset=&#8221;vc_hidden-xs&#8221;][vc_column_text el_class=&#8221;p-16&#8243; css=&#8221;.vc_custom_1643707070638{padding-right: 22px !important;}&#8221;] En ny Electrolux Professional myPRO er et godt alternativ til en brugt industrivaskemaskine. myPRO er Electrolux Professionals serie af smarte [&hellip;]<\/p>\n","protected":false},"author":64,"featured_media":0,"parent":0,"menu_order":0,"comment_status":"closed","ping_status":"closed","template":"","meta":{"footnotes":""},"class_list":["post-12028","page","type-page","status-publish","hentry"],"acf":[],"yoast_head":"<!-- This site is optimized with the Yoast SEO plugin v23.3 - https:\/\/yoast.com\/wordpress\/plugins\/seo\/ -->\n<title>Brugt industrivaskemaskine? Du kan f\u00e5 en ny med 2 \u00e5rs garanti!<\/title>\n<meta name=\"description\" content=\"Hvorfor k\u00f8be en brugt industrivaskemaskine, n\u00e5r du kan f\u00e5 en ny fra Electrolux Professional med 2 \u00e5rs garanti. Du sparer tid og undg\u00e5r besv\u00e6r. Se udvalget her\" \/>\n<meta name=\"robots\" content=\"index, follow, max-snippet:-1, max-image-preview:large, max-video-preview:-1\" \/>\n<link rel=\"canonical\" href=\"https:\/\/www.electroluxprofessional.com\/dk\/brugt-industrivaskemaskine\/\" \/>\n<meta property=\"og:locale\" content=\"da_DK\" \/>\n<meta property=\"og:type\" content=\"article\" \/>\n<meta property=\"og:title\" content=\"Brugt industrivaskemaskine? Du kan f\u00e5 en ny med 2 \u00e5rs garanti!\" \/>\n<meta property=\"og:description\" content=\"Hvorfor k\u00f8be en brugt industrivaskemaskine, n\u00e5r du kan f\u00e5 en ny fra Electrolux Professional med 2 \u00e5rs garanti. Du sparer tid og undg\u00e5r besv\u00e6r. Se udvalget her\" \/>\n<meta property=\"og:url\" content=\"https:\/\/www.electroluxprofessional.com\/dk\/brugt-industrivaskemaskine\/\" \/>\n<meta property=\"og:site_name\" content=\"Electrolux Professional Danmark\" \/>\n<meta property=\"article:modified_time\" content=\"2025-09-10T10:55:54+00:00\" \/>\n<meta name=\"twitter:card\" content=\"summary_large_image\" \/>\n<meta name=\"twitter:label1\" content=\"Estimeret l\u00e6setid\" \/>\n\t<meta name=\"twitter:data1\" content=\"4 minutter\" \/>\n<script type=\"application\/ld+json\" class=\"yoast-schema-graph\">{\"@context\":\"https:\/\/schema.org\",\"@graph\":[{\"@type\":\"WebPage\",\"@id\":\"https:\/\/www.electroluxprofessional.com\/dk\/brugt-industrivaskemaskine\/\",\"url\":\"https:\/\/www.electroluxprofessional.com\/dk\/brugt-industrivaskemaskine\/\",\"name\":\"Brugt industrivaskemaskine? Du kan f\u00e5 en ny med 2 \u00e5rs garanti!\",\"isPartOf\":{\"@id\":\"https:\/\/www.electroluxprofessional.com\/dk\/#website\"},\"datePublished\":\"2025-09-09T08:09:12+00:00\",\"dateModified\":\"2025-09-10T10:55:54+00:00\",\"description\":\"Hvorfor k\u00f8be en brugt industrivaskemaskine, n\u00e5r du kan f\u00e5 en ny fra Electrolux Professional med 2 \u00e5rs garanti. Du sparer tid og undg\u00e5r besv\u00e6r. Se udvalget her\",\"breadcrumb\":{\"@id\":\"https:\/\/www.electroluxprofessional.com\/dk\/brugt-industrivaskemaskine\/#breadcrumb\"},\"inLanguage\":\"da-DK\",\"potentialAction\":[{\"@type\":\"ReadAction\",\"target\":[\"https:\/\/www.electroluxprofessional.com\/dk\/brugt-industrivaskemaskine\/\"]}]},{\"@type\":\"BreadcrumbList\",\"@id\":\"https:\/\/www.electroluxprofessional.com\/dk\/brugt-industrivaskemaskine\/#breadcrumb\",\"itemListElement\":[{\"@type\":\"ListItem\",\"position\":1,\"name\":\"Home\",\"item\":\"https:\/\/www.electroluxprofessional.com\/dk\/\"},{\"@type\":\"ListItem\",\"position\":2,\"name\":\"Brugt industrivaskemaskine\"}]},{\"@type\":\"WebSite\",\"@id\":\"https:\/\/www.electroluxprofessional.com\/dk\/#website\",\"url\":\"https:\/\/www.electroluxprofessional.com\/dk\/\",\"name\":\"Electrolux Professional Danmark\",\"description\":\"\",\"potentialAction\":[{\"@type\":\"SearchAction\",\"target\":{\"@type\":\"EntryPoint\",\"urlTemplate\":\"https:\/\/www.electroluxprofessional.com\/dk\/?src={search_term_string}\"},\"query-input\":\"required name=search_term_string\"}],\"inLanguage\":\"da-DK\"}]}<\/script>\n<!-- \/ Yoast SEO plugin. -->","yoast_head_json":{"title":"Brugt industrivaskemaskine? Du kan f\u00e5 en ny med 2 \u00e5rs garanti!","description":"Hvorfor k\u00f8be en brugt industrivaskemaskine, n\u00e5r du kan f\u00e5 en ny fra Electrolux Professional med 2 \u00e5rs garanti. Du sparer tid og undg\u00e5r besv\u00e6r. Se udvalget her","robots":{"index":"index","follow":"follow","max-snippet":"max-snippet:-1","max-image-preview":"max-image-preview:large","max-video-preview":"max-video-preview:-1"},"canonical":"https:\/\/www.electroluxprofessional.com\/dk\/brugt-industrivaskemaskine\/","og_locale":"da_DK","og_type":"article","og_title":"Brugt industrivaskemaskine? Du kan f\u00e5 en ny med 2 \u00e5rs garanti!","og_description":"Hvorfor k\u00f8be en brugt industrivaskemaskine, n\u00e5r du kan f\u00e5 en ny fra Electrolux Professional med 2 \u00e5rs garanti. Du sparer tid og undg\u00e5r besv\u00e6r. Se udvalget her","og_url":"https:\/\/www.electroluxprofessional.com\/dk\/brugt-industrivaskemaskine\/","og_site_name":"Electrolux Professional Danmark","article_modified_time":"2025-09-10T10:55:54+00:00","twitter_card":"summary_large_image","twitter_misc":{"Estimeret l\u00e6setid":"4 minutter"},"schema":{"@context":"https:\/\/schema.org","@graph":[{"@type":"WebPage","@id":"https:\/\/www.electroluxprofessional.com\/dk\/brugt-industrivaskemaskine\/","url":"https:\/\/www.electroluxprofessional.com\/dk\/brugt-industrivaskemaskine\/","name":"Brugt industrivaskemaskine? Du kan f\u00e5 en ny med 2 \u00e5rs garanti!","isPartOf":{"@id":"https:\/\/www.electroluxprofessional.com\/dk\/#website"},"datePublished":"2025-09-09T08:09:12+00:00","dateModified":"2025-09-10T10:55:54+00:00","description":"Hvorfor k\u00f8be en brugt industrivaskemaskine, n\u00e5r du kan f\u00e5 en ny fra Electrolux Professional med 2 \u00e5rs garanti. Du sparer tid og undg\u00e5r besv\u00e6r. Se udvalget her","breadcrumb":{"@id":"https:\/\/www.electroluxprofessional.com\/dk\/brugt-industrivaskemaskine\/#breadcrumb"},"inLanguage":"da-DK","potentialAction":[{"@type":"ReadAction","target":["https:\/\/www.electroluxprofessional.com\/dk\/brugt-industrivaskemaskine\/"]}]},{"@type":"BreadcrumbList","@id":"https:\/\/www.electroluxprofessional.com\/dk\/brugt-industrivaskemaskine\/#breadcrumb","itemListElement":[{"@type":"ListItem","position":1,"name":"Home","item":"https:\/\/www.electroluxprofessional.com\/dk\/"},{"@type":"ListItem","position":2,"name":"Brugt industrivaskemaskine"}]},{"@type":"WebSite","@id":"https:\/\/www.electroluxprofessional.com\/dk\/#website","url":"https:\/\/www.electroluxprofessional.com\/dk\/","name":"Electrolux Professional Danmark","description":"","potentialAction":[{"@type":"SearchAction","target":{"@type":"EntryPoint","urlTemplate":"https:\/\/www.electroluxprofessional.com\/dk\/?src={search_term_string}"},"query-input":"required name=search_term_string"}],"inLanguage":"da-DK"}]}},"_links":{"self":[{"href":"https:\/\/www.electroluxprofessional.com\/dk\/wp-json\/wp\/v2\/pages\/12028"}],"collection":[{"href":"https:\/\/www.electroluxprofessional.com\/dk\/wp-json\/wp\/v2\/pages"}],"about":[{"href":"https:\/\/www.electroluxprofessional.com\/dk\/wp-json\/wp\/v2\/types\/page"}],"author":[{"embeddable":true,"href":"https:\/\/www.electroluxprofessional.com\/dk\/wp-json\/wp\/v2\/users\/64"}],"replies":[{"embeddable":true,"href":"https:\/\/www.electroluxprofessional.com\/dk\/wp-json\/wp\/v2\/comments?post=12028"}],"version-history":[{"count":61,"href":"https:\/\/www.electroluxprofessional.com\/dk\/wp-json\/wp\/v2\/pages\/12028\/revisions"}],"predecessor-version":[{"id":30430,"href":"https:\/\/www.electroluxprofessional.com\/dk\/wp-json\/wp\/v2\/pages\/12028\/revisions\/30430"}],"wp:attachment":[{"href":"https:\/\/www.electroluxprofessional.com\/dk\/wp-json\/wp\/v2\/media?parent=12028"}],"curies":[{"name":"wp","href":"https:\/\/api.w.org\/{rel}","templated":true}]}}