{"id":1195,"date":"2020-03-03T07:42:34","date_gmt":"2020-03-03T07:42:34","guid":{"rendered":"https:\/\/www.electroluxprofessional.com\/dk\/?page_id=1195"},"modified":"2020-03-12T14:39:19","modified_gmt":"2020-03-12T14:39:19","slug":"mobilt-koekken","status":"publish","type":"page","link":"https:\/\/www.electroluxprofessional.com\/dk\/mobilt-koekken\/","title":{"rendered":"Libero line \u2013 mobilt k\u00f8kken"},"content":{"rendered":"<p>[vc_row full_width=&#8221;electroluxpro-full-width-no-padding&#8221; equal_height=&#8221;yes&#8221;][vc_column reveal_effect=&#8221;&#8221; width=&#8221;2\/3&#8243; offset=&#8221;vc_hidden-xs&#8221;][elx_image_block background_image=&#8221;606&#8243; minimum_height=&#8221;400px&#8221;][\/vc_column][vc_column reveal_effect=&#8221;&#8221; width=&#8221;1\/3&#8243; offset=&#8221;vc_hidden-xs&#8221;][elx_image_block background_image=&#8221;607&#8243; minimum_height=&#8221;400px&#8221;][\/vc_column][\/vc_row][vc_row full_width=&#8221;electroluxpro-full-width-no-padding&#8221; equal_height=&#8221;yes&#8221;][vc_column reveal_effect=&#8221;&#8221; offset=&#8221;vc_hidden-lg vc_hidden-md vc_hidden-sm&#8221;][elx_image_block background_image=&#8221;606&#8243; minimum_height=&#8221;300px&#8221;][\/vc_column][\/vc_row][vc_row][vc_column][vc_empty_space height=&#8221;14px&#8221;][vc_row_inner][vc_column_inner offset=&#8221;vc_hidden-xs&#8221;][vc_empty_space height=&#8221;50px&#8221;][\/vc_column_inner][\/vc_row_inner][elx_heading font_container=&#8221;h1&#8243; font_size=&#8221;h1&#8243; text_color=&#8221;inherit&#8221;]Libero Line \u2013 serv\u00e9r dine menuer hvor som helst[\/elx_heading][vc_row_inner][vc_column_inner offset=&#8221;vc_hidden-xs&#8221;][vc_empty_space height=&#8221;50px&#8221;][\/vc_column_inner][\/vc_row_inner][\/vc_column][\/vc_row][vc_row][vc_column width=&#8221;1\/2&#8243;][vc_empty_space height=&#8221;22px&#8221;][elx_heading font_container=&#8221;h3&#8243; text_color=&#8221;inherit&#8221;]Tilberedning af mad foran dine kunder. Serv\u00e9r til hvem som helst, hvor som helst.[\/elx_heading][vc_empty_space height=&#8221;12px&#8221;][vc_column_text el_class=&#8221;p-16&#8243;]Tilbered hurtige take away retter til dine kunder. Fantastisk til alt fra simple sandwich til mere avancerede m\u00e5ltider.[\/vc_column_text][vc_empty_space][vc_column_text el_class=&#8221;p-16&#8243;]<strong>Libero Point<\/strong>\u00a0er et alsidigt og kompakt produkt ala et mobilt k\u00f8kken, der er designet til at placere elektriske produkter\u00a0i til tilberedning af mad. Det g\u00f8r det muligt for dig at servere friske og fikse retter til hvem som helst, hvor som helst og p\u00e5 rekordtid!![\/vc_column_text][vc_row_inner][vc_column_inner width=&#8221;2\/3&#8243;][vc_single_image image=&#8221;4546&#8243; img_size=&#8221;full&#8221; css=&#8221;.vc_custom_1582624453597{margin-top: 15px !important;}&#8221;][\/vc_column_inner][vc_column_inner width=&#8221;1\/3&#8243; offset=&#8221;vc_hidden-xs&#8221;][vc_empty_space height=&#8221;84px&#8221;][vc_column_text css=&#8221;.vc_custom_1582623283737{padding-top: 5px !important;padding-right: 15px !important;padding-bottom: 15px !important;padding-left: 15px !important;background-color: #cea941 !important;}&#8221;]<\/p>\n<h6><a style=\"color: #fff;\" href=\"https:\/\/www.electroluxprofessional.com\/dk\/mobilt-koekken\/#liberoprodukter\">SE ALLE LIBERO LINE MODULER \u203a<\/a><\/h6>\n<p>[\/vc_column_text][\/vc_column_inner][\/vc_row_inner][vc_row_inner][vc_column_inner offset=&#8221;vc_hidden-lg vc_hidden-md vc_hidden-sm&#8221;][vc_column_text css=&#8221;.vc_custom_1582623283737{padding-top: 5px !important;padding-right: 15px !important;padding-bottom: 15px !important;padding-left: 15px !important;background-color: #cea941 !important;}&#8221;]<\/p>\n<h6><a style=\"color: #fff;\" href=\"https:\/\/www.electroluxprofessional.com\/dk\/mobilt-koekken\/#liberoprodukter\">SE ALLE LIBERO LINE MODULER \u203a<\/a><\/h6>\n<p>[\/vc_column_text][vc_empty_space][\/vc_column_inner][\/vc_row_inner][\/vc_column][vc_column width=&#8221;1\/2&#8243;][vc_single_image image=&#8221;4540&#8243; img_size=&#8221;full&#8221;][\/vc_column][\/vc_row][vc_row css=&#8221;.vc_custom_1582622363191{margin-top: 64px !important;}&#8221;][vc_column width=&#8221;2\/3&#8243;][vc_row_inner][vc_column_inner width=&#8221;1\/2&#8243;][vc_single_image image=&#8221;4542&#8243; img_size=&#8221;360&#215;210&#8243; alignment=&#8221;center&#8221; css=&#8221;.vc_custom_1582624498815{margin-bottom: 32px !important;}&#8221;][elx_heading font_container=&#8221;h3&#8243; text_color=&#8221;inherit&#8221;]Libero Point<br \/>\n&#8211; product med k\u00f8l[\/elx_heading][vc_column_text el_class=&#8221;p-16&#8243;]Fuldt ud mobilt k\u00f8kken til tilberedning af mad foran dine kunder<\/p>\n<p>Kr\u00e6ver intet afl\u00f8b<\/p>\n<p>Kapacitet: 30 liter\u00a0i hver skuffe<\/p>\n<p>Mulighed for at v\u00e6lge neutrale skuffer[\/vc_column_text][vc_empty_space][\/vc_column_inner][vc_column_inner width=&#8221;1\/2&#8243;][vc_single_image image=&#8221;2249&#8243; img_size=&#8221;360&#215;210&#8243; alignment=&#8221;center&#8221; css=&#8221;.vc_custom_1582624570314{margin-bottom: 32px !important;}&#8221;][elx_heading font_container=&#8221;h3&#8243; text_color=&#8221;inherit&#8221;]Om produktet[\/elx_heading][vc_column_text el_class=&#8221;p-16&#8243;]Tilberd mad til dine kunder p\u00e5 rekordtid. G\u00e5 fra 20\u00b0C til 265\u00b0C p\u00e5 mindre end 15 minutter<\/p>\n<p>Den korrekte temperatur bibeholdes, s\u00e5 maden f\u00e5r en j\u00e6vn tilberedning<\/p>\n<p>Der medf\u00f8lger et specielt redskab til reng\u00f8ring, hvilket g\u00f8r det nemt at fjerne madrester fra overfladen af de elektriske produkter[\/vc_column_text][vc_empty_space][\/vc_column_inner][\/vc_row_inner][vc_row_inner][vc_column_inner offset=&#8221;vc_hidden-xs&#8221;][vc_empty_space height=&#8221;22px&#8221;][\/vc_column_inner][\/vc_row_inner][vc_row_inner][vc_column_inner width=&#8221;1\/2&#8243;][vc_single_image image=&#8221;4544&#8243; img_size=&#8221;360&#215;210&#8243; alignment=&#8221;center&#8221; css=&#8221;.vc_custom_1582624655107{margin-bottom: 32px !important;}&#8221;][elx_heading font_container=&#8221;h3&#8243; text_color=&#8221;inherit&#8221;]Induktionskogeplade[\/elx_heading][vc_column_text el_class=&#8221;p-16&#8243;]Reduc\u00e9r dit energiforbrug ved hj\u00e6lp af en induktionskogeplade<\/p>\n<p>Serv\u00e9r retter til dine kunder\u00a0i l\u00f8bet af nogle f\u00e5 minutter ved hj\u00e6lp af induktionens korte opvarmningstid<\/p>\n<p>Glatte overflader og runde hj\u00f8rner g\u00f8r reng\u00f8ringen nem og hurtig. Robust konstruktion\u00a0i rustfrit st\u00e5l, s\u00e5 du ikke skal bekymre dig om rust p\u00e5 dit produkt[\/vc_column_text][vc_empty_space][\/vc_column_inner][vc_column_inner width=&#8221;1\/2&#8243;][vc_single_image image=&#8221;4548&#8243; img_size=&#8221;360&#215;210&#8243; alignment=&#8221;center&#8221; css=&#8221;.vc_custom_1582624606439{margin-bottom: 32px !important;}&#8221;][elx_heading font_container=&#8221;h3&#8243; text_color=&#8221;inherit&#8221;]Induktionswok[\/elx_heading][vc_column_text el_class=&#8221;p-16&#8243;]F\u00e5 den bedst mulige energibesparelse med induktionswok, der kun varmer, n\u00e5r wokken er p\u00e5 blusset<\/p>\n<p>Intet varmetab til omr\u00e5det omkring wokken. Alt varmen overf\u00f8res til den magnetiske induktionswok[\/vc_column_text][vc_empty_space][\/vc_column_inner][\/vc_row_inner][\/vc_column][vc_column width=&#8221;1\/3&#8243;][vc_row_inner css=&#8221;.vc_custom_1582032136166{border-top-width: 1px !important;border-right-width: 1px !important;border-bottom-width: 1px !important;border-left-width: 1px !important;padding-top: 10px !important;padding-right: 10px !important;padding-bottom: 15px !important;padding-left: 10px !important;border-left-color: #dadfe1 !important;border-left-style: solid !important;border-right-color: #dadfe1 !important;border-right-style: solid !important;border-top-color: #dadfe1 !important;border-top-style: solid !important;border-bottom-color: #dadfe1 !important;border-bottom-style: solid !important;}&#8221;][vc_column_inner][vc_column_text css=&#8221;.vc_custom_1582622628056{margin-bottom: 22px !important;}&#8221;]<\/p>\n<h5 style=\"line-height: 1.2em;\">H\u00f8r mere om Libero Line eller f\u00e5 et tilbud<\/h5>\n<p>[\/vc_column_text][elx_o2000_contact_us r=&#8221;Jeg vil gerne h\u00f8re mere om libero line.&#8221; s=&#8221;Interesseret i Libero Line&#8221; e=&#8221;steen.rasmussen@electroluxprofessional.com&#8221; country=&#8221;Denmark&#8221; l=&#8221;dk&#8221;][\/vc_column_inner][\/vc_row_inner][\/vc_column][\/vc_row][vc_row][vc_column][vc_raw_html]JTNDYSUyMG5hbWUlM0QlMjJsaWJlcm9wcm9kdWt0ZXIlMjIlM0UlM0MlMkZhJTNF[\/vc_raw_html][vc_empty_space height=&#8221;64px&#8221;][elx_heading font_size=&#8221;h1&#8243; text_color=&#8221;inherit&#8221; text_align=&#8221;text-center&#8221;]Find de Libero Line moduler som passer til din madlavning[\/elx_heading][\/vc_column][\/vc_row]<\/p>\n","protected":false},"excerpt":{"rendered":"<p>[vc_row full_width=&#8221;electroluxpro-full-width-no-padding&#8221; equal_height=&#8221;yes&#8221;][vc_column reveal_effect=&#8221;&#8221; width=&#8221;2\/3&#8243; offset=&#8221;vc_hidden-xs&#8221;][elx_image_block background_image=&#8221;606&#8243; minimum_height=&#8221;400px&#8221;][\/vc_column][vc_column reveal_effect=&#8221;&#8221; width=&#8221;1\/3&#8243; offset=&#8221;vc_hidden-xs&#8221;][elx_image_block background_image=&#8221;607&#8243; minimum_height=&#8221;400px&#8221;][\/vc_column][\/vc_row][vc_row full_width=&#8221;electroluxpro-full-width-no-padding&#8221; equal_height=&#8221;yes&#8221;][vc_column reveal_effect=&#8221;&#8221; offset=&#8221;vc_hidden-lg vc_hidden-md vc_hidden-sm&#8221;][elx_image_block background_image=&#8221;606&#8243; minimum_height=&#8221;300px&#8221;][\/vc_column][\/vc_row][vc_row][vc_column][vc_empty_space height=&#8221;14px&#8221;][vc_row_inner][vc_column_inner offset=&#8221;vc_hidden-xs&#8221;][vc_empty_space height=&#8221;50px&#8221;][\/vc_column_inner][\/vc_row_inner][elx_heading font_container=&#8221;h1&#8243; font_size=&#8221;h1&#8243; text_color=&#8221;inherit&#8221;]Libero Line \u2013 serv\u00e9r dine menuer hvor som helst[\/elx_heading][vc_row_inner][vc_column_inner offset=&#8221;vc_hidden-xs&#8221;][vc_empty_space height=&#8221;50px&#8221;][\/vc_column_inner][\/vc_row_inner][\/vc_column][\/vc_row][vc_row][vc_column width=&#8221;1\/2&#8243;][vc_empty_space height=&#8221;22px&#8221;][elx_heading font_container=&#8221;h3&#8243; text_color=&#8221;inherit&#8221;]Tilberedning af mad foran dine kunder. Serv\u00e9r til hvem som helst, hvor som helst.[\/elx_heading][vc_empty_space height=&#8221;12px&#8221;][vc_column_text [&hellip;]<\/p>\n","protected":false},"author":5,"featured_media":0,"parent":0,"menu_order":0,"comment_status":"closed","ping_status":"closed","template":"","meta":{"footnotes":""},"class_list":["post-1195","page","type-page","status-publish","hentry"],"acf":[],"yoast_head":"<!-- This site is optimized with the Yoast SEO plugin v23.3 - https:\/\/yoast.com\/wordpress\/plugins\/seo\/ -->\n<title>Mobilt k\u00f8kken \u2013 Libero Line er er b\u00e5de effektivt, ergonomisk og sjov<\/title>\n<meta name=\"description\" content=\"Tilbered hurtige take away retter til dine kunder fra mobilt k\u00f8kken. Fantastisk til alt fra simple sandwich til mere avancerede m\u00e5ltider. Libero Line\u00a0er en alsidig serie af kompakte og energieffektive produkter til et mobilt k\u00f8kken.\" \/>\n<meta name=\"robots\" content=\"index, follow, max-snippet:-1, max-image-preview:large, max-video-preview:-1\" \/>\n<link rel=\"canonical\" href=\"https:\/\/www.electroluxprofessional.com\/dk\/mobilt-koekken\/\" \/>\n<meta property=\"og:locale\" content=\"da_DK\" \/>\n<meta property=\"og:type\" content=\"article\" \/>\n<meta property=\"og:title\" content=\"Mobilt k\u00f8kken \u2013 Libero Line er er b\u00e5de effektivt, ergonomisk og sjov\" \/>\n<meta property=\"og:description\" content=\"Tilbered hurtige take away retter til dine kunder fra mobilt k\u00f8kken. Fantastisk til alt fra simple sandwich til mere avancerede m\u00e5ltider. Libero Line\u00a0er en alsidig serie af kompakte og energieffektive produkter til et mobilt k\u00f8kken.\" \/>\n<meta property=\"og:url\" content=\"https:\/\/www.electroluxprofessional.com\/dk\/mobilt-koekken\/\" \/>\n<meta property=\"og:site_name\" content=\"Electrolux Professional Danmark\" \/>\n<meta property=\"article:modified_time\" content=\"2020-03-12T14:39:19+00:00\" \/>\n<meta name=\"twitter:card\" content=\"summary_large_image\" \/>\n<meta name=\"twitter:label1\" content=\"Estimeret l\u00e6setid\" \/>\n\t<meta name=\"twitter:data1\" content=\"5 minutter\" \/>\n<script type=\"application\/ld+json\" class=\"yoast-schema-graph\">{\"@context\":\"https:\/\/schema.org\",\"@graph\":[{\"@type\":\"WebPage\",\"@id\":\"https:\/\/www.electroluxprofessional.com\/dk\/mobilt-koekken\/\",\"url\":\"https:\/\/www.electroluxprofessional.com\/dk\/mobilt-koekken\/\",\"name\":\"Mobilt k\u00f8kken \u2013 Libero Line er er b\u00e5de effektivt, ergonomisk og sjov\",\"isPartOf\":{\"@id\":\"https:\/\/www.electroluxprofessional.com\/dk\/#website\"},\"datePublished\":\"2020-03-03T07:42:34+00:00\",\"dateModified\":\"2020-03-12T14:39:19+00:00\",\"description\":\"Tilbered hurtige take away retter til dine kunder fra mobilt k\u00f8kken. Fantastisk til alt fra simple sandwich til mere avancerede m\u00e5ltider. Libero Line\u00a0er en alsidig serie af kompakte og energieffektive produkter til et mobilt k\u00f8kken.\",\"breadcrumb\":{\"@id\":\"https:\/\/www.electroluxprofessional.com\/dk\/mobilt-koekken\/#breadcrumb\"},\"inLanguage\":\"da-DK\",\"potentialAction\":[{\"@type\":\"ReadAction\",\"target\":[\"https:\/\/www.electroluxprofessional.com\/dk\/mobilt-koekken\/\"]}]},{\"@type\":\"BreadcrumbList\",\"@id\":\"https:\/\/www.electroluxprofessional.com\/dk\/mobilt-koekken\/#breadcrumb\",\"itemListElement\":[{\"@type\":\"ListItem\",\"position\":1,\"name\":\"Home\",\"item\":\"https:\/\/www.electroluxprofessional.com\/dk\/\"},{\"@type\":\"ListItem\",\"position\":2,\"name\":\"Libero line \u2013 mobilt k\u00f8kken\"}]},{\"@type\":\"WebSite\",\"@id\":\"https:\/\/www.electroluxprofessional.com\/dk\/#website\",\"url\":\"https:\/\/www.electroluxprofessional.com\/dk\/\",\"name\":\"Electrolux Professional Danmark\",\"description\":\"\",\"potentialAction\":[{\"@type\":\"SearchAction\",\"target\":{\"@type\":\"EntryPoint\",\"urlTemplate\":\"https:\/\/www.electroluxprofessional.com\/dk\/?src={search_term_string}\"},\"query-input\":\"required name=search_term_string\"}],\"inLanguage\":\"da-DK\"}]}<\/script>\n<!-- \/ Yoast SEO plugin. -->","yoast_head_json":{"title":"Mobilt k\u00f8kken \u2013 Libero Line er er b\u00e5de effektivt, ergonomisk og sjov","description":"Tilbered hurtige take away retter til dine kunder fra mobilt k\u00f8kken. Fantastisk til alt fra simple sandwich til mere avancerede m\u00e5ltider. Libero Line\u00a0er en alsidig serie af kompakte og energieffektive produkter til et mobilt k\u00f8kken.","robots":{"index":"index","follow":"follow","max-snippet":"max-snippet:-1","max-image-preview":"max-image-preview:large","max-video-preview":"max-video-preview:-1"},"canonical":"https:\/\/www.electroluxprofessional.com\/dk\/mobilt-koekken\/","og_locale":"da_DK","og_type":"article","og_title":"Mobilt k\u00f8kken \u2013 Libero Line er er b\u00e5de effektivt, ergonomisk og sjov","og_description":"Tilbered hurtige take away retter til dine kunder fra mobilt k\u00f8kken. Fantastisk til alt fra simple sandwich til mere avancerede m\u00e5ltider. Libero Line\u00a0er en alsidig serie af kompakte og energieffektive produkter til et mobilt k\u00f8kken.","og_url":"https:\/\/www.electroluxprofessional.com\/dk\/mobilt-koekken\/","og_site_name":"Electrolux Professional Danmark","article_modified_time":"2020-03-12T14:39:19+00:00","twitter_card":"summary_large_image","twitter_misc":{"Estimeret l\u00e6setid":"5 minutter"},"schema":{"@context":"https:\/\/schema.org","@graph":[{"@type":"WebPage","@id":"https:\/\/www.electroluxprofessional.com\/dk\/mobilt-koekken\/","url":"https:\/\/www.electroluxprofessional.com\/dk\/mobilt-koekken\/","name":"Mobilt k\u00f8kken \u2013 Libero Line er er b\u00e5de effektivt, ergonomisk og sjov","isPartOf":{"@id":"https:\/\/www.electroluxprofessional.com\/dk\/#website"},"datePublished":"2020-03-03T07:42:34+00:00","dateModified":"2020-03-12T14:39:19+00:00","description":"Tilbered hurtige take away retter til dine kunder fra mobilt k\u00f8kken. Fantastisk til alt fra simple sandwich til mere avancerede m\u00e5ltider. Libero Line\u00a0er en alsidig serie af kompakte og energieffektive produkter til et mobilt k\u00f8kken.","breadcrumb":{"@id":"https:\/\/www.electroluxprofessional.com\/dk\/mobilt-koekken\/#breadcrumb"},"inLanguage":"da-DK","potentialAction":[{"@type":"ReadAction","target":["https:\/\/www.electroluxprofessional.com\/dk\/mobilt-koekken\/"]}]},{"@type":"BreadcrumbList","@id":"https:\/\/www.electroluxprofessional.com\/dk\/mobilt-koekken\/#breadcrumb","itemListElement":[{"@type":"ListItem","position":1,"name":"Home","item":"https:\/\/www.electroluxprofessional.com\/dk\/"},{"@type":"ListItem","position":2,"name":"Libero line \u2013 mobilt k\u00f8kken"}]},{"@type":"WebSite","@id":"https:\/\/www.electroluxprofessional.com\/dk\/#website","url":"https:\/\/www.electroluxprofessional.com\/dk\/","name":"Electrolux Professional Danmark","description":"","potentialAction":[{"@type":"SearchAction","target":{"@type":"EntryPoint","urlTemplate":"https:\/\/www.electroluxprofessional.com\/dk\/?src={search_term_string}"},"query-input":"required name=search_term_string"}],"inLanguage":"da-DK"}]}},"_links":{"self":[{"href":"https:\/\/www.electroluxprofessional.com\/dk\/wp-json\/wp\/v2\/pages\/1195"}],"collection":[{"href":"https:\/\/www.electroluxprofessional.com\/dk\/wp-json\/wp\/v2\/pages"}],"about":[{"href":"https:\/\/www.electroluxprofessional.com\/dk\/wp-json\/wp\/v2\/types\/page"}],"author":[{"embeddable":true,"href":"https:\/\/www.electroluxprofessional.com\/dk\/wp-json\/wp\/v2\/users\/5"}],"replies":[{"embeddable":true,"href":"https:\/\/www.electroluxprofessional.com\/dk\/wp-json\/wp\/v2\/comments?post=1195"}],"version-history":[{"count":21,"href":"https:\/\/www.electroluxprofessional.com\/dk\/wp-json\/wp\/v2\/pages\/1195\/revisions"}],"predecessor-version":[{"id":16234,"href":"https:\/\/www.electroluxprofessional.com\/dk\/wp-json\/wp\/v2\/pages\/1195\/revisions\/16234"}],"wp:attachment":[{"href":"https:\/\/www.electroluxprofessional.com\/dk\/wp-json\/wp\/v2\/media?parent=1195"}],"curies":[{"name":"wp","href":"https:\/\/api.w.org\/{rel}","templated":true}]}}