{"id":1190,"date":"2025-01-10T16:23:03","date_gmt":"2025-01-10T16:23:03","guid":{"rendered":"https:\/\/www.electroluxprofessional.com\/dk\/?page_id=1190"},"modified":"2025-01-13T12:02:43","modified_gmt":"2025-01-13T12:02:43","slug":"haetteopvaskemaskine","status":"publish","type":"page","link":"https:\/\/www.electroluxprofessional.com\/dk\/haetteopvaskemaskine\/","title":{"rendered":"H\u00e6tteopvaskemaskiner"},"content":{"rendered":"<p>[vc_row full_width=&#8221;electroluxpro-full-width-no-padding&#8221;][vc_column][elx_image_block background_image=&#8221;9923&#8243; minimum_height=&#8221;250px&#8221;][\/vc_column][\/vc_row][vc_row][vc_column][vc_empty_space height=&#8221;50px&#8221;][elx_heading font_container=&#8221;h1&#8243; font_size=&#8221;h1&#8243; text_color=&#8221;inherit&#8221; text_align=&#8221;text-left&#8221;]Electrolux Professional h\u00e6tteopvaskemaskine giver dig det bedste resultat og de bedste arbejdsbetingelser<\/p>\n<p>[\/elx_heading][\/vc_column][\/vc_row][vc_row css=&#8221;.vc_custom_1581517986416{margin-top: 32px !important;}&#8221;][vc_column reveal_effect=&#8221;&#8221; width=&#8221;1\/2&#8243;][vc_empty_space height=&#8221;20px&#8221;][elx_heading font_container=&#8221;h4&#8243; font_size=&#8221;h4&#8243; text_color=&#8221;inherit&#8221;]Spar p\u00e5 str\u00f8m, vand og s\u00e6be<br \/>\n[\/elx_heading][vc_column_text el_class=&#8221;p-16&#8243;]Electrolux Professional h\u00e6tteopvaskemaskine giver dig lavt forbrug af nytilf\u00f8rt vand (2 liter pr. vask) \u2013 yderst effektiv skylning (mindre forbrug af varmt vand) \u2013 mindre energiforbrug og lavere omkostninger.[\/vc_column_text][vc_empty_space height=&#8221;25px&#8221;][elx_heading font_container=&#8221;h4&#8243; font_size=&#8221;h4&#8243; text_color=&#8221;inherit&#8221; css=&#8221;.vc_custom_1581517766113{margin-top: 32px !important;}&#8221;]F\u00e5 en perfekt og komplet sanitet<br \/>\n[\/elx_heading][vc_column_text el_class=&#8221;p-16&#8243;]Den yderst effective skylning med en konstant temperatur p\u00e5 over 84\u00b0C\u00a0sikrer, at alt s\u00e6be fjernes og garanterer best-in-class sanitet og sikkerhed.[\/vc_column_text][vc_empty_space height=&#8221;25px&#8221;][elx_heading font_container=&#8221;h4&#8243; font_size=&#8221;h4&#8243; text_color=&#8221;inherit&#8221; css=&#8221;.vc_custom_1581517772773{margin-top: 32px !important;}&#8221;]F\u00e5 det bedste, hvad ang\u00e5r skylning og vask<br \/>\n[\/elx_heading][vc_column_text el_class=&#8221;p-16&#8243;]Vaskevandet holdes fri for madrester og forbedrer dermed effektiviteten af s\u00e6ben og giver et optimalt vaskeresultat. Den konstant h\u00f8je temperature og det h\u00f8je vandtryk under skyllefasen garanterer en h\u00f8j skyllekvalitet.[\/vc_column_text][vc_empty_space height=&#8221;25px&#8221;][elx_heading font_container=&#8221;h4&#8243; font_size=&#8221;h4&#8243; text_color=&#8221;inherit&#8221; css=&#8221;.vc_custom_1581517779825{margin-top: 32px !important;}&#8221;]Optimal sigtbarhed og nem betjening<br \/>\n[\/elx_heading][vc_column_text el_class=&#8221;p-16&#8243;]Ergonomisk placering af kontrolpanelet og det integrerede LED display sikrer nem adgang og maksimal sigtbarhed.[\/vc_column_text][vc_empty_space height=&#8221;58px&#8221;][\/vc_column][vc_column reveal_effect=&#8221;&#8221; width=&#8221;1\/2&#8243;][elx_image_block background_image=&#8221;676&#8243; minimum_height=&#8221;640px&#8221;][\/vc_column][\/vc_row][vc_row css=&#8221;.vc_custom_1736769694751{margin-top: 60px !important;background-color: #dadfe1 !important;}&#8221;][vc_column width=&#8221;1\/2&#8243;][elx_video_block background_image=&#8221;10208&#8243; video_link=&#8221;https:\/\/www.youtube.com\/watch?v=sXEMOOS6h4g&#8221; minimum_height=&#8221;300px&#8221;][\/vc_column][vc_column width=&#8221;1\/2&#8243; css=&#8221;.vc_custom_1543398022283{padding-left: 32px !important;}&#8221;][vc_empty_space height=&#8221;40px&#8221;][vc_column_text el_class=&#8221;p-16&#8243;]<\/p>\n<h2>Se hvordan h\u00e6tteopvaskemaskinen fra Electrolux Professional sikrer dig det bedste resultat<\/h2>\n<p><a href=\"https:\/\/www.youtube.com\/watch?v=sXEMOOS6h4g\">Se video om de mange fordele<\/a>[\/vc_column_text][vc_empty_space height=&#8221;40px&#8221;][\/vc_column][\/vc_row][vc_row css=&#8221;.vc_custom_1583928875042{margin-top: 64px !important;}&#8221;][vc_column][elx_heading font_container=&#8221;h5&#8243; font_size=&#8221;h5&#8243; text_color=&#8221;inherit&#8221; text_align=&#8221;text-center&#8221;]S\u00f8ger du andre produkter end en h\u00e6tteopvaskemaskine?[\/elx_heading][vc_row_inner][vc_column_inner width=&#8221;1\/6&#8243; offset=&#8221;vc_hidden-xs&#8221;][vc_empty_space][\/vc_column_inner][vc_column_inner width=&#8221;2\/3&#8243; offset=&#8221;vc_hidden-xs&#8221;][vc_empty_space height=&#8221;22px&#8221;][vc_column_text el_class=&#8221;p-16&#8243;]Uanset om du arbejder i en lille restaurant eller i et stort industrik\u00f8kken, s\u00e5 betaler det sig at kontakte Electrolux Professional, n\u00e6ste gang du skal investere i udstyr til dit k\u00f8kken. Fra vores k\u00e6mpe udvalg af kvalitetsprodukter kan du altid finde en l\u00f8sning, som sikrer dig de bedste arbejdsprocesser, god \u00f8konomi og optimal madkvalitet.<\/p>\n<p>Vores k\u00f8kkenspecialister er altid klar til at hj\u00e6lpe dig med at v\u00e6lge det rigtige udstyr. Vi har mange \u00e5rs erfaring b\u00e5de med produkter, udregning og indretning.[\/vc_column_text][vc_empty_space][\/vc_column_inner][vc_column_inner width=&#8221;1\/6&#8243;][\/vc_column_inner][\/vc_row_inner][vc_row_inner][vc_column_inner offset=&#8221;vc_hidden-lg vc_hidden-md vc_hidden-sm&#8221;][vc_empty_space height=&#8221;22px&#8221;][vc_column_text el_class=&#8221;p-16&#8243;]Uanset om du arbejder i en lille restaurant eller i et stort industrik\u00f8kken, s\u00e5 betaler det sig at kontakte Electrolux Professional, n\u00e6ste gang du skal investere i udstyr til dit k\u00f8kken. Fra vores k\u00e6mpe udvalg af kvalitetsprodukter kan du altid finde en l\u00f8sning, som sikrer dig de bedste arbejdsprocesser, god \u00f8konomi og optimal madkvalitet.<\/p>\n<p>Vores k\u00f8kkenspecialister er altid klar til at hj\u00e6lpe dig med at v\u00e6lge det rigtige udstyr. Vi har mange \u00e5rs erfaring b\u00e5de med produkter, udregning og indretning.[\/vc_column_text][vc_empty_space][\/vc_column_inner][\/vc_row_inner][\/vc_column][\/vc_row][vc_row el_id=&#8221;formular&#8221;][vc_column][vc_empty_space][\/vc_column][\/vc_row][vc_row css=&#8221;.vc_custom_1583931769258{margin-top: 20px !important;}&#8221;][vc_column width=&#8221;1\/2&#8243;][vc_single_image image=&#8221;675&#8243; img_size=&#8221;full&#8221; css=&#8221;.vc_custom_1552773569719{padding-top: 20px !important;}&#8221;][vc_column_text el_class=&#8221;p-16-white&#8221; css=&#8221;.vc_custom_1736769568184{margin-top: 50px !important;padding-top: 15px !important;padding-right: 30px !important;padding-bottom: 25px !important;padding-left: 30px !important;background-color: #041e41 !important;}&#8221;]<\/p>\n<h6 style=\"font-size: 26px; line-height: 1.0em;\"><span style=\"color: #ffffff;\">M\u00e5ske har du brug for en mindre opvaskemaskine?<\/span><\/h6>\n<p><a href=\"https:\/\/www.electroluxprofessional.com\/dk\/underbordsopvaskemaskine\/\">Underbordsopvaskemaskiner<\/a><br \/>\n<a href=\"https:\/\/www.electroluxprofessional.com\/dk\/grovopvaskemaskine\/\">Grovopvaskemaskiner<\/a>[\/vc_column_text][vc_single_image image=&#8221;19505&#8243; img_size=&#8221;555&#215;250&#8243; css=&#8221;.vc_custom_1616583676101{margin-bottom: 32px !important;}&#8221;][vc_empty_space height=&#8221;20px&#8221; css=&#8221;.vc_custom_1581518228521{padding-left: 10px !important;}&#8221;][vc_empty_space height=&#8221;20px&#8221; css=&#8221;.vc_custom_1581518228521{padding-left: 10px !important;}&#8221;][\/vc_column][vc_column width=&#8221;1\/2&#8243;][vc_row_inner css=&#8221;.vc_custom_1736769507523{margin-top: 10px !important;border-top-width: 1px !important;border-right-width: 1px !important;border-bottom-width: 1px !important;border-left-width: 1px !important;padding-top: 15px !important;padding-right: 10px !important;padding-bottom: 15px !important;padding-left: 32px !important;border-left-color: #dadfe1 !important;border-left-style: solid !important;border-right-color: #dadfe1 !important;border-right-style: solid !important;border-top-color: #dadfe1 !important;border-top-style: solid !important;border-bottom-color: #dadfe1 !important;border-bottom-style: solid !important;}&#8221; el_id=&#8221;formularmobil&#8221;][vc_column_inner css=&#8221;.vc_custom_1552773368536{margin-right: -20px !important;margin-left: -15px !important;}&#8221;][vc_column_text]<\/p>\n<h6 style=\"font-size: 26px;\">F\u00e5 r\u00e5d og vejledning eller f\u00e5 et tilbud<\/h6>\n<p>[\/vc_column_text][vc_empty_space height=&#8221;20px&#8221; css=&#8221;.vc_custom_1583929277871{padding-left: 10px !important;}&#8221;][elx_o2000_contact_us s=&#8221;h\u00e6tteopvaskemaskine&#8221; flag_hide_request_type=&#8221;true&#8221; country=&#8221;Denmark&#8221; b=&#8221;food&#8221; thanks=&#8221;<strong>Tak for din interesse.<\/strong>Vi kontakter dig s\u00e5 snart som muligt.Med venlig hilsenSteen RasmussenElectrolux Professional K\u00f8kken&#8221; l=&#8221;dk&#8221;][\/vc_column_inner][\/vc_row_inner][\/vc_column][\/vc_row][vc_row][vc_column][vc_empty_space][\/vc_column][\/vc_row][vc_row content_placement=&#8221;bottom&#8221; disable_element=&#8221;yes&#8221;][vc_column width=&#8221;2\/3&#8243;][elx_heading font_container=&#8221;h3&#8243; font_size=&#8221;h3&#8243; text_color=&#8221;inherit&#8221; text_align=&#8221;text-left&#8221;]Driver du en restaurant eller et hotel?[\/elx_heading][\/vc_column][vc_column width=&#8221;1\/3&#8243;][\/vc_column][\/vc_row][vc_row disable_element=&#8221;yes&#8221; css=&#8221;.vc_custom_1552770416914{margin-top: -32px !important;}&#8221;][vc_column width=&#8221;1\/3&#8243;][elx_maylike_box id_box=&#8221;337&#8243;][\/vc_column][vc_column width=&#8221;1\/3&#8243;][elx_maylike_box id_box=&#8221;374&#8243;][\/vc_column][vc_column width=&#8221;1\/3&#8243;][\/vc_column][\/vc_row][vc_row][vc_column][vc_column_text][\/vc_column_text][\/vc_column][\/vc_row]<\/p>\n","protected":false},"excerpt":{"rendered":"<p>[vc_row full_width=&#8221;electroluxpro-full-width-no-padding&#8221;][vc_column][elx_image_block background_image=&#8221;9923&#8243; minimum_height=&#8221;250px&#8221;][\/vc_column][\/vc_row][vc_row][vc_column][vc_empty_space height=&#8221;50px&#8221;][elx_heading font_container=&#8221;h1&#8243; font_size=&#8221;h1&#8243; text_color=&#8221;inherit&#8221; text_align=&#8221;text-left&#8221;]Electrolux Professional h\u00e6tteopvaskemaskine giver dig det bedste resultat og de bedste arbejdsbetingelser [\/elx_heading][\/vc_column][\/vc_row][vc_row css=&#8221;.vc_custom_1581517986416{margin-top: 32px !important;}&#8221;][vc_column reveal_effect=&#8221;&#8221; width=&#8221;1\/2&#8243;][vc_empty_space height=&#8221;20px&#8221;][elx_heading font_container=&#8221;h4&#8243; font_size=&#8221;h4&#8243; text_color=&#8221;inherit&#8221;]Spar p\u00e5 str\u00f8m, vand og s\u00e6be [\/elx_heading][vc_column_text el_class=&#8221;p-16&#8243;]Electrolux Professional h\u00e6tteopvaskemaskine giver dig lavt forbrug af nytilf\u00f8rt vand (2 liter pr. vask) \u2013 yderst effektiv skylning (mindre [&hellip;]<\/p>\n","protected":false},"author":5,"featured_media":0,"parent":0,"menu_order":0,"comment_status":"closed","ping_status":"closed","template":"","meta":{"footnotes":""},"class_list":["post-1190","page","type-page","status-publish","hentry"],"acf":[],"yoast_head":"<!-- This site is optimized with the Yoast SEO plugin v23.3 - https:\/\/yoast.com\/wordpress\/plugins\/seo\/ -->\n<title>H\u00e6tteopvaskemaskine fra Electrolux sikrer dig det bedste resultat<\/title>\n<meta name=\"description\" content=\"Med en h\u00e6tteopvaskemaskine fra Electrolux sparer du p\u00e5 str\u00f8m, vand og s\u00e6be. og med en konstant temperatur p\u00e5 over 84\u00b0C sikrer du, at alt s\u00e6be fjernes og garanterer best-in-class opvask og sikkerhed. Det ergonomisk placerede kontrolpanelet og det integrerede LED display sikrer dig nem adgang.\" \/>\n<meta name=\"robots\" content=\"index, follow, max-snippet:-1, max-image-preview:large, max-video-preview:-1\" \/>\n<link rel=\"canonical\" href=\"https:\/\/www.electroluxprofessional.com\/dk\/haetteopvaskemaskine\/\" \/>\n<meta property=\"og:locale\" content=\"da_DK\" \/>\n<meta property=\"og:type\" content=\"article\" \/>\n<meta property=\"og:title\" content=\"H\u00e6tteopvaskemaskine fra Electrolux sikrer dig det bedste resultat\" \/>\n<meta property=\"og:description\" content=\"Med en h\u00e6tteopvaskemaskine fra Electrolux sparer du p\u00e5 str\u00f8m, vand og s\u00e6be. og med en konstant temperatur p\u00e5 over 84\u00b0C sikrer du, at alt s\u00e6be fjernes og garanterer best-in-class opvask og sikkerhed. Det ergonomisk placerede kontrolpanelet og det integrerede LED display sikrer dig nem adgang.\" \/>\n<meta property=\"og:url\" content=\"https:\/\/www.electroluxprofessional.com\/dk\/haetteopvaskemaskine\/\" \/>\n<meta property=\"og:site_name\" content=\"Electrolux Professional Danmark\" \/>\n<meta property=\"article:modified_time\" content=\"2025-01-13T12:02:43+00:00\" \/>\n<meta name=\"twitter:card\" content=\"summary_large_image\" \/>\n<meta name=\"twitter:label1\" content=\"Estimeret l\u00e6setid\" \/>\n\t<meta name=\"twitter:data1\" content=\"4 minutter\" \/>\n<script type=\"application\/ld+json\" class=\"yoast-schema-graph\">{\"@context\":\"https:\/\/schema.org\",\"@graph\":[{\"@type\":\"WebPage\",\"@id\":\"https:\/\/www.electroluxprofessional.com\/dk\/haetteopvaskemaskine\/\",\"url\":\"https:\/\/www.electroluxprofessional.com\/dk\/haetteopvaskemaskine\/\",\"name\":\"H\u00e6tteopvaskemaskine fra Electrolux sikrer dig det bedste resultat\",\"isPartOf\":{\"@id\":\"https:\/\/www.electroluxprofessional.com\/dk\/#website\"},\"datePublished\":\"2025-01-10T16:23:03+00:00\",\"dateModified\":\"2025-01-13T12:02:43+00:00\",\"description\":\"Med en h\u00e6tteopvaskemaskine fra Electrolux sparer du p\u00e5 str\u00f8m, vand og s\u00e6be. og med en konstant temperatur p\u00e5 over 84\u00b0C sikrer du, at alt s\u00e6be fjernes og garanterer best-in-class opvask og sikkerhed. Det ergonomisk placerede kontrolpanelet og det integrerede LED display sikrer dig nem adgang.\",\"breadcrumb\":{\"@id\":\"https:\/\/www.electroluxprofessional.com\/dk\/haetteopvaskemaskine\/#breadcrumb\"},\"inLanguage\":\"da-DK\",\"potentialAction\":[{\"@type\":\"ReadAction\",\"target\":[\"https:\/\/www.electroluxprofessional.com\/dk\/haetteopvaskemaskine\/\"]}]},{\"@type\":\"BreadcrumbList\",\"@id\":\"https:\/\/www.electroluxprofessional.com\/dk\/haetteopvaskemaskine\/#breadcrumb\",\"itemListElement\":[{\"@type\":\"ListItem\",\"position\":1,\"name\":\"Home\",\"item\":\"https:\/\/www.electroluxprofessional.com\/dk\/\"},{\"@type\":\"ListItem\",\"position\":2,\"name\":\"H\u00e6tteopvaskemaskiner\"}]},{\"@type\":\"WebSite\",\"@id\":\"https:\/\/www.electroluxprofessional.com\/dk\/#website\",\"url\":\"https:\/\/www.electroluxprofessional.com\/dk\/\",\"name\":\"Electrolux Professional Danmark\",\"description\":\"\",\"potentialAction\":[{\"@type\":\"SearchAction\",\"target\":{\"@type\":\"EntryPoint\",\"urlTemplate\":\"https:\/\/www.electroluxprofessional.com\/dk\/?src={search_term_string}\"},\"query-input\":\"required name=search_term_string\"}],\"inLanguage\":\"da-DK\"}]}<\/script>\n<!-- \/ Yoast SEO plugin. -->","yoast_head_json":{"title":"H\u00e6tteopvaskemaskine fra Electrolux sikrer dig det bedste resultat","description":"Med en h\u00e6tteopvaskemaskine fra Electrolux sparer du p\u00e5 str\u00f8m, vand og s\u00e6be. og med en konstant temperatur p\u00e5 over 84\u00b0C sikrer du, at alt s\u00e6be fjernes og garanterer best-in-class opvask og sikkerhed. Det ergonomisk placerede kontrolpanelet og det integrerede LED display sikrer dig nem adgang.","robots":{"index":"index","follow":"follow","max-snippet":"max-snippet:-1","max-image-preview":"max-image-preview:large","max-video-preview":"max-video-preview:-1"},"canonical":"https:\/\/www.electroluxprofessional.com\/dk\/haetteopvaskemaskine\/","og_locale":"da_DK","og_type":"article","og_title":"H\u00e6tteopvaskemaskine fra Electrolux sikrer dig det bedste resultat","og_description":"Med en h\u00e6tteopvaskemaskine fra Electrolux sparer du p\u00e5 str\u00f8m, vand og s\u00e6be. og med en konstant temperatur p\u00e5 over 84\u00b0C sikrer du, at alt s\u00e6be fjernes og garanterer best-in-class opvask og sikkerhed. Det ergonomisk placerede kontrolpanelet og det integrerede LED display sikrer dig nem adgang.","og_url":"https:\/\/www.electroluxprofessional.com\/dk\/haetteopvaskemaskine\/","og_site_name":"Electrolux Professional Danmark","article_modified_time":"2025-01-13T12:02:43+00:00","twitter_card":"summary_large_image","twitter_misc":{"Estimeret l\u00e6setid":"4 minutter"},"schema":{"@context":"https:\/\/schema.org","@graph":[{"@type":"WebPage","@id":"https:\/\/www.electroluxprofessional.com\/dk\/haetteopvaskemaskine\/","url":"https:\/\/www.electroluxprofessional.com\/dk\/haetteopvaskemaskine\/","name":"H\u00e6tteopvaskemaskine fra Electrolux sikrer dig det bedste resultat","isPartOf":{"@id":"https:\/\/www.electroluxprofessional.com\/dk\/#website"},"datePublished":"2025-01-10T16:23:03+00:00","dateModified":"2025-01-13T12:02:43+00:00","description":"Med en h\u00e6tteopvaskemaskine fra Electrolux sparer du p\u00e5 str\u00f8m, vand og s\u00e6be. og med en konstant temperatur p\u00e5 over 84\u00b0C sikrer du, at alt s\u00e6be fjernes og garanterer best-in-class opvask og sikkerhed. Det ergonomisk placerede kontrolpanelet og det integrerede LED display sikrer dig nem adgang.","breadcrumb":{"@id":"https:\/\/www.electroluxprofessional.com\/dk\/haetteopvaskemaskine\/#breadcrumb"},"inLanguage":"da-DK","potentialAction":[{"@type":"ReadAction","target":["https:\/\/www.electroluxprofessional.com\/dk\/haetteopvaskemaskine\/"]}]},{"@type":"BreadcrumbList","@id":"https:\/\/www.electroluxprofessional.com\/dk\/haetteopvaskemaskine\/#breadcrumb","itemListElement":[{"@type":"ListItem","position":1,"name":"Home","item":"https:\/\/www.electroluxprofessional.com\/dk\/"},{"@type":"ListItem","position":2,"name":"H\u00e6tteopvaskemaskiner"}]},{"@type":"WebSite","@id":"https:\/\/www.electroluxprofessional.com\/dk\/#website","url":"https:\/\/www.electroluxprofessional.com\/dk\/","name":"Electrolux Professional Danmark","description":"","potentialAction":[{"@type":"SearchAction","target":{"@type":"EntryPoint","urlTemplate":"https:\/\/www.electroluxprofessional.com\/dk\/?src={search_term_string}"},"query-input":"required name=search_term_string"}],"inLanguage":"da-DK"}]}},"_links":{"self":[{"href":"https:\/\/www.electroluxprofessional.com\/dk\/wp-json\/wp\/v2\/pages\/1190"}],"collection":[{"href":"https:\/\/www.electroluxprofessional.com\/dk\/wp-json\/wp\/v2\/pages"}],"about":[{"href":"https:\/\/www.electroluxprofessional.com\/dk\/wp-json\/wp\/v2\/types\/page"}],"author":[{"embeddable":true,"href":"https:\/\/www.electroluxprofessional.com\/dk\/wp-json\/wp\/v2\/users\/5"}],"replies":[{"embeddable":true,"href":"https:\/\/www.electroluxprofessional.com\/dk\/wp-json\/wp\/v2\/comments?post=1190"}],"version-history":[{"count":41,"href":"https:\/\/www.electroluxprofessional.com\/dk\/wp-json\/wp\/v2\/pages\/1190\/revisions"}],"predecessor-version":[{"id":15313,"href":"https:\/\/www.electroluxprofessional.com\/dk\/wp-json\/wp\/v2\/pages\/1190\/revisions\/15313"}],"wp:attachment":[{"href":"https:\/\/www.electroluxprofessional.com\/dk\/wp-json\/wp\/v2\/media?parent=1190"}],"curies":[{"name":"wp","href":"https:\/\/api.w.org\/{rel}","templated":true}]}}