{"id":1166,"date":"2022-03-08T08:00:29","date_gmt":"2022-03-08T08:00:29","guid":{"rendered":"https:\/\/www.electroluxprofessional.com\/dk\/?page_id=1166"},"modified":"2025-11-05T16:52:34","modified_gmt":"2025-11-05T16:52:34","slug":"professionelt-koekkendesign","status":"publish","type":"page","link":"https:\/\/www.electroluxprofessional.com\/dk\/professionelt-koekkendesign\/","title":{"rendered":"thermaline"},"content":{"rendered":"<p>[vc_row full_width=&#8221;electroluxpro-full-width-no-padding&#8221;][vc_column][elx_hero_slider label_text_color=&#8221;inherit&#8221; images=&#8221;706&#8243;][elx_heading font_size=&#8221;h1&#8243; text_color=&#8221;inherit&#8221;]therma<em>line<\/em>[\/elx_heading][vc_column_text css=&#8221;.vc_custom_1613032670206{margin-top: 15px !important;}&#8221;]<\/p>\n<h5>Professionelt k\u00f8kkendesign<br \/>\n\u2013 swiss-made premium udstyr<\/h5>\n<p>[\/vc_column_text][\/elx_hero_slider][\/vc_column][\/vc_row][vc_row css=&#8221;.vc_custom_1613032804828{padding-top: 50px !important;}&#8221;][vc_column width=&#8221;1\/2&#8243;][vc_row_inner][vc_column_inner offset=&#8221;vc_hidden-xs&#8221;][vc_empty_space height=&#8221;50px&#8221;][\/vc_column_inner][\/vc_row_inner][elx_heading text_color=&#8221;inherit&#8221;]Siden 1871 &#8211; Produktion, pr\u00e6cision og tradition i mere end 100 \u00e5r[\/elx_heading][vc_empty_space][vc_column_text el_class=&#8221;p-16&#8243;]therma<em>line<\/em> startede i 1871 i Sursee, Schweiz og eksisterer stadig i bedste velg\u00e5ende.<\/p>\n<p>Electrolux Professionals swiss-made premium udstyr er direkte forbundet med\u00a0therma m\u00e6rket, som er det f\u00f8rende p\u00e5 markedet. Professionelt k\u00f8kkendesign af h\u00f8jeste kvalitet.<\/p>\n<p>therma<em>line<\/em> tilbyder den nyeste teknologi, h\u00f8j kvalitet, innovativt design og nem betjening, takket v\u00e6re den know-how som mere end 150 \u00e5rs ekspertise har medf\u00f8rt.[\/vc_column_text][vc_empty_space][\/vc_column][vc_column width=&#8221;1\/2&#8243;][vc_single_image image=&#8221;850&#8243; img_size=&#8221;500&#215;500&#8243; alignment=&#8221;center&#8221; style=&#8221;vc_box_circle_2&#8243;][\/vc_column][\/vc_row][vc_row css=&#8221;.vc_custom_1613034625483{margin-top: 60px !important;}&#8221;][vc_column css=&#8221;.vc_custom_1613034616651{border-bottom-width: 1px !important;padding-bottom: 22px !important;border-bottom-color: #cecece !important;border-bottom-style: solid !important;}&#8221;][elx_heading font_container=&#8221;h1&#8243; text_color=&#8221;inherit&#8221; text_align=&#8221;text-center&#8221;]therma<em>line <\/em>M2M made to measure[\/elx_heading][\/vc_column][\/vc_row][vc_row css=&#8221;.vc_custom_1613034639154{margin-top: 40px !important;}&#8221;][vc_column][vc_single_image image=&#8221;19528&#8243; img_size=&#8221;full&#8221; alignment=&#8221;center&#8221;][\/vc_column][\/vc_row][vc_row css=&#8221;.vc_custom_1613034668720{margin-top: 40px !important;}&#8221;][vc_column width=&#8221;1\/2&#8243;][elx_heading font_container=&#8221;h4&#8243; text_color=&#8221;inherit&#8221; text_align=&#8221;text-left&#8221;]Skab dit helt ideele k\u00f8kken[\/elx_heading][vc_column_text el_class=&#8221;p-16&#8243;]Made to Measure er skabt s\u00e5 enhver professional topkok kan f\u00e5 sig en partner for livet. Udstyret lever med den seneste professionelle teknologi og det ultimative k\u00f8kkendesign op til <strong>krav fra 5 stjernede hoteller og fine a la carte restauranter<\/strong>.<\/p>\n<p>Med\u00a0<strong>over 40 forskellige tilberedningsmuligheder<\/strong> er\u00a0therma<em>line<\/em> M2M et k\u00f8kken som intet andet; <strong>et skr\u00e6ddersyet mesterv\u00e6rk<\/strong> &#8211; en perfekt kombination af p\u00e5lidelig innovation, h\u00f8j effektivitet og unikt design.[\/vc_column_text][vc_row_inner][vc_column_inner offset=&#8221;vc_hidden-lg vc_hidden-md vc_hidden-sm&#8221;][vc_empty_space][\/vc_column_inner][\/vc_row_inner][\/vc_column][vc_column width=&#8221;1\/2&#8243;][elx_heading font_container=&#8221;h4&#8243; text_color=&#8221;inherit&#8221; text_align=&#8221;text-left&#8221;]Vinder af Red Dot prisen for produktdesign[\/elx_heading][vc_column_text el_class=&#8221;p-16&#8243;]<strong>Electrolux Professionals therma<em>line<\/em> M2M \u2013 Made to Measure har vundet Red Dot prisen for produktdesign 2014 &#8211; <\/strong>en meget eftertragtet pris verden rundt, der anerkender et produkts helt ekstraordin\u00e6re design.[\/vc_column_text][vc_row_inner][vc_column_inner offset=&#8221;vc_hidden-xs&#8221;][vc_empty_space][\/vc_column_inner][\/vc_row_inner][vc_empty_space][elx_button button_text=&#8221;Kontakt os om indretning af jeres k\u00f8kken&#8221; button_display_block=&#8221;display_block_on&#8221; button_link=&#8221;url:https%3A%2F%2Fwww.electroluxprofessional.com%2Fdk%2Fprofessionelt-koekkendesign%2F%23kontakt|title:Kontakt%20os||&#8221;][\/vc_column][\/vc_row][vc_row css=&#8221;.vc_custom_1613034625483{margin-top: 60px !important;}&#8221;][vc_column css=&#8221;.vc_custom_1613034616651{border-bottom-width: 1px !important;padding-bottom: 22px !important;border-bottom-color: #cecece !important;border-bottom-style: solid !important;}&#8221;][elx_heading font_size=&#8221;h1&#8243; text_color=&#8221;inherit&#8221; text_align=&#8221;text-center&#8221; css=&#8221;.vc_custom_1613034716899{padding-top: 50px !important;padding-bottom: 50px !important;}&#8221;]Udtryk din kreativitet inden for tilberedning[\/elx_heading][\/vc_column][\/vc_row][vc_row css=&#8221;.vc_custom_1613035854417{margin-top: 32px !important;}&#8221;][vc_column width=&#8221;1\/2&#8243;][vc_column_text]<\/p>\n<h5>P\u00e5lidelig innovation<\/h5>\n<ul>\n<li><strong>Effektive br\u00e6ndere reducerer tilberedningstiden<\/strong>: Udstyret med de patenterede og yderst effektive flower flame br\u00e6ndere, s\u00e5 du undg\u00e5r varmetab<\/li>\n<li><strong>Ens temperatur overalt<\/strong>: Takket v\u00e6re det patenterede og meget effektive grill\/varme system, f\u00e5r grillristen p\u00e5 thermaline high power chargrill en ensartet temperatur overalt, hvilket giver et fantastisk grillresultat<\/li>\n<li><strong>Hygiejnisk non-stick overflade<\/strong>: Stegeplader er udstyret med en yderst resistent non-stick powertop overflade for optimal varmefordeling og ens tilberedningsresultat overalt<\/li>\n<li><strong>Multikoger<\/strong>: Aquacooker er den ideelle l\u00f8sning, hvis du \u00f8nsker flere forskellige tilberedningsmuligheder i samme produkt; fx sous-vide, bain marie og s\u00e5gar pastakoger<\/li>\n<li><strong>V\u00e6lg din tilberedningspr\u00e6ference<\/strong>: Free-Cooking top giver dig mulighed for tilberedning direkte p\u00e5 massepladen. Du kan ogs\u00e5 v\u00e6lge tilberedning indirekte via gryder og pander<\/li>\n<\/ul>\n<p>[\/vc_column_text][\/vc_column][vc_column width=&#8221;1\/2&#8243;][vc_empty_space height=&#8221;22px&#8221;][elx_image_block background_image=&#8221;852&#8243; minimum_height=&#8221;495px&#8221;][\/vc_column][\/vc_row][vc_row equal_height=&#8221;yes&#8221; css=&#8221;.vc_custom_1613035566307{margin-top: 60px !important;}&#8221;][vc_column width=&#8221;1\/2&#8243;][elx_image_block background_image=&#8221;853&#8243; minimum_height=&#8221;350px&#8221;][\/vc_column][vc_column width=&#8221;1\/2&#8243;][vc_row_inner][vc_column_inner offset=&#8221;vc_hidden-lg vc_hidden-md vc_hidden-sm&#8221;][vc_empty_space][\/vc_column_inner][\/vc_row_inner][vc_empty_space height=&#8221;22px&#8221;][vc_column_text el_class=&#8221;p-16&#8243;]<\/p>\n<h5>Maksimal effektivitet<\/h5>\n<ul>\n<li><strong>Masseplade med Ecotop<\/strong> garanterer h\u00f8j effektivitet og reducerer samtidigt varmetab, hvilket sikrer energibesparelse og et bedre arbejdsmilj\u00f8<\/li>\n<li><strong>Ecoflame<\/strong> s\u00f8rger for, at br\u00e6nderen slukkes, n\u00e5r panden fjernes &#8211; s\u00e5 kun pilotflammen er t\u00e6ndt<\/li>\n<li><strong>Full surface induktion<\/strong> giver dig mulighed for at have op til 16 gryder i gang p\u00e5 \u00e9n gang. Dette betyder h\u00f8jere produktivitet, samtidigt med at du kan nyde godt af alle fordelene\u00a0ved induktionsteknologien<\/li>\n<\/ul>\n<p>[\/vc_column_text][\/vc_column][\/vc_row][vc_row css=&#8221;.vc_custom_1613035989678{margin-top: 60px !important;}&#8221;][vc_column width=&#8221;1\/2&#8243;][vc_row_inner][vc_column_inner offset=&#8221;vc_hidden-xs&#8221;][vc_empty_space height=&#8221;12px&#8221;][\/vc_column_inner][\/vc_row_inner][vc_column_text el_class=&#8221;p-16&#8243;]<\/p>\n<h5>Swissfinish<\/h5>\n<ul>\n<li><strong>Hygiejnisk og robust<\/strong>: Swissfinish 3 mm tyk rustfrit st\u00e5l worktop i \u00e9t stykke er det absolut bedste, hvad ang\u00e5r hygiejne og robusthed<\/li>\n<li><strong>Sikkerhed<\/strong>: Den nye forh\u00f8jede drypkant medvirker til bedre tilberedningsresultater og sikkerhed, idet den forhindrer v\u00e6sker og olier i at dryppe ned i vandet i pastakogere, bain maries m.m.<\/li>\n<li><strong>Funktionalitet<\/strong>: Hver eneste detalje fra formen af d\u00f8rh\u00e5ndtaget til de h\u00e5rdf\u00f8re silikone knapper er designet til at garantere den bedst mulige funktionalitet<\/li>\n<\/ul>\n<p>[\/vc_column_text][vc_empty_space height=&#8221;22px&#8221;][\/vc_column][vc_column width=&#8221;1\/2&#8243;][elx_image_block background_image=&#8221;854&#8243; minimum_height=&#8221;350px&#8221;][\/vc_column][\/vc_row][vc_row css=&#8221;.vc_custom_1613036108451{margin-top: 80px !important;}&#8221;][vc_column css=&#8221;.vc_custom_1613034616651{border-bottom-width: 1px !important;padding-bottom: 22px !important;border-bottom-color: #cecece !important;border-bottom-style: solid !important;}&#8221;][elx_heading font_container=&#8221;h3&#8243; font_size=&#8221;h1&#8243; text_color=&#8221;inherit&#8221; text_align=&#8221;text-center&#8221; css=&#8221;.vc_custom_1613034845347{padding-top: 50px !important;padding-bottom: 50px !important;}&#8221;]therma<em>line<\/em>\u00a0modular 80, 85 &amp; 90[\/elx_heading][\/vc_column][\/vc_row][vc_row][vc_column][vc_single_image image=&#8221;19531&#8243; img_size=&#8221;full&#8221; alignment=&#8221;center&#8221;][\/vc_column][\/vc_row][vc_row][vc_column width=&#8221;1\/2&#8243;][vc_column_text el_class=&#8221;p-16&#8243;]<\/p>\n<ul>\n<li>Thermaline Modular 80 &amp; 90 har <strong>en st\u00e6rk indre ramme<\/strong>, der kan t\u00e5le bump og korrosion<\/li>\n<li><strong>Free-Cooking top<\/strong> giver dig mulighed for tilberedning direkte p\u00e5 massepladen eller indirekte via gryder og pander p\u00e5 samme tid<\/li>\n<li>Det unikke retro-oplyste glasdisplay og de synlige LED tal, p\u00e5 elektriske versioner, giver dig <strong>fuld kontrol over dine funktioner<\/strong><\/li>\n<li>Thermaline pr\u00e6cision og finish i sammenbygningen af modulerne g\u00f8r, at du <strong>undg\u00e5r, at v\u00e6sker tr\u00e6nger ind i enheden<\/strong>, hvilket sikrer god hygiejne og lang levetid<\/li>\n<li>Med de patenterede <strong>flower flame br\u00e6ndere<\/strong> er det kun omr\u00e5det, hvor selve gryden st\u00e5r, der varmes op. Dermed undg\u00e5r du un\u00f8dvendigt varmetab, s\u00e5 du kan <strong>spare p\u00e5 energien<\/strong>, og du f\u00e5r samtidigt <strong>et bedre arbejdsmilj\u00f8<\/strong><\/li>\n<\/ul>\n<p>[\/vc_column_text][vc_empty_space height=&#8221;22px&#8221;][\/vc_column][vc_column width=&#8221;1\/2&#8243;][elx_image_block background_image=&#8221;856&#8243; minimum_height=&#8221;420px&#8221;][\/vc_column][\/vc_row][vc_row css=&#8221;.vc_custom_1613036256019{margin-top: 80px !important;}&#8221; el_id=&#8221;kontakt&#8221;][vc_column css=&#8221;.vc_custom_1613036354084{border-top-width: 1px !important;padding-top: 40px !important;border-top-color: #cecece !important;border-top-style: solid !important;}&#8221;][vc_empty_space][elx_heading text_color=&#8221;inherit&#8221;]F\u00e5 en dialog med eksperter fra Electrolux Professional[\/elx_heading][vc_empty_space height=&#8221;12px&#8221;][elx_o2000_contact_us r=&#8221;Jeg vil gerne kontaktes af \u00e9n af jeres eksperter. S\u00e5 vi sammen man finde frem til en god l\u00f8sning for min virksomhed.&#8221; s=&#8221;Ang\u00e5ende Therma Line k\u00f8kken l\u00f8sning&#8221; country=&#8221;Denmark&#8221; l=&#8221;dk&#8221; e=&#8221;steen.rasmussen@electroluxprofessional.com&#8221; container=&#8221;elxcontactus1466428041&#8243;][\/vc_column][\/vc_row][vc_row css=&#8221;.vc_custom_1581520852252{margin-top: 70px !important;padding-top: 0px !important;}&#8221;][vc_column width=&#8221;1\/3&#8243;][elx_video_block background_image=&#8221;14525&#8243; video_link=&#8221;https:\/\/www.youtube.com\/watch?v=RRN6Tvqfkl8&amp;feature=emb_logo&#8221; minimum_height=&#8221;200px&#8221;][vc_empty_space height=&#8221;20px&#8221;][elx_heading font_container=&#8221;h4&#8243; text_color=&#8221;inherit&#8221; css=&#8221;.vc_custom_1581519806240{padding-top: 12px !important;padding-bottom: 0px !important;}&#8221;]SkyLine Cook &amp; Chill[\/elx_heading][vc_column_text el_class=&#8221;p-16&#8243; css=&#8221;.vc_custom_1581519862224{margin-top: 0px !important;}&#8221;]Med SkyLine industriovn og bl\u00e6stk\u00f8ler tilbereder du maden enkelt og intuitivt. Og du forbedrer b\u00e5de arbejdsgangen og madens kvalitet.<br \/>\n<a href=\"https:\/\/www.electroluxprofessional.com\/dk\/industriovn-skyline-cook-chill\/\">Se dine muligheder<\/a>[\/vc_column_text][vc_empty_space][\/vc_column][vc_column width=&#8221;1\/3&#8243;][elx_video_block background_image=&#8221;8623&#8243; video_link=&#8221;https:\/\/www.youtube.com\/watch?time_continue=6&amp;v=aKQRPw9_TwY&#8221; minimum_height=&#8221;200px&#8221;][vc_empty_space height=&#8221;20px&#8221;][elx_heading font_container=&#8221;h4&#8243; text_color=&#8221;inherit&#8221;]Automatisk pastakoger[\/elx_heading][vc_column_text el_class=&#8221;p-16&#8243;]Smart pastakoger til frisk, t\u00f8rret eller frossen pasta. Kurvene s\u00e6nkes og h\u00e6ves automatisk n\u00e5r pastaen er klar.<br \/>\n<a href=\"https:\/\/www.youtube.com\/watch?time_continue=4&amp;v=aKQRPw9_TwY\">Se video<\/a>[\/vc_column_text][vc_empty_space][\/vc_column][vc_column width=&#8221;1\/3&#8243;][vc_single_image image=&#8221;14782&#8243; img_size=&#8221;400&#215;222&#8243; alignment=&#8221;center&#8221; css=&#8221;.vc_custom_1581521464354{margin-bottom: 32px !important;}&#8221;][elx_heading font_container=&#8221;h4&#8243; text_color=&#8221;inherit&#8221;]Total k\u00f8kkenindretning[\/elx_heading][vc_column_text el_class=&#8221;p-16&#8243;]Electrolux Professional har koge-stege udstyr til en hver smag. Du kan v\u00e6lge mellem tre serier: XP, thermaline og Molteni.<br \/>\n<a href=\"https:\/\/www.electroluxprofessional.com\/dk\/professionelt-koekkenudstyr\/\">Se dine muligheder<\/a>[\/vc_column_text][\/vc_column][\/vc_row]<\/p>\n","protected":false},"excerpt":{"rendered":"<p>[vc_row full_width=&#8221;electroluxpro-full-width-no-padding&#8221;][vc_column][elx_hero_slider label_text_color=&#8221;inherit&#8221; images=&#8221;706&#8243;][elx_heading font_size=&#8221;h1&#8243; text_color=&#8221;inherit&#8221;]thermaline[\/elx_heading][vc_column_text css=&#8221;.vc_custom_1613032670206{margin-top: 15px !important;}&#8221;] Professionelt k\u00f8kkendesign \u2013 swiss-made premium udstyr [\/vc_column_text][\/elx_hero_slider][\/vc_column][\/vc_row][vc_row css=&#8221;.vc_custom_1613032804828{padding-top: 50px !important;}&#8221;][vc_column width=&#8221;1\/2&#8243;][vc_row_inner][vc_column_inner offset=&#8221;vc_hidden-xs&#8221;][vc_empty_space height=&#8221;50px&#8221;][\/vc_column_inner][\/vc_row_inner][elx_heading text_color=&#8221;inherit&#8221;]Siden 1871 &#8211; Produktion, pr\u00e6cision og tradition i mere end 100 \u00e5r[\/elx_heading][vc_empty_space][vc_column_text el_class=&#8221;p-16&#8243;]thermaline startede i 1871 i Sursee, Schweiz og eksisterer stadig i bedste velg\u00e5ende. Electrolux Professionals swiss-made premium udstyr er direkte forbundet [&hellip;]<\/p>\n","protected":false},"author":5,"featured_media":0,"parent":0,"menu_order":0,"comment_status":"closed","ping_status":"closed","template":"","meta":{"footnotes":""},"class_list":["post-1166","page","type-page","status-publish","hentry"],"acf":[],"yoast_head":"<!-- This site is optimized with the Yoast SEO plugin v23.3 - https:\/\/yoast.com\/wordpress\/plugins\/seo\/ -->\n<title>Therma Line er professionelt k\u00f8kkendesign<\/title>\n<meta name=\"description\" content=\"Electrolux Professionals swiss-made premium udstyr er direkte forbundet med therma m\u00e6rket, som er det f\u00f8rende p\u00e5 markedet. Professionelt k\u00f8kkendesign af h\u00f8jeste kvalitet.\" \/>\n<meta name=\"robots\" content=\"index, follow, max-snippet:-1, max-image-preview:large, max-video-preview:-1\" \/>\n<link rel=\"canonical\" href=\"https:\/\/www.electroluxprofessional.com\/dk\/professionelt-koekkendesign\/\" \/>\n<meta property=\"og:locale\" content=\"da_DK\" \/>\n<meta property=\"og:type\" content=\"article\" \/>\n<meta property=\"og:title\" content=\"Therma Line er professionelt k\u00f8kkendesign\" \/>\n<meta property=\"og:description\" content=\"Electrolux Professionals swiss-made premium udstyr er direkte forbundet med therma m\u00e6rket, som er det f\u00f8rende p\u00e5 markedet. Professionelt k\u00f8kkendesign af h\u00f8jeste kvalitet.\" \/>\n<meta property=\"og:url\" content=\"https:\/\/www.electroluxprofessional.com\/dk\/professionelt-koekkendesign\/\" \/>\n<meta property=\"og:site_name\" content=\"Electrolux Professional Danmark\" \/>\n<meta property=\"article:modified_time\" content=\"2025-11-05T16:52:34+00:00\" \/>\n<meta name=\"twitter:card\" content=\"summary_large_image\" \/>\n<meta name=\"twitter:label1\" content=\"Estimeret l\u00e6setid\" \/>\n\t<meta name=\"twitter:data1\" content=\"5 minutter\" \/>\n<script type=\"application\/ld+json\" class=\"yoast-schema-graph\">{\"@context\":\"https:\/\/schema.org\",\"@graph\":[{\"@type\":\"WebPage\",\"@id\":\"https:\/\/www.electroluxprofessional.com\/dk\/professionelt-koekkendesign\/\",\"url\":\"https:\/\/www.electroluxprofessional.com\/dk\/professionelt-koekkendesign\/\",\"name\":\"Therma Line er professionelt k\u00f8kkendesign\",\"isPartOf\":{\"@id\":\"https:\/\/www.electroluxprofessional.com\/dk\/#website\"},\"datePublished\":\"2022-03-08T08:00:29+00:00\",\"dateModified\":\"2025-11-05T16:52:34+00:00\",\"description\":\"Electrolux Professionals swiss-made premium udstyr er direkte forbundet med therma m\u00e6rket, som er det f\u00f8rende p\u00e5 markedet. Professionelt k\u00f8kkendesign af h\u00f8jeste kvalitet.\",\"breadcrumb\":{\"@id\":\"https:\/\/www.electroluxprofessional.com\/dk\/professionelt-koekkendesign\/#breadcrumb\"},\"inLanguage\":\"da-DK\",\"potentialAction\":[{\"@type\":\"ReadAction\",\"target\":[\"https:\/\/www.electroluxprofessional.com\/dk\/professionelt-koekkendesign\/\"]}]},{\"@type\":\"BreadcrumbList\",\"@id\":\"https:\/\/www.electroluxprofessional.com\/dk\/professionelt-koekkendesign\/#breadcrumb\",\"itemListElement\":[{\"@type\":\"ListItem\",\"position\":1,\"name\":\"Home\",\"item\":\"https:\/\/www.electroluxprofessional.com\/dk\/\"},{\"@type\":\"ListItem\",\"position\":2,\"name\":\"thermaline\"}]},{\"@type\":\"WebSite\",\"@id\":\"https:\/\/www.electroluxprofessional.com\/dk\/#website\",\"url\":\"https:\/\/www.electroluxprofessional.com\/dk\/\",\"name\":\"Electrolux Professional Danmark\",\"description\":\"\",\"potentialAction\":[{\"@type\":\"SearchAction\",\"target\":{\"@type\":\"EntryPoint\",\"urlTemplate\":\"https:\/\/www.electroluxprofessional.com\/dk\/?src={search_term_string}\"},\"query-input\":\"required name=search_term_string\"}],\"inLanguage\":\"da-DK\"}]}<\/script>\n<!-- \/ Yoast SEO plugin. -->","yoast_head_json":{"title":"Therma Line er professionelt k\u00f8kkendesign","description":"Electrolux Professionals swiss-made premium udstyr er direkte forbundet med therma m\u00e6rket, som er det f\u00f8rende p\u00e5 markedet. Professionelt k\u00f8kkendesign af h\u00f8jeste kvalitet.","robots":{"index":"index","follow":"follow","max-snippet":"max-snippet:-1","max-image-preview":"max-image-preview:large","max-video-preview":"max-video-preview:-1"},"canonical":"https:\/\/www.electroluxprofessional.com\/dk\/professionelt-koekkendesign\/","og_locale":"da_DK","og_type":"article","og_title":"Therma Line er professionelt k\u00f8kkendesign","og_description":"Electrolux Professionals swiss-made premium udstyr er direkte forbundet med therma m\u00e6rket, som er det f\u00f8rende p\u00e5 markedet. Professionelt k\u00f8kkendesign af h\u00f8jeste kvalitet.","og_url":"https:\/\/www.electroluxprofessional.com\/dk\/professionelt-koekkendesign\/","og_site_name":"Electrolux Professional Danmark","article_modified_time":"2025-11-05T16:52:34+00:00","twitter_card":"summary_large_image","twitter_misc":{"Estimeret l\u00e6setid":"5 minutter"},"schema":{"@context":"https:\/\/schema.org","@graph":[{"@type":"WebPage","@id":"https:\/\/www.electroluxprofessional.com\/dk\/professionelt-koekkendesign\/","url":"https:\/\/www.electroluxprofessional.com\/dk\/professionelt-koekkendesign\/","name":"Therma Line er professionelt k\u00f8kkendesign","isPartOf":{"@id":"https:\/\/www.electroluxprofessional.com\/dk\/#website"},"datePublished":"2022-03-08T08:00:29+00:00","dateModified":"2025-11-05T16:52:34+00:00","description":"Electrolux Professionals swiss-made premium udstyr er direkte forbundet med therma m\u00e6rket, som er det f\u00f8rende p\u00e5 markedet. Professionelt k\u00f8kkendesign af h\u00f8jeste kvalitet.","breadcrumb":{"@id":"https:\/\/www.electroluxprofessional.com\/dk\/professionelt-koekkendesign\/#breadcrumb"},"inLanguage":"da-DK","potentialAction":[{"@type":"ReadAction","target":["https:\/\/www.electroluxprofessional.com\/dk\/professionelt-koekkendesign\/"]}]},{"@type":"BreadcrumbList","@id":"https:\/\/www.electroluxprofessional.com\/dk\/professionelt-koekkendesign\/#breadcrumb","itemListElement":[{"@type":"ListItem","position":1,"name":"Home","item":"https:\/\/www.electroluxprofessional.com\/dk\/"},{"@type":"ListItem","position":2,"name":"thermaline"}]},{"@type":"WebSite","@id":"https:\/\/www.electroluxprofessional.com\/dk\/#website","url":"https:\/\/www.electroluxprofessional.com\/dk\/","name":"Electrolux Professional Danmark","description":"","potentialAction":[{"@type":"SearchAction","target":{"@type":"EntryPoint","urlTemplate":"https:\/\/www.electroluxprofessional.com\/dk\/?src={search_term_string}"},"query-input":"required name=search_term_string"}],"inLanguage":"da-DK"}]}},"_links":{"self":[{"href":"https:\/\/www.electroluxprofessional.com\/dk\/wp-json\/wp\/v2\/pages\/1166"}],"collection":[{"href":"https:\/\/www.electroluxprofessional.com\/dk\/wp-json\/wp\/v2\/pages"}],"about":[{"href":"https:\/\/www.electroluxprofessional.com\/dk\/wp-json\/wp\/v2\/types\/page"}],"author":[{"embeddable":true,"href":"https:\/\/www.electroluxprofessional.com\/dk\/wp-json\/wp\/v2\/users\/5"}],"replies":[{"embeddable":true,"href":"https:\/\/www.electroluxprofessional.com\/dk\/wp-json\/wp\/v2\/comments?post=1166"}],"version-history":[{"count":32,"href":"https:\/\/www.electroluxprofessional.com\/dk\/wp-json\/wp\/v2\/pages\/1166\/revisions"}],"predecessor-version":[{"id":30743,"href":"https:\/\/www.electroluxprofessional.com\/dk\/wp-json\/wp\/v2\/pages\/1166\/revisions\/30743"}],"wp:attachment":[{"href":"https:\/\/www.electroluxprofessional.com\/dk\/wp-json\/wp\/v2\/media?parent=1166"}],"curies":[{"name":"wp","href":"https:\/\/api.w.org\/{rel}","templated":true}]}}