{"id":1160,"date":"2021-04-14T10:50:06","date_gmt":"2021-04-14T10:50:06","guid":{"rendered":"https:\/\/www.electroluxprofessional.com\/dk\/?page_id=1160"},"modified":"2022-06-14T08:49:11","modified_gmt":"2022-06-14T08:49:11","slug":"professionelt-koekkenudstyr","status":"publish","type":"page","link":"https:\/\/www.electroluxprofessional.com\/dk\/professionelt-koekkenudstyr\/","title":{"rendered":"900XP og 700XP serien, thermaline og Molteni"},"content":{"rendered":"<p>[vc_row full_width=&#8221;electroluxpro-full-width-no-padding&#8221;][vc_column][elx_hero_slider label_text_color=&#8221;inherit&#8221; images=&#8221;14780&#8243;][elx_heading text_color=&#8221;inherit&#8221; css=&#8221;.vc_custom_1579264828216{padding-top: 0px !important;padding-right: 0px !important;padding-bottom: 0px !important;padding-left: 0px !important;}&#8221;]900XP, 700XP<br \/>\nthermaline<br \/>\nMolteni[\/elx_heading][\/elx_hero_slider][\/vc_column][\/vc_row][vc_row][vc_column][vc_empty_space][elx_heading font_container=&#8221;h1&#8243; font_size=&#8221;h1&#8243; text_color=&#8221;inherit&#8221; text_align=&#8221;text-center&#8221;]Professionelt k\u00f8kkenudstyr for enhver smag[\/elx_heading][\/vc_column][\/vc_row][vc_row css=&#8221;.vc_custom_1579265244784{margin-top: 32px !important;}&#8221;][vc_column width=&#8221;1\/6&#8243;][vc_empty_space][\/vc_column][vc_column width=&#8221;2\/3&#8243;][vc_column_text el_class=&#8221;p-16&#8243;]Skal du lave god mad til mange? Eller unikke retter til f\u00e5? Hos Electrolux Professional kan du altid finde professionelt k\u00f8kkenudstyr, der passer til dig og dit k\u00f8kken.<\/p>\n<p>Ingen har et st\u00f8rre udvalg end os. S\u00e5 tjek altid vores sortiment, inden du k\u00f8ber. Vi hj\u00e6lper dig gerne med at designe og indrette dit k\u00f8kken. Og vi kan ogs\u00e5 styre projektets h\u00e5ndv\u00e6rksentrepriser for dig.<\/p>\n<h6>Du kan v\u00e6lge professionelt k\u00f8kkenudstyr fra Electrolux Professionals tre serier:<br \/>\n<a href=\"https:\/\/www.electroluxprofessional.com\/dk\/900xp-700xp-koge-stege\/\">XP koge-stege serien<\/a>, <a href=\"https:\/\/www.electroluxprofessional.com\/dk\/professionelt-koekkendesign\/\">therma<em>line<\/em><\/a> og <a href=\"https:\/\/www.molteni.com\/\">Molteni.<\/a><\/h6>\n<p>[\/vc_column_text][\/vc_column][vc_column width=&#8221;1\/6&#8243;][\/vc_column][\/vc_row][vc_row css=&#8221;.vc_custom_1613555861152{margin-top: 40px !important;}&#8221;][vc_column reveal_effect=&#8221;&#8221;][vc_column_text]<\/p>\n<hr \/>\n<p>[\/vc_column_text][\/vc_column][\/vc_row][vc_row css=&#8221;.vc_custom_1613555923519{margin-top: 40px !important;}&#8221;][vc_column reveal_effect=&#8221;&#8221; width=&#8221;1\/3&#8243;][vc_single_image image=&#8221;8824&#8243; img_size=&#8221;full&#8221; alignment=&#8221;center&#8221; onclick=&#8221;custom_link&#8221; link=&#8221;https:\/\/www.electroluxprofessional.com\/dk\/900xp-700xp-koge-stege\/&#8221;][\/vc_column][vc_column reveal_effect=&#8221;&#8221; width=&#8221;2\/3&#8243;][vc_column_text el_class=&#8221;p-16&#8243; css=&#8221;.vc_custom_1579265817326{padding-top: 32px !important;}&#8221;]<\/p>\n<h4>XP koge-stege serien<br \/>\n\u2013 sikrer dig effektive arbejdsprocesser.<\/h4>\n<p><a href=\"https:\/\/www.electroluxprofessional.com\/dk\/900xp-700xp-koge-stege\/\">Se dine muligheder med XP<\/a>[\/vc_column_text][\/vc_column][\/vc_row][vc_row css=&#8221;.vc_custom_1579265701489{margin-top: 40px !important;}&#8221;][vc_column reveal_effect=&#8221;&#8221; width=&#8221;1\/3&#8243;][vc_single_image image=&#8221;14784&#8243; img_size=&#8221;full&#8221; alignment=&#8221;center&#8221; onclick=&#8221;custom_link&#8221; link=&#8221;https:\/\/www.electroluxprofessional.com\/dk\/professionelt-koekkendesign\/&#8221;][\/vc_column][vc_column reveal_effect=&#8221;&#8221; width=&#8221;2\/3&#8243;][vc_column_text el_class=&#8221;p-16&#8243; css=&#8221;.vc_custom_1584024494488{padding-top: 32px !important;}&#8221;]<\/p>\n<h4>therma<em>line<\/em> \u2013 swiss made premium udstyr.<br \/>\nNyeste teknologi, h\u00f8j kvalitet, innovativt design og nem betjening.<\/h4>\n<p><a href=\"https:\/\/www.electroluxprofessional.com\/dk\/professionelt-koekkendesign\/\">L\u00e6s om prisbel\u00f8nnede therma<em>line<\/em><\/a>[\/vc_column_text][\/vc_column][\/vc_row][vc_row css=&#8221;.vc_custom_1579265707105{margin-top: 40px !important;}&#8221;][vc_column reveal_effect=&#8221;&#8221; width=&#8221;1\/3&#8243;][vc_single_image image=&#8221;14782&#8243; img_size=&#8221;full&#8221; alignment=&#8221;center&#8221; onclick=&#8221;custom_link&#8221; link=&#8221;https:\/\/www.molteni.com\/&#8221;][\/vc_column][vc_column reveal_effect=&#8221;&#8221; width=&#8221;2\/3&#8243;][vc_column_text el_class=&#8221;p-16&#8243; css=&#8221;.vc_custom_1579265836118{padding-top: 32px !important;}&#8221;]<\/p>\n<h4>Molteni \u2013 restaurationsbranchens haut couture.<br \/>\nF\u00e5 et skr\u00e6ddersyet k\u00f8kken i uds\u00f8gt kvalitet.<\/h4>\n<p><a href=\"https:\/\/www.molteni.com\/\">L\u00e6s mere om magel\u00f8se Molteni<\/a>[\/vc_column_text][\/vc_column][\/vc_row][vc_row css=&#8221;.vc_custom_1579265244784{margin-top: 32px !important;}&#8221;][vc_column][vc_column_text]<\/p>\n<hr \/>\n<p>[\/vc_column_text][vc_empty_space][elx_heading font_size=&#8221;h1&#8243; text_color=&#8221;inherit&#8221; text_align=&#8221;text-center&#8221;]Tjek altid professionelt k\u00f8kkenudstyr fra Electrolux Professional, inden du k\u00f8ber[\/elx_heading][\/vc_column][\/vc_row][vc_row css=&#8221;.vc_custom_1579265244784{margin-top: 32px !important;}&#8221;][vc_column width=&#8221;1\/6&#8243; offset=&#8221;vc_hidden-xs&#8221;][vc_empty_space][\/vc_column][vc_column width=&#8221;2\/3&#8243;][vc_column_text el_class=&#8221;p-16&#8243;]Uanset om du arbejder i en gourmetrestaurant eller i et centralk\u00f8kken, s\u00e5 kontakt Electrolux Professional, n\u00e5r du skal investere i nyt professionelt k\u00f8kkenudstyr. Fra vores k\u00e6mpe udvalg af kvalitetsprodukter kan du altid finde en l\u00f8sning, som sikrer dig de bedste arbejdsprocesser, god \u00f8konomi og optimal madkvalitet. Og vores k\u00f8kkenspecialister er klar til at hj\u00e6lpe dig med at v\u00e6lge det rigtige udstyr. Vi har mange \u00e5rs erfaring b\u00e5de med produkter, udregning og indretning.[\/vc_column_text][vc_empty_space][elx_button button_text=&#8221;F\u00c5 R\u00c5D OG VEJLEDNING \u2013 ELLER ET TILBUD&#8221; button_display_block=&#8221;display_block_on&#8221; button_alignment=&#8221;align_center&#8221; button_link=&#8221;url:https%3A%2F%2Fwww.electroluxprofessional.com%2Fdk%2Fkontakt-koekken-udstyr%2F|title:Kontakt%20%E2%80%93%20professionelt%20k%C3%B8kkenudstyr||&#8221;][\/vc_column][vc_column width=&#8221;1\/6&#8243;][\/vc_column][\/vc_row][vc_row full_width=&#8221;electroluxpro-full-width-no-padding&#8221; equal_height=&#8221;yes&#8221; css=&#8221;.vc_custom_1613555959131{margin-top: 60px !important;}&#8221;][vc_column width=&#8221;1\/2&#8243; css=&#8221;.vc_custom_1541060711821{padding-top: 30px !important;background-color: #dadfe1 !important;}&#8221; offset=&#8221;vc_hidden-xs&#8221;][elx_image_block background_image=&#8221;8856&#8243; minimum_height=&#8221;360px&#8221;][\/vc_column][vc_column width=&#8221;1\/2&#8243; css=&#8221;.vc_custom_1541060703713{background-color: #041e41 !important;}&#8221; offset=&#8221;vc_hidden-xs&#8221;][elx_simple_block text_color=&#8221;white&#8221; background_color=&#8221;inherit&#8221;][elx_heading font_container=&#8221;h4&#8243; text_color=&#8221;inherit&#8221;]Enkelte produkter eller totalindretning af dit k\u00f8kken?<br \/>\n[\/elx_heading][vc_column_text css_animation=&#8221;slideInRight&#8221; el_class=&#8221;p-16&#8243; css=&#8221;.vc_custom_1618408307652{padding-right: 32px !important;}&#8221;]Mangler du en kipsteger, eller har du brug for en gennemt\u00e6nkt nyindretning af dit k\u00f8kken?<\/p>\n<p><a href=\"https:\/\/www.electroluxprofessional.com\/dk\/kontakt-koekken\/\"><strong>Kontakt os her <\/strong><\/a>eller p\u00e5 tlf.<strong> 8740 3500. <\/strong><\/p>\n<p><a href=\"https:\/\/www.electroluxprofessional.com\/dk\/professionelt-koekkendesign\/\">Se mere om skr\u00e6ddersyet k\u00f8kkenindretning<\/a>[\/vc_column_text][\/elx_simple_block][\/vc_column][\/vc_row][vc_row full_width=&#8221;electroluxpro-full-width-no-padding&#8221; equal_height=&#8221;yes&#8221; css=&#8221;.vc_custom_1579269255237{margin-top: 32px !important;padding-bottom: 20px !important;}&#8221;][vc_column css=&#8221;.vc_custom_1541060721832{padding-top: 30px !important;background-color: #dadfe1 !important;}&#8221; offset=&#8221;vc_hidden-lg vc_hidden-md vc_hidden-sm&#8221;][vc_single_image image=&#8221;8948&#8243; img_size=&#8221;full&#8221; alignment=&#8221;right&#8221;][elx_simple_block text_color=&#8221;white&#8221; background_color=&#8221;electrolux-blue&#8221;][elx_heading font_container=&#8221;h4&#8243; text_color=&#8221;inherit&#8221; css=&#8221;.vc_custom_1579269789932{padding-top: 15px !important;}&#8221;]Enkelte produkter eller totalindretning af dit k\u00f8kken?<br \/>\n[\/elx_heading][vc_column_text css_animation=&#8221;none&#8221; el_class=&#8221;p-16&#8243; css=&#8221;.vc_custom_1579269777564{padding-bottom: 20px !important;}&#8221;]Mangler du en kipsteger, eller har du brug for en gennemt\u00e6nkt nyindretning af dit k\u00f8kken?<\/p>\n<p><a href=\"https:\/\/www.electroluxprofessional.com\/dk\/kontakt-koekken\/\"><strong>Kontakt os her <\/strong><\/a>eller p\u00e5 tlf.<strong> 8740 3500. <\/strong>[\/vc_column_text][\/elx_simple_block][\/vc_column][\/vc_row][vc_row css=&#8221;.vc_custom_1583919109066{margin-top: 20px !important;margin-bottom: 32px !important;}&#8221;][vc_column width=&#8221;1\/6&#8243;][vc_empty_space height=&#8221;10px&#8221;][\/vc_column][vc_column reveal_effect=&#8221;&#8221; width=&#8221;2\/3&#8243;][elx_button button_text=&#8221;FIND DEN K\u00d8KKENL\u00d8SNING DER PASSER TIL DIN BRANCHE&#8221; button_display_block=&#8221;display_block_on&#8221; button_alignment=&#8221;align_center&#8221; button_link=&#8221;url:https%3A%2F%2Fwww.electroluxprofessional.com%2Fdk%2Fstorkoekken%2F|title:k%C3%B8kkenl%C3%B8sninger|target:%20_blank|&#8221;][\/vc_column][vc_column width=&#8221;1\/6&#8243;][\/vc_column][\/vc_row][vc_row css=&#8221;.vc_custom_1583919142475{margin-bottom: 32px !important;}&#8221;][vc_column][elx_heading font_container=&#8221;h3&#8243; font_size=&#8221;h3&#8243; text_color=&#8221;inherit&#8221; text_align=&#8221;text-center&#8221;]F\u00e5 inspiration til din k\u00f8kkenl\u00f8sning[\/elx_heading][\/vc_column][\/vc_row][vc_row][vc_column width=&#8221;1\/3&#8243;][elx_video_block background_image=&#8221;8688&#8243; video_link=&#8221;https:\/\/www.youtube.com\/watch?time_continue=7&amp;v=O8ww-5vSbxE&#8221; minimum_height=&#8221;205px&#8221;][vc_empty_space height=&#8221;20px&#8221;][elx_heading font_container=&#8221;h4&#8243; text_color=&#8221;inherit&#8221; css=&#8221;.vc_custom_1583918813174{padding-top: 12px !important;padding-bottom: 0px !important;}&#8221;]Alt i \u00e9n[\/elx_heading][vc_column_text el_class=&#8221;p-16&#8243; css=&#8221;.vc_custom_1583918800408{margin-top: 0px !important;}&#8221;]Stege \u2013 braisere \u2013 koge \u2013 bain marie vandbad\u2026<br \/>\n<a href=\"https:\/\/www.youtube.com\/watch?time_continue=7&amp;v=O8ww-5vSbxE\">Se alt det, du kan tilberede i en Electrolux Multisteger<\/a>[\/vc_column_text][vc_empty_space][\/vc_column][vc_column width=&#8221;1\/3&#8243;][elx_video_block background_image=&#8221;8623&#8243; video_link=&#8221;https:\/\/www.youtube.com\/watch?time_continue=6&amp;v=aKQRPw9_TwY&#8221; minimum_height=&#8221;205px&#8221;][vc_empty_space height=&#8221;20px&#8221;][elx_heading font_container=&#8221;h4&#8243; text_color=&#8221;inherit&#8221;]Smart pastakoger[\/elx_heading][vc_column_text el_class=&#8221;p-16&#8243;]Til frisk, t\u00f8rret eller frossen pasta. Kurven l\u00f8ftes automatisk op af vandet, n\u00e5r pastaen er klar til servering.<br \/>\n<a href=\"https:\/\/www.youtube.com\/watch?time_continue=6&amp;v=aKQRPw9_TwY\">Se hvor smart den er\u2026<\/a><\/p>\n<p>[\/vc_column_text][vc_empty_space][\/vc_column][vc_column width=&#8221;1\/3&#8243;][vc_single_image image=&#8221;8692&#8243; img_size=&#8221;380&#215;218&#8243; alignment=&#8221;center&#8221; css=&#8221;.vc_custom_1583919245285{margin-bottom: 32px !important;}&#8221;][elx_heading font_container=&#8221;h4&#8243; text_color=&#8221;inherit&#8221;]Vakuumpakker til sous-vide[\/elx_heading][vc_column_text el_class=&#8221;p-16&#8243;]Undg\u00e5 fugt og luft, som har skadelig effekt p\u00e5 madens holdbarhed.<br \/>\n<a href=\"https:\/\/www.electroluxprofessional.com\/dk\/cook-chill-tilbehoer\/#sousvide\">F\u00e5 inspiration her<\/a>[\/vc_column_text][vc_empty_space][\/vc_column][\/vc_row]<\/p>\n","protected":false},"excerpt":{"rendered":"<p>[vc_row full_width=&#8221;electroluxpro-full-width-no-padding&#8221;][vc_column][elx_hero_slider label_text_color=&#8221;inherit&#8221; images=&#8221;14780&#8243;][elx_heading text_color=&#8221;inherit&#8221; css=&#8221;.vc_custom_1579264828216{padding-top: 0px !important;padding-right: 0px !important;padding-bottom: 0px !important;padding-left: 0px !important;}&#8221;]900XP, 700XP thermaline Molteni[\/elx_heading][\/elx_hero_slider][\/vc_column][\/vc_row][vc_row][vc_column][vc_empty_space][elx_heading font_container=&#8221;h1&#8243; font_size=&#8221;h1&#8243; text_color=&#8221;inherit&#8221; text_align=&#8221;text-center&#8221;]Professionelt k\u00f8kkenudstyr for enhver smag[\/elx_heading][\/vc_column][\/vc_row][vc_row css=&#8221;.vc_custom_1579265244784{margin-top: 32px !important;}&#8221;][vc_column width=&#8221;1\/6&#8243;][vc_empty_space][\/vc_column][vc_column width=&#8221;2\/3&#8243;][vc_column_text el_class=&#8221;p-16&#8243;]Skal du lave god mad til mange? Eller unikke retter til f\u00e5? Hos Electrolux Professional kan du altid finde professionelt k\u00f8kkenudstyr, der passer til dig [&hellip;]<\/p>\n","protected":false},"author":64,"featured_media":0,"parent":0,"menu_order":0,"comment_status":"closed","ping_status":"closed","template":"","meta":{"footnotes":""},"class_list":["post-1160","page","type-page","status-publish","hentry"],"acf":[],"yoast_head":"<!-- This site is optimized with the Yoast SEO plugin v23.3 - https:\/\/yoast.com\/wordpress\/plugins\/seo\/ -->\n<title>Professionelt k\u00f8kkenudstyr. V\u00e6lg mellem 3 serier. Se dem her<\/title>\n<meta name=\"description\" content=\"Hos Electrolux Professional kan du f\u00e5 professionelt k\u00f8kkenudstyr, der passer til dig og dit k\u00f8kken. Du har 3 koge-stege serier at v\u00e6lge imellem: XP koge-stege serien, thermaline og Molteni\" \/>\n<meta name=\"robots\" content=\"index, follow, max-snippet:-1, max-image-preview:large, max-video-preview:-1\" \/>\n<link rel=\"canonical\" href=\"https:\/\/www.electroluxprofessional.com\/dk\/professionelt-koekkenudstyr\/\" \/>\n<meta property=\"og:locale\" content=\"da_DK\" \/>\n<meta property=\"og:type\" content=\"article\" \/>\n<meta property=\"og:title\" content=\"Professionelt k\u00f8kkenudstyr. V\u00e6lg mellem 3 serier. Se dem her\" \/>\n<meta property=\"og:description\" content=\"Hos Electrolux Professional kan du f\u00e5 professionelt k\u00f8kkenudstyr, der passer til dig og dit k\u00f8kken. Du har 3 koge-stege serier at v\u00e6lge imellem: XP koge-stege serien, thermaline og Molteni\" \/>\n<meta property=\"og:url\" content=\"https:\/\/www.electroluxprofessional.com\/dk\/professionelt-koekkenudstyr\/\" \/>\n<meta property=\"og:site_name\" content=\"Electrolux Professional Danmark\" \/>\n<meta property=\"article:modified_time\" content=\"2022-06-14T08:49:11+00:00\" \/>\n<meta name=\"twitter:card\" content=\"summary_large_image\" \/>\n<meta name=\"twitter:label1\" content=\"Estimeret l\u00e6setid\" \/>\n\t<meta name=\"twitter:data1\" content=\"4 minutter\" \/>\n<script type=\"application\/ld+json\" class=\"yoast-schema-graph\">{\"@context\":\"https:\/\/schema.org\",\"@graph\":[{\"@type\":\"WebPage\",\"@id\":\"https:\/\/www.electroluxprofessional.com\/dk\/professionelt-koekkenudstyr\/\",\"url\":\"https:\/\/www.electroluxprofessional.com\/dk\/professionelt-koekkenudstyr\/\",\"name\":\"Professionelt k\u00f8kkenudstyr. V\u00e6lg mellem 3 serier. Se dem her\",\"isPartOf\":{\"@id\":\"https:\/\/www.electroluxprofessional.com\/dk\/#website\"},\"datePublished\":\"2021-04-14T10:50:06+00:00\",\"dateModified\":\"2022-06-14T08:49:11+00:00\",\"description\":\"Hos Electrolux Professional kan du f\u00e5 professionelt k\u00f8kkenudstyr, der passer til dig og dit k\u00f8kken. Du har 3 koge-stege serier at v\u00e6lge imellem: XP koge-stege serien, thermaline og Molteni\",\"breadcrumb\":{\"@id\":\"https:\/\/www.electroluxprofessional.com\/dk\/professionelt-koekkenudstyr\/#breadcrumb\"},\"inLanguage\":\"da-DK\",\"potentialAction\":[{\"@type\":\"ReadAction\",\"target\":[\"https:\/\/www.electroluxprofessional.com\/dk\/professionelt-koekkenudstyr\/\"]}]},{\"@type\":\"BreadcrumbList\",\"@id\":\"https:\/\/www.electroluxprofessional.com\/dk\/professionelt-koekkenudstyr\/#breadcrumb\",\"itemListElement\":[{\"@type\":\"ListItem\",\"position\":1,\"name\":\"Home\",\"item\":\"https:\/\/www.electroluxprofessional.com\/dk\/\"},{\"@type\":\"ListItem\",\"position\":2,\"name\":\"900XP og 700XP serien, thermaline og Molteni\"}]},{\"@type\":\"WebSite\",\"@id\":\"https:\/\/www.electroluxprofessional.com\/dk\/#website\",\"url\":\"https:\/\/www.electroluxprofessional.com\/dk\/\",\"name\":\"Electrolux Professional Danmark\",\"description\":\"\",\"potentialAction\":[{\"@type\":\"SearchAction\",\"target\":{\"@type\":\"EntryPoint\",\"urlTemplate\":\"https:\/\/www.electroluxprofessional.com\/dk\/?src={search_term_string}\"},\"query-input\":\"required name=search_term_string\"}],\"inLanguage\":\"da-DK\"}]}<\/script>\n<!-- \/ Yoast SEO plugin. -->","yoast_head_json":{"title":"Professionelt k\u00f8kkenudstyr. V\u00e6lg mellem 3 serier. Se dem her","description":"Hos Electrolux Professional kan du f\u00e5 professionelt k\u00f8kkenudstyr, der passer til dig og dit k\u00f8kken. Du har 3 koge-stege serier at v\u00e6lge imellem: XP koge-stege serien, thermaline og Molteni","robots":{"index":"index","follow":"follow","max-snippet":"max-snippet:-1","max-image-preview":"max-image-preview:large","max-video-preview":"max-video-preview:-1"},"canonical":"https:\/\/www.electroluxprofessional.com\/dk\/professionelt-koekkenudstyr\/","og_locale":"da_DK","og_type":"article","og_title":"Professionelt k\u00f8kkenudstyr. V\u00e6lg mellem 3 serier. Se dem her","og_description":"Hos Electrolux Professional kan du f\u00e5 professionelt k\u00f8kkenudstyr, der passer til dig og dit k\u00f8kken. Du har 3 koge-stege serier at v\u00e6lge imellem: XP koge-stege serien, thermaline og Molteni","og_url":"https:\/\/www.electroluxprofessional.com\/dk\/professionelt-koekkenudstyr\/","og_site_name":"Electrolux Professional Danmark","article_modified_time":"2022-06-14T08:49:11+00:00","twitter_card":"summary_large_image","twitter_misc":{"Estimeret l\u00e6setid":"4 minutter"},"schema":{"@context":"https:\/\/schema.org","@graph":[{"@type":"WebPage","@id":"https:\/\/www.electroluxprofessional.com\/dk\/professionelt-koekkenudstyr\/","url":"https:\/\/www.electroluxprofessional.com\/dk\/professionelt-koekkenudstyr\/","name":"Professionelt k\u00f8kkenudstyr. V\u00e6lg mellem 3 serier. Se dem her","isPartOf":{"@id":"https:\/\/www.electroluxprofessional.com\/dk\/#website"},"datePublished":"2021-04-14T10:50:06+00:00","dateModified":"2022-06-14T08:49:11+00:00","description":"Hos Electrolux Professional kan du f\u00e5 professionelt k\u00f8kkenudstyr, der passer til dig og dit k\u00f8kken. Du har 3 koge-stege serier at v\u00e6lge imellem: XP koge-stege serien, thermaline og Molteni","breadcrumb":{"@id":"https:\/\/www.electroluxprofessional.com\/dk\/professionelt-koekkenudstyr\/#breadcrumb"},"inLanguage":"da-DK","potentialAction":[{"@type":"ReadAction","target":["https:\/\/www.electroluxprofessional.com\/dk\/professionelt-koekkenudstyr\/"]}]},{"@type":"BreadcrumbList","@id":"https:\/\/www.electroluxprofessional.com\/dk\/professionelt-koekkenudstyr\/#breadcrumb","itemListElement":[{"@type":"ListItem","position":1,"name":"Home","item":"https:\/\/www.electroluxprofessional.com\/dk\/"},{"@type":"ListItem","position":2,"name":"900XP og 700XP serien, thermaline og Molteni"}]},{"@type":"WebSite","@id":"https:\/\/www.electroluxprofessional.com\/dk\/#website","url":"https:\/\/www.electroluxprofessional.com\/dk\/","name":"Electrolux Professional Danmark","description":"","potentialAction":[{"@type":"SearchAction","target":{"@type":"EntryPoint","urlTemplate":"https:\/\/www.electroluxprofessional.com\/dk\/?src={search_term_string}"},"query-input":"required name=search_term_string"}],"inLanguage":"da-DK"}]}},"_links":{"self":[{"href":"https:\/\/www.electroluxprofessional.com\/dk\/wp-json\/wp\/v2\/pages\/1160"}],"collection":[{"href":"https:\/\/www.electroluxprofessional.com\/dk\/wp-json\/wp\/v2\/pages"}],"about":[{"href":"https:\/\/www.electroluxprofessional.com\/dk\/wp-json\/wp\/v2\/types\/page"}],"author":[{"embeddable":true,"href":"https:\/\/www.electroluxprofessional.com\/dk\/wp-json\/wp\/v2\/users\/64"}],"replies":[{"embeddable":true,"href":"https:\/\/www.electroluxprofessional.com\/dk\/wp-json\/wp\/v2\/comments?post=1160"}],"version-history":[{"count":35,"href":"https:\/\/www.electroluxprofessional.com\/dk\/wp-json\/wp\/v2\/pages\/1160\/revisions"}],"predecessor-version":[{"id":24137,"href":"https:\/\/www.electroluxprofessional.com\/dk\/wp-json\/wp\/v2\/pages\/1160\/revisions\/24137"}],"wp:attachment":[{"href":"https:\/\/www.electroluxprofessional.com\/dk\/wp-json\/wp\/v2\/media?parent=1160"}],"curies":[{"name":"wp","href":"https:\/\/api.w.org\/{rel}","templated":true}]}}