{"id":1121,"date":"2022-03-01T04:47:53","date_gmt":"2022-03-01T04:47:53","guid":{"rendered":"https:\/\/www.electroluxprofessional.com\/dk\/?page_id=1121"},"modified":"2022-03-01T11:45:50","modified_gmt":"2022-03-01T11:45:50","slug":"about-us-2","status":"publish","type":"page","link":"https:\/\/www.electroluxprofessional.com\/dk\/about-us-2\/","title":{"rendered":"Om os"},"content":{"rendered":"<p>[vc_row css=&#8221;.vc_custom_1633684437485{background-color: #dadfe1 !important;}&#8221;][vc_column][elx_video_block background_image=&#8221;757&#8243; video_link=&#8221;https:\/\/www.youtube.com\/watch?v=l7-2KSjiyuY&#8221; minimum_height=&#8221;500px&#8221;][\/vc_column][\/vc_row][vc_row css=&#8221;.vc_custom_1633684549316{margin-top: 40px !important;}&#8221;][vc_column width=&#8221;1\/6&#8243;][vc_empty_space][\/vc_column][vc_column width=&#8221;2\/3&#8243;][elx_heading font_container=&#8221;h1&#8243; font_size=&#8221;h1&#8243; text_color=&#8221;inherit&#8221;]Hvem er\u00a0Electrolux Professional ?[\/elx_heading][vc_empty_space height=&#8221;30px&#8221;][vc_column_text el_class=&#8221;p-16&#8243;]Hos Electrolux Professional\u00a0<strong>forst\u00e5r vi hvilken afg\u00f8rende betydning, det rigtige udstyr har p\u00e5 dit arbejde.\u00a0<\/strong>Vi \u00f8nsker\u00a0at g\u00f8re en positiv forskel for dig og for milj\u00f8et.<\/p>\n<p>Vi str\u00e6ber efter at v\u00e6re f\u00f8rende inden for <strong>innovation\u00a0og design<\/strong>,<strong>\u00a0<\/strong>og leverer de l\u00f8sninger, som vi ved, at du vil have. <strong>Det er vores mission at g\u00f8re din hverdag nemmere og mere udbytterig.<\/strong><\/p>\n<p>Vi er meget dedikerede til b\u00e6redygtighed &#8211; at mindske forbruget af vand og str\u00f8m, og dermed reducere omkostningerne og\u00a0<strong>forbedre dit udbytte.<\/strong><\/p>\n<p>Vi har eksisteret\u00a0i <strong>90 \u00e5r <\/strong>og har opbygget \u00e9t af verdens st\u00f8rste servicenetv\u00e6rk. S\u00e5 du kan trygt regne med kompetent support fra os, hvor end\u00a0i verden du m\u00e5tte befinde dig.<\/p>\n<p>Hos\u00a0Electrolux leder vi altid efter nye muligheder, s\u00e5 vi kan g\u00f8re en positive forskel for dig og for milj\u00f8et.[\/vc_column_text][vc_empty_space height=&#8221;64px&#8221;][\/vc_column][vc_column width=&#8221;1\/6&#8243;][vc_empty_space][\/vc_column][\/vc_row][vc_row][vc_column width=&#8221;1\/4&#8243;][elx_simple_link_block link=&#8221;url:https%3A%2F%2Fwww.electroluxprofessional.com%2Fdk%2Fstorkoekken%2F|title:Stork%C3%B8kken%20udstyr||&#8221; text_align=&#8221;text-left&#8221; text_color=&#8221;inherit&#8221; background_color=&#8221;inherit&#8221; background_hover_color=&#8221;darker-hover&#8221; extra_class=&#8221;&#8221; reveal_effect=&#8221;&#8221; reveal_duration=&#8221;&#8221; reveal_delay=&#8221;&#8221;][vc_single_image image=&#8221;758&#8243; img_size=&#8221;large&#8221;][elx_heading font_container=&#8221;h4&#8243; text_color=&#8221;inherit&#8221;]Professionelt k\u00f8kkenudstyr[\/elx_heading][\/elx_simple_link_block][\/vc_column][vc_column width=&#8221;1\/4&#8243;][elx_simple_link_block link=&#8221;url:https%3A%2F%2Fwww.electroluxprofessional.com%2Fdk%2Findustrivaskemaskine%2F|title:Vaskeril%C3%B8sninger||&#8221; text_align=&#8221;text-left&#8221; text_color=&#8221;inherit&#8221; background_color=&#8221;inherit&#8221; background_hover_color=&#8221;darker-hover&#8221; extra_class=&#8221;&#8221; reveal_effect=&#8221;&#8221; reveal_duration=&#8221;&#8221; reveal_delay=&#8221;&#8221;][vc_single_image image=&#8221;759&#8243; img_size=&#8221;large&#8221;][elx_heading font_container=&#8221;h4&#8243; text_color=&#8221;inherit&#8221;]Professionelt vaskeriudstyr[\/elx_heading][\/elx_simple_link_block][\/vc_column][vc_column width=&#8221;1\/4&#8243;][elx_simple_link_block link=&#8221;url:https%3A%2F%2Fwww.electroluxprofessional.com%2Fdk%2Felectrolux-chef-academy%2F|title:Kokke%20Akademi|target:%20_blank|&#8221; text_align=&#8221;text-left&#8221; text_color=&#8221;inherit&#8221; background_color=&#8221;inherit&#8221; background_hover_color=&#8221;darker-hover&#8221; extra_class=&#8221;&#8221; reveal_effect=&#8221;&#8221; reveal_duration=&#8221;&#8221; reveal_delay=&#8221;&#8221;][vc_single_image image=&#8221;760&#8243; img_size=&#8221;large&#8221;][elx_heading font_container=&#8221;h4&#8243; text_color=&#8221;inherit&#8221;]Kokke-<br \/>\nAkademi[\/elx_heading][\/elx_simple_link_block][\/vc_column][vc_column width=&#8221;1\/4&#8243;][elx_simple_link_block link=&#8221;url:https%3A%2F%2Fwww.electroluxprofessional.com%2Fdk%2Ffor-the-better-sustainability%2F|title:for%20the%20better|target:%20_blank|&#8221; text_align=&#8221;text-left&#8221; text_color=&#8221;inherit&#8221; background_color=&#8221;inherit&#8221; background_hover_color=&#8221;darker-hover&#8221; extra_class=&#8221;&#8221; reveal_effect=&#8221;&#8221; reveal_duration=&#8221;&#8221; reveal_delay=&#8221;&#8221;][vc_single_image image=&#8221;761&#8243; img_size=&#8221;large&#8221;][elx_heading font_container=&#8221;h4&#8243; text_color=&#8221;inherit&#8221;]En kampagne for b\u00e6redygtighed[\/elx_heading][\/elx_simple_link_block][\/vc_column][\/vc_row]<\/p>\n","protected":false},"excerpt":{"rendered":"<p>[vc_row css=&#8221;.vc_custom_1633684437485{background-color: #dadfe1 !important;}&#8221;][vc_column][elx_video_block background_image=&#8221;757&#8243; video_link=&#8221;https:\/\/www.youtube.com\/watch?v=l7-2KSjiyuY&#8221; minimum_height=&#8221;500px&#8221;][\/vc_column][\/vc_row][vc_row css=&#8221;.vc_custom_1633684549316{margin-top: 40px !important;}&#8221;][vc_column width=&#8221;1\/6&#8243;][vc_empty_space][\/vc_column][vc_column width=&#8221;2\/3&#8243;][elx_heading font_container=&#8221;h1&#8243; font_size=&#8221;h1&#8243; text_color=&#8221;inherit&#8221;]Hvem er\u00a0Electrolux Professional ?[\/elx_heading][vc_empty_space height=&#8221;30px&#8221;][vc_column_text el_class=&#8221;p-16&#8243;]Hos Electrolux Professional\u00a0forst\u00e5r vi hvilken afg\u00f8rende betydning, det rigtige udstyr har p\u00e5 dit arbejde.\u00a0Vi \u00f8nsker\u00a0at g\u00f8re en positiv forskel for dig og for milj\u00f8et. Vi str\u00e6ber efter at v\u00e6re f\u00f8rende inden for innovation\u00a0og design,\u00a0og leverer de [&hellip;]<\/p>\n","protected":false},"author":5,"featured_media":0,"parent":0,"menu_order":0,"comment_status":"closed","ping_status":"closed","template":"","meta":{"footnotes":""},"class_list":["post-1121","page","type-page","status-publish","hentry"],"acf":[],"yoast_head":"<!-- This site is optimized with the Yoast SEO plugin v23.3 - https:\/\/yoast.com\/wordpress\/plugins\/seo\/ -->\n<title>Vi str\u00e6ber efter at levere de rigtige l\u00f8sninger til din hverdag<\/title>\n<meta name=\"description\" content=\"Vi str\u00e6ber efter at v\u00e6re f\u00f8rende inden for innovation\u00a0og design,\u00a0og levere de l\u00f8sninger, som vi ved, at du vil have. Det er vores mission at g\u00f8re din hverdag nemmere og mere udbytterig.\" \/>\n<meta name=\"robots\" content=\"index, follow, max-snippet:-1, max-image-preview:large, max-video-preview:-1\" \/>\n<link rel=\"canonical\" href=\"https:\/\/www.electroluxprofessional.com\/dk\/about-us-2\/\" \/>\n<meta property=\"og:locale\" content=\"da_DK\" \/>\n<meta property=\"og:type\" content=\"article\" \/>\n<meta property=\"og:title\" content=\"Vi str\u00e6ber efter at levere de rigtige l\u00f8sninger til din hverdag\" \/>\n<meta property=\"og:description\" content=\"Vi str\u00e6ber efter at v\u00e6re f\u00f8rende inden for innovation\u00a0og design,\u00a0og levere de l\u00f8sninger, som vi ved, at du vil have. Det er vores mission at g\u00f8re din hverdag nemmere og mere udbytterig.\" \/>\n<meta property=\"og:url\" content=\"https:\/\/www.electroluxprofessional.com\/dk\/about-us-2\/\" \/>\n<meta property=\"og:site_name\" content=\"Electrolux Professional Danmark\" \/>\n<meta property=\"article:modified_time\" content=\"2022-03-01T11:45:50+00:00\" \/>\n<meta name=\"twitter:card\" content=\"summary_large_image\" \/>\n<meta name=\"twitter:label1\" content=\"Estimeret l\u00e6setid\" \/>\n\t<meta name=\"twitter:data1\" content=\"3 minutter\" \/>\n<script type=\"application\/ld+json\" class=\"yoast-schema-graph\">{\"@context\":\"https:\/\/schema.org\",\"@graph\":[{\"@type\":\"WebPage\",\"@id\":\"https:\/\/www.electroluxprofessional.com\/dk\/about-us-2\/\",\"url\":\"https:\/\/www.electroluxprofessional.com\/dk\/about-us-2\/\",\"name\":\"Vi str\u00e6ber efter at levere de rigtige l\u00f8sninger til din hverdag\",\"isPartOf\":{\"@id\":\"https:\/\/www.electroluxprofessional.com\/dk\/#website\"},\"datePublished\":\"2022-03-01T04:47:53+00:00\",\"dateModified\":\"2022-03-01T11:45:50+00:00\",\"description\":\"Vi str\u00e6ber efter at v\u00e6re f\u00f8rende inden for innovation\u00a0og design,\u00a0og levere de l\u00f8sninger, som vi ved, at du vil have. Det er vores mission at g\u00f8re din hverdag nemmere og mere udbytterig.\",\"breadcrumb\":{\"@id\":\"https:\/\/www.electroluxprofessional.com\/dk\/about-us-2\/#breadcrumb\"},\"inLanguage\":\"da-DK\",\"potentialAction\":[{\"@type\":\"ReadAction\",\"target\":[\"https:\/\/www.electroluxprofessional.com\/dk\/about-us-2\/\"]}]},{\"@type\":\"BreadcrumbList\",\"@id\":\"https:\/\/www.electroluxprofessional.com\/dk\/about-us-2\/#breadcrumb\",\"itemListElement\":[{\"@type\":\"ListItem\",\"position\":1,\"name\":\"Home\",\"item\":\"https:\/\/www.electroluxprofessional.com\/dk\/\"},{\"@type\":\"ListItem\",\"position\":2,\"name\":\"Om os\"}]},{\"@type\":\"WebSite\",\"@id\":\"https:\/\/www.electroluxprofessional.com\/dk\/#website\",\"url\":\"https:\/\/www.electroluxprofessional.com\/dk\/\",\"name\":\"Electrolux Professional Danmark\",\"description\":\"\",\"potentialAction\":[{\"@type\":\"SearchAction\",\"target\":{\"@type\":\"EntryPoint\",\"urlTemplate\":\"https:\/\/www.electroluxprofessional.com\/dk\/?src={search_term_string}\"},\"query-input\":\"required name=search_term_string\"}],\"inLanguage\":\"da-DK\"}]}<\/script>\n<!-- \/ Yoast SEO plugin. -->","yoast_head_json":{"title":"Vi str\u00e6ber efter at levere de rigtige l\u00f8sninger til din hverdag","description":"Vi str\u00e6ber efter at v\u00e6re f\u00f8rende inden for innovation\u00a0og design,\u00a0og levere de l\u00f8sninger, som vi ved, at du vil have. Det er vores mission at g\u00f8re din hverdag nemmere og mere udbytterig.","robots":{"index":"index","follow":"follow","max-snippet":"max-snippet:-1","max-image-preview":"max-image-preview:large","max-video-preview":"max-video-preview:-1"},"canonical":"https:\/\/www.electroluxprofessional.com\/dk\/about-us-2\/","og_locale":"da_DK","og_type":"article","og_title":"Vi str\u00e6ber efter at levere de rigtige l\u00f8sninger til din hverdag","og_description":"Vi str\u00e6ber efter at v\u00e6re f\u00f8rende inden for innovation\u00a0og design,\u00a0og levere de l\u00f8sninger, som vi ved, at du vil have. Det er vores mission at g\u00f8re din hverdag nemmere og mere udbytterig.","og_url":"https:\/\/www.electroluxprofessional.com\/dk\/about-us-2\/","og_site_name":"Electrolux Professional Danmark","article_modified_time":"2022-03-01T11:45:50+00:00","twitter_card":"summary_large_image","twitter_misc":{"Estimeret l\u00e6setid":"3 minutter"},"schema":{"@context":"https:\/\/schema.org","@graph":[{"@type":"WebPage","@id":"https:\/\/www.electroluxprofessional.com\/dk\/about-us-2\/","url":"https:\/\/www.electroluxprofessional.com\/dk\/about-us-2\/","name":"Vi str\u00e6ber efter at levere de rigtige l\u00f8sninger til din hverdag","isPartOf":{"@id":"https:\/\/www.electroluxprofessional.com\/dk\/#website"},"datePublished":"2022-03-01T04:47:53+00:00","dateModified":"2022-03-01T11:45:50+00:00","description":"Vi str\u00e6ber efter at v\u00e6re f\u00f8rende inden for innovation\u00a0og design,\u00a0og levere de l\u00f8sninger, som vi ved, at du vil have. Det er vores mission at g\u00f8re din hverdag nemmere og mere udbytterig.","breadcrumb":{"@id":"https:\/\/www.electroluxprofessional.com\/dk\/about-us-2\/#breadcrumb"},"inLanguage":"da-DK","potentialAction":[{"@type":"ReadAction","target":["https:\/\/www.electroluxprofessional.com\/dk\/about-us-2\/"]}]},{"@type":"BreadcrumbList","@id":"https:\/\/www.electroluxprofessional.com\/dk\/about-us-2\/#breadcrumb","itemListElement":[{"@type":"ListItem","position":1,"name":"Home","item":"https:\/\/www.electroluxprofessional.com\/dk\/"},{"@type":"ListItem","position":2,"name":"Om os"}]},{"@type":"WebSite","@id":"https:\/\/www.electroluxprofessional.com\/dk\/#website","url":"https:\/\/www.electroluxprofessional.com\/dk\/","name":"Electrolux Professional Danmark","description":"","potentialAction":[{"@type":"SearchAction","target":{"@type":"EntryPoint","urlTemplate":"https:\/\/www.electroluxprofessional.com\/dk\/?src={search_term_string}"},"query-input":"required name=search_term_string"}],"inLanguage":"da-DK"}]}},"_links":{"self":[{"href":"https:\/\/www.electroluxprofessional.com\/dk\/wp-json\/wp\/v2\/pages\/1121"}],"collection":[{"href":"https:\/\/www.electroluxprofessional.com\/dk\/wp-json\/wp\/v2\/pages"}],"about":[{"href":"https:\/\/www.electroluxprofessional.com\/dk\/wp-json\/wp\/v2\/types\/page"}],"author":[{"embeddable":true,"href":"https:\/\/www.electroluxprofessional.com\/dk\/wp-json\/wp\/v2\/users\/5"}],"replies":[{"embeddable":true,"href":"https:\/\/www.electroluxprofessional.com\/dk\/wp-json\/wp\/v2\/comments?post=1121"}],"version-history":[{"count":26,"href":"https:\/\/www.electroluxprofessional.com\/dk\/wp-json\/wp\/v2\/pages\/1121\/revisions"}],"predecessor-version":[{"id":23313,"href":"https:\/\/www.electroluxprofessional.com\/dk\/wp-json\/wp\/v2\/pages\/1121\/revisions\/23313"}],"wp:attachment":[{"href":"https:\/\/www.electroluxprofessional.com\/dk\/wp-json\/wp\/v2\/media?parent=1121"}],"curies":[{"name":"wp","href":"https:\/\/api.w.org\/{rel}","templated":true}]}}