{"id":11187,"date":"2021-02-14T12:44:06","date_gmt":"2021-02-14T12:44:06","guid":{"rendered":"https:\/\/www.electroluxprofessional.com\/dk\/?page_id=11187"},"modified":"2021-02-18T08:39:23","modified_gmt":"2021-02-18T08:39:23","slug":"cook-chill-tilbehoer","status":"publish","type":"page","link":"https:\/\/www.electroluxprofessional.com\/dk\/cook-chill-tilbehoer\/","title":{"rendered":"Cook &#038; Chill tilbeh\u00f8r"},"content":{"rendered":"<p>[vc_row matched_labels=&#8221;&#8221; css=&#8221;.vc_custom_1613637385379{padding-top: 80px !important;padding-bottom: 80px !important;background-color: #dadfe1 !important;}&#8221;][vc_column][elx_heading font_container=&#8221;h1&#8243; font_size=&#8221;h1&#8243; text_color=&#8221;electrolux-blue&#8221; text_align=&#8221;text-left&#8221;]Find masser af Cook &amp; Chill tilbeh\u00f8r til dit air-o-system[\/elx_heading][\/vc_column][\/vc_row][vc_row][vc_column width=&#8221;2\/3&#8243;][vc_empty_space][vc_column_text el_class=&#8221;p-16&#8243; css=&#8221;.vc_custom_1613385458129{margin-top: 20px !important;}&#8221;]<\/p>\n<h6 style=\"color: #415464;\">F\u00e5 det bedste ud af dit air-o-system med masser af Cook &amp; Chill tilbeh\u00f8r til basis- og avancerede form\u00e5l. Og den bedste vedligeholdelse.<\/h6>\n<p>[\/vc_column_text][vc_empty_space height=&#8221;50px&#8221;][\/vc_column][vc_column width=&#8221;1\/3&#8243;][vc_empty_space][\/vc_column][\/vc_row][vc_row][vc_column reveal_effect=&#8221;&#8221; width=&#8221;5\/12&#8243;][elx_image_block background_image=&#8221;658&#8243; minimum_height=&#8221;350px&#8221;][\/vc_column][vc_column reveal_effect=&#8221;&#8221; width=&#8221;7\/12&#8243;][vc_row_inner][vc_column_inner width=&#8221;5\/6&#8243;][vc_empty_space height=&#8221;10px&#8221;][vc_column_text el_class=&#8221;p-16&#8243;]<\/p>\n<h4>Riste, bradepander<\/h4>\n<p>Electrolux har et stort udvalg af tilbeh\u00f8r til ovn serien. Tilbeh\u00f8rsprogrammet indeholder blandt andet riste, stegeriste, riste til kyllinger, riste med grillspyd, baguette og meget mere[\/vc_column_text][vc_empty_space height=&#8221;10px&#8221;][vc_single_image image=&#8221;2697&#8243; img_size=&#8221;450&#215;200&#8243; css_animation=&#8221;slideInRight&#8221; css=&#8221;.vc_custom_1577445700754{margin-top: 5px !important;}&#8221;][\/vc_column_inner][vc_column_inner width=&#8221;1\/6&#8243;][\/vc_column_inner][\/vc_row_inner][\/vc_column][\/vc_row][vc_row css=&#8221;.vc_custom_1613385053445{padding-right: 15px !important;padding-left: 15px !important;}&#8221;][vc_column reveal_effect=&#8221;&#8221; css=&#8221;.vc_custom_1613384967326{margin-top: 60px !important;border-top-width: 1px !important;padding-top: 32px !important;border-top-color: #adb1b2 !important;border-top-style: solid !important;}&#8221;][vc_empty_space height=&#8221;60px&#8221;][\/vc_column][\/vc_row][vc_row][vc_column reveal_effect=&#8221;&#8221; width=&#8221;5\/12&#8243;][elx_image_block background_image=&#8221;788&#8243; minimum_height=&#8221;350px&#8221;][\/vc_column][vc_column reveal_effect=&#8221;&#8221; width=&#8221;7\/12&#8243;][vc_row_inner][vc_column_inner width=&#8221;5\/6&#8243;][vc_empty_space height=&#8221;10px&#8221;][vc_column_text el_class=&#8221;p-16&#8243;]<\/p>\n<h4>Vacuumpakker \u2013 perfekt til sous-vide<\/h4>\n<p>Stort udvalg af tilbeh\u00f8r til vakuumpakker, som er uundv\u00e6rlig og en del af processen med at lave sous-vide[\/vc_column_text][vc_single_image image=&#8221;800&#8243; img_size=&#8221;500&#215;260&#8243; css_animation=&#8221;right-to-left&#8221;][\/vc_column_inner][vc_column_inner width=&#8221;1\/6&#8243;][\/vc_column_inner][\/vc_row_inner][\/vc_column][\/vc_row][vc_row el_id=&#8221;roeg&#8221; css=&#8221;.vc_custom_1613385095959{padding-right: 15px !important;padding-left: 15px !important;}&#8221;][vc_column reveal_effect=&#8221;&#8221; css=&#8221;.vc_custom_1613385226876{margin-top: 50px !important;border-top-width: 1px !important;padding-top: 32px !important;border-top-color: #adb1b2 !important;border-top-style: solid !important;}&#8221;][vc_empty_space height=&#8221;60px&#8221;][\/vc_column][\/vc_row][vc_row][vc_column reveal_effect=&#8221;&#8221; width=&#8221;5\/12&#8243;][elx_image_block background_image=&#8221;794&#8243; vert_back_position=&#8221;top&#8221; minimum_height=&#8221;350px&#8221;][\/vc_column][vc_column reveal_effect=&#8221;&#8221; width=&#8221;7\/12&#8243;][vc_row_inner][vc_column_inner width=&#8221;5\/6&#8243;][vc_empty_space height=&#8221;10px&#8221;][vc_column_text el_class=&#8221;p-16&#8243;]<\/p>\n<h4>Vulkan ryger<\/h4>\n<p>Vulkan ryger er det perfekte tilbeh\u00f8r til Electrolux ovne. S\u00e6t gang i r\u00f8gen via tr\u00e6flis eller t\u00f8rrede krydderier[\/vc_column_text][vc_empty_space height=&#8221;10px&#8221;][vc_single_image image=&#8221;806&#8243; img_size=&#8221;600x314px&#8221; css_animation=&#8221;right-to-left&#8221;][\/vc_column_inner][vc_column_inner width=&#8221;1\/6&#8243;][\/vc_column_inner][\/vc_row_inner][vc_empty_space height=&#8221;22px&#8221;][\/vc_column][\/vc_row][vc_row css=&#8221;.vc_custom_1613385095959{padding-right: 15px !important;padding-left: 15px !important;}&#8221;][vc_column reveal_effect=&#8221;&#8221; css=&#8221;.vc_custom_1613384967326{margin-top: 60px !important;border-top-width: 1px !important;padding-top: 32px !important;border-top-color: #adb1b2 !important;border-top-style: solid !important;}&#8221;][vc_empty_space height=&#8221;60px&#8221;][\/vc_column][\/vc_row][vc_row][vc_column reveal_effect=&#8221;&#8221; width=&#8221;5\/12&#8243;][elx_image_block background_image=&#8221;795&#8243; minimum_height=&#8221;400px&#8221;][\/vc_column][vc_column reveal_effect=&#8221;&#8221; width=&#8221;7\/12&#8243;][vc_row_inner][vc_column_inner width=&#8221;5\/6&#8243;][vc_empty_space height=&#8221;10px&#8221;][vc_column_text el_class=&#8221;p-16&#8243;]<\/p>\n<h4>Kyllinge system\/tilbeh\u00f8r<\/h4>\n<p>Minim\u00e9r tilberedningstiden og maksim\u00e9r smagen med air-o-steam Touchline. Kombinationen af det dedikerede program til spr\u00f8de og saftige stegte kyllinger og det store tilbeh\u00f8rsprogram er den perfekte l\u00f8sning for at \u00f8ge dit salg af kyllinger mv.[\/vc_column_text][vc_single_image image=&#8221;807&#8243; img_size=&#8221;530&#215;285&#8243; css_animation=&#8221;right-to-left&#8221;][\/vc_column_inner][vc_column_inner width=&#8221;1\/6&#8243;][\/vc_column_inner][\/vc_row_inner][\/vc_column][\/vc_row][vc_row css=&#8221;.vc_custom_1613385095959{padding-right: 15px !important;padding-left: 15px !important;}&#8221;][vc_column reveal_effect=&#8221;&#8221; css=&#8221;.vc_custom_1613384967326{margin-top: 60px !important;border-top-width: 1px !important;padding-top: 32px !important;border-top-color: #adb1b2 !important;border-top-style: solid !important;}&#8221;][vc_empty_space height=&#8221;60px&#8221;][\/vc_column][\/vc_row][vc_row][vc_column reveal_effect=&#8221;&#8221; width=&#8221;5\/12&#8243;][elx_image_block background_image=&#8221;11298&#8243; minimum_height=&#8221;380px&#8221;][\/vc_column][vc_column reveal_effect=&#8221;&#8221; width=&#8221;7\/12&#8243;][vc_row_inner][vc_column_inner width=&#8221;5\/6&#8243;][vc_empty_space height=&#8221;10px&#8221;][vc_column_text el_class=&#8221;p-16&#8243;]<\/p>\n<h4>Effektiv ovnrens og afsp\u00e6nding til ovne<\/h4>\n<p>Vores ovnrens og afsp\u00e6nding er i overensstemmelse med hygiejne- og sikkerhedsstandarder og er yderst effektiv[\/vc_column_text][vc_empty_space height=&#8221;10px&#8221;][vc_single_image image=&#8221;802&#8243; img_size=&#8221;350&#215;210&#8243; css_animation=&#8221;right-to-left&#8221; css=&#8221;.vc_custom_1577445680979{margin-top: 25px !important;}&#8221;][\/vc_column_inner][vc_column_inner width=&#8221;1\/6&#8243;][\/vc_column_inner][\/vc_row_inner][\/vc_column][\/vc_row][vc_row css=&#8221;.vc_custom_1613385095959{padding-right: 15px !important;padding-left: 15px !important;}&#8221;][vc_column reveal_effect=&#8221;&#8221; css=&#8221;.vc_custom_1613384967326{margin-top: 60px !important;border-top-width: 1px !important;padding-top: 32px !important;border-top-color: #adb1b2 !important;border-top-style: solid !important;}&#8221;][vc_empty_space height=&#8221;60px&#8221;][\/vc_column][\/vc_row][vc_row gap=&#8221;20&#8243; css=&#8221;.vc_custom_1525174139850{margin-right: 0px !important;margin-left: 0px !important;padding-top: 0px !important;padding-right: 0px !important;padding-left: 0px !important;}&#8221;][vc_column reveal_effect=&#8221;&#8221; css=&#8221;.vc_custom_1549285565665{padding-right: 15px !important;}&#8221; offset=&#8221;vc_hidden-lg vc_hidden-md vc_hidden-sm&#8221;][vc_column_text css=&#8221;.vc_custom_1549197123813{margin-right: 10px !important;margin-bottom: 10px !important;margin-left: 10px !important;}&#8221;]<\/p>\n<h4 class=\"widget-title\">Kontakt os med det samme<\/h4>\n<p>[\/vc_column_text][vc_column_text css_animation=&#8221;none&#8221; el_class=&#8221;p-16&#8243; css=&#8221;.vc_custom_1549197454087{margin-right: 10px !important;margin-bottom: 20px !important;margin-left: 10px !important;}&#8221;]Er du interesseret i Cook &amp; Chill, Electrolux air-o-system eller mangler du tilbeh\u00f8r, s\u00e5 ring p\u00e5 8740 3500 eller udfyld formularen her[\/vc_column_text][vc_empty_space][elx_video_block background_image=&#8221;9169&#8243; video_link=&#8221;https:\/\/www.youtube.com\/watch?v=u_2r9PxDHzI&#8221; minimum_height=&#8221;210px&#8221;][vc_empty_space height=&#8221;12px&#8221;][\/vc_column][\/vc_row][vc_row gap=&#8221;20&#8243; css=&#8221;.vc_custom_1525174139850{margin-right: 0px !important;margin-left: 0px !important;padding-top: 0px !important;padding-right: 0px !important;padding-left: 0px !important;}&#8221;][vc_column reveal_effect=&#8221;&#8221; width=&#8221;1\/3&#8243; css=&#8221;.vc_custom_1549285592206{padding-right: 15px !important;}&#8221; offset=&#8221;vc_hidden-xs&#8221;][vc_row_inner][vc_column_inner][vc_column_text css=&#8221;.vc_custom_1549197123813{margin-right: 10px !important;margin-bottom: 10px !important;margin-left: 10px !important;}&#8221;]<\/p>\n<h4 class=\"widget-title\">Kontakt os med det samme<\/h4>\n<p>[\/vc_column_text][vc_column_text css_animation=&#8221;none&#8221; el_class=&#8221;p-16&#8243; css=&#8221;.vc_custom_1549197454087{margin-right: 10px !important;margin-bottom: 20px !important;margin-left: 10px !important;}&#8221;]Er du interesseret i Cook &amp; Chill, Electrolux air-o-system eller mangler du tilbeh\u00f8r, s\u00e5 ring p\u00e5 8740 3500 eller udfyld formularen her[\/vc_column_text][elx_button button_text=&#8221;kontakt os&#8221; button_display_block=&#8221;display_block_on&#8221; button_link=&#8221;url:https%3A%2F%2Fwww.electroluxprofessional.com%2Fdk%2Fcook-chill-kontakt%2F|title:Kontakt%20os|target:%20_blank|&#8221;][\/vc_column_inner][\/vc_row_inner][\/vc_column][vc_column reveal_effect=&#8221;&#8221; width=&#8221;1\/3&#8243; css=&#8221;.vc_custom_1549285587556{margin-right: 20px !important;padding-left: 15px !important;}&#8221; offset=&#8221;vc_hidden-xs&#8221;][vc_empty_space height=&#8221;12px&#8221;][elx_video_block background_image=&#8221;9169&#8243; video_link=&#8221;https:\/\/www.youtube.com\/watch?v=u_2r9PxDHzI&#8221; minimum_height=&#8221;238px&#8221;][\/vc_column][vc_column reveal_effect=&#8221;&#8221; width=&#8221;1\/3&#8243;][vc_column_text css=&#8221;.vc_custom_1599736077941{margin-right: 14px !important;margin-bottom: 10px !important;margin-left: 14px !important;}&#8221;]<\/p>\n<h4 class=\"widget-title\">Hold dig ajour p\u00e5 k\u00f8kkenfronten<\/h4>\n<p>[\/vc_column_text][vc_column_text css_animation=&#8221;none&#8221; el_class=&#8221;p-16&#8243; css=&#8221;.vc_custom_1599736051558{margin-right: 14px !important;margin-bottom: 20px !important;margin-left: 14px !important;}&#8221;]F\u00e5 e-mails med nyheder, tilbud, konkurrencer, tips og gode r\u00e5d om professionelle k\u00f8kkenl\u00f8sninger.[\/vc_column_text][elx_o2000_mailchimp_form language=&#8221;dk&#8221; listid=&#8221;b89db8ceb5&#8243;][\/vc_column][\/vc_row][vc_row][vc_column][vc_empty_space height=&#8221;40px&#8221;][\/vc_column][\/vc_row]<\/p>\n","protected":false},"excerpt":{"rendered":"<p>[vc_row matched_labels=&#8221;&#8221; css=&#8221;.vc_custom_1613637385379{padding-top: 80px !important;padding-bottom: 80px !important;background-color: #dadfe1 !important;}&#8221;][vc_column][elx_heading font_container=&#8221;h1&#8243; font_size=&#8221;h1&#8243; text_color=&#8221;electrolux-blue&#8221; text_align=&#8221;text-left&#8221;]Find masser af Cook &amp; Chill tilbeh\u00f8r til dit air-o-system[\/elx_heading][\/vc_column][\/vc_row][vc_row][vc_column width=&#8221;2\/3&#8243;][vc_empty_space][vc_column_text el_class=&#8221;p-16&#8243; css=&#8221;.vc_custom_1613385458129{margin-top: 20px !important;}&#8221;] F\u00e5 det bedste ud af dit air-o-system med masser af Cook &amp; Chill tilbeh\u00f8r til basis- og avancerede form\u00e5l. Og den bedste vedligeholdelse. [\/vc_column_text][vc_empty_space height=&#8221;50px&#8221;][\/vc_column][vc_column width=&#8221;1\/3&#8243;][vc_empty_space][\/vc_column][\/vc_row][vc_row][vc_column reveal_effect=&#8221;&#8221; width=&#8221;5\/12&#8243;][elx_image_block [&hellip;]<\/p>\n","protected":false},"author":64,"featured_media":0,"parent":0,"menu_order":0,"comment_status":"closed","ping_status":"closed","template":"","meta":{"footnotes":""},"class_list":["post-11187","page","type-page","status-publish","hentry"],"acf":[],"yoast_head":"<!-- This site is optimized with the Yoast SEO plugin v23.3 - https:\/\/yoast.com\/wordpress\/plugins\/seo\/ -->\n<title>Cook &amp; Chill tilbeh\u00f8r til dit air-o-system fra Electrolux Professional<\/title>\n<meta name=\"description\" content=\"F\u00e5 det bedste ud af dit air-o-system og Cook &amp; Chill med masser af Cook &amp; Chill tilbeh\u00f8r til basis- og avancerede form\u00e5l. Riste, bradepander, vakuum-pakker til sous-vide, kyllinge-stege udstyr og meget mere\" \/>\n<meta name=\"robots\" content=\"index, follow, max-snippet:-1, max-image-preview:large, max-video-preview:-1\" \/>\n<link rel=\"canonical\" href=\"https:\/\/www.electroluxprofessional.com\/dk\/cook-chill-tilbehoer\/\" \/>\n<meta property=\"og:locale\" content=\"da_DK\" \/>\n<meta property=\"og:type\" content=\"article\" \/>\n<meta property=\"og:title\" content=\"Cook &amp; Chill tilbeh\u00f8r til dit air-o-system fra Electrolux Professional\" \/>\n<meta property=\"og:description\" content=\"F\u00e5 det bedste ud af dit air-o-system og Cook &amp; Chill med masser af Cook &amp; Chill tilbeh\u00f8r til basis- og avancerede form\u00e5l. Riste, bradepander, vakuum-pakker til sous-vide, kyllinge-stege udstyr og meget mere\" \/>\n<meta property=\"og:url\" content=\"https:\/\/www.electroluxprofessional.com\/dk\/cook-chill-tilbehoer\/\" \/>\n<meta property=\"og:site_name\" content=\"Electrolux Professional Danmark\" \/>\n<meta property=\"article:modified_time\" content=\"2021-02-18T08:39:23+00:00\" \/>\n<meta name=\"twitter:card\" content=\"summary_large_image\" \/>\n<meta name=\"twitter:label1\" content=\"Estimeret l\u00e6setid\" \/>\n\t<meta name=\"twitter:data1\" content=\"6 minutter\" \/>\n<script type=\"application\/ld+json\" class=\"yoast-schema-graph\">{\"@context\":\"https:\/\/schema.org\",\"@graph\":[{\"@type\":\"WebPage\",\"@id\":\"https:\/\/www.electroluxprofessional.com\/dk\/cook-chill-tilbehoer\/\",\"url\":\"https:\/\/www.electroluxprofessional.com\/dk\/cook-chill-tilbehoer\/\",\"name\":\"Cook & Chill tilbeh\u00f8r til dit air-o-system fra Electrolux Professional\",\"isPartOf\":{\"@id\":\"https:\/\/www.electroluxprofessional.com\/dk\/#website\"},\"datePublished\":\"2021-02-14T12:44:06+00:00\",\"dateModified\":\"2021-02-18T08:39:23+00:00\",\"description\":\"F\u00e5 det bedste ud af dit air-o-system og Cook & Chill med masser af Cook & Chill tilbeh\u00f8r til basis- og avancerede form\u00e5l. Riste, bradepander, vakuum-pakker til sous-vide, kyllinge-stege udstyr og meget mere\",\"breadcrumb\":{\"@id\":\"https:\/\/www.electroluxprofessional.com\/dk\/cook-chill-tilbehoer\/#breadcrumb\"},\"inLanguage\":\"da-DK\",\"potentialAction\":[{\"@type\":\"ReadAction\",\"target\":[\"https:\/\/www.electroluxprofessional.com\/dk\/cook-chill-tilbehoer\/\"]}]},{\"@type\":\"BreadcrumbList\",\"@id\":\"https:\/\/www.electroluxprofessional.com\/dk\/cook-chill-tilbehoer\/#breadcrumb\",\"itemListElement\":[{\"@type\":\"ListItem\",\"position\":1,\"name\":\"Home\",\"item\":\"https:\/\/www.electroluxprofessional.com\/dk\/\"},{\"@type\":\"ListItem\",\"position\":2,\"name\":\"Cook &#038; Chill tilbeh\u00f8r\"}]},{\"@type\":\"WebSite\",\"@id\":\"https:\/\/www.electroluxprofessional.com\/dk\/#website\",\"url\":\"https:\/\/www.electroluxprofessional.com\/dk\/\",\"name\":\"Electrolux Professional Danmark\",\"description\":\"\",\"potentialAction\":[{\"@type\":\"SearchAction\",\"target\":{\"@type\":\"EntryPoint\",\"urlTemplate\":\"https:\/\/www.electroluxprofessional.com\/dk\/?src={search_term_string}\"},\"query-input\":\"required name=search_term_string\"}],\"inLanguage\":\"da-DK\"}]}<\/script>\n<!-- \/ Yoast SEO plugin. -->","yoast_head_json":{"title":"Cook & Chill tilbeh\u00f8r til dit air-o-system fra Electrolux Professional","description":"F\u00e5 det bedste ud af dit air-o-system og Cook & Chill med masser af Cook & Chill tilbeh\u00f8r til basis- og avancerede form\u00e5l. Riste, bradepander, vakuum-pakker til sous-vide, kyllinge-stege udstyr og meget mere","robots":{"index":"index","follow":"follow","max-snippet":"max-snippet:-1","max-image-preview":"max-image-preview:large","max-video-preview":"max-video-preview:-1"},"canonical":"https:\/\/www.electroluxprofessional.com\/dk\/cook-chill-tilbehoer\/","og_locale":"da_DK","og_type":"article","og_title":"Cook & Chill tilbeh\u00f8r til dit air-o-system fra Electrolux Professional","og_description":"F\u00e5 det bedste ud af dit air-o-system og Cook & Chill med masser af Cook & Chill tilbeh\u00f8r til basis- og avancerede form\u00e5l. Riste, bradepander, vakuum-pakker til sous-vide, kyllinge-stege udstyr og meget mere","og_url":"https:\/\/www.electroluxprofessional.com\/dk\/cook-chill-tilbehoer\/","og_site_name":"Electrolux Professional Danmark","article_modified_time":"2021-02-18T08:39:23+00:00","twitter_card":"summary_large_image","twitter_misc":{"Estimeret l\u00e6setid":"6 minutter"},"schema":{"@context":"https:\/\/schema.org","@graph":[{"@type":"WebPage","@id":"https:\/\/www.electroluxprofessional.com\/dk\/cook-chill-tilbehoer\/","url":"https:\/\/www.electroluxprofessional.com\/dk\/cook-chill-tilbehoer\/","name":"Cook & Chill tilbeh\u00f8r til dit air-o-system fra Electrolux Professional","isPartOf":{"@id":"https:\/\/www.electroluxprofessional.com\/dk\/#website"},"datePublished":"2021-02-14T12:44:06+00:00","dateModified":"2021-02-18T08:39:23+00:00","description":"F\u00e5 det bedste ud af dit air-o-system og Cook & Chill med masser af Cook & Chill tilbeh\u00f8r til basis- og avancerede form\u00e5l. Riste, bradepander, vakuum-pakker til sous-vide, kyllinge-stege udstyr og meget mere","breadcrumb":{"@id":"https:\/\/www.electroluxprofessional.com\/dk\/cook-chill-tilbehoer\/#breadcrumb"},"inLanguage":"da-DK","potentialAction":[{"@type":"ReadAction","target":["https:\/\/www.electroluxprofessional.com\/dk\/cook-chill-tilbehoer\/"]}]},{"@type":"BreadcrumbList","@id":"https:\/\/www.electroluxprofessional.com\/dk\/cook-chill-tilbehoer\/#breadcrumb","itemListElement":[{"@type":"ListItem","position":1,"name":"Home","item":"https:\/\/www.electroluxprofessional.com\/dk\/"},{"@type":"ListItem","position":2,"name":"Cook &#038; Chill tilbeh\u00f8r"}]},{"@type":"WebSite","@id":"https:\/\/www.electroluxprofessional.com\/dk\/#website","url":"https:\/\/www.electroluxprofessional.com\/dk\/","name":"Electrolux Professional Danmark","description":"","potentialAction":[{"@type":"SearchAction","target":{"@type":"EntryPoint","urlTemplate":"https:\/\/www.electroluxprofessional.com\/dk\/?src={search_term_string}"},"query-input":"required name=search_term_string"}],"inLanguage":"da-DK"}]}},"_links":{"self":[{"href":"https:\/\/www.electroluxprofessional.com\/dk\/wp-json\/wp\/v2\/pages\/11187"}],"collection":[{"href":"https:\/\/www.electroluxprofessional.com\/dk\/wp-json\/wp\/v2\/pages"}],"about":[{"href":"https:\/\/www.electroluxprofessional.com\/dk\/wp-json\/wp\/v2\/types\/page"}],"author":[{"embeddable":true,"href":"https:\/\/www.electroluxprofessional.com\/dk\/wp-json\/wp\/v2\/users\/64"}],"replies":[{"embeddable":true,"href":"https:\/\/www.electroluxprofessional.com\/dk\/wp-json\/wp\/v2\/comments?post=11187"}],"version-history":[{"count":102,"href":"https:\/\/www.electroluxprofessional.com\/dk\/wp-json\/wp\/v2\/pages\/11187\/revisions"}],"predecessor-version":[{"id":11279,"href":"https:\/\/www.electroluxprofessional.com\/dk\/wp-json\/wp\/v2\/pages\/11187\/revisions\/11279"}],"wp:attachment":[{"href":"https:\/\/www.electroluxprofessional.com\/dk\/wp-json\/wp\/v2\/media?parent=11187"}],"curies":[{"name":"wp","href":"https:\/\/api.w.org\/{rel}","templated":true}]}}