{"id":10889,"date":"2022-03-01T04:34:33","date_gmt":"2022-03-01T04:34:33","guid":{"rendered":"https:\/\/www.electroluxprofessional.com\/dk\/?page_id=10889"},"modified":"2025-11-05T16:58:17","modified_gmt":"2025-11-05T16:58:17","slug":"glasopvasker","status":"publish","type":"page","link":"https:\/\/www.electroluxprofessional.com\/dk\/glasopvasker\/","title":{"rendered":"Glasopvasker"},"content":{"rendered":"<p>[vc_row full_width=&#8221;electroluxpro-full-width-no-padding&#8221;][vc_column reveal_effect=&#8221;&#8221;][elx_image_block background_image=&#8221;10886&#8243; minimum_height=&#8221;250px&#8221;][\/vc_column][\/vc_row][vc_row][vc_column offset=&#8221;vc_hidden-xs&#8221;][vc_empty_space][elx_heading font_container=&#8221;h1&#8243; font_size=&#8221;h1&#8243; text_color=&#8221;inherit&#8221; text_align=&#8221;text-left&#8221;]Professionel glasopvasker \u2013 nemmere, hurtigere og mere sikkert[\/elx_heading][vc_empty_space height=&#8221;60px&#8221;][\/vc_column][\/vc_row][vc_row css=&#8221;.vc_custom_1543395947711{margin-bottom: -40px !important;}&#8221;][vc_column offset=&#8221;vc_hidden-lg vc_hidden-md vc_hidden-sm&#8221;][vc_empty_space height=&#8221;20px&#8221;][elx_heading font_container=&#8221;h3&#8243; font_size=&#8221;h3&#8243; text_color=&#8221;inherit&#8221; text_align=&#8221;text-left&#8221;]Professionel glasopvasker \u2013 nemmere, hurtigere og mere sikkert[\/elx_heading][vc_empty_space height=&#8221;40px&#8221;][\/vc_column][\/vc_row][vc_row][vc_column reveal_effect=&#8221;&#8221; width=&#8221;1\/2&#8243; offset=&#8221;vc_hidden-xs&#8221;][vc_column_text el_class=&#8221;p-16&#8243;]Professionel glasopvaskemaskine med lynhurtige og effektive vaskeprogrammer specielt udviklet til at sikre dig skinnende rene glas p\u00e5 f\u00e5 minutter. Langsomme opvaskeprogrammer er ofte en udfordring i professionelle bar- og k\u00f8kkenmilj\u00f8er. Det slipper du for, n\u00e5r du v\u00e6lger en professionel glasopvasker fra Electrolux Professional.<\/p>\n<p>En professionel glasopvasker fra Electrolux er designet, s\u00e5 de nemt og enkelt passer ind i et hvert milj\u00f8 og ikke optager un\u00f8dig plads. Samtidig er professionelle glasopvaskemaskiner s\u00e6rdeles st\u00f8jsvage. S\u00e5 hvad enten du bestyrer en bar, pub eller en caf\u00e9, kan du holde 100% fokus at servicere dine g\u00e6ster p\u00e5 den bedst mulige m\u00e5de. Hurtig servering i skinnende rene glas og kopper.<\/p>\n<p>Dette f\u00e5r du, n\u00e5r du v\u00e6lger en<strong> professionel glasopvaskemaskine<\/strong>.[\/vc_column_text][vc_empty_space height=&#8221;50px&#8221;][vc_column_text]<a class=\"button-backlink\" style=\"text-decoration: none;\" href=\"https:\/\/www.electroluxprofessional.com\/dk\/industriopvaskemaskine\/\">FIND DEN PROFESSIONELLE OPVASKEMASKINE, DER PASSER TIL DIN BRANCHE OG DIT BEHOV<\/a>[\/vc_column_text][\/vc_column][vc_column reveal_effect=&#8221;&#8221; width=&#8221;1\/2&#8243; offset=&#8221;vc_hidden-xs&#8221;][vc_single_image image=&#8221;19516&#8243; img_size=&#8221;full&#8221; alignment=&#8221;center&#8221; css=&#8221;.vc_custom_1646131049406{padding-top: 40px !important;}&#8221;][\/vc_column][\/vc_row][vc_row][vc_column reveal_effect=&#8221;&#8221; offset=&#8221;vc_hidden-lg vc_hidden-md vc_hidden-sm&#8221;][vc_column_text el_class=&#8221;p-16&#8243;]Professionel glasopvaskemaskine med lynhurtige og effektive vaskeprogrammer specielt udviklet til at sikre dig skinnende rene glas p\u00e5 f\u00e5 minutter. Langsomme opvaskeprogrammer er ofte en udfordring i professionelle bar- og k\u00f8kkenmilj\u00f8er. Det slipper du for, n\u00e5r du v\u00e6lger en professionel glasopvaskemaskine fra Electrolux Professional.<\/p>\n<p>En professionel glasopvaskemaskine fra Electrolux er designet, s\u00e5 de nemt og enkelt passer ind i et hvert milj\u00f8 og ikke optager un\u00f8dig plads. Samtidig er professionelle glasopvaskemaskiner s\u00e6rdeles st\u00f8jsvage. S\u00e5 hvad enten du bestyrer en bar, pub eller en caf\u00e9, kan du holde 100% fokus at servicere dine g\u00e6ster p\u00e5 den bedst mulige m\u00e5de. Hurtig servering i skinnende rene glas og kopper.<\/p>\n<p>Dette f\u00e5r du, n\u00e5r du v\u00e6lger en<strong> professionel glasopvaskemaskine<\/strong>.[\/vc_column_text][vc_empty_space][vc_single_image image=&#8221;19516&#8243; img_size=&#8221;full&#8221; alignment=&#8221;center&#8221; css=&#8221;.vc_custom_1640000652565{padding-top: 40px !important;}&#8221;][vc_empty_space][vc_column_text]<a class=\"button-backlink-mobil\" style=\"text-decoration: none;\" href=\"https:\/\/www.electroluxprofessional.com\/dk\/industriopvaskemaskine\/\">FIND DEN PROFESSIONELLE OPVASKEMASKINE, DER PASSER TIL DIN BRANCHE OG DIT BEHOV<\/a>[\/vc_column_text][\/vc_column][\/vc_row][vc_row css=&#8221;.vc_custom_1577700337628{margin-top: 60px !important;margin-bottom: 64px !important;}&#8221;][vc_column width=&#8221;1\/2&#8243;][elx_button button_text=&#8221;h\u00f8r hvad vi kan g\u00f8re for dig&#8221; button_display_block=&#8221;display_block_on&#8221; button_alignment=&#8221;align_right&#8221; button_link=&#8221;url:https%3A%2F%2Fwww.electroluxprofessional.com%2Fdk%2Fkontakt-koekken%2F|title:Kontakt%20%E2%80%93%20k%C3%B8kken|target:%20_blank|&#8221; css=&#8221;.vc_custom_1616405881645{padding-right: 32px !important;padding-left: 32px !important;}&#8221;][\/vc_column][vc_column reveal_effect=&#8221;&#8221; width=&#8221;1\/2&#8243;][vc_row_inner][vc_column_inner offset=&#8221;vc_hidden-lg vc_hidden-md vc_hidden-sm&#8221;][vc_empty_space][\/vc_column_inner][\/vc_row_inner][elx_button button_text=&#8221;teknisk service og support&#8221; button_display_block=&#8221;display_block_on&#8221; button_link=&#8221;url:https%3A%2F%2Fwww.electroluxprofessional.com%2Fdk%2Fforhandlere-service%2F|title:Service|target:%20_blank|&#8221; css=&#8221;.vc_custom_1616405890799{padding-right: 32px !important;padding-left: 32px !important;}&#8221;][\/vc_column][\/vc_row][vc_row css=&#8221;.vc_custom_1616406043082{margin-top: 40px !important;padding-top: 32px !important;padding-bottom: 32px !important;background-color: #dadfe1 !important;}&#8221;][vc_column width=&#8221;1\/2&#8243;][elx_video_block background_image=&#8221;2343&#8243; video_link=&#8221;https:\/\/www.youtube.com\/watch?v=qeVfwgTkxyY&#8221; minimum_height=&#8221;260px&#8221;][\/vc_column][vc_column width=&#8221;1\/2&#8243;][vc_empty_space height=&#8221;50px&#8221;][elx_heading font_container=&#8221;h4&#8243; font_size=&#8221;h4&#8243; text_color=&#8221;electrolux-blue&#8221; text_align=&#8221;text-left&#8221;]Professionel glasopvaskemaskine &#8211; hurtig servering i skinnende rene glas og kopper. Ideel til caf\u00e9er og barer.[\/elx_heading][vc_column_text]<a href=\"https:\/\/www.youtube.com\/watch?v=qeVfwgTkxyY\">Se video om e-flex glas-opvasker <\/a>[\/vc_column_text][\/vc_column][\/vc_row][vc_row css=&#8221;.vc_custom_1616406054897{margin-top: 80px !important;}&#8221;][vc_column width=&#8221;1\/4&#8243;][elx_image_block background_image=&#8221;19519&#8243; minimum_height=&#8221;240px&#8221;][vc_empty_space height=&#8221;10px&#8221;][elx_heading font_container=&#8221;h6&#8243; font_size=&#8221;h6&#8243; text_color=&#8221;inherit&#8221;]Tidsbesparende[\/elx_heading][vc_column_text el_class=&#8221;p-16&#8243;]Elektronisk kontrolpanel med et display, der viser temperaturen, s\u00e5 man enkelt kan overv\u00e5ge maskinen.[\/vc_column_text][vc_empty_space][\/vc_column][vc_column width=&#8221;1\/4&#8243;][elx_image_block background_image=&#8221;2338&#8243; minimum_height=&#8221;240px&#8221;][vc_empty_space height=&#8221;10px&#8221;][elx_heading font_container=&#8221;h6&#8243; font_size=&#8221;h6&#8243; text_color=&#8221;inherit&#8221;]Sikker og ergonomisk[\/elx_heading][vc_column_text el_class=&#8221;p-16&#8243;]D\u00f8r med kontrav\u00e6gt\u00a0 betyder n\u00e6nsom \u00e5bning og lukning. Maskinens specielle h\u00e5ndtag g\u00f8r den nem at \u00e5bne.[\/vc_column_text][vc_empty_space][\/vc_column][vc_column width=&#8221;1\/4&#8243;][elx_image_block background_image=&#8221;2339&#8243; minimum_height=&#8221;240px&#8221;][vc_empty_space height=&#8221;10px&#8221;][elx_heading font_container=&#8221;h6&#8243; font_size=&#8221;h6&#8243; text_color=&#8221;inherit&#8221;]Fremragende ydeevne [\/elx_heading][vc_column_text el_class=&#8221;p-16&#8243;]Perfekt resultat takket v\u00e6re dobbelt over og under skyllearme.[\/vc_column_text][vc_empty_space][\/vc_column][vc_column width=&#8221;1\/4&#8243;][elx_image_block background_image=&#8221;2340&#8243; minimum_height=&#8221;240px&#8221;][vc_empty_space height=&#8221;10px&#8221;][elx_heading font_container=&#8221;h6&#8243; font_size=&#8221;h6&#8243; text_color=&#8221;inherit&#8221;]Perfekt hygiejne [\/elx_heading][vc_column_text el_class=&#8221;p-16&#8243;]Designet i rustfrit st\u00e5l for en nem reng\u00f8ring og perfekt hygiejne.[\/vc_column_text][\/vc_column][\/vc_row][vc_row][vc_column][vc_empty_space height=&#8221;50px&#8221;][\/vc_column][\/vc_row][vc_row][vc_column width=&#8221;1\/2&#8243;][vc_empty_space height=&#8221;20px&#8221;][elx_heading font_container=&#8221;h4&#8243; font_size=&#8221;h4&#8243; text_color=&#8221;electrolux-blue&#8221; text_align=&#8221;text-left&#8221;]H\u00f8r mere om E-flex glasopvaskemaskiner og f\u00e5 hj\u00e6lp til at v\u00e6lge den rigtige model:[\/elx_heading][vc_empty_space][\/vc_column][vc_column width=&#8221;1\/2&#8243;][\/vc_column][\/vc_row][vc_row][vc_column width=&#8221;1\/2&#8243;][elx_o2000_contact_us r=&#8221;Jeg vil gerne h\u00f8re mere om E-flex glasopvaskemaskine. Kontakt mig.&#8221; s=&#8221;Kontakt ang\u00e5ende E-flex glasopvaskemaskine&#8221; country=&#8221;Denmark&#8221; b=&#8221;food&#8221; l=&#8221;dk&#8221; e=&#8221;steen.rasmussen@electroluxprofessional.com&#8221;][vc_empty_space height=&#8221;50px&#8221;][\/vc_column][vc_column width=&#8221;1\/2&#8243;][vc_empty_space height=&#8221;8px&#8221;][vc_single_image image=&#8221;19514&#8243; img_size=&#8221;large&#8221;][\/vc_column][\/vc_row][vc_row][vc_column][vc_empty_space height=&#8221;60px&#8221;][\/vc_column][\/vc_row][vc_row][vc_column][elx_heading font_size=&#8221;h3&#8243; text_color=&#8221;inherit&#8221; text_align=&#8221;text-center&#8221;]Find den ideelle l\u00f8sning til din virksomhed [\/elx_heading][\/vc_column][\/vc_row][vc_row][vc_column width=&#8221;1\/3&#8243;][elx_maylike_box id_box=&#8221;1758&#8243;][\/vc_column][vc_column width=&#8221;1\/3&#8243;][elx_maylike_box id_box=&#8221;337&#8243;][\/vc_column][vc_column width=&#8221;1\/3&#8243;][elx_maylike_box id_box=&#8221;2311&#8243;][\/vc_column][\/vc_row][vc_row][vc_column][vc_empty_space height=&#8221;50px&#8221;][\/vc_column][\/vc_row]<\/p>\n","protected":false},"excerpt":{"rendered":"<p>[vc_row full_width=&#8221;electroluxpro-full-width-no-padding&#8221;][vc_column reveal_effect=&#8221;&#8221;][elx_image_block background_image=&#8221;10886&#8243; minimum_height=&#8221;250px&#8221;][\/vc_column][\/vc_row][vc_row][vc_column offset=&#8221;vc_hidden-xs&#8221;][vc_empty_space][elx_heading font_container=&#8221;h1&#8243; font_size=&#8221;h1&#8243; text_color=&#8221;inherit&#8221; text_align=&#8221;text-left&#8221;]Professionel glasopvasker \u2013 nemmere, hurtigere og mere sikkert[\/elx_heading][vc_empty_space height=&#8221;60px&#8221;][\/vc_column][\/vc_row][vc_row css=&#8221;.vc_custom_1543395947711{margin-bottom: -40px !important;}&#8221;][vc_column offset=&#8221;vc_hidden-lg vc_hidden-md vc_hidden-sm&#8221;][vc_empty_space height=&#8221;20px&#8221;][elx_heading font_container=&#8221;h3&#8243; font_size=&#8221;h3&#8243; text_color=&#8221;inherit&#8221; text_align=&#8221;text-left&#8221;]Professionel glasopvasker \u2013 nemmere, hurtigere og mere sikkert[\/elx_heading][vc_empty_space height=&#8221;40px&#8221;][\/vc_column][\/vc_row][vc_row][vc_column reveal_effect=&#8221;&#8221; width=&#8221;1\/2&#8243; offset=&#8221;vc_hidden-xs&#8221;][vc_column_text el_class=&#8221;p-16&#8243;]Professionel glasopvaskemaskine med lynhurtige og effektive vaskeprogrammer specielt udviklet til at sikre dig skinnende rene [&hellip;]<\/p>\n","protected":false},"author":64,"featured_media":0,"parent":0,"menu_order":0,"comment_status":"closed","ping_status":"closed","template":"","meta":{"footnotes":""},"class_list":["post-10889","page","type-page","status-publish","hentry"],"acf":[],"yoast_head":"<!-- This site is optimized with the Yoast SEO plugin v23.3 - https:\/\/yoast.com\/wordpress\/plugins\/seo\/ -->\n<title>Glasopvasker - rene glas p\u00e5 2 minutter! Electrolux Professional<\/title>\n<meta name=\"description\" content=\"Glasopvasker - hurtigt,nemt og sikkert! Professionel glasopvaskemaskine med lynhurtige og effektive vaskeprogrammer sikrer dig skinnende rene glas p\u00e5 f\u00e5 minutter.S\u00e5 hvad enten du bestyrer en bar, pub eller en caf\u00e9, kan du holde 100% fokus at servicere dine g\u00e6ster p\u00e5 den bedst mulige m\u00e5de.\" \/>\n<meta name=\"robots\" content=\"index, follow, max-snippet:-1, max-image-preview:large, max-video-preview:-1\" \/>\n<link rel=\"canonical\" href=\"https:\/\/www.electroluxprofessional.com\/dk\/glasopvasker\/\" \/>\n<meta property=\"og:locale\" content=\"da_DK\" \/>\n<meta property=\"og:type\" content=\"article\" \/>\n<meta property=\"og:title\" content=\"Glasopvasker - rene glas p\u00e5 2 minutter! Electrolux Professional\" \/>\n<meta property=\"og:description\" content=\"Glasopvasker - hurtigt,nemt og sikkert! Professionel glasopvaskemaskine med lynhurtige og effektive vaskeprogrammer sikrer dig skinnende rene glas p\u00e5 f\u00e5 minutter.S\u00e5 hvad enten du bestyrer en bar, pub eller en caf\u00e9, kan du holde 100% fokus at servicere dine g\u00e6ster p\u00e5 den bedst mulige m\u00e5de.\" \/>\n<meta property=\"og:url\" content=\"https:\/\/www.electroluxprofessional.com\/dk\/glasopvasker\/\" \/>\n<meta property=\"og:site_name\" content=\"Electrolux Professional Danmark\" \/>\n<meta property=\"article:modified_time\" content=\"2025-11-05T16:58:17+00:00\" \/>\n<meta name=\"twitter:card\" content=\"summary_large_image\" \/>\n<meta name=\"twitter:label1\" content=\"Estimeret l\u00e6setid\" \/>\n\t<meta name=\"twitter:data1\" content=\"3 minutter\" \/>\n<script type=\"application\/ld+json\" class=\"yoast-schema-graph\">{\"@context\":\"https:\/\/schema.org\",\"@graph\":[{\"@type\":\"WebPage\",\"@id\":\"https:\/\/www.electroluxprofessional.com\/dk\/glasopvasker\/\",\"url\":\"https:\/\/www.electroluxprofessional.com\/dk\/glasopvasker\/\",\"name\":\"Glasopvasker - rene glas p\u00e5 2 minutter! Electrolux Professional\",\"isPartOf\":{\"@id\":\"https:\/\/www.electroluxprofessional.com\/dk\/#website\"},\"datePublished\":\"2022-03-01T04:34:33+00:00\",\"dateModified\":\"2025-11-05T16:58:17+00:00\",\"description\":\"Glasopvasker - hurtigt,nemt og sikkert! Professionel glasopvaskemaskine med lynhurtige og effektive vaskeprogrammer sikrer dig skinnende rene glas p\u00e5 f\u00e5 minutter.S\u00e5 hvad enten du bestyrer en bar, pub eller en caf\u00e9, kan du holde 100% fokus at servicere dine g\u00e6ster p\u00e5 den bedst mulige m\u00e5de.\",\"breadcrumb\":{\"@id\":\"https:\/\/www.electroluxprofessional.com\/dk\/glasopvasker\/#breadcrumb\"},\"inLanguage\":\"da-DK\",\"potentialAction\":[{\"@type\":\"ReadAction\",\"target\":[\"https:\/\/www.electroluxprofessional.com\/dk\/glasopvasker\/\"]}]},{\"@type\":\"BreadcrumbList\",\"@id\":\"https:\/\/www.electroluxprofessional.com\/dk\/glasopvasker\/#breadcrumb\",\"itemListElement\":[{\"@type\":\"ListItem\",\"position\":1,\"name\":\"Home\",\"item\":\"https:\/\/www.electroluxprofessional.com\/dk\/\"},{\"@type\":\"ListItem\",\"position\":2,\"name\":\"Glasopvasker\"}]},{\"@type\":\"WebSite\",\"@id\":\"https:\/\/www.electroluxprofessional.com\/dk\/#website\",\"url\":\"https:\/\/www.electroluxprofessional.com\/dk\/\",\"name\":\"Electrolux Professional Danmark\",\"description\":\"\",\"potentialAction\":[{\"@type\":\"SearchAction\",\"target\":{\"@type\":\"EntryPoint\",\"urlTemplate\":\"https:\/\/www.electroluxprofessional.com\/dk\/?src={search_term_string}\"},\"query-input\":\"required name=search_term_string\"}],\"inLanguage\":\"da-DK\"}]}<\/script>\n<!-- \/ Yoast SEO plugin. -->","yoast_head_json":{"title":"Glasopvasker - rene glas p\u00e5 2 minutter! Electrolux Professional","description":"Glasopvasker - hurtigt,nemt og sikkert! Professionel glasopvaskemaskine med lynhurtige og effektive vaskeprogrammer sikrer dig skinnende rene glas p\u00e5 f\u00e5 minutter.S\u00e5 hvad enten du bestyrer en bar, pub eller en caf\u00e9, kan du holde 100% fokus at servicere dine g\u00e6ster p\u00e5 den bedst mulige m\u00e5de.","robots":{"index":"index","follow":"follow","max-snippet":"max-snippet:-1","max-image-preview":"max-image-preview:large","max-video-preview":"max-video-preview:-1"},"canonical":"https:\/\/www.electroluxprofessional.com\/dk\/glasopvasker\/","og_locale":"da_DK","og_type":"article","og_title":"Glasopvasker - rene glas p\u00e5 2 minutter! Electrolux Professional","og_description":"Glasopvasker - hurtigt,nemt og sikkert! Professionel glasopvaskemaskine med lynhurtige og effektive vaskeprogrammer sikrer dig skinnende rene glas p\u00e5 f\u00e5 minutter.S\u00e5 hvad enten du bestyrer en bar, pub eller en caf\u00e9, kan du holde 100% fokus at servicere dine g\u00e6ster p\u00e5 den bedst mulige m\u00e5de.","og_url":"https:\/\/www.electroluxprofessional.com\/dk\/glasopvasker\/","og_site_name":"Electrolux Professional Danmark","article_modified_time":"2025-11-05T16:58:17+00:00","twitter_card":"summary_large_image","twitter_misc":{"Estimeret l\u00e6setid":"3 minutter"},"schema":{"@context":"https:\/\/schema.org","@graph":[{"@type":"WebPage","@id":"https:\/\/www.electroluxprofessional.com\/dk\/glasopvasker\/","url":"https:\/\/www.electroluxprofessional.com\/dk\/glasopvasker\/","name":"Glasopvasker - rene glas p\u00e5 2 minutter! Electrolux Professional","isPartOf":{"@id":"https:\/\/www.electroluxprofessional.com\/dk\/#website"},"datePublished":"2022-03-01T04:34:33+00:00","dateModified":"2025-11-05T16:58:17+00:00","description":"Glasopvasker - hurtigt,nemt og sikkert! Professionel glasopvaskemaskine med lynhurtige og effektive vaskeprogrammer sikrer dig skinnende rene glas p\u00e5 f\u00e5 minutter.S\u00e5 hvad enten du bestyrer en bar, pub eller en caf\u00e9, kan du holde 100% fokus at servicere dine g\u00e6ster p\u00e5 den bedst mulige m\u00e5de.","breadcrumb":{"@id":"https:\/\/www.electroluxprofessional.com\/dk\/glasopvasker\/#breadcrumb"},"inLanguage":"da-DK","potentialAction":[{"@type":"ReadAction","target":["https:\/\/www.electroluxprofessional.com\/dk\/glasopvasker\/"]}]},{"@type":"BreadcrumbList","@id":"https:\/\/www.electroluxprofessional.com\/dk\/glasopvasker\/#breadcrumb","itemListElement":[{"@type":"ListItem","position":1,"name":"Home","item":"https:\/\/www.electroluxprofessional.com\/dk\/"},{"@type":"ListItem","position":2,"name":"Glasopvasker"}]},{"@type":"WebSite","@id":"https:\/\/www.electroluxprofessional.com\/dk\/#website","url":"https:\/\/www.electroluxprofessional.com\/dk\/","name":"Electrolux Professional Danmark","description":"","potentialAction":[{"@type":"SearchAction","target":{"@type":"EntryPoint","urlTemplate":"https:\/\/www.electroluxprofessional.com\/dk\/?src={search_term_string}"},"query-input":"required name=search_term_string"}],"inLanguage":"da-DK"}]}},"_links":{"self":[{"href":"https:\/\/www.electroluxprofessional.com\/dk\/wp-json\/wp\/v2\/pages\/10889"}],"collection":[{"href":"https:\/\/www.electroluxprofessional.com\/dk\/wp-json\/wp\/v2\/pages"}],"about":[{"href":"https:\/\/www.electroluxprofessional.com\/dk\/wp-json\/wp\/v2\/types\/page"}],"author":[{"embeddable":true,"href":"https:\/\/www.electroluxprofessional.com\/dk\/wp-json\/wp\/v2\/users\/64"}],"replies":[{"embeddable":true,"href":"https:\/\/www.electroluxprofessional.com\/dk\/wp-json\/wp\/v2\/comments?post=10889"}],"version-history":[{"count":29,"href":"https:\/\/www.electroluxprofessional.com\/dk\/wp-json\/wp\/v2\/pages\/10889\/revisions"}],"predecessor-version":[{"id":30755,"href":"https:\/\/www.electroluxprofessional.com\/dk\/wp-json\/wp\/v2\/pages\/10889\/revisions\/30755"}],"wp:attachment":[{"href":"https:\/\/www.electroluxprofessional.com\/dk\/wp-json\/wp\/v2\/media?parent=10889"}],"curies":[{"name":"wp","href":"https:\/\/api.w.org\/{rel}","templated":true}]}}