{"id":9084,"date":"2020-09-16T13:33:38","date_gmt":"2020-09-16T13:33:38","guid":{"rendered":"https:\/\/www.electroluxprofessional.com\/de\/?page_id=9084"},"modified":"2026-04-27T05:53:48","modified_gmt":"2026-04-27T04:53:48","slug":"ersatzteile-ruecksendeformular","status":"publish","type":"page","link":"https:\/\/www.electroluxprofessional.com\/de\/kundenservice\/ersatzteile-ruecksendeformular\/","title":{"rendered":"Ersatzteile R\u00fccksendeformular"},"content":{"rendered":"<p>[vc_row full_width=&#8221;electroluxpro-full-width-no-padding&#8221;][vc_column][vc_single_image image=&#8221;9085&#8243; img_size=&#8221;2000&#215;350&#8243; alignment=&#8221;center&#8221;][\/vc_column][\/vc_row][vc_row][vc_column width=&#8221;1\/4&#8243;][vc_empty_space][\/vc_column][vc_column width=&#8221;3\/4&#8243;][vc_empty_space][\/vc_column][\/vc_row][vc_row][vc_column][elx_heading font_container=&#8221;h1&#8243; font_size=&#8221;h2&#8243; text_color=&#8221;inherit&#8221;]Vorgehensweise bei der R\u00fccksendung von Ersatzteilen Gro\u00dfk\u00fcchentechnik[\/elx_heading][vc_empty_space][vc_column_text]<\/p>\n<h3><strong>Bitte laden Sie sich das untenstehende PDF-Formular herunter,\u00a0<\/strong><strong>f\u00fcllen Sie es\u00a0<\/strong><strong>aus und senden es an die folgende Email Adresse:<\/strong><\/h3>\n<ul>\n<li><strong>Anfragen Gro\u00dfk\u00fcchentechnik: <a href=\"mailto:spares.efs.de@electroluxprofessional.com\">spares.efs.de@electroluxprofessional.com<\/a><\/strong><\/li>\n<\/ul>\n<h3>Sie k\u00f6nnen das PDF-Formular andernfalls auch ausdrucken, einscannen und an die E-Mail-Adresse senden.<\/h3>\n<p><strong>Vielen Dank im Voraus f\u00fcr Ihre Unterst\u00fctzung.<\/strong>[\/vc_column_text][vc_empty_space][\/vc_column][\/vc_row][vc_row disable_element=&#8221;yes&#8221;][vc_column][vc_empty_space][elx_heading font_container=&#8221;h3&#8243; text_color=&#8221;inherit&#8221;]Finden Sie mehr heraus \u00fcber Essentia[\/elx_heading][elx_o2000_contact_us s=&#8221;Anfrage Essentia&#8221; country=&#8221;Germany&#8221; b=&#8221;food&#8221; container=&#8221;elxcontactus1484293813&#8243; r=&#8221;Ich w\u00fcrde gerne mehr \u00fcber Essentia erfahren. Bitte kontaktieren Sie mich.&#8221; l=&#8221;de&#8221;][\/vc_column][\/vc_row][vc_row][vc_column width=&#8221;1\/2&#8243;][elx_download_block text=&#8221;PDF-Ersatzteile R\u00fccksendeformular<br \/>\nGro\u00dfk\u00fcchentechnik herunterladen&#8221; file_picker=&#8221;27967&#8243; background_color=&#8221;electrolux-blue&#8221;][\/vc_column][vc_column width=&#8221;1\/2&#8243;][elx_download_block text=&#8221;Download the PDF: Return form spare parts<br \/>\nFood &#8211; ENGLISH&#8221; file_picker=&#8221;22535&#8243; background_color=&#8221;electrolux-blue&#8221;][\/vc_column][\/vc_row][vc_row][vc_column][vc_empty_space][\/vc_column][\/vc_row]<\/p>\n","protected":false},"excerpt":{"rendered":"<p>[vc_row full_width=&#8221;electroluxpro-full-width-no-padding&#8221;][vc_column][vc_single_image image=&#8221;9085&#8243; img_size=&#8221;2000&#215;350&#8243; alignment=&#8221;center&#8221;][\/vc_column][\/vc_row][vc_row][vc_column width=&#8221;1\/4&#8243;][vc_empty_space][\/vc_column][vc_column width=&#8221;3\/4&#8243;][vc_empty_space][\/vc_column][\/vc_row][vc_row][vc_column][elx_heading font_container=&#8221;h1&#8243; font_size=&#8221;h2&#8243; text_color=&#8221;inherit&#8221;]Vorgehensweise bei der R\u00fccksendung von Ersatzteilen Gro\u00dfk\u00fcchentechnik[\/elx_heading][vc_empty_space][vc_column_text] Bitte laden Sie sich das untenstehende PDF-Formular herunter,\u00a0f\u00fcllen Sie es\u00a0aus und senden es an die folgende Email Adresse: Anfragen Gro\u00dfk\u00fcchentechnik: spares.efs.de@electroluxprofessional.com Sie k\u00f6nnen das PDF-Formular andernfalls auch ausdrucken, einscannen und an die E-Mail-Adresse senden. Vielen Dank im Voraus f\u00fcr [&hellip;]<\/p>\n","protected":false},"author":161,"featured_media":8482,"parent":4331,"menu_order":0,"comment_status":"closed","ping_status":"closed","template":"","meta":{"footnotes":""},"class_list":["post-9084","page","type-page","status-publish","has-post-thumbnail","hentry"],"acf":[],"yoast_head":"<!-- This site is optimized with the Yoast SEO plugin v23.3 - https:\/\/yoast.com\/wordpress\/plugins\/seo\/ -->\n<title>R\u00fccksendung von Ersatzteilen | Electrolux Professional<\/title>\n<meta name=\"description\" content=\"Bitte f\u00fcllen Sie das R\u00fccksendeformular f\u00fcr Ersatzteile aus f\u00fcr die Bearbeitung Ihrer Anfrage bei Electrolux Professional.\" \/>\n<meta name=\"robots\" content=\"index, follow, max-snippet:-1, max-image-preview:large, max-video-preview:-1\" \/>\n<link rel=\"canonical\" href=\"https:\/\/www.electroluxprofessional.com\/de\/kundenservice\/ersatzteile-ruecksendeformular\/\" \/>\n<meta property=\"og:locale\" content=\"de_DE\" \/>\n<meta property=\"og:type\" content=\"article\" \/>\n<meta property=\"og:title\" content=\"Electrolux Professional - Essentia\" \/>\n<meta property=\"og:description\" content=\"Essentia ist das Herz eines einzigartigen Kundenservice, der Ihnen durch individuell zugeschnittene Leistungen einen entscheidenden Wettbewerbsvorteil verschaffen wird.\" \/>\n<meta property=\"og:url\" content=\"https:\/\/www.electroluxprofessional.com\/de\/kundenservice\/ersatzteile-ruecksendeformular\/\" \/>\n<meta property=\"og:site_name\" content=\"Electrolux Professional Deutschland\" \/>\n<meta property=\"article:modified_time\" content=\"2026-04-27T04:53:48+00:00\" \/>\n<meta property=\"og:image\" content=\"https:\/\/www.electroluxprofessional.com\/de\/wp-content\/uploads\/2018\/08\/Essentia_Social.jpg\" \/>\n<meta name=\"twitter:card\" content=\"summary_large_image\" \/>\n<meta name=\"twitter:label1\" content=\"Gesch\u00e4tzte Lesezeit\" \/>\n\t<meta name=\"twitter:data1\" content=\"1 Minute\" \/>\n<script type=\"application\/ld+json\" class=\"yoast-schema-graph\">{\"@context\":\"https:\/\/schema.org\",\"@graph\":[{\"@type\":\"WebPage\",\"@id\":\"https:\/\/www.electroluxprofessional.com\/de\/kundenservice\/ersatzteile-ruecksendeformular\/\",\"url\":\"https:\/\/www.electroluxprofessional.com\/de\/kundenservice\/ersatzteile-ruecksendeformular\/\",\"name\":\"R\u00fccksendung von Ersatzteilen | Electrolux Professional\",\"isPartOf\":{\"@id\":\"https:\/\/www.electroluxprofessional.com\/de\/#website\"},\"primaryImageOfPage\":{\"@id\":\"https:\/\/www.electroluxprofessional.com\/de\/kundenservice\/ersatzteile-ruecksendeformular\/#primaryimage\"},\"image\":{\"@id\":\"https:\/\/www.electroluxprofessional.com\/de\/kundenservice\/ersatzteile-ruecksendeformular\/#primaryimage\"},\"thumbnailUrl\":\"https:\/\/www.electroluxprofessional.com\/de\/wp-content\/uploads\/2020\/05\/Erreichbarkeit_Neu.jpg\",\"datePublished\":\"2020-09-16T13:33:38+00:00\",\"dateModified\":\"2026-04-27T04:53:48+00:00\",\"description\":\"Bitte f\u00fcllen Sie das R\u00fccksendeformular f\u00fcr Ersatzteile aus f\u00fcr die Bearbeitung Ihrer Anfrage bei Electrolux Professional.\",\"breadcrumb\":{\"@id\":\"https:\/\/www.electroluxprofessional.com\/de\/kundenservice\/ersatzteile-ruecksendeformular\/#breadcrumb\"},\"inLanguage\":\"de-DE\",\"potentialAction\":[{\"@type\":\"ReadAction\",\"target\":[\"https:\/\/www.electroluxprofessional.com\/de\/kundenservice\/ersatzteile-ruecksendeformular\/\"]}]},{\"@type\":\"ImageObject\",\"inLanguage\":\"de-DE\",\"@id\":\"https:\/\/www.electroluxprofessional.com\/de\/kundenservice\/ersatzteile-ruecksendeformular\/#primaryimage\",\"url\":\"https:\/\/www.electroluxprofessional.com\/de\/wp-content\/uploads\/2020\/05\/Erreichbarkeit_Neu.jpg\",\"contentUrl\":\"https:\/\/www.electroluxprofessional.com\/de\/wp-content\/uploads\/2020\/05\/Erreichbarkeit_Neu.jpg\",\"width\":1481,\"height\":300,\"caption\":\"Aktuelle Erreichbarkeit des Service von Electrolux Professional\"},{\"@type\":\"BreadcrumbList\",\"@id\":\"https:\/\/www.electroluxprofessional.com\/de\/kundenservice\/ersatzteile-ruecksendeformular\/#breadcrumb\",\"itemListElement\":[{\"@type\":\"ListItem\",\"position\":1,\"name\":\"Startseite\",\"item\":\"https:\/\/www.electroluxprofessional.com\/de\/\"},{\"@type\":\"ListItem\",\"position\":2,\"name\":\"Kundenservice\",\"item\":\"https:\/\/www.electroluxprofessional.com\/de\/kundenservice\/\"},{\"@type\":\"ListItem\",\"position\":3,\"name\":\"Ersatzteile R\u00fccksendeformular\"}]},{\"@type\":\"WebSite\",\"@id\":\"https:\/\/www.electroluxprofessional.com\/de\/#website\",\"url\":\"https:\/\/www.electroluxprofessional.com\/de\/\",\"name\":\"Electrolux Professional Deutschland\",\"description\":\"\",\"potentialAction\":[{\"@type\":\"SearchAction\",\"target\":{\"@type\":\"EntryPoint\",\"urlTemplate\":\"https:\/\/www.electroluxprofessional.com\/de\/?src={search_term_string}\"},\"query-input\":\"required name=search_term_string\"}],\"inLanguage\":\"de-DE\"}]}<\/script>\n<!-- \/ Yoast SEO plugin. -->","yoast_head_json":{"title":"R\u00fccksendung von Ersatzteilen | Electrolux Professional","description":"Bitte f\u00fcllen Sie das R\u00fccksendeformular f\u00fcr Ersatzteile aus f\u00fcr die Bearbeitung Ihrer Anfrage bei Electrolux Professional.","robots":{"index":"index","follow":"follow","max-snippet":"max-snippet:-1","max-image-preview":"max-image-preview:large","max-video-preview":"max-video-preview:-1"},"canonical":"https:\/\/www.electroluxprofessional.com\/de\/kundenservice\/ersatzteile-ruecksendeformular\/","og_locale":"de_DE","og_type":"article","og_title":"Electrolux Professional - Essentia","og_description":"Essentia ist das Herz eines einzigartigen Kundenservice, der Ihnen durch individuell zugeschnittene Leistungen einen entscheidenden Wettbewerbsvorteil verschaffen wird.","og_url":"https:\/\/www.electroluxprofessional.com\/de\/kundenservice\/ersatzteile-ruecksendeformular\/","og_site_name":"Electrolux Professional Deutschland","article_modified_time":"2026-04-27T04:53:48+00:00","og_image":[{"url":"https:\/\/www.electroluxprofessional.com\/de\/wp-content\/uploads\/2018\/08\/Essentia_Social.jpg"}],"twitter_card":"summary_large_image","twitter_misc":{"Gesch\u00e4tzte Lesezeit":"1 Minute"},"schema":{"@context":"https:\/\/schema.org","@graph":[{"@type":"WebPage","@id":"https:\/\/www.electroluxprofessional.com\/de\/kundenservice\/ersatzteile-ruecksendeformular\/","url":"https:\/\/www.electroluxprofessional.com\/de\/kundenservice\/ersatzteile-ruecksendeformular\/","name":"R\u00fccksendung von Ersatzteilen | Electrolux Professional","isPartOf":{"@id":"https:\/\/www.electroluxprofessional.com\/de\/#website"},"primaryImageOfPage":{"@id":"https:\/\/www.electroluxprofessional.com\/de\/kundenservice\/ersatzteile-ruecksendeformular\/#primaryimage"},"image":{"@id":"https:\/\/www.electroluxprofessional.com\/de\/kundenservice\/ersatzteile-ruecksendeformular\/#primaryimage"},"thumbnailUrl":"https:\/\/www.electroluxprofessional.com\/de\/wp-content\/uploads\/2020\/05\/Erreichbarkeit_Neu.jpg","datePublished":"2020-09-16T13:33:38+00:00","dateModified":"2026-04-27T04:53:48+00:00","description":"Bitte f\u00fcllen Sie das R\u00fccksendeformular f\u00fcr Ersatzteile aus f\u00fcr die Bearbeitung Ihrer Anfrage bei Electrolux Professional.","breadcrumb":{"@id":"https:\/\/www.electroluxprofessional.com\/de\/kundenservice\/ersatzteile-ruecksendeformular\/#breadcrumb"},"inLanguage":"de-DE","potentialAction":[{"@type":"ReadAction","target":["https:\/\/www.electroluxprofessional.com\/de\/kundenservice\/ersatzteile-ruecksendeformular\/"]}]},{"@type":"ImageObject","inLanguage":"de-DE","@id":"https:\/\/www.electroluxprofessional.com\/de\/kundenservice\/ersatzteile-ruecksendeformular\/#primaryimage","url":"https:\/\/www.electroluxprofessional.com\/de\/wp-content\/uploads\/2020\/05\/Erreichbarkeit_Neu.jpg","contentUrl":"https:\/\/www.electroluxprofessional.com\/de\/wp-content\/uploads\/2020\/05\/Erreichbarkeit_Neu.jpg","width":1481,"height":300,"caption":"Aktuelle Erreichbarkeit des Service von Electrolux Professional"},{"@type":"BreadcrumbList","@id":"https:\/\/www.electroluxprofessional.com\/de\/kundenservice\/ersatzteile-ruecksendeformular\/#breadcrumb","itemListElement":[{"@type":"ListItem","position":1,"name":"Startseite","item":"https:\/\/www.electroluxprofessional.com\/de\/"},{"@type":"ListItem","position":2,"name":"Kundenservice","item":"https:\/\/www.electroluxprofessional.com\/de\/kundenservice\/"},{"@type":"ListItem","position":3,"name":"Ersatzteile R\u00fccksendeformular"}]},{"@type":"WebSite","@id":"https:\/\/www.electroluxprofessional.com\/de\/#website","url":"https:\/\/www.electroluxprofessional.com\/de\/","name":"Electrolux Professional Deutschland","description":"","potentialAction":[{"@type":"SearchAction","target":{"@type":"EntryPoint","urlTemplate":"https:\/\/www.electroluxprofessional.com\/de\/?src={search_term_string}"},"query-input":"required name=search_term_string"}],"inLanguage":"de-DE"}]}},"_links":{"self":[{"href":"https:\/\/www.electroluxprofessional.com\/de\/wp-json\/wp\/v2\/pages\/9084"}],"collection":[{"href":"https:\/\/www.electroluxprofessional.com\/de\/wp-json\/wp\/v2\/pages"}],"about":[{"href":"https:\/\/www.electroluxprofessional.com\/de\/wp-json\/wp\/v2\/types\/page"}],"author":[{"embeddable":true,"href":"https:\/\/www.electroluxprofessional.com\/de\/wp-json\/wp\/v2\/users\/161"}],"replies":[{"embeddable":true,"href":"https:\/\/www.electroluxprofessional.com\/de\/wp-json\/wp\/v2\/comments?post=9084"}],"version-history":[{"count":16,"href":"https:\/\/www.electroluxprofessional.com\/de\/wp-json\/wp\/v2\/pages\/9084\/revisions"}],"predecessor-version":[{"id":27969,"href":"https:\/\/www.electroluxprofessional.com\/de\/wp-json\/wp\/v2\/pages\/9084\/revisions\/27969"}],"up":[{"embeddable":true,"href":"https:\/\/www.electroluxprofessional.com\/de\/wp-json\/wp\/v2\/pages\/4331"}],"wp:featuredmedia":[{"embeddable":true,"href":"https:\/\/www.electroluxprofessional.com\/de\/wp-json\/wp\/v2\/media\/8482"}],"wp:attachment":[{"href":"https:\/\/www.electroluxprofessional.com\/de\/wp-json\/wp\/v2\/media?parent=9084"}],"curies":[{"name":"wp","href":"https:\/\/api.w.org\/{rel}","templated":true}]}}