{"id":902,"date":"2016-11-09T16:41:43","date_gmt":"2016-11-09T16:41:43","guid":{"rendered":"http:\/\/testepr.jobinformatica.it\/?page_id=4765"},"modified":"2026-03-24T13:52:33","modified_gmt":"2026-03-24T12:52:33","slug":"management-systeme-software","status":"publish","type":"page","link":"https:\/\/www.electroluxprofessional.com\/de\/waeschereitechnik\/management-systeme-software\/","title":{"rendered":"Management Systeme und Software"},"content":{"rendered":"<p>[vc_row full_width=&#8221;electroluxpro-full-width-no-padding&#8221; css=&#8221;.vc_custom_1618197794536{margin-top: -40px !important;border-top-width: -40px !important;padding-top: -40px !important;}&#8221;][vc_column][elx_full_banner title=&#8221;Managementsysteme und Software&#8221; set_as_h1=&#8221;true&#8221; background_image_media_library=&#8221;16571&#8243; background_image_media_library_mobile=&#8221;20421&#8243; link=&#8221;url:%23contact|title:Mehr%20erfahren&#8221;][\/vc_column][\/vc_row][vc_row][vc_column][vc_empty_space][vc_column_text]Electrolux Professional\u00a0<span lang=\"de\">verf\u00fcgt \u00fcber eine breite Palette an Managementsystemen und Software, die h\u00f6chsten Qualit\u00e4tsstandards entsprechen, um f\u00fcr Sie einen besonderen Mehrwert zu schaffen.<\/span>[\/vc_column_text][vc_empty_space][\/vc_column][\/vc_row][vc_row][vc_column width=&#8221;1\/2&#8243;][elx_heading font_size=&#8221;h5&#8243; text_color=&#8221;inherit&#8221;]Laundry Program Manager[\/elx_heading][vc_column_text]Der LPM ist ein intuitives, einfach zu bedienendes PC-Tool zum Erstellen oder Anpassen der Programme von Electrolux Professional Waschmaschinen und Trocknern. Es ist kompatibel mit Waschmaschinen, die Compass Control, Compass Pro, Clarus Control und Clarus TS verwenden sowie Trocknern, die mit Compass Pro laufen.<\/p>\n<h3><\/h3>\n<p>[\/vc_column_text][vc_empty_space height=&#8221;20px&#8221;][elx_heading font_size=&#8221;h5&#8243; text_color=&#8221;inherit&#8221;]Certus Management Information System\u2122[\/elx_heading][vc_column_text]Die Software CMIS (Certus Management Information System\u2122)\u00a0liefert den\u00a0 Betreibern professioneller W\u00e4schereien wichtige Betriebsdaten ihrer Maschinen. Die Informationen dienen dazu, die Betriebskosten zu minimieren und die Betriebszeit der Maschinen zu maximieren.[\/vc_column_text][\/vc_column][vc_column width=&#8221;1\/2&#8243;][elx_image_block background_image=&#8221;20419&#8243; minimum_height=&#8221;500px&#8221;][\/vc_column][\/vc_row][vc_row][vc_column width=&#8221;1\/2&#8243;][vc_empty_space height=&#8221;25px&#8221;][elx_image_block background_image=&#8221;772&#8243; minimum_height=&#8221;500px&#8221;][\/vc_column][vc_column width=&#8221;1\/2&#8243;][elx_heading font_size=&#8221;h5&#8243; text_color=&#8221;inherit&#8221;]Textmanagement-Informationssystem<br \/>\nBehalten Sie die Kontrolle[\/elx_heading][vc_empty_space height=&#8221;15px&#8221;][vc_column_text]<strong>Verbesserung des Konzepts benutzerfreundlicher W\u00e4schereien.<\/strong>[\/vc_column_text][vc_column_text]<\/p>\n<p id=\"tw-target-text\" class=\"tw-data-text tw-text-large tw-ta\" dir=\"ltr\" data-placeholder=\"\u00dcbersetzung\"><span class=\"Y2IQFc\" lang=\"de\">Durch den direkten Zugriff auf Maschinenleistung und Servicestatistiken k\u00f6nnen kostspielige Ausfallzeiten reduziert und vorbeugende Wartung<strong> einfacher geplant<\/strong> werden. <\/span><\/p>\n<p class=\"tw-data-text tw-text-large tw-ta\" dir=\"ltr\" data-placeholder=\"\u00dcbersetzung\"><span class=\"Y2IQFc\" lang=\"de\">Sie gewinnen <strong>mehr Kontrolle<\/strong> \u00fcber Ihre Maschinen und Ihre Zeit, wenn das System direkt \u00fcber Maschinenausf\u00e4lle oder Wartungsbedarf informiert.<\/span><\/p>\n<p>[\/vc_column_text][\/vc_column][\/vc_row][vc_row][vc_column][vc_empty_space height=&#8221;50px&#8221;][\/vc_column][\/vc_row][vc_row css=&#8221;.vc_custom_1618197213110{background-color: #e5e5e5 !important;}&#8221;][vc_column][vc_empty_space][elx_heading text_color=&#8221;inherit&#8221; text_align=&#8221;text-center&#8221;]Viele, praktische Bezahlsysteme[\/elx_heading][elx_button button_text=&#8221;Hier mehr \u00fcber die verschiedenen Bezahlsysteme erfahren&#8221; button_display_block=&#8221;display_block_on&#8221; button_alignment=&#8221;align_center&#8221; button_link=&#8221;url:https%3A%2F%2Fwww.electroluxprofessional.com%2Fde%2Fwaeschereitechnik%2Fbezahlsysteme%2F|target:_blank&#8221;][vc_empty_space][vc_column_text][\/vc_column_text][\/vc_column][\/vc_row][vc_row el_id=&#8221;contact&#8221;][vc_column][vc_empty_space height=&#8221;50px&#8221;][elx_heading font_size=&#8221;h5&#8243; text_color=&#8221;inherit&#8221; text_align=&#8221;text-center&#8221;]Entdecken Sie, was W\u00e4schereimanagementsysteme f\u00fcr Ihr Unternehmen tun k\u00f6nnen[\/elx_heading][elx_o2000_contact_us s=&#8221;Request of information about Management systems and software&#8221; request_type=&#8221;Other&#8221; country=&#8221;Germany&#8221; b=&#8221;laundry&#8221; container=&#8221;elxcontactus1478709536&#8243; r=&#8221;I would like to find out more about Management systems and software. Please get in touch with me.&#8221;][vc_empty_space height=&#8221;50px&#8221;][\/vc_column][\/vc_row][vc_row css=&#8221;.vc_custom_1555677320611{background-color: #eeeeee !important;}&#8221;][vc_column][elx_heading font_container=&#8221;h5&#8243; font_size=&#8221;h5&#8243; text_color=&#8221;inherit&#8221; text_align=&#8221;text-left&#8221;]Finden Sie Ihre perfekte L\u00f6sung[\/elx_heading][\/vc_column][\/vc_row][vc_row css=&#8221;.vc_custom_1555677334584{background-color: #eeeeee !important;}&#8221;][vc_column width=&#8221;1\/3&#8243;][elx_maylike_box id_box=&#8221;1374&#8243;][\/vc_column][vc_column width=&#8221;1\/3&#8243;][elx_maylike_box id_box=&#8221;387&#8243;][\/vc_column][vc_column width=&#8221;1\/3&#8243;][elx_maylike_box id_box=&#8221;20420&#8243;][\/vc_column][\/vc_row]<\/p>\n","protected":false},"excerpt":{"rendered":"<p>[vc_row full_width=&#8221;electroluxpro-full-width-no-padding&#8221; css=&#8221;.vc_custom_1618197794536{margin-top: -40px !important;border-top-width: -40px !important;padding-top: -40px !important;}&#8221;][vc_column][elx_full_banner title=&#8221;Managementsysteme und Software&#8221; set_as_h1=&#8221;true&#8221; background_image_media_library=&#8221;16571&#8243; background_image_media_library_mobile=&#8221;20421&#8243; link=&#8221;url:%23contact|title:Mehr%20erfahren&#8221;][\/vc_column][\/vc_row][vc_row][vc_column][vc_empty_space][vc_column_text]Electrolux Professional\u00a0verf\u00fcgt \u00fcber eine breite Palette an Managementsystemen und Software, die h\u00f6chsten Qualit\u00e4tsstandards entsprechen, um f\u00fcr Sie einen besonderen Mehrwert zu schaffen.[\/vc_column_text][vc_empty_space][\/vc_column][\/vc_row][vc_row][vc_column width=&#8221;1\/2&#8243;][elx_heading font_size=&#8221;h5&#8243; text_color=&#8221;inherit&#8221;]Laundry Program Manager[\/elx_heading][vc_column_text]Der LPM ist ein intuitives, einfach zu bedienendes PC-Tool zum Erstellen oder Anpassen der [&hellip;]<\/p>\n","protected":false},"author":1,"featured_media":0,"parent":745,"menu_order":0,"comment_status":"closed","ping_status":"closed","template":"","meta":{"footnotes":""},"class_list":["post-902","page","type-page","status-publish","hentry"],"acf":[],"yoast_head":"<!-- This site is optimized with the Yoast SEO plugin v23.3 - https:\/\/yoast.com\/wordpress\/plugins\/seo\/ -->\n<title>Managementsysteme und Software | Electrolux Professional<\/title>\n<meta name=\"description\" content=\"Erfahren Sie mehr \u00fcber die breite Palette an Managementsystemen und Software f\u00fcr Waschmaschinen und Trockner von Electrolux Professional.\" \/>\n<meta name=\"robots\" content=\"index, follow, max-snippet:-1, max-image-preview:large, max-video-preview:-1\" \/>\n<link rel=\"canonical\" href=\"https:\/\/www.electroluxprofessional.com\/de\/waeschereitechnik\/management-systeme-software\/\" \/>\n<meta property=\"og:locale\" content=\"de_DE\" \/>\n<meta property=\"og:type\" content=\"article\" \/>\n<meta property=\"og:title\" content=\"Managementsysteme und Software | Electrolux Professional\" \/>\n<meta property=\"og:description\" content=\"Erfahren Sie mehr \u00fcber die breite Palette an Managementsystemen und Software f\u00fcr Waschmaschinen und Trockner von Electrolux Professional.\" \/>\n<meta property=\"og:url\" content=\"https:\/\/www.electroluxprofessional.com\/de\/waeschereitechnik\/management-systeme-software\/\" \/>\n<meta property=\"og:site_name\" content=\"Electrolux Professional Deutschland\" \/>\n<meta property=\"article:modified_time\" content=\"2026-03-24T12:52:33+00:00\" \/>\n<meta name=\"twitter:card\" content=\"summary_large_image\" \/>\n<meta name=\"twitter:label1\" content=\"Gesch\u00e4tzte Lesezeit\" \/>\n\t<meta name=\"twitter:data1\" content=\"3 Minuten\" \/>\n<script type=\"application\/ld+json\" class=\"yoast-schema-graph\">{\"@context\":\"https:\/\/schema.org\",\"@graph\":[{\"@type\":\"WebPage\",\"@id\":\"https:\/\/www.electroluxprofessional.com\/de\/waeschereitechnik\/management-systeme-software\/\",\"url\":\"https:\/\/www.electroluxprofessional.com\/de\/waeschereitechnik\/management-systeme-software\/\",\"name\":\"Managementsysteme und Software | Electrolux Professional\",\"isPartOf\":{\"@id\":\"https:\/\/www.electroluxprofessional.com\/de\/#website\"},\"datePublished\":\"2016-11-09T16:41:43+00:00\",\"dateModified\":\"2026-03-24T12:52:33+00:00\",\"description\":\"Erfahren Sie mehr \u00fcber die breite Palette an Managementsystemen und Software f\u00fcr Waschmaschinen und Trockner von Electrolux Professional.\",\"breadcrumb\":{\"@id\":\"https:\/\/www.electroluxprofessional.com\/de\/waeschereitechnik\/management-systeme-software\/#breadcrumb\"},\"inLanguage\":\"de-DE\",\"potentialAction\":[{\"@type\":\"ReadAction\",\"target\":[\"https:\/\/www.electroluxprofessional.com\/de\/waeschereitechnik\/management-systeme-software\/\"]}]},{\"@type\":\"BreadcrumbList\",\"@id\":\"https:\/\/www.electroluxprofessional.com\/de\/waeschereitechnik\/management-systeme-software\/#breadcrumb\",\"itemListElement\":[{\"@type\":\"ListItem\",\"position\":1,\"name\":\"Startseite\",\"item\":\"https:\/\/www.electroluxprofessional.com\/de\/\"},{\"@type\":\"ListItem\",\"position\":2,\"name\":\"W\u00e4schereitechnik\",\"item\":\"https:\/\/www.electroluxprofessional.com\/de\/waeschereitechnik\/\"},{\"@type\":\"ListItem\",\"position\":3,\"name\":\"Management Systeme und Software\"}]},{\"@type\":\"WebSite\",\"@id\":\"https:\/\/www.electroluxprofessional.com\/de\/#website\",\"url\":\"https:\/\/www.electroluxprofessional.com\/de\/\",\"name\":\"Electrolux Professional Deutschland\",\"description\":\"\",\"potentialAction\":[{\"@type\":\"SearchAction\",\"target\":{\"@type\":\"EntryPoint\",\"urlTemplate\":\"https:\/\/www.electroluxprofessional.com\/de\/?src={search_term_string}\"},\"query-input\":\"required name=search_term_string\"}],\"inLanguage\":\"de-DE\"}]}<\/script>\n<!-- \/ Yoast SEO plugin. -->","yoast_head_json":{"title":"Managementsysteme und Software | Electrolux Professional","description":"Erfahren Sie mehr \u00fcber die breite Palette an Managementsystemen und Software f\u00fcr Waschmaschinen und Trockner von Electrolux Professional.","robots":{"index":"index","follow":"follow","max-snippet":"max-snippet:-1","max-image-preview":"max-image-preview:large","max-video-preview":"max-video-preview:-1"},"canonical":"https:\/\/www.electroluxprofessional.com\/de\/waeschereitechnik\/management-systeme-software\/","og_locale":"de_DE","og_type":"article","og_title":"Managementsysteme und Software | Electrolux Professional","og_description":"Erfahren Sie mehr \u00fcber die breite Palette an Managementsystemen und Software f\u00fcr Waschmaschinen und Trockner von Electrolux Professional.","og_url":"https:\/\/www.electroluxprofessional.com\/de\/waeschereitechnik\/management-systeme-software\/","og_site_name":"Electrolux Professional Deutschland","article_modified_time":"2026-03-24T12:52:33+00:00","twitter_card":"summary_large_image","twitter_misc":{"Gesch\u00e4tzte Lesezeit":"3 Minuten"},"schema":{"@context":"https:\/\/schema.org","@graph":[{"@type":"WebPage","@id":"https:\/\/www.electroluxprofessional.com\/de\/waeschereitechnik\/management-systeme-software\/","url":"https:\/\/www.electroluxprofessional.com\/de\/waeschereitechnik\/management-systeme-software\/","name":"Managementsysteme und Software | Electrolux Professional","isPartOf":{"@id":"https:\/\/www.electroluxprofessional.com\/de\/#website"},"datePublished":"2016-11-09T16:41:43+00:00","dateModified":"2026-03-24T12:52:33+00:00","description":"Erfahren Sie mehr \u00fcber die breite Palette an Managementsystemen und Software f\u00fcr Waschmaschinen und Trockner von Electrolux Professional.","breadcrumb":{"@id":"https:\/\/www.electroluxprofessional.com\/de\/waeschereitechnik\/management-systeme-software\/#breadcrumb"},"inLanguage":"de-DE","potentialAction":[{"@type":"ReadAction","target":["https:\/\/www.electroluxprofessional.com\/de\/waeschereitechnik\/management-systeme-software\/"]}]},{"@type":"BreadcrumbList","@id":"https:\/\/www.electroluxprofessional.com\/de\/waeschereitechnik\/management-systeme-software\/#breadcrumb","itemListElement":[{"@type":"ListItem","position":1,"name":"Startseite","item":"https:\/\/www.electroluxprofessional.com\/de\/"},{"@type":"ListItem","position":2,"name":"W\u00e4schereitechnik","item":"https:\/\/www.electroluxprofessional.com\/de\/waeschereitechnik\/"},{"@type":"ListItem","position":3,"name":"Management Systeme und Software"}]},{"@type":"WebSite","@id":"https:\/\/www.electroluxprofessional.com\/de\/#website","url":"https:\/\/www.electroluxprofessional.com\/de\/","name":"Electrolux Professional Deutschland","description":"","potentialAction":[{"@type":"SearchAction","target":{"@type":"EntryPoint","urlTemplate":"https:\/\/www.electroluxprofessional.com\/de\/?src={search_term_string}"},"query-input":"required name=search_term_string"}],"inLanguage":"de-DE"}]}},"_links":{"self":[{"href":"https:\/\/www.electroluxprofessional.com\/de\/wp-json\/wp\/v2\/pages\/902"}],"collection":[{"href":"https:\/\/www.electroluxprofessional.com\/de\/wp-json\/wp\/v2\/pages"}],"about":[{"href":"https:\/\/www.electroluxprofessional.com\/de\/wp-json\/wp\/v2\/types\/page"}],"author":[{"embeddable":true,"href":"https:\/\/www.electroluxprofessional.com\/de\/wp-json\/wp\/v2\/users\/1"}],"replies":[{"embeddable":true,"href":"https:\/\/www.electroluxprofessional.com\/de\/wp-json\/wp\/v2\/comments?post=902"}],"version-history":[{"count":14,"href":"https:\/\/www.electroluxprofessional.com\/de\/wp-json\/wp\/v2\/pages\/902\/revisions"}],"predecessor-version":[{"id":27500,"href":"https:\/\/www.electroluxprofessional.com\/de\/wp-json\/wp\/v2\/pages\/902\/revisions\/27500"}],"up":[{"embeddable":true,"href":"https:\/\/www.electroluxprofessional.com\/de\/wp-json\/wp\/v2\/pages\/745"}],"wp:attachment":[{"href":"https:\/\/www.electroluxprofessional.com\/de\/wp-json\/wp\/v2\/media?parent=902"}],"curies":[{"name":"wp","href":"https:\/\/api.w.org\/{rel}","templated":true}]}}