{"id":899,"date":"2016-11-09T16:23:28","date_gmt":"2016-11-09T16:23:28","guid":{"rendered":"http:\/\/testepr.jobinformatica.it\/?page_id=4753"},"modified":"2018-09-20T09:25:13","modified_gmt":"2018-09-20T09:25:13","slug":"hilfestellung","status":"publish","type":"page","link":"https:\/\/www.electroluxprofessional.com\/de\/waeschereitechnik\/hilfestellung\/","title":{"rendered":"Hilfestellungen f\u00fcr eine erfolgreiche W\u00e4scherei"},"content":{"rendered":"<p>[vc_row full_width=&#8221;electroluxpro-full-width-no-padding&#8221;][vc_column][elx_hero_slider label_text_color=&#8221;inherit&#8221; images=&#8221;4812&#8243;][elx_heading font_container=&#8221;h1&#8243; font_size=&#8221;h2&#8243; text_color=&#8221;inherit&#8221;]Hilfestellungen[\/elx_heading][vc_column_text]<\/p>\n<h3>f\u00fcr eine Komplettl\u00f6sung<\/h3>\n<p>[\/vc_column_text][\/elx_hero_slider][\/vc_column][\/vc_row][vc_row][vc_column][vc_empty_space height=&#8221;50px&#8221;][elx_heading font_size=&#8221;h3&#8243; text_color=&#8221;inherit&#8221; text_align=&#8221;text-center&#8221;]F\u00fcr eine erfolgreiche W\u00e4schereil\u00f6sung ist es unabdingbar, dass auch die kleinen Dinge wie geplant funktionieren.[\/elx_heading][vc_empty_space height=&#8221;30px&#8221;][\/vc_column][\/vc_row][vc_row][vc_column width=&#8221;1\/2&#8243;][elx_simple_block background_color=&#8221;inherit&#8221;][elx_heading font_size=&#8221;h3&#8243; text_color=&#8221;inherit&#8221; text_align=&#8221;text-left&#8221;]Diese Hilfestellungen Sie beim <strong>Sortieren und Transport der W\u00e4sche<\/strong> sowie anderen wichtigen Funktionen unterst\u00fctzen.[\/elx_heading][vc_single_image image=&#8221;897&#8243; img_size=&#8221;large&#8221; alignment=&#8221;center&#8221;][vc_single_image image=&#8221;898&#8243; img_size=&#8221;large&#8221; alignment=&#8221;center&#8221;][elx_button button_text=&#8221;Zubeh\u00f6r &#8211; W\u00e4scherei&#8221; button_style=&#8221;icon&#8221; button_link=&#8221;url:https%3A%2F%2Fprofessional.electrolux.de%2Fzubehoer%2Fwaescherei%2F|title:Zubeh%C3%B6r%20-%20W%C3%A4scherei||&#8221;][\/elx_simple_block][\/vc_column][vc_column width=&#8221;1\/2&#8243;][vc_single_image image=&#8221;896&#8243; img_size=&#8221;large&#8221;][\/vc_column][\/vc_row][vc_row][vc_column][vc_empty_space height=&#8221;50px&#8221;][elx_heading font_size=&#8221;h2&#8243; text_color=&#8221;inherit&#8221; text_align=&#8221;text-center&#8221;]Finden Sie heraus, wie wir Sie unterst\u00fctzen k\u00f6nnen[\/elx_heading][elx_o2000_contact_us r=&#8221;Ich w\u00fcrde gerne mehr \u00fcber Hilfestellungen in der W\u00e4scherei erfahren. Bitte kontaktieren Sie mich.&#8221; s=&#8221;Anfrage W\u00e4scherei-Hilfestellungen&#8221; country=&#8221;Germany&#8221; l=&#8221;de&#8221; b=&#8221;laundry&#8221; container=&#8221;elxcontactus1478708427&#8243;][vc_empty_space height=&#8221;50px&#8221;][\/vc_column][\/vc_row][vc_row][vc_column][elx_heading font_size=&#8221;h3&#8243; text_color=&#8221;inherit&#8221; text_align=&#8221;text-center&#8221;]Finden Sie die ideale L\u00f6sung f\u00fcr Ihr Business[\/elx_heading][\/vc_column][\/vc_row][vc_row][vc_column width=&#8221;1\/3&#8243;][elx_maylike_box id_box=&#8221;374&#8243;][\/vc_column][vc_column width=&#8221;1\/3&#8243;][elx_maylike_box id_box=&#8221;738&#8243;][\/vc_column][vc_column width=&#8221;1\/3&#8243;][elx_maylike_box id_box=&#8221;1374&#8243;][\/vc_column][\/vc_row][vc_row][vc_column][vc_empty_space height=&#8221;50px&#8221;][\/vc_column][\/vc_row]<\/p>\n","protected":false},"excerpt":{"rendered":"<p>[vc_row full_width=&#8221;electroluxpro-full-width-no-padding&#8221;][vc_column][elx_hero_slider label_text_color=&#8221;inherit&#8221; images=&#8221;4812&#8243;][elx_heading font_container=&#8221;h1&#8243; font_size=&#8221;h2&#8243; text_color=&#8221;inherit&#8221;]Hilfestellungen[\/elx_heading][vc_column_text] f\u00fcr eine Komplettl\u00f6sung [\/vc_column_text][\/elx_hero_slider][\/vc_column][\/vc_row][vc_row][vc_column][vc_empty_space height=&#8221;50px&#8221;][elx_heading font_size=&#8221;h3&#8243; text_color=&#8221;inherit&#8221; text_align=&#8221;text-center&#8221;]F\u00fcr eine erfolgreiche W\u00e4schereil\u00f6sung ist es unabdingbar, dass auch die kleinen Dinge wie geplant funktionieren.[\/elx_heading][vc_empty_space height=&#8221;30px&#8221;][\/vc_column][\/vc_row][vc_row][vc_column width=&#8221;1\/2&#8243;][elx_simple_block background_color=&#8221;inherit&#8221;][elx_heading font_size=&#8221;h3&#8243; text_color=&#8221;inherit&#8221; text_align=&#8221;text-left&#8221;]Diese Hilfestellungen Sie beim Sortieren und Transport der W\u00e4sche sowie anderen wichtigen Funktionen unterst\u00fctzen.[\/elx_heading][vc_single_image image=&#8221;897&#8243; img_size=&#8221;large&#8221; alignment=&#8221;center&#8221;][vc_single_image image=&#8221;898&#8243; img_size=&#8221;large&#8221; alignment=&#8221;center&#8221;][elx_button button_text=&#8221;Zubeh\u00f6r [&hellip;]<\/p>\n","protected":false},"author":5,"featured_media":0,"parent":745,"menu_order":0,"comment_status":"closed","ping_status":"closed","template":"","meta":{"footnotes":""},"class_list":["post-899","page","type-page","status-publish","hentry"],"acf":[],"yoast_head":"<!-- This site is optimized with the Yoast SEO plugin v23.3 - https:\/\/yoast.com\/wordpress\/plugins\/seo\/ -->\n<title>Hilfestellungen f\u00fcr eine erfolgreiche W\u00e4scherei - Electrolux Professional Deutschland<\/title>\n<meta name=\"description\" content=\"Hilfestellungen f\u00fcr den Transport und das Sortieren der W\u00e4sche. Electrlux bietet Produkte, die unsere W\u00e4schereil\u00f6sungen vervollst\u00e4ndigen.\" \/>\n<meta name=\"robots\" content=\"index, follow, max-snippet:-1, max-image-preview:large, max-video-preview:-1\" \/>\n<link rel=\"canonical\" href=\"https:\/\/www.electroluxprofessional.com\/de\/waeschereitechnik\/hilfestellung\/\" \/>\n<meta property=\"og:locale\" content=\"de_DE\" \/>\n<meta property=\"og:type\" content=\"article\" \/>\n<meta property=\"og:title\" content=\"Hilfestellungen f\u00fcr eine erfolgreiche W\u00e4scherei - Electrolux Professional Deutschland\" \/>\n<meta property=\"og:description\" content=\"Hilfestellungen f\u00fcr den Transport und das Sortieren der W\u00e4sche. Electrlux bietet Produkte, die unsere W\u00e4schereil\u00f6sungen vervollst\u00e4ndigen.\" \/>\n<meta property=\"og:url\" content=\"https:\/\/www.electroluxprofessional.com\/de\/waeschereitechnik\/hilfestellung\/\" \/>\n<meta property=\"og:site_name\" content=\"Electrolux Professional Deutschland\" \/>\n<meta property=\"article:modified_time\" content=\"2018-09-20T09:25:13+00:00\" \/>\n<meta name=\"twitter:card\" content=\"summary_large_image\" \/>\n<meta name=\"twitter:label1\" content=\"Gesch\u00e4tzte Lesezeit\" \/>\n\t<meta name=\"twitter:data1\" content=\"2 Minuten\" \/>\n<script type=\"application\/ld+json\" class=\"yoast-schema-graph\">{\"@context\":\"https:\/\/schema.org\",\"@graph\":[{\"@type\":\"WebPage\",\"@id\":\"https:\/\/www.electroluxprofessional.com\/de\/waeschereitechnik\/hilfestellung\/\",\"url\":\"https:\/\/www.electroluxprofessional.com\/de\/waeschereitechnik\/hilfestellung\/\",\"name\":\"Hilfestellungen f\u00fcr eine erfolgreiche W\u00e4scherei - Electrolux Professional Deutschland\",\"isPartOf\":{\"@id\":\"https:\/\/www.electroluxprofessional.com\/de\/#website\"},\"datePublished\":\"2016-11-09T16:23:28+00:00\",\"dateModified\":\"2018-09-20T09:25:13+00:00\",\"description\":\"Hilfestellungen f\u00fcr den Transport und das Sortieren der W\u00e4sche. Electrlux bietet Produkte, die unsere W\u00e4schereil\u00f6sungen vervollst\u00e4ndigen.\",\"breadcrumb\":{\"@id\":\"https:\/\/www.electroluxprofessional.com\/de\/waeschereitechnik\/hilfestellung\/#breadcrumb\"},\"inLanguage\":\"de-DE\",\"potentialAction\":[{\"@type\":\"ReadAction\",\"target\":[\"https:\/\/www.electroluxprofessional.com\/de\/waeschereitechnik\/hilfestellung\/\"]}]},{\"@type\":\"BreadcrumbList\",\"@id\":\"https:\/\/www.electroluxprofessional.com\/de\/waeschereitechnik\/hilfestellung\/#breadcrumb\",\"itemListElement\":[{\"@type\":\"ListItem\",\"position\":1,\"name\":\"Startseite\",\"item\":\"https:\/\/www.electroluxprofessional.com\/de\/\"},{\"@type\":\"ListItem\",\"position\":2,\"name\":\"W\u00e4schereitechnik\",\"item\":\"https:\/\/www.electroluxprofessional.com\/de\/waeschereitechnik\/\"},{\"@type\":\"ListItem\",\"position\":3,\"name\":\"Hilfestellungen f\u00fcr eine erfolgreiche W\u00e4scherei\"}]},{\"@type\":\"WebSite\",\"@id\":\"https:\/\/www.electroluxprofessional.com\/de\/#website\",\"url\":\"https:\/\/www.electroluxprofessional.com\/de\/\",\"name\":\"Electrolux Professional Deutschland\",\"description\":\"\",\"potentialAction\":[{\"@type\":\"SearchAction\",\"target\":{\"@type\":\"EntryPoint\",\"urlTemplate\":\"https:\/\/www.electroluxprofessional.com\/de\/?src={search_term_string}\"},\"query-input\":\"required name=search_term_string\"}],\"inLanguage\":\"de-DE\"}]}<\/script>\n<!-- \/ Yoast SEO plugin. -->","yoast_head_json":{"title":"Hilfestellungen f\u00fcr eine erfolgreiche W\u00e4scherei - Electrolux Professional Deutschland","description":"Hilfestellungen f\u00fcr den Transport und das Sortieren der W\u00e4sche. Electrlux bietet Produkte, die unsere W\u00e4schereil\u00f6sungen vervollst\u00e4ndigen.","robots":{"index":"index","follow":"follow","max-snippet":"max-snippet:-1","max-image-preview":"max-image-preview:large","max-video-preview":"max-video-preview:-1"},"canonical":"https:\/\/www.electroluxprofessional.com\/de\/waeschereitechnik\/hilfestellung\/","og_locale":"de_DE","og_type":"article","og_title":"Hilfestellungen f\u00fcr eine erfolgreiche W\u00e4scherei - Electrolux Professional Deutschland","og_description":"Hilfestellungen f\u00fcr den Transport und das Sortieren der W\u00e4sche. Electrlux bietet Produkte, die unsere W\u00e4schereil\u00f6sungen vervollst\u00e4ndigen.","og_url":"https:\/\/www.electroluxprofessional.com\/de\/waeschereitechnik\/hilfestellung\/","og_site_name":"Electrolux Professional Deutschland","article_modified_time":"2018-09-20T09:25:13+00:00","twitter_card":"summary_large_image","twitter_misc":{"Gesch\u00e4tzte Lesezeit":"2 Minuten"},"schema":{"@context":"https:\/\/schema.org","@graph":[{"@type":"WebPage","@id":"https:\/\/www.electroluxprofessional.com\/de\/waeschereitechnik\/hilfestellung\/","url":"https:\/\/www.electroluxprofessional.com\/de\/waeschereitechnik\/hilfestellung\/","name":"Hilfestellungen f\u00fcr eine erfolgreiche W\u00e4scherei - Electrolux Professional Deutschland","isPartOf":{"@id":"https:\/\/www.electroluxprofessional.com\/de\/#website"},"datePublished":"2016-11-09T16:23:28+00:00","dateModified":"2018-09-20T09:25:13+00:00","description":"Hilfestellungen f\u00fcr den Transport und das Sortieren der W\u00e4sche. Electrlux bietet Produkte, die unsere W\u00e4schereil\u00f6sungen vervollst\u00e4ndigen.","breadcrumb":{"@id":"https:\/\/www.electroluxprofessional.com\/de\/waeschereitechnik\/hilfestellung\/#breadcrumb"},"inLanguage":"de-DE","potentialAction":[{"@type":"ReadAction","target":["https:\/\/www.electroluxprofessional.com\/de\/waeschereitechnik\/hilfestellung\/"]}]},{"@type":"BreadcrumbList","@id":"https:\/\/www.electroluxprofessional.com\/de\/waeschereitechnik\/hilfestellung\/#breadcrumb","itemListElement":[{"@type":"ListItem","position":1,"name":"Startseite","item":"https:\/\/www.electroluxprofessional.com\/de\/"},{"@type":"ListItem","position":2,"name":"W\u00e4schereitechnik","item":"https:\/\/www.electroluxprofessional.com\/de\/waeschereitechnik\/"},{"@type":"ListItem","position":3,"name":"Hilfestellungen f\u00fcr eine erfolgreiche W\u00e4scherei"}]},{"@type":"WebSite","@id":"https:\/\/www.electroluxprofessional.com\/de\/#website","url":"https:\/\/www.electroluxprofessional.com\/de\/","name":"Electrolux Professional Deutschland","description":"","potentialAction":[{"@type":"SearchAction","target":{"@type":"EntryPoint","urlTemplate":"https:\/\/www.electroluxprofessional.com\/de\/?src={search_term_string}"},"query-input":"required name=search_term_string"}],"inLanguage":"de-DE"}]}},"_links":{"self":[{"href":"https:\/\/www.electroluxprofessional.com\/de\/wp-json\/wp\/v2\/pages\/899"}],"collection":[{"href":"https:\/\/www.electroluxprofessional.com\/de\/wp-json\/wp\/v2\/pages"}],"about":[{"href":"https:\/\/www.electroluxprofessional.com\/de\/wp-json\/wp\/v2\/types\/page"}],"author":[{"embeddable":true,"href":"https:\/\/www.electroluxprofessional.com\/de\/wp-json\/wp\/v2\/users\/5"}],"replies":[{"embeddable":true,"href":"https:\/\/www.electroluxprofessional.com\/de\/wp-json\/wp\/v2\/comments?post=899"}],"version-history":[{"count":0,"href":"https:\/\/www.electroluxprofessional.com\/de\/wp-json\/wp\/v2\/pages\/899\/revisions"}],"up":[{"embeddable":true,"href":"https:\/\/www.electroluxprofessional.com\/de\/wp-json\/wp\/v2\/pages\/745"}],"wp:attachment":[{"href":"https:\/\/www.electroluxprofessional.com\/de\/wp-json\/wp\/v2\/media?parent=899"}],"curies":[{"name":"wp","href":"https:\/\/api.w.org\/{rel}","templated":true}]}}