{"id":8792,"date":"2019-12-10T20:18:46","date_gmt":"2019-12-10T18:18:46","guid":{"rendered":"https:\/\/www.electroluxprofessional.com\/?page_id=25505"},"modified":"2026-03-25T07:25:17","modified_gmt":"2026-03-25T06:25:17","slug":"centers-of-excellence-electrolux-professional","status":"publish","type":"page","link":"https:\/\/www.electroluxprofessional.com\/de\/centers-of-excellence-electrolux-professional\/","title":{"rendered":"Unsere Showrooms &#8211; Centers of Excellence Electrolux Professional"},"content":{"rendered":"<p>[vc_row full_width=&#8221;electroluxpro-full-width-no-padding&#8221;][vc_column][vc_single_image image=&#8221;7608&#8243; img_size=&#8221;full&#8221; alignment=&#8221;center&#8221;][\/vc_column][\/vc_row][vc_row][vc_column][vc_empty_space height=&#8221;16px&#8221;][vc_empty_space height=&#8221;16px&#8221;][elx_heading font_container=&#8221;h1&#8243; text_color=&#8221;inherit&#8221;]Unsere Showrooms &#8211; Centers of Excellence[\/elx_heading][vc_empty_space height=&#8221;16px&#8221;][\/vc_column][\/vc_row][vc_row][vc_column width=&#8221;2\/3&#8243;][vc_column_text]Bei Electrolux Professional k\u00f6nnen Kunden unsere L\u00f6sungen nicht nur theoretisch kennenlernen, sondern auch\u00a0<strong>hautnah in unseren Showrooms erleben<\/strong>. Wir bieten regelm\u00e4\u00dfig Kochdemonstrationen an, bei denen gezeigt wird, wie unsere Ger\u00e4te optimal eingesetzt werden k\u00f6nnen, um hervorragende Ergebnisse zu erzielen. Eine unvergessliche Schulungserfahrung f\u00fcr Gastgewerbe-Profis, die <strong>Esskultur und Technologie miteinander vereint.<\/strong><\/p>\n<p>Lassen Sie sich von den M\u00f6glichkeiten der Gro\u00dfk\u00fcchentechnik begeistern und erleben Sie, wie die Produkte von Electrolux Professional dazu beitragen k\u00f6nnen, dass Ihre K\u00fcche effizienter und erfolgreicher wird.[\/vc_column_text][vc_empty_space][\/vc_column][vc_column width=&#8221;1\/3&#8243;][vc_single_image image=&#8221;7614&#8243; img_size=&#8221;full&#8221;][vc_empty_space height=&#8221;16px&#8221;][elx_button button_text=&#8221;Rothenburg ob der Tauber&#8221; button_style=&#8221;secondary-bordered&#8221; button_display_block=&#8221;display_block_on&#8221; button_alignment=&#8221;align_center&#8221; button_link=&#8221;url:%23Rothenburg&#8221;][vc_empty_space height=&#8221;5px&#8221;][elx_button button_text=&#8221;Sursee, Schweiz&#8221; button_style=&#8221;secondary-bordered&#8221; button_display_block=&#8221;display_block_on&#8221; button_alignment=&#8221;align_center&#8221; button_link=&#8221;url:%23Sursee&#8221;][vc_empty_space height=&#8221;5px&#8221;][elx_button button_text=&#8221;Weltweit&#8221; button_style=&#8221;secondary-bordered&#8221; button_display_block=&#8221;display_block_on&#8221; button_alignment=&#8221;align_center&#8221; button_link=&#8221;url:%23Welt&#8221;][vc_empty_space][\/vc_column][\/vc_row][vc_row el_id=&#8221;Rothenburg&#8221; css=&#8221;.vc_custom_1773059993639{background-color: #efefef !important;}&#8221;][vc_column][vc_empty_space height=&#8221;16&#8243;][elx_heading font_size=&#8221;h2&#8243; text_color=&#8221;inherit&#8221;]Rothenburg ob der Tauber[\/elx_heading][vc_empty_space][vc_row_inner][vc_column_inner width=&#8221;1\/2&#8243;][elx_image_block background_image=&#8221;27380&#8243; minimum_height=&#8221;300px&#8221;][vc_empty_space][elx_button button_text=&#8221;Mehr erfahren&#8221; button_style=&#8221;secondary-bordered&#8221; button_link=&#8221;url:https%3A%2F%2Fwww.electroluxprofessional.com%2Fde%2Fskyline-live-kochdemo%2F|target:_blank&#8221; css=&#8221;.vc_custom_1773061717046{background-color: #efefef !important;}&#8221;][vc_empty_space height=&#8221;22px&#8221;][elx_button button_text=&#8221;Zu Ihrem Ansprechpartner&#8221; button_style=&#8221;secondary-bordered&#8221; button_link=&#8221;url:https%3A%2F%2Fwww.electroluxprofessional.com%2Fde%2Fuebersicht-vertriebsteam-grosskuechentechnik-deutschland%2F|target:_blank&#8221; css=&#8221;.vc_custom_1707386481185{background-color: #efefef !important;}&#8221;][vc_empty_space][\/vc_column_inner][vc_column_inner width=&#8221;1\/2&#8243;][vc_column_text]<strong>Live-Kochvorf\u00fchrungen<\/strong> sind einzigartige Gelegenheiten, Erfahrungen auszutauschen, Ideen zu sammeln und zu entdecken, wie die t\u00e4gliche Arbeit in einer K\u00fcche mit den L\u00f6sungen von Electrolux Professional einfacher, sicherer, effizienter &#8211; und damit profitabler &#8211; gestaltet werden kann.<\/p>\n<p>Besuchen Sie unser TasteLab in Rothenburg ob der Tauber gemeinsam mit Ihrem Gebietverkaufsleiter und lernen Sie unsere Ger\u00e4te bei einer individuellen K\u00fcchenvorf\u00fchrung besser kennen. Unser Showroom ist ausger\u00fcstet mit innovativen L\u00f6sungen f\u00fcr die Gro\u00dfk\u00fcchentechnik.[\/vc_column_text][\/vc_column_inner][\/vc_row_inner][\/vc_column][\/vc_row][vc_row disable_element=&#8221;yes&#8221; css=&#8221;.vc_custom_1707386920025{background-color: #efefef !important;}&#8221;][vc_column][vc_empty_space][vc_empty_space][vc_single_image image=&#8221;21705&#8243; img_size=&#8221;1000&#215;375&#8243; alignment=&#8221;center&#8221;][vc_empty_space][vc_column_text]<\/p>\n<p style=\"text-align: center;\">Fragen Sie gerne einen der Termine unten direkt bei uns an oder teilen Sie unseren Wunschtermin mit.<\/p>\n<p>[\/vc_column_text][vc_empty_space height=&#8221;20px&#8221;][vc_row_inner][vc_column_inner width=&#8221;1\/5&#8243;][elx_button button_text=&#8221;20. &amp; 21. M\u00e4rz&#8221; button_display_block=&#8221;display_block_on&#8221; button_alignment=&#8221;align_center&#8221; button_alignment_mobile=&#8221;text-center-mobile&#8221; button_link=&#8221;url:mailto%3Amarketing.dach%40electroluxprofessional.com%3Fsubject%3DTerminanfrage%20TasteLab%20mit%20Electrolux%20Professional%20am%2020.%20und%2021.%20M%C3%A4rz|title:Terminanfrage%20TasteLab%20mit%20Electrolux%20Professional%20am%2020%20und%2021%20M%C3%A4rz&#8221;][\/vc_column_inner][vc_column_inner width=&#8221;1\/5&#8243;][elx_button button_text=&#8221;17. &amp; 18.<br \/>\nApril&#8221; button_display_block=&#8221;display_block_on&#8221; button_alignment=&#8221;align_center&#8221; button_alignment_mobile=&#8221;text-center-mobile&#8221; button_link=&#8221;url:mailto%3Amarketing.dach%40electroluxprofessional.com%3Fsubject%3DTerminanfrage%20TasteLab%20mit%20Electrolux%20Professional%20am%2017.%20und%2018.%20April|title:Terminanfrage%20TasteLab%20mit%20Electrolux%20Professional%20am%2017.%20%26%2018.%20April&#8221;][\/vc_column_inner][vc_column_inner width=&#8221;1\/5&#8243;][elx_button button_text=&#8221;02. &amp; 03.<br \/>\nMai&#8221; button_display_block=&#8221;display_block_on&#8221; button_alignment=&#8221;align_center&#8221; button_alignment_mobile=&#8221;text-center-mobile&#8221; button_link=&#8221;url:mailto%3Amarketing.dach%40electroluxprofessional.com%3Fsubject%3DTerminanfrage%20TasteLab%20mit%20Electrolux%20Professional%20am%2002.%20und%2003.%20Mai|title:Terminanfrage%20TasteLab%20mit%20Electrolux%20Professional%20am%2002.%20%26%2003.%20Mai&#8221;][\/vc_column_inner][vc_column_inner width=&#8221;1\/5&#8243;][elx_button button_text=&#8221;12. &amp; 13.<br \/>\nJuni&#8221; button_display_block=&#8221;display_block_on&#8221; button_alignment=&#8221;align_center&#8221; button_alignment_mobile=&#8221;text-center-mobile&#8221; button_link=&#8221;url:mailto%3Amarketing.dach%40electroluxprofessional.com%3Fsubject%3DTerminanfrage%20TasteLab%20mit%20Electrolux%20Professional%20am%2012.%20und%2013.%20Juni|title:Terminanfrage%20TasteLab%20mit%20Electrolux%20Professional%20am%2012.%20%26%2013.%20Juni&#8221;][\/vc_column_inner][vc_column_inner width=&#8221;1\/5&#8243;][elx_button button_text=&#8221;15. &amp; 16.<br \/>\nJuli&#8221; button_display_block=&#8221;display_block_on&#8221; button_alignment=&#8221;align_center&#8221; button_alignment_mobile=&#8221;text-center-mobile&#8221; button_link=&#8221;url:mailto%3Amarketing.dach%40electroluxprofessional.com%3Fsubject%3DTerminanfrage%20TasteLab%20mit%20Electrolux%20Professional%20am%2015.%20und%2016.%20Juli|title:Terminanfrage%20TasteLab%20mit%20Electrolux%20Professional%20am%2015.%20%26%2016.%20Juli&#8221;][\/vc_column_inner][\/vc_row_inner][vc_empty_space height=&#8221;20px&#8221;][vc_row_inner][vc_column_inner width=&#8221;1\/5&#8243;][elx_button button_text=&#8221;26. &amp; 27.<br \/>\nAugust&#8221; button_display_block=&#8221;display_block_on&#8221; button_alignment=&#8221;align_center&#8221; button_alignment_mobile=&#8221;text-center-mobile&#8221; button_link=&#8221;url:mailto%3Amarketing.dach%40electroluxprofessional.com%3Fsubject%3DTerminanfrage%20TasteLab%20mit%20Electrolux%20Professional%20am%2026.%20und%2027.%20August&#8221;][\/vc_column_inner][vc_column_inner width=&#8221;1\/5&#8243;][elx_button button_text=&#8221;16. &amp; 17. September&#8221; button_display_block=&#8221;display_block_on&#8221; button_alignment=&#8221;align_center&#8221; button_alignment_mobile=&#8221;text-center-mobile&#8221; button_link=&#8221;url:mailto%3Amarketing.dach%40electroluxprofessional.com%3Fsubject%3DTerminanfrage%20TasteLab%20mit%20Electrolux%20Professional%20am%2016.%20und%2017.%20September&#8221;][\/vc_column_inner][vc_column_inner width=&#8221;1\/5&#8243;][elx_button button_text=&#8221;28. &amp; 29.<br \/>\nOktober&#8221; button_display_block=&#8221;display_block_on&#8221; button_alignment=&#8221;align_center&#8221; button_alignment_mobile=&#8221;text-center-mobile&#8221; button_link=&#8221;url:mailto%3Amarketing.dach%40electroluxprofessional.com%3Fsubject%3DTerminanfrage%20TasteLab%20mit%20Electrolux%20Professional%20am%2028.%20und%2029.%20Oktober&#8221;][\/vc_column_inner][vc_column_inner width=&#8221;1\/5&#8243;][elx_button button_text=&#8221;04. &amp; 05. November&#8221; button_display_block=&#8221;display_block_on&#8221; button_alignment=&#8221;align_center&#8221; button_alignment_mobile=&#8221;text-center-mobile&#8221; button_link=&#8221;url:mailto%3Amarketing.dach%40electroluxprofessional.com%3Fsubject%3DTerminanfrage%20TasteLab%20mit%20Electrolux%20Professional%20am%2004.%20und%2005.%20November&#8221;][\/vc_column_inner][vc_column_inner width=&#8221;1\/5&#8243;][elx_button button_text=&#8221;09. &amp; 10. Dezember&#8221; button_display_block=&#8221;display_block_on&#8221; button_alignment=&#8221;align_center&#8221; button_alignment_mobile=&#8221;text-center-mobile&#8221; button_link=&#8221;url:mailto%3Amarketing.dach%40electroluxprofessional.com%3Fsubject%3DTerminanfrage%20TasteLab%20mit%20Electrolux%20Professional%20am%2009.%20und%2010.%20Dezember&#8221;][\/vc_column_inner][\/vc_row_inner][vc_empty_space][\/vc_column][\/vc_row][vc_row el_id=&#8221;Sursee&#8221;][vc_column][vc_empty_space height=&#8221;52px&#8221;][elx_heading font_size=&#8221;h2&#8243; text_color=&#8221;inherit&#8221;]Sursee, Schweiz[\/elx_heading][vc_empty_space][vc_row_inner][vc_column_inner width=&#8221;1\/2&#8243;][elx_image_block background_image=&#8221;8793&#8243; minimum_height=&#8221;300px&#8221;][vc_empty_space][elx_button button_text=&#8221;Zu Ihrem Ansprechpartner&#8221; button_style=&#8221;secondary-bordered&#8221; button_link=&#8221;url:https%3A%2F%2Fwww.electroluxprofessional.com%2Fde%2Fuebersicht-vertriebsteam-grosskuechentechnik-deutschland%2F|target:_blank&#8221;][\/vc_column_inner][vc_column_inner width=&#8221;1\/2&#8243;][vc_column_text]Unser Standort in Sursee, Schweiz, pr\u00e4sentiert auf 532 m\u00b2 einen Gro\u00dfteil unseres Sortiments an K\u00fcchen-, W\u00e4sche- und Getr\u00e4nkel\u00f6sungen sowie die Produktion unserer thermaline-Produkte. Unsere modernen K\u00fcchen laden zum Erleben eines innovativen Schulungskonzepts ein, geleitet von der Electrolux Professional Chef Academy und Experten. Dank eines geothermischen Systems heizen und k\u00fchlen wir ohne fossile Brennstoffe und haben CO2-Emissionen um 92 % reduziert. Ein nachhaltiger Treffpunkt f\u00fcr innovative Gro\u00dfk\u00fcchen- und W\u00e4schereil\u00f6sungen.[\/vc_column_text][\/vc_column_inner][\/vc_row_inner][vc_empty_space][\/vc_column][\/vc_row][vc_row el_id=&#8221;Welt&#8221; css=&#8221;.vc_custom_1707386536441{background-color: #efefef !important;}&#8221;][vc_column][vc_row_inner][vc_column_inner][vc_empty_space height=&#8221;16&#8243;][elx_heading font_size=&#8221;h1&#8243; text_color=&#8221;inherit&#8221; text_align=&#8221;text-left&#8221;]Centers of Excellence weltweit[\/elx_heading][vc_empty_space][vc_column_text]Die <strong>Centers of Excellence &#8211; die Ausstellungsr\u00e4ume und Schulungseinrichtungen<\/strong> von Electrolux Professional befinden sich auf der ganzen Welt und wurden zu diesem Zweck gegr\u00fcndet.<\/p>\n<p>Sie sind ausger\u00fcstet mit den innovativsten L\u00f6sungen f\u00fcr <strong>Gro\u00dfk\u00fcchentechnik, Getr\u00e4nkel\u00f6sungen und W\u00e4schereitechnik<\/strong>, die ihr volles Potenzial unter Beweis stellen und damit die Mission des Unternehmens widerspiegeln, dieser eine vertrauensw\u00fcrdige Partner zu sein, der das Arbeitsleben der Kunden jeden Tag einfacher, profitabler und wirklich nachhaltig macht.[\/vc_column_text][vc_empty_space][vc_column_text]<\/p>\n<p style=\"text-align: center;\">Klicken Sie auf die Karte f\u00fcr ein 3D-Erlebnis in unserem Showroom in Pordenone\/ Italien<\/p>\n<p>[\/vc_column_text][vc_single_image image=&#8221;16762&#8243; img_size=&#8221;full&#8221; alignment=&#8221;center&#8221; onclick=&#8221;custom_link&#8221; link=&#8221;https:\/\/www.electroluxprofessional.com\/chef-s-hub\/centers-of-excellence-electrolux-professional-virtual-tour\/&#8221;][vc_empty_space][vc_empty_space][\/vc_column_inner][\/vc_row_inner][\/vc_column][\/vc_row][vc_row][vc_column][vc_empty_space][vc_empty_space][elx_heading text_color=&#8221;electrolux-blue&#8221; text_align=&#8221;text-center&#8221;]Kontaktieren Sie uns wenn Sie unsere Centres of Excellence besuchen m\u00f6chten[\/elx_heading][vc_empty_space][elx_o2000_contact_us s=&#8221;Anfrage Centre of Excellence&#8221; request_type=&#8221;Other&#8221; country=&#8221;Germany&#8221; r=&#8221;Ich m\u00f6chte gerne mehr \u00fcber die Centres of Excellence erfahren&#8230;&#8221;][\/vc_column][\/vc_row][vc_row][vc_column][vc_empty_space][vc_empty_space][elx_heading text_color=&#8221;inherit&#8221;]Das k\u00f6nnte Sie auch interessieren[\/elx_heading][\/vc_column][\/vc_row][vc_row][vc_column width=&#8221;1\/3&#8243;][elx_maylike_box id_box=&#8221;16720&#8243;][\/vc_column][vc_column width=&#8221;1\/3&#8243;][elx_maylike_box id_box=&#8221;21545&#8243;][\/vc_column][vc_column width=&#8221;1\/3&#8243;][elx_maylike_box id_box=&#8221;1338&#8243;][\/vc_column][\/vc_row]<\/p>\n","protected":false},"excerpt":{"rendered":"<p>[vc_row full_width=&#8221;electroluxpro-full-width-no-padding&#8221;][vc_column][vc_single_image image=&#8221;7608&#8243; img_size=&#8221;full&#8221; alignment=&#8221;center&#8221;][\/vc_column][\/vc_row][vc_row][vc_column][vc_empty_space height=&#8221;16px&#8221;][vc_empty_space height=&#8221;16px&#8221;][elx_heading font_container=&#8221;h1&#8243; text_color=&#8221;inherit&#8221;]Unsere Showrooms &#8211; Centers of Excellence[\/elx_heading][vc_empty_space height=&#8221;16px&#8221;][\/vc_column][\/vc_row][vc_row][vc_column width=&#8221;2\/3&#8243;][vc_column_text]Bei Electrolux Professional k\u00f6nnen Kunden unsere L\u00f6sungen nicht nur theoretisch kennenlernen, sondern auch\u00a0hautnah in unseren Showrooms erleben. Wir bieten regelm\u00e4\u00dfig Kochdemonstrationen an, bei denen gezeigt wird, wie unsere Ger\u00e4te optimal eingesetzt werden k\u00f6nnen, um hervorragende Ergebnisse zu erzielen. Eine unvergessliche [&hellip;]<\/p>\n","protected":false},"author":161,"featured_media":0,"parent":0,"menu_order":0,"comment_status":"closed","ping_status":"closed","template":"","meta":{"footnotes":""},"class_list":["post-8792","page","type-page","status-publish","hentry"],"acf":[],"yoast_head":"<!-- This site is optimized with the Yoast SEO plugin v23.3 - https:\/\/yoast.com\/wordpress\/plugins\/seo\/ -->\n<title>Centers of Excellence | Electrolux Professional<\/title>\n<meta name=\"description\" content=\"17 Centres of Excellence mit mehr als 70 K\u00f6chen auf der ganzen Welt freuen sich auf Ihren Besuch bspw. in Rothenburg oder Sursee.\" \/>\n<meta name=\"robots\" content=\"index, follow, max-snippet:-1, max-image-preview:large, max-video-preview:-1\" \/>\n<link rel=\"canonical\" href=\"https:\/\/www.electroluxprofessional.com\/de\/centers-of-excellence-electrolux-professional\/\" \/>\n<meta property=\"og:locale\" content=\"de_DE\" \/>\n<meta property=\"og:type\" content=\"article\" \/>\n<meta property=\"og:title\" content=\"Centers of Excellence | Electrolux Professional\" \/>\n<meta property=\"og:description\" content=\"17 Centres of Excellence mit mehr als 70 K\u00f6chen auf der ganzen Welt freuen sich auf Ihren Besuch bspw. in Rothenburg oder Sursee.\" \/>\n<meta property=\"og:url\" content=\"https:\/\/www.electroluxprofessional.com\/de\/centers-of-excellence-electrolux-professional\/\" \/>\n<meta property=\"og:site_name\" content=\"Electrolux Professional Deutschland\" \/>\n<meta property=\"article:modified_time\" content=\"2026-03-25T06:25:17+00:00\" \/>\n<meta name=\"twitter:card\" content=\"summary_large_image\" \/>\n<meta name=\"twitter:label1\" content=\"Gesch\u00e4tzte Lesezeit\" \/>\n\t<meta name=\"twitter:data1\" content=\"4 Minuten\" \/>\n<script type=\"application\/ld+json\" class=\"yoast-schema-graph\">{\"@context\":\"https:\/\/schema.org\",\"@graph\":[{\"@type\":\"WebPage\",\"@id\":\"https:\/\/www.electroluxprofessional.com\/de\/centers-of-excellence-electrolux-professional\/\",\"url\":\"https:\/\/www.electroluxprofessional.com\/de\/centers-of-excellence-electrolux-professional\/\",\"name\":\"Centers of Excellence | Electrolux Professional\",\"isPartOf\":{\"@id\":\"https:\/\/www.electroluxprofessional.com\/de\/#website\"},\"datePublished\":\"2019-12-10T18:18:46+00:00\",\"dateModified\":\"2026-03-25T06:25:17+00:00\",\"description\":\"17 Centres of Excellence mit mehr als 70 K\u00f6chen auf der ganzen Welt freuen sich auf Ihren Besuch bspw. in Rothenburg oder Sursee.\",\"breadcrumb\":{\"@id\":\"https:\/\/www.electroluxprofessional.com\/de\/centers-of-excellence-electrolux-professional\/#breadcrumb\"},\"inLanguage\":\"de-DE\",\"potentialAction\":[{\"@type\":\"ReadAction\",\"target\":[\"https:\/\/www.electroluxprofessional.com\/de\/centers-of-excellence-electrolux-professional\/\"]}]},{\"@type\":\"BreadcrumbList\",\"@id\":\"https:\/\/www.electroluxprofessional.com\/de\/centers-of-excellence-electrolux-professional\/#breadcrumb\",\"itemListElement\":[{\"@type\":\"ListItem\",\"position\":1,\"name\":\"Startseite\",\"item\":\"https:\/\/www.electroluxprofessional.com\/de\/\"},{\"@type\":\"ListItem\",\"position\":2,\"name\":\"Unsere Showrooms &#8211; Centers of Excellence Electrolux Professional\"}]},{\"@type\":\"WebSite\",\"@id\":\"https:\/\/www.electroluxprofessional.com\/de\/#website\",\"url\":\"https:\/\/www.electroluxprofessional.com\/de\/\",\"name\":\"Electrolux Professional Deutschland\",\"description\":\"\",\"potentialAction\":[{\"@type\":\"SearchAction\",\"target\":{\"@type\":\"EntryPoint\",\"urlTemplate\":\"https:\/\/www.electroluxprofessional.com\/de\/?src={search_term_string}\"},\"query-input\":\"required name=search_term_string\"}],\"inLanguage\":\"de-DE\"}]}<\/script>\n<!-- \/ Yoast SEO plugin. -->","yoast_head_json":{"title":"Centers of Excellence | Electrolux Professional","description":"17 Centres of Excellence mit mehr als 70 K\u00f6chen auf der ganzen Welt freuen sich auf Ihren Besuch bspw. in Rothenburg oder Sursee.","robots":{"index":"index","follow":"follow","max-snippet":"max-snippet:-1","max-image-preview":"max-image-preview:large","max-video-preview":"max-video-preview:-1"},"canonical":"https:\/\/www.electroluxprofessional.com\/de\/centers-of-excellence-electrolux-professional\/","og_locale":"de_DE","og_type":"article","og_title":"Centers of Excellence | Electrolux Professional","og_description":"17 Centres of Excellence mit mehr als 70 K\u00f6chen auf der ganzen Welt freuen sich auf Ihren Besuch bspw. in Rothenburg oder Sursee.","og_url":"https:\/\/www.electroluxprofessional.com\/de\/centers-of-excellence-electrolux-professional\/","og_site_name":"Electrolux Professional Deutschland","article_modified_time":"2026-03-25T06:25:17+00:00","twitter_card":"summary_large_image","twitter_misc":{"Gesch\u00e4tzte Lesezeit":"4 Minuten"},"schema":{"@context":"https:\/\/schema.org","@graph":[{"@type":"WebPage","@id":"https:\/\/www.electroluxprofessional.com\/de\/centers-of-excellence-electrolux-professional\/","url":"https:\/\/www.electroluxprofessional.com\/de\/centers-of-excellence-electrolux-professional\/","name":"Centers of Excellence | Electrolux Professional","isPartOf":{"@id":"https:\/\/www.electroluxprofessional.com\/de\/#website"},"datePublished":"2019-12-10T18:18:46+00:00","dateModified":"2026-03-25T06:25:17+00:00","description":"17 Centres of Excellence mit mehr als 70 K\u00f6chen auf der ganzen Welt freuen sich auf Ihren Besuch bspw. in Rothenburg oder Sursee.","breadcrumb":{"@id":"https:\/\/www.electroluxprofessional.com\/de\/centers-of-excellence-electrolux-professional\/#breadcrumb"},"inLanguage":"de-DE","potentialAction":[{"@type":"ReadAction","target":["https:\/\/www.electroluxprofessional.com\/de\/centers-of-excellence-electrolux-professional\/"]}]},{"@type":"BreadcrumbList","@id":"https:\/\/www.electroluxprofessional.com\/de\/centers-of-excellence-electrolux-professional\/#breadcrumb","itemListElement":[{"@type":"ListItem","position":1,"name":"Startseite","item":"https:\/\/www.electroluxprofessional.com\/de\/"},{"@type":"ListItem","position":2,"name":"Unsere Showrooms &#8211; Centers of Excellence Electrolux Professional"}]},{"@type":"WebSite","@id":"https:\/\/www.electroluxprofessional.com\/de\/#website","url":"https:\/\/www.electroluxprofessional.com\/de\/","name":"Electrolux Professional Deutschland","description":"","potentialAction":[{"@type":"SearchAction","target":{"@type":"EntryPoint","urlTemplate":"https:\/\/www.electroluxprofessional.com\/de\/?src={search_term_string}"},"query-input":"required name=search_term_string"}],"inLanguage":"de-DE"}]}},"_links":{"self":[{"href":"https:\/\/www.electroluxprofessional.com\/de\/wp-json\/wp\/v2\/pages\/8792"}],"collection":[{"href":"https:\/\/www.electroluxprofessional.com\/de\/wp-json\/wp\/v2\/pages"}],"about":[{"href":"https:\/\/www.electroluxprofessional.com\/de\/wp-json\/wp\/v2\/types\/page"}],"author":[{"embeddable":true,"href":"https:\/\/www.electroluxprofessional.com\/de\/wp-json\/wp\/v2\/users\/161"}],"replies":[{"embeddable":true,"href":"https:\/\/www.electroluxprofessional.com\/de\/wp-json\/wp\/v2\/comments?post=8792"}],"version-history":[{"count":50,"href":"https:\/\/www.electroluxprofessional.com\/de\/wp-json\/wp\/v2\/pages\/8792\/revisions"}],"predecessor-version":[{"id":27583,"href":"https:\/\/www.electroluxprofessional.com\/de\/wp-json\/wp\/v2\/pages\/8792\/revisions\/27583"}],"wp:attachment":[{"href":"https:\/\/www.electroluxprofessional.com\/de\/wp-json\/wp\/v2\/media?parent=8792"}],"curies":[{"name":"wp","href":"https:\/\/api.w.org\/{rel}","templated":true}]}}