{"id":8519,"date":"2020-05-08T07:26:17","date_gmt":"2020-05-08T07:26:17","guid":{"rendered":"https:\/\/www.electroluxprofessional.com\/de\/?page_id=8519"},"modified":"2026-04-02T08:00:11","modified_gmt":"2026-04-02T07:00:11","slug":"uebersicht-vertriebsteam-grosskuechentechnik-deutschland","status":"publish","type":"page","link":"https:\/\/www.electroluxprofessional.com\/de\/ueber-uns\/uebersicht-vertriebsteam-grosskuechentechnik-deutschland\/","title":{"rendered":"\u00dcbersicht Vertriebsteam Gro\u00dfk\u00fcchentechnik Deutschland"},"content":{"rendered":"<p>[vc_row][vc_column][\/vc_column][\/vc_row][vc_row full_width=&#8221;electroluxpro-full-width-no-padding&#8221; gap=&#8221;30&#8243;][vc_column width=&#8221;1\/3&#8243;][vc_empty_space][elx_image align=&#8221;text-right&#8221; image_media_library=&#8221;24866&#8243; image_media_library_mobile=&#8221;24866&#8243;][vc_empty_space][vc_empty_space][\/vc_column][vc_column width=&#8221;2\/3&#8243;][vc_empty_space][vc_column_text]<\/p>\n<h1><strong>Ansprechpartner<\/strong><\/h1>\n<h2><strong>Electrolux Professional Gro\u00dfk\u00fcchentechnik<\/strong><\/h2>\n<p>[\/vc_column_text][vc_empty_space][vc_row_inner][vc_column_inner width=&#8221;1\/2&#8243;][elx_download_block text=&#8221;Die \u00dcbersicht als PDF&#8221; background_color=&#8221;electrolux-blue&#8221;][\/vc_column_inner][vc_column_inner width=&#8221;1\/2&#8243;][vc_empty_space][\/vc_column_inner][\/vc_row_inner][vc_column_text]<strong>Auftragsbearbeitung T\u00fcbingen<br \/>\n<\/strong>Hotline: +49 7071 93 000[\/vc_column_text][elx_button button_text=&#8221;E-Mail schreiben&#8221; button_style=&#8221;icon-blue&#8221; button_link=&#8221;url:mailto%3Aorder.efs.de%40electroluxprofessional.com&#8221;][vc_empty_space][vc_empty_space][\/vc_column][\/vc_row][vc_row][vc_column width=&#8221;1\/2&#8243;][vc_row_inner][vc_column_inner width=&#8221;1\/3&#8243;][vc_single_image image=&#8221;20764&#8243;][\/vc_column_inner][vc_column_inner width=&#8221;2\/3&#8243;][vc_column_text]<strong>Ralf D\u00f6ring<\/strong><br \/>\n<strong>Gebietsverkaufsleiter West<\/strong><br \/>\nMobil: +49 171 229 52 64[\/vc_column_text][elx_button button_text=&#8221;E-Mail schreiben&#8221; button_style=&#8221;icon-blue&#8221; button_link=&#8221;url:mailto%3Aralf.doring%40electroluxprofessional.com&#8221;][\/vc_column_inner][\/vc_row_inner][vc_empty_space][vc_row_inner][vc_column_inner width=&#8221;1\/3&#8243;][vc_single_image image=&#8221;20760&#8243;][\/vc_column_inner][vc_column_inner width=&#8221;2\/3&#8243;][vc_column_text]<strong>Markus Haberkorn<\/strong><br \/>\n<strong>Gebietsverkaufsleiter Ost<\/strong><br \/>\nMobil: +49 170 761 51 21[\/vc_column_text][elx_button button_text=&#8221;E-Mail schreiben&#8221; button_style=&#8221;icon-blue&#8221; button_link=&#8221;url:mailto%3Amarkus.haberkorn%40electroluxprofessional.com&#8221;][\/vc_column_inner][vc_column_inner][vc_empty_space][\/vc_column_inner][\/vc_row_inner][vc_row_inner][vc_column_inner width=&#8221;1\/3&#8243;][vc_single_image image=&#8221;20765&#8243;][\/vc_column_inner][vc_column_inner width=&#8221;2\/3&#8243;][vc_column_text]<strong>Sebastian Pfister<\/strong><br \/>\n<strong>Gebietsverkaufsleiter S\u00fcd-Ost<\/strong><br \/>\nMobil: +49 151 15895754[\/vc_column_text][elx_button button_text=&#8221;E-Mail schreiben&#8221; button_style=&#8221;icon-blue&#8221; button_link=&#8221;url:mailto%3Asebastian.pfister%40electroluxprofessional.com&#8221;][\/vc_column_inner][vc_column_inner][vc_empty_space][vc_empty_space][\/vc_column_inner][\/vc_row_inner][vc_row_inner][vc_column_inner width=&#8221;1\/3&#8243;][vc_single_image image=&#8221;20756&#8243;][\/vc_column_inner][vc_column_inner width=&#8221;2\/3&#8243;][vc_column_text]<strong>Fabian Wohlgemuth<\/strong><br \/>\n<strong>Key Account Manager Fachplaner<\/strong><br \/>\nMobil: +49 171 8621394[\/vc_column_text][elx_button button_text=&#8221;E-Mail schreiben&#8221; button_style=&#8221;icon-blue&#8221; button_link=&#8221;url:mailto%3Afabian.wohlgemuth%40electroluxprofessional.com&#8221;][\/vc_column_inner][vc_column_inner][vc_empty_space][\/vc_column_inner][\/vc_row_inner][vc_row_inner][vc_column_inner width=&#8221;1\/3&#8243;][vc_single_image image=&#8221;20759&#8243;][\/vc_column_inner][vc_column_inner width=&#8221;2\/3&#8243;][vc_column_text]<strong>Mario Pausch<\/strong><br \/>\n<strong>Projektingenieur<\/strong><br \/>\nMobil: +49 170 7615216[\/vc_column_text][elx_button button_text=&#8221;E-Mail schreiben&#8221; button_style=&#8221;icon-blue&#8221; button_link=&#8221;url:mailto%3Amario.pausch%40electroluxprofessional.com&#8221;][\/vc_column_inner][vc_column_inner][vc_empty_space][\/vc_column_inner][\/vc_row_inner][\/vc_column][vc_column width=&#8221;1\/2&#8243;][vc_row_inner][vc_column_inner width=&#8221;1\/3&#8243;][vc_single_image image=&#8221;20758&#8243;][\/vc_column_inner][vc_column_inner width=&#8221;2\/3&#8243;][vc_column_text]<strong>Heiko von Jutrzenka<\/strong><br \/>\n<strong>Gebietsverkaufsleiter Mitte-S\u00fcd<\/strong><br \/>\nMobil: +49 160 910 922 76[\/vc_column_text][elx_button button_text=&#8221;E-Mail schreiben&#8221; button_style=&#8221;icon-blue&#8221; button_link=&#8221;url:mailto%3Aheiko.von-jutrzenka%40electroluxprofessional.com&#8221;][\/vc_column_inner][vc_column_inner][vc_empty_space][\/vc_column_inner][\/vc_row_inner][vc_row_inner][vc_column_inner width=&#8221;1\/3&#8243;][vc_single_image image=&#8221;20766&#8243;][\/vc_column_inner][vc_column_inner width=&#8221;2\/3&#8243;][vc_column_text]<strong>Sven Ahrendt<\/strong><br \/>\n<strong>Gebietsverkaufsleiter S\u00fcd-West<\/strong><br \/>\nMobil: +49 171 867 68 97[\/vc_column_text][elx_button button_text=&#8221;E-Mail schreiben&#8221; button_style=&#8221;icon-blue&#8221; button_link=&#8221;url:mailto%3Asven.ahrendt%40electroluxprofessional.com&#8221;][\/vc_column_inner][vc_column_inner][vc_empty_space][vc_empty_space][vc_empty_space][vc_empty_space][vc_empty_space][vc_empty_space][vc_empty_space][vc_empty_space][\/vc_column_inner][\/vc_row_inner][vc_row_inner][vc_column_inner width=&#8221;1\/3&#8243;][vc_single_image image=&#8221;20754&#8243;][\/vc_column_inner][vc_column_inner width=&#8221;2\/3&#8243;][vc_column_text]<strong>Christian Behrend<\/strong><br \/>\n<strong>Key Account Manager<\/strong><br \/>\nMobil: +49 170 765 61 26[\/vc_column_text][elx_button button_text=&#8221;E-Mail schreiben&#8221; button_style=&#8221;icon-blue&#8221; button_link=&#8221;url:mailto%3Achristian.behrend%40electroluxprofessional.com&#8221;][\/vc_column_inner][vc_column_inner][vc_empty_space][\/vc_column_inner][\/vc_row_inner][vc_row_inner][vc_column_inner width=&#8221;1\/3&#8243;][vc_single_image image=&#8221;20761&#8243;][\/vc_column_inner][vc_column_inner width=&#8221;2\/3&#8243;][vc_column_text]<strong>Michael Krupp<\/strong><br \/>\n<strong>Projektingenieur Presales<\/strong><br \/>\nMobil: +49 170 765 61 32[\/vc_column_text][elx_button button_text=&#8221;E-Mail schreiben&#8221; button_style=&#8221;icon-blue&#8221; button_link=&#8221;url:mailto%3Amichael.krupp%40electroluxprofessional.com&#8221;][\/vc_column_inner][vc_column_inner][vc_empty_space][\/vc_column_inner][\/vc_row_inner][\/vc_column][\/vc_row][vc_row disable_element=&#8221;yes&#8221;][vc_column][vc_empty_space][vc_single_image image=&#8221;20746&#8243; img_size=&#8221;large&#8221;][\/vc_column][\/vc_row][vc_row disable_element=&#8221;yes&#8221;][vc_column][elx_download_block text=&#8221;Die \u00dcbersicht als PDF&#8221; file_picker=&#8221;20208&#8243; background_color=&#8221;electrolux-blue&#8221;][\/vc_column][\/vc_row][vc_row disable_element=&#8221;yes&#8221;][vc_column offset=&#8221;vc_hidden-sm vc_hidden-xs&#8221;][vc_single_image image=&#8221;20209&#8243; img_size=&#8221;full&#8221; alignment=&#8221;center&#8221;][\/vc_column][\/vc_row][vc_row][vc_column][vc_empty_space][\/vc_column][\/vc_row][vc_row][vc_column][\/vc_column][\/vc_row]<\/p>\n","protected":false},"excerpt":{"rendered":"<p>[vc_row][vc_column][\/vc_column][\/vc_row][vc_row full_width=&#8221;electroluxpro-full-width-no-padding&#8221; gap=&#8221;30&#8243;][vc_column width=&#8221;1\/3&#8243;][vc_empty_space][elx_image align=&#8221;text-right&#8221; image_media_library=&#8221;24866&#8243; image_media_library_mobile=&#8221;24866&#8243;][vc_empty_space][vc_empty_space][\/vc_column][vc_column width=&#8221;2\/3&#8243;][vc_empty_space][vc_column_text] Ansprechpartner Electrolux Professional Gro\u00dfk\u00fcchentechnik [\/vc_column_text][vc_empty_space][vc_row_inner][vc_column_inner width=&#8221;1\/2&#8243;][elx_download_block text=&#8221;Die \u00dcbersicht als PDF&#8221; background_color=&#8221;electrolux-blue&#8221;][\/vc_column_inner][vc_column_inner width=&#8221;1\/2&#8243;][vc_empty_space][\/vc_column_inner][\/vc_row_inner][vc_column_text]Auftragsbearbeitung T\u00fcbingen Hotline: +49 7071 93 000[\/vc_column_text][elx_button button_text=&#8221;E-Mail schreiben&#8221; button_style=&#8221;icon-blue&#8221; button_link=&#8221;url:mailto%3Aorder.efs.de%40electroluxprofessional.com&#8221;][vc_empty_space][vc_empty_space][\/vc_column][\/vc_row][vc_row][vc_column width=&#8221;1\/2&#8243;][vc_row_inner][vc_column_inner width=&#8221;1\/3&#8243;][vc_single_image image=&#8221;20764&#8243;][\/vc_column_inner][vc_column_inner width=&#8221;2\/3&#8243;][vc_column_text]Ralf D\u00f6ring Gebietsverkaufsleiter West Mobil: +49 171 229 52 64[\/vc_column_text][elx_button button_text=&#8221;E-Mail schreiben&#8221; button_style=&#8221;icon-blue&#8221; button_link=&#8221;url:mailto%3Aralf.doring%40electroluxprofessional.com&#8221;][\/vc_column_inner][\/vc_row_inner][vc_empty_space][vc_row_inner][vc_column_inner width=&#8221;1\/3&#8243;][vc_single_image image=&#8221;20760&#8243;][\/vc_column_inner][vc_column_inner width=&#8221;2\/3&#8243;][vc_column_text]Markus Haberkorn Gebietsverkaufsleiter Ost Mobil: +49 [&hellip;]<\/p>\n","protected":false},"author":161,"featured_media":0,"parent":7457,"menu_order":0,"comment_status":"closed","ping_status":"closed","template":"","meta":{"footnotes":""},"class_list":["post-8519","page","type-page","status-publish","hentry"],"acf":[],"yoast_head":"<!-- This site is optimized with the Yoast SEO plugin v23.3 - https:\/\/yoast.com\/wordpress\/plugins\/seo\/ -->\n<title>Ansprechpartner Gro\u00dfk\u00fcchentechnik | Electrolux Professional<\/title>\n<meta name=\"description\" content=\"Hier finden Sie die \u00dcbersicht der Ansprechpartner im Vertriebsteam Gro\u00dfk\u00fcchentechnik Deutschland von Electrolux Professional.\" \/>\n<meta name=\"robots\" content=\"index, follow, max-snippet:-1, max-image-preview:large, max-video-preview:-1\" \/>\n<link rel=\"canonical\" href=\"https:\/\/www.electroluxprofessional.com\/de\/ueber-uns\/uebersicht-vertriebsteam-grosskuechentechnik-deutschland\/\" \/>\n<meta property=\"og:locale\" content=\"de_DE\" \/>\n<meta property=\"og:type\" content=\"article\" \/>\n<meta property=\"og:title\" content=\"Ansprechpartner Gro\u00dfk\u00fcchentechnik | Electrolux Professional\" \/>\n<meta property=\"og:description\" content=\"Hier finden Sie die \u00dcbersicht der Ansprechpartner im Vertriebsteam Gro\u00dfk\u00fcchentechnik Deutschland von Electrolux Professional.\" \/>\n<meta property=\"og:url\" content=\"https:\/\/www.electroluxprofessional.com\/de\/ueber-uns\/uebersicht-vertriebsteam-grosskuechentechnik-deutschland\/\" \/>\n<meta property=\"og:site_name\" content=\"Electrolux Professional Deutschland\" \/>\n<meta property=\"article:modified_time\" content=\"2026-04-02T07:00:11+00:00\" \/>\n<meta name=\"twitter:card\" content=\"summary_large_image\" \/>\n<meta name=\"twitter:label1\" content=\"Gesch\u00e4tzte Lesezeit\" \/>\n\t<meta name=\"twitter:data1\" content=\"4 Minuten\" \/>\n<script type=\"application\/ld+json\" class=\"yoast-schema-graph\">{\"@context\":\"https:\/\/schema.org\",\"@graph\":[{\"@type\":\"WebPage\",\"@id\":\"https:\/\/www.electroluxprofessional.com\/de\/ueber-uns\/uebersicht-vertriebsteam-grosskuechentechnik-deutschland\/\",\"url\":\"https:\/\/www.electroluxprofessional.com\/de\/ueber-uns\/uebersicht-vertriebsteam-grosskuechentechnik-deutschland\/\",\"name\":\"Ansprechpartner Gro\u00dfk\u00fcchentechnik | Electrolux Professional\",\"isPartOf\":{\"@id\":\"https:\/\/www.electroluxprofessional.com\/de\/#website\"},\"datePublished\":\"2020-05-08T07:26:17+00:00\",\"dateModified\":\"2026-04-02T07:00:11+00:00\",\"description\":\"Hier finden Sie die \u00dcbersicht der Ansprechpartner im Vertriebsteam Gro\u00dfk\u00fcchentechnik Deutschland von Electrolux Professional.\",\"breadcrumb\":{\"@id\":\"https:\/\/www.electroluxprofessional.com\/de\/ueber-uns\/uebersicht-vertriebsteam-grosskuechentechnik-deutschland\/#breadcrumb\"},\"inLanguage\":\"de-DE\",\"potentialAction\":[{\"@type\":\"ReadAction\",\"target\":[\"https:\/\/www.electroluxprofessional.com\/de\/ueber-uns\/uebersicht-vertriebsteam-grosskuechentechnik-deutschland\/\"]}]},{\"@type\":\"BreadcrumbList\",\"@id\":\"https:\/\/www.electroluxprofessional.com\/de\/ueber-uns\/uebersicht-vertriebsteam-grosskuechentechnik-deutschland\/#breadcrumb\",\"itemListElement\":[{\"@type\":\"ListItem\",\"position\":1,\"name\":\"Startseite\",\"item\":\"https:\/\/www.electroluxprofessional.com\/de\/\"},{\"@type\":\"ListItem\",\"position\":2,\"name\":\"\u00dcber uns\",\"item\":\"https:\/\/www.electroluxprofessional.com\/de\/ueber-uns\/\"},{\"@type\":\"ListItem\",\"position\":3,\"name\":\"\u00dcbersicht Vertriebsteam Gro\u00dfk\u00fcchentechnik Deutschland\"}]},{\"@type\":\"WebSite\",\"@id\":\"https:\/\/www.electroluxprofessional.com\/de\/#website\",\"url\":\"https:\/\/www.electroluxprofessional.com\/de\/\",\"name\":\"Electrolux Professional Deutschland\",\"description\":\"\",\"potentialAction\":[{\"@type\":\"SearchAction\",\"target\":{\"@type\":\"EntryPoint\",\"urlTemplate\":\"https:\/\/www.electroluxprofessional.com\/de\/?src={search_term_string}\"},\"query-input\":\"required name=search_term_string\"}],\"inLanguage\":\"de-DE\"}]}<\/script>\n<!-- \/ Yoast SEO plugin. -->","yoast_head_json":{"title":"Ansprechpartner Gro\u00dfk\u00fcchentechnik | Electrolux Professional","description":"Hier finden Sie die \u00dcbersicht der Ansprechpartner im Vertriebsteam Gro\u00dfk\u00fcchentechnik Deutschland von Electrolux Professional.","robots":{"index":"index","follow":"follow","max-snippet":"max-snippet:-1","max-image-preview":"max-image-preview:large","max-video-preview":"max-video-preview:-1"},"canonical":"https:\/\/www.electroluxprofessional.com\/de\/ueber-uns\/uebersicht-vertriebsteam-grosskuechentechnik-deutschland\/","og_locale":"de_DE","og_type":"article","og_title":"Ansprechpartner Gro\u00dfk\u00fcchentechnik | Electrolux Professional","og_description":"Hier finden Sie die \u00dcbersicht der Ansprechpartner im Vertriebsteam Gro\u00dfk\u00fcchentechnik Deutschland von Electrolux Professional.","og_url":"https:\/\/www.electroluxprofessional.com\/de\/ueber-uns\/uebersicht-vertriebsteam-grosskuechentechnik-deutschland\/","og_site_name":"Electrolux Professional Deutschland","article_modified_time":"2026-04-02T07:00:11+00:00","twitter_card":"summary_large_image","twitter_misc":{"Gesch\u00e4tzte Lesezeit":"4 Minuten"},"schema":{"@context":"https:\/\/schema.org","@graph":[{"@type":"WebPage","@id":"https:\/\/www.electroluxprofessional.com\/de\/ueber-uns\/uebersicht-vertriebsteam-grosskuechentechnik-deutschland\/","url":"https:\/\/www.electroluxprofessional.com\/de\/ueber-uns\/uebersicht-vertriebsteam-grosskuechentechnik-deutschland\/","name":"Ansprechpartner Gro\u00dfk\u00fcchentechnik | Electrolux Professional","isPartOf":{"@id":"https:\/\/www.electroluxprofessional.com\/de\/#website"},"datePublished":"2020-05-08T07:26:17+00:00","dateModified":"2026-04-02T07:00:11+00:00","description":"Hier finden Sie die \u00dcbersicht der Ansprechpartner im Vertriebsteam Gro\u00dfk\u00fcchentechnik Deutschland von Electrolux Professional.","breadcrumb":{"@id":"https:\/\/www.electroluxprofessional.com\/de\/ueber-uns\/uebersicht-vertriebsteam-grosskuechentechnik-deutschland\/#breadcrumb"},"inLanguage":"de-DE","potentialAction":[{"@type":"ReadAction","target":["https:\/\/www.electroluxprofessional.com\/de\/ueber-uns\/uebersicht-vertriebsteam-grosskuechentechnik-deutschland\/"]}]},{"@type":"BreadcrumbList","@id":"https:\/\/www.electroluxprofessional.com\/de\/ueber-uns\/uebersicht-vertriebsteam-grosskuechentechnik-deutschland\/#breadcrumb","itemListElement":[{"@type":"ListItem","position":1,"name":"Startseite","item":"https:\/\/www.electroluxprofessional.com\/de\/"},{"@type":"ListItem","position":2,"name":"\u00dcber uns","item":"https:\/\/www.electroluxprofessional.com\/de\/ueber-uns\/"},{"@type":"ListItem","position":3,"name":"\u00dcbersicht Vertriebsteam Gro\u00dfk\u00fcchentechnik Deutschland"}]},{"@type":"WebSite","@id":"https:\/\/www.electroluxprofessional.com\/de\/#website","url":"https:\/\/www.electroluxprofessional.com\/de\/","name":"Electrolux Professional Deutschland","description":"","potentialAction":[{"@type":"SearchAction","target":{"@type":"EntryPoint","urlTemplate":"https:\/\/www.electroluxprofessional.com\/de\/?src={search_term_string}"},"query-input":"required name=search_term_string"}],"inLanguage":"de-DE"}]}},"_links":{"self":[{"href":"https:\/\/www.electroluxprofessional.com\/de\/wp-json\/wp\/v2\/pages\/8519"}],"collection":[{"href":"https:\/\/www.electroluxprofessional.com\/de\/wp-json\/wp\/v2\/pages"}],"about":[{"href":"https:\/\/www.electroluxprofessional.com\/de\/wp-json\/wp\/v2\/types\/page"}],"author":[{"embeddable":true,"href":"https:\/\/www.electroluxprofessional.com\/de\/wp-json\/wp\/v2\/users\/161"}],"replies":[{"embeddable":true,"href":"https:\/\/www.electroluxprofessional.com\/de\/wp-json\/wp\/v2\/comments?post=8519"}],"version-history":[{"count":98,"href":"https:\/\/www.electroluxprofessional.com\/de\/wp-json\/wp\/v2\/pages\/8519\/revisions"}],"predecessor-version":[{"id":27690,"href":"https:\/\/www.electroluxprofessional.com\/de\/wp-json\/wp\/v2\/pages\/8519\/revisions\/27690"}],"up":[{"embeddable":true,"href":"https:\/\/www.electroluxprofessional.com\/de\/wp-json\/wp\/v2\/pages\/7457"}],"wp:attachment":[{"href":"https:\/\/www.electroluxprofessional.com\/de\/wp-json\/wp\/v2\/media?parent=8519"}],"curies":[{"name":"wp","href":"https:\/\/api.w.org\/{rel}","templated":true}]}}