{"id":8515,"date":"2020-02-17T11:08:54","date_gmt":"2020-02-17T11:08:54","guid":{"rendered":"https:\/\/www.electroluxprofessional.com\/de-ch\/?page_id=8285"},"modified":"2026-03-26T07:02:51","modified_gmt":"2026-03-26T06:02:51","slug":"uebersicht-vertriebsteam-waeschereitechnik-deutschland","status":"publish","type":"page","link":"https:\/\/www.electroluxprofessional.com\/de\/ueber-uns\/uebersicht-vertriebsteam-waeschereitechnik-deutschland\/","title":{"rendered":"\u00dcbersicht Vertriebsteam W\u00e4schereitechnik Deutschland"},"content":{"rendered":"<p>[vc_row][vc_column][vc_column_text][\/vc_column_text][\/vc_column][\/vc_row][vc_row full_width=&#8221;electroluxpro-full-width&#8221; gap=&#8221;30&#8243;][vc_column width=&#8221;1\/3&#8243;][vc_empty_space][vc_single_image image=&#8221;26975&#8243; img_size=&#8221;410&#215;550&#8243; alignment=&#8221;right&#8221;][vc_empty_space][vc_empty_space][\/vc_column][vc_column width=&#8221;2\/3&#8243;][vc_empty_space][vc_column_text]<\/p>\n<h1><strong>Ansprechpartner<\/strong><\/h1>\n<h2><strong>Electrolux Professional W\u00e4schereil\u00f6sungen<\/strong><\/h2>\n<p>[\/vc_column_text][vc_empty_space][vc_row_inner full_width=&#8221;electroluxpro-container-no-padding&#8221;][vc_column_inner width=&#8221;1\/2&#8243;][elx_download_block text=&#8221;Die \u00dcbersicht als PDF&#8221; background_color=&#8221;electrolux-blue&#8221;][\/vc_column_inner][vc_column_inner width=&#8221;1\/2&#8243;][vc_empty_space][\/vc_column_inner][\/vc_row_inner][vc_column_text]<strong>Auftragsbearbeitung T\u00fcbingen<br \/>\n<\/strong>Hotline: +49 7071 93 000[\/vc_column_text][elx_button button_text=&#8221;E-Mail schreiben&#8221; button_style=&#8221;icon-blue&#8221; button_link=&#8221;url:mailto%3Aorder.els.de%40electroluxprofessional.com&#8221;][vc_empty_space][vc_empty_space][\/vc_column][\/vc_row][vc_row][vc_column width=&#8221;1\/2&#8243;][vc_row_inner][vc_column_inner width=&#8221;1\/3&#8243;][vc_single_image image=&#8221;22134&#8243;][\/vc_column_inner][vc_column_inner width=&#8221;2\/3&#8243;][vc_column_text]<strong>Ingo Sackmann<br \/>\nTeamleiter Professional\/ Gebietsverkaufsleiter Nord<\/strong><br \/>\nMobil: +49 160 380 68 60[\/vc_column_text][elx_button button_text=&#8221;E-Mail schreiben&#8221; button_style=&#8221;icon-blue&#8221; button_link=&#8221;url:mailto%3Aingo.sackmann%40electroluxprofessional.com&#8221;][\/vc_column_inner][\/vc_row_inner][vc_empty_space][vc_row_inner][vc_column_inner width=&#8221;1\/3&#8243;][vc_single_image image=&#8221;27593&#8243;][\/vc_column_inner][vc_column_inner width=&#8221;2\/3&#8243;][vc_column_text]<strong>Matthias Hanf<br \/>\nGebietsverkaufsleiter Ost<\/strong><br \/>\nMobil: +49 171 227 43 13[\/vc_column_text][elx_button button_text=&#8221;E-Mail schreiben&#8221; button_style=&#8221;icon-blue&#8221; button_link=&#8221;url:mailto%3Amatthias.hanf%40electroluxprofessional.com&#8221;][\/vc_column_inner][\/vc_row_inner][vc_empty_space][vc_row_inner][vc_column_inner width=&#8221;1\/3&#8243;][vc_single_image image=&#8221;21686&#8243;][\/vc_column_inner][vc_column_inner width=&#8221;2\/3&#8243;][vc_column_text]<strong>Ralf Johann<\/strong><br \/>\n<strong>Gebietsverkaufsleiter West<\/strong><br \/>\nMobil: +49 151 168 853 57[\/vc_column_text][elx_button button_text=&#8221;E-Mail schreiben&#8221; button_style=&#8221;icon-blue&#8221; button_link=&#8221;url:mailto%3Aralf.johann%40electroluxprofessional.com&#8221;][\/vc_column_inner][\/vc_row_inner][vc_empty_space][vc_row_inner][vc_column_inner width=&#8221;1\/3&#8243;][vc_single_image image=&#8221;21684&#8243;][\/vc_column_inner][vc_column_inner width=&#8221;2\/3&#8243;][vc_column_text]<strong>Peter Mester<\/strong><br \/>\n<strong>Sales Development Manager<\/strong><br \/>\nMobil +49 171 475 42 58[\/vc_column_text][elx_button button_text=&#8221;E-Mail schreiben&#8221; button_style=&#8221;icon-blue&#8221; button_link=&#8221;url:mailto%3Apeter.mester%40electroluxprofessional.com&#8221;][\/vc_column_inner][vc_column_inner][vc_empty_space][\/vc_column_inner][\/vc_row_inner][\/vc_column][vc_column width=&#8221;1\/2&#8243;][vc_row_inner][vc_column_inner width=&#8221;1\/3&#8243;][vc_single_image image=&#8221;21687&#8243;][\/vc_column_inner][vc_column_inner width=&#8221;2\/3&#8243;][vc_column_text]<strong>Roger Ots<\/strong><br \/>\n<strong>Gebietsverkaufsleiter Mitte<\/strong><br \/>\nMobil: +49 175 188 14 23[\/vc_column_text][elx_button button_text=&#8221;E-Mail schreiben&#8221; button_style=&#8221;icon-blue&#8221; button_link=&#8221;url:mailto%3Aroger.ots%40electroluxprofessional.com&#8221;][\/vc_column_inner][vc_column_inner][vc_empty_space][\/vc_column_inner][\/vc_row_inner][vc_row_inner][vc_column_inner width=&#8221;1\/3&#8243;][vc_single_image image=&#8221;21690&#8243;][\/vc_column_inner][vc_column_inner width=&#8221;2\/3&#8243;][vc_column_text]<strong>Michaela Borst<\/strong><br \/>\n<strong>Gebietsverkaufsleiterin S\u00fcd-Ost<\/strong><br \/>\nMobil: +49 151 676 580 07[\/vc_column_text][elx_button button_text=&#8221;E-Mail schreiben&#8221; button_style=&#8221;icon-blue&#8221; button_link=&#8221;url:mailto%3A%20michaela.borst%40electroluxprofessional.com&#8221;][\/vc_column_inner][vc_column_inner][vc_empty_space][\/vc_column_inner][\/vc_row_inner][vc_row_inner][vc_column_inner width=&#8221;1\/3&#8243;][vc_single_image image=&#8221;21681&#8243;][\/vc_column_inner][vc_column_inner width=&#8221;2\/3&#8243;][vc_column_text]<strong>Andy Schr\u00f6der<\/strong><br \/>\n<strong>Segment Manager Geb\u00e4udereinigung &amp; Feuerwehr DACH<\/strong><br \/>\nMobil: +49 175 433 33 41[\/vc_column_text][elx_button button_text=&#8221;E-Mail schreiben&#8221; button_style=&#8221;icon-blue&#8221; button_link=&#8221;url:mailto%3Aandy.schroder%40electroluxprofessional.com&#8221;][\/vc_column_inner][vc_column_inner][vc_empty_space][\/vc_column_inner][\/vc_row_inner][\/vc_column][\/vc_row][vc_row disable_element=&#8221;yes&#8221;][vc_column][elx_download_block text=&#8221;Die \u00dcbersicht als PDF&#8221; file_picker=&#8221;21282&#8243; background_color=&#8221;electrolux-blue&#8221;][vc_single_image image=&#8221;21281&#8243; img_size=&#8221;large&#8221; alignment=&#8221;center&#8221;][\/vc_column][\/vc_row][vc_row disable_element=&#8221;yes&#8221;][vc_column][vc_empty_space][\/vc_column][\/vc_row][vc_row disable_element=&#8221;yes&#8221;][vc_column][elx_download_block text=&#8221;Die \u00dcbersicht als PDF&#8221; file_picker=&#8221;20208&#8243; background_color=&#8221;electrolux-blue&#8221;][\/vc_column][\/vc_row][vc_row disable_element=&#8221;yes&#8221;][vc_column offset=&#8221;vc_hidden-sm vc_hidden-xs&#8221;][vc_single_image image=&#8221;20209&#8243; img_size=&#8221;full&#8221; alignment=&#8221;center&#8221;][\/vc_column][\/vc_row][vc_row][vc_column][vc_empty_space][\/vc_column][\/vc_row]<\/p>\n","protected":false},"excerpt":{"rendered":"<p>[vc_row][vc_column][vc_column_text][\/vc_column_text][\/vc_column][\/vc_row][vc_row full_width=&#8221;electroluxpro-full-width&#8221; gap=&#8221;30&#8243;][vc_column width=&#8221;1\/3&#8243;][vc_empty_space][vc_single_image image=&#8221;26975&#8243; img_size=&#8221;410&#215;550&#8243; alignment=&#8221;right&#8221;][vc_empty_space][vc_empty_space][\/vc_column][vc_column width=&#8221;2\/3&#8243;][vc_empty_space][vc_column_text] Ansprechpartner Electrolux Professional W\u00e4schereil\u00f6sungen [\/vc_column_text][vc_empty_space][vc_row_inner full_width=&#8221;electroluxpro-container-no-padding&#8221;][vc_column_inner width=&#8221;1\/2&#8243;][elx_download_block text=&#8221;Die \u00dcbersicht als PDF&#8221; background_color=&#8221;electrolux-blue&#8221;][\/vc_column_inner][vc_column_inner width=&#8221;1\/2&#8243;][vc_empty_space][\/vc_column_inner][\/vc_row_inner][vc_column_text]Auftragsbearbeitung T\u00fcbingen Hotline: +49 7071 93 000[\/vc_column_text][elx_button button_text=&#8221;E-Mail schreiben&#8221; button_style=&#8221;icon-blue&#8221; button_link=&#8221;url:mailto%3Aorder.els.de%40electroluxprofessional.com&#8221;][vc_empty_space][vc_empty_space][\/vc_column][\/vc_row][vc_row][vc_column width=&#8221;1\/2&#8243;][vc_row_inner][vc_column_inner width=&#8221;1\/3&#8243;][vc_single_image image=&#8221;22134&#8243;][\/vc_column_inner][vc_column_inner width=&#8221;2\/3&#8243;][vc_column_text]Ingo Sackmann Teamleiter Professional\/ Gebietsverkaufsleiter Nord Mobil: +49 160 380 68 60[\/vc_column_text][elx_button button_text=&#8221;E-Mail schreiben&#8221; button_style=&#8221;icon-blue&#8221; button_link=&#8221;url:mailto%3Aingo.sackmann%40electroluxprofessional.com&#8221;][\/vc_column_inner][\/vc_row_inner][vc_empty_space][vc_row_inner][vc_column_inner width=&#8221;1\/3&#8243;][vc_single_image image=&#8221;27593&#8243;][\/vc_column_inner][vc_column_inner width=&#8221;2\/3&#8243;][vc_column_text]Matthias Hanf Gebietsverkaufsleiter [&hellip;]<\/p>\n","protected":false},"author":161,"featured_media":0,"parent":7457,"menu_order":0,"comment_status":"closed","ping_status":"closed","template":"","meta":{"footnotes":""},"class_list":["post-8515","page","type-page","status-publish","hentry"],"acf":[],"yoast_head":"<!-- This site is optimized with the Yoast SEO plugin v23.3 - https:\/\/yoast.com\/wordpress\/plugins\/seo\/ -->\n<title>Ansprechpartner W\u00e4schereitechnik | Electrolux Professional<\/title>\n<meta name=\"description\" content=\"Hier finden Sie die \u00dcbersicht unserers Vertriebsteams W\u00e4schereitechnik Deutschland. Gerne unterst\u00fctzen wir Sie bei Ihren Fragen und Anliegen!\" \/>\n<meta name=\"robots\" content=\"index, follow, max-snippet:-1, max-image-preview:large, max-video-preview:-1\" \/>\n<link rel=\"canonical\" href=\"https:\/\/www.electroluxprofessional.com\/de\/ueber-uns\/uebersicht-vertriebsteam-waeschereitechnik-deutschland\/\" \/>\n<meta property=\"og:locale\" content=\"de_DE\" \/>\n<meta property=\"og:type\" content=\"article\" \/>\n<meta property=\"og:title\" content=\"Ansprechpartner W\u00e4schereitechnik | Electrolux Professional\" \/>\n<meta property=\"og:description\" content=\"Hier finden Sie die \u00dcbersicht unserers Vertriebsteams W\u00e4schereitechnik Deutschland. Gerne unterst\u00fctzen wir Sie bei Ihren Fragen und Anliegen!\" \/>\n<meta property=\"og:url\" content=\"https:\/\/www.electroluxprofessional.com\/de\/ueber-uns\/uebersicht-vertriebsteam-waeschereitechnik-deutschland\/\" \/>\n<meta property=\"og:site_name\" content=\"Electrolux Professional Deutschland\" \/>\n<meta property=\"article:modified_time\" content=\"2026-03-26T06:02:51+00:00\" \/>\n<meta name=\"twitter:card\" content=\"summary_large_image\" \/>\n<meta name=\"twitter:label1\" content=\"Gesch\u00e4tzte Lesezeit\" \/>\n\t<meta name=\"twitter:data1\" content=\"2 Minuten\" \/>\n<script type=\"application\/ld+json\" class=\"yoast-schema-graph\">{\"@context\":\"https:\/\/schema.org\",\"@graph\":[{\"@type\":\"WebPage\",\"@id\":\"https:\/\/www.electroluxprofessional.com\/de\/ueber-uns\/uebersicht-vertriebsteam-waeschereitechnik-deutschland\/\",\"url\":\"https:\/\/www.electroluxprofessional.com\/de\/ueber-uns\/uebersicht-vertriebsteam-waeschereitechnik-deutschland\/\",\"name\":\"Ansprechpartner W\u00e4schereitechnik | Electrolux Professional\",\"isPartOf\":{\"@id\":\"https:\/\/www.electroluxprofessional.com\/de\/#website\"},\"datePublished\":\"2020-02-17T11:08:54+00:00\",\"dateModified\":\"2026-03-26T06:02:51+00:00\",\"description\":\"Hier finden Sie die \u00dcbersicht unserers Vertriebsteams W\u00e4schereitechnik Deutschland. Gerne unterst\u00fctzen wir Sie bei Ihren Fragen und Anliegen!\",\"breadcrumb\":{\"@id\":\"https:\/\/www.electroluxprofessional.com\/de\/ueber-uns\/uebersicht-vertriebsteam-waeschereitechnik-deutschland\/#breadcrumb\"},\"inLanguage\":\"de-DE\",\"potentialAction\":[{\"@type\":\"ReadAction\",\"target\":[\"https:\/\/www.electroluxprofessional.com\/de\/ueber-uns\/uebersicht-vertriebsteam-waeschereitechnik-deutschland\/\"]}]},{\"@type\":\"BreadcrumbList\",\"@id\":\"https:\/\/www.electroluxprofessional.com\/de\/ueber-uns\/uebersicht-vertriebsteam-waeschereitechnik-deutschland\/#breadcrumb\",\"itemListElement\":[{\"@type\":\"ListItem\",\"position\":1,\"name\":\"Startseite\",\"item\":\"https:\/\/www.electroluxprofessional.com\/de\/\"},{\"@type\":\"ListItem\",\"position\":2,\"name\":\"\u00dcber uns\",\"item\":\"https:\/\/www.electroluxprofessional.com\/de\/ueber-uns\/\"},{\"@type\":\"ListItem\",\"position\":3,\"name\":\"\u00dcbersicht Vertriebsteam W\u00e4schereitechnik Deutschland\"}]},{\"@type\":\"WebSite\",\"@id\":\"https:\/\/www.electroluxprofessional.com\/de\/#website\",\"url\":\"https:\/\/www.electroluxprofessional.com\/de\/\",\"name\":\"Electrolux Professional Deutschland\",\"description\":\"\",\"potentialAction\":[{\"@type\":\"SearchAction\",\"target\":{\"@type\":\"EntryPoint\",\"urlTemplate\":\"https:\/\/www.electroluxprofessional.com\/de\/?src={search_term_string}\"},\"query-input\":\"required name=search_term_string\"}],\"inLanguage\":\"de-DE\"}]}<\/script>\n<!-- \/ Yoast SEO plugin. -->","yoast_head_json":{"title":"Ansprechpartner W\u00e4schereitechnik | Electrolux Professional","description":"Hier finden Sie die \u00dcbersicht unserers Vertriebsteams W\u00e4schereitechnik Deutschland. Gerne unterst\u00fctzen wir Sie bei Ihren Fragen und Anliegen!","robots":{"index":"index","follow":"follow","max-snippet":"max-snippet:-1","max-image-preview":"max-image-preview:large","max-video-preview":"max-video-preview:-1"},"canonical":"https:\/\/www.electroluxprofessional.com\/de\/ueber-uns\/uebersicht-vertriebsteam-waeschereitechnik-deutschland\/","og_locale":"de_DE","og_type":"article","og_title":"Ansprechpartner W\u00e4schereitechnik | Electrolux Professional","og_description":"Hier finden Sie die \u00dcbersicht unserers Vertriebsteams W\u00e4schereitechnik Deutschland. Gerne unterst\u00fctzen wir Sie bei Ihren Fragen und Anliegen!","og_url":"https:\/\/www.electroluxprofessional.com\/de\/ueber-uns\/uebersicht-vertriebsteam-waeschereitechnik-deutschland\/","og_site_name":"Electrolux Professional Deutschland","article_modified_time":"2026-03-26T06:02:51+00:00","twitter_card":"summary_large_image","twitter_misc":{"Gesch\u00e4tzte Lesezeit":"2 Minuten"},"schema":{"@context":"https:\/\/schema.org","@graph":[{"@type":"WebPage","@id":"https:\/\/www.electroluxprofessional.com\/de\/ueber-uns\/uebersicht-vertriebsteam-waeschereitechnik-deutschland\/","url":"https:\/\/www.electroluxprofessional.com\/de\/ueber-uns\/uebersicht-vertriebsteam-waeschereitechnik-deutschland\/","name":"Ansprechpartner W\u00e4schereitechnik | Electrolux Professional","isPartOf":{"@id":"https:\/\/www.electroluxprofessional.com\/de\/#website"},"datePublished":"2020-02-17T11:08:54+00:00","dateModified":"2026-03-26T06:02:51+00:00","description":"Hier finden Sie die \u00dcbersicht unserers Vertriebsteams W\u00e4schereitechnik Deutschland. Gerne unterst\u00fctzen wir Sie bei Ihren Fragen und Anliegen!","breadcrumb":{"@id":"https:\/\/www.electroluxprofessional.com\/de\/ueber-uns\/uebersicht-vertriebsteam-waeschereitechnik-deutschland\/#breadcrumb"},"inLanguage":"de-DE","potentialAction":[{"@type":"ReadAction","target":["https:\/\/www.electroluxprofessional.com\/de\/ueber-uns\/uebersicht-vertriebsteam-waeschereitechnik-deutschland\/"]}]},{"@type":"BreadcrumbList","@id":"https:\/\/www.electroluxprofessional.com\/de\/ueber-uns\/uebersicht-vertriebsteam-waeschereitechnik-deutschland\/#breadcrumb","itemListElement":[{"@type":"ListItem","position":1,"name":"Startseite","item":"https:\/\/www.electroluxprofessional.com\/de\/"},{"@type":"ListItem","position":2,"name":"\u00dcber uns","item":"https:\/\/www.electroluxprofessional.com\/de\/ueber-uns\/"},{"@type":"ListItem","position":3,"name":"\u00dcbersicht Vertriebsteam W\u00e4schereitechnik Deutschland"}]},{"@type":"WebSite","@id":"https:\/\/www.electroluxprofessional.com\/de\/#website","url":"https:\/\/www.electroluxprofessional.com\/de\/","name":"Electrolux Professional Deutschland","description":"","potentialAction":[{"@type":"SearchAction","target":{"@type":"EntryPoint","urlTemplate":"https:\/\/www.electroluxprofessional.com\/de\/?src={search_term_string}"},"query-input":"required name=search_term_string"}],"inLanguage":"de-DE"}]}},"_links":{"self":[{"href":"https:\/\/www.electroluxprofessional.com\/de\/wp-json\/wp\/v2\/pages\/8515"}],"collection":[{"href":"https:\/\/www.electroluxprofessional.com\/de\/wp-json\/wp\/v2\/pages"}],"about":[{"href":"https:\/\/www.electroluxprofessional.com\/de\/wp-json\/wp\/v2\/types\/page"}],"author":[{"embeddable":true,"href":"https:\/\/www.electroluxprofessional.com\/de\/wp-json\/wp\/v2\/users\/161"}],"replies":[{"embeddable":true,"href":"https:\/\/www.electroluxprofessional.com\/de\/wp-json\/wp\/v2\/comments?post=8515"}],"version-history":[{"count":70,"href":"https:\/\/www.electroluxprofessional.com\/de\/wp-json\/wp\/v2\/pages\/8515\/revisions"}],"predecessor-version":[{"id":27595,"href":"https:\/\/www.electroluxprofessional.com\/de\/wp-json\/wp\/v2\/pages\/8515\/revisions\/27595"}],"up":[{"embeddable":true,"href":"https:\/\/www.electroluxprofessional.com\/de\/wp-json\/wp\/v2\/pages\/7457"}],"wp:attachment":[{"href":"https:\/\/www.electroluxprofessional.com\/de\/wp-json\/wp\/v2\/media?parent=8515"}],"curies":[{"name":"wp","href":"https:\/\/api.w.org\/{rel}","templated":true}]}}