{"id":8480,"date":"2020-05-04T15:29:13","date_gmt":"2020-05-04T15:29:13","guid":{"rendered":"https:\/\/www.electroluxprofessional.com\/de\/?page_id=8480"},"modified":"2025-07-10T11:12:52","modified_gmt":"2025-07-10T11:12:52","slug":"aktuelle-erreichbarkeit","status":"publish","type":"page","link":"https:\/\/www.electroluxprofessional.com\/de\/kundenservice\/aktuelle-erreichbarkeit\/","title":{"rendered":"Aktuelle Erreichbarkeit"},"content":{"rendered":"<p>[vc_row full_width=&#8221;electroluxpro-full-width-no-padding&#8221;][vc_column][vc_single_image image=&#8221;8482&#8243; img_size=&#8221;3000&#215;350&#8243; alignment=&#8221;center&#8221;][\/vc_column][\/vc_row][vc_row][vc_column width=&#8221;1\/3&#8243;][vc_empty_space][vc_single_image image=&#8221;4324&#8243; img_size=&#8221;300*300&#8243;][vc_empty_space][\/vc_column][vc_column width=&#8221;2\/3&#8243;][vc_empty_space][vc_empty_space][elx_button button_text=&#8221;W\u00e4schereil\u00f6sungen &#8211; Vermittlung eines Reparaturauftrags&#8221; button_style=&#8221;secondary-bordered&#8221; button_link=&#8221;url:https%3A%2F%2Fwww.electroluxprofessional.com%2Fde%2Fformular-servicefall-waeschereiloesungen%2F|target:_blank&#8221;][vc_empty_space][elx_button button_text=&#8221;Gro\u00dfk\u00fcchentechnik &#8211; Vermittlung eines Reparaturauftrags&#8221; button_style=&#8221;secondary-bordered&#8221; button_link=&#8221;url:https%3A%2F%2Fwww.electroluxprofessional.com%2Fde%2Fvermittlung-eines-reparaturauftrags-efs%2F|target:_blank&#8221;][vc_empty_space][elx_button button_text=&#8221;Zur H\u00e4ndler- und Servicepartnersuche&#8221; button_style=&#8221;secondary-bordered&#8221; button_link=&#8221;url:https%3A%2F%2Fwww.electroluxprofessional.com%2Fde%2Fsales-und-service-locator%2F|target:_blank&#8221;][vc_empty_space][vc_empty_space][\/vc_column][\/vc_row][vc_row][vc_column width=&#8221;2\/3&#8243;][elx_heading font_size=&#8221;h3&#8243; text_color=&#8221;inherit&#8221;]Wir sind f\u00fcr Sie da[\/elx_heading][vc_empty_space height=&#8221;16px&#8221;][vc_column_text]Unser Werkskundendienst und zentraler Support steht Ihnen in dieser au\u00dfergew\u00f6hnlichen Zeit f\u00fcr Wartungsarbeiten, St\u00f6rungsbehebungen und Reparaturen\/Instandsetzungen weiterhin zur Verf\u00fcgung.<\/p>\n<p>Selbstverst\u00e4ndlich steht f\u00fcr uns die Sicherheit unserer Mitarbeiter, unserer Kunden und Gesch\u00e4ftspartner an erster Stelle. Um einen reibungslosen Einsatz weiterhin zu erm\u00f6glichen zu k\u00f6nnen, m\u00f6chten wir jetzt die Zeit effektiv nutzen und Ihnen helfen Ihre Ger\u00e4te Instand zu setzen und Wartungen durchzuf\u00fchren. Wie gewohnt sind die zertifizierten Servicepartner telefonisch und per Mail zu erreichen. Die entsprechend hinterlegten Kontaktdaten der zust\u00e4ndigen Partner erhalten Sie in unserem Service Locator oder unter unseren Service Nummern.<\/p>\n<p>Mit pr\u00e4ventiver Wartung kann die t\u00e4glich ben\u00f6tigte Produktivit\u00e4t der Ger\u00e4tschaften aufrechterhalten werden und die optimale Funktionalit\u00e4t bei Wieder-Inbetriebnahme sichergestellt werden.[\/vc_column_text][\/vc_column][vc_column width=&#8221;1\/3&#8243; css=&#8221;.vc_custom_1712582341398{background-color: #e4e4e4 !important;}&#8221;][vc_empty_space][elx_heading font_container=&#8221;h1&#8243; font_size=&#8221;h2&#8243; text_color=&#8221;inherit&#8221;]Service Hotlines[\/elx_heading][vc_empty_space][vc_column_text]<strong>F\u00fcr Deutschland:<\/strong><\/p>\n<p>W\u00e4schereisysteme: +49 800 1197040<\/p>\n<p>Gro\u00dfk\u00fcchentechnik: +49 180 2214162[\/vc_column_text][vc_empty_space][vc_empty_space][vc_empty_space height=&#8221;16px&#8221;][vc_empty_space height=&#8221;16px&#8221;][vc_empty_space][\/vc_column][\/vc_row][vc_row][vc_column][vc_empty_space][\/vc_column][\/vc_row][vc_row custom_color_row=&#8221;bg-row-light-blue&#8221; full_width=&#8221;electroluxpro-full-width&#8221;][vc_column][elx_features_download title=&#8221;Essentia: das Herz unseres Kundenservice&#8221; tag_title=&#8221;h3&#8243; class_title=&#8221;h2&#8243; title_discover=&#8221;&#8221; title_position=&#8221;top&#8221; bg_row=&#8221;bg-row-light-blue&#8221; values=&#8221;%5B%7B%22select_type%22%3A%22link%22%7D%5D&#8221; discover=&#8221;%5B%7B%22link_discover%22%3A%22url%3Ahttps%253A%252F%252Fwww.electroluxprofessional.com%252Fde%252Fkundenservice%252F%7Ctitle%3AEntdecken%2520Sie%2520Essentia%7Ctarget%3A_blank%22%7D%5D&#8221; features=&#8221;%5B%7B%7D%5D&#8221;]<span class=\"Y2IQFc\" lang=\"de\">Wir bieten Ihnen die Unterst\u00fctzung, die Sie brauchen und k\u00fcmmern uns um Ihre Prozesse mit einem zuverl\u00e4ssigen Servicenetzwerk, einer Reihe ma\u00dfgeschneiderter exklusiver Dienstleistungen und einer innovativen Technologie.<\/span>[\/elx_features_download][\/vc_column][\/vc_row][vc_row][vc_column][vc_empty_space][\/vc_column][\/vc_row]<\/p>\n","protected":false},"excerpt":{"rendered":"<p>[vc_row full_width=&#8221;electroluxpro-full-width-no-padding&#8221;][vc_column][vc_single_image image=&#8221;8482&#8243; img_size=&#8221;3000&#215;350&#8243; alignment=&#8221;center&#8221;][\/vc_column][\/vc_row][vc_row][vc_column width=&#8221;1\/3&#8243;][vc_empty_space][vc_single_image image=&#8221;4324&#8243; img_size=&#8221;300*300&#8243;][vc_empty_space][\/vc_column][vc_column width=&#8221;2\/3&#8243;][vc_empty_space][vc_empty_space][elx_button button_text=&#8221;W\u00e4schereil\u00f6sungen &#8211; Vermittlung eines Reparaturauftrags&#8221; button_style=&#8221;secondary-bordered&#8221; button_link=&#8221;url:https%3A%2F%2Fwww.electroluxprofessional.com%2Fde%2Fformular-servicefall-waeschereiloesungen%2F|target:_blank&#8221;][vc_empty_space][elx_button button_text=&#8221;Gro\u00dfk\u00fcchentechnik &#8211; Vermittlung eines Reparaturauftrags&#8221; button_style=&#8221;secondary-bordered&#8221; button_link=&#8221;url:https%3A%2F%2Fwww.electroluxprofessional.com%2Fde%2Fvermittlung-eines-reparaturauftrags-efs%2F|target:_blank&#8221;][vc_empty_space][elx_button button_text=&#8221;Zur H\u00e4ndler- und Servicepartnersuche&#8221; button_style=&#8221;secondary-bordered&#8221; button_link=&#8221;url:https%3A%2F%2Fwww.electroluxprofessional.com%2Fde%2Fsales-und-service-locator%2F|target:_blank&#8221;][vc_empty_space][vc_empty_space][\/vc_column][\/vc_row][vc_row][vc_column width=&#8221;2\/3&#8243;][elx_heading font_size=&#8221;h3&#8243; text_color=&#8221;inherit&#8221;]Wir sind f\u00fcr Sie da[\/elx_heading][vc_empty_space height=&#8221;16px&#8221;][vc_column_text]Unser Werkskundendienst und zentraler Support steht Ihnen in dieser au\u00dfergew\u00f6hnlichen Zeit f\u00fcr Wartungsarbeiten, St\u00f6rungsbehebungen und Reparaturen\/Instandsetzungen weiterhin zur Verf\u00fcgung. [&hellip;]<\/p>\n","protected":false},"author":161,"featured_media":8482,"parent":4331,"menu_order":0,"comment_status":"closed","ping_status":"closed","template":"","meta":{"footnotes":""},"class_list":["post-8480","page","type-page","status-publish","has-post-thumbnail","hentry"],"acf":[],"yoast_head":"<!-- This site is optimized with the Yoast SEO plugin v23.3 - https:\/\/yoast.com\/wordpress\/plugins\/seo\/ -->\n<title>Werkskundendienst und zentraler Support | Electrolux Professional<\/title>\n<meta name=\"description\" content=\"Unser Kundenservice steht f\u00fcr Wartungsarbeiten, St\u00f6rungsbehebungen und Reparaturen\/Instandsetzungen zur Verf\u00fcgung.\" \/>\n<meta name=\"robots\" content=\"index, follow, max-snippet:-1, max-image-preview:large, max-video-preview:-1\" \/>\n<link rel=\"canonical\" href=\"https:\/\/www.electroluxprofessional.com\/de\/kundenservice\/aktuelle-erreichbarkeit\/\" \/>\n<meta property=\"og:locale\" content=\"de_DE\" \/>\n<meta property=\"og:type\" content=\"article\" \/>\n<meta property=\"og:title\" content=\"Electrolux Professional - Essentia\" \/>\n<meta property=\"og:description\" content=\"Essentia ist das Herz eines einzigartigen Kundenservice, der Ihnen durch individuell zugeschnittene Leistungen einen entscheidenden Wettbewerbsvorteil verschaffen wird.\" \/>\n<meta property=\"og:url\" content=\"https:\/\/www.electroluxprofessional.com\/de\/kundenservice\/aktuelle-erreichbarkeit\/\" \/>\n<meta property=\"og:site_name\" content=\"Electrolux Professional Deutschland\" \/>\n<meta property=\"article:modified_time\" content=\"2025-07-10T11:12:52+00:00\" \/>\n<meta property=\"og:image\" content=\"https:\/\/www.electroluxprofessional.com\/de\/wp-content\/uploads\/2018\/08\/Essentia_Social.jpg\" \/>\n<meta name=\"twitter:card\" content=\"summary_large_image\" \/>\n<meta name=\"twitter:label1\" content=\"Gesch\u00e4tzte Lesezeit\" \/>\n\t<meta name=\"twitter:data1\" content=\"2 Minuten\" \/>\n<script type=\"application\/ld+json\" class=\"yoast-schema-graph\">{\"@context\":\"https:\/\/schema.org\",\"@graph\":[{\"@type\":\"WebPage\",\"@id\":\"https:\/\/www.electroluxprofessional.com\/de\/kundenservice\/aktuelle-erreichbarkeit\/\",\"url\":\"https:\/\/www.electroluxprofessional.com\/de\/kundenservice\/aktuelle-erreichbarkeit\/\",\"name\":\"Werkskundendienst und zentraler Support | Electrolux Professional\",\"isPartOf\":{\"@id\":\"https:\/\/www.electroluxprofessional.com\/de\/#website\"},\"primaryImageOfPage\":{\"@id\":\"https:\/\/www.electroluxprofessional.com\/de\/kundenservice\/aktuelle-erreichbarkeit\/#primaryimage\"},\"image\":{\"@id\":\"https:\/\/www.electroluxprofessional.com\/de\/kundenservice\/aktuelle-erreichbarkeit\/#primaryimage\"},\"thumbnailUrl\":\"https:\/\/www.electroluxprofessional.com\/de\/wp-content\/uploads\/2020\/05\/Erreichbarkeit_Neu.jpg\",\"datePublished\":\"2020-05-04T15:29:13+00:00\",\"dateModified\":\"2025-07-10T11:12:52+00:00\",\"description\":\"Unser Kundenservice steht f\u00fcr Wartungsarbeiten, St\u00f6rungsbehebungen und Reparaturen\/Instandsetzungen zur Verf\u00fcgung.\",\"breadcrumb\":{\"@id\":\"https:\/\/www.electroluxprofessional.com\/de\/kundenservice\/aktuelle-erreichbarkeit\/#breadcrumb\"},\"inLanguage\":\"de-DE\",\"potentialAction\":[{\"@type\":\"ReadAction\",\"target\":[\"https:\/\/www.electroluxprofessional.com\/de\/kundenservice\/aktuelle-erreichbarkeit\/\"]}]},{\"@type\":\"ImageObject\",\"inLanguage\":\"de-DE\",\"@id\":\"https:\/\/www.electroluxprofessional.com\/de\/kundenservice\/aktuelle-erreichbarkeit\/#primaryimage\",\"url\":\"https:\/\/www.electroluxprofessional.com\/de\/wp-content\/uploads\/2020\/05\/Erreichbarkeit_Neu.jpg\",\"contentUrl\":\"https:\/\/www.electroluxprofessional.com\/de\/wp-content\/uploads\/2020\/05\/Erreichbarkeit_Neu.jpg\",\"width\":1481,\"height\":300,\"caption\":\"Aktuelle Erreichbarkeit des Service von Electrolux Professional\"},{\"@type\":\"BreadcrumbList\",\"@id\":\"https:\/\/www.electroluxprofessional.com\/de\/kundenservice\/aktuelle-erreichbarkeit\/#breadcrumb\",\"itemListElement\":[{\"@type\":\"ListItem\",\"position\":1,\"name\":\"Startseite\",\"item\":\"https:\/\/www.electroluxprofessional.com\/de\/\"},{\"@type\":\"ListItem\",\"position\":2,\"name\":\"Kundenservice\",\"item\":\"https:\/\/www.electroluxprofessional.com\/de\/kundenservice\/\"},{\"@type\":\"ListItem\",\"position\":3,\"name\":\"Aktuelle Erreichbarkeit\"}]},{\"@type\":\"WebSite\",\"@id\":\"https:\/\/www.electroluxprofessional.com\/de\/#website\",\"url\":\"https:\/\/www.electroluxprofessional.com\/de\/\",\"name\":\"Electrolux Professional Deutschland\",\"description\":\"\",\"potentialAction\":[{\"@type\":\"SearchAction\",\"target\":{\"@type\":\"EntryPoint\",\"urlTemplate\":\"https:\/\/www.electroluxprofessional.com\/de\/?src={search_term_string}\"},\"query-input\":\"required name=search_term_string\"}],\"inLanguage\":\"de-DE\"}]}<\/script>\n<!-- \/ Yoast SEO plugin. -->","yoast_head_json":{"title":"Werkskundendienst und zentraler Support | Electrolux Professional","description":"Unser Kundenservice steht f\u00fcr Wartungsarbeiten, St\u00f6rungsbehebungen und Reparaturen\/Instandsetzungen zur Verf\u00fcgung.","robots":{"index":"index","follow":"follow","max-snippet":"max-snippet:-1","max-image-preview":"max-image-preview:large","max-video-preview":"max-video-preview:-1"},"canonical":"https:\/\/www.electroluxprofessional.com\/de\/kundenservice\/aktuelle-erreichbarkeit\/","og_locale":"de_DE","og_type":"article","og_title":"Electrolux Professional - Essentia","og_description":"Essentia ist das Herz eines einzigartigen Kundenservice, der Ihnen durch individuell zugeschnittene Leistungen einen entscheidenden Wettbewerbsvorteil verschaffen wird.","og_url":"https:\/\/www.electroluxprofessional.com\/de\/kundenservice\/aktuelle-erreichbarkeit\/","og_site_name":"Electrolux Professional Deutschland","article_modified_time":"2025-07-10T11:12:52+00:00","og_image":[{"url":"https:\/\/www.electroluxprofessional.com\/de\/wp-content\/uploads\/2018\/08\/Essentia_Social.jpg"}],"twitter_card":"summary_large_image","twitter_misc":{"Gesch\u00e4tzte Lesezeit":"2 Minuten"},"schema":{"@context":"https:\/\/schema.org","@graph":[{"@type":"WebPage","@id":"https:\/\/www.electroluxprofessional.com\/de\/kundenservice\/aktuelle-erreichbarkeit\/","url":"https:\/\/www.electroluxprofessional.com\/de\/kundenservice\/aktuelle-erreichbarkeit\/","name":"Werkskundendienst und zentraler Support | Electrolux Professional","isPartOf":{"@id":"https:\/\/www.electroluxprofessional.com\/de\/#website"},"primaryImageOfPage":{"@id":"https:\/\/www.electroluxprofessional.com\/de\/kundenservice\/aktuelle-erreichbarkeit\/#primaryimage"},"image":{"@id":"https:\/\/www.electroluxprofessional.com\/de\/kundenservice\/aktuelle-erreichbarkeit\/#primaryimage"},"thumbnailUrl":"https:\/\/www.electroluxprofessional.com\/de\/wp-content\/uploads\/2020\/05\/Erreichbarkeit_Neu.jpg","datePublished":"2020-05-04T15:29:13+00:00","dateModified":"2025-07-10T11:12:52+00:00","description":"Unser Kundenservice steht f\u00fcr Wartungsarbeiten, St\u00f6rungsbehebungen und Reparaturen\/Instandsetzungen zur Verf\u00fcgung.","breadcrumb":{"@id":"https:\/\/www.electroluxprofessional.com\/de\/kundenservice\/aktuelle-erreichbarkeit\/#breadcrumb"},"inLanguage":"de-DE","potentialAction":[{"@type":"ReadAction","target":["https:\/\/www.electroluxprofessional.com\/de\/kundenservice\/aktuelle-erreichbarkeit\/"]}]},{"@type":"ImageObject","inLanguage":"de-DE","@id":"https:\/\/www.electroluxprofessional.com\/de\/kundenservice\/aktuelle-erreichbarkeit\/#primaryimage","url":"https:\/\/www.electroluxprofessional.com\/de\/wp-content\/uploads\/2020\/05\/Erreichbarkeit_Neu.jpg","contentUrl":"https:\/\/www.electroluxprofessional.com\/de\/wp-content\/uploads\/2020\/05\/Erreichbarkeit_Neu.jpg","width":1481,"height":300,"caption":"Aktuelle Erreichbarkeit des Service von Electrolux Professional"},{"@type":"BreadcrumbList","@id":"https:\/\/www.electroluxprofessional.com\/de\/kundenservice\/aktuelle-erreichbarkeit\/#breadcrumb","itemListElement":[{"@type":"ListItem","position":1,"name":"Startseite","item":"https:\/\/www.electroluxprofessional.com\/de\/"},{"@type":"ListItem","position":2,"name":"Kundenservice","item":"https:\/\/www.electroluxprofessional.com\/de\/kundenservice\/"},{"@type":"ListItem","position":3,"name":"Aktuelle Erreichbarkeit"}]},{"@type":"WebSite","@id":"https:\/\/www.electroluxprofessional.com\/de\/#website","url":"https:\/\/www.electroluxprofessional.com\/de\/","name":"Electrolux Professional Deutschland","description":"","potentialAction":[{"@type":"SearchAction","target":{"@type":"EntryPoint","urlTemplate":"https:\/\/www.electroluxprofessional.com\/de\/?src={search_term_string}"},"query-input":"required name=search_term_string"}],"inLanguage":"de-DE"}]}},"_links":{"self":[{"href":"https:\/\/www.electroluxprofessional.com\/de\/wp-json\/wp\/v2\/pages\/8480"}],"collection":[{"href":"https:\/\/www.electroluxprofessional.com\/de\/wp-json\/wp\/v2\/pages"}],"about":[{"href":"https:\/\/www.electroluxprofessional.com\/de\/wp-json\/wp\/v2\/types\/page"}],"author":[{"embeddable":true,"href":"https:\/\/www.electroluxprofessional.com\/de\/wp-json\/wp\/v2\/users\/161"}],"replies":[{"embeddable":true,"href":"https:\/\/www.electroluxprofessional.com\/de\/wp-json\/wp\/v2\/comments?post=8480"}],"version-history":[{"count":15,"href":"https:\/\/www.electroluxprofessional.com\/de\/wp-json\/wp\/v2\/pages\/8480\/revisions"}],"predecessor-version":[{"id":25260,"href":"https:\/\/www.electroluxprofessional.com\/de\/wp-json\/wp\/v2\/pages\/8480\/revisions\/25260"}],"up":[{"embeddable":true,"href":"https:\/\/www.electroluxprofessional.com\/de\/wp-json\/wp\/v2\/pages\/4331"}],"wp:featuredmedia":[{"embeddable":true,"href":"https:\/\/www.electroluxprofessional.com\/de\/wp-json\/wp\/v2\/media\/8482"}],"wp:attachment":[{"href":"https:\/\/www.electroluxprofessional.com\/de\/wp-json\/wp\/v2\/media?parent=8480"}],"curies":[{"name":"wp","href":"https:\/\/api.w.org\/{rel}","templated":true}]}}