{"id":848,"date":"2016-11-03T14:25:57","date_gmt":"2016-11-03T14:25:57","guid":{"rendered":"http:\/\/testepr.jobinformatica.it\/?page_id=3828"},"modified":"2019-07-10T13:10:47","modified_gmt":"2019-07-10T13:10:47","slug":"libero-line","status":"publish","type":"page","link":"https:\/\/www.electroluxprofessional.com\/de\/grosskuechentechnik\/libero-line\/","title":{"rendered":"Libero Line"},"content":{"rendered":"<p>[vc_row full_width=&#8221;electroluxpro-full-width-no-padding&#8221; equal_height=&#8221;yes&#8221;][vc_column][elx_image_block background_image=&#8221;606&#8243; minimum_height=&#8221;350px&#8221;][\/vc_column][\/vc_row][vc_row][vc_column][vc_empty_space][\/vc_column][\/vc_row][vc_row][vc_column width=&#8221;1\/2&#8243;][elx_heading font_container=&#8221;h1&#8243; font_size=&#8221;h2&#8243; text_color=&#8221;inherit&#8221;]<strong>Libero Line<\/strong>[\/elx_heading][vc_empty_space][elx_heading font_size=&#8221;h3&#8243; text_color=&#8221;inherit&#8221;]Das Front-Cooking-Konzept. Jeden bedienen. \u00dcberall.[\/elx_heading][vc_empty_space height=&#8221;15px&#8221;][vc_column_text]Bereiten Sie schnelle Speisen f\u00fcr Menschen vor, die unterwegs sind.\u00a0Vom einfachen Sandwich bis zur ausgiebigen Mahlzeit.[\/vc_column_text][elx_heading font_size=&#8221;h4&#8243; text_color=&#8221;inherit&#8221;]Nah am Essen[\/elx_heading][vc_column_text]Der <strong>Libero Point<\/strong> mit integrierten <strong>K\u00fchlschubk\u00e4sten<\/strong> erweitert das Sortiment an mobilen Kochger\u00e4ten von Libero und h\u00e4lt die\u00a0Lebensmittel frisch, w\u00e4hrend Sie <strong>nah an Ihren Speisen<\/strong> sind.[\/vc_column_text][elx_heading font_size=&#8221;h4&#8243; text_color=&#8221;inherit&#8221;]Nah am Kunden[\/elx_heading][vc_column_text]Das innovative\u00a0Anti-Geruchs System\u00a0mit dreifacher Filtertechnik und Umluftventilation reduziert die Geruchsbelastung. Das macht den Libero Point zur perfekten L\u00f6sung f\u00fcr den Innen- wie auch Au\u00dfenbereich.[\/vc_column_text][\/vc_column][vc_column width=&#8221;1\/2&#8243;][vc_single_image image=&#8221;617&#8243; img_size=&#8221;573&#215;730&#8243; css=&#8221;.vc_custom_1487259624583{padding-top: 60px !important;}&#8221;][\/vc_column][\/vc_row][vc_row][vc_column][vc_empty_space height=&#8221;50px&#8221;][\/vc_column][\/vc_row][vc_row][vc_column width=&#8221;1\/3&#8243;][vc_single_image image=&#8221;4748&#8243; img_size=&#8221;full&#8221;][\/vc_column][vc_column width=&#8221;1\/3&#8243;][elx_heading font_size=&#8221;h4&#8243; text_color=&#8221;inherit&#8221;]&#8221;Janus de l&#8217;industrie&#8221; Award[\/elx_heading][vc_empty_space height=&#8221;15px&#8221;][vc_column_text]2011 erhielt der Libero Point den prestigetr\u00e4chtigen <strong>Janus de l\u2019Industrie<\/strong>, einen der wichtigsten europ\u00e4ischen Design-Awards.[\/vc_column_text][\/vc_column][vc_column width=&#8221;1\/3&#8243;][vc_single_image image=&#8221;616&#8243; img_size=&#8221;full&#8221; alignment=&#8221;center&#8221;][\/vc_column][\/vc_row][vc_row][vc_column width=&#8221;1\/4&#8243;][elx_heading font_size=&#8221;h4&#8243; text_color=&#8221;inherit&#8221;]<strong>Bratplatte\/Griddle<\/strong>[\/elx_heading][vc_column_text]<\/p>\n<ul>\n<li>Bedienen\u00a0Sie Ihre G\u00e4ste in Rekordzeit! 20\u00b0C bis 265\u00b0C in weniger als 15 Minuten.<\/li>\n<li>F\u00fcr gleichm\u00e4\u00dfige Ergebnisse sorgt die pr\u00e4zise Temperatureinstellung<\/li>\n<li>Durch spezielles Reinigungswerkzeug werden Bratenr\u00fcckst\u00e4nde einfach von der Grillfl\u00e4che entfernt<\/li>\n<\/ul>\n<p>[\/vc_column_text][vc_single_image image=&#8221;4744&#8243; img_size=&#8221;full&#8221;][\/vc_column][vc_column width=&#8221;1\/4&#8243;][elx_heading font_size=&#8221;h4&#8243; text_color=&#8221;inherit&#8221;]<strong>Induktions-Wok<\/strong>[\/elx_heading][vc_column_text]<\/p>\n<ul>\n<li>Maximale Energieeffizienz durch automatische Topferkennung. Dadurch wird nur Energie aufgenommen, wenn eine Pfanne aufgestellt ist<\/li>\n<li>Wenig W\u00e4rmeabstrahlung, nur durch die Pfanne selbst<\/li>\n<\/ul>\n<p>[\/vc_column_text][vc_empty_space][vc_single_image image=&#8221;4747&#8243; img_size=&#8221;full&#8221;][\/vc_column][vc_column width=&#8221;1\/4&#8243;][elx_heading font_size=&#8221;h4&#8243; text_color=&#8221;inherit&#8221;]<strong>Induktionskochplatte<\/strong>[\/elx_heading][vc_column_text]<\/p>\n<ul>\n<li>Reduktion der Betriebskosten um bis zu 60%<\/li>\n<li>Servieren in wenigen Minuten durch rasche Pfannenerhitzung<\/li>\n<li>Glatte Oberfl\u00e4chen und abgerundete Ecken erleichtern die Reinigung. Robuste Edelstahlkonstruktion verhindert Korrossion.<\/li>\n<\/ul>\n<p>[\/vc_column_text][vc_single_image image=&#8221;4746&#8243; img_size=&#8221;full&#8221;][\/vc_column][vc_column width=&#8221;1\/4&#8243;][elx_heading font_size=&#8221;h4&#8243; text_color=&#8221;inherit&#8221;]<strong>Kompakt-Kombid\u00e4mpfer<\/strong>[\/elx_heading][vc_column_text]<\/p>\n<ul>\n<li>Ein gro\u00dfer Ofen auf wenig Stellfl\u00e4che. Alles was Sie brauchen: D\u00e4mpfen, Backen, Braten, R\u00f6sten und Grillen<\/li>\n<li>Kompakt, einfach in der Anwendung<\/li>\n<li>Kein fixer Wasseranschluss<\/li>\n<li>Rasch und einfach zerlegt f\u00fcr die Innenreinigung<\/li>\n<\/ul>\n<p>[\/vc_column_text][vc_single_image image=&#8221;1482&#8243; img_size=&#8221;medium&#8221;][\/vc_column][\/vc_row][vc_row][vc_column][vc_empty_space][\/vc_column][\/vc_row][vc_row video_bg=&#8221;yes&#8221;][vc_column width=&#8221;2\/4&#8243;][elx_video_block background_image=&#8221;4745&#8243; video_link=&#8221;https:\/\/www.youtube.com\/watch?v=jHWPvs9ZOXM&#8221; minimum_height=&#8221;260px&#8221;][vc_column_text]Libero Line Pr\u00e4sentation[\/vc_column_text][\/vc_column][\/vc_row][vc_row video_bg=&#8221;yes&#8221; disable_element=&#8221;yes&#8221;][vc_column width=&#8221;1\/4&#8243;][elx_download_block text=&#8221;Libero line&#8221; link=&#8221;https:\/\/www.electroluxprofessional.com\/de\/wp-content\/uploads\/2017\/06\/Libero_Line.pdf&#8221; background_color=&#8221;orchid&#8221; reveal_effect=&#8221;&#8221; reveal_duration=&#8221;&#8221; reveal_delay=&#8221;&#8221;][\/vc_column][vc_column width=&#8221;1\/4&#8243;][elx_download_block text=&#8221;Mini Combi Oven&#8221; link=&#8221;https:\/\/www.electroluxprofessional.com\/de\/wp-content\/uploads\/2017\/06\/Kompakt-Kombidaempfer.pdf&#8221; background_color=&#8221;orchid&#8221; reveal_effect=&#8221;&#8221; reveal_duration=&#8221;&#8221; reveal_delay=&#8221;&#8221;][\/vc_column][vc_column width=&#8221;2\/4&#8243;][elx_video_block background_image=&#8221;4745&#8243; video_link=&#8221;https:\/\/www.youtube.com\/watch?v=jHWPvs9ZOXM&#8221; minimum_height=&#8221;260px&#8221;][vc_column_text]Libero Line Presentation[\/vc_column_text][\/vc_column][\/vc_row][vc_row][vc_column][vc_empty_space height=&#8221;50px&#8221;][elx_heading font_size=&#8221;h3&#8243; text_color=&#8221;inherit&#8221; text_align=&#8221;text-center&#8221;]Finden Sie die ideale L\u00f6sung f\u00fcr Ihr Business[\/elx_heading][\/vc_column][\/vc_row][vc_row][vc_column width=&#8221;1\/3&#8243;][elx_maylike_box id_box=&#8221;1445&#8243;][\/vc_column][vc_column width=&#8221;1\/3&#8243;][elx_maylike_box id_box=&#8221;1485&#8243;][\/vc_column][vc_column width=&#8221;1\/3&#8243;][elx_maylike_box id_box=&#8221;374&#8243;][\/vc_column][\/vc_row][vc_row][vc_column][vc_empty_space height=&#8221;50px&#8221;][elx_heading font_container=&#8221;h3&#8243; text_color=&#8221;inherit&#8221; text_align=&#8221;text-center&#8221;]Finden Sie heraus, wie wir Ihnen mit Libero Line helfen k\u00f6nnen[\/elx_heading][elx_o2000_contact_us r=&#8221;Ich w\u00fcrde gerne mehr \u00fcber Libero Line erfahren. Bitte kontaktieren Sie mich.&#8221; s=&#8221;Anfrage Libero Line&#8221; country=&#8221;Germany&#8221; l=&#8221;de&#8221; container=&#8221;elxcontactus1469457188&#8243;][vc_empty_space height=&#8221;50px&#8221;][\/vc_column][\/vc_row]<\/p>\n","protected":false},"excerpt":{"rendered":"<p>[vc_row full_width=&#8221;electroluxpro-full-width-no-padding&#8221; equal_height=&#8221;yes&#8221;][vc_column][elx_image_block background_image=&#8221;606&#8243; minimum_height=&#8221;350px&#8221;][\/vc_column][\/vc_row][vc_row][vc_column][vc_empty_space][\/vc_column][\/vc_row][vc_row][vc_column width=&#8221;1\/2&#8243;][elx_heading font_container=&#8221;h1&#8243; font_size=&#8221;h2&#8243; text_color=&#8221;inherit&#8221;]Libero Line[\/elx_heading][vc_empty_space][elx_heading font_size=&#8221;h3&#8243; text_color=&#8221;inherit&#8221;]Das Front-Cooking-Konzept. Jeden bedienen. \u00dcberall.[\/elx_heading][vc_empty_space height=&#8221;15px&#8221;][vc_column_text]Bereiten Sie schnelle Speisen f\u00fcr Menschen vor, die unterwegs sind.\u00a0Vom einfachen Sandwich bis zur ausgiebigen Mahlzeit.[\/vc_column_text][elx_heading font_size=&#8221;h4&#8243; text_color=&#8221;inherit&#8221;]Nah am Essen[\/elx_heading][vc_column_text]Der Libero Point mit integrierten K\u00fchlschubk\u00e4sten erweitert das Sortiment an mobilen Kochger\u00e4ten von Libero und h\u00e4lt die\u00a0Lebensmittel frisch, w\u00e4hrend Sie [&hellip;]<\/p>\n","protected":false},"author":5,"featured_media":0,"parent":731,"menu_order":0,"comment_status":"closed","ping_status":"closed","template":"","meta":{"footnotes":""},"class_list":["post-848","page","type-page","status-publish","hentry"],"acf":[],"yoast_head":"<!-- This site is optimized with the Yoast SEO plugin v23.3 - https:\/\/yoast.com\/wordpress\/plugins\/seo\/ -->\n<title>Libero Line - das Front Cooking System von Electrolux Professional<\/title>\n<meta name=\"description\" content=\"Mit den mobilen Kocheinheiten des Libero Line Front Cooking Systems servieren Sie \u00fcberall in Rekordzeit perfekte Gerichte.\" \/>\n<meta name=\"robots\" content=\"index, follow, max-snippet:-1, max-image-preview:large, max-video-preview:-1\" \/>\n<link rel=\"canonical\" href=\"https:\/\/www.electroluxprofessional.com\/de\/grosskuechentechnik\/libero-line\/\" \/>\n<meta property=\"og:locale\" content=\"de_DE\" \/>\n<meta property=\"og:type\" content=\"article\" \/>\n<meta property=\"og:title\" content=\"Libero Line von Electrolux Professional\" \/>\n<meta property=\"og:description\" content=\"Das Front-Cooking-Konzept. Jeden bedienen. \u00dcberall.\" \/>\n<meta property=\"og:url\" content=\"https:\/\/www.electroluxprofessional.com\/de\/grosskuechentechnik\/libero-line\/\" \/>\n<meta property=\"og:site_name\" content=\"Electrolux Professional Deutschland\" \/>\n<meta property=\"article:modified_time\" content=\"2019-07-10T13:10:47+00:00\" \/>\n<meta property=\"og:image\" content=\"https:\/\/www.electroluxprofessional.com\/de\/wp-content\/uploads\/2016\/11\/preview_libero.jpg\" \/>\n<meta name=\"twitter:card\" content=\"summary_large_image\" \/>\n<meta name=\"twitter:label1\" content=\"Gesch\u00e4tzte Lesezeit\" \/>\n\t<meta name=\"twitter:data1\" content=\"4 Minuten\" \/>\n<script type=\"application\/ld+json\" class=\"yoast-schema-graph\">{\"@context\":\"https:\/\/schema.org\",\"@graph\":[{\"@type\":\"WebPage\",\"@id\":\"https:\/\/www.electroluxprofessional.com\/de\/grosskuechentechnik\/libero-line\/\",\"url\":\"https:\/\/www.electroluxprofessional.com\/de\/grosskuechentechnik\/libero-line\/\",\"name\":\"Libero Line - das Front Cooking System von Electrolux Professional\",\"isPartOf\":{\"@id\":\"https:\/\/www.electroluxprofessional.com\/de\/#website\"},\"datePublished\":\"2016-11-03T14:25:57+00:00\",\"dateModified\":\"2019-07-10T13:10:47+00:00\",\"description\":\"Mit den mobilen Kocheinheiten des Libero Line Front Cooking Systems servieren Sie \u00fcberall in Rekordzeit perfekte Gerichte.\",\"breadcrumb\":{\"@id\":\"https:\/\/www.electroluxprofessional.com\/de\/grosskuechentechnik\/libero-line\/#breadcrumb\"},\"inLanguage\":\"de-DE\",\"potentialAction\":[{\"@type\":\"ReadAction\",\"target\":[\"https:\/\/www.electroluxprofessional.com\/de\/grosskuechentechnik\/libero-line\/\"]}]},{\"@type\":\"BreadcrumbList\",\"@id\":\"https:\/\/www.electroluxprofessional.com\/de\/grosskuechentechnik\/libero-line\/#breadcrumb\",\"itemListElement\":[{\"@type\":\"ListItem\",\"position\":1,\"name\":\"Startseite\",\"item\":\"https:\/\/www.electroluxprofessional.com\/de\/\"},{\"@type\":\"ListItem\",\"position\":2,\"name\":\"Gro\u00dfk\u00fcchentechnik\",\"item\":\"https:\/\/www.electroluxprofessional.com\/de\/grosskuechentechnik\/\"},{\"@type\":\"ListItem\",\"position\":3,\"name\":\"Libero Line\"}]},{\"@type\":\"WebSite\",\"@id\":\"https:\/\/www.electroluxprofessional.com\/de\/#website\",\"url\":\"https:\/\/www.electroluxprofessional.com\/de\/\",\"name\":\"Electrolux Professional Deutschland\",\"description\":\"\",\"potentialAction\":[{\"@type\":\"SearchAction\",\"target\":{\"@type\":\"EntryPoint\",\"urlTemplate\":\"https:\/\/www.electroluxprofessional.com\/de\/?src={search_term_string}\"},\"query-input\":\"required name=search_term_string\"}],\"inLanguage\":\"de-DE\"}]}<\/script>\n<!-- \/ Yoast SEO plugin. -->","yoast_head_json":{"title":"Libero Line - das Front Cooking System von Electrolux Professional","description":"Mit den mobilen Kocheinheiten des Libero Line Front Cooking Systems servieren Sie \u00fcberall in Rekordzeit perfekte Gerichte.","robots":{"index":"index","follow":"follow","max-snippet":"max-snippet:-1","max-image-preview":"max-image-preview:large","max-video-preview":"max-video-preview:-1"},"canonical":"https:\/\/www.electroluxprofessional.com\/de\/grosskuechentechnik\/libero-line\/","og_locale":"de_DE","og_type":"article","og_title":"Libero Line von Electrolux Professional","og_description":"Das Front-Cooking-Konzept. Jeden bedienen. \u00dcberall.","og_url":"https:\/\/www.electroluxprofessional.com\/de\/grosskuechentechnik\/libero-line\/","og_site_name":"Electrolux Professional Deutschland","article_modified_time":"2019-07-10T13:10:47+00:00","og_image":[{"url":"https:\/\/www.electroluxprofessional.com\/de\/wp-content\/uploads\/2016\/11\/preview_libero.jpg"}],"twitter_card":"summary_large_image","twitter_misc":{"Gesch\u00e4tzte Lesezeit":"4 Minuten"},"schema":{"@context":"https:\/\/schema.org","@graph":[{"@type":"WebPage","@id":"https:\/\/www.electroluxprofessional.com\/de\/grosskuechentechnik\/libero-line\/","url":"https:\/\/www.electroluxprofessional.com\/de\/grosskuechentechnik\/libero-line\/","name":"Libero Line - das Front Cooking System von Electrolux Professional","isPartOf":{"@id":"https:\/\/www.electroluxprofessional.com\/de\/#website"},"datePublished":"2016-11-03T14:25:57+00:00","dateModified":"2019-07-10T13:10:47+00:00","description":"Mit den mobilen Kocheinheiten des Libero Line Front Cooking Systems servieren Sie \u00fcberall in Rekordzeit perfekte Gerichte.","breadcrumb":{"@id":"https:\/\/www.electroluxprofessional.com\/de\/grosskuechentechnik\/libero-line\/#breadcrumb"},"inLanguage":"de-DE","potentialAction":[{"@type":"ReadAction","target":["https:\/\/www.electroluxprofessional.com\/de\/grosskuechentechnik\/libero-line\/"]}]},{"@type":"BreadcrumbList","@id":"https:\/\/www.electroluxprofessional.com\/de\/grosskuechentechnik\/libero-line\/#breadcrumb","itemListElement":[{"@type":"ListItem","position":1,"name":"Startseite","item":"https:\/\/www.electroluxprofessional.com\/de\/"},{"@type":"ListItem","position":2,"name":"Gro\u00dfk\u00fcchentechnik","item":"https:\/\/www.electroluxprofessional.com\/de\/grosskuechentechnik\/"},{"@type":"ListItem","position":3,"name":"Libero Line"}]},{"@type":"WebSite","@id":"https:\/\/www.electroluxprofessional.com\/de\/#website","url":"https:\/\/www.electroluxprofessional.com\/de\/","name":"Electrolux Professional Deutschland","description":"","potentialAction":[{"@type":"SearchAction","target":{"@type":"EntryPoint","urlTemplate":"https:\/\/www.electroluxprofessional.com\/de\/?src={search_term_string}"},"query-input":"required name=search_term_string"}],"inLanguage":"de-DE"}]}},"_links":{"self":[{"href":"https:\/\/www.electroluxprofessional.com\/de\/wp-json\/wp\/v2\/pages\/848"}],"collection":[{"href":"https:\/\/www.electroluxprofessional.com\/de\/wp-json\/wp\/v2\/pages"}],"about":[{"href":"https:\/\/www.electroluxprofessional.com\/de\/wp-json\/wp\/v2\/types\/page"}],"author":[{"embeddable":true,"href":"https:\/\/www.electroluxprofessional.com\/de\/wp-json\/wp\/v2\/users\/5"}],"replies":[{"embeddable":true,"href":"https:\/\/www.electroluxprofessional.com\/de\/wp-json\/wp\/v2\/comments?post=848"}],"version-history":[{"count":0,"href":"https:\/\/www.electroluxprofessional.com\/de\/wp-json\/wp\/v2\/pages\/848\/revisions"}],"up":[{"embeddable":true,"href":"https:\/\/www.electroluxprofessional.com\/de\/wp-json\/wp\/v2\/pages\/731"}],"wp:attachment":[{"href":"https:\/\/www.electroluxprofessional.com\/de\/wp-json\/wp\/v2\/media?parent=848"}],"curies":[{"name":"wp","href":"https:\/\/api.w.org\/{rel}","templated":true}]}}