{"id":7852,"date":"2020-02-14T12:07:04","date_gmt":"2020-02-14T12:07:04","guid":{"rendered":"https:\/\/www.electroluxprofessional.com\/de\/?page_id=7852"},"modified":"2025-07-10T11:14:20","modified_gmt":"2025-07-10T11:14:20","slug":"vermittlung-eines-reparaturauftrags-efs","status":"publish","type":"page","link":"https:\/\/www.electroluxprofessional.com\/de\/kundenservice\/vermittlung-eines-reparaturauftrags-efs\/","title":{"rendered":"Vermittlung eines Reparaturauftrags Gro\u00dfk\u00fcchentechnik"},"content":{"rendered":"<p>[vc_row][vc_column][elx_heading font_container=&#8221;h1&#8243; font_size=&#8221;h2&#8243; text_color=&#8221;inherit&#8221;]Vermittlung eines Reparaturauftrags Gro\u00dfk\u00fcchentechnik[\/elx_heading][vc_empty_space height=&#8221;16px&#8221;][vc_column_text]Die Reparatur unserer Produkte im Bereich Gro\u00dfk\u00fcche erfolgt durch unabh\u00e4ngige Handwerksbetriebe. Wenn Sie einen Reparaturauftrag im Bereich Gro\u00dfk\u00fcche erteilen m\u00f6chten, stellen wir \u00fcber das nachstehende Formular bequem den Kontakt zu einem der Handwerksbetriebe aus unserem Netzwerk her. Sie erhalten von dem Handwerksbetrieb dann ein unverbindliches Angebot f\u00fcr die Reparatur.[\/vc_column_text][vc_empty_space][\/vc_column][vc_column][elx_o2000_food_repair_service email=&#8221;service.efs.de@electroluxprofessional.com&#8221; language=&#8221;de&#8221; emailsubject=&#8221;Reperaturauftrag Foodservice&#8221;][\/vc_column][\/vc_row][vc_row][vc_column][\/vc_column][\/vc_row]<\/p>\n","protected":false},"excerpt":{"rendered":"<p>[vc_row][vc_column][elx_heading font_container=&#8221;h1&#8243; font_size=&#8221;h2&#8243; text_color=&#8221;inherit&#8221;]Vermittlung eines Reparaturauftrags Gro\u00dfk\u00fcchentechnik[\/elx_heading][vc_empty_space height=&#8221;16px&#8221;][vc_column_text]Die Reparatur unserer Produkte im Bereich Gro\u00dfk\u00fcche erfolgt durch unabh\u00e4ngige Handwerksbetriebe. Wenn Sie einen Reparaturauftrag im Bereich Gro\u00dfk\u00fcche erteilen m\u00f6chten, stellen wir \u00fcber das nachstehende Formular bequem den Kontakt zu einem der Handwerksbetriebe aus unserem Netzwerk her. Sie erhalten von dem Handwerksbetrieb dann ein unverbindliches Angebot f\u00fcr die [&hellip;]<\/p>\n","protected":false},"author":1,"featured_media":0,"parent":4331,"menu_order":0,"comment_status":"closed","ping_status":"closed","template":"","meta":{"footnotes":""},"class_list":["post-7852","page","type-page","status-publish","hentry"],"acf":[],"yoast_head":"<!-- This site is optimized with the Yoast SEO plugin v23.3 - https:\/\/yoast.com\/wordpress\/plugins\/seo\/ -->\n<title>Vermittlung eines Reparaturauftrags | Electrolux Professional<\/title>\n<meta name=\"description\" content=\"Wenn Sie einen Reparaturauftrag im Bereich Gro\u00dfk\u00fcchentechnik erteilen m\u00f6chten, f\u00fcllen Sie bitte das nachstehende Formular aus.\" \/>\n<meta name=\"robots\" content=\"index, follow, max-snippet:-1, max-image-preview:large, max-video-preview:-1\" \/>\n<link rel=\"canonical\" href=\"https:\/\/www.electroluxprofessional.com\/de\/kundenservice\/vermittlung-eines-reparaturauftrags-efs\/\" \/>\n<meta property=\"og:locale\" content=\"de_DE\" \/>\n<meta property=\"og:type\" content=\"article\" \/>\n<meta property=\"og:title\" content=\"Vermittlung eines Reparaturauftrags | Electrolux Professional\" \/>\n<meta property=\"og:description\" content=\"Wenn Sie einen Reparaturauftrag im Bereich Gro\u00dfk\u00fcchentechnik erteilen m\u00f6chten, f\u00fcllen Sie bitte das nachstehende Formular aus.\" \/>\n<meta property=\"og:url\" content=\"https:\/\/www.electroluxprofessional.com\/de\/kundenservice\/vermittlung-eines-reparaturauftrags-efs\/\" \/>\n<meta property=\"og:site_name\" content=\"Electrolux Professional Deutschland\" \/>\n<meta property=\"article:modified_time\" content=\"2025-07-10T11:14:20+00:00\" \/>\n<meta name=\"twitter:card\" content=\"summary_large_image\" \/>\n<meta name=\"twitter:label1\" content=\"Gesch\u00e4tzte Lesezeit\" \/>\n\t<meta name=\"twitter:data1\" content=\"1 Minute\" \/>\n<script type=\"application\/ld+json\" class=\"yoast-schema-graph\">{\"@context\":\"https:\/\/schema.org\",\"@graph\":[{\"@type\":\"WebPage\",\"@id\":\"https:\/\/www.electroluxprofessional.com\/de\/kundenservice\/vermittlung-eines-reparaturauftrags-efs\/\",\"url\":\"https:\/\/www.electroluxprofessional.com\/de\/kundenservice\/vermittlung-eines-reparaturauftrags-efs\/\",\"name\":\"Vermittlung eines Reparaturauftrags | Electrolux Professional\",\"isPartOf\":{\"@id\":\"https:\/\/www.electroluxprofessional.com\/de\/#website\"},\"datePublished\":\"2020-02-14T12:07:04+00:00\",\"dateModified\":\"2025-07-10T11:14:20+00:00\",\"description\":\"Wenn Sie einen Reparaturauftrag im Bereich Gro\u00dfk\u00fcchentechnik erteilen m\u00f6chten, f\u00fcllen Sie bitte das nachstehende Formular aus.\",\"breadcrumb\":{\"@id\":\"https:\/\/www.electroluxprofessional.com\/de\/kundenservice\/vermittlung-eines-reparaturauftrags-efs\/#breadcrumb\"},\"inLanguage\":\"de-DE\",\"potentialAction\":[{\"@type\":\"ReadAction\",\"target\":[\"https:\/\/www.electroluxprofessional.com\/de\/kundenservice\/vermittlung-eines-reparaturauftrags-efs\/\"]}]},{\"@type\":\"BreadcrumbList\",\"@id\":\"https:\/\/www.electroluxprofessional.com\/de\/kundenservice\/vermittlung-eines-reparaturauftrags-efs\/#breadcrumb\",\"itemListElement\":[{\"@type\":\"ListItem\",\"position\":1,\"name\":\"Startseite\",\"item\":\"https:\/\/www.electroluxprofessional.com\/de\/\"},{\"@type\":\"ListItem\",\"position\":2,\"name\":\"Kundenservice\",\"item\":\"https:\/\/www.electroluxprofessional.com\/de\/kundenservice\/\"},{\"@type\":\"ListItem\",\"position\":3,\"name\":\"Vermittlung eines Reparaturauftrags Gro\u00dfk\u00fcchentechnik\"}]},{\"@type\":\"WebSite\",\"@id\":\"https:\/\/www.electroluxprofessional.com\/de\/#website\",\"url\":\"https:\/\/www.electroluxprofessional.com\/de\/\",\"name\":\"Electrolux Professional Deutschland\",\"description\":\"\",\"potentialAction\":[{\"@type\":\"SearchAction\",\"target\":{\"@type\":\"EntryPoint\",\"urlTemplate\":\"https:\/\/www.electroluxprofessional.com\/de\/?src={search_term_string}\"},\"query-input\":\"required name=search_term_string\"}],\"inLanguage\":\"de-DE\"}]}<\/script>\n<!-- \/ Yoast SEO plugin. -->","yoast_head_json":{"title":"Vermittlung eines Reparaturauftrags | Electrolux Professional","description":"Wenn Sie einen Reparaturauftrag im Bereich Gro\u00dfk\u00fcchentechnik erteilen m\u00f6chten, f\u00fcllen Sie bitte das nachstehende Formular aus.","robots":{"index":"index","follow":"follow","max-snippet":"max-snippet:-1","max-image-preview":"max-image-preview:large","max-video-preview":"max-video-preview:-1"},"canonical":"https:\/\/www.electroluxprofessional.com\/de\/kundenservice\/vermittlung-eines-reparaturauftrags-efs\/","og_locale":"de_DE","og_type":"article","og_title":"Vermittlung eines Reparaturauftrags | Electrolux Professional","og_description":"Wenn Sie einen Reparaturauftrag im Bereich Gro\u00dfk\u00fcchentechnik erteilen m\u00f6chten, f\u00fcllen Sie bitte das nachstehende Formular aus.","og_url":"https:\/\/www.electroluxprofessional.com\/de\/kundenservice\/vermittlung-eines-reparaturauftrags-efs\/","og_site_name":"Electrolux Professional Deutschland","article_modified_time":"2025-07-10T11:14:20+00:00","twitter_card":"summary_large_image","twitter_misc":{"Gesch\u00e4tzte Lesezeit":"1 Minute"},"schema":{"@context":"https:\/\/schema.org","@graph":[{"@type":"WebPage","@id":"https:\/\/www.electroluxprofessional.com\/de\/kundenservice\/vermittlung-eines-reparaturauftrags-efs\/","url":"https:\/\/www.electroluxprofessional.com\/de\/kundenservice\/vermittlung-eines-reparaturauftrags-efs\/","name":"Vermittlung eines Reparaturauftrags | Electrolux Professional","isPartOf":{"@id":"https:\/\/www.electroluxprofessional.com\/de\/#website"},"datePublished":"2020-02-14T12:07:04+00:00","dateModified":"2025-07-10T11:14:20+00:00","description":"Wenn Sie einen Reparaturauftrag im Bereich Gro\u00dfk\u00fcchentechnik erteilen m\u00f6chten, f\u00fcllen Sie bitte das nachstehende Formular aus.","breadcrumb":{"@id":"https:\/\/www.electroluxprofessional.com\/de\/kundenservice\/vermittlung-eines-reparaturauftrags-efs\/#breadcrumb"},"inLanguage":"de-DE","potentialAction":[{"@type":"ReadAction","target":["https:\/\/www.electroluxprofessional.com\/de\/kundenservice\/vermittlung-eines-reparaturauftrags-efs\/"]}]},{"@type":"BreadcrumbList","@id":"https:\/\/www.electroluxprofessional.com\/de\/kundenservice\/vermittlung-eines-reparaturauftrags-efs\/#breadcrumb","itemListElement":[{"@type":"ListItem","position":1,"name":"Startseite","item":"https:\/\/www.electroluxprofessional.com\/de\/"},{"@type":"ListItem","position":2,"name":"Kundenservice","item":"https:\/\/www.electroluxprofessional.com\/de\/kundenservice\/"},{"@type":"ListItem","position":3,"name":"Vermittlung eines Reparaturauftrags Gro\u00dfk\u00fcchentechnik"}]},{"@type":"WebSite","@id":"https:\/\/www.electroluxprofessional.com\/de\/#website","url":"https:\/\/www.electroluxprofessional.com\/de\/","name":"Electrolux Professional Deutschland","description":"","potentialAction":[{"@type":"SearchAction","target":{"@type":"EntryPoint","urlTemplate":"https:\/\/www.electroluxprofessional.com\/de\/?src={search_term_string}"},"query-input":"required name=search_term_string"}],"inLanguage":"de-DE"}]}},"_links":{"self":[{"href":"https:\/\/www.electroluxprofessional.com\/de\/wp-json\/wp\/v2\/pages\/7852"}],"collection":[{"href":"https:\/\/www.electroluxprofessional.com\/de\/wp-json\/wp\/v2\/pages"}],"about":[{"href":"https:\/\/www.electroluxprofessional.com\/de\/wp-json\/wp\/v2\/types\/page"}],"author":[{"embeddable":true,"href":"https:\/\/www.electroluxprofessional.com\/de\/wp-json\/wp\/v2\/users\/1"}],"replies":[{"embeddable":true,"href":"https:\/\/www.electroluxprofessional.com\/de\/wp-json\/wp\/v2\/comments?post=7852"}],"version-history":[{"count":11,"href":"https:\/\/www.electroluxprofessional.com\/de\/wp-json\/wp\/v2\/pages\/7852\/revisions"}],"predecessor-version":[{"id":25262,"href":"https:\/\/www.electroluxprofessional.com\/de\/wp-json\/wp\/v2\/pages\/7852\/revisions\/25262"}],"up":[{"embeddable":true,"href":"https:\/\/www.electroluxprofessional.com\/de\/wp-json\/wp\/v2\/pages\/4331"}],"wp:attachment":[{"href":"https:\/\/www.electroluxprofessional.com\/de\/wp-json\/wp\/v2\/media?parent=7852"}],"curies":[{"name":"wp","href":"https:\/\/api.w.org\/{rel}","templated":true}]}}