{"id":7198,"date":"2021-01-22T09:26:28","date_gmt":"2021-01-22T09:26:28","guid":{"rendered":"https:\/\/www.electroluxprofessional.com\/de\/?page_id=7198"},"modified":"2026-04-09T11:03:30","modified_gmt":"2026-04-09T10:03:30","slug":"mypro-zubehoer-und-verbrauchsmaterialien","status":"publish","type":"page","link":"https:\/\/www.electroluxprofessional.com\/de\/waeschereitechnik\/mypro-waschmaschinen-trockner-und-mangeln-fuer-kleingewerbe\/mypro-zubehoer-und-verbrauchsmaterialien\/","title":{"rendered":"myPRO Zubeh\u00f6r und Verbrauchsmaterialien"},"content":{"rendered":"<p>[vc_row][vc_column][vc_column_text]<\/p>\n<p class=\"p1\"><span class=\"s1\">[\/vc_column_text][\/vc_column][\/vc_row][vc_row][vc_column][vc_single_image image=&#8221;7136&#8243;][elx_heading font_container=&#8221;h1&#8243; text_color=&#8221;inherit&#8221;]myPRO Zubeh\u00f6r und Verbrauchsmaterialien[\/elx_heading][elx_heading text_color=&#8221;inherit&#8221;]Einzigartige Fachkompetenz f\u00fcr kleine Unternehmen.[\/elx_heading][vc_column_text]Optimieren Sie die Nutzung Ihrer myPRO Ger\u00e4te mit Electrolux Professional Zubeh\u00f6r und Verbrauchsmaterialien![\/vc_column_text][elx_heading text_color=&#8221;inherit&#8221;]myPRO Zubeh\u00f6r[\/elx_heading][vc_empty_space][\/vc_column][\/vc_row][vc_row][vc_column width=&#8221;1\/3&#8243;][vc_single_image image=&#8221;7195&#8243; img_size=&#8221;medium&#8221; alignment=&#8221;center&#8221;][vc_empty_space][\/vc_column][vc_column width=&#8221;1\/3&#8243;][elx_heading font_container=&#8221;h3&#8243; text_color=&#8221;inherit&#8221;]Stapel-Kit[\/elx_heading][vc_column_text]Sparen Sie Platz, indem Sie Ihren Trockner auf der Waschmaschine platzieren.[\/vc_column_text][\/vc_column][vc_column width=&#8221;1\/3&#8243;][\/vc_column][\/vc_row][vc_row][vc_column width=&#8221;1\/3&#8243;][vc_single_image image=&#8221;7194&#8243; img_size=&#8221;medium&#8221; alignment=&#8221;right&#8221;][\/vc_column][vc_column width=&#8221;1\/3&#8243;][elx_heading font_container=&#8221;h3&#8243; text_color=&#8221;inherit&#8221;]Sockel[\/elx_heading][vc_column_text]Die Erh\u00f6hung von Waschmaschine und Trockner macht das Be- und Entladen der W\u00e4sche einfacher und komfortabler.[\/vc_column_text][\/vc_column][vc_column width=&#8221;1\/3&#8243;][\/vc_column][\/vc_row][vc_row][vc_column][vc_empty_space][\/vc_column][\/vc_row][vc_row css=&#8221;.vc_custom_1571737982010{margin-bottom: 32px !important;}&#8221;][vc_column][\/vc_column][\/vc_row][vc_row][vc_column][vc_empty_space][elx_heading text_color=&#8221;inherit&#8221; text_align=&#8221;text-center&#8221;]Kontaktieren Sie uns f\u00fcr weitere Informationen[\/elx_heading][\/vc_column][\/vc_row][vc_row][vc_column width=&#8221;1\/2&#8243;][elx_o2000_contact_us s=&#8221;Anfrage zu myPRO-Zubeh\u00f6r&#8221; country=&#8221;Germany&#8221; b=&#8221;laundry&#8221; r=&#8221;Ich w\u00fcrde gerne mehr \u00fcber das myPRO-Zubeh\u00f6r erfahren. Bitte kontaktieren Sie mich!&#8221; l=&#8221;de&#8221;][\/vc_column][vc_column width=&#8221;1\/2&#8243;][vc_single_image image=&#8221;7202&#8243; img_size=&#8221;full&#8221;][\/vc_column][\/vc_row][vc_row][vc_column][vc_empty_space][\/vc_column][\/vc_row][vc_row][vc_column][vc_empty_space][elx_button button_text=&#8221;Produkte&#8221; button_style=&#8221;icon&#8221; button_link=&#8221;url:https%3A%2F%2Fwww.electroluxprofessional.com%2Fde%2Fwaeschereitechnik%2Fmypro-waschmaschinen-trockner-und-mangeln-fuer-kleingewerbe%2F&#8221;][vc_empty_space][\/vc_column][\/vc_row][vc_row][vc_column][vc_column_text][\/vc_column_text][\/vc_column][\/vc_row][vc_row][vc_column][vc_column_text]<\/p>\n<p>[\/vc_column_text][\/vc_column][\/vc_row]<\/p>\n","protected":false},"excerpt":{"rendered":"<p>[vc_row][vc_column][vc_column_text] [\/vc_column_text][\/vc_column][\/vc_row][vc_row][vc_column][vc_single_image image=&#8221;7136&#8243;][elx_heading font_container=&#8221;h1&#8243; text_color=&#8221;inherit&#8221;]myPRO Zubeh\u00f6r und Verbrauchsmaterialien[\/elx_heading][elx_heading text_color=&#8221;inherit&#8221;]Einzigartige Fachkompetenz f\u00fcr kleine Unternehmen.[\/elx_heading][vc_column_text]Optimieren Sie die Nutzung Ihrer myPRO Ger\u00e4te mit Electrolux Professional Zubeh\u00f6r und Verbrauchsmaterialien![\/vc_column_text][elx_heading text_color=&#8221;inherit&#8221;]myPRO Zubeh\u00f6r[\/elx_heading][vc_empty_space][\/vc_column][\/vc_row][vc_row][vc_column width=&#8221;1\/3&#8243;][vc_single_image image=&#8221;7195&#8243; img_size=&#8221;medium&#8221; alignment=&#8221;center&#8221;][vc_empty_space][\/vc_column][vc_column width=&#8221;1\/3&#8243;][elx_heading font_container=&#8221;h3&#8243; text_color=&#8221;inherit&#8221;]Stapel-Kit[\/elx_heading][vc_column_text]Sparen Sie Platz, indem Sie Ihren Trockner auf der Waschmaschine platzieren.[\/vc_column_text][\/vc_column][vc_column width=&#8221;1\/3&#8243;][\/vc_column][\/vc_row][vc_row][vc_column width=&#8221;1\/3&#8243;][vc_single_image image=&#8221;7194&#8243; img_size=&#8221;medium&#8221; alignment=&#8221;right&#8221;][\/vc_column][vc_column width=&#8221;1\/3&#8243;][elx_heading font_container=&#8221;h3&#8243; text_color=&#8221;inherit&#8221;]Sockel[\/elx_heading][vc_column_text]Die Erh\u00f6hung von Waschmaschine [&hellip;]<\/p>\n","protected":false},"author":207,"featured_media":0,"parent":10552,"menu_order":0,"comment_status":"closed","ping_status":"closed","template":"","meta":{"footnotes":""},"class_list":["post-7198","page","type-page","status-publish","hentry"],"acf":[],"yoast_head":"<!-- This site is optimized with the Yoast SEO plugin v23.3 - https:\/\/yoast.com\/wordpress\/plugins\/seo\/ -->\n<title>myPRO Zubeh\u00f6r &amp; Verbrauchsmaterialien - Electrolux Professional<\/title>\n<meta name=\"description\" content=\"Entdecken Sie myPRO Zubeh\u00f6r und Verbrauchsmaterialien, um die t\u00e4gliche Nutzung Ihrer myPRO Ger\u00e4te zu optimieren.\" \/>\n<meta name=\"robots\" content=\"index, follow, max-snippet:-1, max-image-preview:large, max-video-preview:-1\" \/>\n<link rel=\"canonical\" href=\"https:\/\/www.electroluxprofessional.com\/de\/waeschereitechnik\/mypro-waschmaschinen-trockner-und-mangeln-fuer-kleingewerbe\/mypro-zubehoer-und-verbrauchsmaterialien\/\" \/>\n<meta property=\"og:locale\" content=\"de_DE\" \/>\n<meta property=\"og:type\" content=\"article\" \/>\n<meta property=\"og:title\" content=\"myPRO Zubeh\u00f6r &amp; Verbrauchsmaterialien - Electrolux Professional\" \/>\n<meta property=\"og:description\" content=\"Entdecken Sie myPRO Zubeh\u00f6r und Verbrauchsmaterialien, um die t\u00e4gliche Nutzung Ihrer myPRO Ger\u00e4te zu optimieren.\" \/>\n<meta property=\"og:url\" content=\"https:\/\/www.electroluxprofessional.com\/de\/waeschereitechnik\/mypro-waschmaschinen-trockner-und-mangeln-fuer-kleingewerbe\/mypro-zubehoer-und-verbrauchsmaterialien\/\" \/>\n<meta property=\"og:site_name\" content=\"Electrolux Professional Deutschland\" \/>\n<meta property=\"article:modified_time\" content=\"2026-04-09T10:03:30+00:00\" \/>\n<meta name=\"twitter:card\" content=\"summary_large_image\" \/>\n<meta name=\"twitter:label1\" content=\"Gesch\u00e4tzte Lesezeit\" \/>\n\t<meta name=\"twitter:data1\" content=\"1 Minute\" \/>\n<script type=\"application\/ld+json\" class=\"yoast-schema-graph\">{\"@context\":\"https:\/\/schema.org\",\"@graph\":[{\"@type\":\"WebPage\",\"@id\":\"https:\/\/www.electroluxprofessional.com\/de\/waeschereitechnik\/mypro-waschmaschinen-trockner-und-mangeln-fuer-kleingewerbe\/mypro-zubehoer-und-verbrauchsmaterialien\/\",\"url\":\"https:\/\/www.electroluxprofessional.com\/de\/waeschereitechnik\/mypro-waschmaschinen-trockner-und-mangeln-fuer-kleingewerbe\/mypro-zubehoer-und-verbrauchsmaterialien\/\",\"name\":\"myPRO Zubeh\u00f6r & Verbrauchsmaterialien - Electrolux Professional\",\"isPartOf\":{\"@id\":\"https:\/\/www.electroluxprofessional.com\/de\/#website\"},\"datePublished\":\"2021-01-22T09:26:28+00:00\",\"dateModified\":\"2026-04-09T10:03:30+00:00\",\"description\":\"Entdecken Sie myPRO Zubeh\u00f6r und Verbrauchsmaterialien, um die t\u00e4gliche Nutzung Ihrer myPRO Ger\u00e4te zu optimieren.\",\"breadcrumb\":{\"@id\":\"https:\/\/www.electroluxprofessional.com\/de\/waeschereitechnik\/mypro-waschmaschinen-trockner-und-mangeln-fuer-kleingewerbe\/mypro-zubehoer-und-verbrauchsmaterialien\/#breadcrumb\"},\"inLanguage\":\"de-DE\",\"potentialAction\":[{\"@type\":\"ReadAction\",\"target\":[\"https:\/\/www.electroluxprofessional.com\/de\/waeschereitechnik\/mypro-waschmaschinen-trockner-und-mangeln-fuer-kleingewerbe\/mypro-zubehoer-und-verbrauchsmaterialien\/\"]}]},{\"@type\":\"BreadcrumbList\",\"@id\":\"https:\/\/www.electroluxprofessional.com\/de\/waeschereitechnik\/mypro-waschmaschinen-trockner-und-mangeln-fuer-kleingewerbe\/mypro-zubehoer-und-verbrauchsmaterialien\/#breadcrumb\",\"itemListElement\":[{\"@type\":\"ListItem\",\"position\":1,\"name\":\"Startseite\",\"item\":\"https:\/\/www.electroluxprofessional.com\/de\/\"},{\"@type\":\"ListItem\",\"position\":2,\"name\":\"W\u00e4schereitechnik\",\"item\":\"https:\/\/www.electroluxprofessional.com\/de\/waeschereitechnik\/\"},{\"@type\":\"ListItem\",\"position\":3,\"name\":\"myPRO Waschmaschinen, Trockner und Mangeln f\u00fcr kleine Unternehmen\",\"item\":\"https:\/\/www.electroluxprofessional.com\/de\/waeschereitechnik\/mypro-waschmaschinen-trockner-und-mangeln-fuer-kleingewerbe\/\"},{\"@type\":\"ListItem\",\"position\":4,\"name\":\"myPRO Zubeh\u00f6r und Verbrauchsmaterialien\"}]},{\"@type\":\"WebSite\",\"@id\":\"https:\/\/www.electroluxprofessional.com\/de\/#website\",\"url\":\"https:\/\/www.electroluxprofessional.com\/de\/\",\"name\":\"Electrolux Professional Deutschland\",\"description\":\"\",\"potentialAction\":[{\"@type\":\"SearchAction\",\"target\":{\"@type\":\"EntryPoint\",\"urlTemplate\":\"https:\/\/www.electroluxprofessional.com\/de\/?src={search_term_string}\"},\"query-input\":\"required name=search_term_string\"}],\"inLanguage\":\"de-DE\"}]}<\/script>\n<!-- \/ Yoast SEO plugin. -->","yoast_head_json":{"title":"myPRO Zubeh\u00f6r & Verbrauchsmaterialien - Electrolux Professional","description":"Entdecken Sie myPRO Zubeh\u00f6r und Verbrauchsmaterialien, um die t\u00e4gliche Nutzung Ihrer myPRO Ger\u00e4te zu optimieren.","robots":{"index":"index","follow":"follow","max-snippet":"max-snippet:-1","max-image-preview":"max-image-preview:large","max-video-preview":"max-video-preview:-1"},"canonical":"https:\/\/www.electroluxprofessional.com\/de\/waeschereitechnik\/mypro-waschmaschinen-trockner-und-mangeln-fuer-kleingewerbe\/mypro-zubehoer-und-verbrauchsmaterialien\/","og_locale":"de_DE","og_type":"article","og_title":"myPRO Zubeh\u00f6r & Verbrauchsmaterialien - Electrolux Professional","og_description":"Entdecken Sie myPRO Zubeh\u00f6r und Verbrauchsmaterialien, um die t\u00e4gliche Nutzung Ihrer myPRO Ger\u00e4te zu optimieren.","og_url":"https:\/\/www.electroluxprofessional.com\/de\/waeschereitechnik\/mypro-waschmaschinen-trockner-und-mangeln-fuer-kleingewerbe\/mypro-zubehoer-und-verbrauchsmaterialien\/","og_site_name":"Electrolux Professional Deutschland","article_modified_time":"2026-04-09T10:03:30+00:00","twitter_card":"summary_large_image","twitter_misc":{"Gesch\u00e4tzte Lesezeit":"1 Minute"},"schema":{"@context":"https:\/\/schema.org","@graph":[{"@type":"WebPage","@id":"https:\/\/www.electroluxprofessional.com\/de\/waeschereitechnik\/mypro-waschmaschinen-trockner-und-mangeln-fuer-kleingewerbe\/mypro-zubehoer-und-verbrauchsmaterialien\/","url":"https:\/\/www.electroluxprofessional.com\/de\/waeschereitechnik\/mypro-waschmaschinen-trockner-und-mangeln-fuer-kleingewerbe\/mypro-zubehoer-und-verbrauchsmaterialien\/","name":"myPRO Zubeh\u00f6r & Verbrauchsmaterialien - Electrolux Professional","isPartOf":{"@id":"https:\/\/www.electroluxprofessional.com\/de\/#website"},"datePublished":"2021-01-22T09:26:28+00:00","dateModified":"2026-04-09T10:03:30+00:00","description":"Entdecken Sie myPRO Zubeh\u00f6r und Verbrauchsmaterialien, um die t\u00e4gliche Nutzung Ihrer myPRO Ger\u00e4te zu optimieren.","breadcrumb":{"@id":"https:\/\/www.electroluxprofessional.com\/de\/waeschereitechnik\/mypro-waschmaschinen-trockner-und-mangeln-fuer-kleingewerbe\/mypro-zubehoer-und-verbrauchsmaterialien\/#breadcrumb"},"inLanguage":"de-DE","potentialAction":[{"@type":"ReadAction","target":["https:\/\/www.electroluxprofessional.com\/de\/waeschereitechnik\/mypro-waschmaschinen-trockner-und-mangeln-fuer-kleingewerbe\/mypro-zubehoer-und-verbrauchsmaterialien\/"]}]},{"@type":"BreadcrumbList","@id":"https:\/\/www.electroluxprofessional.com\/de\/waeschereitechnik\/mypro-waschmaschinen-trockner-und-mangeln-fuer-kleingewerbe\/mypro-zubehoer-und-verbrauchsmaterialien\/#breadcrumb","itemListElement":[{"@type":"ListItem","position":1,"name":"Startseite","item":"https:\/\/www.electroluxprofessional.com\/de\/"},{"@type":"ListItem","position":2,"name":"W\u00e4schereitechnik","item":"https:\/\/www.electroluxprofessional.com\/de\/waeschereitechnik\/"},{"@type":"ListItem","position":3,"name":"myPRO Waschmaschinen, Trockner und Mangeln f\u00fcr kleine Unternehmen","item":"https:\/\/www.electroluxprofessional.com\/de\/waeschereitechnik\/mypro-waschmaschinen-trockner-und-mangeln-fuer-kleingewerbe\/"},{"@type":"ListItem","position":4,"name":"myPRO Zubeh\u00f6r und Verbrauchsmaterialien"}]},{"@type":"WebSite","@id":"https:\/\/www.electroluxprofessional.com\/de\/#website","url":"https:\/\/www.electroluxprofessional.com\/de\/","name":"Electrolux Professional Deutschland","description":"","potentialAction":[{"@type":"SearchAction","target":{"@type":"EntryPoint","urlTemplate":"https:\/\/www.electroluxprofessional.com\/de\/?src={search_term_string}"},"query-input":"required name=search_term_string"}],"inLanguage":"de-DE"}]}},"_links":{"self":[{"href":"https:\/\/www.electroluxprofessional.com\/de\/wp-json\/wp\/v2\/pages\/7198"}],"collection":[{"href":"https:\/\/www.electroluxprofessional.com\/de\/wp-json\/wp\/v2\/pages"}],"about":[{"href":"https:\/\/www.electroluxprofessional.com\/de\/wp-json\/wp\/v2\/types\/page"}],"author":[{"embeddable":true,"href":"https:\/\/www.electroluxprofessional.com\/de\/wp-json\/wp\/v2\/users\/207"}],"replies":[{"embeddable":true,"href":"https:\/\/www.electroluxprofessional.com\/de\/wp-json\/wp\/v2\/comments?post=7198"}],"version-history":[{"count":25,"href":"https:\/\/www.electroluxprofessional.com\/de\/wp-json\/wp\/v2\/pages\/7198\/revisions"}],"predecessor-version":[{"id":27822,"href":"https:\/\/www.electroluxprofessional.com\/de\/wp-json\/wp\/v2\/pages\/7198\/revisions\/27822"}],"up":[{"embeddable":true,"href":"https:\/\/www.electroluxprofessional.com\/de\/wp-json\/wp\/v2\/pages\/10552"}],"wp:attachment":[{"href":"https:\/\/www.electroluxprofessional.com\/de\/wp-json\/wp\/v2\/media?parent=7198"}],"curies":[{"name":"wp","href":"https:\/\/api.w.org\/{rel}","templated":true}]}}