{"id":6751,"date":"2019-03-28T17:19:04","date_gmt":"2019-03-28T16:19:04","guid":{"rendered":"https:\/\/www.electroluxprofessional.com\/?page_id=22125"},"modified":"2023-10-17T08:23:28","modified_gmt":"2023-10-17T08:23:28","slug":"getraenkeloesungen","status":"publish","type":"page","link":"https:\/\/www.electroluxprofessional.com\/de\/getraenkeloesungen\/","title":{"rendered":"Getr\u00e4nkel\u00f6sungen"},"content":{"rendered":"<p>[vc_row full_width=&#8221;electroluxpro-full-width-no-padding&#8221;][vc_column][vc_single_image image=&#8221;6740&#8243; img_size=&#8221;2000&#215;350&#8243; alignment=&#8221;center&#8221;][\/vc_column][\/vc_row][vc_row][vc_column][vc_empty_space][elx_heading font_container=&#8221;h1&#8243; font_size=&#8221;h3&#8243; text_color=&#8221;inherit&#8221; text_align=&#8221;text-center&#8221;]Ger\u00e4tel\u00f6sungen f\u00fcr Hei\u00df- und Kaltgetr\u00e4nke \u2013 wie f\u00fcr Sie gemacht![\/elx_heading][vc_empty_space][vc_column_text]<\/p>\n<p style=\"text-align: center;\">Electrolux Professional bietet Ihnen <strong>Ger\u00e4tel\u00f6sungen f\u00fcr Hei\u00df- und Kaltgetr\u00e4nke<\/strong>, mit denen Sie Ihr Getr\u00e4nkeangebot erweitern und gleichzeitig M\u00fcll reduzieren, den Ger\u00e4teeinsatz vereinfachen und die Erwartungen Ihrer Kunden an aromatische, qualitativ hochwertige Getr\u00e4nke sogar \u00fcbertreffen k\u00f6nnen.<\/p>\n<p>[\/vc_column_text][vc_empty_space][vc_empty_space][elx_download_block text=&#8221;Erfahren Sie mehr \u00fcber unsere Getr\u00e4nkel\u00f6sungen (Englisch)&#8221; document_type=&#8221;brochures&#8221; file_picker=&#8221;11331&#8243; background_color=&#8221;electrolux-blue&#8221;][vc_empty_space height=&#8221;80px&#8221;][\/vc_column][\/vc_row][vc_row][vc_column width=&#8221;1\/4&#8243;][elx_navigation_branch image=&#8221;20985&#8243; menu_list=&#8221;7055&#8243;][\/vc_column][vc_column width=&#8221;1\/4&#8243;][elx_navigation_branch image=&#8221;20986&#8243; menu_list=&#8221;7056&#8243;][\/vc_column][vc_column width=&#8221;1\/4&#8243;][\/vc_column][vc_column width=&#8221;1\/4&#8243;][\/vc_column][\/vc_row][vc_row disable_element=&#8221;yes&#8221; css=&#8221;.vc_custom_1571220704099{border-top-width: 1px !important;background-color: #ffffff !important;border-top-color: #eeeeee !important;border-top-style: solid !important;}&#8221;][vc_column reveal_effect=&#8221;&#8221;][vc_empty_space height=&#8221;70px&#8221;][elx_heading font_size=&#8221;h3&#8243; text_color=&#8221;inherit&#8221; text_align=&#8221;text-left&#8221;]Discover more about Beverage Solutions[\/elx_heading][elx_o2000_contact_us s=&#8221;Request of information about Beverage Solutions&#8221; r=&#8221;I&#8217;d like to find out more about your Beverage Solutions. Please get in touch with me. Thanks.&#8221; l=&#8221;en&#8221;][\/vc_column][\/vc_row][vc_row matched_labels=&#8221;&#8221; css=&#8221;.vc_custom_1697530921282{border-top-width: 1px !important;background-color: #ffffff !important;border-top-color: #eeeeee !important;}&#8221;][vc_column reveal_effect=&#8221;&#8221;][vc_empty_space height=&#8221;70px&#8221;][elx_heading font_size=&#8221;h3&#8243; text_color=&#8221;inherit&#8221; text_align=&#8221;text-center&#8221;]Erfahren Sie mehr zu Getr\u00e4nkel\u00f6sungen[\/elx_heading][vc_empty_space][elx_o2000_contact_us s=&#8221;Anfrage zu Getr\u00e4nkel\u00f6sungen&#8221; country=&#8221;Germany&#8221; b=&#8221;beverage&#8221; r=&#8221;Ich w\u00fcrde gerne mehr \u00fcber Ihre Getr\u00e4nkel\u00f6sungen erfahren. Bitte nehmen Sie Kontakt mit mir auf. Danke.&#8221; l=&#8221;de&#8221;][\/vc_column][\/vc_row][vc_row][vc_column][vc_empty_space height=&#8221;100px&#8221;][\/vc_column][\/vc_row]<\/p>\n","protected":false},"excerpt":{"rendered":"<p>[vc_row full_width=&#8221;electroluxpro-full-width-no-padding&#8221;][vc_column][vc_single_image image=&#8221;6740&#8243; img_size=&#8221;2000&#215;350&#8243; alignment=&#8221;center&#8221;][\/vc_column][\/vc_row][vc_row][vc_column][vc_empty_space][elx_heading font_container=&#8221;h1&#8243; font_size=&#8221;h3&#8243; text_color=&#8221;inherit&#8221; text_align=&#8221;text-center&#8221;]Ger\u00e4tel\u00f6sungen f\u00fcr Hei\u00df- und Kaltgetr\u00e4nke \u2013 wie f\u00fcr Sie gemacht![\/elx_heading][vc_empty_space][vc_column_text] Electrolux Professional bietet Ihnen Ger\u00e4tel\u00f6sungen f\u00fcr Hei\u00df- und Kaltgetr\u00e4nke, mit denen Sie Ihr Getr\u00e4nkeangebot erweitern und gleichzeitig M\u00fcll reduzieren, den Ger\u00e4teeinsatz vereinfachen und die Erwartungen Ihrer Kunden an aromatische, qualitativ hochwertige Getr\u00e4nke sogar \u00fcbertreffen k\u00f6nnen. [\/vc_column_text][vc_empty_space][vc_empty_space][elx_download_block text=&#8221;Erfahren [&hellip;]<\/p>\n","protected":false},"author":161,"featured_media":0,"parent":0,"menu_order":0,"comment_status":"closed","ping_status":"closed","template":"","meta":{"footnotes":""},"class_list":["post-6751","page","type-page","status-publish","hentry"],"acf":[],"yoast_head":"<!-- This site is optimized with the Yoast SEO plugin v23.3 - https:\/\/yoast.com\/wordpress\/plugins\/seo\/ -->\n<title>Getr\u00e4nkel\u00f6sungen - Electrolux Professional Deutschland<\/title>\n<meta name=\"description\" content=\"Electrolux Professional bietet Ihnen Getr\u00e4nkel\u00f6sungen f\u00fcr Hei\u00df- und Kaltgetr\u00e4nke, mit denen Sie Ihr Angebot erweitern k\u00f6nnen.\" \/>\n<meta name=\"robots\" content=\"index, follow, max-snippet:-1, max-image-preview:large, max-video-preview:-1\" \/>\n<link rel=\"canonical\" href=\"https:\/\/www.electroluxprofessional.com\/de\/getraenkeloesungen\/\" \/>\n<meta property=\"og:locale\" content=\"de_DE\" \/>\n<meta property=\"og:type\" content=\"article\" \/>\n<meta property=\"og:title\" content=\"Getr\u00e4nkel\u00f6sungen - Electrolux Professional Deutschland\" \/>\n<meta property=\"og:description\" content=\"Electrolux Professional bietet Ihnen Getr\u00e4nkel\u00f6sungen f\u00fcr Hei\u00df- und Kaltgetr\u00e4nke, mit denen Sie Ihr Angebot erweitern k\u00f6nnen.\" \/>\n<meta property=\"og:url\" content=\"https:\/\/www.electroluxprofessional.com\/de\/getraenkeloesungen\/\" \/>\n<meta property=\"og:site_name\" content=\"Electrolux Professional Deutschland\" \/>\n<meta property=\"article:modified_time\" content=\"2023-10-17T08:23:28+00:00\" \/>\n<meta name=\"twitter:card\" content=\"summary_large_image\" \/>\n<meta name=\"twitter:label1\" content=\"Gesch\u00e4tzte Lesezeit\" \/>\n\t<meta name=\"twitter:data1\" content=\"1 Minute\" \/>\n<script type=\"application\/ld+json\" class=\"yoast-schema-graph\">{\"@context\":\"https:\/\/schema.org\",\"@graph\":[{\"@type\":\"WebPage\",\"@id\":\"https:\/\/www.electroluxprofessional.com\/de\/getraenkeloesungen\/\",\"url\":\"https:\/\/www.electroluxprofessional.com\/de\/getraenkeloesungen\/\",\"name\":\"Getr\u00e4nkel\u00f6sungen - Electrolux Professional Deutschland\",\"isPartOf\":{\"@id\":\"https:\/\/www.electroluxprofessional.com\/de\/#website\"},\"datePublished\":\"2019-03-28T16:19:04+00:00\",\"dateModified\":\"2023-10-17T08:23:28+00:00\",\"description\":\"Electrolux Professional bietet Ihnen Getr\u00e4nkel\u00f6sungen f\u00fcr Hei\u00df- und Kaltgetr\u00e4nke, mit denen Sie Ihr Angebot erweitern k\u00f6nnen.\",\"breadcrumb\":{\"@id\":\"https:\/\/www.electroluxprofessional.com\/de\/getraenkeloesungen\/#breadcrumb\"},\"inLanguage\":\"de-DE\",\"potentialAction\":[{\"@type\":\"ReadAction\",\"target\":[\"https:\/\/www.electroluxprofessional.com\/de\/getraenkeloesungen\/\"]}]},{\"@type\":\"BreadcrumbList\",\"@id\":\"https:\/\/www.electroluxprofessional.com\/de\/getraenkeloesungen\/#breadcrumb\",\"itemListElement\":[{\"@type\":\"ListItem\",\"position\":1,\"name\":\"Startseite\",\"item\":\"https:\/\/www.electroluxprofessional.com\/de\/\"},{\"@type\":\"ListItem\",\"position\":2,\"name\":\"Getr\u00e4nkel\u00f6sungen\"}]},{\"@type\":\"WebSite\",\"@id\":\"https:\/\/www.electroluxprofessional.com\/de\/#website\",\"url\":\"https:\/\/www.electroluxprofessional.com\/de\/\",\"name\":\"Electrolux Professional Deutschland\",\"description\":\"\",\"potentialAction\":[{\"@type\":\"SearchAction\",\"target\":{\"@type\":\"EntryPoint\",\"urlTemplate\":\"https:\/\/www.electroluxprofessional.com\/de\/?src={search_term_string}\"},\"query-input\":\"required name=search_term_string\"}],\"inLanguage\":\"de-DE\"}]}<\/script>\n<!-- \/ Yoast SEO plugin. -->","yoast_head_json":{"title":"Getr\u00e4nkel\u00f6sungen - Electrolux Professional Deutschland","description":"Electrolux Professional bietet Ihnen Getr\u00e4nkel\u00f6sungen f\u00fcr Hei\u00df- und Kaltgetr\u00e4nke, mit denen Sie Ihr Angebot erweitern k\u00f6nnen.","robots":{"index":"index","follow":"follow","max-snippet":"max-snippet:-1","max-image-preview":"max-image-preview:large","max-video-preview":"max-video-preview:-1"},"canonical":"https:\/\/www.electroluxprofessional.com\/de\/getraenkeloesungen\/","og_locale":"de_DE","og_type":"article","og_title":"Getr\u00e4nkel\u00f6sungen - Electrolux Professional Deutschland","og_description":"Electrolux Professional bietet Ihnen Getr\u00e4nkel\u00f6sungen f\u00fcr Hei\u00df- und Kaltgetr\u00e4nke, mit denen Sie Ihr Angebot erweitern k\u00f6nnen.","og_url":"https:\/\/www.electroluxprofessional.com\/de\/getraenkeloesungen\/","og_site_name":"Electrolux Professional Deutschland","article_modified_time":"2023-10-17T08:23:28+00:00","twitter_card":"summary_large_image","twitter_misc":{"Gesch\u00e4tzte Lesezeit":"1 Minute"},"schema":{"@context":"https:\/\/schema.org","@graph":[{"@type":"WebPage","@id":"https:\/\/www.electroluxprofessional.com\/de\/getraenkeloesungen\/","url":"https:\/\/www.electroluxprofessional.com\/de\/getraenkeloesungen\/","name":"Getr\u00e4nkel\u00f6sungen - Electrolux Professional Deutschland","isPartOf":{"@id":"https:\/\/www.electroluxprofessional.com\/de\/#website"},"datePublished":"2019-03-28T16:19:04+00:00","dateModified":"2023-10-17T08:23:28+00:00","description":"Electrolux Professional bietet Ihnen Getr\u00e4nkel\u00f6sungen f\u00fcr Hei\u00df- und Kaltgetr\u00e4nke, mit denen Sie Ihr Angebot erweitern k\u00f6nnen.","breadcrumb":{"@id":"https:\/\/www.electroluxprofessional.com\/de\/getraenkeloesungen\/#breadcrumb"},"inLanguage":"de-DE","potentialAction":[{"@type":"ReadAction","target":["https:\/\/www.electroluxprofessional.com\/de\/getraenkeloesungen\/"]}]},{"@type":"BreadcrumbList","@id":"https:\/\/www.electroluxprofessional.com\/de\/getraenkeloesungen\/#breadcrumb","itemListElement":[{"@type":"ListItem","position":1,"name":"Startseite","item":"https:\/\/www.electroluxprofessional.com\/de\/"},{"@type":"ListItem","position":2,"name":"Getr\u00e4nkel\u00f6sungen"}]},{"@type":"WebSite","@id":"https:\/\/www.electroluxprofessional.com\/de\/#website","url":"https:\/\/www.electroluxprofessional.com\/de\/","name":"Electrolux Professional Deutschland","description":"","potentialAction":[{"@type":"SearchAction","target":{"@type":"EntryPoint","urlTemplate":"https:\/\/www.electroluxprofessional.com\/de\/?src={search_term_string}"},"query-input":"required name=search_term_string"}],"inLanguage":"de-DE"}]}},"_links":{"self":[{"href":"https:\/\/www.electroluxprofessional.com\/de\/wp-json\/wp\/v2\/pages\/6751"}],"collection":[{"href":"https:\/\/www.electroluxprofessional.com\/de\/wp-json\/wp\/v2\/pages"}],"about":[{"href":"https:\/\/www.electroluxprofessional.com\/de\/wp-json\/wp\/v2\/types\/page"}],"author":[{"embeddable":true,"href":"https:\/\/www.electroluxprofessional.com\/de\/wp-json\/wp\/v2\/users\/161"}],"replies":[{"embeddable":true,"href":"https:\/\/www.electroluxprofessional.com\/de\/wp-json\/wp\/v2\/comments?post=6751"}],"version-history":[{"count":10,"href":"https:\/\/www.electroluxprofessional.com\/de\/wp-json\/wp\/v2\/pages\/6751\/revisions"}],"predecessor-version":[{"id":20987,"href":"https:\/\/www.electroluxprofessional.com\/de\/wp-json\/wp\/v2\/pages\/6751\/revisions\/20987"}],"wp:attachment":[{"href":"https:\/\/www.electroluxprofessional.com\/de\/wp-json\/wp\/v2\/media?parent=6751"}],"curies":[{"name":"wp","href":"https:\/\/api.w.org\/{rel}","templated":true}]}}