{"id":659,"date":"2016-05-23T13:25:45","date_gmt":"2016-05-23T13:25:45","guid":{"rendered":"http:\/\/testepr.jobinformatica.it\/?page_id=1397"},"modified":"2024-03-06T10:40:04","modified_gmt":"2024-03-06T10:40:04","slug":"haccp","status":"publish","type":"page","link":"https:\/\/www.electroluxprofessional.com\/de\/haccp\/","title":{"rendered":"HACCP"},"content":{"rendered":"<p>[vc_row full_width=&#8221;electroluxpro-full-width-no-padding&#8221;][vc_column][elx_hero_slider label_text_color=&#8221;inherit&#8221; images=&#8221;18950&#8243;][elx_heading font_container=&#8221;h1&#8243; text_color=&#8221;inherit&#8221;]HACCP[\/elx_heading][vc_column_text]Das\u00a0HACCP \u2013 Hazard Analysis and Critical Control Point \u2013 Verfahren<span lang=\"de\">\u00a0ist eine M\u00f6glichkeit, die inh\u00e4renten Risiken eines Produkts oder eines Prozesses zu beurteilen und die notwendigen Schritte zur Kontrolle der identifizierten Risiken zu ermitteln.<\/span>[\/vc_column_text][\/elx_hero_slider][\/vc_column][\/vc_row][vc_row][vc_column width=&#8221;1\/2&#8243;][vc_empty_space][elx_heading text_color=&#8221;inherit&#8221; text_align=&#8221;text-left&#8221;]Electrolux Professional unterst\u00fctzt seit 1998 K\u00fcchenprofis in Hygienefragen.[\/elx_heading][vc_empty_space][vc_column_text]<\/p>\n<h3>Doch was genau bedeutet das?<\/h3>\n<p>[\/vc_column_text][vc_empty_space][vc_column_text]Electrolux Professional Ger\u00e4te sind in der Lage, den Zubereitungsprozess von gewerblich hergestellten Speisen aufzuzeichnen, um die <strong>HACCP-Grundlagen<\/strong> zu erf\u00fcllen. Falls eine Krankheit aufgrund der Kontamination von Speisen auftritt, kann somit die Ursache dargestellt und dem Verursacher in der Produktionskette zugeordnet werden.[\/vc_column_text][\/vc_column][vc_column width=&#8221;1\/2&#8243;][vc_empty_space][vc_single_image image=&#8221;21316&#8243; img_size=&#8221;large&#8221;][\/vc_column][\/vc_row][vc_row full_width=&#8221;electroluxpro-full-width-no-padding&#8221; equal_height=&#8221;yes&#8221;][vc_column width=&#8221;1\/2&#8243;][vc_empty_space][vc_single_image image=&#8221;18675&#8243; img_size=&#8221;large&#8221; alignment=&#8221;right&#8221;][\/vc_column][vc_column width=&#8221;1\/2&#8243;][vc_empty_space][elx_simple_block][elx_heading text_color=&#8221;inherit&#8221;]Kochen &#8211; Electrolux Professional SkyLine Kombid\u00e4mpfer &amp; \u00d6fen[\/elx_heading][vc_column_text css_animation=&#8221;right-to-left&#8221;]<strong>Die \u201cFood Safe Control\u201d-Funktion erm\u00f6glicht totale Lebensmittelsicherheit in \u00dcbereinstimmung mit den HACCP Standards<\/strong>. Man muss nur die Speisenkategorie ausw\u00e4hlen, die \u201cFood Safe Control\u201d-Funktion erledigt den Rest und \u00fcberwacht den Kochprozess.Wenn das \u201cFood Safe Control\u201d-Symbol aktiviert ist und die 6-Sensoren-Sonde eingelegt ist, wird berechnet, wann das Essen ausreichend gekocht wurde, um das richtige Sicherheitsniveau zu erreichen.[\/vc_column_text][elx_button button_text=&#8221;SkyLine Cook&amp;Chill&#8221; button_style=&#8221;icon&#8221; button_link=&#8221;url:https%3A%2F%2Fwww.electroluxprofessional.com%2Fde%2Fcook-and-chill%2F|title:Cook%20and%20Chill||&#8221;][\/elx_simple_block][\/vc_column][\/vc_row][vc_row][vc_column][vc_empty_space height=&#8221;50px&#8221;][vc_empty_space height=&#8221;50px&#8221;][vc_row_inner][vc_column_inner width=&#8221;1\/2&#8243;][vc_single_image image=&#8221;18949&#8243; img_size=&#8221;full&#8221;][vc_column_text]<\/p>\n<h2>Lebensmittelsicherheit<\/h2>\n<p id=\"tw-target-text\" class=\"tw-data-text tw-text-large tw-ta\" dir=\"ltr\" data-placeholder=\"\u00dcbersetzung\"><span class=\"Y2IQFc\" lang=\"de\">Kein Kompromiss zwischen Garqualit\u00e4t und Sicherheit mit Food Safe Control. Mit eingesetzter 6-Sensoren-Multisonde stellt SkyLine PremiumS automatisch sicher, dass die Speisen perfekt gegart wurden, w\u00e4hrend sie in \u00dcbereinstimmung mit den HACCP-Standards arbeitet.<\/span><\/p>\n<p>[\/vc_column_text][vc_empty_space][vc_single_image image=&#8221;8380&#8243; img_size=&#8221;full&#8221;][vc_column_text]<\/p>\n<h6>*Food Safe Control &#8211; patent US6818865B2 and related family.<\/h6>\n<p>[\/vc_column_text][\/vc_column_inner][vc_column_inner width=&#8221;1\/2&#8243;][vc_single_image image=&#8221;18949&#8243; img_size=&#8221;full&#8221;][vc_column_text]<\/p>\n<h2>Immer sichere Lebensmittel<\/h2>\n<p id=\"tw-target-text\" class=\"tw-data-text tw-text-large tw-ta\" dir=\"ltr\" data-placeholder=\"\u00dcbersetzung\"><span class=\"Y2IQFc\" lang=\"de\">Einfache Einhaltung von HACCP- und Lebensmittelsicherheitsvorschriften. Schnellk\u00fchlung bedeutet, dass Bakterien keine Chance haben, sich zu vermehren, da Lebensmittel (mit SkyDuo sogar immer direkt aus dem Ofen) in einer pr\u00e4zisionskontrollierten Umgebung schnell gek\u00fchlt werden. <\/span><\/p>\n<p class=\"tw-data-text tw-text-large tw-ta\" dir=\"ltr\" data-placeholder=\"\u00dcbersetzung\"><span class=\"Y2IQFc\" lang=\"de\">Es dauert weniger als 90 Minuten, um die Kerntemperatur von Lebensmitteln von 70 \u00b0C auf 3 \u00b0C zu senken, oder 240 Minuten, um beim Einfrieren -18 \u00b0C zu erreichen. Unterbrechen Sie den Cook&amp;Chill-Prozess nicht. Gehen Sie direkt vom Ofen zu SkyLine ChillS, ohne die Speisen auf Umgebungstemperatur abk\u00fchlen zu lassen.<\/span><\/p>\n<p>[\/vc_column_text][\/vc_column_inner][\/vc_row_inner][\/vc_column][\/vc_row][vc_row full_width=&#8221;electroluxpro-full-width-no-padding&#8221; equal_height=&#8221;yes&#8221;][vc_column width=&#8221;1\/2&#8243;][vc_single_image image=&#8221;18947&#8243; img_size=&#8221;large&#8221; alignment=&#8221;right&#8221;][\/vc_column][vc_column width=&#8221;1\/2&#8243;][elx_simple_block][elx_heading font_container=&#8221;h3&#8243; text_color=&#8221;inherit&#8221;]Lagern &#8211; \u00a0Electrolux Professional ecostore K\u00fchltechnik[\/elx_heading][vc_column_text css_animation=&#8221;right-to-left&#8221;]<strong>Der HACCP-Steuerbereich\u00a0innerhalb des Displays \u00fcberpr\u00fcft und registriert kontinuierlich die Betriebstemperatur und eventuelle Anomalien.<\/strong>\u00a0<span lang=\"de\">Ein Diagramm zeigt den Betriebszustand und Temperaturschwankungen an. Daten k\u00f6nnen \u00fcber USB heruntergeladen und abgespeichert werden.<\/span>[\/vc_column_text][elx_button button_text=&#8221;K\u00fchlschr\u00e4nke&#8221; button_style=&#8221;icon&#8221; button_link=&#8221;url:https%3A%2F%2Fwww.electroluxprofessional.com%2Fde%2Fgrosskuechentechnik%2Fkuehlschraenke%2F|title:K%C3%BChlschr%C3%A4nke|target:_blank&#8221;][elx_button button_text=&#8221;K\u00fchltische&#8221; button_style=&#8221;icon&#8221; button_link=&#8221;url:https%3A%2F%2Fwww.electroluxprofessional.com%2Fde%2Fgrosskuechentechnik%2Fkuehltische%2F|title:K%C3%BChltische|target:_blank&#8221;][\/elx_simple_block][\/vc_column][\/vc_row][vc_row][vc_column][vc_empty_space][\/vc_column][\/vc_row][vc_row][vc_column][elx_heading font_container=&#8221;h3&#8243; text_color=&#8221;inherit&#8221; text_align=&#8221;text-center&#8221;]Electrolux Professional erh\u00e4lt weltweite Zertifizierung in der W\u00e4schehygiene. Electrolux Professional ist der erste gewerbliche Waschmaschinenhersteller, der von HACCP International unterst\u00fctzt wird[\/elx_heading][\/vc_column][\/vc_row][vc_row full_width=&#8221;electroluxpro-full-width-no-padding&#8221;][vc_column][vc_empty_space][\/vc_column][\/vc_row][vc_row][vc_column width=&#8221;1\/2&#8243;][vc_single_image image=&#8221;16562&#8243; img_size=&#8221;full&#8221; alignment=&#8221;center&#8221;][vc_empty_space][vc_empty_space][vc_empty_space][vc_column_text]<\/p>\n<h4 id=\"tw-target-text\" class=\"tw-data-text tw-text-large tw-ta\" dir=\"ltr\" data-placeholder=\"\u00dcbersetzung\"><span class=\"Y2IQFc\" lang=\"de\">Sehen Sie, wie wir Sicherheit und Wert f\u00fcr<br \/>\n<\/span><span class=\"Y2IQFc\" lang=\"de\"> Ihr Unternehmen hinzuf\u00fcgen k\u00f6nnen<\/span><\/h4>\n<p>[\/vc_column_text][vc_empty_space][elx_video_block background_image=&#8221;18948&#8243; video_link=&#8221;https:\/\/www.youtube.com\/watch?v=-ATQgfZH67Q&#8221; minimum_height=&#8221;280px&#8221;][vc_empty_space][\/vc_column][vc_column width=&#8221;1\/2&#8243;][elx_heading font_container=&#8221;h3&#8243; text_color=&#8221;inherit&#8221;]Professionelle Waschprogramme sind essenziell, um alle Kleidungsst\u00fccke und T\u00fccher, die in der Lebensmittelherstellung verwendet werden, zu desinfizieren.[\/elx_heading][vc_column_text]<\/p>\n<p id=\"tw-target-text\" class=\"tw-data-text tw-text-large tw-ta\" dir=\"ltr\" data-placeholder=\"\u00dcbersetzung\"><span class=\"Y2IQFc\" lang=\"de\">Wie die W\u00e4schereil\u00f6sung Line 5000 erf\u00fcllen auch die Ger\u00e4te der <a href=\"https:\/\/www.electroluxprofessional.com\/de\/waeschereitechnik\/line-6000-waeschereiloesungen\/\">Line 6000<\/a> von Electrolux Professional die strengsten HACCP-Verfahren: Gewerbliche Waschmaschinen und Trockner der Serie (sowie Trennwand-Waschmaschinen, Mangeln und Einbaul\u00f6sungen) sind die erste \u2013 und derzeit einzige \u2013 W\u00e4scherei von HACCP International zertifizierte L\u00f6sungen. Electrolux Professional ist damit der erste und bisher einzige von\u00a0<strong>HACCP International zertifizierte Hersteller von W\u00e4schereil\u00f6sungen<\/strong>. Neben Frontladern wurden auch Trennwand-Waschmaschinen, B\u00fcgeltische und Mangeln akkreditiert.<\/span><\/p>\n<p>[\/vc_column_text][vc_row_inner][vc_column_inner width=&#8221;1\/2&#8243;][vc_empty_space][vc_empty_space][vc_empty_space][vc_empty_space][vc_column_text]Zun\u00e4chst galt die Zertifizierung der Line 5000 in Gro\u00dfbritannien und Irland, seit Juni 2015 ist sie weltweit g\u00fcltig.[\/vc_column_text][vc_empty_space][elx_button button_text=&#8221;Erfahren Sie mehr \u00fcber HACCP INTERNATIONAL&#8221; button_style=&#8221;icon&#8221; button_link=&#8221;url:https%3A%2F%2Fhaccp-international.com%2F|title:haccp%20international|target:%20_blank|&#8221;][\/vc_column_inner][vc_column_inner width=&#8221;1\/2&#8243;][vc_empty_space][vc_empty_space][vc_empty_space][vc_empty_space][vc_single_image image=&#8221;657&#8243; img_size=&#8221;250&#215;250&#8243; alignment=&#8221;center&#8221;][vc_empty_space][\/vc_column_inner][\/vc_row_inner][\/vc_column][\/vc_row][vc_row full_width=&#8221;electroluxpro-full-width-no-padding&#8221;][vc_column][vc_empty_space css=&#8221;.vc_custom_1464077755704{background-color: #eaeef2 !important;}&#8221;][\/vc_column][\/vc_row]<\/p>\n","protected":false},"excerpt":{"rendered":"<p>[vc_row full_width=&#8221;electroluxpro-full-width-no-padding&#8221;][vc_column][elx_hero_slider label_text_color=&#8221;inherit&#8221; images=&#8221;18950&#8243;][elx_heading font_container=&#8221;h1&#8243; text_color=&#8221;inherit&#8221;]HACCP[\/elx_heading][vc_column_text]Das\u00a0HACCP \u2013 Hazard Analysis and Critical Control Point \u2013 Verfahren\u00a0ist eine M\u00f6glichkeit, die inh\u00e4renten Risiken eines Produkts oder eines Prozesses zu beurteilen und die notwendigen Schritte zur Kontrolle der identifizierten Risiken zu ermitteln.[\/vc_column_text][\/elx_hero_slider][\/vc_column][\/vc_row][vc_row][vc_column width=&#8221;1\/2&#8243;][vc_empty_space][elx_heading text_color=&#8221;inherit&#8221; text_align=&#8221;text-left&#8221;]Electrolux Professional unterst\u00fctzt seit 1998 K\u00fcchenprofis in Hygienefragen.[\/elx_heading][vc_empty_space][vc_column_text] Doch was genau bedeutet das? [\/vc_column_text][vc_empty_space][vc_column_text]Electrolux Professional [&hellip;]<\/p>\n","protected":false},"author":5,"featured_media":5222,"parent":0,"menu_order":0,"comment_status":"closed","ping_status":"closed","template":"","meta":{"footnotes":""},"class_list":["post-659","page","type-page","status-publish","has-post-thumbnail","hentry"],"acf":[],"yoast_head":"<!-- This site is optimized with the Yoast SEO plugin v23.3 - https:\/\/yoast.com\/wordpress\/plugins\/seo\/ -->\n<title>HACCP Verfahren - Electrolux Professional<\/title>\n<meta name=\"description\" content=\"Das HACCP Verfahren zur Verhinderung von Kontamination beurteilt die inh\u00e4renten Risiken eines Produkts oder eines Prozesses.\" \/>\n<meta name=\"robots\" content=\"index, follow, max-snippet:-1, max-image-preview:large, max-video-preview:-1\" \/>\n<link rel=\"canonical\" href=\"https:\/\/www.electroluxprofessional.com\/de\/haccp\/\" \/>\n<meta property=\"og:locale\" content=\"de_DE\" \/>\n<meta property=\"og:type\" content=\"article\" \/>\n<meta property=\"og:title\" content=\"HACCP Verfahren - Electrolux Professional\" \/>\n<meta property=\"og:description\" content=\"Das HACCP Verfahren zur Verhinderung von Kontamination beurteilt die inh\u00e4renten Risiken eines Produkts oder eines Prozesses.\" \/>\n<meta property=\"og:url\" content=\"https:\/\/www.electroluxprofessional.com\/de\/haccp\/\" \/>\n<meta property=\"og:site_name\" content=\"Electrolux Professional Deutschland\" \/>\n<meta property=\"article:modified_time\" content=\"2024-03-06T10:40:04+00:00\" \/>\n<meta property=\"og:image\" content=\"https:\/\/www.electroluxprofessional.com\/de\/wp-content\/uploads\/2019\/03\/haccp-logo_seoopt.jpg\" \/>\n\t<meta property=\"og:image:width\" content=\"600\" \/>\n\t<meta property=\"og:image:height\" content=\"601\" \/>\n\t<meta property=\"og:image:type\" content=\"image\/jpeg\" \/>\n<meta name=\"twitter:card\" content=\"summary_large_image\" \/>\n<meta name=\"twitter:label1\" content=\"Gesch\u00e4tzte Lesezeit\" \/>\n\t<meta name=\"twitter:data1\" content=\"3 Minuten\" \/>\n<script type=\"application\/ld+json\" class=\"yoast-schema-graph\">{\"@context\":\"https:\/\/schema.org\",\"@graph\":[{\"@type\":\"WebPage\",\"@id\":\"https:\/\/www.electroluxprofessional.com\/de\/haccp\/\",\"url\":\"https:\/\/www.electroluxprofessional.com\/de\/haccp\/\",\"name\":\"HACCP Verfahren - Electrolux Professional\",\"isPartOf\":{\"@id\":\"https:\/\/www.electroluxprofessional.com\/de\/#website\"},\"primaryImageOfPage\":{\"@id\":\"https:\/\/www.electroluxprofessional.com\/de\/haccp\/#primaryimage\"},\"image\":{\"@id\":\"https:\/\/www.electroluxprofessional.com\/de\/haccp\/#primaryimage\"},\"thumbnailUrl\":\"https:\/\/www.electroluxprofessional.com\/de\/wp-content\/uploads\/2019\/03\/haccp-logo_seoopt.jpg\",\"datePublished\":\"2016-05-23T13:25:45+00:00\",\"dateModified\":\"2024-03-06T10:40:04+00:00\",\"description\":\"Das HACCP Verfahren zur Verhinderung von Kontamination beurteilt die inh\u00e4renten Risiken eines Produkts oder eines Prozesses.\",\"breadcrumb\":{\"@id\":\"https:\/\/www.electroluxprofessional.com\/de\/haccp\/#breadcrumb\"},\"inLanguage\":\"de-DE\",\"potentialAction\":[{\"@type\":\"ReadAction\",\"target\":[\"https:\/\/www.electroluxprofessional.com\/de\/haccp\/\"]}]},{\"@type\":\"ImageObject\",\"inLanguage\":\"de-DE\",\"@id\":\"https:\/\/www.electroluxprofessional.com\/de\/haccp\/#primaryimage\",\"url\":\"https:\/\/www.electroluxprofessional.com\/de\/wp-content\/uploads\/2019\/03\/haccp-logo_seoopt.jpg\",\"contentUrl\":\"https:\/\/www.electroluxprofessional.com\/de\/wp-content\/uploads\/2019\/03\/haccp-logo_seoopt.jpg\",\"width\":600,\"height\":601,\"caption\":\"haccp-logo_seoopt\"},{\"@type\":\"BreadcrumbList\",\"@id\":\"https:\/\/www.electroluxprofessional.com\/de\/haccp\/#breadcrumb\",\"itemListElement\":[{\"@type\":\"ListItem\",\"position\":1,\"name\":\"Startseite\",\"item\":\"https:\/\/www.electroluxprofessional.com\/de\/\"},{\"@type\":\"ListItem\",\"position\":2,\"name\":\"HACCP\"}]},{\"@type\":\"WebSite\",\"@id\":\"https:\/\/www.electroluxprofessional.com\/de\/#website\",\"url\":\"https:\/\/www.electroluxprofessional.com\/de\/\",\"name\":\"Electrolux Professional Deutschland\",\"description\":\"\",\"potentialAction\":[{\"@type\":\"SearchAction\",\"target\":{\"@type\":\"EntryPoint\",\"urlTemplate\":\"https:\/\/www.electroluxprofessional.com\/de\/?src={search_term_string}\"},\"query-input\":\"required name=search_term_string\"}],\"inLanguage\":\"de-DE\"}]}<\/script>\n<!-- \/ Yoast SEO plugin. -->","yoast_head_json":{"title":"HACCP Verfahren - Electrolux Professional","description":"Das HACCP Verfahren zur Verhinderung von Kontamination beurteilt die inh\u00e4renten Risiken eines Produkts oder eines Prozesses.","robots":{"index":"index","follow":"follow","max-snippet":"max-snippet:-1","max-image-preview":"max-image-preview:large","max-video-preview":"max-video-preview:-1"},"canonical":"https:\/\/www.electroluxprofessional.com\/de\/haccp\/","og_locale":"de_DE","og_type":"article","og_title":"HACCP Verfahren - Electrolux Professional","og_description":"Das HACCP Verfahren zur Verhinderung von Kontamination beurteilt die inh\u00e4renten Risiken eines Produkts oder eines Prozesses.","og_url":"https:\/\/www.electroluxprofessional.com\/de\/haccp\/","og_site_name":"Electrolux Professional Deutschland","article_modified_time":"2024-03-06T10:40:04+00:00","og_image":[{"width":600,"height":601,"url":"https:\/\/www.electroluxprofessional.com\/de\/wp-content\/uploads\/2019\/03\/haccp-logo_seoopt.jpg","type":"image\/jpeg"}],"twitter_card":"summary_large_image","twitter_misc":{"Gesch\u00e4tzte Lesezeit":"3 Minuten"},"schema":{"@context":"https:\/\/schema.org","@graph":[{"@type":"WebPage","@id":"https:\/\/www.electroluxprofessional.com\/de\/haccp\/","url":"https:\/\/www.electroluxprofessional.com\/de\/haccp\/","name":"HACCP Verfahren - Electrolux Professional","isPartOf":{"@id":"https:\/\/www.electroluxprofessional.com\/de\/#website"},"primaryImageOfPage":{"@id":"https:\/\/www.electroluxprofessional.com\/de\/haccp\/#primaryimage"},"image":{"@id":"https:\/\/www.electroluxprofessional.com\/de\/haccp\/#primaryimage"},"thumbnailUrl":"https:\/\/www.electroluxprofessional.com\/de\/wp-content\/uploads\/2019\/03\/haccp-logo_seoopt.jpg","datePublished":"2016-05-23T13:25:45+00:00","dateModified":"2024-03-06T10:40:04+00:00","description":"Das HACCP Verfahren zur Verhinderung von Kontamination beurteilt die inh\u00e4renten Risiken eines Produkts oder eines Prozesses.","breadcrumb":{"@id":"https:\/\/www.electroluxprofessional.com\/de\/haccp\/#breadcrumb"},"inLanguage":"de-DE","potentialAction":[{"@type":"ReadAction","target":["https:\/\/www.electroluxprofessional.com\/de\/haccp\/"]}]},{"@type":"ImageObject","inLanguage":"de-DE","@id":"https:\/\/www.electroluxprofessional.com\/de\/haccp\/#primaryimage","url":"https:\/\/www.electroluxprofessional.com\/de\/wp-content\/uploads\/2019\/03\/haccp-logo_seoopt.jpg","contentUrl":"https:\/\/www.electroluxprofessional.com\/de\/wp-content\/uploads\/2019\/03\/haccp-logo_seoopt.jpg","width":600,"height":601,"caption":"haccp-logo_seoopt"},{"@type":"BreadcrumbList","@id":"https:\/\/www.electroluxprofessional.com\/de\/haccp\/#breadcrumb","itemListElement":[{"@type":"ListItem","position":1,"name":"Startseite","item":"https:\/\/www.electroluxprofessional.com\/de\/"},{"@type":"ListItem","position":2,"name":"HACCP"}]},{"@type":"WebSite","@id":"https:\/\/www.electroluxprofessional.com\/de\/#website","url":"https:\/\/www.electroluxprofessional.com\/de\/","name":"Electrolux Professional Deutschland","description":"","potentialAction":[{"@type":"SearchAction","target":{"@type":"EntryPoint","urlTemplate":"https:\/\/www.electroluxprofessional.com\/de\/?src={search_term_string}"},"query-input":"required name=search_term_string"}],"inLanguage":"de-DE"}]}},"_links":{"self":[{"href":"https:\/\/www.electroluxprofessional.com\/de\/wp-json\/wp\/v2\/pages\/659"}],"collection":[{"href":"https:\/\/www.electroluxprofessional.com\/de\/wp-json\/wp\/v2\/pages"}],"about":[{"href":"https:\/\/www.electroluxprofessional.com\/de\/wp-json\/wp\/v2\/types\/page"}],"author":[{"embeddable":true,"href":"https:\/\/www.electroluxprofessional.com\/de\/wp-json\/wp\/v2\/users\/5"}],"replies":[{"embeddable":true,"href":"https:\/\/www.electroluxprofessional.com\/de\/wp-json\/wp\/v2\/comments?post=659"}],"version-history":[{"count":17,"href":"https:\/\/www.electroluxprofessional.com\/de\/wp-json\/wp\/v2\/pages\/659\/revisions"}],"predecessor-version":[{"id":22191,"href":"https:\/\/www.electroluxprofessional.com\/de\/wp-json\/wp\/v2\/pages\/659\/revisions\/22191"}],"wp:featuredmedia":[{"embeddable":true,"href":"https:\/\/www.electroluxprofessional.com\/de\/wp-json\/wp\/v2\/media\/5222"}],"wp:attachment":[{"href":"https:\/\/www.electroluxprofessional.com\/de\/wp-json\/wp\/v2\/media?parent=659"}],"curies":[{"name":"wp","href":"https:\/\/api.w.org\/{rel}","templated":true}]}}