{"id":4893,"date":"2017-01-13T11:48:50","date_gmt":"2017-01-13T10:48:50","guid":{"rendered":"https:\/\/www.electroluxprofessional.com\/?page_id=8293"},"modified":"2026-03-24T15:40:48","modified_gmt":"2026-03-24T14:40:48","slug":"modulares-kochen-zubehoer","status":"publish","type":"page","link":"https:\/\/www.electroluxprofessional.com\/de\/zubehoer-verbrauchsmaterialien\/modulares-kochen-zubehoer\/","title":{"rendered":"Zubeh\u00f6r und Verbrauchsmaterialien &#8211; Modulare K\u00fcchentechnik"},"content":{"rendered":"<p>[vc_row full_width=&#8221;electroluxpro-full-width-no-padding&#8221;][vc_column][elx_image_block background_image=&#8221;4888&#8243; minimum_height=&#8221;400px&#8221;][\/vc_column][\/vc_row][vc_row][vc_column][elx_menu menu_name=&#8221;Zubeh\u00f6r Food&#8221;][vc_empty_space][elx_heading font_container=&#8221;h1&#8243; font_size=&#8221;h3&#8243; text_color=&#8221;electrolux-blue&#8221; text_align=&#8221;text-center&#8221;]Zubeh\u00f6r und Verbrauchsmaterialien<br \/>\nModulare K\u00fcchentechnik[\/elx_heading][vc_empty_space][vc_column_text]<\/p>\n<p style=\"text-align: center;\">Pastakocher, professionelle Entfetter f\u00fcr hei\u00dfe Oberfl\u00e4chen, Grills, Fritteusen. Entdecken Sie Zubeh\u00f6r und Verbrauchsmaterialien f\u00fcr modulare K\u00fcchentechnik.<\/p>\n<p>[\/vc_column_text][vc_empty_space][vc_empty_space][\/vc_column][\/vc_row][vc_row][vc_column width=&#8221;1\/3&#8243;][vc_single_image image=&#8221;4891&#8243; img_size=&#8221;full&#8221; alignment=&#8221;center&#8221; css_animation=&#8221;none&#8221;][vc_empty_space height=&#8221;10px&#8221;][elx_heading font_container=&#8221;h3&#8243; font_size=&#8221;h5&#8243; text_color=&#8221;inherit&#8221;]Pastakocher K\u00f6rbe[\/elx_heading][vc_column_text]Komplett aus Edelstahl AISI 304 gefertigt, um maximale Hygiene zu erm\u00f6glichen. Unsere K\u00f6rbe wurden so designt, dass sie maximale Ergonomie bieten.[\/vc_column_text][vc_empty_space][elx_shop_now button_text=&#8221;Jetzt einkaufen&#8221; button_display_block=&#8221;display_block_on&#8221; button_alignment=&#8221;align_center&#8221; button_link=&#8221;url:https%3A%2F%2Fbuy.electroluxprofessional.com%2Fde%2Fparts%3Fq%3Dkorb%2520fuer%2520pastakocher|target:_blank&#8221;][\/vc_column][vc_column width=&#8221;1\/3&#8243;][vc_single_image image=&#8221;4892&#8243; img_size=&#8221;full&#8221; css_animation=&#8221;none&#8221;][elx_heading font_container=&#8221;h3&#8243; font_size=&#8221;h5&#8243; text_color=&#8221;inherit&#8221;]Professioneller Entfetter[\/elx_heading][vc_column_text]Der idealer Entfetter f\u00fcr hei\u00dfe Oberfl\u00e4chen bei hohen Temperaturen. Perfekt f\u00fcr Bratplatten, Braisi\u00e8ren und Multifunktionsherde.[\/vc_column_text][vc_empty_space][vc_empty_space][elx_shop_now button_text=&#8221;Jetzt einkaufen&#8221; button_display_block=&#8221;display_block_on&#8221; button_alignment=&#8221;align_center&#8221; button_link=&#8221;url:https%3A%2F%2Fbuy.electroluxprofessional.com%2Fde%2Felectrolux-professional%2Felx0s1841|target:_blank&#8221;][vc_empty_space height=&#8221;28px&#8221;][\/vc_column][vc_column width=&#8221;1\/3&#8243;][vc_single_image image=&#8221;18493&#8243; img_size=&#8221;260*260&#8243; css_animation=&#8221;none&#8221;][elx_heading font_container=&#8221;h3&#8243; font_size=&#8221;h5&#8243; text_color=&#8221;inherit&#8221;]Tester f\u00fcr Speise\u00f6l[\/elx_heading][vc_column_text]<\/p>\n<p id=\"tw-target-text\" class=\"tw-data-text tw-text-large tw-ta\" dir=\"ltr\" data-placeholder=\"\u00dcbersetzung\"><span class=\"Y2IQFc\" lang=\"de\">Vermeiden Sie die Verwendung von Alt\u00f6l f\u00fcr die Lebensmittelzubereitung durch das elektronische \u00d6lkontrollsystem, um einen nachhaltigen Betrieb, Kosteneinsparungen und die Vermeidung von Gesundheitsrisiken sicherzustellen.<\/span><\/p>\n<p>[\/vc_column_text][vc_empty_space][vc_empty_space][vc_empty_space][\/vc_column][\/vc_row][vc_row][vc_column width=&#8221;1\/3&#8243;][vc_single_image image=&#8221;18494&#8243; img_size=&#8221;280*260&#8243; alignment=&#8221;center&#8221; css_animation=&#8221;none&#8221;][elx_heading font_container=&#8221;h3&#8243; font_size=&#8221;h5&#8243; text_color=&#8221;inherit&#8221;]Papierfilter f\u00fcr Filtersystem f\u00fcr 23l Fritteuse[\/elx_heading][vc_column_text]<\/p>\n<p id=\"tw-target-text\" class=\"tw-data-text tw-text-large tw-ta\" dir=\"ltr\" data-placeholder=\"\u00dcbersetzung\"><span class=\"Y2IQFc\" lang=\"de\">Kit f\u00fcr fortschrittliches Filtersystem f\u00fcr 23-Liter-Fritteuse, das es erm\u00f6glicht, die kleinsten Speisereste zu entfernen und die Lebensdauer des \u00d6ls zu verl\u00e4ngern.<\/span><\/p>\n<p>[\/vc_column_text][vc_empty_space][elx_shop_now button_text=&#8221;Jetzt einkaufen&#8221; button_display_block=&#8221;display_block_on&#8221; button_alignment=&#8221;align_center&#8221; button_link=&#8221;url:https%3A%2F%2Fbuy.electroluxprofessional.com%2Fde%2Felectrolux-professional%2Felx0cb513|target:_blank&#8221;][\/vc_column][vc_column width=&#8221;1\/3&#8243;][vc_single_image image=&#8221;18495&#8243; img_size=&#8221;300*260&#8243; alignment=&#8221;center&#8221; css_animation=&#8221;none&#8221;][elx_heading font_container=&#8221;h3&#8243; font_size=&#8221;h5&#8243; text_color=&#8221;inherit&#8221;]Fritteusenk\u00f6rbe[\/elx_heading][vc_column_text]<\/p>\n<p id=\"tw-target-text\" class=\"tw-data-text tw-text-large tw-ta\" dir=\"ltr\" data-placeholder=\"\u00dcbersetzung\"><span class=\"Y2IQFc\" lang=\"de\">Unsere K\u00f6rbe sind vollst\u00e4ndig aus AISI 304 gefertigt, um maximale Hygiene zu erm\u00f6glichen, und bieten maximale Ergonomie.<\/span><\/p>\n<p>[\/vc_column_text][vc_empty_space][vc_empty_space height=&#8221;46px&#8221;][vc_empty_space][elx_shop_now button_text=&#8221;Jetzt einkaufen&#8221; button_display_block=&#8221;display_block_on&#8221; button_alignment=&#8221;align_center&#8221; button_link=&#8221;url:https%3A%2F%2Fbuy.electroluxprofessional.com%2Fde%2Felectrolux-professional%2Felx006133|target:_blank&#8221;][\/vc_column][vc_column width=&#8221;1\/3&#8243;][vc_empty_space][vc_single_image image=&#8221;18497&#8243; img_size=&#8221;500*500&#8243; alignment=&#8221;center&#8221; css_animation=&#8221;none&#8221;][vc_empty_space][vc_empty_space height=&#8221;12px&#8221;][elx_heading font_container=&#8221;h3&#8243; font_size=&#8221;h5&#8243; text_color=&#8221;inherit&#8221;]Induktion-Wokpfanne aus Edelstahl mit Griff[\/elx_heading][vc_column_text]<\/p>\n<p id=\"tw-target-text\" class=\"tw-data-text tw-text-large tw-ta\" dir=\"ltr\" data-placeholder=\"\u00dcbersetzung\"><span class=\"Y2IQFc\" lang=\"de\">Passgenaue Wokpfanne f\u00fcr den Induktionsherd f\u00fcr optimale Hitzeverteilung.<\/span><\/p>\n<p>[\/vc_column_text][vc_empty_space][vc_empty_space height=&#8221;26px&#8221;][vc_empty_space][elx_shop_now button_text=&#8221;Jetzt einkaufen&#8221; button_display_block=&#8221;display_block_on&#8221; button_alignment=&#8221;align_center&#8221; button_link=&#8221;url:https%3A%2F%2Fbuy.electroluxprofessional.com%2Fde%2Felectrolux-professional%2Felx0s2062|target:_blank&#8221;][\/vc_column][\/vc_row][vc_row][vc_column][vc_empty_space][vc_empty_space][elx_heading text_color=&#8221;inherit&#8221; text_align=&#8221;text-center&#8221;]Sie haben noch Fragen? Kontaktieren Sie uns.[\/elx_heading][elx_o2000_contact_us s=&#8221;Anfrage Zubeh\u00f6r und Verbrauchsmaterialien &#8211; Modulares Kochen&#8221; request_type=&#8221;Other&#8221; country=&#8221;Germany&#8221; container=&#8221;elxcontactus1484304163&#8243; r=&#8221;Ich m\u00f6chte mehr erfahren \u00fcber Zubeh\u00f6r und Verbrauchsmaterialien zum modularen Kochen. Bitte kontaktieren Sie mich.&#8221; l=&#8221;de&#8221;][vc_empty_space][\/vc_column][\/vc_row]<\/p>\n","protected":false},"excerpt":{"rendered":"<p>[vc_row full_width=&#8221;electroluxpro-full-width-no-padding&#8221;][vc_column][elx_image_block background_image=&#8221;4888&#8243; minimum_height=&#8221;400px&#8221;][\/vc_column][\/vc_row][vc_row][vc_column][elx_menu menu_name=&#8221;Zubeh\u00f6r Food&#8221;][vc_empty_space][elx_heading font_container=&#8221;h1&#8243; font_size=&#8221;h3&#8243; text_color=&#8221;electrolux-blue&#8221; text_align=&#8221;text-center&#8221;]Zubeh\u00f6r und Verbrauchsmaterialien Modulare K\u00fcchentechnik[\/elx_heading][vc_empty_space][vc_column_text] Pastakocher, professionelle Entfetter f\u00fcr hei\u00dfe Oberfl\u00e4chen, Grills, Fritteusen. Entdecken Sie Zubeh\u00f6r und Verbrauchsmaterialien f\u00fcr modulare K\u00fcchentechnik. [\/vc_column_text][vc_empty_space][vc_empty_space][\/vc_column][\/vc_row][vc_row][vc_column width=&#8221;1\/3&#8243;][vc_single_image image=&#8221;4891&#8243; img_size=&#8221;full&#8221; alignment=&#8221;center&#8221; css_animation=&#8221;none&#8221;][vc_empty_space height=&#8221;10px&#8221;][elx_heading font_container=&#8221;h3&#8243; font_size=&#8221;h5&#8243; text_color=&#8221;inherit&#8221;]Pastakocher K\u00f6rbe[\/elx_heading][vc_column_text]Komplett aus Edelstahl AISI 304 gefertigt, um maximale Hygiene zu erm\u00f6glichen. Unsere K\u00f6rbe wurden so [&hellip;]<\/p>\n","protected":false},"author":5,"featured_media":4888,"parent":4876,"menu_order":0,"comment_status":"closed","ping_status":"closed","template":"","meta":{"footnotes":""},"class_list":["post-4893","page","type-page","status-publish","has-post-thumbnail","hentry"],"acf":[],"yoast_head":"<!-- This site is optimized with the Yoast SEO plugin v23.3 - https:\/\/yoast.com\/wordpress\/plugins\/seo\/ -->\n<title>Zubeh\u00f6r und Verbrauchsmaterialien | Electrolux Professional<\/title>\n<meta name=\"description\" content=\"Entdecken Sie vielf\u00e4ltiges Zubeh\u00f6r und Verbrauchsmaterialien f\u00fcr modulare K\u00fcchentechnik von Electrolux Professional.\" \/>\n<meta name=\"robots\" content=\"index, follow, max-snippet:-1, max-image-preview:large, max-video-preview:-1\" \/>\n<link rel=\"canonical\" href=\"https:\/\/www.electroluxprofessional.com\/de\/zubehoer-verbrauchsmaterialien\/modulares-kochen-zubehoer\/\" \/>\n<meta property=\"og:locale\" content=\"de_DE\" \/>\n<meta property=\"og:type\" content=\"article\" \/>\n<meta property=\"og:title\" content=\"Zubeh\u00f6r und Verbrauchsmaterialien | Electrolux Professional\" \/>\n<meta property=\"og:description\" content=\"Entdecken Sie vielf\u00e4ltiges Zubeh\u00f6r und Verbrauchsmaterialien f\u00fcr modulare K\u00fcchentechnik von Electrolux Professional.\" \/>\n<meta property=\"og:url\" content=\"https:\/\/www.electroluxprofessional.com\/de\/zubehoer-verbrauchsmaterialien\/modulares-kochen-zubehoer\/\" \/>\n<meta property=\"og:site_name\" content=\"Electrolux Professional Deutschland\" \/>\n<meta property=\"article:modified_time\" content=\"2026-03-24T14:40:48+00:00\" \/>\n<meta property=\"og:image\" content=\"https:\/\/www.electroluxprofessional.com\/de\/wp-content\/uploads\/2016\/11\/xp1-1.jpg\" \/>\n\t<meta property=\"og:image:width\" content=\"2000\" \/>\n\t<meta property=\"og:image:height\" content=\"1333\" \/>\n\t<meta property=\"og:image:type\" content=\"image\/jpeg\" \/>\n<meta name=\"twitter:card\" content=\"summary_large_image\" \/>\n<meta name=\"twitter:label1\" content=\"Gesch\u00e4tzte Lesezeit\" \/>\n\t<meta name=\"twitter:data1\" content=\"2 Minuten\" \/>\n<script type=\"application\/ld+json\" class=\"yoast-schema-graph\">{\"@context\":\"https:\/\/schema.org\",\"@graph\":[{\"@type\":\"WebPage\",\"@id\":\"https:\/\/www.electroluxprofessional.com\/de\/zubehoer-verbrauchsmaterialien\/modulares-kochen-zubehoer\/\",\"url\":\"https:\/\/www.electroluxprofessional.com\/de\/zubehoer-verbrauchsmaterialien\/modulares-kochen-zubehoer\/\",\"name\":\"Zubeh\u00f6r und Verbrauchsmaterialien | Electrolux Professional\",\"isPartOf\":{\"@id\":\"https:\/\/www.electroluxprofessional.com\/de\/#website\"},\"primaryImageOfPage\":{\"@id\":\"https:\/\/www.electroluxprofessional.com\/de\/zubehoer-verbrauchsmaterialien\/modulares-kochen-zubehoer\/#primaryimage\"},\"image\":{\"@id\":\"https:\/\/www.electroluxprofessional.com\/de\/zubehoer-verbrauchsmaterialien\/modulares-kochen-zubehoer\/#primaryimage\"},\"thumbnailUrl\":\"https:\/\/www.electroluxprofessional.com\/de\/wp-content\/uploads\/2016\/11\/xp1-1.jpg\",\"datePublished\":\"2017-01-13T10:48:50+00:00\",\"dateModified\":\"2026-03-24T14:40:48+00:00\",\"description\":\"Entdecken Sie vielf\u00e4ltiges Zubeh\u00f6r und Verbrauchsmaterialien f\u00fcr modulare K\u00fcchentechnik von Electrolux Professional.\",\"breadcrumb\":{\"@id\":\"https:\/\/www.electroluxprofessional.com\/de\/zubehoer-verbrauchsmaterialien\/modulares-kochen-zubehoer\/#breadcrumb\"},\"inLanguage\":\"de-DE\",\"potentialAction\":[{\"@type\":\"ReadAction\",\"target\":[\"https:\/\/www.electroluxprofessional.com\/de\/zubehoer-verbrauchsmaterialien\/modulares-kochen-zubehoer\/\"]}]},{\"@type\":\"ImageObject\",\"inLanguage\":\"de-DE\",\"@id\":\"https:\/\/www.electroluxprofessional.com\/de\/zubehoer-verbrauchsmaterialien\/modulares-kochen-zubehoer\/#primaryimage\",\"url\":\"https:\/\/www.electroluxprofessional.com\/de\/wp-content\/uploads\/2016\/11\/xp1-1.jpg\",\"contentUrl\":\"https:\/\/www.electroluxprofessional.com\/de\/wp-content\/uploads\/2016\/11\/xp1-1.jpg\",\"width\":2000,\"height\":1333,\"caption\":\"900XP and 700XP\"},{\"@type\":\"BreadcrumbList\",\"@id\":\"https:\/\/www.electroluxprofessional.com\/de\/zubehoer-verbrauchsmaterialien\/modulares-kochen-zubehoer\/#breadcrumb\",\"itemListElement\":[{\"@type\":\"ListItem\",\"position\":1,\"name\":\"Startseite\",\"item\":\"https:\/\/www.electroluxprofessional.com\/de\/\"},{\"@type\":\"ListItem\",\"position\":2,\"name\":\"Zubeh\u00f6r und Verbrauchsmaterialien\",\"item\":\"https:\/\/www.electroluxprofessional.com\/de\/zubehoer-verbrauchsmaterialien\/\"},{\"@type\":\"ListItem\",\"position\":3,\"name\":\"Zubeh\u00f6r und Verbrauchsmaterialien &#8211; Modulare K\u00fcchentechnik\"}]},{\"@type\":\"WebSite\",\"@id\":\"https:\/\/www.electroluxprofessional.com\/de\/#website\",\"url\":\"https:\/\/www.electroluxprofessional.com\/de\/\",\"name\":\"Electrolux Professional Deutschland\",\"description\":\"\",\"potentialAction\":[{\"@type\":\"SearchAction\",\"target\":{\"@type\":\"EntryPoint\",\"urlTemplate\":\"https:\/\/www.electroluxprofessional.com\/de\/?src={search_term_string}\"},\"query-input\":\"required name=search_term_string\"}],\"inLanguage\":\"de-DE\"}]}<\/script>\n<!-- \/ Yoast SEO plugin. -->","yoast_head_json":{"title":"Zubeh\u00f6r und Verbrauchsmaterialien | Electrolux Professional","description":"Entdecken Sie vielf\u00e4ltiges Zubeh\u00f6r und Verbrauchsmaterialien f\u00fcr modulare K\u00fcchentechnik von Electrolux Professional.","robots":{"index":"index","follow":"follow","max-snippet":"max-snippet:-1","max-image-preview":"max-image-preview:large","max-video-preview":"max-video-preview:-1"},"canonical":"https:\/\/www.electroluxprofessional.com\/de\/zubehoer-verbrauchsmaterialien\/modulares-kochen-zubehoer\/","og_locale":"de_DE","og_type":"article","og_title":"Zubeh\u00f6r und Verbrauchsmaterialien | Electrolux Professional","og_description":"Entdecken Sie vielf\u00e4ltiges Zubeh\u00f6r und Verbrauchsmaterialien f\u00fcr modulare K\u00fcchentechnik von Electrolux Professional.","og_url":"https:\/\/www.electroluxprofessional.com\/de\/zubehoer-verbrauchsmaterialien\/modulares-kochen-zubehoer\/","og_site_name":"Electrolux Professional Deutschland","article_modified_time":"2026-03-24T14:40:48+00:00","og_image":[{"width":2000,"height":1333,"url":"https:\/\/www.electroluxprofessional.com\/de\/wp-content\/uploads\/2016\/11\/xp1-1.jpg","type":"image\/jpeg"}],"twitter_card":"summary_large_image","twitter_misc":{"Gesch\u00e4tzte Lesezeit":"2 Minuten"},"schema":{"@context":"https:\/\/schema.org","@graph":[{"@type":"WebPage","@id":"https:\/\/www.electroluxprofessional.com\/de\/zubehoer-verbrauchsmaterialien\/modulares-kochen-zubehoer\/","url":"https:\/\/www.electroluxprofessional.com\/de\/zubehoer-verbrauchsmaterialien\/modulares-kochen-zubehoer\/","name":"Zubeh\u00f6r und Verbrauchsmaterialien | Electrolux Professional","isPartOf":{"@id":"https:\/\/www.electroluxprofessional.com\/de\/#website"},"primaryImageOfPage":{"@id":"https:\/\/www.electroluxprofessional.com\/de\/zubehoer-verbrauchsmaterialien\/modulares-kochen-zubehoer\/#primaryimage"},"image":{"@id":"https:\/\/www.electroluxprofessional.com\/de\/zubehoer-verbrauchsmaterialien\/modulares-kochen-zubehoer\/#primaryimage"},"thumbnailUrl":"https:\/\/www.electroluxprofessional.com\/de\/wp-content\/uploads\/2016\/11\/xp1-1.jpg","datePublished":"2017-01-13T10:48:50+00:00","dateModified":"2026-03-24T14:40:48+00:00","description":"Entdecken Sie vielf\u00e4ltiges Zubeh\u00f6r und Verbrauchsmaterialien f\u00fcr modulare K\u00fcchentechnik von Electrolux Professional.","breadcrumb":{"@id":"https:\/\/www.electroluxprofessional.com\/de\/zubehoer-verbrauchsmaterialien\/modulares-kochen-zubehoer\/#breadcrumb"},"inLanguage":"de-DE","potentialAction":[{"@type":"ReadAction","target":["https:\/\/www.electroluxprofessional.com\/de\/zubehoer-verbrauchsmaterialien\/modulares-kochen-zubehoer\/"]}]},{"@type":"ImageObject","inLanguage":"de-DE","@id":"https:\/\/www.electroluxprofessional.com\/de\/zubehoer-verbrauchsmaterialien\/modulares-kochen-zubehoer\/#primaryimage","url":"https:\/\/www.electroluxprofessional.com\/de\/wp-content\/uploads\/2016\/11\/xp1-1.jpg","contentUrl":"https:\/\/www.electroluxprofessional.com\/de\/wp-content\/uploads\/2016\/11\/xp1-1.jpg","width":2000,"height":1333,"caption":"900XP and 700XP"},{"@type":"BreadcrumbList","@id":"https:\/\/www.electroluxprofessional.com\/de\/zubehoer-verbrauchsmaterialien\/modulares-kochen-zubehoer\/#breadcrumb","itemListElement":[{"@type":"ListItem","position":1,"name":"Startseite","item":"https:\/\/www.electroluxprofessional.com\/de\/"},{"@type":"ListItem","position":2,"name":"Zubeh\u00f6r und Verbrauchsmaterialien","item":"https:\/\/www.electroluxprofessional.com\/de\/zubehoer-verbrauchsmaterialien\/"},{"@type":"ListItem","position":3,"name":"Zubeh\u00f6r und Verbrauchsmaterialien &#8211; Modulare K\u00fcchentechnik"}]},{"@type":"WebSite","@id":"https:\/\/www.electroluxprofessional.com\/de\/#website","url":"https:\/\/www.electroluxprofessional.com\/de\/","name":"Electrolux Professional Deutschland","description":"","potentialAction":[{"@type":"SearchAction","target":{"@type":"EntryPoint","urlTemplate":"https:\/\/www.electroluxprofessional.com\/de\/?src={search_term_string}"},"query-input":"required name=search_term_string"}],"inLanguage":"de-DE"}]}},"_links":{"self":[{"href":"https:\/\/www.electroluxprofessional.com\/de\/wp-json\/wp\/v2\/pages\/4893"}],"collection":[{"href":"https:\/\/www.electroluxprofessional.com\/de\/wp-json\/wp\/v2\/pages"}],"about":[{"href":"https:\/\/www.electroluxprofessional.com\/de\/wp-json\/wp\/v2\/types\/page"}],"author":[{"embeddable":true,"href":"https:\/\/www.electroluxprofessional.com\/de\/wp-json\/wp\/v2\/users\/5"}],"replies":[{"embeddable":true,"href":"https:\/\/www.electroluxprofessional.com\/de\/wp-json\/wp\/v2\/comments?post=4893"}],"version-history":[{"count":16,"href":"https:\/\/www.electroluxprofessional.com\/de\/wp-json\/wp\/v2\/pages\/4893\/revisions"}],"predecessor-version":[{"id":27570,"href":"https:\/\/www.electroluxprofessional.com\/de\/wp-json\/wp\/v2\/pages\/4893\/revisions\/27570"}],"up":[{"embeddable":true,"href":"https:\/\/www.electroluxprofessional.com\/de\/wp-json\/wp\/v2\/pages\/4876"}],"wp:featuredmedia":[{"embeddable":true,"href":"https:\/\/www.electroluxprofessional.com\/de\/wp-json\/wp\/v2\/media\/4888"}],"wp:attachment":[{"href":"https:\/\/www.electroluxprofessional.com\/de\/wp-json\/wp\/v2\/media?parent=4893"}],"curies":[{"name":"wp","href":"https:\/\/api.w.org\/{rel}","templated":true}]}}