{"id":4408,"date":"2018-05-09T15:33:48","date_gmt":"2018-05-09T14:33:48","guid":{"rendered":"https:\/\/www.electroluxprofessional.com\/?page_id=15376"},"modified":"2026-03-25T06:28:51","modified_gmt":"2026-03-25T05:28:51","slug":"servicevereinbarungen","status":"publish","type":"page","link":"https:\/\/www.electroluxprofessional.com\/de\/kundenservice\/servicevereinbarungen\/","title":{"rendered":"Servicevereinbarungen"},"content":{"rendered":"<p>[vc_row full_width=&#8221;electroluxpro-full-width-no-padding&#8221;][vc_column][elx_image_block background_image=&#8221;18349&#8243; minimum_height=&#8221;300px&#8221;][\/vc_column][\/vc_row][vc_row][vc_column width=&#8221;2\/3&#8243;][vc_empty_space][elx_heading font_container=&#8221;h1&#8243; font_size=&#8221;h3&#8243; text_color=&#8221;inherit&#8221;]Servicevereinbarungen[\/elx_heading][vc_empty_space][elx_heading font_container=&#8221;h3&#8243; font_size=&#8221;h5&#8243; text_color=&#8221;inherit&#8221;]Vertrauen[\/elx_heading][vc_column_text]<\/p>\n<p style=\"text-align: left;\">Der Electrolux Professional Kundenservice bietet eine Reihe von <strong>ma\u00dfgeschneiderten<\/strong> Servicepaketen, die an unseren Produkthandb\u00fcchern ausgerichtet sind, optimale Leistung, Verf\u00fcgbarkeit und Sicherheit der Ger\u00e4te gew\u00e4hrleisten und somit <strong>maximale Lebensdauer und Wirtschaftlichkeit<\/strong> garantieren.<\/p>\n<p>[\/vc_column_text][vc_empty_space][elx_heading font_container=&#8221;h3&#8243; font_size=&#8221;h5&#8243; text_color=&#8221;inherit&#8221;]Das &#8220;Base&#8221; Service-Paket[\/elx_heading][vc_column_text]<\/p>\n<p style=\"text-align: left;\">Bei allen Produktneuk\u00e4ufen ist Base zum Null-Tarif enthalten f\u00fcr Hilfe und Support bei St\u00f6rungen und Garantieleistungen. Der Zugang zur Ersatzteilversorgung sowie zum Service-Netzwerk ist selbstverst\u00e4ndlich.<\/p>\n<p>[\/vc_column_text][vc_empty_space][\/vc_column][vc_column width=&#8221;1\/3&#8243;][vc_empty_space][vc_empty_space][vc_empty_space][vc_single_image image=&#8221;4406&#8243; img_size=&#8221;full&#8221;][\/vc_column][\/vc_row][vc_row][vc_column][elx_heading font_size=&#8221;h3&#8243; text_color=&#8221;inherit&#8221;]Servicepakete*[\/elx_heading][elx_heading font_container=&#8221;h6&#8243; font_size=&#8221;h6&#8243; text_color=&#8221;inherit&#8221;]*je nach Verf\u00fcgbarkeit[\/elx_heading][vc_empty_space height=&#8221;50px&#8221;][\/vc_column][\/vc_row][vc_row][vc_column width=&#8221;1\/3&#8243;][vc_empty_space css=&#8221;.vc_custom_1519742058383{background-color: #9fb5ba !important;}&#8221;][elx_heading font_container=&#8221;h3&#8243; font_size=&#8221;h3&#8243; text_color=&#8221;electrolux-blue&#8221; css=&#8221;.vc_custom_1519741850501{background-color: #041e41 !important;}&#8221;]Performance[\/elx_heading][elx_heading font_container=&#8221;h4&#8243; font_size=&#8221;h5&#8243; text_color=&#8221;electrolux-blue&#8221;]Erh\u00f6hen Sie Ihre Standards[\/elx_heading][vc_column_text]Reduzierung ungeplanter Ausfallzeiten, Absicherung kontinuierlicher, optimaler Ger\u00e4teleistung.[\/vc_column_text][\/vc_column][vc_column width=&#8221;1\/3&#8243;][vc_empty_space css=&#8221;.vc_custom_1519742117220{background-color: #666765 !important;}&#8221;][elx_heading font_container=&#8221;h3&#8243; font_size=&#8221;h3&#8243; text_color=&#8221;electrolux-blue&#8221;]Premium[\/elx_heading][elx_heading font_container=&#8221;h4&#8243; font_size=&#8221;h5&#8243; text_color=&#8221;inherit&#8221;]Noch mehr f\u00fcr Sie[\/elx_heading][vc_column_text]Erweiterte Garantie inklusive Ersatzteile und Arbeitskosten, schnellere Reaktionszeit sowie Wartungsleistung zum j\u00e4hrlichen Festpreis. Erm\u00e4\u00dfigungen auf Zubeh\u00f6r und Verbrauchsmaterialien.[\/vc_column_text][\/vc_column][vc_column width=&#8221;1\/3&#8243;][vc_empty_space css=&#8221;.vc_custom_1519742137766{background-color: #bc8c47 !important;}&#8221;][elx_heading font_container=&#8221;h3&#8243; font_size=&#8221;h3&#8243; text_color=&#8221;electrolux-blue&#8221;]Excellence[\/elx_heading][elx_heading font_container=&#8221;h4&#8243; font_size=&#8221;h5&#8243; text_color=&#8221;inherit&#8221; css=&#8221;.vc_custom_1532436193661{background-image: url(https:\/\/www.electroluxprofessional.com\/de\/wp-content\/uploads\/2018\/02\/Excellence.jpg?id=15451) !important;}&#8221;]Sorgenfreiheit gew\u00e4hrleistet[\/elx_heading][vc_column_text]Unser h\u00f6chster Support Level: ein Komplettpaket f\u00fcr Wartungs- und erweiterte Garantie-Leistungen sowie Ma\u00dfnahmen zum Erhalt aufsichtsrechtlicher Anforderungen. Alles zum attraktiven, planbaren j\u00e4hrlichen Festpreis.[\/vc_column_text][\/vc_column][\/vc_row][vc_row][vc_column][vc_empty_space][\/vc_column][\/vc_row][vc_row][vc_column][elx_heading font_size=&#8221;h3&#8243; text_color=&#8221;inherit&#8221;]Entscheiden Sie sich jetzt f\u00fcr unsere Servicevereinbarungen[\/elx_heading][\/vc_column][\/vc_row][vc_row][vc_column width=&#8221;1\/3&#8243;][elx_download_block text=&#8221;Servicevereinbarungen Flyer herunterladen&#8221; link=&#8221;https:\/\/www.electroluxprofessional.com\/de\/wp-content\/uploads\/2022\/05\/EPR_Flyer-Servicepartner.pdf&#8221; background_color=&#8221;electrolux-blue&#8221;][\/vc_column][vc_column width=&#8221;1\/3&#8243;][elx_download_block text=&#8221;Essentia Brosch\u00fcre herunterladen&#8221; file_picker=&#8221;17778&#8243; background_color=&#8221;electrolux-blue&#8221;][\/vc_column][vc_column width=&#8221;1\/3&#8243;][\/vc_column][\/vc_row][vc_row][vc_column][elx_heading font_size=&#8221;h3&#8243; text_color=&#8221;inherit&#8221; text_align=&#8221;text-center&#8221;]Sie k\u00f6nnen uns vertrauen[\/elx_heading][vc_column_text]<\/p>\n<p style=\"text-align: center;\">Wir k\u00fcmmern uns um Sie, damit Sie sich um Ihre Arbeit k\u00fcmmern k\u00f6nnen.<\/p>\n<p>[\/vc_column_text][elx_o2000_contact_us s=&#8221;Anfrage Essentia Servicevereinbarungen&#8221; request_type=&#8221;Other&#8221; country=&#8221;Germany&#8221; container=&#8221;elxcontactus1484293813&#8243; r=&#8221;Ich w\u00fcrde gerne mehr \u00fcber die Essentia Servicevereinbarungen erfahren. Bitte kontaktieren Sie mich.&#8221; l=&#8221;de&#8221;][\/vc_column][\/vc_row][vc_row css=&#8221;.vc_custom_1525876248980{background-color: #eeeeee !important;}&#8221;][vc_column][elx_heading font_size=&#8221;h3&#8243; text_color=&#8221;inherit&#8221;]Erfahren Sie mehr \u00fcber den Essentia Kundenservice[\/elx_heading][vc_empty_space][\/vc_column][\/vc_row]<\/p>\n","protected":false},"excerpt":{"rendered":"<p>[vc_row full_width=&#8221;electroluxpro-full-width-no-padding&#8221;][vc_column][elx_image_block background_image=&#8221;18349&#8243; minimum_height=&#8221;300px&#8221;][\/vc_column][\/vc_row][vc_row][vc_column width=&#8221;2\/3&#8243;][vc_empty_space][elx_heading font_container=&#8221;h1&#8243; font_size=&#8221;h3&#8243; text_color=&#8221;inherit&#8221;]Servicevereinbarungen[\/elx_heading][vc_empty_space][elx_heading font_container=&#8221;h3&#8243; font_size=&#8221;h5&#8243; text_color=&#8221;inherit&#8221;]Vertrauen[\/elx_heading][vc_column_text] Der Electrolux Professional Kundenservice bietet eine Reihe von ma\u00dfgeschneiderten Servicepaketen, die an unseren Produkthandb\u00fcchern ausgerichtet sind, optimale Leistung, Verf\u00fcgbarkeit und Sicherheit der Ger\u00e4te gew\u00e4hrleisten und somit maximale Lebensdauer und Wirtschaftlichkeit garantieren. [\/vc_column_text][vc_empty_space][elx_heading font_container=&#8221;h3&#8243; font_size=&#8221;h5&#8243; text_color=&#8221;inherit&#8221;]Das &#8220;Base&#8221; Service-Paket[\/elx_heading][vc_column_text] Bei allen Produktneuk\u00e4ufen ist Base zum Null-Tarif [&hellip;]<\/p>\n","protected":false},"author":5,"featured_media":4404,"parent":4331,"menu_order":0,"comment_status":"closed","ping_status":"closed","template":"","meta":{"footnotes":""},"class_list":["post-4408","page","type-page","status-publish","has-post-thumbnail","hentry"],"acf":[],"yoast_head":"<!-- This site is optimized with the Yoast SEO plugin v23.3 - https:\/\/yoast.com\/wordpress\/plugins\/seo\/ -->\n<title>Servicevereinbarungen | Electrolux Professional<\/title>\n<meta name=\"description\" content=\"Essentia Kundenservice bietet eine Reihe ma\u00dfgeschneiderter Servicevereinbarungspakete f\u00fcr Ihre L\u00f6sungen von Electrolux Professional.\" \/>\n<meta name=\"robots\" content=\"index, follow, max-snippet:-1, max-image-preview:large, max-video-preview:-1\" \/>\n<link rel=\"canonical\" href=\"https:\/\/www.electroluxprofessional.com\/de\/kundenservice\/servicevereinbarungen\/\" \/>\n<meta property=\"og:locale\" content=\"de_DE\" \/>\n<meta property=\"og:type\" content=\"article\" \/>\n<meta property=\"og:title\" content=\"Servicevereinbarungen | Electrolux Professional\" \/>\n<meta property=\"og:description\" content=\"Essentia Kundenservice bietet eine Reihe ma\u00dfgeschneiderter Servicevereinbarungspakete f\u00fcr Ihre L\u00f6sungen von Electrolux Professional.\" \/>\n<meta property=\"og:url\" content=\"https:\/\/www.electroluxprofessional.com\/de\/kundenservice\/servicevereinbarungen\/\" \/>\n<meta property=\"og:site_name\" content=\"Electrolux Professional Deutschland\" \/>\n<meta property=\"article:modified_time\" content=\"2026-03-25T05:28:51+00:00\" \/>\n<meta property=\"og:image\" content=\"https:\/\/www.electroluxprofessional.com\/de\/wp-content\/uploads\/2017\/01\/cutomer-care-4.jpg\" \/>\n\t<meta property=\"og:image:width\" content=\"2000\" \/>\n\t<meta property=\"og:image:height\" content=\"1691\" \/>\n\t<meta property=\"og:image:type\" content=\"image\/jpeg\" \/>\n<meta name=\"twitter:card\" content=\"summary_large_image\" \/>\n<meta name=\"twitter:label1\" content=\"Gesch\u00e4tzte Lesezeit\" \/>\n\t<meta name=\"twitter:data1\" content=\"2 Minuten\" \/>\n<script type=\"application\/ld+json\" class=\"yoast-schema-graph\">{\"@context\":\"https:\/\/schema.org\",\"@graph\":[{\"@type\":\"WebPage\",\"@id\":\"https:\/\/www.electroluxprofessional.com\/de\/kundenservice\/servicevereinbarungen\/\",\"url\":\"https:\/\/www.electroluxprofessional.com\/de\/kundenservice\/servicevereinbarungen\/\",\"name\":\"Servicevereinbarungen | Electrolux Professional\",\"isPartOf\":{\"@id\":\"https:\/\/www.electroluxprofessional.com\/de\/#website\"},\"primaryImageOfPage\":{\"@id\":\"https:\/\/www.electroluxprofessional.com\/de\/kundenservice\/servicevereinbarungen\/#primaryimage\"},\"image\":{\"@id\":\"https:\/\/www.electroluxprofessional.com\/de\/kundenservice\/servicevereinbarungen\/#primaryimage\"},\"thumbnailUrl\":\"https:\/\/www.electroluxprofessional.com\/de\/wp-content\/uploads\/2017\/01\/cutomer-care-4.jpg\",\"datePublished\":\"2018-05-09T14:33:48+00:00\",\"dateModified\":\"2026-03-25T05:28:51+00:00\",\"description\":\"Essentia Kundenservice bietet eine Reihe ma\u00dfgeschneiderter Servicevereinbarungspakete f\u00fcr Ihre L\u00f6sungen von Electrolux Professional.\",\"breadcrumb\":{\"@id\":\"https:\/\/www.electroluxprofessional.com\/de\/kundenservice\/servicevereinbarungen\/#breadcrumb\"},\"inLanguage\":\"de-DE\",\"potentialAction\":[{\"@type\":\"ReadAction\",\"target\":[\"https:\/\/www.electroluxprofessional.com\/de\/kundenservice\/servicevereinbarungen\/\"]}]},{\"@type\":\"ImageObject\",\"inLanguage\":\"de-DE\",\"@id\":\"https:\/\/www.electroluxprofessional.com\/de\/kundenservice\/servicevereinbarungen\/#primaryimage\",\"url\":\"https:\/\/www.electroluxprofessional.com\/de\/wp-content\/uploads\/2017\/01\/cutomer-care-4.jpg\",\"contentUrl\":\"https:\/\/www.electroluxprofessional.com\/de\/wp-content\/uploads\/2017\/01\/cutomer-care-4.jpg\",\"width\":2000,\"height\":1691,\"caption\":\"customer care service electrolux professional\"},{\"@type\":\"BreadcrumbList\",\"@id\":\"https:\/\/www.electroluxprofessional.com\/de\/kundenservice\/servicevereinbarungen\/#breadcrumb\",\"itemListElement\":[{\"@type\":\"ListItem\",\"position\":1,\"name\":\"Startseite\",\"item\":\"https:\/\/www.electroluxprofessional.com\/de\/\"},{\"@type\":\"ListItem\",\"position\":2,\"name\":\"Kundenservice\",\"item\":\"https:\/\/www.electroluxprofessional.com\/de\/kundenservice\/\"},{\"@type\":\"ListItem\",\"position\":3,\"name\":\"Servicevereinbarungen\"}]},{\"@type\":\"WebSite\",\"@id\":\"https:\/\/www.electroluxprofessional.com\/de\/#website\",\"url\":\"https:\/\/www.electroluxprofessional.com\/de\/\",\"name\":\"Electrolux Professional Deutschland\",\"description\":\"\",\"potentialAction\":[{\"@type\":\"SearchAction\",\"target\":{\"@type\":\"EntryPoint\",\"urlTemplate\":\"https:\/\/www.electroluxprofessional.com\/de\/?src={search_term_string}\"},\"query-input\":\"required name=search_term_string\"}],\"inLanguage\":\"de-DE\"}]}<\/script>\n<!-- \/ Yoast SEO plugin. -->","yoast_head_json":{"title":"Servicevereinbarungen | Electrolux Professional","description":"Essentia Kundenservice bietet eine Reihe ma\u00dfgeschneiderter Servicevereinbarungspakete f\u00fcr Ihre L\u00f6sungen von Electrolux Professional.","robots":{"index":"index","follow":"follow","max-snippet":"max-snippet:-1","max-image-preview":"max-image-preview:large","max-video-preview":"max-video-preview:-1"},"canonical":"https:\/\/www.electroluxprofessional.com\/de\/kundenservice\/servicevereinbarungen\/","og_locale":"de_DE","og_type":"article","og_title":"Servicevereinbarungen | Electrolux Professional","og_description":"Essentia Kundenservice bietet eine Reihe ma\u00dfgeschneiderter Servicevereinbarungspakete f\u00fcr Ihre L\u00f6sungen von Electrolux Professional.","og_url":"https:\/\/www.electroluxprofessional.com\/de\/kundenservice\/servicevereinbarungen\/","og_site_name":"Electrolux Professional Deutschland","article_modified_time":"2026-03-25T05:28:51+00:00","og_image":[{"width":2000,"height":1691,"url":"https:\/\/www.electroluxprofessional.com\/de\/wp-content\/uploads\/2017\/01\/cutomer-care-4.jpg","type":"image\/jpeg"}],"twitter_card":"summary_large_image","twitter_misc":{"Gesch\u00e4tzte Lesezeit":"2 Minuten"},"schema":{"@context":"https:\/\/schema.org","@graph":[{"@type":"WebPage","@id":"https:\/\/www.electroluxprofessional.com\/de\/kundenservice\/servicevereinbarungen\/","url":"https:\/\/www.electroluxprofessional.com\/de\/kundenservice\/servicevereinbarungen\/","name":"Servicevereinbarungen | Electrolux Professional","isPartOf":{"@id":"https:\/\/www.electroluxprofessional.com\/de\/#website"},"primaryImageOfPage":{"@id":"https:\/\/www.electroluxprofessional.com\/de\/kundenservice\/servicevereinbarungen\/#primaryimage"},"image":{"@id":"https:\/\/www.electroluxprofessional.com\/de\/kundenservice\/servicevereinbarungen\/#primaryimage"},"thumbnailUrl":"https:\/\/www.electroluxprofessional.com\/de\/wp-content\/uploads\/2017\/01\/cutomer-care-4.jpg","datePublished":"2018-05-09T14:33:48+00:00","dateModified":"2026-03-25T05:28:51+00:00","description":"Essentia Kundenservice bietet eine Reihe ma\u00dfgeschneiderter Servicevereinbarungspakete f\u00fcr Ihre L\u00f6sungen von Electrolux Professional.","breadcrumb":{"@id":"https:\/\/www.electroluxprofessional.com\/de\/kundenservice\/servicevereinbarungen\/#breadcrumb"},"inLanguage":"de-DE","potentialAction":[{"@type":"ReadAction","target":["https:\/\/www.electroluxprofessional.com\/de\/kundenservice\/servicevereinbarungen\/"]}]},{"@type":"ImageObject","inLanguage":"de-DE","@id":"https:\/\/www.electroluxprofessional.com\/de\/kundenservice\/servicevereinbarungen\/#primaryimage","url":"https:\/\/www.electroluxprofessional.com\/de\/wp-content\/uploads\/2017\/01\/cutomer-care-4.jpg","contentUrl":"https:\/\/www.electroluxprofessional.com\/de\/wp-content\/uploads\/2017\/01\/cutomer-care-4.jpg","width":2000,"height":1691,"caption":"customer care service electrolux professional"},{"@type":"BreadcrumbList","@id":"https:\/\/www.electroluxprofessional.com\/de\/kundenservice\/servicevereinbarungen\/#breadcrumb","itemListElement":[{"@type":"ListItem","position":1,"name":"Startseite","item":"https:\/\/www.electroluxprofessional.com\/de\/"},{"@type":"ListItem","position":2,"name":"Kundenservice","item":"https:\/\/www.electroluxprofessional.com\/de\/kundenservice\/"},{"@type":"ListItem","position":3,"name":"Servicevereinbarungen"}]},{"@type":"WebSite","@id":"https:\/\/www.electroluxprofessional.com\/de\/#website","url":"https:\/\/www.electroluxprofessional.com\/de\/","name":"Electrolux Professional Deutschland","description":"","potentialAction":[{"@type":"SearchAction","target":{"@type":"EntryPoint","urlTemplate":"https:\/\/www.electroluxprofessional.com\/de\/?src={search_term_string}"},"query-input":"required name=search_term_string"}],"inLanguage":"de-DE"}]}},"_links":{"self":[{"href":"https:\/\/www.electroluxprofessional.com\/de\/wp-json\/wp\/v2\/pages\/4408"}],"collection":[{"href":"https:\/\/www.electroluxprofessional.com\/de\/wp-json\/wp\/v2\/pages"}],"about":[{"href":"https:\/\/www.electroluxprofessional.com\/de\/wp-json\/wp\/v2\/types\/page"}],"author":[{"embeddable":true,"href":"https:\/\/www.electroluxprofessional.com\/de\/wp-json\/wp\/v2\/users\/5"}],"replies":[{"embeddable":true,"href":"https:\/\/www.electroluxprofessional.com\/de\/wp-json\/wp\/v2\/comments?post=4408"}],"version-history":[{"count":8,"href":"https:\/\/www.electroluxprofessional.com\/de\/wp-json\/wp\/v2\/pages\/4408\/revisions"}],"predecessor-version":[{"id":27580,"href":"https:\/\/www.electroluxprofessional.com\/de\/wp-json\/wp\/v2\/pages\/4408\/revisions\/27580"}],"up":[{"embeddable":true,"href":"https:\/\/www.electroluxprofessional.com\/de\/wp-json\/wp\/v2\/pages\/4331"}],"wp:featuredmedia":[{"embeddable":true,"href":"https:\/\/www.electroluxprofessional.com\/de\/wp-json\/wp\/v2\/media\/4404"}],"wp:attachment":[{"href":"https:\/\/www.electroluxprofessional.com\/de\/wp-json\/wp\/v2\/media?parent=4408"}],"curies":[{"name":"wp","href":"https:\/\/api.w.org\/{rel}","templated":true}]}}