{"id":3726,"date":"2017-08-03T13:19:59","date_gmt":"2017-08-03T13:19:59","guid":{"rendered":"https:\/\/www.electroluxprofessional.com\/de\/?page_id=3726"},"modified":"2026-03-24T15:18:00","modified_gmt":"2026-03-24T14:18:00","slug":"professionelle-hygienepruefung","status":"publish","type":"page","link":"https:\/\/www.electroluxprofessional.com\/de\/branchenloesungen\/professionelle-hygienepruefung\/","title":{"rendered":"Professionelle Hygienepr\u00fcfung"},"content":{"rendered":"<p>[vc_row full_width=&#8221;electroluxpro-full-width-no-padding&#8221;][vc_column][elx_hero_slider text_position=&#8221;hero_slider_text_align_center&#8221; label_text_color=&#8221;inherit&#8221; images=&#8221;2376&#8243;][elx_heading font_container=&#8221;h1&#8243; font_size=&#8221;h2&#8243; text_color=&#8221;inherit&#8221;]Professionelle Hygienepr\u00fcfung[\/elx_heading][elx_heading font_container=&#8221;h3&#8243; font_size=&#8221;h3&#8243; text_color=&#8221;inherit&#8221;]Verantwortung \u00fcbernehmen gegen\u00fcber Kunden und Patienten[\/elx_heading][\/elx_hero_slider][\/vc_column][\/vc_row][vc_row][vc_column width=&#8221;2\/3&#8243;][vc_empty_space][vc_column_text]Jede W\u00e4scherei tr\u00e4gt eine hohe Verantwortung gegen\u00fcber ihren Kunden bzw. Patienten, denn nur hygienisch einwandfreie W\u00e4sche darf in Umlauf gebracht werden. Somit ergibt sich zwangsl\u00e4ufig die Notwendigkeit zur Hygienepr\u00fcfung der eingesetzten Maschinen und Anschl\u00fcsse. Ein j\u00e4hrlicher Wirksamkeitsnachweis der Desinfektionsleistung des Waschprozesses von infektionsverd\u00e4chtiger W\u00e4sche fordern aus diesem Anlass Richtlinien sowie Vorgaben von RKI (Robert Koch Institut) sowie dem VAH (Verbund f\u00fcr Angewandte Hygiene).[\/vc_column_text][vc_empty_space height=&#8221;50px&#8221;][\/vc_column][vc_column width=&#8221;1\/3&#8243;][vc_empty_space][vc_single_image image=&#8221;3727&#8243; img_size=&#8221;medium&#8221;][\/vc_column][\/vc_row][vc_row][vc_column][vc_column_text]<\/p>\n<h2><strong>Electrolux Professional bietet daher zwei Standardprozesse f\u00fcr die Ausf\u00fchrung der entsprechenden Pr\u00fcfungen an:<\/strong><\/h2>\n<p>[\/vc_column_text][\/vc_column][\/vc_row][vc_row][vc_column width=&#8221;1\/4&#8243;][vc_empty_space][\/vc_column][vc_column width=&#8221;1\/4&#8243;][elx_maylike_box id_box=&#8221;3719&#8243;][\/vc_column][vc_column width=&#8221;1\/4&#8243;][elx_maylike_box id_box=&#8221;3745&#8243;][\/vc_column][vc_column width=&#8221;1\/4&#8243;][vc_empty_space][\/vc_column][\/vc_row][vc_row][vc_column][vc_empty_space height=&#8221;50px&#8221;][\/vc_column][\/vc_row][vc_row][vc_column][elx_heading text_color=&#8221;inherit&#8221; text_align=&#8221;text-center&#8221;]Finden Sie heraus, wie wir Sie unterst\u00fctzen k\u00f6nnen[\/elx_heading][elx_o2000_contact_us s=&#8221;Anfrage Care&#8221; request_type=&#8221;Other&#8221; country=&#8221;Germany&#8221; container=&#8221;elxcontactus1480954061&#8243; r=&#8221;Ich w\u00fcrde gerne mehr \u00fcber Ihre L\u00f6sungen erfahren. Bitte kontaktieren Sie mich.&#8221; l=&#8221;de&#8221;][vc_empty_space height=&#8221;50px&#8221;][\/vc_column][\/vc_row]<\/p>\n","protected":false},"excerpt":{"rendered":"<p>[vc_row full_width=&#8221;electroluxpro-full-width-no-padding&#8221;][vc_column][elx_hero_slider text_position=&#8221;hero_slider_text_align_center&#8221; label_text_color=&#8221;inherit&#8221; images=&#8221;2376&#8243;][elx_heading font_container=&#8221;h1&#8243; font_size=&#8221;h2&#8243; text_color=&#8221;inherit&#8221;]Professionelle Hygienepr\u00fcfung[\/elx_heading][elx_heading font_container=&#8221;h3&#8243; font_size=&#8221;h3&#8243; text_color=&#8221;inherit&#8221;]Verantwortung \u00fcbernehmen gegen\u00fcber Kunden und Patienten[\/elx_heading][\/elx_hero_slider][\/vc_column][\/vc_row][vc_row][vc_column width=&#8221;2\/3&#8243;][vc_empty_space][vc_column_text]Jede W\u00e4scherei tr\u00e4gt eine hohe Verantwortung gegen\u00fcber ihren Kunden bzw. Patienten, denn nur hygienisch einwandfreie W\u00e4sche darf in Umlauf gebracht werden. Somit ergibt sich zwangsl\u00e4ufig die Notwendigkeit zur Hygienepr\u00fcfung der eingesetzten Maschinen und Anschl\u00fcsse. Ein j\u00e4hrlicher Wirksamkeitsnachweis der [&hellip;]<\/p>\n","protected":false},"author":5,"featured_media":2376,"parent":811,"menu_order":0,"comment_status":"closed","ping_status":"closed","template":"","meta":{"footnotes":""},"class_list":["post-3726","page","type-page","status-publish","has-post-thumbnail","hentry"],"acf":[],"yoast_head":"<!-- This site is optimized with the Yoast SEO plugin v23.3 - https:\/\/yoast.com\/wordpress\/plugins\/seo\/ -->\n<title>Hygienepr\u00fcfung in Pflegeeinrichtungen | Electrolux Professional<\/title>\n<meta name=\"description\" content=\"Ob mikrobiologische oder thermoelekrische Hygienepr\u00fcfung, Electrolux Professional bietet Ihnen das was Sie brauchen. Informieren Sie sich hier\" \/>\n<meta name=\"robots\" content=\"index, follow, max-snippet:-1, max-image-preview:large, max-video-preview:-1\" \/>\n<link rel=\"canonical\" href=\"https:\/\/www.electroluxprofessional.com\/de\/branchenloesungen\/professionelle-hygienepruefung\/\" \/>\n<meta property=\"og:locale\" content=\"de_DE\" \/>\n<meta property=\"og:type\" content=\"article\" \/>\n<meta property=\"og:title\" content=\"Hygienepr\u00fcfung in Pflegeeinrichtungen | Electrolux Professional\" \/>\n<meta property=\"og:description\" content=\"Ob mikrobiologische oder thermoelekrische Hygienepr\u00fcfung, Electrolux Professional bietet Ihnen das was Sie brauchen. Informieren Sie sich hier\" \/>\n<meta property=\"og:url\" content=\"https:\/\/www.electroluxprofessional.com\/de\/branchenloesungen\/professionelle-hygienepruefung\/\" \/>\n<meta property=\"og:site_name\" content=\"Electrolux Professional Deutschland\" \/>\n<meta property=\"article:modified_time\" content=\"2026-03-24T14:18:00+00:00\" \/>\n<meta property=\"og:image\" content=\"https:\/\/www.electroluxprofessional.com\/de\/wp-content\/uploads\/2017\/01\/IMG_5144-ok.jpg\" \/>\n\t<meta property=\"og:image:width\" content=\"2000\" \/>\n\t<meta property=\"og:image:height\" content=\"1340\" \/>\n\t<meta property=\"og:image:type\" content=\"image\/jpeg\" \/>\n<meta name=\"twitter:card\" content=\"summary_large_image\" \/>\n<meta name=\"twitter:label1\" content=\"Gesch\u00e4tzte Lesezeit\" \/>\n\t<meta name=\"twitter:data1\" content=\"2 Minuten\" \/>\n<script type=\"application\/ld+json\" class=\"yoast-schema-graph\">{\"@context\":\"https:\/\/schema.org\",\"@graph\":[{\"@type\":\"WebPage\",\"@id\":\"https:\/\/www.electroluxprofessional.com\/de\/branchenloesungen\/professionelle-hygienepruefung\/\",\"url\":\"https:\/\/www.electroluxprofessional.com\/de\/branchenloesungen\/professionelle-hygienepruefung\/\",\"name\":\"Hygienepr\u00fcfung in Pflegeeinrichtungen | Electrolux Professional\",\"isPartOf\":{\"@id\":\"https:\/\/www.electroluxprofessional.com\/de\/#website\"},\"primaryImageOfPage\":{\"@id\":\"https:\/\/www.electroluxprofessional.com\/de\/branchenloesungen\/professionelle-hygienepruefung\/#primaryimage\"},\"image\":{\"@id\":\"https:\/\/www.electroluxprofessional.com\/de\/branchenloesungen\/professionelle-hygienepruefung\/#primaryimage\"},\"thumbnailUrl\":\"https:\/\/www.electroluxprofessional.com\/de\/wp-content\/uploads\/2017\/01\/IMG_5144-ok.jpg\",\"datePublished\":\"2017-08-03T13:19:59+00:00\",\"dateModified\":\"2026-03-24T14:18:00+00:00\",\"description\":\"Ob mikrobiologische oder thermoelekrische Hygienepr\u00fcfung, Electrolux Professional bietet Ihnen das was Sie brauchen. Informieren Sie sich hier\",\"breadcrumb\":{\"@id\":\"https:\/\/www.electroluxprofessional.com\/de\/branchenloesungen\/professionelle-hygienepruefung\/#breadcrumb\"},\"inLanguage\":\"de-DE\",\"potentialAction\":[{\"@type\":\"ReadAction\",\"target\":[\"https:\/\/www.electroluxprofessional.com\/de\/branchenloesungen\/professionelle-hygienepruefung\/\"]}]},{\"@type\":\"ImageObject\",\"inLanguage\":\"de-DE\",\"@id\":\"https:\/\/www.electroluxprofessional.com\/de\/branchenloesungen\/professionelle-hygienepruefung\/#primaryimage\",\"url\":\"https:\/\/www.electroluxprofessional.com\/de\/wp-content\/uploads\/2017\/01\/IMG_5144-ok.jpg\",\"contentUrl\":\"https:\/\/www.electroluxprofessional.com\/de\/wp-content\/uploads\/2017\/01\/IMG_5144-ok.jpg\",\"width\":2000,\"height\":1340,\"caption\":\"Gewerbliche Trennwand-Waschmaschinen von Electrolux Professional in der W\u00e4scherei der Kinik Sainte-Elisabeth\"},{\"@type\":\"BreadcrumbList\",\"@id\":\"https:\/\/www.electroluxprofessional.com\/de\/branchenloesungen\/professionelle-hygienepruefung\/#breadcrumb\",\"itemListElement\":[{\"@type\":\"ListItem\",\"position\":1,\"name\":\"Startseite\",\"item\":\"https:\/\/www.electroluxprofessional.com\/de\/\"},{\"@type\":\"ListItem\",\"position\":2,\"name\":\"Branchenl\u00f6sungen\",\"item\":\"https:\/\/www.electroluxprofessional.com\/de\/branchenloesungen\/\"},{\"@type\":\"ListItem\",\"position\":3,\"name\":\"Professionelle Hygienepr\u00fcfung\"}]},{\"@type\":\"WebSite\",\"@id\":\"https:\/\/www.electroluxprofessional.com\/de\/#website\",\"url\":\"https:\/\/www.electroluxprofessional.com\/de\/\",\"name\":\"Electrolux Professional Deutschland\",\"description\":\"\",\"potentialAction\":[{\"@type\":\"SearchAction\",\"target\":{\"@type\":\"EntryPoint\",\"urlTemplate\":\"https:\/\/www.electroluxprofessional.com\/de\/?src={search_term_string}\"},\"query-input\":\"required name=search_term_string\"}],\"inLanguage\":\"de-DE\"}]}<\/script>\n<!-- \/ Yoast SEO plugin. -->","yoast_head_json":{"title":"Hygienepr\u00fcfung in Pflegeeinrichtungen | Electrolux Professional","description":"Ob mikrobiologische oder thermoelekrische Hygienepr\u00fcfung, Electrolux Professional bietet Ihnen das was Sie brauchen. Informieren Sie sich hier","robots":{"index":"index","follow":"follow","max-snippet":"max-snippet:-1","max-image-preview":"max-image-preview:large","max-video-preview":"max-video-preview:-1"},"canonical":"https:\/\/www.electroluxprofessional.com\/de\/branchenloesungen\/professionelle-hygienepruefung\/","og_locale":"de_DE","og_type":"article","og_title":"Hygienepr\u00fcfung in Pflegeeinrichtungen | Electrolux Professional","og_description":"Ob mikrobiologische oder thermoelekrische Hygienepr\u00fcfung, Electrolux Professional bietet Ihnen das was Sie brauchen. Informieren Sie sich hier","og_url":"https:\/\/www.electroluxprofessional.com\/de\/branchenloesungen\/professionelle-hygienepruefung\/","og_site_name":"Electrolux Professional Deutschland","article_modified_time":"2026-03-24T14:18:00+00:00","og_image":[{"width":2000,"height":1340,"url":"https:\/\/www.electroluxprofessional.com\/de\/wp-content\/uploads\/2017\/01\/IMG_5144-ok.jpg","type":"image\/jpeg"}],"twitter_card":"summary_large_image","twitter_misc":{"Gesch\u00e4tzte Lesezeit":"2 Minuten"},"schema":{"@context":"https:\/\/schema.org","@graph":[{"@type":"WebPage","@id":"https:\/\/www.electroluxprofessional.com\/de\/branchenloesungen\/professionelle-hygienepruefung\/","url":"https:\/\/www.electroluxprofessional.com\/de\/branchenloesungen\/professionelle-hygienepruefung\/","name":"Hygienepr\u00fcfung in Pflegeeinrichtungen | Electrolux Professional","isPartOf":{"@id":"https:\/\/www.electroluxprofessional.com\/de\/#website"},"primaryImageOfPage":{"@id":"https:\/\/www.electroluxprofessional.com\/de\/branchenloesungen\/professionelle-hygienepruefung\/#primaryimage"},"image":{"@id":"https:\/\/www.electroluxprofessional.com\/de\/branchenloesungen\/professionelle-hygienepruefung\/#primaryimage"},"thumbnailUrl":"https:\/\/www.electroluxprofessional.com\/de\/wp-content\/uploads\/2017\/01\/IMG_5144-ok.jpg","datePublished":"2017-08-03T13:19:59+00:00","dateModified":"2026-03-24T14:18:00+00:00","description":"Ob mikrobiologische oder thermoelekrische Hygienepr\u00fcfung, Electrolux Professional bietet Ihnen das was Sie brauchen. Informieren Sie sich hier","breadcrumb":{"@id":"https:\/\/www.electroluxprofessional.com\/de\/branchenloesungen\/professionelle-hygienepruefung\/#breadcrumb"},"inLanguage":"de-DE","potentialAction":[{"@type":"ReadAction","target":["https:\/\/www.electroluxprofessional.com\/de\/branchenloesungen\/professionelle-hygienepruefung\/"]}]},{"@type":"ImageObject","inLanguage":"de-DE","@id":"https:\/\/www.electroluxprofessional.com\/de\/branchenloesungen\/professionelle-hygienepruefung\/#primaryimage","url":"https:\/\/www.electroluxprofessional.com\/de\/wp-content\/uploads\/2017\/01\/IMG_5144-ok.jpg","contentUrl":"https:\/\/www.electroluxprofessional.com\/de\/wp-content\/uploads\/2017\/01\/IMG_5144-ok.jpg","width":2000,"height":1340,"caption":"Gewerbliche Trennwand-Waschmaschinen von Electrolux Professional in der W\u00e4scherei der Kinik Sainte-Elisabeth"},{"@type":"BreadcrumbList","@id":"https:\/\/www.electroluxprofessional.com\/de\/branchenloesungen\/professionelle-hygienepruefung\/#breadcrumb","itemListElement":[{"@type":"ListItem","position":1,"name":"Startseite","item":"https:\/\/www.electroluxprofessional.com\/de\/"},{"@type":"ListItem","position":2,"name":"Branchenl\u00f6sungen","item":"https:\/\/www.electroluxprofessional.com\/de\/branchenloesungen\/"},{"@type":"ListItem","position":3,"name":"Professionelle Hygienepr\u00fcfung"}]},{"@type":"WebSite","@id":"https:\/\/www.electroluxprofessional.com\/de\/#website","url":"https:\/\/www.electroluxprofessional.com\/de\/","name":"Electrolux Professional Deutschland","description":"","potentialAction":[{"@type":"SearchAction","target":{"@type":"EntryPoint","urlTemplate":"https:\/\/www.electroluxprofessional.com\/de\/?src={search_term_string}"},"query-input":"required name=search_term_string"}],"inLanguage":"de-DE"}]}},"_links":{"self":[{"href":"https:\/\/www.electroluxprofessional.com\/de\/wp-json\/wp\/v2\/pages\/3726"}],"collection":[{"href":"https:\/\/www.electroluxprofessional.com\/de\/wp-json\/wp\/v2\/pages"}],"about":[{"href":"https:\/\/www.electroluxprofessional.com\/de\/wp-json\/wp\/v2\/types\/page"}],"author":[{"embeddable":true,"href":"https:\/\/www.electroluxprofessional.com\/de\/wp-json\/wp\/v2\/users\/5"}],"replies":[{"embeddable":true,"href":"https:\/\/www.electroluxprofessional.com\/de\/wp-json\/wp\/v2\/comments?post=3726"}],"version-history":[{"count":10,"href":"https:\/\/www.electroluxprofessional.com\/de\/wp-json\/wp\/v2\/pages\/3726\/revisions"}],"predecessor-version":[{"id":27532,"href":"https:\/\/www.electroluxprofessional.com\/de\/wp-json\/wp\/v2\/pages\/3726\/revisions\/27532"}],"up":[{"embeddable":true,"href":"https:\/\/www.electroluxprofessional.com\/de\/wp-json\/wp\/v2\/pages\/811"}],"wp:featuredmedia":[{"embeddable":true,"href":"https:\/\/www.electroluxprofessional.com\/de\/wp-json\/wp\/v2\/media\/2376"}],"wp:attachment":[{"href":"https:\/\/www.electroluxprofessional.com\/de\/wp-json\/wp\/v2\/media?parent=3726"}],"curies":[{"name":"wp","href":"https:\/\/api.w.org\/{rel}","templated":true}]}}