{"id":3715,"date":"2017-08-02T14:30:24","date_gmt":"2017-08-02T14:30:24","guid":{"rendered":"https:\/\/www.electroluxprofessional.com\/de\/?page_id=3715"},"modified":"2023-07-07T13:49:15","modified_gmt":"2023-07-07T13:49:15","slug":"mikrobiologische-kontrolle","status":"publish","type":"page","link":"https:\/\/www.electroluxprofessional.com\/de\/branchenloesungen\/care\/mikrobiologische-kontrolle\/","title":{"rendered":"Mikrobiologische Kontrolle"},"content":{"rendered":"<p>[vc_row full_width=&#8221;electroluxpro-full-width-no-padding&#8221;][vc_column][elx_hero_slider text_position=&#8221;hero_slider_text_align_center&#8221; label_text_color=&#8221;inherit&#8221; images=&#8221;2376&#8243;][elx_heading font_container=&#8221;h1&#8243; text_color=&#8221;inherit&#8221;]Mikrobio-<br \/>\nlogische Kontrolle[\/elx_heading][elx_heading font_size=&#8221;h3&#8243; text_color=&#8221;inherit&#8221;]Keim-<br \/>\nreduzierung im Waschprozess[\/elx_heading][\/elx_hero_slider][\/vc_column][\/vc_row][vc_row][vc_column][vc_empty_space][vc_column_text]<\/p>\n<h2>Prozessverfahren<\/h2>\n<p>Hierbei wird die durch den Waschprozess erreichte Keimreduzierung, d.h. also die tats\u00e4chliche Desinfektionsleistung \u00fcberpr\u00fcft. Die nachzuweisende Keimreduzierung\u00a0<strong>\u201eLog7\u201c<\/strong> ist in Deutschland sowie anderen L\u00e4ndern Europas, die hierbei zu erreichende Zielgr\u00f6\u00dfe f\u00fcr den Waschprozess. Es existieren unterschiedliche mikrobiologische Verfahren und Testmethoden als Wirksamkeitsnachweis des angewendeten Desinfektionsverfahrens: Einsatz von Bioindikatoren (beimpfte Baumwoll\u00e4ppchen), Mikrobiologische Wasseranalyse (z.B. letztes Sp\u00fclbad) und RODAC-Verfahren (Hygiene von L\u00fcftungsanlagen und Klimager\u00e4ten). Diese sollten j\u00e4hrlich durchgef\u00fchrt werden.<\/p>\n<p>Aufgrund der Einfachheit des Prozesses ohne Risiko der Kontamination von Mensch oder Maschine und der\u00a0<strong>niedrigen Logistik-Anforderungen (keine K\u00fchlung erforderlich)<\/strong>\u00a0wird \u00fcber das Servicepartner Netzwerk das Verfahren mit Einsatz von geschlossenen Bioindikatoren angeboten und umgesetzt.<\/p>\n<p><strong>Empfohlen wird dieses Verfahren auch von mehreren unabh\u00e4ngigen Laboren, da diese geschlossene Methode aufgrund des einfacheren Handlings, der genaueren Ergebnisse und der ausgeschlossenen Kontaminationsgefahr, der offenen Methode vorzuziehen ist.<\/strong><\/p>\n<p>Geeignete Bioindikatoren beinhalten Baumwolll\u00e4ppchen, die f\u00fcr die Pr\u00fcfung unter strikten Prozessvorgaben mit einer ausreichenden Menge von Mikroorganismen\u00a0(Ent facium und Staph. aureus nach RKI und VAH) und Blut kontaminiert und anschlie\u00dfend getrocknet wurden. Nach dem Einsatz der Bioindikatoren in der Waschmaschine wird beim zertifizierten Dienstleister kontrolliert und nachgehalten, wie hoch die erzielte Reduktionsrate der Keime ist.<\/p>\n<h2>Dokumentation und Normen<\/h2>\n<p>Das von uns im Nachgang zur Pr\u00fcfung f\u00fcr die Auswertung und Aufbereitung der Pr\u00fcfergebnisse eingesetzte Unternehmen &#8211; mit einem Vierteljahrhundert Erfahrung im Bereich der Desinfektionspr\u00fcfungen &#8211; hat den verwendeten Bioindikator in Zusammenarbeit mit dem Institut f\u00fcr Hygiene der medizinischen Universit\u00e4t zu L\u00fcbeck nach wissenschaftlichen Standards entwickelt .\u00a0<strong>Der Bioindikator unterliegt einer st\u00e4ndigen Qualit\u00e4ts &#8211; und Fertigungskontrolle auf der Grundlage der internationalen Norm DIN EN ISO 9001 und DIN EN ISO 14001.<\/strong><\/p>\n<p>Nach der Pr\u00fcfung erhalten Sie einen\u00a0<strong>Untersuchungsbericht der mikrobiologischen Ergebnisse sowie eine umfangreiche Dokumentation des Messprotokolls der thermoelektrischen Pr\u00fcfung<\/strong>\u00a0(sofern diese durchgef\u00fchrt wurde).[\/vc_column_text][\/vc_column][\/vc_row][vc_row][vc_column][vc_empty_space height=&#8221;50px&#8221;][\/vc_column][\/vc_row][vc_row][vc_column width=&#8221;1\/3&#8243;][elx_maylike_box id_box=&#8221;738&#8243;][\/vc_column][vc_column width=&#8221;1\/3&#8243;][elx_maylike_box id_box=&#8221;398&#8243;][\/vc_column][vc_column width=&#8221;1\/3&#8243;][elx_maylike_box id_box=&#8221;3745&#8243;][\/vc_column][\/vc_row][vc_row][vc_column][vc_empty_space height=&#8221;50px&#8221;][\/vc_column][\/vc_row][vc_row][vc_column][elx_heading text_color=&#8221;inherit&#8221; text_align=&#8221;text-center&#8221;]Finden Sie heraus, wie wir Sie unterst\u00fctzen k\u00f6nnen[\/elx_heading][elx_o2000_contact_us s=&#8221;Anfrage Care&#8221; country=&#8221;Germany&#8221; container=&#8221;elxcontactus1480954061&#8243; r=&#8221;Ich w\u00fcrde gerne mehr \u00fcber Ihre L\u00f6sungen erfahren. Bitte kontaktieren Sie mich.&#8221; l=&#8221;de&#8221;][vc_empty_space height=&#8221;50px&#8221;][\/vc_column][\/vc_row]<\/p>\n","protected":false},"excerpt":{"rendered":"<p>[vc_row full_width=&#8221;electroluxpro-full-width-no-padding&#8221;][vc_column][elx_hero_slider text_position=&#8221;hero_slider_text_align_center&#8221; label_text_color=&#8221;inherit&#8221; images=&#8221;2376&#8243;][elx_heading font_container=&#8221;h1&#8243; text_color=&#8221;inherit&#8221;]Mikrobio- logische Kontrolle[\/elx_heading][elx_heading font_size=&#8221;h3&#8243; text_color=&#8221;inherit&#8221;]Keim- reduzierung im Waschprozess[\/elx_heading][\/elx_hero_slider][\/vc_column][\/vc_row][vc_row][vc_column][vc_empty_space][vc_column_text] Prozessverfahren Hierbei wird die durch den Waschprozess erreichte Keimreduzierung, d.h. also die tats\u00e4chliche Desinfektionsleistung \u00fcberpr\u00fcft. Die nachzuweisende Keimreduzierung\u00a0\u201eLog7\u201c ist in Deutschland sowie anderen L\u00e4ndern Europas, die hierbei zu erreichende Zielgr\u00f6\u00dfe f\u00fcr den Waschprozess. Es existieren unterschiedliche mikrobiologische Verfahren und Testmethoden als [&hellip;]<\/p>\n","protected":false},"author":5,"featured_media":0,"parent":1654,"menu_order":0,"comment_status":"closed","ping_status":"closed","template":"","meta":{"footnotes":""},"class_list":["post-3715","page","type-page","status-publish","hentry"],"acf":[],"yoast_head":"<!-- This site is optimized with the Yoast SEO plugin v23.3 - https:\/\/yoast.com\/wordpress\/plugins\/seo\/ -->\n<title>Keimreduzierung im Waschprozess - Electrolux Professional<\/title>\n<meta name=\"description\" content=\"Bei der mikrobiologischen Kontrolle wird die durch den Waschprozess erreichte Keimreduzierung (tats\u00e4chliche Desinfektionsleistung) \u00fcberpr\u00fcft.\" \/>\n<meta name=\"robots\" content=\"index, follow, max-snippet:-1, max-image-preview:large, max-video-preview:-1\" \/>\n<link rel=\"canonical\" href=\"https:\/\/www.electroluxprofessional.com\/de\/branchenloesungen\/care\/mikrobiologische-kontrolle\/\" \/>\n<meta property=\"og:locale\" content=\"de_DE\" \/>\n<meta property=\"og:type\" content=\"article\" \/>\n<meta property=\"og:title\" content=\"Keimreduzierung im Waschprozess - Electrolux Professional\" \/>\n<meta property=\"og:description\" content=\"Bei der mikrobiologischen Kontrolle wird die durch den Waschprozess erreichte Keimreduzierung (tats\u00e4chliche Desinfektionsleistung) \u00fcberpr\u00fcft.\" \/>\n<meta property=\"og:url\" content=\"https:\/\/www.electroluxprofessional.com\/de\/branchenloesungen\/care\/mikrobiologische-kontrolle\/\" \/>\n<meta property=\"og:site_name\" content=\"Electrolux Professional Deutschland\" \/>\n<meta property=\"article:modified_time\" content=\"2023-07-07T13:49:15+00:00\" \/>\n<meta name=\"twitter:card\" content=\"summary_large_image\" \/>\n<meta name=\"twitter:label1\" content=\"Gesch\u00e4tzte Lesezeit\" \/>\n\t<meta name=\"twitter:data1\" content=\"3 Minuten\" \/>\n<script type=\"application\/ld+json\" class=\"yoast-schema-graph\">{\"@context\":\"https:\/\/schema.org\",\"@graph\":[{\"@type\":\"WebPage\",\"@id\":\"https:\/\/www.electroluxprofessional.com\/de\/branchenloesungen\/care\/mikrobiologische-kontrolle\/\",\"url\":\"https:\/\/www.electroluxprofessional.com\/de\/branchenloesungen\/care\/mikrobiologische-kontrolle\/\",\"name\":\"Keimreduzierung im Waschprozess - Electrolux Professional\",\"isPartOf\":{\"@id\":\"https:\/\/www.electroluxprofessional.com\/de\/#website\"},\"datePublished\":\"2017-08-02T14:30:24+00:00\",\"dateModified\":\"2023-07-07T13:49:15+00:00\",\"description\":\"Bei der mikrobiologischen Kontrolle wird die durch den Waschprozess erreichte Keimreduzierung (tats\u00e4chliche Desinfektionsleistung) \u00fcberpr\u00fcft.\",\"breadcrumb\":{\"@id\":\"https:\/\/www.electroluxprofessional.com\/de\/branchenloesungen\/care\/mikrobiologische-kontrolle\/#breadcrumb\"},\"inLanguage\":\"de-DE\",\"potentialAction\":[{\"@type\":\"ReadAction\",\"target\":[\"https:\/\/www.electroluxprofessional.com\/de\/branchenloesungen\/care\/mikrobiologische-kontrolle\/\"]}]},{\"@type\":\"BreadcrumbList\",\"@id\":\"https:\/\/www.electroluxprofessional.com\/de\/branchenloesungen\/care\/mikrobiologische-kontrolle\/#breadcrumb\",\"itemListElement\":[{\"@type\":\"ListItem\",\"position\":1,\"name\":\"Startseite\",\"item\":\"https:\/\/www.electroluxprofessional.com\/de\/\"},{\"@type\":\"ListItem\",\"position\":2,\"name\":\"Branchenl\u00f6sungen\",\"item\":\"https:\/\/www.electroluxprofessional.com\/de\/branchenloesungen\/\"},{\"@type\":\"ListItem\",\"position\":3,\"name\":\"Care\",\"item\":\"https:\/\/www.electroluxprofessional.com\/de\/branchenloesungen\/care\/\"},{\"@type\":\"ListItem\",\"position\":4,\"name\":\"Mikrobiologische Kontrolle\"}]},{\"@type\":\"WebSite\",\"@id\":\"https:\/\/www.electroluxprofessional.com\/de\/#website\",\"url\":\"https:\/\/www.electroluxprofessional.com\/de\/\",\"name\":\"Electrolux Professional Deutschland\",\"description\":\"\",\"potentialAction\":[{\"@type\":\"SearchAction\",\"target\":{\"@type\":\"EntryPoint\",\"urlTemplate\":\"https:\/\/www.electroluxprofessional.com\/de\/?src={search_term_string}\"},\"query-input\":\"required name=search_term_string\"}],\"inLanguage\":\"de-DE\"}]}<\/script>\n<!-- \/ Yoast SEO plugin. -->","yoast_head_json":{"title":"Keimreduzierung im Waschprozess - Electrolux Professional","description":"Bei der mikrobiologischen Kontrolle wird die durch den Waschprozess erreichte Keimreduzierung (tats\u00e4chliche Desinfektionsleistung) \u00fcberpr\u00fcft.","robots":{"index":"index","follow":"follow","max-snippet":"max-snippet:-1","max-image-preview":"max-image-preview:large","max-video-preview":"max-video-preview:-1"},"canonical":"https:\/\/www.electroluxprofessional.com\/de\/branchenloesungen\/care\/mikrobiologische-kontrolle\/","og_locale":"de_DE","og_type":"article","og_title":"Keimreduzierung im Waschprozess - Electrolux Professional","og_description":"Bei der mikrobiologischen Kontrolle wird die durch den Waschprozess erreichte Keimreduzierung (tats\u00e4chliche Desinfektionsleistung) \u00fcberpr\u00fcft.","og_url":"https:\/\/www.electroluxprofessional.com\/de\/branchenloesungen\/care\/mikrobiologische-kontrolle\/","og_site_name":"Electrolux Professional Deutschland","article_modified_time":"2023-07-07T13:49:15+00:00","twitter_card":"summary_large_image","twitter_misc":{"Gesch\u00e4tzte Lesezeit":"3 Minuten"},"schema":{"@context":"https:\/\/schema.org","@graph":[{"@type":"WebPage","@id":"https:\/\/www.electroluxprofessional.com\/de\/branchenloesungen\/care\/mikrobiologische-kontrolle\/","url":"https:\/\/www.electroluxprofessional.com\/de\/branchenloesungen\/care\/mikrobiologische-kontrolle\/","name":"Keimreduzierung im Waschprozess - Electrolux Professional","isPartOf":{"@id":"https:\/\/www.electroluxprofessional.com\/de\/#website"},"datePublished":"2017-08-02T14:30:24+00:00","dateModified":"2023-07-07T13:49:15+00:00","description":"Bei der mikrobiologischen Kontrolle wird die durch den Waschprozess erreichte Keimreduzierung (tats\u00e4chliche Desinfektionsleistung) \u00fcberpr\u00fcft.","breadcrumb":{"@id":"https:\/\/www.electroluxprofessional.com\/de\/branchenloesungen\/care\/mikrobiologische-kontrolle\/#breadcrumb"},"inLanguage":"de-DE","potentialAction":[{"@type":"ReadAction","target":["https:\/\/www.electroluxprofessional.com\/de\/branchenloesungen\/care\/mikrobiologische-kontrolle\/"]}]},{"@type":"BreadcrumbList","@id":"https:\/\/www.electroluxprofessional.com\/de\/branchenloesungen\/care\/mikrobiologische-kontrolle\/#breadcrumb","itemListElement":[{"@type":"ListItem","position":1,"name":"Startseite","item":"https:\/\/www.electroluxprofessional.com\/de\/"},{"@type":"ListItem","position":2,"name":"Branchenl\u00f6sungen","item":"https:\/\/www.electroluxprofessional.com\/de\/branchenloesungen\/"},{"@type":"ListItem","position":3,"name":"Care","item":"https:\/\/www.electroluxprofessional.com\/de\/branchenloesungen\/care\/"},{"@type":"ListItem","position":4,"name":"Mikrobiologische Kontrolle"}]},{"@type":"WebSite","@id":"https:\/\/www.electroluxprofessional.com\/de\/#website","url":"https:\/\/www.electroluxprofessional.com\/de\/","name":"Electrolux Professional Deutschland","description":"","potentialAction":[{"@type":"SearchAction","target":{"@type":"EntryPoint","urlTemplate":"https:\/\/www.electroluxprofessional.com\/de\/?src={search_term_string}"},"query-input":"required name=search_term_string"}],"inLanguage":"de-DE"}]}},"_links":{"self":[{"href":"https:\/\/www.electroluxprofessional.com\/de\/wp-json\/wp\/v2\/pages\/3715"}],"collection":[{"href":"https:\/\/www.electroluxprofessional.com\/de\/wp-json\/wp\/v2\/pages"}],"about":[{"href":"https:\/\/www.electroluxprofessional.com\/de\/wp-json\/wp\/v2\/types\/page"}],"author":[{"embeddable":true,"href":"https:\/\/www.electroluxprofessional.com\/de\/wp-json\/wp\/v2\/users\/5"}],"replies":[{"embeddable":true,"href":"https:\/\/www.electroluxprofessional.com\/de\/wp-json\/wp\/v2\/comments?post=3715"}],"version-history":[{"count":3,"href":"https:\/\/www.electroluxprofessional.com\/de\/wp-json\/wp\/v2\/pages\/3715\/revisions"}],"predecessor-version":[{"id":20148,"href":"https:\/\/www.electroluxprofessional.com\/de\/wp-json\/wp\/v2\/pages\/3715\/revisions\/20148"}],"up":[{"embeddable":true,"href":"https:\/\/www.electroluxprofessional.com\/de\/wp-json\/wp\/v2\/pages\/1654"}],"wp:attachment":[{"href":"https:\/\/www.electroluxprofessional.com\/de\/wp-json\/wp\/v2\/media?parent=3715"}],"curies":[{"name":"wp","href":"https:\/\/api.w.org\/{rel}","templated":true}]}}