{"id":27918,"date":"2026-04-14T14:11:30","date_gmt":"2026-04-14T13:11:30","guid":{"rendered":"https:\/\/www.electroluxprofessional.com\/de\/?page_id=27918"},"modified":"2026-04-17T11:29:16","modified_gmt":"2026-04-17T10:29:16","slug":"unsere-kundenreferenzen","status":"publish","type":"page","link":"https:\/\/www.electroluxprofessional.com\/de\/unsere-kundenreferenzen\/","title":{"rendered":"Unsere Kundenreferenzen"},"content":{"rendered":"<p>[vc_row full_width=&#8221;electroluxpro-full-width-no-padding&#8221;][vc_column][elx_image_block background_image=&#8221;27897&#8243; minimum_height=&#8221;400px&#8221;][vc_empty_space][\/vc_column][\/vc_row][vc_row full_width=&#8221;electroluxpro-container-no-padding&#8221;][vc_column][elx_heading font_container=&#8221;h1&#8243; text_color=&#8221;inherit&#8221; text_align=&#8221;text-center&#8221;]Unsere Kundenreferenzen[\/elx_heading][vc_empty_space height=&#8221;50px&#8221;][\/vc_column][\/vc_row][vc_row][vc_column width=&#8221;2\/5&#8243;][elx_image_block background_image=&#8221;16739&#8243; minimum_height=&#8221;260px&#8221;][\/vc_column][vc_column width=&#8221;3\/5&#8243;][vc_column_text]<\/p>\n<h2 class=\"entry-title\">B\u00fcrgenstock Hotels &amp; Resort<\/h2>\n<p><strong>Lake Lucerne \u2013 Schweiz<\/strong><\/p>\n<p>Das B\u00fcrgenstock Hotels &amp; Resort am Luzerner See ist das gr\u00f6\u00dfte integrierte Hotel-Resort der Schweiz. Es umfasst mit seinen vier Hotels insgesamt 383 Zimmer, 67 Residence-Suiten. In den zw\u00f6lf Restaurant, Bars und Loungest werden kulinarische Tr\u00e4ume Wirklichkeit. Dabei steht Regionalit\u00e4t und Saisonalit\u00e4t im Vordergrund.[\/vc_column_text][vc_empty_space height=&#8221;10px&#8221;][elx_button button_text=&#8221;MEHR ERFAHREN&#8221; button_link=&#8221;url:https%3A%2F%2Fwww.electroluxprofessional.com%2Fde%2Freferences%2Fbuergenstock-hotels-resort%2F|title:MEHR%20ERFAHREN|target:_blank&#8221;][\/vc_column][\/vc_row][vc_row][vc_column][vc_empty_space][\/vc_column][\/vc_row][vc_row][vc_column width=&#8221;2\/5&#8243;][elx_image_block background_image=&#8221;18552&#8243; minimum_height=&#8221;260px&#8221;][\/vc_column][vc_column width=&#8221;3\/5&#8243;][vc_column_text]<\/p>\n<h2 class=\"entry-title\">Wolfgang Puck Kitchen &amp; Bar am Terminal 3<\/h2>\n<p><strong>Wien \u2013 \u00d6sterreich<\/strong><\/p>\n<p>Genuss mit internationalem Flair: am Flughafen Wien fliegen t\u00e4glich viele hundert G\u00e4ste auf K\u00f6stliches vom Sternekoch Wolfgang Puck.[\/vc_column_text][vc_empty_space height=&#8221;10px&#8221;][elx_button button_text=&#8221;MEHR ERFAHREN&#8221; button_link=&#8221;url:https%3A%2F%2Fwww.electroluxprofessional.com%2Fde%2Freferences%2Fwolfgang-puck-wien%2F|title:MEHR%20ERFAHREN|target:_blank&#8221;][\/vc_column][\/vc_row][vc_row][vc_column][vc_empty_space][\/vc_column][\/vc_row][vc_row][vc_column width=&#8221;2\/5&#8243;][elx_image_block background_image=&#8221;13731&#8243; minimum_height=&#8221;260px&#8221;][\/vc_column][vc_column width=&#8221;3\/5&#8243;][vc_column_text]<\/p>\n<h2 class=\"entry-title\">Landgut Stober<\/h2>\n<p><strong>Nauen \u2013 Deutschland<\/strong><\/p>\n<p>Das Hotel Landgut Stober in Brandenburg nahe Berlin z\u00e4hlt zu den Top Adressen f\u00fcr Kongresse, Incentives und Events jeder Gr\u00f6\u00dfenordnung.[\/vc_column_text][vc_empty_space height=&#8221;10px&#8221;][elx_button button_text=&#8221;MEHR ERFAHREN&#8221; button_link=&#8221;url:https%3A%2F%2Fwww.electroluxprofessional.com%2Fde%2Freferences%2Flandgut_stober%2F|title:MEHR%20ERFAHREN|target:_blank&#8221;][\/vc_column][\/vc_row][vc_row][vc_column][vc_empty_space][\/vc_column][\/vc_row][vc_row][vc_column width=&#8221;2\/5&#8243;][elx_image_block background_image=&#8221;18273&#8243; minimum_height=&#8221;260px&#8221;][\/vc_column][vc_column width=&#8221;3\/5&#8243;][vc_column_text]<\/p>\n<h2 class=\"entry-title\">Das Edelweiss Mountain Resort<\/h2>\n<p><strong>Gro\u00dfarl \u2013 \u00d6sterreich<\/strong><\/p>\n<p>Mit allen Sinnen entspannt Genie\u00dfen. Im Edelweiss Salzburg Mountain Resort ist auch einmalige W\u00e4schequalit\u00e4t Service am Gast.[\/vc_column_text][vc_empty_space height=&#8221;10px&#8221;][elx_button button_text=&#8221;MEHR ERFAHREN&#8221; button_link=&#8221;url:https%3A%2F%2Fwww.electroluxprofessional.com%2Fde%2Freferences%2Fedelweiss-mountain-resort%2F|title:MEHR%20ERFAHREN|target:_blank&#8221;][\/vc_column][\/vc_row][vc_row][vc_column][vc_empty_space][\/vc_column][\/vc_row][vc_row][vc_column width=&#8221;2\/5&#8243;][elx_image_block background_image=&#8221;27848&#8243; minimum_height=&#8221;260px&#8221;][\/vc_column][vc_column width=&#8221;3\/5&#8243;][vc_column_text]<\/p>\n<h2 class=\"entry-title\">EHL Hospitality Business School<\/h2>\n<p><strong>Lausanne \u2013 Schweiz<\/strong><\/p>\n<p>Die EHL, die weltweit f\u00fchrende Hochschule f\u00fcr Hotel- und Betriebswirtschaft in Lausanne, verbindet akademische Exzellenz mit praxisorientiertem Lernen. Ihr neues veganes Restaurant \u201eShadwood\u201c spiegelt diesen Ansatz wider.[\/vc_column_text][vc_empty_space height=&#8221;10px&#8221;][elx_button button_text=&#8221;MEHR ERFAHREN&#8221; button_link=&#8221;url:https%3A%2F%2Fwww.electroluxprofessional.com%2Fde%2Freferences%2Fehl-lausanne%2F|title:MEHR%20ERFAHREN|target:_blank&#8221;][\/vc_column][\/vc_row][vc_row][vc_column][vc_empty_space][\/vc_column][\/vc_row][vc_row][vc_column width=&#8221;2\/5&#8243;][elx_image_block background_image=&#8221;27849&#8243; minimum_height=&#8221;260px&#8221;][\/vc_column][vc_column width=&#8221;3\/5&#8243;][vc_column_text]<\/p>\n<h2 class=\"entry-title\">Feuerwehr Dresden<\/h2>\n<p><strong>Dresden \u2013 Deutschland<\/strong><\/p>\n<p>Die Feuerwehr Dresden ist eine gro\u00dfe Feuerwehr mit \u00fcber 500 Einsatzkr\u00e4ften bei der Berufsfeuerwehr und weiteren 650 freiwilligen Feuerwehrleuten bei den Ortsfeuerwehren.[\/vc_column_text][vc_empty_space height=&#8221;10px&#8221;][elx_button button_text=&#8221;MEHR ERFAHREN&#8221; button_link=&#8221;url:https%3A%2F%2Fwww.electroluxprofessional.com%2Fde%2Freferences%2Ffeuerwehr-dresden%2F|title:MEHR%20ERFAHREN|target:_blank&#8221;][\/vc_column][\/vc_row][vc_row][vc_column][vc_empty_space][\/vc_column][\/vc_row][vc_row][vc_column width=&#8221;2\/5&#8243;][elx_image_block background_image=&#8221;27926&#8243; minimum_height=&#8221;260px&#8221;][\/vc_column][vc_column width=&#8221;3\/5&#8243;][vc_column_text]<\/p>\n<h2 class=\"entry-title\">Edelrestaurant CAAA<\/h2>\n<p><strong>Luzern &#8211; Schweiz<\/strong><\/p>\n<p>Pietro Catalano, ein angesehener Koch mit einem erfolgreichen Restaurant im Wallis, hat k\u00fcrzlich sein eigenes Fine-Dining-Restaurant namens CAAA in Luzern er\u00f6ffnet.[\/vc_column_text][vc_empty_space height=&#8221;10px&#8221;][elx_button button_text=&#8221;MEHR ERFAHREN&#8221; button_link=&#8221;url:https%3A%2F%2Fwww.electroluxprofessional.com%2Fde-ch%2Freferences%2Fedelrestaurant-caaa%2F|title:MEHR%20ERFAHREN|target:_blank&#8221;][\/vc_column][\/vc_row][vc_row][vc_column][vc_empty_space][\/vc_column][\/vc_row][vc_row][vc_column width=&#8221;2\/5&#8243;][elx_image_block background_image=&#8221;21534&#8243; minimum_height=&#8221;260px&#8221;][\/vc_column][vc_column width=&#8221;3\/5&#8243;][vc_column_text]<\/p>\n<h2 class=\"entry-title\">Hotel Kaufmann<\/h2>\n<p><strong>Ro\u00dfhaupten &#8211; Deutschland<\/strong><\/p>\n<p>Das Hotel Kaufmann liegt im Herzen des idyllischen Allg\u00e4us. F\u00fcr Gesch\u00e4ftsreisende stehen professionell ausgestattete Konferenzr\u00e4ume zur Verf\u00fcgung und f\u00fcr Erholungssuchende gibt es einen gro\u00dfz\u00fcgigen SPA-Bereich mit Schwimmbad und Wellness-Anlagen.[\/vc_column_text][vc_empty_space height=&#8221;10px&#8221;][elx_button button_text=&#8221;MEHR ERFAHREN&#8221; button_link=&#8221;url:https%3A%2F%2Fwww.electroluxprofessional.com%2Fde%2Freferences%2Fhotel-kaufmann%2F|title:MEHR%20ERFAHREN|target:_blank&#8221;][\/vc_column][\/vc_row][vc_row][vc_column][vc_empty_space][\/vc_column][\/vc_row][vc_row][vc_column width=&#8221;2\/5&#8243;][elx_image_block background_image=&#8221;3973&#8243; minimum_height=&#8221;260px&#8221;][\/vc_column][vc_column width=&#8221;3\/5&#8243;][vc_column_text]<\/p>\n<h2 class=\"entry-title\">The Chedi Andermatt<\/h2>\n<p><strong>Andermatt &#8211; Schweiz<\/strong><\/p>\n<p>The Chedi Andermatt\u201d ist das neue Markenzeichen der Andermatt Swiss Alps AG, das in die Zukunft weist. Es verf\u00fcgt \u00fcber rund 170 G\u00e4stezimmer, Suiten, Residenzen, Studios und andere Wohneinheiten.[\/vc_column_text][vc_empty_space height=&#8221;10px&#8221;][elx_button button_text=&#8221;MEHR ERFAHREN&#8221; button_link=&#8221;url:https%3A%2F%2Fwww.electroluxprofessional.com%2Fde%2Freferences%2Fthe-chedi-andermatt%2F|title:MEHR%20ERFAHREN|target:_blank&#8221;][\/vc_column][\/vc_row][vc_row][vc_column][vc_empty_space][\/vc_column][\/vc_row]<\/p>\n","protected":false},"excerpt":{"rendered":"<p>[vc_row full_width=&#8221;electroluxpro-full-width-no-padding&#8221;][vc_column][elx_image_block background_image=&#8221;27897&#8243; minimum_height=&#8221;400px&#8221;][vc_empty_space][\/vc_column][\/vc_row][vc_row full_width=&#8221;electroluxpro-container-no-padding&#8221;][vc_column][elx_heading font_container=&#8221;h1&#8243; text_color=&#8221;inherit&#8221; text_align=&#8221;text-center&#8221;]Unsere Kundenreferenzen[\/elx_heading][vc_empty_space height=&#8221;50px&#8221;][\/vc_column][\/vc_row][vc_row][vc_column width=&#8221;2\/5&#8243;][elx_image_block background_image=&#8221;16739&#8243; minimum_height=&#8221;260px&#8221;][\/vc_column][vc_column width=&#8221;3\/5&#8243;][vc_column_text] B\u00fcrgenstock Hotels &amp; Resort Lake Lucerne \u2013 Schweiz Das B\u00fcrgenstock Hotels &amp; Resort am Luzerner See ist das gr\u00f6\u00dfte integrierte Hotel-Resort der Schweiz. Es umfasst mit seinen vier Hotels insgesamt 383 Zimmer, 67 Residence-Suiten. In den zw\u00f6lf Restaurant, Bars und Loungest [&hellip;]<\/p>\n","protected":false},"author":1,"featured_media":0,"parent":0,"menu_order":0,"comment_status":"closed","ping_status":"closed","template":"template-consultants.php","meta":{"footnotes":""},"class_list":["post-27918","page","type-page","status-publish","hentry"],"acf":[],"yoast_head":"<!-- This site is optimized with the Yoast SEO plugin v23.3 - https:\/\/yoast.com\/wordpress\/plugins\/seo\/ -->\n<title>Unsere Kundenreferenzen - Electrolux Professional Deutschland<\/title>\n<meta name=\"description\" content=\"Zufriedene Kunden, echte Erfolge: Entdecken Sie unsere Referenzen und \u00fcberzeugen Sie sich von unserer Arbeit.\" \/>\n<meta name=\"robots\" content=\"index, follow, max-snippet:-1, max-image-preview:large, max-video-preview:-1\" \/>\n<link rel=\"canonical\" href=\"https:\/\/www.electroluxprofessional.com\/de\/unsere-kundenreferenzen\/\" \/>\n<meta property=\"og:locale\" content=\"de_DE\" \/>\n<meta property=\"og:type\" content=\"article\" \/>\n<meta property=\"og:title\" content=\"Unsere Kundenreferenzen - Electrolux Professional Deutschland\" \/>\n<meta property=\"og:description\" content=\"Zufriedene Kunden, echte Erfolge: Entdecken Sie unsere Referenzen und \u00fcberzeugen Sie sich von unserer Arbeit.\" \/>\n<meta property=\"og:url\" content=\"https:\/\/www.electroluxprofessional.com\/de\/unsere-kundenreferenzen\/\" \/>\n<meta property=\"og:site_name\" content=\"Electrolux Professional Deutschland\" \/>\n<meta property=\"article:modified_time\" content=\"2026-04-17T10:29:16+00:00\" \/>\n<meta name=\"twitter:card\" content=\"summary_large_image\" \/>\n<meta name=\"twitter:label1\" content=\"Gesch\u00e4tzte Lesezeit\" \/>\n\t<meta name=\"twitter:data1\" content=\"4 Minuten\" \/>\n<script type=\"application\/ld+json\" class=\"yoast-schema-graph\">{\"@context\":\"https:\/\/schema.org\",\"@graph\":[{\"@type\":\"WebPage\",\"@id\":\"https:\/\/www.electroluxprofessional.com\/de\/unsere-kundenreferenzen\/\",\"url\":\"https:\/\/www.electroluxprofessional.com\/de\/unsere-kundenreferenzen\/\",\"name\":\"Unsere Kundenreferenzen - Electrolux Professional Deutschland\",\"isPartOf\":{\"@id\":\"https:\/\/www.electroluxprofessional.com\/de\/#website\"},\"datePublished\":\"2026-04-14T13:11:30+00:00\",\"dateModified\":\"2026-04-17T10:29:16+00:00\",\"description\":\"Zufriedene Kunden, echte Erfolge: Entdecken Sie unsere Referenzen und \u00fcberzeugen Sie sich von unserer Arbeit.\",\"breadcrumb\":{\"@id\":\"https:\/\/www.electroluxprofessional.com\/de\/unsere-kundenreferenzen\/#breadcrumb\"},\"inLanguage\":\"de-DE\",\"potentialAction\":[{\"@type\":\"ReadAction\",\"target\":[\"https:\/\/www.electroluxprofessional.com\/de\/unsere-kundenreferenzen\/\"]}]},{\"@type\":\"BreadcrumbList\",\"@id\":\"https:\/\/www.electroluxprofessional.com\/de\/unsere-kundenreferenzen\/#breadcrumb\",\"itemListElement\":[{\"@type\":\"ListItem\",\"position\":1,\"name\":\"Startseite\",\"item\":\"https:\/\/www.electroluxprofessional.com\/de\/\"},{\"@type\":\"ListItem\",\"position\":2,\"name\":\"Unsere Kundenreferenzen\"}]},{\"@type\":\"WebSite\",\"@id\":\"https:\/\/www.electroluxprofessional.com\/de\/#website\",\"url\":\"https:\/\/www.electroluxprofessional.com\/de\/\",\"name\":\"Electrolux Professional Deutschland\",\"description\":\"\",\"potentialAction\":[{\"@type\":\"SearchAction\",\"target\":{\"@type\":\"EntryPoint\",\"urlTemplate\":\"https:\/\/www.electroluxprofessional.com\/de\/?src={search_term_string}\"},\"query-input\":\"required name=search_term_string\"}],\"inLanguage\":\"de-DE\"}]}<\/script>\n<!-- \/ Yoast SEO plugin. -->","yoast_head_json":{"title":"Unsere Kundenreferenzen - Electrolux Professional Deutschland","description":"Zufriedene Kunden, echte Erfolge: Entdecken Sie unsere Referenzen und \u00fcberzeugen Sie sich von unserer Arbeit.","robots":{"index":"index","follow":"follow","max-snippet":"max-snippet:-1","max-image-preview":"max-image-preview:large","max-video-preview":"max-video-preview:-1"},"canonical":"https:\/\/www.electroluxprofessional.com\/de\/unsere-kundenreferenzen\/","og_locale":"de_DE","og_type":"article","og_title":"Unsere Kundenreferenzen - Electrolux Professional Deutschland","og_description":"Zufriedene Kunden, echte Erfolge: Entdecken Sie unsere Referenzen und \u00fcberzeugen Sie sich von unserer Arbeit.","og_url":"https:\/\/www.electroluxprofessional.com\/de\/unsere-kundenreferenzen\/","og_site_name":"Electrolux Professional Deutschland","article_modified_time":"2026-04-17T10:29:16+00:00","twitter_card":"summary_large_image","twitter_misc":{"Gesch\u00e4tzte Lesezeit":"4 Minuten"},"schema":{"@context":"https:\/\/schema.org","@graph":[{"@type":"WebPage","@id":"https:\/\/www.electroluxprofessional.com\/de\/unsere-kundenreferenzen\/","url":"https:\/\/www.electroluxprofessional.com\/de\/unsere-kundenreferenzen\/","name":"Unsere Kundenreferenzen - Electrolux Professional Deutschland","isPartOf":{"@id":"https:\/\/www.electroluxprofessional.com\/de\/#website"},"datePublished":"2026-04-14T13:11:30+00:00","dateModified":"2026-04-17T10:29:16+00:00","description":"Zufriedene Kunden, echte Erfolge: Entdecken Sie unsere Referenzen und \u00fcberzeugen Sie sich von unserer Arbeit.","breadcrumb":{"@id":"https:\/\/www.electroluxprofessional.com\/de\/unsere-kundenreferenzen\/#breadcrumb"},"inLanguage":"de-DE","potentialAction":[{"@type":"ReadAction","target":["https:\/\/www.electroluxprofessional.com\/de\/unsere-kundenreferenzen\/"]}]},{"@type":"BreadcrumbList","@id":"https:\/\/www.electroluxprofessional.com\/de\/unsere-kundenreferenzen\/#breadcrumb","itemListElement":[{"@type":"ListItem","position":1,"name":"Startseite","item":"https:\/\/www.electroluxprofessional.com\/de\/"},{"@type":"ListItem","position":2,"name":"Unsere Kundenreferenzen"}]},{"@type":"WebSite","@id":"https:\/\/www.electroluxprofessional.com\/de\/#website","url":"https:\/\/www.electroluxprofessional.com\/de\/","name":"Electrolux Professional Deutschland","description":"","potentialAction":[{"@type":"SearchAction","target":{"@type":"EntryPoint","urlTemplate":"https:\/\/www.electroluxprofessional.com\/de\/?src={search_term_string}"},"query-input":"required name=search_term_string"}],"inLanguage":"de-DE"}]}},"_links":{"self":[{"href":"https:\/\/www.electroluxprofessional.com\/de\/wp-json\/wp\/v2\/pages\/27918"}],"collection":[{"href":"https:\/\/www.electroluxprofessional.com\/de\/wp-json\/wp\/v2\/pages"}],"about":[{"href":"https:\/\/www.electroluxprofessional.com\/de\/wp-json\/wp\/v2\/types\/page"}],"author":[{"embeddable":true,"href":"https:\/\/www.electroluxprofessional.com\/de\/wp-json\/wp\/v2\/users\/1"}],"replies":[{"embeddable":true,"href":"https:\/\/www.electroluxprofessional.com\/de\/wp-json\/wp\/v2\/comments?post=27918"}],"version-history":[{"count":9,"href":"https:\/\/www.electroluxprofessional.com\/de\/wp-json\/wp\/v2\/pages\/27918\/revisions"}],"predecessor-version":[{"id":27936,"href":"https:\/\/www.electroluxprofessional.com\/de\/wp-json\/wp\/v2\/pages\/27918\/revisions\/27936"}],"wp:attachment":[{"href":"https:\/\/www.electroluxprofessional.com\/de\/wp-json\/wp\/v2\/media?parent=27918"}],"curies":[{"name":"wp","href":"https:\/\/api.w.org\/{rel}","templated":true}]}}