{"id":26503,"date":"2025-12-05T11:26:22","date_gmt":"2025-12-05T11:26:22","guid":{"rendered":"https:\/\/www.electroluxprofessional.com\/de\/?page_id=26503"},"modified":"2025-12-14T09:56:45","modified_gmt":"2025-12-14T09:56:45","slug":"lagoon-advanced-care","status":"publish","type":"page","link":"https:\/\/www.electroluxprofessional.com\/de\/waeschereitechnik\/lagoon-advanced-care\/","title":{"rendered":"lagoon Advanced Care"},"content":{"rendered":"<p>[vc_row full_width=&#8221;electroluxpro-full-width-no-padding&#8221;][vc_column][elx_image_block background_image=&#8221;26496&#8243; minimum_height=&#8221;400px&#8221;][vc_empty_space][\/vc_column][\/vc_row][vc_row][vc_column][elx_text_image style_image=&#8221;image_horizontal&#8221; bg_row=&#8221;bg-download-white&#8221; title=&#8221;lagoon\u00ae Advanced Care<br \/>\nNassreinigungsl\u00f6sungen f\u00fcr die professionelle Textilpflege&#8221; lists=&#8221;%5B%7B%7D%5D&#8221; single_image=&#8221;26497&#8243; values=&#8221;%5B%7B%22tag_icon_title%22%3A%22h4%22%7D%5D&#8221;]Empfindliche Kleidungsst\u00fccke, Leder und Schuhe: lagoon\u00ae Advanced Care ist das einzige Nassreinigungssystem, das jede Trockenreinigungsmaschine 1:1 ersetzen kann \u2013 mit einem wirklich nachhaltigen Ansatz.<br \/>\nEntdecken Sie die Vorteile von 20 Jahren branchenf\u00fchrender Expertise.[\/elx_text_image][vc_empty_space][\/vc_column][\/vc_row][vc_row full_width=&#8221;electroluxpro-full-width-no-padding&#8221; css=&#8221;.vc_custom_1760693381960{border-top-width: 50px !important;border-right-width: 50px !important;border-bottom-width: 50px !important;border-left-width: 100px !important;background-color: #cfe5e9 !important;border-left-color: #cfe5e9 !important;border-right-color: #cfe5e9 !important;border-top-color: #cfe5e9 !important;border-bottom-color: #cfe5e9 !important;border-radius: 30px !important;}&#8221;][vc_column][vc_empty_space height=&#8221;40px&#8221;][elx_video_text link_video=&#8221;https:\/\/www.youtube.com\/watch?v=7K5bqGuzFgE&#8221; title=&#8221;Wir feiern 20 Jahre an Innovation&#8221; bg_row=&#8221;bg-download-blue&#8221; color_text_row=&#8221;text-white&#8221; image_preview=&#8221;26498&#8243;]<\/p>\n<article class=\"text-token-text-primary w-full focus:outline-none [--shadow-height:45px] has-data-writing-block:pointer-events-none has-data-writing-block:-mt-(--shadow-height) has-data-writing-block:pt-(--shadow-height) [&amp;:has([data-writing-block])&gt;*]:pointer-events-auto [content-visibility:auto] supports-[content-visibility:auto]:[contain-intrinsic-size:auto_100lvh] scroll-mt-[calc(var(--header-height)+min(200px,max(70px,20svh)))]\" dir=\"auto\" tabindex=\"-1\" data-turn-id=\"request-68e39510-a14c-8326-a792-ca55390610cb-7\" data-testid=\"conversation-turn-196\" data-scroll-anchor=\"true\" data-turn=\"assistant\">\n<div class=\"text-base my-auto mx-auto pb-10 [--thread-content-margin:--spacing(4)] thread-sm:[--thread-content-margin:--spacing(6)] thread-lg:[--thread-content-margin:--spacing(16)] px-(--thread-content-margin)\">\n<div class=\"[--thread-content-max-width:40rem] thread-lg:[--thread-content-max-width:48rem] mx-auto max-w-(--thread-content-max-width) flex-1 group\/turn-messages focus-visible:outline-hidden relative flex w-full min-w-0 flex-col agent-turn\" tabindex=\"-1\">\n<div class=\"flex max-w-full flex-col grow\">\n<div class=\"min-h-8 text-message relative flex w-full flex-col items-end gap-2 text-start break-words whitespace-normal [.text-message+&amp;]:mt-1\" dir=\"auto\" data-message-author-role=\"assistant\" data-message-id=\"ee4d13e2-fd79-40cd-883a-4db77fa30f13\" data-message-model-slug=\"gpt-5-mini\">\n<div class=\"flex w-full flex-col gap-1 empty:hidden first:pt-[1px]\">\n<div class=\"markdown prose dark:prose-invert w-full break-words dark markdown-new-styling\">\n<p data-start=\"34\" data-end=\"321\" data-is-last-node=\"\" data-is-only-node=\"\">Alles begann in den 90er Jahren, um eine Alternative zu Perchlorethylen zu finden. In 2005 hat The Woolmark Company lagoon\u00ae empfohlen, und seitdem haben wir eine Nassreinigungsl\u00f6sung, die zuverl\u00e4ssige, nachhaltige Ergebnisse liefert.<\/p>\n<\/div>\n<\/div>\n<\/div>\n<\/div>\n<\/div>\n<\/div>\n<\/article>\n<p>[\/elx_video_text][vc_empty_space height=&#8221;40px&#8221;][\/vc_column][\/vc_row][vc_row full_width=&#8221;electroluxpro-full-width-no-padding&#8221;][vc_column][vc_empty_space][elx_features_download title=&#8221;Sanfte Pflege. Kraftvolle Wirkung.&#8221; title_download=&#8221;Herunterladen&#8221; bg_row=&#8221;bg-row-light-blue&#8221; values=&#8221;%5B%7B%22select_type%22%3A%22pride%22%2C%22label_pride_document%22%3A%22lagoon%20Advanced%20Care%22%2C%22document_type%22%3A%22brochures%22%2C%22br_document_number%22%3A%22A0114%22%7D%5D&#8221; discover=&#8221;%5B%7B%7D%5D&#8221; features=&#8221;%5B%7B%22icon_electroluxpro%22%3A%22elx-icon%20icon-watch%22%2C%22title_icon%22%3A%22Von%20trocken%20zu%20trocken%20in%2055%20Minuten%22%2C%22tag_icon_title%22%3A%22h4%22%2C%22text_icon%22%3A%22Intelligente%20Waschmittel%20und%20innovative%20Verfahren%20erm%C3%B6glichen%20es%2C%20Kleidungsst%C3%BCcke%20im%20Trockner%20zu%20trocknen%2C%20ohne%20dass%20sie%20aufgeh%C3%A4ngt%20werden%20m%C3%BCssen.%20Vollst%C3%A4ndig%20getrocknete%20Kleidungsst%C3%BCcke%20sind%20knitterfrei%20und%20lassen%20sich%20leicht%20finishen.%22%7D%2C%7B%22icon_electroluxpro%22%3A%22elx-icon%20icon-solvet%22%2C%22title_icon%22%3A%22Verabschieden%20Sie%20sich%20von%20Reinigungsmitteln%20auf%20L%C3%B6sungsmittelbasis%22%2C%22tag_icon_title%22%3A%22h4%22%2C%22text_icon%22%3A%22Nassreinigungssystem%2C%20das%20Ergebnisse%20nicht%20nur%20bei%20empfindlichen%20Kleidungsst%C3%BCcken%20und%20Textilien%2C%20sondern%20auch%20bei%20Leder%20und%20Schuhen%20erm%C3%B6glicht.%22%7D%2C%7B%22icon_electroluxpro%22%3A%22elx-icon%20icon-circle-graphic-blue%22%2C%22title_icon%22%3A%22Schnelle%20Rentabilit%C3%A4t%22%2C%22tag_icon_title%22%3A%22h4%22%2C%22text_icon%22%3A%22lagoon%3Csup%3E%C2%AE%3C%2Fsup%3E%20Advanced%20Care%20k%C3%BCmmert%20sich%20um%20Ihr%20Gesch%C3%A4ft%20mit%20einem%20h%C3%B6heren%20Beladungsfaktor%2C%20weniger%20Vorbehandlung%2C%20einfacherem%20Finish%20und%20schnellerer%20Verarbeitungszeit.%22%7D%5D&#8221;][\/elx_features_download][vc_empty_space][\/vc_column][\/vc_row][vc_row full_width=&#8221;electroluxpro-full-width-no-padding&#8221;][vc_column][vc_empty_space height=&#8221;40px&#8221;][\/vc_column][\/vc_row][vc_row][vc_column width=&#8221;2\/3&#8243;][vc_column_text]<\/p>\n<div style=\"max-height: 412px; width: 100%; display: flex; justify-content: center; align-items: center; background-color: #000;\"><video style=\"max-height: 412px; width: 100%; height: auto; max-width: 100%;\" poster=\"https:\/\/www.electroluxprofessional.com\/de\/wp-content\/uploads\/2025\/10\/cover-process-video-1.png\" controls=\"controls\" width=\"300\" height=\"150\"><br \/>\n<video source=\"https:\/\/www.electroluxprofessional.com\/de\/wp-content\/uploads\/2025\/10\/EPR_lagoon_Advanced_Care_ENG_1-1_2.mp4\" type=\"video\/mp4\"><br \/>\n<\/video><\/video><\/div>\n<p>[\/vc_column_text][\/vc_column][vc_column width=&#8221;1\/3&#8243;][elx_heading text_color=&#8221;inherit&#8221;]Perfekte und schnelle Ergebnisse[\/elx_heading][vc_column_text]<strong>lagoon\u00ae Advanced Care<\/strong> liefert in nur 55 Minuten makellose Ergebnisse. Intelligente Waschmittel und eine pr\u00e4zise Wassersteuerung sorgen daf\u00fcr, dass die W\u00e4sche weich, frisch und sofort tragbar ist. Das auf Effizienz und Leistung ausgelegte System steigert die Produktivit\u00e4t und erm\u00f6glicht gleichzeitig h\u00f6chste Qualit\u00e4t.[\/vc_column_text][\/vc_column][\/vc_row][vc_row full_width=&#8221;electroluxpro-full-width-no-padding&#8221;][vc_column][vc_empty_space height=&#8221;40px&#8221;][\/vc_column][\/vc_row][vc_row][vc_column][elx_multiple_columns number_columns=&#8221;3&#8243; bg_row=&#8221;bg-download-white&#8221; title=&#8221;Intelligente Pflege, zertifizierte Ergebnisse&#8221; values=&#8221;%5B%7B%22image_section%22%3A%2226499%22%2C%22title_section%22%3A%22Woolmark-zertifiziertes%5CnVertrauen%22%2C%22text_section%22%3A%22Seit%202005%20arbeiten%20wir%20Seite%20an%20Seite%20mit%20The%20Woolmark%20Company%20%E2%80%93%20dem%20Marktf%C3%BChrer%20im%20Bereich%20Wollbehandlung.%20lagoon%3Csup%3E%C2%AE%3C%2Fsup%3E%20Advanced%20Care%20ist%20die%20L%C3%B6sung%20f%C3%BCr%20die%20sichere%20und%20nachhaltige%20Behandlung%20empfindlicher%20Kleidungsst%C3%BCcke.%22%2C%22button_style%22%3A%22secondary%22%7D%2C%7B%22image_section%22%3A%2226500%22%2C%22title_section%22%3A%22Wissenschaftlich%20getestet%2C%5Cndurch%20Ergebnisse%20bewiesen%22%2C%22text_section%22%3A%22Unabh%C3%A4ngige%20Tests%20des%20Hohenstein%20Instituts%20haben%20gezeigt%2C%20dass%20lagoon%3Csup%3E%C2%AE%3C%2Fsup%3E%20Advanced%20Care%20mit%20der%20Reinigung%20mit%20L%C3%B6sungsmitteln%20mithalten%20kann%20und%20auch%20nach%20mehreren%20Waschg%C3%A4ngen%20die%20Form%2C%20Farbe%20und%20Textur%20der%20Stoffe%20bewahrt.%22%2C%22button_style%22%3A%22secondary%22%7D%2C%7B%22image_section%22%3A%2226501%22%2C%22title_section%22%3A%22Ergonomie%20zertifiziert%20durch%20ErgoCert%22%2C%22text_section%22%3A%22Die%20Waschmaschinen%20und%20Trockner%20von%20lagoon%3Csup%3E%C2%AE%3C%2Fsup%3E%20Advanced%20Care%20sind%20ergonomisch%20gestaltet%20und%20von%20ErgoCert%20zertifiziert%2C%20sodass%20Bediener%20sicher%20und%20bequem%20arbeiten%20und%20gleichzeitig%20ihre%20Produktivit%C3%A4t%20steigern%20k%C3%B6nnen.%22%2C%22button_style%22%3A%22secondary%22%7D%2C%7B%22image_section%22%3A%2226502%22%2C%22title_section%22%3A%22Von%20Leder%20zu%20Sneakers%5CnBeste%20Ergebnisse%20zu%20jeder%20Zeit%22%2C%22text_section%22%3A%22lagoon%3Csup%3E%C2%AE%3C%2Fsup%3E%20Advanced%20Care%20reinigt%20und%20revitalisiert%20Lederschuhe%2C%20Jacken%2C%20Taschen%20und%20Accessoires%20auf%20sanfte%20Weise%2C%20bewahrt%20ihre%20Weichheit%2C%20Farbe%20und%20Form%20und%20verl%C3%A4ngert%20gleichzeitig%20ihre%20Lebensdauer.%22%2C%22button_style%22%3A%22secondary%22%7D%5D&#8221;][\/elx_multiple_columns][\/vc_column][\/vc_row][vc_row full_width=&#8221;electroluxpro-full-width-no-padding&#8221;][vc_column][elx_features_download title=&#8221;Essentia: Das Herzst\u00fcck des Kundenservice&#8221; tag_title=&#8221;h2&#8243; class_title=&#8221;h4&#8243; title_download=&#8221;&#8221; title_discover=&#8221;Entdecken Sie Essentia&#8221; bg_row=&#8221;bg-row-light-blue&#8221; values=&#8221;%5B%7B%22select_type%22%3A%22link%22%2C%22link_download%22%3A%22url%3Ahttps%253A%252F%252Fwww.electroluxprofessional.com%252Fde%252Fkundenservice%252F%7Ctitle%3AEntdecken%2520Sie%2520Essentia%7Ctarget%3A_blank%22%7D%5D&#8221; discover=&#8221;%5B%7B%7D%5D&#8221; features=&#8221;%5B%7B%22tag_icon_title%22%3A%22h4%22%7D%5D&#8221;]<\/p>\n<div class=\"wpb_text_column wpb_content_element \">\n<div class=\"\">\n<p>Essentia ist\u00a0<strong>das Herz eines einzigartigen Kundenservice<\/strong>, der Ihnen durch individuell zugeschnittene Leistungen einen entscheidenden Wettbewerbsvorteil verschaffen wird.<\/p>\n<\/div>\n<\/div>\n<div class=\"wpb_text_column wpb_content_element \">\n<div class=\"\">\n<p>Ab dem Zeitpunkt der Installation bis zum Ende der Lebensdauer unserer Ger\u00e4te stehen wir Ihnen im Rahmen\u00a0<strong>unserer\u00a0<\/strong><strong>umfassenden\u00a0<\/strong><strong>Servicevereinbarungen <\/strong>zur Seite und bieten Ihnen umfangreiche Fachkompetenz sowie langj\u00e4hrige Erfahrung bei K\u00fcchen-, Getr\u00e4nke- und W\u00e4scherei- Komplettl\u00f6sungen.<\/p>\n<\/div>\n<\/div>\n<p>[\/elx_features_download][vc_empty_space][\/vc_column][\/vc_row][vc_row full_width=&#8221;electroluxpro-full-width-no-padding&#8221;][vc_column][vc_empty_space height=&#8221;40px&#8221;][\/vc_column][\/vc_row][vc_row full_width=&#8221;electroluxpro-full-width-no-padding&#8221;][vc_column][vc_empty_space height=&#8221;40px&#8221;][\/vc_column][\/vc_row]<\/p>\n","protected":false},"excerpt":{"rendered":"<p>[vc_row full_width=&#8221;electroluxpro-full-width-no-padding&#8221;][vc_column][elx_image_block background_image=&#8221;26496&#8243; minimum_height=&#8221;400px&#8221;][vc_empty_space][\/vc_column][\/vc_row][vc_row][vc_column][elx_text_image style_image=&#8221;image_horizontal&#8221; bg_row=&#8221;bg-download-white&#8221; title=&#8221;lagoon\u00ae Advanced Care Nassreinigungsl\u00f6sungen f\u00fcr die professionelle Textilpflege&#8221; lists=&#8221;%5B%7B%7D%5D&#8221; single_image=&#8221;26497&#8243; values=&#8221;%5B%7B%22tag_icon_title%22%3A%22h4%22%7D%5D&#8221;]Empfindliche Kleidungsst\u00fccke, Leder und Schuhe: lagoon\u00ae Advanced Care ist das einzige Nassreinigungssystem, das jede Trockenreinigungsmaschine 1:1 ersetzen kann \u2013 mit einem wirklich nachhaltigen Ansatz. Entdecken Sie die Vorteile von 20 Jahren branchenf\u00fchrender Expertise.[\/elx_text_image][vc_empty_space][\/vc_column][\/vc_row][vc_row full_width=&#8221;electroluxpro-full-width-no-padding&#8221; css=&#8221;.vc_custom_1760693381960{border-top-width: 50px !important;border-right-width: 50px !important;border-bottom-width: [&hellip;]<\/p>\n","protected":false},"author":521,"featured_media":26495,"parent":745,"menu_order":0,"comment_status":"closed","ping_status":"closed","template":"","meta":{"footnotes":""},"class_list":["post-26503","page","type-page","status-publish","has-post-thumbnail","hentry"],"acf":[],"yoast_head":"<!-- This site is optimized with the Yoast SEO plugin v23.3 - https:\/\/yoast.com\/wordpress\/plugins\/seo\/ -->\n<title>Wet cleaning for delicate clothes - Electrolux Professional<\/title>\n<meta name=\"description\" content=\"Lagoon Advanced Care is fast, easy and green. Discover the new frontier for professional textile care and delicate clothes with wet cleaning.\" \/>\n<meta name=\"robots\" content=\"index, follow, max-snippet:-1, max-image-preview:large, max-video-preview:-1\" \/>\n<link rel=\"canonical\" href=\"https:\/\/www.electroluxprofessional.com\/de\/waeschereitechnik\/lagoon-advanced-care\/\" \/>\n<meta property=\"og:locale\" content=\"de_DE\" \/>\n<meta property=\"og:type\" content=\"article\" \/>\n<meta property=\"og:title\" content=\"Wet cleaning for delicate clothes - Electrolux Professional\" \/>\n<meta property=\"og:description\" content=\"Lagoon Advanced Care is fast, easy and green. Discover the new frontier for professional textile care and delicate clothes with wet cleaning.\" \/>\n<meta property=\"og:url\" content=\"https:\/\/www.electroluxprofessional.com\/de\/waeschereitechnik\/lagoon-advanced-care\/\" \/>\n<meta property=\"og:site_name\" content=\"Electrolux Professional Deutschland\" \/>\n<meta property=\"article:modified_time\" content=\"2025-12-14T09:56:45+00:00\" \/>\n<meta property=\"og:image\" content=\"https:\/\/www.electroluxprofessional.com\/de\/wp-content\/uploads\/2025\/12\/banner-top-lagoon.jpg\" \/>\n\t<meta property=\"og:image:width\" content=\"1920\" \/>\n\t<meta property=\"og:image:height\" content=\"581\" \/>\n\t<meta property=\"og:image:type\" content=\"image\/jpeg\" \/>\n<meta name=\"twitter:card\" content=\"summary_large_image\" \/>\n<meta name=\"twitter:label1\" content=\"Gesch\u00e4tzte Lesezeit\" \/>\n\t<meta name=\"twitter:data1\" content=\"3 Minuten\" \/>\n<script type=\"application\/ld+json\" class=\"yoast-schema-graph\">{\"@context\":\"https:\/\/schema.org\",\"@graph\":[{\"@type\":\"WebPage\",\"@id\":\"https:\/\/www.electroluxprofessional.com\/de\/waeschereitechnik\/lagoon-advanced-care\/\",\"url\":\"https:\/\/www.electroluxprofessional.com\/de\/waeschereitechnik\/lagoon-advanced-care\/\",\"name\":\"Wet cleaning for delicate clothes - Electrolux Professional\",\"isPartOf\":{\"@id\":\"https:\/\/www.electroluxprofessional.com\/de\/#website\"},\"primaryImageOfPage\":{\"@id\":\"https:\/\/www.electroluxprofessional.com\/de\/waeschereitechnik\/lagoon-advanced-care\/#primaryimage\"},\"image\":{\"@id\":\"https:\/\/www.electroluxprofessional.com\/de\/waeschereitechnik\/lagoon-advanced-care\/#primaryimage\"},\"thumbnailUrl\":\"https:\/\/www.electroluxprofessional.com\/de\/wp-content\/uploads\/2025\/12\/banner-top-lagoon.jpg\",\"datePublished\":\"2025-12-05T11:26:22+00:00\",\"dateModified\":\"2025-12-14T09:56:45+00:00\",\"description\":\"Lagoon Advanced Care is fast, easy and green. Discover the new frontier for professional textile care and delicate clothes with wet cleaning.\",\"breadcrumb\":{\"@id\":\"https:\/\/www.electroluxprofessional.com\/de\/waeschereitechnik\/lagoon-advanced-care\/#breadcrumb\"},\"inLanguage\":\"de-DE\",\"potentialAction\":[{\"@type\":\"ReadAction\",\"target\":[\"https:\/\/www.electroluxprofessional.com\/de\/waeschereitechnik\/lagoon-advanced-care\/\"]}]},{\"@type\":\"ImageObject\",\"inLanguage\":\"de-DE\",\"@id\":\"https:\/\/www.electroluxprofessional.com\/de\/waeschereitechnik\/lagoon-advanced-care\/#primaryimage\",\"url\":\"https:\/\/www.electroluxprofessional.com\/de\/wp-content\/uploads\/2025\/12\/banner-top-lagoon.jpg\",\"contentUrl\":\"https:\/\/www.electroluxprofessional.com\/de\/wp-content\/uploads\/2025\/12\/banner-top-lagoon.jpg\",\"width\":1920,\"height\":581},{\"@type\":\"BreadcrumbList\",\"@id\":\"https:\/\/www.electroluxprofessional.com\/de\/waeschereitechnik\/lagoon-advanced-care\/#breadcrumb\",\"itemListElement\":[{\"@type\":\"ListItem\",\"position\":1,\"name\":\"Startseite\",\"item\":\"https:\/\/www.electroluxprofessional.com\/de\/\"},{\"@type\":\"ListItem\",\"position\":2,\"name\":\"W\u00e4schereitechnik\",\"item\":\"https:\/\/www.electroluxprofessional.com\/de\/waeschereitechnik\/\"},{\"@type\":\"ListItem\",\"position\":3,\"name\":\"lagoon Advanced Care\"}]},{\"@type\":\"WebSite\",\"@id\":\"https:\/\/www.electroluxprofessional.com\/de\/#website\",\"url\":\"https:\/\/www.electroluxprofessional.com\/de\/\",\"name\":\"Electrolux Professional Deutschland\",\"description\":\"\",\"potentialAction\":[{\"@type\":\"SearchAction\",\"target\":{\"@type\":\"EntryPoint\",\"urlTemplate\":\"https:\/\/www.electroluxprofessional.com\/de\/?src={search_term_string}\"},\"query-input\":\"required name=search_term_string\"}],\"inLanguage\":\"de-DE\"}]}<\/script>\n<!-- \/ Yoast SEO plugin. -->","yoast_head_json":{"title":"Wet cleaning for delicate clothes - Electrolux Professional","description":"Lagoon Advanced Care is fast, easy and green. Discover the new frontier for professional textile care and delicate clothes with wet cleaning.","robots":{"index":"index","follow":"follow","max-snippet":"max-snippet:-1","max-image-preview":"max-image-preview:large","max-video-preview":"max-video-preview:-1"},"canonical":"https:\/\/www.electroluxprofessional.com\/de\/waeschereitechnik\/lagoon-advanced-care\/","og_locale":"de_DE","og_type":"article","og_title":"Wet cleaning for delicate clothes - Electrolux Professional","og_description":"Lagoon Advanced Care is fast, easy and green. Discover the new frontier for professional textile care and delicate clothes with wet cleaning.","og_url":"https:\/\/www.electroluxprofessional.com\/de\/waeschereitechnik\/lagoon-advanced-care\/","og_site_name":"Electrolux Professional Deutschland","article_modified_time":"2025-12-14T09:56:45+00:00","og_image":[{"width":1920,"height":581,"url":"https:\/\/www.electroluxprofessional.com\/de\/wp-content\/uploads\/2025\/12\/banner-top-lagoon.jpg","type":"image\/jpeg"}],"twitter_card":"summary_large_image","twitter_misc":{"Gesch\u00e4tzte Lesezeit":"3 Minuten"},"schema":{"@context":"https:\/\/schema.org","@graph":[{"@type":"WebPage","@id":"https:\/\/www.electroluxprofessional.com\/de\/waeschereitechnik\/lagoon-advanced-care\/","url":"https:\/\/www.electroluxprofessional.com\/de\/waeschereitechnik\/lagoon-advanced-care\/","name":"Wet cleaning for delicate clothes - Electrolux Professional","isPartOf":{"@id":"https:\/\/www.electroluxprofessional.com\/de\/#website"},"primaryImageOfPage":{"@id":"https:\/\/www.electroluxprofessional.com\/de\/waeschereitechnik\/lagoon-advanced-care\/#primaryimage"},"image":{"@id":"https:\/\/www.electroluxprofessional.com\/de\/waeschereitechnik\/lagoon-advanced-care\/#primaryimage"},"thumbnailUrl":"https:\/\/www.electroluxprofessional.com\/de\/wp-content\/uploads\/2025\/12\/banner-top-lagoon.jpg","datePublished":"2025-12-05T11:26:22+00:00","dateModified":"2025-12-14T09:56:45+00:00","description":"Lagoon Advanced Care is fast, easy and green. Discover the new frontier for professional textile care and delicate clothes with wet cleaning.","breadcrumb":{"@id":"https:\/\/www.electroluxprofessional.com\/de\/waeschereitechnik\/lagoon-advanced-care\/#breadcrumb"},"inLanguage":"de-DE","potentialAction":[{"@type":"ReadAction","target":["https:\/\/www.electroluxprofessional.com\/de\/waeschereitechnik\/lagoon-advanced-care\/"]}]},{"@type":"ImageObject","inLanguage":"de-DE","@id":"https:\/\/www.electroluxprofessional.com\/de\/waeschereitechnik\/lagoon-advanced-care\/#primaryimage","url":"https:\/\/www.electroluxprofessional.com\/de\/wp-content\/uploads\/2025\/12\/banner-top-lagoon.jpg","contentUrl":"https:\/\/www.electroluxprofessional.com\/de\/wp-content\/uploads\/2025\/12\/banner-top-lagoon.jpg","width":1920,"height":581},{"@type":"BreadcrumbList","@id":"https:\/\/www.electroluxprofessional.com\/de\/waeschereitechnik\/lagoon-advanced-care\/#breadcrumb","itemListElement":[{"@type":"ListItem","position":1,"name":"Startseite","item":"https:\/\/www.electroluxprofessional.com\/de\/"},{"@type":"ListItem","position":2,"name":"W\u00e4schereitechnik","item":"https:\/\/www.electroluxprofessional.com\/de\/waeschereitechnik\/"},{"@type":"ListItem","position":3,"name":"lagoon Advanced Care"}]},{"@type":"WebSite","@id":"https:\/\/www.electroluxprofessional.com\/de\/#website","url":"https:\/\/www.electroluxprofessional.com\/de\/","name":"Electrolux Professional Deutschland","description":"","potentialAction":[{"@type":"SearchAction","target":{"@type":"EntryPoint","urlTemplate":"https:\/\/www.electroluxprofessional.com\/de\/?src={search_term_string}"},"query-input":"required name=search_term_string"}],"inLanguage":"de-DE"}]}},"_links":{"self":[{"href":"https:\/\/www.electroluxprofessional.com\/de\/wp-json\/wp\/v2\/pages\/26503"}],"collection":[{"href":"https:\/\/www.electroluxprofessional.com\/de\/wp-json\/wp\/v2\/pages"}],"about":[{"href":"https:\/\/www.electroluxprofessional.com\/de\/wp-json\/wp\/v2\/types\/page"}],"author":[{"embeddable":true,"href":"https:\/\/www.electroluxprofessional.com\/de\/wp-json\/wp\/v2\/users\/521"}],"replies":[{"embeddable":true,"href":"https:\/\/www.electroluxprofessional.com\/de\/wp-json\/wp\/v2\/comments?post=26503"}],"version-history":[{"count":6,"href":"https:\/\/www.electroluxprofessional.com\/de\/wp-json\/wp\/v2\/pages\/26503\/revisions"}],"predecessor-version":[{"id":26872,"href":"https:\/\/www.electroluxprofessional.com\/de\/wp-json\/wp\/v2\/pages\/26503\/revisions\/26872"}],"up":[{"embeddable":true,"href":"https:\/\/www.electroluxprofessional.com\/de\/wp-json\/wp\/v2\/pages\/745"}],"wp:featuredmedia":[{"embeddable":true,"href":"https:\/\/www.electroluxprofessional.com\/de\/wp-json\/wp\/v2\/media\/26495"}],"wp:attachment":[{"href":"https:\/\/www.electroluxprofessional.com\/de\/wp-json\/wp\/v2\/media?parent=26503"}],"curies":[{"name":"wp","href":"https:\/\/api.w.org\/{rel}","templated":true}]}}