{"id":26041,"date":"2025-11-05T14:00:39","date_gmt":"2025-11-05T14:00:39","guid":{"rendered":"https:\/\/www.electroluxprofessional.com\/de\/?page_id=26041"},"modified":"2026-03-24T15:09:27","modified_gmt":"2026-03-24T14:09:27","slug":"loesungen-fuer-schul-und-bildungseinrichtungen","status":"publish","type":"page","link":"https:\/\/www.electroluxprofessional.com\/de\/loesungen-fuer-schul-und-bildungseinrichtungen\/","title":{"rendered":"L\u00f6sungen f\u00fcr Schul- und Bildungseinrichtungen"},"content":{"rendered":"<p>[vc_row full_width=&#8221;electroluxpro-full-width-no-padding&#8221; css=&#8221;.vc_custom_1670500643788{margin-top: -30px !important;border-top-width: -30px !important;padding-top: -30px !important;}&#8221;][vc_column][elx_full_banner title=&#8221;Beste Wasch- und Sp\u00fcltechnik f\u00fcr Schul- und Bildungseinrichtungen&#8221; set_as_h1=&#8221;true&#8221; link=&#8221;url:%23Kontakt|title:Mehr%20erfahren&#8221; background_image_media_library=&#8221;26044&#8243; background_image_media_library_mobile=&#8221;26043&#8243;][\/vc_column][\/vc_row][vc_row][vc_column][vc_row_inner][vc_column_inner width=&#8221;3\/4&#8243;][vc_empty_space height=&#8221;42px&#8221;][elx_heading font_size=&#8221;h1&#8243; text_color=&#8221;inherit&#8221; text_align=&#8221;text-center&#8221;]F\u00fcr den Einsatz in Schul- und Bildungseinrichtungen[\/elx_heading][\/vc_column_inner][vc_column_inner width=&#8221;1\/4&#8243;][vc_single_image image=&#8221;7136&#8243;][\/vc_column_inner][\/vc_row_inner][vc_row_inner][vc_column_inner][vc_column_text]<\/p>\n<div class=\"vc_empty_space\" style=\"text-align: center;\">\n<p>myPRO bietet modernste Technologie, hohe Qualit\u00e4t und Hygienestandards sowie einfach zu bedienende Maschinen \u2013 entwickelt auf Basis von \u00fcber 100 Jahren Erfahrung bei Electrolux Professional.<\/p>\n<p>In Schulen ist Flexibilit\u00e4t gefragt: Ob verschmutzte Sportkleidung, Handt\u00fccher aus dem Werkunterricht oder Wischbez\u00fcge zur Bodenpflege \u2013 die myPRO Wasch- und Sp\u00fclmaschinen sind auf die besonderen Anforderungen im Bildungsbereich ausgelegt. Mit speziellen Programmen f\u00fcr unterschiedliche Materialien und Verschmutzungsgrade sorgen sie zuverl\u00e4ssig f\u00fcr hygienisch saubere Ergebnisse.<\/p>\n<p>Dank ihrer Langlebigkeit und Effizienz sind sie die ideale Wahl f\u00fcr Einrichtungen mit regelm\u00e4\u00dfigem Bedarf an professioneller Reinigung \u2013 und dabei so einfach zu bedienen, dass auch das p\u00e4dagogische Personal sie problemlos nutzen kann.<\/p>\n<\/div>\n<p>[\/vc_column_text][vc_empty_space][\/vc_column_inner][\/vc_row_inner][vc_row_inner][vc_column_inner width=&#8221;1\/6&#8243;][vc_empty_space][\/vc_column_inner][vc_column_inner width=&#8221;2\/6&#8243;][elx_button button_text=&#8221;W\u00e4schereil\u00f6sungen&#8221; button_display_block=&#8221;display_block_on&#8221; button_alignment=&#8221;align_right&#8221; button_link=&#8221;url:%23Waschen&#8221;][\/vc_column_inner][vc_column_inner width=&#8221;2\/6&#8243;][elx_button button_text=&#8221;Sp\u00fcltechnik&#8221; button_display_block=&#8221;display_block_on&#8221; button_alignment=&#8221;align_center&#8221; button_link=&#8221;url:%23Sp%C3%BCl&#8221;][\/vc_column_inner][vc_column_inner width=&#8221;1\/6&#8243;][vc_empty_space][\/vc_column_inner][\/vc_row_inner][vc_row_inner][vc_column_inner width=&#8221;1\/4&#8243;][vc_empty_space][\/vc_column_inner][vc_column_inner width=&#8221;1\/2&#8243;][vc_empty_space][elx_download_block text=&#8221;Flyer zu unseren L\u00f6sungen f\u00fcr Schul- und Bildungseinrichtungen herunterladen&#8221; document_type=&#8221;leaflets&#8221; file_picker=&#8221;26917&#8243; background_color=&#8221;electrolux-blue&#8221;][\/vc_column_inner][vc_column_inner width=&#8221;1\/4&#8243;][vc_empty_space][\/vc_column_inner][\/vc_row_inner][vc_empty_space][\/vc_column][\/vc_row][vc_row full_width=&#8221;electroluxpro-full-width&#8221; el_id=&#8221;Waschen&#8221;][vc_column][elx_hero_slider text_color=&#8221;electrolux-blue&#8221; label_text_color=&#8221;electrolux-blue&#8221; images=&#8221;26046&#8243;][elx_heading font_size=&#8221;h1&#8243; text_color=&#8221;electrolux-blue&#8221;]Waschen und Trocknen mit myPRO[\/elx_heading][\/elx_hero_slider][vc_empty_space][\/vc_column][\/vc_row][vc_row][vc_column][vc_empty_space height=&#8221;15px&#8221;][elx_heading font_size=&#8221;h2&#8243; text_color=&#8221;inherit&#8221; text_align=&#8221;text-left&#8221;]myPRO TE1120HP W\u00e4rmepumpentrockner<br \/>\nmyPRO WE170P\/V Waschmaschine[\/elx_heading][vc_empty_space height=&#8221;15px&#8221;][vc_row_inner][vc_column_inner width=&#8221;1\/2&#8243;][vc_empty_space height=&#8221;22px&#8221;][vc_empty_space height=&#8221;22px&#8221;][vc_empty_space height=&#8221;22px&#8221;][vc_single_image image=&#8221;26037&#8243; img_size=&#8221;450&#215;300&#8243; alignment=&#8221;center&#8221;][vc_empty_space height=&#8221;22px&#8221;][elx_button button_text=&#8221;Mehr \u00fcber die myPRO Waschmaschinen und Trockner erfahren&#8221; button_display_block=&#8221;display_block_on&#8221; button_link=&#8221;url:https%3A%2F%2Fwww.electroluxprofessional.com%2Fde%2Fwaeschereitechnik%2Fmypro-waschmaschinen-trockner-und-mangeln-fuer-kleingewerbe%2F|target:_blank&#8221;][\/vc_column_inner][vc_column_inner width=&#8221;1\/2&#8243;][vc_column_text]Unsere smart-professionellen Maschinen sind so vielseitig wie der Alltag in Bildungseinrichtungen. Mit einem smart-professionellen W\u00e4schetrockner wird die W\u00e4sche nicht nur schneller, sondern auch besonders effizient getrocknet. Das spart Strom, schont die Umwelt und sorgt f\u00fcr hygienisch saubere Textilien \u2013 Tag f\u00fcr Tag.<\/p>\n<ul>\n<li>Bis zu doppelt so schnell im Vergleich zu einer Haushaltsmaschine<\/li>\n<li>Ausgelegt f\u00fcr bis zu 4 Wasch- und Trockenzyklen t\u00e4glich<\/li>\n<li>24 Monate Garantie (bei maximal 1.000 Betriebsstunden\/Jahr und fachgerechter Installation)<\/li>\n<li>Optimale Waschergebnisse und Hygiene durch spezielle Desinfektions- und Mopp-Programme<\/li>\n<\/ul>\n<p>[\/vc_column_text][vc_empty_space height=&#8221;22px&#8221;][\/vc_column_inner][\/vc_row_inner][vc_empty_space][vc_empty_space][\/vc_column][\/vc_row][vc_row full_width=&#8221;electroluxpro-full-width&#8221; el_id=&#8221;Sp\u00fcl&#8221;][vc_column][elx_hero_slider text_color=&#8221;electrolux-blue&#8221; label_text_color=&#8221;electrolux-blue&#8221; images=&#8221;26045&#8243;][elx_heading font_size=&#8221;h1&#8243; text_color=&#8221;electrolux-blue&#8221;]Sp\u00fclen mit myPRO[\/elx_heading][\/elx_hero_slider][vc_empty_space][\/vc_column][\/vc_row][vc_row][vc_column][vc_empty_space height=&#8221;15px&#8221;][elx_heading font_size=&#8221;h2&#8243; text_color=&#8221;inherit&#8221; text_align=&#8221;text-left&#8221;]myPRO Untertischsp\u00fclmaschine[\/elx_heading][vc_empty_space height=&#8221;15px&#8221;][vc_row_inner][vc_column_inner width=&#8221;1\/2&#8243;][vc_empty_space][vc_empty_space][vc_single_image image=&#8221;26244&#8243; img_size=&#8221;500&#215;500&#8243; alignment=&#8221;center&#8221;][vc_empty_space][elx_button button_text=&#8221;Mehr \u00fcber die myPRO Sp\u00fclmaschine erfahren&#8221; button_display_block=&#8221;display_block_on&#8221; button_alignment=&#8221;align_center&#8221; button_link=&#8221;url:https%3A%2F%2Fwww.electroluxprofessional.com%2Fde%2Fwaeschereitechnik%2Fmypro-untertischspuelmaschine%2F|target:_blank&#8221;][\/vc_column_inner][vc_column_inner width=&#8221;1\/2&#8243;][vc_column_text]Mit einer professionellen Untertischsp\u00fclmaschine ist sichergestellt, dass Besteck, Gl\u00e4ser &amp; Co. bei optimaler Temperatur und mit minimalem Ressourcenverbrauch gesp\u00fclt werden. Die Maschine bietet maximale Hygiene, schnelle Sp\u00fclzyklen und smarte Funktionen f\u00fcr den professionellen Einsatz.<\/p>\n<ul>\n<li>5 Sp\u00fclprogramme mit Zykluszeiten von 55, 90, 100, 150 und 240 Sekunden<\/li>\n<li>Bis zu 65 K\u00f6rbe pro Stunde \u2013 das entspricht 1170 Tellern pro Stunde<\/li>\n<li>Nachsp\u00fcltemperatur bis zu 85 \u00b0C f\u00fcr maximale Hygiene<\/li>\n<li>Wasserverbrauch nur 2,1\u20132,4 Liter pro Zyklus, je nach Programm<\/li>\n<li>Automatische Dosierung von Sp\u00fcl- und Klarsp\u00fclmittel \u00fcber integrierte Dosierpumpen<\/li>\n<li>MyEco-Programm reduziert Energieverbrauch um bis zu 40 % gegen\u00fcber dem Vorg\u00e4ngermodell<\/li>\n<\/ul>\n<p>[\/vc_column_text][vc_empty_space height=&#8221;22px&#8221;][\/vc_column_inner][\/vc_row_inner][vc_empty_space][vc_empty_space][vc_empty_space][\/vc_column][\/vc_row][vc_row el_id=&#8221;Kontakt&#8221;][vc_column][elx_heading font_size=&#8221;h1&#8243; text_color=&#8221;inherit&#8221; text_align=&#8221;text-center&#8221;]Kontaktieren Sie uns f\u00fcr weitere Informationen \u00fcber unsere L\u00f6sungen f\u00fcr Schulen:[\/elx_heading][vc_empty_space][elx_o2000_contact_us s=&#8221;Informationsanfrage zu L\u00f6sungen f\u00fcr den Kindergarten&#8221; campaign=&#8221;701SX00000Eqo8qYAB&#8221; request_type=&#8221;Other&#8221; country=&#8221;Germany&#8221; r=&#8221;Ich w\u00fcrde gerne mehr \u00fcber die L\u00f6sungen f\u00fcr Kinderg\u00e4rten erfahren&#8230;&#8221; l=&#8221;fr&#8221;][vc_empty_space height=&#8221;52px&#8221;][\/vc_column][\/vc_row]<\/p>\n","protected":false},"excerpt":{"rendered":"<p>[vc_row full_width=&#8221;electroluxpro-full-width-no-padding&#8221; css=&#8221;.vc_custom_1670500643788{margin-top: -30px !important;border-top-width: -30px !important;padding-top: -30px !important;}&#8221;][vc_column][elx_full_banner title=&#8221;Beste Wasch- und Sp\u00fcltechnik f\u00fcr Schul- und Bildungseinrichtungen&#8221; set_as_h1=&#8221;true&#8221; link=&#8221;url:%23Kontakt|title:Mehr%20erfahren&#8221; background_image_media_library=&#8221;26044&#8243; background_image_media_library_mobile=&#8221;26043&#8243;][\/vc_column][\/vc_row][vc_row][vc_column][vc_row_inner][vc_column_inner width=&#8221;3\/4&#8243;][vc_empty_space height=&#8221;42px&#8221;][elx_heading font_size=&#8221;h1&#8243; text_color=&#8221;inherit&#8221; text_align=&#8221;text-center&#8221;]F\u00fcr den Einsatz in Schul- und Bildungseinrichtungen[\/elx_heading][\/vc_column_inner][vc_column_inner width=&#8221;1\/4&#8243;][vc_single_image image=&#8221;7136&#8243;][\/vc_column_inner][\/vc_row_inner][vc_row_inner][vc_column_inner][vc_column_text] myPRO bietet modernste Technologie, hohe Qualit\u00e4t und Hygienestandards sowie einfach zu bedienende Maschinen \u2013 entwickelt auf Basis von \u00fcber 100 Jahren [&hellip;]<\/p>\n","protected":false},"author":554,"featured_media":26043,"parent":0,"menu_order":0,"comment_status":"closed","ping_status":"closed","template":"","meta":{"footnotes":""},"class_list":["post-26041","page","type-page","status-publish","has-post-thumbnail","hentry"],"acf":[],"yoast_head":"<!-- This site is optimized with the Yoast SEO plugin v23.3 - https:\/\/yoast.com\/wordpress\/plugins\/seo\/ -->\n<title>L\u00f6sungen f\u00fcr Schulen | Electrolux Professional<\/title>\n<meta name=\"description\" content=\"Entdecken Sie die Wasch- und Sp\u00fcltechnik von Electrolux Professional f\u00fcr den Einsatz in Schulen.\" \/>\n<meta name=\"robots\" content=\"index, follow, max-snippet:-1, max-image-preview:large, max-video-preview:-1\" \/>\n<link rel=\"canonical\" href=\"https:\/\/www.electroluxprofessional.com\/de\/loesungen-fuer-schul-und-bildungseinrichtungen\/\" \/>\n<meta property=\"og:locale\" content=\"de_DE\" \/>\n<meta property=\"og:type\" content=\"article\" \/>\n<meta property=\"og:title\" content=\"L\u00f6sungen f\u00fcr Schulen | Electrolux Professional\" \/>\n<meta property=\"og:description\" content=\"Entdecken Sie die Wasch- und Sp\u00fcltechnik von Electrolux Professional f\u00fcr den Einsatz in Schulen.\" \/>\n<meta property=\"og:url\" content=\"https:\/\/www.electroluxprofessional.com\/de\/loesungen-fuer-schul-und-bildungseinrichtungen\/\" \/>\n<meta property=\"og:site_name\" content=\"Electrolux Professional Deutschland\" \/>\n<meta property=\"article:modified_time\" content=\"2026-03-24T14:09:27+00:00\" \/>\n<meta property=\"og:image\" content=\"https:\/\/www.electroluxprofessional.com\/de\/wp-content\/uploads\/2025\/11\/myPRO_Schule_1125x1583.jpg\" \/>\n\t<meta property=\"og:image:width\" content=\"1125\" \/>\n\t<meta property=\"og:image:height\" content=\"1583\" \/>\n\t<meta property=\"og:image:type\" content=\"image\/jpeg\" \/>\n<meta name=\"twitter:card\" content=\"summary_large_image\" \/>\n<meta name=\"twitter:label1\" content=\"Gesch\u00e4tzte Lesezeit\" \/>\n\t<meta name=\"twitter:data1\" content=\"5 Minuten\" \/>\n<script type=\"application\/ld+json\" class=\"yoast-schema-graph\">{\"@context\":\"https:\/\/schema.org\",\"@graph\":[{\"@type\":\"WebPage\",\"@id\":\"https:\/\/www.electroluxprofessional.com\/de\/loesungen-fuer-schul-und-bildungseinrichtungen\/\",\"url\":\"https:\/\/www.electroluxprofessional.com\/de\/loesungen-fuer-schul-und-bildungseinrichtungen\/\",\"name\":\"L\u00f6sungen f\u00fcr Schulen | Electrolux Professional\",\"isPartOf\":{\"@id\":\"https:\/\/www.electroluxprofessional.com\/de\/#website\"},\"primaryImageOfPage\":{\"@id\":\"https:\/\/www.electroluxprofessional.com\/de\/loesungen-fuer-schul-und-bildungseinrichtungen\/#primaryimage\"},\"image\":{\"@id\":\"https:\/\/www.electroluxprofessional.com\/de\/loesungen-fuer-schul-und-bildungseinrichtungen\/#primaryimage\"},\"thumbnailUrl\":\"https:\/\/www.electroluxprofessional.com\/de\/wp-content\/uploads\/2025\/11\/myPRO_Schule_1125x1583.jpg\",\"datePublished\":\"2025-11-05T14:00:39+00:00\",\"dateModified\":\"2026-03-24T14:09:27+00:00\",\"description\":\"Entdecken Sie die Wasch- und Sp\u00fcltechnik von Electrolux Professional f\u00fcr den Einsatz in Schulen.\",\"breadcrumb\":{\"@id\":\"https:\/\/www.electroluxprofessional.com\/de\/loesungen-fuer-schul-und-bildungseinrichtungen\/#breadcrumb\"},\"inLanguage\":\"de-DE\",\"potentialAction\":[{\"@type\":\"ReadAction\",\"target\":[\"https:\/\/www.electroluxprofessional.com\/de\/loesungen-fuer-schul-und-bildungseinrichtungen\/\"]}]},{\"@type\":\"ImageObject\",\"inLanguage\":\"de-DE\",\"@id\":\"https:\/\/www.electroluxprofessional.com\/de\/loesungen-fuer-schul-und-bildungseinrichtungen\/#primaryimage\",\"url\":\"https:\/\/www.electroluxprofessional.com\/de\/wp-content\/uploads\/2025\/11\/myPRO_Schule_1125x1583.jpg\",\"contentUrl\":\"https:\/\/www.electroluxprofessional.com\/de\/wp-content\/uploads\/2025\/11\/myPRO_Schule_1125x1583.jpg\",\"width\":1125,\"height\":1583},{\"@type\":\"BreadcrumbList\",\"@id\":\"https:\/\/www.electroluxprofessional.com\/de\/loesungen-fuer-schul-und-bildungseinrichtungen\/#breadcrumb\",\"itemListElement\":[{\"@type\":\"ListItem\",\"position\":1,\"name\":\"Startseite\",\"item\":\"https:\/\/www.electroluxprofessional.com\/de\/\"},{\"@type\":\"ListItem\",\"position\":2,\"name\":\"L\u00f6sungen f\u00fcr Schul- und Bildungseinrichtungen\"}]},{\"@type\":\"WebSite\",\"@id\":\"https:\/\/www.electroluxprofessional.com\/de\/#website\",\"url\":\"https:\/\/www.electroluxprofessional.com\/de\/\",\"name\":\"Electrolux Professional Deutschland\",\"description\":\"\",\"potentialAction\":[{\"@type\":\"SearchAction\",\"target\":{\"@type\":\"EntryPoint\",\"urlTemplate\":\"https:\/\/www.electroluxprofessional.com\/de\/?src={search_term_string}\"},\"query-input\":\"required name=search_term_string\"}],\"inLanguage\":\"de-DE\"}]}<\/script>\n<!-- \/ Yoast SEO plugin. -->","yoast_head_json":{"title":"L\u00f6sungen f\u00fcr Schulen | Electrolux Professional","description":"Entdecken Sie die Wasch- und Sp\u00fcltechnik von Electrolux Professional f\u00fcr den Einsatz in Schulen.","robots":{"index":"index","follow":"follow","max-snippet":"max-snippet:-1","max-image-preview":"max-image-preview:large","max-video-preview":"max-video-preview:-1"},"canonical":"https:\/\/www.electroluxprofessional.com\/de\/loesungen-fuer-schul-und-bildungseinrichtungen\/","og_locale":"de_DE","og_type":"article","og_title":"L\u00f6sungen f\u00fcr Schulen | Electrolux Professional","og_description":"Entdecken Sie die Wasch- und Sp\u00fcltechnik von Electrolux Professional f\u00fcr den Einsatz in Schulen.","og_url":"https:\/\/www.electroluxprofessional.com\/de\/loesungen-fuer-schul-und-bildungseinrichtungen\/","og_site_name":"Electrolux Professional Deutschland","article_modified_time":"2026-03-24T14:09:27+00:00","og_image":[{"width":1125,"height":1583,"url":"https:\/\/www.electroluxprofessional.com\/de\/wp-content\/uploads\/2025\/11\/myPRO_Schule_1125x1583.jpg","type":"image\/jpeg"}],"twitter_card":"summary_large_image","twitter_misc":{"Gesch\u00e4tzte Lesezeit":"5 Minuten"},"schema":{"@context":"https:\/\/schema.org","@graph":[{"@type":"WebPage","@id":"https:\/\/www.electroluxprofessional.com\/de\/loesungen-fuer-schul-und-bildungseinrichtungen\/","url":"https:\/\/www.electroluxprofessional.com\/de\/loesungen-fuer-schul-und-bildungseinrichtungen\/","name":"L\u00f6sungen f\u00fcr Schulen | Electrolux Professional","isPartOf":{"@id":"https:\/\/www.electroluxprofessional.com\/de\/#website"},"primaryImageOfPage":{"@id":"https:\/\/www.electroluxprofessional.com\/de\/loesungen-fuer-schul-und-bildungseinrichtungen\/#primaryimage"},"image":{"@id":"https:\/\/www.electroluxprofessional.com\/de\/loesungen-fuer-schul-und-bildungseinrichtungen\/#primaryimage"},"thumbnailUrl":"https:\/\/www.electroluxprofessional.com\/de\/wp-content\/uploads\/2025\/11\/myPRO_Schule_1125x1583.jpg","datePublished":"2025-11-05T14:00:39+00:00","dateModified":"2026-03-24T14:09:27+00:00","description":"Entdecken Sie die Wasch- und Sp\u00fcltechnik von Electrolux Professional f\u00fcr den Einsatz in Schulen.","breadcrumb":{"@id":"https:\/\/www.electroluxprofessional.com\/de\/loesungen-fuer-schul-und-bildungseinrichtungen\/#breadcrumb"},"inLanguage":"de-DE","potentialAction":[{"@type":"ReadAction","target":["https:\/\/www.electroluxprofessional.com\/de\/loesungen-fuer-schul-und-bildungseinrichtungen\/"]}]},{"@type":"ImageObject","inLanguage":"de-DE","@id":"https:\/\/www.electroluxprofessional.com\/de\/loesungen-fuer-schul-und-bildungseinrichtungen\/#primaryimage","url":"https:\/\/www.electroluxprofessional.com\/de\/wp-content\/uploads\/2025\/11\/myPRO_Schule_1125x1583.jpg","contentUrl":"https:\/\/www.electroluxprofessional.com\/de\/wp-content\/uploads\/2025\/11\/myPRO_Schule_1125x1583.jpg","width":1125,"height":1583},{"@type":"BreadcrumbList","@id":"https:\/\/www.electroluxprofessional.com\/de\/loesungen-fuer-schul-und-bildungseinrichtungen\/#breadcrumb","itemListElement":[{"@type":"ListItem","position":1,"name":"Startseite","item":"https:\/\/www.electroluxprofessional.com\/de\/"},{"@type":"ListItem","position":2,"name":"L\u00f6sungen f\u00fcr Schul- und Bildungseinrichtungen"}]},{"@type":"WebSite","@id":"https:\/\/www.electroluxprofessional.com\/de\/#website","url":"https:\/\/www.electroluxprofessional.com\/de\/","name":"Electrolux Professional Deutschland","description":"","potentialAction":[{"@type":"SearchAction","target":{"@type":"EntryPoint","urlTemplate":"https:\/\/www.electroluxprofessional.com\/de\/?src={search_term_string}"},"query-input":"required name=search_term_string"}],"inLanguage":"de-DE"}]}},"_links":{"self":[{"href":"https:\/\/www.electroluxprofessional.com\/de\/wp-json\/wp\/v2\/pages\/26041"}],"collection":[{"href":"https:\/\/www.electroluxprofessional.com\/de\/wp-json\/wp\/v2\/pages"}],"about":[{"href":"https:\/\/www.electroluxprofessional.com\/de\/wp-json\/wp\/v2\/types\/page"}],"author":[{"embeddable":true,"href":"https:\/\/www.electroluxprofessional.com\/de\/wp-json\/wp\/v2\/users\/554"}],"replies":[{"embeddable":true,"href":"https:\/\/www.electroluxprofessional.com\/de\/wp-json\/wp\/v2\/comments?post=26041"}],"version-history":[{"count":14,"href":"https:\/\/www.electroluxprofessional.com\/de\/wp-json\/wp\/v2\/pages\/26041\/revisions"}],"predecessor-version":[{"id":27511,"href":"https:\/\/www.electroluxprofessional.com\/de\/wp-json\/wp\/v2\/pages\/26041\/revisions\/27511"}],"wp:featuredmedia":[{"embeddable":true,"href":"https:\/\/www.electroluxprofessional.com\/de\/wp-json\/wp\/v2\/media\/26043"}],"wp:attachment":[{"href":"https:\/\/www.electroluxprofessional.com\/de\/wp-json\/wp\/v2\/media?parent=26041"}],"curies":[{"name":"wp","href":"https:\/\/api.w.org\/{rel}","templated":true}]}}