{"id":24255,"date":"2025-02-06T12:41:46","date_gmt":"2025-02-06T12:41:46","guid":{"rendered":"https:\/\/www.electroluxprofessional.com\/de\/?page_id=24255"},"modified":"2026-03-31T12:41:04","modified_gmt":"2026-03-31T11:41:04","slug":"high-speed-loesungen","status":"publish","type":"page","link":"https:\/\/www.electroluxprofessional.com\/de\/grosskuechentechnik\/high-speed-loesungen\/","title":{"rendered":"High Speed L\u00f6sungen"},"content":{"rendered":"<p>[vc_row full_width=&#8221;electroluxpro-full-width-no-padding&#8221;][vc_column][elx_image_block background_image=&#8221;24249&#8243; minimum_height=&#8221;400px&#8221;][vc_empty_space][\/vc_column][\/vc_row][vc_row][vc_column][vc_column_text]<\/p>\n<h1><strong>High Speed L\u00f6sungen<\/strong><\/h1>\n<p>[\/vc_column_text][vc_empty_space][\/vc_column][\/vc_row][vc_row][vc_column][vc_column_text]<\/p>\n<h2>Steigern Sie die Produktivit\u00e4t Ihrer K\u00fcche mit High Speed L\u00f6sungen<\/h2>\n<p>In der heutigen schnelllebigen Gastronomiebranche sind Geschwindigkeit und Qualit\u00e4t unverzichtbar. Mit den <strong>High Speed L\u00f6sungen von Electrolux Professional<\/strong>, die sowohl den <strong>GourmeXpress<\/strong> als auch den <strong>SpeeDelight<\/strong> umfassen, k\u00f6nnen Sie abwechslungsreiche, hochwertige Gerichte schneller als je zuvor servieren.[\/vc_column_text][vc_empty_space height=&#8221;15px&#8221;][elx_o2000_contact_us form_alignment=&#8221;left&#8221; s=&#8221;Anfrage zu: High Speed L\u00f6sungen&#8221; campaign=&#8221;701SX00000IFulvYAD&#8221; request_type=&#8221;Other&#8221; country=&#8221;Germany&#8221; b=&#8221;food&#8221; thanks=&#8221;Vielen Dank f\u00fcr Ihre Kontaktanfrage. Wir freuen uns \u00fcber Ihr Interesse und melden uns schnellstm\u00f6glich mit den gew\u00fcnschten Informationen bei Ihnen.&#8221; button_mode=&#8221;true&#8221; button_style=&#8221;secondary-bordered&#8221; postion_button=&#8221;text-left&#8221; postion_button_mobile=&#8221;text-left-mobile&#8221; text_btn_contact=&#8221;Kontaktieren Sie uns&#8221;][vc_empty_space height=&#8221;50px&#8221;][\/vc_column][\/vc_row][vc_row][vc_column width=&#8221;1\/2&#8243;][vc_empty_space][vc_single_image image=&#8221;23122&#8243; img_size=&#8221;medium&#8221; alignment=&#8221;center&#8221;][vc_column_text]<\/p>\n<h3 style=\"text-align: center;\">GourmeXpress High Speed Ofen<\/h3>\n<p style=\"text-align: center;\">Entdecken Sie den GourmeXpress, einem professionellen Hochgeschwindigkeitsofen, der die Garzeit verk\u00fcrzt und gleichzeitig perfekte Ergebnisse liefert. Ob Fisch, Fleisch, Gem\u00fcse, Lasagne und mehr, GourmeXpress hilft Ihnen, Ihr Men\u00fc m\u00fchelos zu erweitern.<\/p>\n<p>[\/vc_column_text][vc_empty_space height=&#8221;15px&#8221;][elx_button button_text=&#8221;Zu den Produkten&#8221; button_style=&#8221;secondary-bordered&#8221; button_display_block=&#8221;display_block_on&#8221; button_alignment=&#8221;align_center&#8221; button_link=&#8221;url:https%3A%2F%2Fwww.electroluxprofessional.com%2Fde%2Fgrosskuechentechnik%2Fgourmexpress-high-speed-ofen%2F|target:_blank&#8221;][vc_empty_space height=&#8221;50px&#8221;][\/vc_column][vc_column width=&#8221;1\/2&#8243;][vc_empty_space][vc_single_image image=&#8221;24250&#8243; img_size=&#8221;medium&#8221; alignment=&#8221;center&#8221;][vc_column_text]<\/p>\n<h3 style=\"text-align: center;\">SpeeDelight High Speed Snack Grill<\/h3>\n<p style=\"text-align: center;\">Lernen Sie den SpeeDelight kennen, eine vielseitige Hochgeschwindigkeitsl\u00f6sung, die direkte und indirekte Kochtechnologien kombiniert, um in Rekordzeit perfekt knusprige, k\u00f6stliche Snacks zuzubereiten. Dank der Plug-and-Play-Einrichtung ist es ideal f\u00fcr Unternehmen jeder Gr\u00f6\u00dfe.<\/p>\n<p>[\/vc_column_text][vc_empty_space height=&#8221;15px&#8221;][elx_button button_text=&#8221;Zu den Produkten&#8221; button_style=&#8221;secondary-bordered&#8221; button_display_block=&#8221;display_block_on&#8221; button_alignment=&#8221;align_center&#8221; button_link=&#8221;url:https%3A%2F%2Fwww.electroluxprofessional.com%2Fde%2Fgrosskuechentechnik%2Fspeedelight%2F|target:_blank&#8221;][vc_empty_space height=&#8221;50px&#8221;][\/vc_column][\/vc_row][vc_row custom_color_row=&#8221;bg-row-light-blue&#8221; css=&#8221;.vc_custom_1729151351892{background-color: #e9eff5 !important;}&#8221;][vc_column][elx_features_download title=&#8221;&#8221; tag_title=&#8221;h2&#8243; title_download=&#8221;Herunterladen&#8221; title_discover=&#8221;Entdecken&#8221; title_position=&#8221;top&#8221; bg_row=&#8221;bg-row-light-blue&#8221; values=&#8221;%5B%7B%22select_type%22%3A%22pride%22%2C%22label_pride_document%22%3A%22GourmeXpress%20Brosch%C3%BCre%22%2C%22document_type%22%3A%22brochures%22%2C%22br_document_number%22%3A%22BR-9JE00217%22%7D%2C%7B%22select_type%22%3A%22pride%22%2C%22label_pride_document%22%3A%22SpeeDelight%20Brosch%C3%BCre%22%2C%22document_type%22%3A%22brochures%22%2C%22br_document_number%22%3A%22BR-9JE00128%22%7D%5D&#8221; discover=&#8221;%5B%7B%7D%5D&#8221; features=&#8221;%5B%7B%22icon_electroluxpro%22%3A%22elx-icon%20icon-circle-easy-blue%22%2C%22title_icon%22%3A%22Einfache%20Bedienung%22%2C%22text_icon%22%3A%22Die%20High%20Speed%20%E2%80%8B%E2%80%8BCooking-L%C3%B6sungen%20von%20Electrolux%20Professional%20sind%20benutzerfreundlich%20und%20erm%C3%B6glichen%20ein%20vielseitiges%20Speisenangebot.%22%7D%2C%7B%22icon_electroluxpro%22%3A%22elx-icon%20icon-tray%22%2C%22title_icon%22%3A%22Gro%C3%9Fe%20Men%C3%BCvielfalt%22%2C%22text_icon%22%3A%22Zusammen%20sind%20die%20High%20Speed%20%E2%80%8B%E2%80%8BL%C3%B6sungen%20GourmeXpress%20und%20SpeeDelight%20perfekt%20f%C3%BCr%20Unternehmen%2C%20die%20ein%20vielf%C3%A4ltiges%20Angebot%20an%20Men%C3%BCoptionen%20anbieten%20m%C3%B6chten.%22%7D%2C%7B%22icon_electroluxpro%22%3A%22elx-icon%20icon-watch%22%2C%22title_icon%22%3A%22Essen%20in%20kurzer%20Zeit%20servieren%22%2C%22text_icon%22%3A%22In%20Standorten%20mit%20hoher%20Kundenfrequenz%20helfen%20Ihnen%20die%20High%20Speed%20L%C3%B6sungen%2C%20Ihren%20Service%20zu%20optimieren%20und%20knappe%20Durchlaufzeiten%20m%C3%BChelos%20einzuhalten.%22%7D%2C%7B%22icon_electroluxpro%22%3A%22elx-icon%20icon-circle-star-perfomance-blue%22%2C%22title_icon%22%3A%22Gleichbleibende%20Kochergebnisse%22%2C%22text_icon%22%3A%22Auch%20Betriebe%20mit%20h%C3%A4ufigem%20Personalwechsel%20k%C3%B6nnen%20so%20hohe%20Standards%20und%20eine%20gleichbleibende%20Speisenqualit%C3%A4t%20aufrechterhalten.%22%7D%5D&#8221;]<\/p>\n<h2>Maximieren Sie Effizienz und Men\u00fcvielfalt<\/h2>\n<p>[\/elx_features_download][vc_empty_space][\/vc_column][\/vc_row][vc_row][vc_column][vc_empty_space][elx_video_text link_video=&#8221;https:\/\/youtu.be\/d-dbiqBKxHQ&#8221; title=&#8221;Die High Speed L\u00f6sungen in Aktion&#8221; bg_row=&#8221;bg-download-blue&#8221; color_text_row=&#8221;text-white&#8221; image_preview=&#8221;24251&#8243;]Sehen Sie sich unser Video an, um zu erfahren, wie GourmeXpress und SpeeDelight die Effizienz Ihrer K\u00fcche steigern und mit Leichtigkeit schnelle, hochwertige Gerichte liefern k\u00f6nnen.[\/elx_video_text][vc_empty_space][\/vc_column][\/vc_row][vc_row][vc_column][elx_multiple_columns number_columns=&#8221;4&#8243; tag_title_clm=&#8221;h2&#8243; bg_row=&#8221;bg-download-white&#8221; title=&#8221;Finden Sie Ihre passende L\u00f6sung&#8221; values=&#8221;%5B%7B%22image_section%22%3A%2224252%22%2C%22title_section%22%3A%22%3CH3%3EBars%20%26%20Caf%C3%A9s%3C%2FH3%3E%22%2C%22text_section%22%3A%22Entdecken%20Sie%20eine%20Reihe%20ma%C3%9Fgeschneiderter%20L%C3%B6sungen%2C%20die%20auf%20die%20individuellen%20Anforderungen%20Ihres%20Unternehmens%20zugeschnitten%20sind%20und%20sowohl%20die%20Effizienz%20als%20auch%20das%20Kundenerlebnis%20verbessern.%22%2C%22link_section%22%3A%22url%3Ahttps%253A%252F%252Fwww.electroluxprofessional.com%252Fde%252Fbranchenloesungen%252Fbars-und-cafes%252F%7Ctitle%3AL%25C3%2596SUNGEN%2520F%25C3%259CR%2520BARS%2520%2526%2520CAF%25C3%2589S%7Ctarget%3A_blank%22%2C%22button_style%22%3A%22secondary-bordered%22%7D%2C%7B%22image_section%22%3A%2224253%22%2C%22title_section%22%3A%22%3CH3%3ERestaurantketten%3C%2FH3%3E%22%2C%22text_section%22%3A%22Wenn%20Sie%20sich%20f%C3%BCr%20unsere%20L%C3%B6sungen%20entscheiden%2C%20gewinnen%20Sie%20die%20Flexibilit%C3%A4t%2C%20Benutzerfreundlichkeit%20und%20starke%20Leistung%2C%20die%20Ihren%20Gesch%C3%A4ftsanforderungen%20gerecht%20wird%20und%20erstklassige%20Ergebnisse%20liefert.%22%2C%22link_section%22%3A%22url%3Ahttps%253A%252F%252Fwww.electroluxprofessional.com%252Fde%252Fbranchenloesungen%252Frestaurantketten%252F%7Ctitle%3AL%25C3%2596SUNGEN%2520F%25C3%259CR%2520RESTAURANTKETTEN%7Ctarget%3A_blank%22%2C%22button_style%22%3A%22secondary-bordered%22%7D%5D&#8221;][\/elx_multiple_columns][\/vc_column][\/vc_row][vc_row][vc_column][vc_empty_space][elx_heading font_size=&#8221;h2&#8243; text_color=&#8221;electrolux-blue&#8221; text_align=&#8221;text-center&#8221;]Entdecken Sie, was High Speed \u200b\u200bL\u00f6sungen<br \/>\nf\u00fcr Ihr Unternehmen tun k\u00f6nnen[\/elx_heading][vc_empty_space][elx_o2000_contact_us s=&#8221;Anfrage zu: High Speed L\u00f6sungen&#8221; campaign=&#8221;701SX00000IFulvYAD&#8221; request_type=&#8221;Other&#8221; country=&#8221;Germany&#8221; b=&#8221;food&#8221; thanks=&#8221;Vielen Dank f\u00fcr Ihre Kontaktanfrage. Wir freuen uns \u00fcber Ihr Interesse und melden uns schnellstm\u00f6glich mit den gew\u00fcnschten Informationen bei Ihnen.&#8221;][\/vc_column][\/vc_row]<\/p>\n","protected":false},"excerpt":{"rendered":"<p>[vc_row full_width=&#8221;electroluxpro-full-width-no-padding&#8221;][vc_column][elx_image_block background_image=&#8221;24249&#8243; minimum_height=&#8221;400px&#8221;][vc_empty_space][\/vc_column][\/vc_row][vc_row][vc_column][vc_column_text] High Speed L\u00f6sungen [\/vc_column_text][vc_empty_space][\/vc_column][\/vc_row][vc_row][vc_column][vc_column_text] Steigern Sie die Produktivit\u00e4t Ihrer K\u00fcche mit High Speed L\u00f6sungen In der heutigen schnelllebigen Gastronomiebranche sind Geschwindigkeit und Qualit\u00e4t unverzichtbar. Mit den High Speed L\u00f6sungen von Electrolux Professional, die sowohl den GourmeXpress als auch den SpeeDelight umfassen, k\u00f6nnen Sie abwechslungsreiche, hochwertige Gerichte schneller als je zuvor servieren.[\/vc_column_text][vc_empty_space [&hellip;]<\/p>\n","protected":false},"author":554,"featured_media":24248,"parent":731,"menu_order":0,"comment_status":"closed","ping_status":"closed","template":"","meta":{"footnotes":""},"class_list":["post-24255","page","type-page","status-publish","has-post-thumbnail","hentry"],"acf":[],"yoast_head":"<!-- This site is optimized with the Yoast SEO plugin v23.3 - https:\/\/yoast.com\/wordpress\/plugins\/seo\/ -->\n<title>High Speed L\u00f6sungen - Electrolux Professional Deutschland<\/title>\n<meta name=\"description\" content=\"Steigern Sie die Produktivit\u00e4t Ihrer K\u00fcche mit den High Speed \u200b\u200bL\u00f6sungen von Electrolux Professional in jedem Gastronomiebereich.\" \/>\n<meta name=\"robots\" content=\"index, follow, max-snippet:-1, max-image-preview:large, max-video-preview:-1\" \/>\n<link rel=\"canonical\" href=\"https:\/\/www.electroluxprofessional.com\/de\/grosskuechentechnik\/high-speed-loesungen\/\" \/>\n<meta property=\"og:locale\" content=\"de_DE\" \/>\n<meta property=\"og:type\" content=\"article\" \/>\n<meta property=\"og:title\" content=\"High Speed L\u00f6sungen - Electrolux Professional Deutschland\" \/>\n<meta property=\"og:description\" content=\"Steigern Sie die Produktivit\u00e4t Ihrer K\u00fcche mit den High Speed \u200b\u200bL\u00f6sungen von Electrolux Professional in jedem Gastronomiebereich.\" \/>\n<meta property=\"og:url\" content=\"https:\/\/www.electroluxprofessional.com\/de\/grosskuechentechnik\/high-speed-loesungen\/\" \/>\n<meta property=\"og:site_name\" content=\"Electrolux Professional Deutschland\" \/>\n<meta property=\"article:modified_time\" content=\"2026-03-31T11:41:04+00:00\" \/>\n<meta property=\"og:image\" content=\"https:\/\/www.electroluxprofessional.com\/de\/wp-content\/uploads\/2025\/02\/High-Speed-Cooking-600x600-1.jpg\" \/>\n\t<meta property=\"og:image:width\" content=\"600\" \/>\n\t<meta property=\"og:image:height\" content=\"600\" \/>\n\t<meta property=\"og:image:type\" content=\"image\/jpeg\" \/>\n<meta name=\"twitter:card\" content=\"summary_large_image\" \/>\n<meta name=\"twitter:label1\" content=\"Gesch\u00e4tzte Lesezeit\" \/>\n\t<meta name=\"twitter:data1\" content=\"3 Minuten\" \/>\n<script type=\"application\/ld+json\" class=\"yoast-schema-graph\">{\"@context\":\"https:\/\/schema.org\",\"@graph\":[{\"@type\":\"WebPage\",\"@id\":\"https:\/\/www.electroluxprofessional.com\/de\/grosskuechentechnik\/high-speed-loesungen\/\",\"url\":\"https:\/\/www.electroluxprofessional.com\/de\/grosskuechentechnik\/high-speed-loesungen\/\",\"name\":\"High Speed L\u00f6sungen - Electrolux Professional Deutschland\",\"isPartOf\":{\"@id\":\"https:\/\/www.electroluxprofessional.com\/de\/#website\"},\"primaryImageOfPage\":{\"@id\":\"https:\/\/www.electroluxprofessional.com\/de\/grosskuechentechnik\/high-speed-loesungen\/#primaryimage\"},\"image\":{\"@id\":\"https:\/\/www.electroluxprofessional.com\/de\/grosskuechentechnik\/high-speed-loesungen\/#primaryimage\"},\"thumbnailUrl\":\"https:\/\/www.electroluxprofessional.com\/de\/wp-content\/uploads\/2025\/02\/High-Speed-Cooking-600x600-1.jpg\",\"datePublished\":\"2025-02-06T12:41:46+00:00\",\"dateModified\":\"2026-03-31T11:41:04+00:00\",\"description\":\"Steigern Sie die Produktivit\u00e4t Ihrer K\u00fcche mit den High Speed \u200b\u200bL\u00f6sungen von Electrolux Professional in jedem Gastronomiebereich.\",\"breadcrumb\":{\"@id\":\"https:\/\/www.electroluxprofessional.com\/de\/grosskuechentechnik\/high-speed-loesungen\/#breadcrumb\"},\"inLanguage\":\"de-DE\",\"potentialAction\":[{\"@type\":\"ReadAction\",\"target\":[\"https:\/\/www.electroluxprofessional.com\/de\/grosskuechentechnik\/high-speed-loesungen\/\"]}]},{\"@type\":\"ImageObject\",\"inLanguage\":\"de-DE\",\"@id\":\"https:\/\/www.electroluxprofessional.com\/de\/grosskuechentechnik\/high-speed-loesungen\/#primaryimage\",\"url\":\"https:\/\/www.electroluxprofessional.com\/de\/wp-content\/uploads\/2025\/02\/High-Speed-Cooking-600x600-1.jpg\",\"contentUrl\":\"https:\/\/www.electroluxprofessional.com\/de\/wp-content\/uploads\/2025\/02\/High-Speed-Cooking-600x600-1.jpg\",\"width\":600,\"height\":600},{\"@type\":\"BreadcrumbList\",\"@id\":\"https:\/\/www.electroluxprofessional.com\/de\/grosskuechentechnik\/high-speed-loesungen\/#breadcrumb\",\"itemListElement\":[{\"@type\":\"ListItem\",\"position\":1,\"name\":\"Startseite\",\"item\":\"https:\/\/www.electroluxprofessional.com\/de\/\"},{\"@type\":\"ListItem\",\"position\":2,\"name\":\"Gro\u00dfk\u00fcchentechnik\",\"item\":\"https:\/\/www.electroluxprofessional.com\/de\/grosskuechentechnik\/\"},{\"@type\":\"ListItem\",\"position\":3,\"name\":\"High Speed L\u00f6sungen\"}]},{\"@type\":\"WebSite\",\"@id\":\"https:\/\/www.electroluxprofessional.com\/de\/#website\",\"url\":\"https:\/\/www.electroluxprofessional.com\/de\/\",\"name\":\"Electrolux Professional Deutschland\",\"description\":\"\",\"potentialAction\":[{\"@type\":\"SearchAction\",\"target\":{\"@type\":\"EntryPoint\",\"urlTemplate\":\"https:\/\/www.electroluxprofessional.com\/de\/?src={search_term_string}\"},\"query-input\":\"required name=search_term_string\"}],\"inLanguage\":\"de-DE\"}]}<\/script>\n<!-- \/ Yoast SEO plugin. -->","yoast_head_json":{"title":"High Speed L\u00f6sungen - Electrolux Professional Deutschland","description":"Steigern Sie die Produktivit\u00e4t Ihrer K\u00fcche mit den High Speed \u200b\u200bL\u00f6sungen von Electrolux Professional in jedem Gastronomiebereich.","robots":{"index":"index","follow":"follow","max-snippet":"max-snippet:-1","max-image-preview":"max-image-preview:large","max-video-preview":"max-video-preview:-1"},"canonical":"https:\/\/www.electroluxprofessional.com\/de\/grosskuechentechnik\/high-speed-loesungen\/","og_locale":"de_DE","og_type":"article","og_title":"High Speed L\u00f6sungen - Electrolux Professional Deutschland","og_description":"Steigern Sie die Produktivit\u00e4t Ihrer K\u00fcche mit den High Speed \u200b\u200bL\u00f6sungen von Electrolux Professional in jedem Gastronomiebereich.","og_url":"https:\/\/www.electroluxprofessional.com\/de\/grosskuechentechnik\/high-speed-loesungen\/","og_site_name":"Electrolux Professional Deutschland","article_modified_time":"2026-03-31T11:41:04+00:00","og_image":[{"width":600,"height":600,"url":"https:\/\/www.electroluxprofessional.com\/de\/wp-content\/uploads\/2025\/02\/High-Speed-Cooking-600x600-1.jpg","type":"image\/jpeg"}],"twitter_card":"summary_large_image","twitter_misc":{"Gesch\u00e4tzte Lesezeit":"3 Minuten"},"schema":{"@context":"https:\/\/schema.org","@graph":[{"@type":"WebPage","@id":"https:\/\/www.electroluxprofessional.com\/de\/grosskuechentechnik\/high-speed-loesungen\/","url":"https:\/\/www.electroluxprofessional.com\/de\/grosskuechentechnik\/high-speed-loesungen\/","name":"High Speed L\u00f6sungen - Electrolux Professional Deutschland","isPartOf":{"@id":"https:\/\/www.electroluxprofessional.com\/de\/#website"},"primaryImageOfPage":{"@id":"https:\/\/www.electroluxprofessional.com\/de\/grosskuechentechnik\/high-speed-loesungen\/#primaryimage"},"image":{"@id":"https:\/\/www.electroluxprofessional.com\/de\/grosskuechentechnik\/high-speed-loesungen\/#primaryimage"},"thumbnailUrl":"https:\/\/www.electroluxprofessional.com\/de\/wp-content\/uploads\/2025\/02\/High-Speed-Cooking-600x600-1.jpg","datePublished":"2025-02-06T12:41:46+00:00","dateModified":"2026-03-31T11:41:04+00:00","description":"Steigern Sie die Produktivit\u00e4t Ihrer K\u00fcche mit den High Speed \u200b\u200bL\u00f6sungen von Electrolux Professional in jedem Gastronomiebereich.","breadcrumb":{"@id":"https:\/\/www.electroluxprofessional.com\/de\/grosskuechentechnik\/high-speed-loesungen\/#breadcrumb"},"inLanguage":"de-DE","potentialAction":[{"@type":"ReadAction","target":["https:\/\/www.electroluxprofessional.com\/de\/grosskuechentechnik\/high-speed-loesungen\/"]}]},{"@type":"ImageObject","inLanguage":"de-DE","@id":"https:\/\/www.electroluxprofessional.com\/de\/grosskuechentechnik\/high-speed-loesungen\/#primaryimage","url":"https:\/\/www.electroluxprofessional.com\/de\/wp-content\/uploads\/2025\/02\/High-Speed-Cooking-600x600-1.jpg","contentUrl":"https:\/\/www.electroluxprofessional.com\/de\/wp-content\/uploads\/2025\/02\/High-Speed-Cooking-600x600-1.jpg","width":600,"height":600},{"@type":"BreadcrumbList","@id":"https:\/\/www.electroluxprofessional.com\/de\/grosskuechentechnik\/high-speed-loesungen\/#breadcrumb","itemListElement":[{"@type":"ListItem","position":1,"name":"Startseite","item":"https:\/\/www.electroluxprofessional.com\/de\/"},{"@type":"ListItem","position":2,"name":"Gro\u00dfk\u00fcchentechnik","item":"https:\/\/www.electroluxprofessional.com\/de\/grosskuechentechnik\/"},{"@type":"ListItem","position":3,"name":"High Speed L\u00f6sungen"}]},{"@type":"WebSite","@id":"https:\/\/www.electroluxprofessional.com\/de\/#website","url":"https:\/\/www.electroluxprofessional.com\/de\/","name":"Electrolux Professional Deutschland","description":"","potentialAction":[{"@type":"SearchAction","target":{"@type":"EntryPoint","urlTemplate":"https:\/\/www.electroluxprofessional.com\/de\/?src={search_term_string}"},"query-input":"required name=search_term_string"}],"inLanguage":"de-DE"}]}},"_links":{"self":[{"href":"https:\/\/www.electroluxprofessional.com\/de\/wp-json\/wp\/v2\/pages\/24255"}],"collection":[{"href":"https:\/\/www.electroluxprofessional.com\/de\/wp-json\/wp\/v2\/pages"}],"about":[{"href":"https:\/\/www.electroluxprofessional.com\/de\/wp-json\/wp\/v2\/types\/page"}],"author":[{"embeddable":true,"href":"https:\/\/www.electroluxprofessional.com\/de\/wp-json\/wp\/v2\/users\/554"}],"replies":[{"embeddable":true,"href":"https:\/\/www.electroluxprofessional.com\/de\/wp-json\/wp\/v2\/comments?post=24255"}],"version-history":[{"count":15,"href":"https:\/\/www.electroluxprofessional.com\/de\/wp-json\/wp\/v2\/pages\/24255\/revisions"}],"predecessor-version":[{"id":27634,"href":"https:\/\/www.electroluxprofessional.com\/de\/wp-json\/wp\/v2\/pages\/24255\/revisions\/27634"}],"up":[{"embeddable":true,"href":"https:\/\/www.electroluxprofessional.com\/de\/wp-json\/wp\/v2\/pages\/731"}],"wp:featuredmedia":[{"embeddable":true,"href":"https:\/\/www.electroluxprofessional.com\/de\/wp-json\/wp\/v2\/media\/24248"}],"wp:attachment":[{"href":"https:\/\/www.electroluxprofessional.com\/de\/wp-json\/wp\/v2\/media?parent=24255"}],"curies":[{"name":"wp","href":"https:\/\/api.w.org\/{rel}","templated":true}]}}