{"id":23183,"date":"2024-08-13T06:50:27","date_gmt":"2024-08-13T06:50:27","guid":{"rendered":"https:\/\/www.electroluxprofessional.com\/de\/?page_id=23183"},"modified":"2024-09-27T11:59:58","modified_gmt":"2024-09-27T11:59:58","slug":"texcare-2024","status":"publish","type":"page","link":"https:\/\/www.electroluxprofessional.com\/de\/texcare-2024\/","title":{"rendered":"Texcare 2024"},"content":{"rendered":"<p>[vc_row full_width=&#8221;electroluxpro-full-width-no-padding&#8221;][vc_column][elx_image align=&#8221;text-center&#8221; image_media_library=&#8221;23542&#8243; image_media_library_mobile=&#8221;23543&#8243;][vc_empty_space][\/vc_column][\/vc_row][vc_row][vc_column][elx_heading font_size=&#8221;h1&#8243; text_color=&#8221;inherit&#8221; text_align=&#8221;text-center&#8221;]Entdecken Sie gemeinsam mit uns, wie wir<br \/>\ndie Zukunft der nachhaltigen W\u00e4scherei gestalten[\/elx_heading][vc_empty_space][elx_heading font_container=&#8221;h4&#8243; font_size=&#8221;h5&#8243; text_color=&#8221;inherit&#8221; text_align=&#8221;text-center&#8221;]Wir pr\u00e4sentieren eine Vielzahl professioneller W\u00e4schereil\u00f6sungen, die Unternehmen dabei helfen, ihre Kreislaufwirtschaft zu verbessern und gleichzeitig den Energie-, Wasser- und Chemikalienverbrauch zu senken.<br \/>\nBesuchen Sie uns f\u00fcr Live-Demonstrationen, Seminare und Einsparberechnungen an Stand J90 in Halle 8.0.[\/elx_heading][vc_empty_space][vc_empty_space][vc_empty_space height=&#8221;16px&#8221;][\/vc_column][\/vc_row][vc_row disable_element=&#8221;yes&#8221;][vc_column width=&#8221;2\/5&#8243;][vc_empty_space][vc_single_image image=&#8221;23180&#8243; img_size=&#8221;1000&#215;600&#8243;][\/vc_column][vc_column width=&#8221;3\/5&#8243;][vc_empty_space height=&#8221;20px&#8221;][vc_column_text]<\/p>\n<h3>6. &#8211; 9. November 2024 &#8211; Halle 8.0, Stand J90<\/h3>\n<p>[\/vc_column_text][vc_empty_space height=&#8221;20px&#8221;][vc_column_text]Erleben Sie innovative Technologien und erfahren Sie, wie wir die Zukunft der nachhaltigen W\u00e4scherei gestalten &#8211; gestern, heute und in der Zukunft.[\/vc_column_text][vc_empty_space height=&#8221;40px&#8221;][vc_column_text]<\/p>\n<h6>Mehr Informationen folgen in K\u00fcrze.<\/h6>\n<p>[\/vc_column_text][\/vc_column][\/vc_row][vc_row][vc_column][vc_column_text]<\/p>\n<h2>Themen, \u00fcber die wir sprechen werden:<\/h2>\n<p>[\/vc_column_text][vc_empty_space][vc_row_inner][vc_column_inner width=&#8221;1\/3&#8243;][elx_image align=&#8221;text-center&#8221; image_media_library=&#8221;23536&#8243; image_media_library_mobile=&#8221;23536&#8243;][vc_empty_space][vc_column_text]<strong>Werten Sie Ihre W\u00e4schereiausstattung auf, um Energiekosten zu sparen und die Effizienz zu steigern.<\/strong><\/p>\n<p>Dank hoher Schleudergeschwindigkeiten f\u00fcr maximale Entw\u00e4sserung, einer Reihe ressourcenschonender Funktionen und neuer W\u00e4rmepumpentechnologie bieten die Waschmaschinen und W\u00e4rmepumpentrockner der Line 6000 im Vergleich zu anderen Modellen eine Reduzierung des Energieverbrauchs um bis zu 70 %.[\/vc_column_text][\/vc_column_inner][vc_column_inner width=&#8221;1\/3&#8243;][elx_image align=&#8221;text-center&#8221; image_media_library=&#8221;23537&#8243; image_media_library_mobile=&#8221;23537&#8243;][vc_empty_space][vc_column_text]<strong>Entdecken Sie, wie Automatisierung die Produktivit\u00e4t in gewerblichen W\u00e4schereibetrieben steigern kann.<\/strong><\/p>\n<p>Wir pr\u00e4sentieren die Funktionen der Line 6000 FFS Vibe Mangel, die die W\u00e4schepflege effizient und sicher optimieren und hochwertige Ergebnisse f\u00fcr die Gastronomie und das Gesundheitswesen liefern kann.[\/vc_column_text][\/vc_column_inner][vc_column_inner width=&#8221;1\/3&#8243;][elx_image align=&#8221;text-center&#8221; image_media_library=&#8221;23538&#8243; image_media_library_mobile=&#8221;23538&#8243;][vc_empty_space][vc_column_text]<strong>Entdecken Sie die ultimative L\u00f6sung zum Reinigen empfindlicher Kleidungsst\u00fccke, Leder und Schuhe.<\/strong><\/p>\n<p>lagoon\u00ae Advanced Care ist eine umweltfreundliche Alternative zu herk\u00f6mmlichen Trockenreinigungsmethoden. Es behandelt empfindliche Stoffe ohne den Einsatz gef\u00e4hrlicher Chemikalien und verwendet nur Wasser als L\u00f6sungsmittel.[\/vc_column_text][\/vc_column_inner][\/vc_row_inner][vc_empty_space][vc_row_inner][vc_column_inner width=&#8221;1\/3&#8243;][elx_image align=&#8221;text-center&#8221; image_media_library=&#8221;23539&#8243; image_media_library_mobile=&#8221;23539&#8243;][vc_empty_space][vc_column_text]<strong>\u00dcbernehmen Sie die vollst\u00e4ndige Kontrolle \u00fcber Kontaminationen in sensiblen W\u00e4schereiumgebungen.<\/strong><\/p>\n<p>Trennwand-Waschtechnologie hilft, die Ausbreitung von Infektionen durch effektives und wiederholbares Waschzyklusmanagement zu verhindern. Trennwand-Waschmaschinen der Line 6000 bilden eine physische Barriere zwischen schmutzigen und sauberen W\u00e4schebereichen und sind b\u00fcndig mit der Wand verbunden, sodass sie leicht zu reinigen sind.[\/vc_column_text][\/vc_column_inner][vc_column_inner width=&#8221;1\/3&#8243;][elx_image align=&#8221;text-center&#8221; image_media_library=&#8221;23540&#8243; image_media_library_mobile=&#8221;23540&#8243;][vc_empty_space][vc_column_text]<strong>Was ist Kreislaufwirtschaft in der Fertigung?<\/strong><\/p>\n<p>Kreislaufwirtschaft in der Fertigung bezeichnet ein Produktionsmodell, das darauf ausgelegt ist, Abfall zu minimieren und Ressourcen w\u00e4hrend des gesamten Lebenszyklus eines Produkts so effizient wie m\u00f6glich zu nutzen. Ziel ist die Schaffung eines geschlossenen Kreislaufsystems, in dem Materialien kontinuierlich innerhalb der Wirtschaft zirkulieren, wodurch der Bedarf an Ressourcen verringert und die Umweltbelastung minimiert wird.[\/vc_column_text][\/vc_column_inner][vc_column_inner width=&#8221;1\/3&#8243;][vc_empty_space][\/vc_column_inner][\/vc_row_inner][\/vc_column][\/vc_row][vc_row][vc_column][vc_empty_space][vc_empty_space][\/vc_column][\/vc_row][vc_row][vc_column][vc_column_text]<\/p>\n<h3 style=\"text-align: center;\">Kontaktieren Sie uns und erfahren Sie mehr \u00fcber die Texcare.<\/h3>\n<p>[\/vc_column_text][vc_empty_space][elx_o2000_contact_us s=&#8221;Anfrage zur Texcare&#8221; country=&#8221;Germany&#8221;][\/vc_column][\/vc_row]<\/p>\n","protected":false},"excerpt":{"rendered":"<p>[vc_row full_width=&#8221;electroluxpro-full-width-no-padding&#8221;][vc_column][elx_image align=&#8221;text-center&#8221; image_media_library=&#8221;23542&#8243; image_media_library_mobile=&#8221;23543&#8243;][vc_empty_space][\/vc_column][\/vc_row][vc_row][vc_column][elx_heading font_size=&#8221;h1&#8243; text_color=&#8221;inherit&#8221; text_align=&#8221;text-center&#8221;]Entdecken Sie gemeinsam mit uns, wie wir die Zukunft der nachhaltigen W\u00e4scherei gestalten[\/elx_heading][vc_empty_space][elx_heading font_container=&#8221;h4&#8243; font_size=&#8221;h5&#8243; text_color=&#8221;inherit&#8221; text_align=&#8221;text-center&#8221;]Wir pr\u00e4sentieren eine Vielzahl professioneller W\u00e4schereil\u00f6sungen, die Unternehmen dabei helfen, ihre Kreislaufwirtschaft zu verbessern und gleichzeitig den Energie-, Wasser- und Chemikalienverbrauch zu senken. Besuchen Sie uns f\u00fcr Live-Demonstrationen, Seminare und Einsparberechnungen an [&hellip;]<\/p>\n","protected":false},"author":554,"featured_media":23182,"parent":0,"menu_order":0,"comment_status":"closed","ping_status":"closed","template":"","meta":{"footnotes":""},"class_list":["post-23183","page","type-page","status-publish","has-post-thumbnail","hentry"],"acf":[],"yoast_head":"<!-- This site is optimized with the Yoast SEO plugin v23.3 - https:\/\/yoast.com\/wordpress\/plugins\/seo\/ -->\n<title>Texcare 2024 - Electrolux Professional Deutschland<\/title>\n<meta name=\"robots\" content=\"noindex, nofollow\" \/>\n<meta property=\"og:locale\" content=\"de_DE\" \/>\n<meta property=\"og:type\" content=\"article\" \/>\n<meta property=\"og:title\" content=\"Texcare 2024 - Electrolux Professional Deutschland\" \/>\n<meta property=\"og:description\" content=\"[vc_row full_width=&#8221;electroluxpro-full-width-no-padding&#8221;][vc_column][elx_image align=&#8221;text-center&#8221; image_media_library=&#8221;23542&#8243; image_media_library_mobile=&#8221;23543&#8243;][vc_empty_space][\/vc_column][\/vc_row][vc_row][vc_column][elx_heading font_size=&#8221;h1&#8243; text_color=&#8221;inherit&#8221; text_align=&#8221;text-center&#8221;]Entdecken Sie gemeinsam mit uns, wie wir die Zukunft der nachhaltigen W\u00e4scherei gestalten[\/elx_heading][vc_empty_space][elx_heading font_container=&#8221;h4&#8243; font_size=&#8221;h5&#8243; text_color=&#8221;inherit&#8221; text_align=&#8221;text-center&#8221;]Wir pr\u00e4sentieren eine Vielzahl professioneller W\u00e4schereil\u00f6sungen, die Unternehmen dabei helfen, ihre Kreislaufwirtschaft zu verbessern und gleichzeitig den Energie-, Wasser- und Chemikalienverbrauch zu senken. Besuchen Sie uns f\u00fcr Live-Demonstrationen, Seminare und Einsparberechnungen an [&hellip;]\" \/>\n<meta property=\"og:url\" content=\"https:\/\/www.electroluxprofessional.com\/de\/texcare-2024\/\" \/>\n<meta property=\"og:site_name\" content=\"Electrolux Professional Deutschland\" \/>\n<meta property=\"article:modified_time\" content=\"2024-09-27T11:59:58+00:00\" \/>\n<meta property=\"og:image\" content=\"https:\/\/www.electroluxprofessional.com\/de\/wp-content\/uploads\/2024\/08\/Texcare_Landing_Page_Banner_Mobile_1125x1583_high.jpg\" \/>\n\t<meta property=\"og:image:width\" content=\"1125\" \/>\n\t<meta property=\"og:image:height\" content=\"1583\" \/>\n\t<meta property=\"og:image:type\" content=\"image\/jpeg\" \/>\n<meta name=\"twitter:card\" content=\"summary_large_image\" \/>\n<meta name=\"twitter:label1\" content=\"Gesch\u00e4tzte Lesezeit\" \/>\n\t<meta name=\"twitter:data1\" content=\"3 Minuten\" \/>\n<script type=\"application\/ld+json\" class=\"yoast-schema-graph\">{\"@context\":\"https:\/\/schema.org\",\"@graph\":[{\"@type\":\"WebPage\",\"@id\":\"https:\/\/www.electroluxprofessional.com\/de\/texcare-2024\/\",\"url\":\"https:\/\/www.electroluxprofessional.com\/de\/texcare-2024\/\",\"name\":\"Texcare 2024 - Electrolux Professional Deutschland\",\"isPartOf\":{\"@id\":\"https:\/\/www.electroluxprofessional.com\/de\/#website\"},\"primaryImageOfPage\":{\"@id\":\"https:\/\/www.electroluxprofessional.com\/de\/texcare-2024\/#primaryimage\"},\"image\":{\"@id\":\"https:\/\/www.electroluxprofessional.com\/de\/texcare-2024\/#primaryimage\"},\"thumbnailUrl\":\"https:\/\/www.electroluxprofessional.com\/de\/wp-content\/uploads\/2024\/08\/Texcare_Landing_Page_Banner_Mobile_1125x1583_high.jpg\",\"datePublished\":\"2024-08-13T06:50:27+00:00\",\"dateModified\":\"2024-09-27T11:59:58+00:00\",\"breadcrumb\":{\"@id\":\"https:\/\/www.electroluxprofessional.com\/de\/texcare-2024\/#breadcrumb\"},\"inLanguage\":\"de-DE\",\"potentialAction\":[{\"@type\":\"ReadAction\",\"target\":[\"https:\/\/www.electroluxprofessional.com\/de\/texcare-2024\/\"]}]},{\"@type\":\"ImageObject\",\"inLanguage\":\"de-DE\",\"@id\":\"https:\/\/www.electroluxprofessional.com\/de\/texcare-2024\/#primaryimage\",\"url\":\"https:\/\/www.electroluxprofessional.com\/de\/wp-content\/uploads\/2024\/08\/Texcare_Landing_Page_Banner_Mobile_1125x1583_high.jpg\",\"contentUrl\":\"https:\/\/www.electroluxprofessional.com\/de\/wp-content\/uploads\/2024\/08\/Texcare_Landing_Page_Banner_Mobile_1125x1583_high.jpg\",\"width\":1125,\"height\":1583},{\"@type\":\"BreadcrumbList\",\"@id\":\"https:\/\/www.electroluxprofessional.com\/de\/texcare-2024\/#breadcrumb\",\"itemListElement\":[{\"@type\":\"ListItem\",\"position\":1,\"name\":\"Startseite\",\"item\":\"https:\/\/www.electroluxprofessional.com\/de\/\"},{\"@type\":\"ListItem\",\"position\":2,\"name\":\"Texcare 2024\"}]},{\"@type\":\"WebSite\",\"@id\":\"https:\/\/www.electroluxprofessional.com\/de\/#website\",\"url\":\"https:\/\/www.electroluxprofessional.com\/de\/\",\"name\":\"Electrolux Professional Deutschland\",\"description\":\"\",\"potentialAction\":[{\"@type\":\"SearchAction\",\"target\":{\"@type\":\"EntryPoint\",\"urlTemplate\":\"https:\/\/www.electroluxprofessional.com\/de\/?src={search_term_string}\"},\"query-input\":\"required name=search_term_string\"}],\"inLanguage\":\"de-DE\"}]}<\/script>\n<!-- \/ Yoast SEO plugin. -->","yoast_head_json":{"title":"Texcare 2024 - Electrolux Professional Deutschland","robots":{"index":"noindex","follow":"nofollow"},"og_locale":"de_DE","og_type":"article","og_title":"Texcare 2024 - Electrolux Professional Deutschland","og_description":"[vc_row full_width=&#8221;electroluxpro-full-width-no-padding&#8221;][vc_column][elx_image align=&#8221;text-center&#8221; image_media_library=&#8221;23542&#8243; image_media_library_mobile=&#8221;23543&#8243;][vc_empty_space][\/vc_column][\/vc_row][vc_row][vc_column][elx_heading font_size=&#8221;h1&#8243; text_color=&#8221;inherit&#8221; text_align=&#8221;text-center&#8221;]Entdecken Sie gemeinsam mit uns, wie wir die Zukunft der nachhaltigen W\u00e4scherei gestalten[\/elx_heading][vc_empty_space][elx_heading font_container=&#8221;h4&#8243; font_size=&#8221;h5&#8243; text_color=&#8221;inherit&#8221; text_align=&#8221;text-center&#8221;]Wir pr\u00e4sentieren eine Vielzahl professioneller W\u00e4schereil\u00f6sungen, die Unternehmen dabei helfen, ihre Kreislaufwirtschaft zu verbessern und gleichzeitig den Energie-, Wasser- und Chemikalienverbrauch zu senken. Besuchen Sie uns f\u00fcr Live-Demonstrationen, Seminare und Einsparberechnungen an [&hellip;]","og_url":"https:\/\/www.electroluxprofessional.com\/de\/texcare-2024\/","og_site_name":"Electrolux Professional Deutschland","article_modified_time":"2024-09-27T11:59:58+00:00","og_image":[{"width":1125,"height":1583,"url":"https:\/\/www.electroluxprofessional.com\/de\/wp-content\/uploads\/2024\/08\/Texcare_Landing_Page_Banner_Mobile_1125x1583_high.jpg","type":"image\/jpeg"}],"twitter_card":"summary_large_image","twitter_misc":{"Gesch\u00e4tzte Lesezeit":"3 Minuten"},"schema":{"@context":"https:\/\/schema.org","@graph":[{"@type":"WebPage","@id":"https:\/\/www.electroluxprofessional.com\/de\/texcare-2024\/","url":"https:\/\/www.electroluxprofessional.com\/de\/texcare-2024\/","name":"Texcare 2024 - Electrolux Professional Deutschland","isPartOf":{"@id":"https:\/\/www.electroluxprofessional.com\/de\/#website"},"primaryImageOfPage":{"@id":"https:\/\/www.electroluxprofessional.com\/de\/texcare-2024\/#primaryimage"},"image":{"@id":"https:\/\/www.electroluxprofessional.com\/de\/texcare-2024\/#primaryimage"},"thumbnailUrl":"https:\/\/www.electroluxprofessional.com\/de\/wp-content\/uploads\/2024\/08\/Texcare_Landing_Page_Banner_Mobile_1125x1583_high.jpg","datePublished":"2024-08-13T06:50:27+00:00","dateModified":"2024-09-27T11:59:58+00:00","breadcrumb":{"@id":"https:\/\/www.electroluxprofessional.com\/de\/texcare-2024\/#breadcrumb"},"inLanguage":"de-DE","potentialAction":[{"@type":"ReadAction","target":["https:\/\/www.electroluxprofessional.com\/de\/texcare-2024\/"]}]},{"@type":"ImageObject","inLanguage":"de-DE","@id":"https:\/\/www.electroluxprofessional.com\/de\/texcare-2024\/#primaryimage","url":"https:\/\/www.electroluxprofessional.com\/de\/wp-content\/uploads\/2024\/08\/Texcare_Landing_Page_Banner_Mobile_1125x1583_high.jpg","contentUrl":"https:\/\/www.electroluxprofessional.com\/de\/wp-content\/uploads\/2024\/08\/Texcare_Landing_Page_Banner_Mobile_1125x1583_high.jpg","width":1125,"height":1583},{"@type":"BreadcrumbList","@id":"https:\/\/www.electroluxprofessional.com\/de\/texcare-2024\/#breadcrumb","itemListElement":[{"@type":"ListItem","position":1,"name":"Startseite","item":"https:\/\/www.electroluxprofessional.com\/de\/"},{"@type":"ListItem","position":2,"name":"Texcare 2024"}]},{"@type":"WebSite","@id":"https:\/\/www.electroluxprofessional.com\/de\/#website","url":"https:\/\/www.electroluxprofessional.com\/de\/","name":"Electrolux Professional Deutschland","description":"","potentialAction":[{"@type":"SearchAction","target":{"@type":"EntryPoint","urlTemplate":"https:\/\/www.electroluxprofessional.com\/de\/?src={search_term_string}"},"query-input":"required name=search_term_string"}],"inLanguage":"de-DE"}]}},"_links":{"self":[{"href":"https:\/\/www.electroluxprofessional.com\/de\/wp-json\/wp\/v2\/pages\/23183"}],"collection":[{"href":"https:\/\/www.electroluxprofessional.com\/de\/wp-json\/wp\/v2\/pages"}],"about":[{"href":"https:\/\/www.electroluxprofessional.com\/de\/wp-json\/wp\/v2\/types\/page"}],"author":[{"embeddable":true,"href":"https:\/\/www.electroluxprofessional.com\/de\/wp-json\/wp\/v2\/users\/554"}],"replies":[{"embeddable":true,"href":"https:\/\/www.electroluxprofessional.com\/de\/wp-json\/wp\/v2\/comments?post=23183"}],"version-history":[{"count":4,"href":"https:\/\/www.electroluxprofessional.com\/de\/wp-json\/wp\/v2\/pages\/23183\/revisions"}],"predecessor-version":[{"id":23548,"href":"https:\/\/www.electroluxprofessional.com\/de\/wp-json\/wp\/v2\/pages\/23183\/revisions\/23548"}],"wp:featuredmedia":[{"embeddable":true,"href":"https:\/\/www.electroluxprofessional.com\/de\/wp-json\/wp\/v2\/media\/23182"}],"wp:attachment":[{"href":"https:\/\/www.electroluxprofessional.com\/de\/wp-json\/wp\/v2\/media?parent=23183"}],"curies":[{"name":"wp","href":"https:\/\/api.w.org\/{rel}","templated":true}]}}