{"id":22616,"date":"2024-04-08T13:28:58","date_gmt":"2024-04-08T13:28:58","guid":{"rendered":"https:\/\/www.electroluxprofessional.com\/de\/?page_id=22616"},"modified":"2025-07-10T11:14:08","modified_gmt":"2025-07-10T11:14:08","slug":"formular-servicefall-waeschereiloesungen","status":"publish","type":"page","link":"https:\/\/www.electroluxprofessional.com\/de\/kundenservice\/formular-servicefall-waeschereiloesungen\/","title":{"rendered":"Aufnahme Ihres Servicefalles W\u00e4schereil\u00f6sungen"},"content":{"rendered":"<p>[vc_row][vc_column][elx_heading font_container=&#8221;h1&#8243; font_size=&#8221;h2&#8243; text_color=&#8221;inherit&#8221;]Online Formular zur Aufnahme Ihres Servicefalles &#8211; W\u00e4schereil\u00f6sungen[\/elx_heading][vc_empty_space height=&#8221;16px&#8221;][vc_column_text]Bitte f\u00fcllen Sie das Online Formular zur Aufnahme Ihres Servicefalles aus und wir melden uns zeitnah bei Ihnen.[\/vc_column_text][vc_empty_space][elx_o2000_laundry_service_form language=&#8221;de&#8221; emailsubject=&#8221;Aufnahme Ihres Servicefalles &#8211; W\u00e4schereil\u00f6sungen Electrolux Professional&#8221; emailto=&#8221;service.els.de@electroluxprofessional.com&#8221;][\/vc_column][\/vc_row]<\/p>\n","protected":false},"excerpt":{"rendered":"<p>[vc_row][vc_column][elx_heading font_container=&#8221;h1&#8243; font_size=&#8221;h2&#8243; text_color=&#8221;inherit&#8221;]Online Formular zur Aufnahme Ihres Servicefalles &#8211; W\u00e4schereil\u00f6sungen[\/elx_heading][vc_empty_space height=&#8221;16px&#8221;][vc_column_text]Bitte f\u00fcllen Sie das Online Formular zur Aufnahme Ihres Servicefalles aus und wir melden uns zeitnah bei Ihnen.[\/vc_column_text][vc_empty_space][elx_o2000_laundry_service_form language=&#8221;de&#8221; emailsubject=&#8221;Aufnahme Ihres Servicefalles &#8211; W\u00e4schereil\u00f6sungen Electrolux Professional&#8221; emailto=&#8221;service.els.de@electroluxprofessional.com&#8221;][\/vc_column][\/vc_row]<\/p>\n","protected":false},"author":554,"featured_media":0,"parent":4331,"menu_order":0,"comment_status":"closed","ping_status":"closed","template":"","meta":{"footnotes":""},"class_list":["post-22616","page","type-page","status-publish","hentry"],"acf":[],"yoast_head":"<!-- This site is optimized with the Yoast SEO plugin v23.3 - https:\/\/yoast.com\/wordpress\/plugins\/seo\/ -->\n<title>Aufnahme Ihres Servicefalles W\u00e4schereil\u00f6sungen - Electrolux Professional Deutschland<\/title>\n<meta name=\"description\" content=\"Wenn Sie einen Servicefall im Bereich W\u00e4schereil\u00f6sungen erteilen m\u00f6chten, f\u00fcllen Sie bitte das nachstehende Formular aus.\" \/>\n<meta name=\"robots\" content=\"index, follow, max-snippet:-1, max-image-preview:large, max-video-preview:-1\" \/>\n<link rel=\"canonical\" href=\"https:\/\/www.electroluxprofessional.com\/de\/kundenservice\/formular-servicefall-waeschereiloesungen\/\" \/>\n<meta property=\"og:locale\" content=\"de_DE\" \/>\n<meta property=\"og:type\" content=\"article\" \/>\n<meta property=\"og:title\" content=\"Aufnahme Ihres Servicefalles W\u00e4schereil\u00f6sungen - Electrolux Professional Deutschland\" \/>\n<meta property=\"og:description\" content=\"Wenn Sie einen Servicefall im Bereich W\u00e4schereil\u00f6sungen erteilen m\u00f6chten, f\u00fcllen Sie bitte das nachstehende Formular aus.\" \/>\n<meta property=\"og:url\" content=\"https:\/\/www.electroluxprofessional.com\/de\/kundenservice\/formular-servicefall-waeschereiloesungen\/\" \/>\n<meta property=\"og:site_name\" content=\"Electrolux Professional Deutschland\" \/>\n<meta property=\"article:modified_time\" content=\"2025-07-10T11:14:08+00:00\" \/>\n<meta name=\"twitter:card\" content=\"summary_large_image\" \/>\n<meta name=\"twitter:label1\" content=\"Gesch\u00e4tzte Lesezeit\" \/>\n\t<meta name=\"twitter:data1\" content=\"1 Minute\" \/>\n<script type=\"application\/ld+json\" class=\"yoast-schema-graph\">{\"@context\":\"https:\/\/schema.org\",\"@graph\":[{\"@type\":\"WebPage\",\"@id\":\"https:\/\/www.electroluxprofessional.com\/de\/kundenservice\/formular-servicefall-waeschereiloesungen\/\",\"url\":\"https:\/\/www.electroluxprofessional.com\/de\/kundenservice\/formular-servicefall-waeschereiloesungen\/\",\"name\":\"Aufnahme Ihres Servicefalles W\u00e4schereil\u00f6sungen - Electrolux Professional Deutschland\",\"isPartOf\":{\"@id\":\"https:\/\/www.electroluxprofessional.com\/de\/#website\"},\"datePublished\":\"2024-04-08T13:28:58+00:00\",\"dateModified\":\"2025-07-10T11:14:08+00:00\",\"description\":\"Wenn Sie einen Servicefall im Bereich W\u00e4schereil\u00f6sungen erteilen m\u00f6chten, f\u00fcllen Sie bitte das nachstehende Formular aus.\",\"breadcrumb\":{\"@id\":\"https:\/\/www.electroluxprofessional.com\/de\/kundenservice\/formular-servicefall-waeschereiloesungen\/#breadcrumb\"},\"inLanguage\":\"de-DE\",\"potentialAction\":[{\"@type\":\"ReadAction\",\"target\":[\"https:\/\/www.electroluxprofessional.com\/de\/kundenservice\/formular-servicefall-waeschereiloesungen\/\"]}]},{\"@type\":\"BreadcrumbList\",\"@id\":\"https:\/\/www.electroluxprofessional.com\/de\/kundenservice\/formular-servicefall-waeschereiloesungen\/#breadcrumb\",\"itemListElement\":[{\"@type\":\"ListItem\",\"position\":1,\"name\":\"Startseite\",\"item\":\"https:\/\/www.electroluxprofessional.com\/de\/\"},{\"@type\":\"ListItem\",\"position\":2,\"name\":\"Kundenservice\",\"item\":\"https:\/\/www.electroluxprofessional.com\/de\/kundenservice\/\"},{\"@type\":\"ListItem\",\"position\":3,\"name\":\"Aufnahme Ihres Servicefalles W\u00e4schereil\u00f6sungen\"}]},{\"@type\":\"WebSite\",\"@id\":\"https:\/\/www.electroluxprofessional.com\/de\/#website\",\"url\":\"https:\/\/www.electroluxprofessional.com\/de\/\",\"name\":\"Electrolux Professional Deutschland\",\"description\":\"\",\"potentialAction\":[{\"@type\":\"SearchAction\",\"target\":{\"@type\":\"EntryPoint\",\"urlTemplate\":\"https:\/\/www.electroluxprofessional.com\/de\/?src={search_term_string}\"},\"query-input\":\"required name=search_term_string\"}],\"inLanguage\":\"de-DE\"}]}<\/script>\n<!-- \/ Yoast SEO plugin. -->","yoast_head_json":{"title":"Aufnahme Ihres Servicefalles W\u00e4schereil\u00f6sungen - Electrolux Professional Deutschland","description":"Wenn Sie einen Servicefall im Bereich W\u00e4schereil\u00f6sungen erteilen m\u00f6chten, f\u00fcllen Sie bitte das nachstehende Formular aus.","robots":{"index":"index","follow":"follow","max-snippet":"max-snippet:-1","max-image-preview":"max-image-preview:large","max-video-preview":"max-video-preview:-1"},"canonical":"https:\/\/www.electroluxprofessional.com\/de\/kundenservice\/formular-servicefall-waeschereiloesungen\/","og_locale":"de_DE","og_type":"article","og_title":"Aufnahme Ihres Servicefalles W\u00e4schereil\u00f6sungen - Electrolux Professional Deutschland","og_description":"Wenn Sie einen Servicefall im Bereich W\u00e4schereil\u00f6sungen erteilen m\u00f6chten, f\u00fcllen Sie bitte das nachstehende Formular aus.","og_url":"https:\/\/www.electroluxprofessional.com\/de\/kundenservice\/formular-servicefall-waeschereiloesungen\/","og_site_name":"Electrolux Professional Deutschland","article_modified_time":"2025-07-10T11:14:08+00:00","twitter_card":"summary_large_image","twitter_misc":{"Gesch\u00e4tzte Lesezeit":"1 Minute"},"schema":{"@context":"https:\/\/schema.org","@graph":[{"@type":"WebPage","@id":"https:\/\/www.electroluxprofessional.com\/de\/kundenservice\/formular-servicefall-waeschereiloesungen\/","url":"https:\/\/www.electroluxprofessional.com\/de\/kundenservice\/formular-servicefall-waeschereiloesungen\/","name":"Aufnahme Ihres Servicefalles W\u00e4schereil\u00f6sungen - Electrolux Professional Deutschland","isPartOf":{"@id":"https:\/\/www.electroluxprofessional.com\/de\/#website"},"datePublished":"2024-04-08T13:28:58+00:00","dateModified":"2025-07-10T11:14:08+00:00","description":"Wenn Sie einen Servicefall im Bereich W\u00e4schereil\u00f6sungen erteilen m\u00f6chten, f\u00fcllen Sie bitte das nachstehende Formular aus.","breadcrumb":{"@id":"https:\/\/www.electroluxprofessional.com\/de\/kundenservice\/formular-servicefall-waeschereiloesungen\/#breadcrumb"},"inLanguage":"de-DE","potentialAction":[{"@type":"ReadAction","target":["https:\/\/www.electroluxprofessional.com\/de\/kundenservice\/formular-servicefall-waeschereiloesungen\/"]}]},{"@type":"BreadcrumbList","@id":"https:\/\/www.electroluxprofessional.com\/de\/kundenservice\/formular-servicefall-waeschereiloesungen\/#breadcrumb","itemListElement":[{"@type":"ListItem","position":1,"name":"Startseite","item":"https:\/\/www.electroluxprofessional.com\/de\/"},{"@type":"ListItem","position":2,"name":"Kundenservice","item":"https:\/\/www.electroluxprofessional.com\/de\/kundenservice\/"},{"@type":"ListItem","position":3,"name":"Aufnahme Ihres Servicefalles W\u00e4schereil\u00f6sungen"}]},{"@type":"WebSite","@id":"https:\/\/www.electroluxprofessional.com\/de\/#website","url":"https:\/\/www.electroluxprofessional.com\/de\/","name":"Electrolux Professional Deutschland","description":"","potentialAction":[{"@type":"SearchAction","target":{"@type":"EntryPoint","urlTemplate":"https:\/\/www.electroluxprofessional.com\/de\/?src={search_term_string}"},"query-input":"required name=search_term_string"}],"inLanguage":"de-DE"}]}},"_links":{"self":[{"href":"https:\/\/www.electroluxprofessional.com\/de\/wp-json\/wp\/v2\/pages\/22616"}],"collection":[{"href":"https:\/\/www.electroluxprofessional.com\/de\/wp-json\/wp\/v2\/pages"}],"about":[{"href":"https:\/\/www.electroluxprofessional.com\/de\/wp-json\/wp\/v2\/types\/page"}],"author":[{"embeddable":true,"href":"https:\/\/www.electroluxprofessional.com\/de\/wp-json\/wp\/v2\/users\/554"}],"replies":[{"embeddable":true,"href":"https:\/\/www.electroluxprofessional.com\/de\/wp-json\/wp\/v2\/comments?post=22616"}],"version-history":[{"count":3,"href":"https:\/\/www.electroluxprofessional.com\/de\/wp-json\/wp\/v2\/pages\/22616\/revisions"}],"predecessor-version":[{"id":25261,"href":"https:\/\/www.electroluxprofessional.com\/de\/wp-json\/wp\/v2\/pages\/22616\/revisions\/25261"}],"up":[{"embeddable":true,"href":"https:\/\/www.electroluxprofessional.com\/de\/wp-json\/wp\/v2\/pages\/4331"}],"wp:attachment":[{"href":"https:\/\/www.electroluxprofessional.com\/de\/wp-json\/wp\/v2\/media?parent=22616"}],"curies":[{"name":"wp","href":"https:\/\/api.w.org\/{rel}","templated":true}]}}